{"id":151501,"date":"2023-03-22T10:51:30","date_gmt":"2023-03-22T09:51:30","guid":{"rendered":"https:\/\/shop.bantam.ch\/produit\/camelbak-eddy-trinkflasche\/"},"modified":"2026-04-20T00:08:14","modified_gmt":"2026-04-19T22:08:14","slug":"camelbak-eddy-trinkflasche","status":"publish","type":"product","link":"https:\/\/shop.bantam.ch\/de\/produkt\/camelbak-eddy-trinkflasche\/","title":{"rendered":"CamelBak\u00ae Eddy+\u00ae Trinkflasche"},"content":{"rendered":"<p>0.6l<\/p>\n<p>25 % mehr Durchfluss<\/p>\n<p>Einfach aufklappen und trinken.<br \/>Auslaufsicher<br \/>Mit geschlossenem Deckel auslaufsicher. Bei<br \/>offenem Deckel kein Versch\u00fctten.<br \/>Leicht zu tragen<br \/>Zwei-Finger-Tragegriff.<br \/>Einfache Reinigung<br \/>Decken und Flasche sind Sp\u00fclmaschinen<br \/>geeignet.<br \/>Universaldeckel<br \/>Passt auf alle Flaschengr\u00f6ssen der Reihen<br \/>Chute Mag und Hot Cap.<br \/>BPA \/ BPS \/ BPF frei<\/p>\n","protected":false},"excerpt":{"rendered":"<p>0.6l 25 % mehr Durchfluss Einfach aufklappen und trinken.AuslaufsicherMit geschlossenem Deckel auslaufsicher. Beioffenem Deckel kein Versch\u00fctten.Leicht zu tragenZwei-Finger-Tragegriff.Einfache ReinigungDecken und Flasche sind Sp\u00fclmaschinengeeignet.UniversaldeckelPasst auf alle Flaschengr\u00f6ssen der ReihenChute Mag und Hot Cap.BPA \/ BPS \/ BPF frei<\/p>\n","protected":false},"featured_media":151490,"template":"","meta":{"_acf_changed":false},"product_featured_cat":[],"product_brand":[3725],"product_cat":[4330],"product_tag":[],"class_list":{"0":"post-151501","1":"product","2":"type-product","3":"status-publish","4":"has-post-thumbnail","6":"product_brand-camelbak-de","7":"product_cat-trink-wasserflaschen","9":"first","10":"instock","11":"taxable","12":"shipping-taxable","13":"purchasable","14":"product-type-variable"},"acf":[],"yoast_head":"<!-- This site is optimized with the Yoast SEO plugin v27.4 - https:\/\/yoast.com\/product\/yoast-seo-wordpress\/ -->\n<title>CamelBak\u00ae Eddy+\u00ae Trinkflasche - Bantam Camping AG<\/title>\n<meta name=\"robots\" content=\"index, follow, max-snippet:-1, max-image-preview:large, max-video-preview:-1\" \/>\n<link rel=\"canonical\" href=\"https:\/\/shop.bantam.ch\/de\/produkt\/camelbak-eddy-trinkflasche\/\" \/>\n<meta property=\"og:locale\" content=\"de_DE\" \/>\n<meta property=\"og:type\" content=\"article\" \/>\n<meta property=\"og:title\" content=\"CamelBak\u00ae Eddy+\u00ae Trinkflasche - Bantam Camping AG\" \/>\n<meta property=\"og:description\" content=\"0.6l 25 % mehr Durchfluss Einfach aufklappen und trinken.AuslaufsicherMit geschlossenem Deckel auslaufsicher. Beioffenem Deckel kein Versch\u00fctten.Leicht zu tragenZwei-Finger-Tragegriff.Einfache ReinigungDecken und Flasche sind Sp\u00fclmaschinengeeignet.UniversaldeckelPasst auf alle Flaschengr\u00f6ssen der ReihenChute Mag und Hot Cap.BPA \/ BPS \/ BPF frei\" \/>\n<meta property=\"og:url\" content=\"https:\/\/shop.bantam.ch\/de\/produkt\/camelbak-eddy-trinkflasche\/\" \/>\n<meta property=\"og:site_name\" content=\"Bantam Camping AG\" \/>\n<meta property=\"article:modified_time\" content=\"2026-04-19T22:08:14+00:00\" \/>\n<meta property=\"og:image\" content=\"https:\/\/shop.bantam.ch\/wp-content\/uploads\/2023\/03\/407-143-9060-111-1.jpg\" \/>\n\t<meta property=\"og:image:width\" content=\"1080\" \/>\n\t<meta property=\"og:image:height\" content=\"1080\" \/>\n\t<meta property=\"og:image:type\" content=\"image\/jpeg\" \/>\n<meta name=\"twitter:card\" content=\"summary_large_image\" \/>\n<script type=\"application\/ld+json\" class=\"yoast-schema-graph\">{\"@context\":\"https:\\\/\\\/schema.org\",\"@graph\":[{\"@type\":\"WebPage\",\"@id\":\"https:\\\/\\\/shop.bantam.ch\\\/de\\\/produkt\\\/camelbak-eddy-trinkflasche\\\/\",\"url\":\"https:\\\/\\\/shop.bantam.ch\\\/de\\\/produkt\\\/camelbak-eddy-trinkflasche\\\/\",\"name\":\"CamelBak\u00ae Eddy+\u00ae Trinkflasche - Bantam Camping AG\",\"isPartOf\":{\"@id\":\"https:\\\/\\\/shop.bantam.ch\\\/de\\\/#website\"},\"primaryImageOfPage\":{\"@id\":\"https:\\\/\\\/shop.bantam.ch\\\/de\\\/produkt\\\/camelbak-eddy-trinkflasche\\\/#primaryimage\"},\"image\":{\"@id\":\"https:\\\/\\\/shop.bantam.ch\\\/de\\\/produkt\\\/camelbak-eddy-trinkflasche\\\/#primaryimage\"},\"thumbnailUrl\":\"https:\\\/\\\/shop.bantam.ch\\\/wp-content\\\/uploads\\\/2023\\\/03\\\/407-143-9060-111-1.jpg\",\"datePublished\":\"2023-03-22T09:51:30+00:00\",\"dateModified\":\"2026-04-19T22:08:14+00:00\",\"breadcrumb\":{\"@id\":\"https:\\\/\\\/shop.bantam.ch\\\/de\\\/produkt\\\/camelbak-eddy-trinkflasche\\\/#breadcrumb\"},\"inLanguage\":\"de\",\"potentialAction\":[{\"@type\":\"ReadAction\",\"target\":[\"https:\\\/\\\/shop.bantam.ch\\\/de\\\/produkt\\\/camelbak-eddy-trinkflasche\\\/\"]}]},{\"@type\":\"ImageObject\",\"inLanguage\":\"de\",\"@id\":\"https:\\\/\\\/shop.bantam.ch\\\/de\\\/produkt\\\/camelbak-eddy-trinkflasche\\\/#primaryimage\",\"url\":\"https:\\\/\\\/shop.bantam.ch\\\/wp-content\\\/uploads\\\/2023\\\/03\\\/407-143-9060-111-1.jpg\",\"contentUrl\":\"https:\\\/\\\/shop.bantam.ch\\\/wp-content\\\/uploads\\\/2023\\\/03\\\/407-143-9060-111-1.jpg\",\"width\":1080,\"height\":1080},{\"@type\":\"BreadcrumbList\",\"@id\":\"https:\\\/\\\/shop.bantam.ch\\\/de\\\/produkt\\\/camelbak-eddy-trinkflasche\\\/#breadcrumb\",\"itemListElement\":[{\"@type\":\"ListItem\",\"position\":1,\"name\":\"Accueil\",\"item\":\"https:\\\/\\\/shop.bantam.ch\\\/de\\\/\"},{\"@type\":\"ListItem\",\"position\":2,\"name\":\"Shop\",\"item\":\"https:\\\/\\\/shop.bantam.ch\\\/de\\\/shop\\\/\"},{\"@type\":\"ListItem\",\"position\":3,\"name\":\"CamelBak\u00ae Eddy+\u00ae Trinkflasche\"}]},{\"@type\":\"WebSite\",\"@id\":\"https:\\\/\\\/shop.bantam.ch\\\/de\\\/#website\",\"url\":\"https:\\\/\\\/shop.bantam.ch\\\/de\\\/\",\"name\":\"Bantam Camping AG\",\"description\":\"\",\"publisher\":{\"@id\":\"https:\\\/\\\/shop.bantam.ch\\\/de\\\/#organization\"},\"inLanguage\":\"de\"},{\"@type\":\"Organization\",\"@id\":\"https:\\\/\\\/shop.bantam.ch\\\/de\\\/#organization\",\"name\":\"Bantam Camping AG\",\"url\":\"https:\\\/\\\/shop.bantam.ch\\\/de\\\/\",\"logo\":{\"@type\":\"ImageObject\",\"inLanguage\":\"de\",\"@id\":\"https:\\\/\\\/shop.bantam.ch\\\/de\\\/#\\\/schema\\\/logo\\\/image\\\/\",\"url\":\"https:\\\/\\\/shop.bantam.ch\\\/wp-content\\\/uploads\\\/2022\\\/12\\\/bantam-logo.png\",\"contentUrl\":\"https:\\\/\\\/shop.bantam.ch\\\/wp-content\\\/uploads\\\/2022\\\/12\\\/bantam-logo.png\",\"width\":320,\"height\":71,\"caption\":\"Bantam Camping AG\"},\"image\":{\"@id\":\"https:\\\/\\\/shop.bantam.ch\\\/de\\\/#\\\/schema\\\/logo\\\/image\\\/\"}}]}<\/script>\n<!-- \/ Yoast SEO plugin. -->","yoast_head_json":{"title":"CamelBak\u00ae Eddy+\u00ae Trinkflasche - Bantam Camping AG","robots":{"index":"index","follow":"follow","max-snippet":"max-snippet:-1","max-image-preview":"max-image-preview:large","max-video-preview":"max-video-preview:-1"},"canonical":"https:\/\/shop.bantam.ch\/de\/produkt\/camelbak-eddy-trinkflasche\/","og_locale":"de_DE","og_type":"article","og_title":"CamelBak\u00ae Eddy+\u00ae Trinkflasche - Bantam Camping AG","og_description":"0.6l 25 % mehr Durchfluss Einfach aufklappen und trinken.AuslaufsicherMit geschlossenem Deckel auslaufsicher. Beioffenem Deckel kein Versch\u00fctten.Leicht zu tragenZwei-Finger-Tragegriff.Einfache ReinigungDecken und Flasche sind Sp\u00fclmaschinengeeignet.UniversaldeckelPasst auf alle Flaschengr\u00f6ssen der ReihenChute Mag und Hot Cap.BPA \/ BPS \/ BPF frei","og_url":"https:\/\/shop.bantam.ch\/de\/produkt\/camelbak-eddy-trinkflasche\/","og_site_name":"Bantam Camping AG","article_modified_time":"2026-04-19T22:08:14+00:00","og_image":[{"width":1080,"height":1080,"url":"https:\/\/shop.bantam.ch\/wp-content\/uploads\/2023\/03\/407-143-9060-111-1.jpg","type":"image\/jpeg"}],"twitter_card":"summary_large_image","schema":{"@context":"https:\/\/schema.org","@graph":[{"@type":"WebPage","@id":"https:\/\/shop.bantam.ch\/de\/produkt\/camelbak-eddy-trinkflasche\/","url":"https:\/\/shop.bantam.ch\/de\/produkt\/camelbak-eddy-trinkflasche\/","name":"CamelBak\u00ae Eddy+\u00ae Trinkflasche - Bantam Camping AG","isPartOf":{"@id":"https:\/\/shop.bantam.ch\/de\/#website"},"primaryImageOfPage":{"@id":"https:\/\/shop.bantam.ch\/de\/produkt\/camelbak-eddy-trinkflasche\/#primaryimage"},"image":{"@id":"https:\/\/shop.bantam.ch\/de\/produkt\/camelbak-eddy-trinkflasche\/#primaryimage"},"thumbnailUrl":"https:\/\/shop.bantam.ch\/wp-content\/uploads\/2023\/03\/407-143-9060-111-1.jpg","datePublished":"2023-03-22T09:51:30+00:00","dateModified":"2026-04-19T22:08:14+00:00","breadcrumb":{"@id":"https:\/\/shop.bantam.ch\/de\/produkt\/camelbak-eddy-trinkflasche\/#breadcrumb"},"inLanguage":"de","potentialAction":[{"@type":"ReadAction","target":["https:\/\/shop.bantam.ch\/de\/produkt\/camelbak-eddy-trinkflasche\/"]}]},{"@type":"ImageObject","inLanguage":"de","@id":"https:\/\/shop.bantam.ch\/de\/produkt\/camelbak-eddy-trinkflasche\/#primaryimage","url":"https:\/\/shop.bantam.ch\/wp-content\/uploads\/2023\/03\/407-143-9060-111-1.jpg","contentUrl":"https:\/\/shop.bantam.ch\/wp-content\/uploads\/2023\/03\/407-143-9060-111-1.jpg","width":1080,"height":1080},{"@type":"BreadcrumbList","@id":"https:\/\/shop.bantam.ch\/de\/produkt\/camelbak-eddy-trinkflasche\/#breadcrumb","itemListElement":[{"@type":"ListItem","position":1,"name":"Accueil","item":"https:\/\/shop.bantam.ch\/de\/"},{"@type":"ListItem","position":2,"name":"Shop","item":"https:\/\/shop.bantam.ch\/de\/shop\/"},{"@type":"ListItem","position":3,"name":"CamelBak\u00ae Eddy+\u00ae Trinkflasche"}]},{"@type":"WebSite","@id":"https:\/\/shop.bantam.ch\/de\/#website","url":"https:\/\/shop.bantam.ch\/de\/","name":"Bantam Camping AG","description":"","publisher":{"@id":"https:\/\/shop.bantam.ch\/de\/#organization"},"inLanguage":"de"},{"@type":"Organization","@id":"https:\/\/shop.bantam.ch\/de\/#organization","name":"Bantam Camping AG","url":"https:\/\/shop.bantam.ch\/de\/","logo":{"@type":"ImageObject","inLanguage":"de","@id":"https:\/\/shop.bantam.ch\/de\/#\/schema\/logo\/image\/","url":"https:\/\/shop.bantam.ch\/wp-content\/uploads\/2022\/12\/bantam-logo.png","contentUrl":"https:\/\/shop.bantam.ch\/wp-content\/uploads\/2022\/12\/bantam-logo.png","width":320,"height":71,"caption":"Bantam Camping AG"},"image":{"@id":"https:\/\/shop.bantam.ch\/de\/#\/schema\/logo\/image\/"}}]}},"_links":{"self":[{"href":"https:\/\/shop.bantam.ch\/de\/wp-json\/wp\/v2\/product\/151501","targetHints":{"allow":["GET"]}}],"collection":[{"href":"https:\/\/shop.bantam.ch\/de\/wp-json\/wp\/v2\/product"}],"about":[{"href":"https:\/\/shop.bantam.ch\/de\/wp-json\/wp\/v2\/types\/product"}],"wp:featuredmedia":[{"embeddable":true,"href":"https:\/\/shop.bantam.ch\/de\/wp-json\/wp\/v2\/media\/151490"}],"wp:attachment":[{"href":"https:\/\/shop.bantam.ch\/de\/wp-json\/wp\/v2\/media?parent=151501"}],"wp:term":[{"taxonomy":"product_featured_cat","embeddable":true,"href":"https:\/\/shop.bantam.ch\/de\/wp-json\/wp\/v2\/product_featured_cat?post=151501"},{"taxonomy":"product_brand","embeddable":true,"href":"https:\/\/shop.bantam.ch\/de\/wp-json\/wp\/v2\/product_brand?post=151501"},{"taxonomy":"product_cat","embeddable":true,"href":"https:\/\/shop.bantam.ch\/de\/wp-json\/wp\/v2\/product_cat?post=151501"},{"taxonomy":"product_tag","embeddable":true,"href":"https:\/\/shop.bantam.ch\/de\/wp-json\/wp\/v2\/product_tag?post=151501"}],"curies":[{"name":"wp","href":"https:\/\/api.w.org\/{rel}","templated":true}]}}