{"id":151263,"date":"2023-03-21T11:11:41","date_gmt":"2023-03-21T10:11:41","guid":{"rendered":"https:\/\/shop.bantam.ch\/produit\/marble-geschirrset-16-teillig\/"},"modified":"2026-04-20T22:09:17","modified_gmt":"2026-04-20T20:09:17","slug":"marble-geschirrset-16-teillig","status":"publish","type":"product","link":"https:\/\/shop.bantam.ch\/de\/produkt\/marble-geschirrset-16-teillig\/","title":{"rendered":"Marble Geschirrset, 16 Teillig"},"content":{"rendered":"<p>Geschirr-Set 16-tlg. aus 100 % Melamin mit originellem, trendigem Marmordruck. Die stabile Melaminqualit\u00e4t, das originelle Marmordesign und die moderne Form der Teller verleihen dem Set ein hochwertiges Erscheinungsbild. Nicht nur zum Campen sondern auch im Garten geeignet!<br \/>\nSp\u00fclmaschinenfest (nicht f\u00fcr die Mikrowelle geeignet).<\/p>\n<ul>\n<li>4 x Speiseteller, \u00d827\u00d71,5cm, 292 gr.<\/li>\n<li>4 4 x Fr\u00fchst\u00fccksteller, \u00d820\u00d71,5cm, 200 gr.<\/li>\n<li>4 x Schale, \u00d814,5\u00d76,5cm, 175 gr.<\/li>\n<li>4 x Tasse, \u00d88,5x9cm, 120 gr. \/ 300ml.<\/li>\n<\/ul>\n","protected":false},"excerpt":{"rendered":"<p>Geschirr-Set 16-tlg. aus 100 % Melamin mit originellem, trendigem Marmordruck. Die stabile Melaminqualit\u00e4t, das originelle Marmordesign und die moderne Form der Teller verleihen dem Set ein hochwertiges Erscheinungsbild. Nicht nur zum Campen sondern auch im Garten geeignet! Sp\u00fclmaschinenfest (nicht f\u00fcr die Mikrowelle geeignet). 4 x Speiseteller, \u00d827\u00d71,5cm, 292 gr. 4 4 x Fr\u00fchst\u00fccksteller, \u00d820\u00d71,5cm, 200 [&hellip;]<\/p>\n","protected":false},"featured_media":151259,"template":"","meta":{"_acf_changed":false},"product_featured_cat":[],"product_brand":[3075],"product_cat":[4274],"product_tag":[],"class_list":{"0":"post-151263","1":"product","2":"type-product","3":"status-publish","4":"has-post-thumbnail","6":"product_brand-eurotrail-de","7":"product_cat-geschirrsets","9":"first","10":"instock","11":"taxable","12":"shipping-taxable","13":"purchasable","14":"product-type-simple"},"acf":[],"yoast_head":"<!-- This site is optimized with the Yoast SEO plugin v27.4 - https:\/\/yoast.com\/product\/yoast-seo-wordpress\/ -->\n<title>Marble Geschirrset, 16 Teillig - Bantam Camping AG<\/title>\n<meta name=\"robots\" content=\"index, follow, max-snippet:-1, max-image-preview:large, max-video-preview:-1\" \/>\n<link rel=\"canonical\" href=\"https:\/\/shop.bantam.ch\/de\/produkt\/marble-geschirrset-16-teillig\/\" \/>\n<meta property=\"og:locale\" content=\"de_DE\" \/>\n<meta property=\"og:type\" content=\"article\" \/>\n<meta property=\"og:title\" content=\"Marble Geschirrset, 16 Teillig - Bantam Camping AG\" \/>\n<meta property=\"og:description\" content=\"Geschirr-Set 16-tlg. aus 100 % Melamin mit originellem, trendigem Marmordruck. Die stabile Melaminqualit\u00e4t, das originelle Marmordesign und die moderne Form der Teller verleihen dem Set ein hochwertiges Erscheinungsbild. Nicht nur zum Campen sondern auch im Garten geeignet! Sp\u00fclmaschinenfest (nicht f\u00fcr die Mikrowelle geeignet). 4 x Speiseteller, \u00d827\u00d71,5cm, 292 gr. 4 4 x Fr\u00fchst\u00fccksteller, \u00d820\u00d71,5cm, 200 [&hellip;]\" \/>\n<meta property=\"og:url\" content=\"https:\/\/shop.bantam.ch\/de\/produkt\/marble-geschirrset-16-teillig\/\" \/>\n<meta property=\"og:site_name\" content=\"Bantam Camping AG\" \/>\n<meta property=\"article:modified_time\" content=\"2026-04-20T20:09:17+00:00\" \/>\n<meta property=\"og:image\" content=\"https:\/\/shop.bantam.ch\/wp-content\/uploads\/2023\/03\/766230021.jpg\" \/>\n\t<meta property=\"og:image:width\" content=\"407\" \/>\n\t<meta property=\"og:image:height\" content=\"492\" \/>\n\t<meta property=\"og:image:type\" content=\"image\/jpeg\" \/>\n<meta name=\"twitter:card\" content=\"summary_large_image\" \/>\n<script type=\"application\/ld+json\" class=\"yoast-schema-graph\">{\"@context\":\"https:\\\/\\\/schema.org\",\"@graph\":[{\"@type\":\"WebPage\",\"@id\":\"https:\\\/\\\/shop.bantam.ch\\\/de\\\/produkt\\\/marble-geschirrset-16-teillig\\\/\",\"url\":\"https:\\\/\\\/shop.bantam.ch\\\/de\\\/produkt\\\/marble-geschirrset-16-teillig\\\/\",\"name\":\"Marble Geschirrset, 16 Teillig - Bantam Camping AG\",\"isPartOf\":{\"@id\":\"https:\\\/\\\/shop.bantam.ch\\\/de\\\/#website\"},\"primaryImageOfPage\":{\"@id\":\"https:\\\/\\\/shop.bantam.ch\\\/de\\\/produkt\\\/marble-geschirrset-16-teillig\\\/#primaryimage\"},\"image\":{\"@id\":\"https:\\\/\\\/shop.bantam.ch\\\/de\\\/produkt\\\/marble-geschirrset-16-teillig\\\/#primaryimage\"},\"thumbnailUrl\":\"https:\\\/\\\/shop.bantam.ch\\\/wp-content\\\/uploads\\\/2023\\\/03\\\/766230021.jpg\",\"datePublished\":\"2023-03-21T10:11:41+00:00\",\"dateModified\":\"2026-04-20T20:09:17+00:00\",\"breadcrumb\":{\"@id\":\"https:\\\/\\\/shop.bantam.ch\\\/de\\\/produkt\\\/marble-geschirrset-16-teillig\\\/#breadcrumb\"},\"inLanguage\":\"de\",\"potentialAction\":[{\"@type\":\"ReadAction\",\"target\":[\"https:\\\/\\\/shop.bantam.ch\\\/de\\\/produkt\\\/marble-geschirrset-16-teillig\\\/\"]}]},{\"@type\":\"ImageObject\",\"inLanguage\":\"de\",\"@id\":\"https:\\\/\\\/shop.bantam.ch\\\/de\\\/produkt\\\/marble-geschirrset-16-teillig\\\/#primaryimage\",\"url\":\"https:\\\/\\\/shop.bantam.ch\\\/wp-content\\\/uploads\\\/2023\\\/03\\\/766230021.jpg\",\"contentUrl\":\"https:\\\/\\\/shop.bantam.ch\\\/wp-content\\\/uploads\\\/2023\\\/03\\\/766230021.jpg\",\"width\":407,\"height\":492},{\"@type\":\"BreadcrumbList\",\"@id\":\"https:\\\/\\\/shop.bantam.ch\\\/de\\\/produkt\\\/marble-geschirrset-16-teillig\\\/#breadcrumb\",\"itemListElement\":[{\"@type\":\"ListItem\",\"position\":1,\"name\":\"Accueil\",\"item\":\"https:\\\/\\\/shop.bantam.ch\\\/de\\\/\"},{\"@type\":\"ListItem\",\"position\":2,\"name\":\"Shop\",\"item\":\"https:\\\/\\\/shop.bantam.ch\\\/de\\\/shop\\\/\"},{\"@type\":\"ListItem\",\"position\":3,\"name\":\"Marble Geschirrset, 16 Teillig\"}]},{\"@type\":\"WebSite\",\"@id\":\"https:\\\/\\\/shop.bantam.ch\\\/de\\\/#website\",\"url\":\"https:\\\/\\\/shop.bantam.ch\\\/de\\\/\",\"name\":\"Bantam Camping AG\",\"description\":\"\",\"publisher\":{\"@id\":\"https:\\\/\\\/shop.bantam.ch\\\/de\\\/#organization\"},\"inLanguage\":\"de\"},{\"@type\":\"Organization\",\"@id\":\"https:\\\/\\\/shop.bantam.ch\\\/de\\\/#organization\",\"name\":\"Bantam Camping AG\",\"url\":\"https:\\\/\\\/shop.bantam.ch\\\/de\\\/\",\"logo\":{\"@type\":\"ImageObject\",\"inLanguage\":\"de\",\"@id\":\"https:\\\/\\\/shop.bantam.ch\\\/de\\\/#\\\/schema\\\/logo\\\/image\\\/\",\"url\":\"https:\\\/\\\/shop.bantam.ch\\\/wp-content\\\/uploads\\\/2022\\\/12\\\/bantam-logo.png\",\"contentUrl\":\"https:\\\/\\\/shop.bantam.ch\\\/wp-content\\\/uploads\\\/2022\\\/12\\\/bantam-logo.png\",\"width\":320,\"height\":71,\"caption\":\"Bantam Camping AG\"},\"image\":{\"@id\":\"https:\\\/\\\/shop.bantam.ch\\\/de\\\/#\\\/schema\\\/logo\\\/image\\\/\"}}]}<\/script>\n<!-- \/ Yoast SEO plugin. -->","yoast_head_json":{"title":"Marble Geschirrset, 16 Teillig - Bantam Camping AG","robots":{"index":"index","follow":"follow","max-snippet":"max-snippet:-1","max-image-preview":"max-image-preview:large","max-video-preview":"max-video-preview:-1"},"canonical":"https:\/\/shop.bantam.ch\/de\/produkt\/marble-geschirrset-16-teillig\/","og_locale":"de_DE","og_type":"article","og_title":"Marble Geschirrset, 16 Teillig - Bantam Camping AG","og_description":"Geschirr-Set 16-tlg. aus 100 % Melamin mit originellem, trendigem Marmordruck. Die stabile Melaminqualit\u00e4t, das originelle Marmordesign und die moderne Form der Teller verleihen dem Set ein hochwertiges Erscheinungsbild. Nicht nur zum Campen sondern auch im Garten geeignet! Sp\u00fclmaschinenfest (nicht f\u00fcr die Mikrowelle geeignet). 4 x Speiseteller, \u00d827\u00d71,5cm, 292 gr. 4 4 x Fr\u00fchst\u00fccksteller, \u00d820\u00d71,5cm, 200 [&hellip;]","og_url":"https:\/\/shop.bantam.ch\/de\/produkt\/marble-geschirrset-16-teillig\/","og_site_name":"Bantam Camping AG","article_modified_time":"2026-04-20T20:09:17+00:00","og_image":[{"width":407,"height":492,"url":"https:\/\/shop.bantam.ch\/wp-content\/uploads\/2023\/03\/766230021.jpg","type":"image\/jpeg"}],"twitter_card":"summary_large_image","schema":{"@context":"https:\/\/schema.org","@graph":[{"@type":"WebPage","@id":"https:\/\/shop.bantam.ch\/de\/produkt\/marble-geschirrset-16-teillig\/","url":"https:\/\/shop.bantam.ch\/de\/produkt\/marble-geschirrset-16-teillig\/","name":"Marble Geschirrset, 16 Teillig - Bantam Camping AG","isPartOf":{"@id":"https:\/\/shop.bantam.ch\/de\/#website"},"primaryImageOfPage":{"@id":"https:\/\/shop.bantam.ch\/de\/produkt\/marble-geschirrset-16-teillig\/#primaryimage"},"image":{"@id":"https:\/\/shop.bantam.ch\/de\/produkt\/marble-geschirrset-16-teillig\/#primaryimage"},"thumbnailUrl":"https:\/\/shop.bantam.ch\/wp-content\/uploads\/2023\/03\/766230021.jpg","datePublished":"2023-03-21T10:11:41+00:00","dateModified":"2026-04-20T20:09:17+00:00","breadcrumb":{"@id":"https:\/\/shop.bantam.ch\/de\/produkt\/marble-geschirrset-16-teillig\/#breadcrumb"},"inLanguage":"de","potentialAction":[{"@type":"ReadAction","target":["https:\/\/shop.bantam.ch\/de\/produkt\/marble-geschirrset-16-teillig\/"]}]},{"@type":"ImageObject","inLanguage":"de","@id":"https:\/\/shop.bantam.ch\/de\/produkt\/marble-geschirrset-16-teillig\/#primaryimage","url":"https:\/\/shop.bantam.ch\/wp-content\/uploads\/2023\/03\/766230021.jpg","contentUrl":"https:\/\/shop.bantam.ch\/wp-content\/uploads\/2023\/03\/766230021.jpg","width":407,"height":492},{"@type":"BreadcrumbList","@id":"https:\/\/shop.bantam.ch\/de\/produkt\/marble-geschirrset-16-teillig\/#breadcrumb","itemListElement":[{"@type":"ListItem","position":1,"name":"Accueil","item":"https:\/\/shop.bantam.ch\/de\/"},{"@type":"ListItem","position":2,"name":"Shop","item":"https:\/\/shop.bantam.ch\/de\/shop\/"},{"@type":"ListItem","position":3,"name":"Marble Geschirrset, 16 Teillig"}]},{"@type":"WebSite","@id":"https:\/\/shop.bantam.ch\/de\/#website","url":"https:\/\/shop.bantam.ch\/de\/","name":"Bantam Camping AG","description":"","publisher":{"@id":"https:\/\/shop.bantam.ch\/de\/#organization"},"inLanguage":"de"},{"@type":"Organization","@id":"https:\/\/shop.bantam.ch\/de\/#organization","name":"Bantam Camping AG","url":"https:\/\/shop.bantam.ch\/de\/","logo":{"@type":"ImageObject","inLanguage":"de","@id":"https:\/\/shop.bantam.ch\/de\/#\/schema\/logo\/image\/","url":"https:\/\/shop.bantam.ch\/wp-content\/uploads\/2022\/12\/bantam-logo.png","contentUrl":"https:\/\/shop.bantam.ch\/wp-content\/uploads\/2022\/12\/bantam-logo.png","width":320,"height":71,"caption":"Bantam Camping AG"},"image":{"@id":"https:\/\/shop.bantam.ch\/de\/#\/schema\/logo\/image\/"}}]}},"_links":{"self":[{"href":"https:\/\/shop.bantam.ch\/de\/wp-json\/wp\/v2\/product\/151263","targetHints":{"allow":["GET"]}}],"collection":[{"href":"https:\/\/shop.bantam.ch\/de\/wp-json\/wp\/v2\/product"}],"about":[{"href":"https:\/\/shop.bantam.ch\/de\/wp-json\/wp\/v2\/types\/product"}],"wp:featuredmedia":[{"embeddable":true,"href":"https:\/\/shop.bantam.ch\/de\/wp-json\/wp\/v2\/media\/151259"}],"wp:attachment":[{"href":"https:\/\/shop.bantam.ch\/de\/wp-json\/wp\/v2\/media?parent=151263"}],"wp:term":[{"taxonomy":"product_featured_cat","embeddable":true,"href":"https:\/\/shop.bantam.ch\/de\/wp-json\/wp\/v2\/product_featured_cat?post=151263"},{"taxonomy":"product_brand","embeddable":true,"href":"https:\/\/shop.bantam.ch\/de\/wp-json\/wp\/v2\/product_brand?post=151263"},{"taxonomy":"product_cat","embeddable":true,"href":"https:\/\/shop.bantam.ch\/de\/wp-json\/wp\/v2\/product_cat?post=151263"},{"taxonomy":"product_tag","embeddable":true,"href":"https:\/\/shop.bantam.ch\/de\/wp-json\/wp\/v2\/product_tag?post=151263"}],"curies":[{"name":"wp","href":"https:\/\/api.w.org\/{rel}","templated":true}]}}