{"id":151021,"date":"2023-03-17T15:02:25","date_gmt":"2023-03-17T14:02:25","guid":{"rendered":"https:\/\/shop.bantam.ch\/produit\/hydra-schleuse-wesfield\/"},"modified":"2026-04-19T00:01:25","modified_gmt":"2026-04-18T22:01:25","slug":"hydra-schleuse-wesfield","status":"publish","type":"product","link":"https:\/\/shop.bantam.ch\/de\/produkt\/hydra-schleuse-wesfield\/","title":{"rendered":"Hydra Schleuse Wesfield"},"content":{"rendered":"<p>Das Luftvorzelt HYDRA f\u00fcr Bus oder Kastenwagen bietet durch seine ver\u00e4nderte Front-Luftschlauch-Form eine optimale Fl\u00e4chennutzung. Somit erreichen wir eine vollwertige Nutzung der Grundfl\u00e4che und eine optimale Stehh\u00f6he im gesamten Dachbereich. Ein weiterer Vorteil ist, dass ein geringes Gewicht in der Markise eingezogen werden muss. Ebenfalls haben wir L\u00fcftungsklappen unter den Fenstern angebracht. Diese dienen zur perfekten Bel\u00fcftung Ihres Wohnmobil Vorzelt. Dank des Air-Erect-Systems sind die zwei Luftkammern in kurzer Zeit aufgepumpt, dies erm\u00f6glicht einen schnellen Auf- und Abbau. Eine inklusive Bodenwanne Bodenwanne bietet maximale Flexibilit\u00e4t, und kann mit einen Klett in dem Zelt angebracht werden.<\/p>\n<p class=\"MsoNormal\"><span lang=\"FR\">\u00a0<\/span><\/p>\n<p>\u00a0<\/p>\n","protected":false},"excerpt":{"rendered":"<p>Das Luftvorzelt HYDRA f\u00fcr Bus oder Kastenwagen bietet durch seine ver\u00e4nderte Front-Luftschlauch-Form eine optimale Fl\u00e4chennutzung. Somit erreichen wir eine vollwertige Nutzung der Grundfl\u00e4che und eine optimale Stehh\u00f6he im gesamten Dachbereich. Ein weiterer Vorteil ist, dass ein geringes Gewicht in der Markise eingezogen werden muss. Ebenfalls haben wir L\u00fcftungsklappen unter den Fenstern angebracht. Diese dienen zur [&hellip;]<\/p>\n","protected":false},"featured_media":151014,"template":"","meta":{"_acf_changed":false},"product_featured_cat":[5301,5302],"product_brand":[3689],"product_cat":[4248],"product_tag":[],"class_list":{"0":"post-151021","1":"product","2":"type-product","3":"status-publish","4":"has-post-thumbnail","6":"product_featured_cat-promotions-etagnieres-fr","7":"product_featured_cat-sonderangebote-hindelbank-urdorf","8":"product_brand-westfield-de","9":"product_cat-vorzelte-zelte","11":"first","12":"instock","13":"sale","14":"taxable","15":"shipping-taxable","16":"purchasable","17":"product-type-variable"},"acf":[],"yoast_head":"<!-- This site is optimized with the Yoast SEO plugin v27.4 - https:\/\/yoast.com\/product\/yoast-seo-wordpress\/ -->\n<title>Hydra Schleuse Wesfield - Bantam Camping AG<\/title>\n<meta name=\"robots\" content=\"index, follow, max-snippet:-1, max-image-preview:large, max-video-preview:-1\" \/>\n<link rel=\"canonical\" href=\"https:\/\/shop.bantam.ch\/de\/produkt\/hydra-schleuse-wesfield\/\" \/>\n<meta property=\"og:locale\" content=\"de_DE\" \/>\n<meta property=\"og:type\" content=\"article\" \/>\n<meta property=\"og:title\" content=\"Hydra Schleuse Wesfield - Bantam Camping AG\" \/>\n<meta property=\"og:description\" content=\"Das Luftvorzelt HYDRA f\u00fcr Bus oder Kastenwagen bietet durch seine ver\u00e4nderte Front-Luftschlauch-Form eine optimale Fl\u00e4chennutzung. Somit erreichen wir eine vollwertige Nutzung der Grundfl\u00e4che und eine optimale Stehh\u00f6he im gesamten Dachbereich. Ein weiterer Vorteil ist, dass ein geringes Gewicht in der Markise eingezogen werden muss. Ebenfalls haben wir L\u00fcftungsklappen unter den Fenstern angebracht. Diese dienen zur [&hellip;]\" \/>\n<meta property=\"og:url\" content=\"https:\/\/shop.bantam.ch\/de\/produkt\/hydra-schleuse-wesfield\/\" \/>\n<meta property=\"og:site_name\" content=\"Bantam Camping AG\" \/>\n<meta property=\"article:modified_time\" content=\"2026-04-18T22:01:25+00:00\" \/>\n<meta property=\"og:image\" content=\"https:\/\/shop.bantam.ch\/wp-content\/uploads\/2023\/03\/Hydra-d-s-42122036-schleuse-1-scaled.jpg\" \/>\n\t<meta property=\"og:image:width\" content=\"1685\" \/>\n\t<meta property=\"og:image:height\" content=\"3000\" \/>\n\t<meta property=\"og:image:type\" content=\"image\/jpeg\" \/>\n<meta name=\"twitter:card\" content=\"summary_large_image\" \/>\n<meta name=\"twitter:label1\" content=\"Gesch\u00e4tzte Lesezeit\" \/>\n\t<meta name=\"twitter:data1\" content=\"1\u00a0Minute\" \/>\n<script type=\"application\/ld+json\" class=\"yoast-schema-graph\">{\"@context\":\"https:\\\/\\\/schema.org\",\"@graph\":[{\"@type\":\"WebPage\",\"@id\":\"https:\\\/\\\/shop.bantam.ch\\\/de\\\/produkt\\\/hydra-schleuse-wesfield\\\/\",\"url\":\"https:\\\/\\\/shop.bantam.ch\\\/de\\\/produkt\\\/hydra-schleuse-wesfield\\\/\",\"name\":\"Hydra Schleuse Wesfield - Bantam Camping AG\",\"isPartOf\":{\"@id\":\"https:\\\/\\\/shop.bantam.ch\\\/de\\\/#website\"},\"primaryImageOfPage\":{\"@id\":\"https:\\\/\\\/shop.bantam.ch\\\/de\\\/produkt\\\/hydra-schleuse-wesfield\\\/#primaryimage\"},\"image\":{\"@id\":\"https:\\\/\\\/shop.bantam.ch\\\/de\\\/produkt\\\/hydra-schleuse-wesfield\\\/#primaryimage\"},\"thumbnailUrl\":\"https:\\\/\\\/shop.bantam.ch\\\/wp-content\\\/uploads\\\/2023\\\/03\\\/Hydra-d-s-42122036-schleuse-1-scaled.jpg\",\"datePublished\":\"2023-03-17T14:02:25+00:00\",\"dateModified\":\"2026-04-18T22:01:25+00:00\",\"breadcrumb\":{\"@id\":\"https:\\\/\\\/shop.bantam.ch\\\/de\\\/produkt\\\/hydra-schleuse-wesfield\\\/#breadcrumb\"},\"inLanguage\":\"de\",\"potentialAction\":[{\"@type\":\"ReadAction\",\"target\":[\"https:\\\/\\\/shop.bantam.ch\\\/de\\\/produkt\\\/hydra-schleuse-wesfield\\\/\"]}]},{\"@type\":\"ImageObject\",\"inLanguage\":\"de\",\"@id\":\"https:\\\/\\\/shop.bantam.ch\\\/de\\\/produkt\\\/hydra-schleuse-wesfield\\\/#primaryimage\",\"url\":\"https:\\\/\\\/shop.bantam.ch\\\/wp-content\\\/uploads\\\/2023\\\/03\\\/Hydra-d-s-42122036-schleuse-1-scaled.jpg\",\"contentUrl\":\"https:\\\/\\\/shop.bantam.ch\\\/wp-content\\\/uploads\\\/2023\\\/03\\\/Hydra-d-s-42122036-schleuse-1-scaled.jpg\",\"width\":1150,\"height\":2048},{\"@type\":\"BreadcrumbList\",\"@id\":\"https:\\\/\\\/shop.bantam.ch\\\/de\\\/produkt\\\/hydra-schleuse-wesfield\\\/#breadcrumb\",\"itemListElement\":[{\"@type\":\"ListItem\",\"position\":1,\"name\":\"Accueil\",\"item\":\"https:\\\/\\\/shop.bantam.ch\\\/de\\\/\"},{\"@type\":\"ListItem\",\"position\":2,\"name\":\"Shop\",\"item\":\"https:\\\/\\\/shop.bantam.ch\\\/de\\\/shop\\\/\"},{\"@type\":\"ListItem\",\"position\":3,\"name\":\"Hydra Schleuse Wesfield\"}]},{\"@type\":\"WebSite\",\"@id\":\"https:\\\/\\\/shop.bantam.ch\\\/de\\\/#website\",\"url\":\"https:\\\/\\\/shop.bantam.ch\\\/de\\\/\",\"name\":\"Bantam Camping AG\",\"description\":\"\",\"publisher\":{\"@id\":\"https:\\\/\\\/shop.bantam.ch\\\/de\\\/#organization\"},\"inLanguage\":\"de\"},{\"@type\":\"Organization\",\"@id\":\"https:\\\/\\\/shop.bantam.ch\\\/de\\\/#organization\",\"name\":\"Bantam Camping AG\",\"url\":\"https:\\\/\\\/shop.bantam.ch\\\/de\\\/\",\"logo\":{\"@type\":\"ImageObject\",\"inLanguage\":\"de\",\"@id\":\"https:\\\/\\\/shop.bantam.ch\\\/de\\\/#\\\/schema\\\/logo\\\/image\\\/\",\"url\":\"https:\\\/\\\/shop.bantam.ch\\\/wp-content\\\/uploads\\\/2022\\\/12\\\/bantam-logo.png\",\"contentUrl\":\"https:\\\/\\\/shop.bantam.ch\\\/wp-content\\\/uploads\\\/2022\\\/12\\\/bantam-logo.png\",\"width\":320,\"height\":71,\"caption\":\"Bantam Camping AG\"},\"image\":{\"@id\":\"https:\\\/\\\/shop.bantam.ch\\\/de\\\/#\\\/schema\\\/logo\\\/image\\\/\"}}]}<\/script>\n<!-- \/ Yoast SEO plugin. -->","yoast_head_json":{"title":"Hydra Schleuse Wesfield - Bantam Camping AG","robots":{"index":"index","follow":"follow","max-snippet":"max-snippet:-1","max-image-preview":"max-image-preview:large","max-video-preview":"max-video-preview:-1"},"canonical":"https:\/\/shop.bantam.ch\/de\/produkt\/hydra-schleuse-wesfield\/","og_locale":"de_DE","og_type":"article","og_title":"Hydra Schleuse Wesfield - Bantam Camping AG","og_description":"Das Luftvorzelt HYDRA f\u00fcr Bus oder Kastenwagen bietet durch seine ver\u00e4nderte Front-Luftschlauch-Form eine optimale Fl\u00e4chennutzung. Somit erreichen wir eine vollwertige Nutzung der Grundfl\u00e4che und eine optimale Stehh\u00f6he im gesamten Dachbereich. Ein weiterer Vorteil ist, dass ein geringes Gewicht in der Markise eingezogen werden muss. Ebenfalls haben wir L\u00fcftungsklappen unter den Fenstern angebracht. Diese dienen zur [&hellip;]","og_url":"https:\/\/shop.bantam.ch\/de\/produkt\/hydra-schleuse-wesfield\/","og_site_name":"Bantam Camping AG","article_modified_time":"2026-04-18T22:01:25+00:00","og_image":[{"width":1685,"height":3000,"url":"https:\/\/shop.bantam.ch\/wp-content\/uploads\/2023\/03\/Hydra-d-s-42122036-schleuse-1-scaled.jpg","type":"image\/jpeg"}],"twitter_card":"summary_large_image","twitter_misc":{"Gesch\u00e4tzte Lesezeit":"1\u00a0Minute"},"schema":{"@context":"https:\/\/schema.org","@graph":[{"@type":"WebPage","@id":"https:\/\/shop.bantam.ch\/de\/produkt\/hydra-schleuse-wesfield\/","url":"https:\/\/shop.bantam.ch\/de\/produkt\/hydra-schleuse-wesfield\/","name":"Hydra Schleuse Wesfield - Bantam Camping AG","isPartOf":{"@id":"https:\/\/shop.bantam.ch\/de\/#website"},"primaryImageOfPage":{"@id":"https:\/\/shop.bantam.ch\/de\/produkt\/hydra-schleuse-wesfield\/#primaryimage"},"image":{"@id":"https:\/\/shop.bantam.ch\/de\/produkt\/hydra-schleuse-wesfield\/#primaryimage"},"thumbnailUrl":"https:\/\/shop.bantam.ch\/wp-content\/uploads\/2023\/03\/Hydra-d-s-42122036-schleuse-1-scaled.jpg","datePublished":"2023-03-17T14:02:25+00:00","dateModified":"2026-04-18T22:01:25+00:00","breadcrumb":{"@id":"https:\/\/shop.bantam.ch\/de\/produkt\/hydra-schleuse-wesfield\/#breadcrumb"},"inLanguage":"de","potentialAction":[{"@type":"ReadAction","target":["https:\/\/shop.bantam.ch\/de\/produkt\/hydra-schleuse-wesfield\/"]}]},{"@type":"ImageObject","inLanguage":"de","@id":"https:\/\/shop.bantam.ch\/de\/produkt\/hydra-schleuse-wesfield\/#primaryimage","url":"https:\/\/shop.bantam.ch\/wp-content\/uploads\/2023\/03\/Hydra-d-s-42122036-schleuse-1-scaled.jpg","contentUrl":"https:\/\/shop.bantam.ch\/wp-content\/uploads\/2023\/03\/Hydra-d-s-42122036-schleuse-1-scaled.jpg","width":1150,"height":2048},{"@type":"BreadcrumbList","@id":"https:\/\/shop.bantam.ch\/de\/produkt\/hydra-schleuse-wesfield\/#breadcrumb","itemListElement":[{"@type":"ListItem","position":1,"name":"Accueil","item":"https:\/\/shop.bantam.ch\/de\/"},{"@type":"ListItem","position":2,"name":"Shop","item":"https:\/\/shop.bantam.ch\/de\/shop\/"},{"@type":"ListItem","position":3,"name":"Hydra Schleuse Wesfield"}]},{"@type":"WebSite","@id":"https:\/\/shop.bantam.ch\/de\/#website","url":"https:\/\/shop.bantam.ch\/de\/","name":"Bantam Camping AG","description":"","publisher":{"@id":"https:\/\/shop.bantam.ch\/de\/#organization"},"inLanguage":"de"},{"@type":"Organization","@id":"https:\/\/shop.bantam.ch\/de\/#organization","name":"Bantam Camping AG","url":"https:\/\/shop.bantam.ch\/de\/","logo":{"@type":"ImageObject","inLanguage":"de","@id":"https:\/\/shop.bantam.ch\/de\/#\/schema\/logo\/image\/","url":"https:\/\/shop.bantam.ch\/wp-content\/uploads\/2022\/12\/bantam-logo.png","contentUrl":"https:\/\/shop.bantam.ch\/wp-content\/uploads\/2022\/12\/bantam-logo.png","width":320,"height":71,"caption":"Bantam Camping AG"},"image":{"@id":"https:\/\/shop.bantam.ch\/de\/#\/schema\/logo\/image\/"}}]}},"_links":{"self":[{"href":"https:\/\/shop.bantam.ch\/de\/wp-json\/wp\/v2\/product\/151021","targetHints":{"allow":["GET"]}}],"collection":[{"href":"https:\/\/shop.bantam.ch\/de\/wp-json\/wp\/v2\/product"}],"about":[{"href":"https:\/\/shop.bantam.ch\/de\/wp-json\/wp\/v2\/types\/product"}],"wp:featuredmedia":[{"embeddable":true,"href":"https:\/\/shop.bantam.ch\/de\/wp-json\/wp\/v2\/media\/151014"}],"wp:attachment":[{"href":"https:\/\/shop.bantam.ch\/de\/wp-json\/wp\/v2\/media?parent=151021"}],"wp:term":[{"taxonomy":"product_featured_cat","embeddable":true,"href":"https:\/\/shop.bantam.ch\/de\/wp-json\/wp\/v2\/product_featured_cat?post=151021"},{"taxonomy":"product_brand","embeddable":true,"href":"https:\/\/shop.bantam.ch\/de\/wp-json\/wp\/v2\/product_brand?post=151021"},{"taxonomy":"product_cat","embeddable":true,"href":"https:\/\/shop.bantam.ch\/de\/wp-json\/wp\/v2\/product_cat?post=151021"},{"taxonomy":"product_tag","embeddable":true,"href":"https:\/\/shop.bantam.ch\/de\/wp-json\/wp\/v2\/product_tag?post=151021"}],"curies":[{"name":"wp","href":"https:\/\/api.w.org\/{rel}","templated":true}]}}