{"id":150975,"date":"2023-03-17T14:58:51","date_gmt":"2023-03-17T13:58:51","guid":{"rendered":"https:\/\/shop.bantam.ch\/produit\/luftvorzelt-ceres-wesfield\/"},"modified":"2026-04-22T16:23:46","modified_gmt":"2026-04-22T14:23:46","slug":"luftvorzelt-ceres-wesfield","status":"publish","type":"product","link":"https:\/\/shop.bantam.ch\/de\/produkt\/luftvorzelt-ceres-wesfield\/","title":{"rendered":"Luftvorzelt Ceres Wesfield"},"content":{"rendered":"<p class=\"MsoNormal\"><span lang=\"FR\">Ein edles Design, mit einer modernen abgerundeten Form, l\u00e4sst f\u00fcr Ihre Urlaube keine W\u00fcnsche offen. Das Luftvorzelt CERES mit einer Vorzelttiefe von 260 cm bietet ein ideales Raumgef\u00fchl. Durch seinen Volleinzug in der Kederschiene Ihres Caravans, lassen sich alle Fenster, T\u00fcren, Serviceklappen und die T\u00fcr problemlos \u00f6ffnen und Sie erreichen eine perfekte Abdichtung an den Seiten Ihres Caravans gegen Wind und Wetter<\/span><\/p>\n","protected":false},"excerpt":{"rendered":"<p>Ein edles Design, mit einer modernen abgerundeten Form, l\u00e4sst f\u00fcr Ihre Urlaube keine W\u00fcnsche offen. Das Luftvorzelt CERES mit einer Vorzelttiefe von 260 cm bietet ein ideales Raumgef\u00fchl. Durch seinen Volleinzug in der Kederschiene Ihres Caravans, lassen sich alle Fenster, T\u00fcren, Serviceklappen und die T\u00fcr problemlos \u00f6ffnen und Sie erreichen eine perfekte Abdichtung an den [&hellip;]<\/p>\n","protected":false},"featured_media":150968,"template":"","meta":{"_acf_changed":false},"product_featured_cat":[],"product_brand":[3689],"product_cat":[4248],"product_tag":[],"class_list":{"0":"post-150975","1":"product","2":"type-product","3":"status-publish","4":"has-post-thumbnail","6":"product_brand-westfield-de","7":"product_cat-vorzelte-zelte","9":"first","10":"instock","11":"sale","12":"taxable","13":"shipping-taxable","14":"purchasable","15":"product-type-variable"},"acf":[],"yoast_head":"<!-- This site is optimized with the Yoast SEO plugin v27.4 - https:\/\/yoast.com\/product\/yoast-seo-wordpress\/ -->\n<title>Luftvorzelt Ceres Wesfield - Bantam Camping AG<\/title>\n<meta name=\"robots\" content=\"index, follow, max-snippet:-1, max-image-preview:large, max-video-preview:-1\" \/>\n<link rel=\"canonical\" href=\"https:\/\/shop.bantam.ch\/de\/produkt\/luftvorzelt-ceres-wesfield\/\" \/>\n<meta property=\"og:locale\" content=\"de_DE\" \/>\n<meta property=\"og:type\" content=\"article\" \/>\n<meta property=\"og:title\" content=\"Luftvorzelt Ceres Wesfield - Bantam Camping AG\" \/>\n<meta property=\"og:description\" content=\"Ein edles Design, mit einer modernen abgerundeten Form, l\u00e4sst f\u00fcr Ihre Urlaube keine W\u00fcnsche offen. Das Luftvorzelt CERES mit einer Vorzelttiefe von 260 cm bietet ein ideales Raumgef\u00fchl. Durch seinen Volleinzug in der Kederschiene Ihres Caravans, lassen sich alle Fenster, T\u00fcren, Serviceklappen und die T\u00fcr problemlos \u00f6ffnen und Sie erreichen eine perfekte Abdichtung an den [&hellip;]\" \/>\n<meta property=\"og:url\" content=\"https:\/\/shop.bantam.ch\/de\/produkt\/luftvorzelt-ceres-wesfield\/\" \/>\n<meta property=\"og:site_name\" content=\"Bantam Camping AG\" \/>\n<meta property=\"article:modified_time\" content=\"2026-04-22T14:23:46+00:00\" \/>\n<meta property=\"og:image\" content=\"https:\/\/shop.bantam.ch\/wp-content\/uploads\/2023\/03\/Ceres-freigestellt-1.png\" \/>\n\t<meta property=\"og:image:width\" content=\"2048\" \/>\n\t<meta property=\"og:image:height\" content=\"1365\" \/>\n\t<meta property=\"og:image:type\" content=\"image\/png\" \/>\n<meta name=\"twitter:card\" content=\"summary_large_image\" \/>\n<script type=\"application\/ld+json\" class=\"yoast-schema-graph\">{\"@context\":\"https:\\\/\\\/schema.org\",\"@graph\":[{\"@type\":\"WebPage\",\"@id\":\"https:\\\/\\\/shop.bantam.ch\\\/de\\\/produkt\\\/luftvorzelt-ceres-wesfield\\\/\",\"url\":\"https:\\\/\\\/shop.bantam.ch\\\/de\\\/produkt\\\/luftvorzelt-ceres-wesfield\\\/\",\"name\":\"Luftvorzelt Ceres Wesfield - Bantam Camping AG\",\"isPartOf\":{\"@id\":\"https:\\\/\\\/shop.bantam.ch\\\/de\\\/#website\"},\"primaryImageOfPage\":{\"@id\":\"https:\\\/\\\/shop.bantam.ch\\\/de\\\/produkt\\\/luftvorzelt-ceres-wesfield\\\/#primaryimage\"},\"image\":{\"@id\":\"https:\\\/\\\/shop.bantam.ch\\\/de\\\/produkt\\\/luftvorzelt-ceres-wesfield\\\/#primaryimage\"},\"thumbnailUrl\":\"https:\\\/\\\/shop.bantam.ch\\\/wp-content\\\/uploads\\\/2023\\\/03\\\/Ceres-freigestellt-1.png\",\"datePublished\":\"2023-03-17T13:58:51+00:00\",\"dateModified\":\"2026-04-22T14:23:46+00:00\",\"breadcrumb\":{\"@id\":\"https:\\\/\\\/shop.bantam.ch\\\/de\\\/produkt\\\/luftvorzelt-ceres-wesfield\\\/#breadcrumb\"},\"inLanguage\":\"de\",\"potentialAction\":[{\"@type\":\"ReadAction\",\"target\":[\"https:\\\/\\\/shop.bantam.ch\\\/de\\\/produkt\\\/luftvorzelt-ceres-wesfield\\\/\"]}]},{\"@type\":\"ImageObject\",\"inLanguage\":\"de\",\"@id\":\"https:\\\/\\\/shop.bantam.ch\\\/de\\\/produkt\\\/luftvorzelt-ceres-wesfield\\\/#primaryimage\",\"url\":\"https:\\\/\\\/shop.bantam.ch\\\/wp-content\\\/uploads\\\/2023\\\/03\\\/Ceres-freigestellt-1.png\",\"contentUrl\":\"https:\\\/\\\/shop.bantam.ch\\\/wp-content\\\/uploads\\\/2023\\\/03\\\/Ceres-freigestellt-1.png\",\"width\":2048,\"height\":1365},{\"@type\":\"BreadcrumbList\",\"@id\":\"https:\\\/\\\/shop.bantam.ch\\\/de\\\/produkt\\\/luftvorzelt-ceres-wesfield\\\/#breadcrumb\",\"itemListElement\":[{\"@type\":\"ListItem\",\"position\":1,\"name\":\"Accueil\",\"item\":\"https:\\\/\\\/shop.bantam.ch\\\/de\\\/\"},{\"@type\":\"ListItem\",\"position\":2,\"name\":\"Shop\",\"item\":\"https:\\\/\\\/shop.bantam.ch\\\/de\\\/shop\\\/\"},{\"@type\":\"ListItem\",\"position\":3,\"name\":\"Luftvorzelt Ceres Wesfield\"}]},{\"@type\":\"WebSite\",\"@id\":\"https:\\\/\\\/shop.bantam.ch\\\/de\\\/#website\",\"url\":\"https:\\\/\\\/shop.bantam.ch\\\/de\\\/\",\"name\":\"Bantam Camping AG\",\"description\":\"\",\"publisher\":{\"@id\":\"https:\\\/\\\/shop.bantam.ch\\\/de\\\/#organization\"},\"inLanguage\":\"de\"},{\"@type\":\"Organization\",\"@id\":\"https:\\\/\\\/shop.bantam.ch\\\/de\\\/#organization\",\"name\":\"Bantam Camping AG\",\"url\":\"https:\\\/\\\/shop.bantam.ch\\\/de\\\/\",\"logo\":{\"@type\":\"ImageObject\",\"inLanguage\":\"de\",\"@id\":\"https:\\\/\\\/shop.bantam.ch\\\/de\\\/#\\\/schema\\\/logo\\\/image\\\/\",\"url\":\"https:\\\/\\\/shop.bantam.ch\\\/wp-content\\\/uploads\\\/2022\\\/12\\\/bantam-logo.png\",\"contentUrl\":\"https:\\\/\\\/shop.bantam.ch\\\/wp-content\\\/uploads\\\/2022\\\/12\\\/bantam-logo.png\",\"width\":320,\"height\":71,\"caption\":\"Bantam Camping AG\"},\"image\":{\"@id\":\"https:\\\/\\\/shop.bantam.ch\\\/de\\\/#\\\/schema\\\/logo\\\/image\\\/\"}}]}<\/script>\n<!-- \/ Yoast SEO plugin. -->","yoast_head_json":{"title":"Luftvorzelt Ceres Wesfield - Bantam Camping AG","robots":{"index":"index","follow":"follow","max-snippet":"max-snippet:-1","max-image-preview":"max-image-preview:large","max-video-preview":"max-video-preview:-1"},"canonical":"https:\/\/shop.bantam.ch\/de\/produkt\/luftvorzelt-ceres-wesfield\/","og_locale":"de_DE","og_type":"article","og_title":"Luftvorzelt Ceres Wesfield - Bantam Camping AG","og_description":"Ein edles Design, mit einer modernen abgerundeten Form, l\u00e4sst f\u00fcr Ihre Urlaube keine W\u00fcnsche offen. Das Luftvorzelt CERES mit einer Vorzelttiefe von 260 cm bietet ein ideales Raumgef\u00fchl. Durch seinen Volleinzug in der Kederschiene Ihres Caravans, lassen sich alle Fenster, T\u00fcren, Serviceklappen und die T\u00fcr problemlos \u00f6ffnen und Sie erreichen eine perfekte Abdichtung an den [&hellip;]","og_url":"https:\/\/shop.bantam.ch\/de\/produkt\/luftvorzelt-ceres-wesfield\/","og_site_name":"Bantam Camping AG","article_modified_time":"2026-04-22T14:23:46+00:00","og_image":[{"width":2048,"height":1365,"url":"https:\/\/shop.bantam.ch\/wp-content\/uploads\/2023\/03\/Ceres-freigestellt-1.png","type":"image\/png"}],"twitter_card":"summary_large_image","schema":{"@context":"https:\/\/schema.org","@graph":[{"@type":"WebPage","@id":"https:\/\/shop.bantam.ch\/de\/produkt\/luftvorzelt-ceres-wesfield\/","url":"https:\/\/shop.bantam.ch\/de\/produkt\/luftvorzelt-ceres-wesfield\/","name":"Luftvorzelt Ceres Wesfield - Bantam Camping AG","isPartOf":{"@id":"https:\/\/shop.bantam.ch\/de\/#website"},"primaryImageOfPage":{"@id":"https:\/\/shop.bantam.ch\/de\/produkt\/luftvorzelt-ceres-wesfield\/#primaryimage"},"image":{"@id":"https:\/\/shop.bantam.ch\/de\/produkt\/luftvorzelt-ceres-wesfield\/#primaryimage"},"thumbnailUrl":"https:\/\/shop.bantam.ch\/wp-content\/uploads\/2023\/03\/Ceres-freigestellt-1.png","datePublished":"2023-03-17T13:58:51+00:00","dateModified":"2026-04-22T14:23:46+00:00","breadcrumb":{"@id":"https:\/\/shop.bantam.ch\/de\/produkt\/luftvorzelt-ceres-wesfield\/#breadcrumb"},"inLanguage":"de","potentialAction":[{"@type":"ReadAction","target":["https:\/\/shop.bantam.ch\/de\/produkt\/luftvorzelt-ceres-wesfield\/"]}]},{"@type":"ImageObject","inLanguage":"de","@id":"https:\/\/shop.bantam.ch\/de\/produkt\/luftvorzelt-ceres-wesfield\/#primaryimage","url":"https:\/\/shop.bantam.ch\/wp-content\/uploads\/2023\/03\/Ceres-freigestellt-1.png","contentUrl":"https:\/\/shop.bantam.ch\/wp-content\/uploads\/2023\/03\/Ceres-freigestellt-1.png","width":2048,"height":1365},{"@type":"BreadcrumbList","@id":"https:\/\/shop.bantam.ch\/de\/produkt\/luftvorzelt-ceres-wesfield\/#breadcrumb","itemListElement":[{"@type":"ListItem","position":1,"name":"Accueil","item":"https:\/\/shop.bantam.ch\/de\/"},{"@type":"ListItem","position":2,"name":"Shop","item":"https:\/\/shop.bantam.ch\/de\/shop\/"},{"@type":"ListItem","position":3,"name":"Luftvorzelt Ceres Wesfield"}]},{"@type":"WebSite","@id":"https:\/\/shop.bantam.ch\/de\/#website","url":"https:\/\/shop.bantam.ch\/de\/","name":"Bantam Camping AG","description":"","publisher":{"@id":"https:\/\/shop.bantam.ch\/de\/#organization"},"inLanguage":"de"},{"@type":"Organization","@id":"https:\/\/shop.bantam.ch\/de\/#organization","name":"Bantam Camping AG","url":"https:\/\/shop.bantam.ch\/de\/","logo":{"@type":"ImageObject","inLanguage":"de","@id":"https:\/\/shop.bantam.ch\/de\/#\/schema\/logo\/image\/","url":"https:\/\/shop.bantam.ch\/wp-content\/uploads\/2022\/12\/bantam-logo.png","contentUrl":"https:\/\/shop.bantam.ch\/wp-content\/uploads\/2022\/12\/bantam-logo.png","width":320,"height":71,"caption":"Bantam Camping AG"},"image":{"@id":"https:\/\/shop.bantam.ch\/de\/#\/schema\/logo\/image\/"}}]}},"_links":{"self":[{"href":"https:\/\/shop.bantam.ch\/de\/wp-json\/wp\/v2\/product\/150975","targetHints":{"allow":["GET"]}}],"collection":[{"href":"https:\/\/shop.bantam.ch\/de\/wp-json\/wp\/v2\/product"}],"about":[{"href":"https:\/\/shop.bantam.ch\/de\/wp-json\/wp\/v2\/types\/product"}],"wp:featuredmedia":[{"embeddable":true,"href":"https:\/\/shop.bantam.ch\/de\/wp-json\/wp\/v2\/media\/150968"}],"wp:attachment":[{"href":"https:\/\/shop.bantam.ch\/de\/wp-json\/wp\/v2\/media?parent=150975"}],"wp:term":[{"taxonomy":"product_featured_cat","embeddable":true,"href":"https:\/\/shop.bantam.ch\/de\/wp-json\/wp\/v2\/product_featured_cat?post=150975"},{"taxonomy":"product_brand","embeddable":true,"href":"https:\/\/shop.bantam.ch\/de\/wp-json\/wp\/v2\/product_brand?post=150975"},{"taxonomy":"product_cat","embeddable":true,"href":"https:\/\/shop.bantam.ch\/de\/wp-json\/wp\/v2\/product_cat?post=150975"},{"taxonomy":"product_tag","embeddable":true,"href":"https:\/\/shop.bantam.ch\/de\/wp-json\/wp\/v2\/product_tag?post=150975"}],"curies":[{"name":"wp","href":"https:\/\/api.w.org\/{rel}","templated":true}]}}