{"id":150863,"date":"2023-03-17T14:43:54","date_gmt":"2023-03-17T13:43:54","guid":{"rendered":"https:\/\/shop.bantam.ch\/produit\/solarmodul-perc\/"},"modified":"2026-04-17T23:57:21","modified_gmt":"2026-04-17T21:57:21","slug":"solarmodul-perc","status":"publish","type":"product","link":"https:\/\/shop.bantam.ch\/de\/produkt\/solarmodul-perc\/","title":{"rendered":"Solarmodul PERC"},"content":{"rendered":"<p>Solarmodul 1. Wahl mit monokristallinen Solarzellen. Hohe energetische Leistung. Leichte und robuste Aluminiumprofile, spezielle entwickelt f\u00fcr optimale Aerodynamik. Einfaches und schnelles\u00a0 Anbringen. Zum gleichm\u00e4\u00dfigen Ankleben und f\u00fcr den perfekten Halt\u00a0 weisen die Profile Nuten auf. Vormontiert und vorverkabelt mit anti-UV-Kabeln, 2 x 2,5mm\u00b2 und 5 m lang. Incl. Dachdurchf\u00fchrung.<\/p>\n","protected":false},"excerpt":{"rendered":"<p>Solarmodul 1. Wahl mit monokristallinen Solarzellen. Hohe energetische Leistung. Leichte und robuste Aluminiumprofile, spezielle entwickelt f\u00fcr optimale Aerodynamik. Einfaches und schnelles\u00a0 Anbringen. Zum gleichm\u00e4\u00dfigen Ankleben und f\u00fcr den perfekten Halt\u00a0 weisen die Profile Nuten auf. Vormontiert und vorverkabelt mit anti-UV-Kabeln, 2 x 2,5mm\u00b2 und 5 m lang. Incl. Dachdurchf\u00fchrung.<\/p>\n","protected":false},"featured_media":150856,"template":"","meta":{"_acf_changed":false},"product_featured_cat":[],"product_brand":[3809],"product_cat":[4880],"product_tag":[],"class_list":{"0":"post-150863","1":"product","2":"type-product","3":"status-publish","4":"has-post-thumbnail","6":"product_brand-perc-de","7":"product_cat-solar-sets","9":"first","10":"instock","11":"taxable","12":"shipping-taxable","13":"purchasable","14":"product-type-variable"},"acf":[],"yoast_head":"<!-- This site is optimized with the Yoast SEO plugin v27.4 - https:\/\/yoast.com\/product\/yoast-seo-wordpress\/ -->\n<title>Solarmodul PERC - Bantam Camping AG<\/title>\n<meta name=\"robots\" content=\"index, follow, max-snippet:-1, max-image-preview:large, max-video-preview:-1\" \/>\n<link rel=\"canonical\" href=\"https:\/\/shop.bantam.ch\/de\/produkt\/solarmodul-perc\/\" \/>\n<meta property=\"og:locale\" content=\"de_DE\" \/>\n<meta property=\"og:type\" content=\"article\" \/>\n<meta property=\"og:title\" content=\"Solarmodul PERC - Bantam Camping AG\" \/>\n<meta property=\"og:description\" content=\"Solarmodul 1. Wahl mit monokristallinen Solarzellen. Hohe energetische Leistung. Leichte und robuste Aluminiumprofile, spezielle entwickelt f\u00fcr optimale Aerodynamik. Einfaches und schnelles\u00a0 Anbringen. Zum gleichm\u00e4\u00dfigen Ankleben und f\u00fcr den perfekten Halt\u00a0 weisen die Profile Nuten auf. Vormontiert und vorverkabelt mit anti-UV-Kabeln, 2 x 2,5mm\u00b2 und 5 m lang. Incl. Dachdurchf\u00fchrung.\" \/>\n<meta property=\"og:url\" content=\"https:\/\/shop.bantam.ch\/de\/produkt\/solarmodul-perc\/\" \/>\n<meta property=\"og:site_name\" content=\"Bantam Camping AG\" \/>\n<meta property=\"article:modified_time\" content=\"2026-04-17T21:57:21+00:00\" \/>\n<meta property=\"og:image\" content=\"https:\/\/shop.bantam.ch\/wp-content\/uploads\/2023\/03\/Wing-Perc-P000471-S1_NEW_Web-1-scaled.jpg\" \/>\n\t<meta property=\"og:image:width\" content=\"4032\" \/>\n\t<meta property=\"og:image:height\" content=\"2252\" \/>\n\t<meta property=\"og:image:type\" content=\"image\/jpeg\" \/>\n<meta name=\"twitter:card\" content=\"summary_large_image\" \/>\n<script type=\"application\/ld+json\" class=\"yoast-schema-graph\">{\"@context\":\"https:\\\/\\\/schema.org\",\"@graph\":[{\"@type\":\"WebPage\",\"@id\":\"https:\\\/\\\/shop.bantam.ch\\\/de\\\/produkt\\\/solarmodul-perc\\\/\",\"url\":\"https:\\\/\\\/shop.bantam.ch\\\/de\\\/produkt\\\/solarmodul-perc\\\/\",\"name\":\"Solarmodul PERC - Bantam Camping AG\",\"isPartOf\":{\"@id\":\"https:\\\/\\\/shop.bantam.ch\\\/de\\\/#website\"},\"primaryImageOfPage\":{\"@id\":\"https:\\\/\\\/shop.bantam.ch\\\/de\\\/produkt\\\/solarmodul-perc\\\/#primaryimage\"},\"image\":{\"@id\":\"https:\\\/\\\/shop.bantam.ch\\\/de\\\/produkt\\\/solarmodul-perc\\\/#primaryimage\"},\"thumbnailUrl\":\"https:\\\/\\\/shop.bantam.ch\\\/wp-content\\\/uploads\\\/2023\\\/03\\\/Wing-Perc-P000471-S1_NEW_Web-1-scaled.jpg\",\"datePublished\":\"2023-03-17T13:43:54+00:00\",\"dateModified\":\"2026-04-17T21:57:21+00:00\",\"breadcrumb\":{\"@id\":\"https:\\\/\\\/shop.bantam.ch\\\/de\\\/produkt\\\/solarmodul-perc\\\/#breadcrumb\"},\"inLanguage\":\"de\",\"potentialAction\":[{\"@type\":\"ReadAction\",\"target\":[\"https:\\\/\\\/shop.bantam.ch\\\/de\\\/produkt\\\/solarmodul-perc\\\/\"]}]},{\"@type\":\"ImageObject\",\"inLanguage\":\"de\",\"@id\":\"https:\\\/\\\/shop.bantam.ch\\\/de\\\/produkt\\\/solarmodul-perc\\\/#primaryimage\",\"url\":\"https:\\\/\\\/shop.bantam.ch\\\/wp-content\\\/uploads\\\/2023\\\/03\\\/Wing-Perc-P000471-S1_NEW_Web-1-scaled.jpg\",\"contentUrl\":\"https:\\\/\\\/shop.bantam.ch\\\/wp-content\\\/uploads\\\/2023\\\/03\\\/Wing-Perc-P000471-S1_NEW_Web-1-scaled.jpg\",\"width\":2048,\"height\":1144},{\"@type\":\"BreadcrumbList\",\"@id\":\"https:\\\/\\\/shop.bantam.ch\\\/de\\\/produkt\\\/solarmodul-perc\\\/#breadcrumb\",\"itemListElement\":[{\"@type\":\"ListItem\",\"position\":1,\"name\":\"Accueil\",\"item\":\"https:\\\/\\\/shop.bantam.ch\\\/de\\\/\"},{\"@type\":\"ListItem\",\"position\":2,\"name\":\"Shop\",\"item\":\"https:\\\/\\\/shop.bantam.ch\\\/de\\\/shop\\\/\"},{\"@type\":\"ListItem\",\"position\":3,\"name\":\"Solarmodul PERC\"}]},{\"@type\":\"WebSite\",\"@id\":\"https:\\\/\\\/shop.bantam.ch\\\/de\\\/#website\",\"url\":\"https:\\\/\\\/shop.bantam.ch\\\/de\\\/\",\"name\":\"Bantam Camping AG\",\"description\":\"\",\"publisher\":{\"@id\":\"https:\\\/\\\/shop.bantam.ch\\\/de\\\/#organization\"},\"inLanguage\":\"de\"},{\"@type\":\"Organization\",\"@id\":\"https:\\\/\\\/shop.bantam.ch\\\/de\\\/#organization\",\"name\":\"Bantam Camping AG\",\"url\":\"https:\\\/\\\/shop.bantam.ch\\\/de\\\/\",\"logo\":{\"@type\":\"ImageObject\",\"inLanguage\":\"de\",\"@id\":\"https:\\\/\\\/shop.bantam.ch\\\/de\\\/#\\\/schema\\\/logo\\\/image\\\/\",\"url\":\"https:\\\/\\\/shop.bantam.ch\\\/wp-content\\\/uploads\\\/2022\\\/12\\\/bantam-logo.png\",\"contentUrl\":\"https:\\\/\\\/shop.bantam.ch\\\/wp-content\\\/uploads\\\/2022\\\/12\\\/bantam-logo.png\",\"width\":320,\"height\":71,\"caption\":\"Bantam Camping AG\"},\"image\":{\"@id\":\"https:\\\/\\\/shop.bantam.ch\\\/de\\\/#\\\/schema\\\/logo\\\/image\\\/\"}}]}<\/script>\n<!-- \/ Yoast SEO plugin. -->","yoast_head_json":{"title":"Solarmodul PERC - Bantam Camping AG","robots":{"index":"index","follow":"follow","max-snippet":"max-snippet:-1","max-image-preview":"max-image-preview:large","max-video-preview":"max-video-preview:-1"},"canonical":"https:\/\/shop.bantam.ch\/de\/produkt\/solarmodul-perc\/","og_locale":"de_DE","og_type":"article","og_title":"Solarmodul PERC - Bantam Camping AG","og_description":"Solarmodul 1. Wahl mit monokristallinen Solarzellen. Hohe energetische Leistung. Leichte und robuste Aluminiumprofile, spezielle entwickelt f\u00fcr optimale Aerodynamik. Einfaches und schnelles\u00a0 Anbringen. Zum gleichm\u00e4\u00dfigen Ankleben und f\u00fcr den perfekten Halt\u00a0 weisen die Profile Nuten auf. Vormontiert und vorverkabelt mit anti-UV-Kabeln, 2 x 2,5mm\u00b2 und 5 m lang. Incl. Dachdurchf\u00fchrung.","og_url":"https:\/\/shop.bantam.ch\/de\/produkt\/solarmodul-perc\/","og_site_name":"Bantam Camping AG","article_modified_time":"2026-04-17T21:57:21+00:00","og_image":[{"width":4032,"height":2252,"url":"https:\/\/shop.bantam.ch\/wp-content\/uploads\/2023\/03\/Wing-Perc-P000471-S1_NEW_Web-1-scaled.jpg","type":"image\/jpeg"}],"twitter_card":"summary_large_image","schema":{"@context":"https:\/\/schema.org","@graph":[{"@type":"WebPage","@id":"https:\/\/shop.bantam.ch\/de\/produkt\/solarmodul-perc\/","url":"https:\/\/shop.bantam.ch\/de\/produkt\/solarmodul-perc\/","name":"Solarmodul PERC - Bantam Camping AG","isPartOf":{"@id":"https:\/\/shop.bantam.ch\/de\/#website"},"primaryImageOfPage":{"@id":"https:\/\/shop.bantam.ch\/de\/produkt\/solarmodul-perc\/#primaryimage"},"image":{"@id":"https:\/\/shop.bantam.ch\/de\/produkt\/solarmodul-perc\/#primaryimage"},"thumbnailUrl":"https:\/\/shop.bantam.ch\/wp-content\/uploads\/2023\/03\/Wing-Perc-P000471-S1_NEW_Web-1-scaled.jpg","datePublished":"2023-03-17T13:43:54+00:00","dateModified":"2026-04-17T21:57:21+00:00","breadcrumb":{"@id":"https:\/\/shop.bantam.ch\/de\/produkt\/solarmodul-perc\/#breadcrumb"},"inLanguage":"de","potentialAction":[{"@type":"ReadAction","target":["https:\/\/shop.bantam.ch\/de\/produkt\/solarmodul-perc\/"]}]},{"@type":"ImageObject","inLanguage":"de","@id":"https:\/\/shop.bantam.ch\/de\/produkt\/solarmodul-perc\/#primaryimage","url":"https:\/\/shop.bantam.ch\/wp-content\/uploads\/2023\/03\/Wing-Perc-P000471-S1_NEW_Web-1-scaled.jpg","contentUrl":"https:\/\/shop.bantam.ch\/wp-content\/uploads\/2023\/03\/Wing-Perc-P000471-S1_NEW_Web-1-scaled.jpg","width":2048,"height":1144},{"@type":"BreadcrumbList","@id":"https:\/\/shop.bantam.ch\/de\/produkt\/solarmodul-perc\/#breadcrumb","itemListElement":[{"@type":"ListItem","position":1,"name":"Accueil","item":"https:\/\/shop.bantam.ch\/de\/"},{"@type":"ListItem","position":2,"name":"Shop","item":"https:\/\/shop.bantam.ch\/de\/shop\/"},{"@type":"ListItem","position":3,"name":"Solarmodul PERC"}]},{"@type":"WebSite","@id":"https:\/\/shop.bantam.ch\/de\/#website","url":"https:\/\/shop.bantam.ch\/de\/","name":"Bantam Camping AG","description":"","publisher":{"@id":"https:\/\/shop.bantam.ch\/de\/#organization"},"inLanguage":"de"},{"@type":"Organization","@id":"https:\/\/shop.bantam.ch\/de\/#organization","name":"Bantam Camping AG","url":"https:\/\/shop.bantam.ch\/de\/","logo":{"@type":"ImageObject","inLanguage":"de","@id":"https:\/\/shop.bantam.ch\/de\/#\/schema\/logo\/image\/","url":"https:\/\/shop.bantam.ch\/wp-content\/uploads\/2022\/12\/bantam-logo.png","contentUrl":"https:\/\/shop.bantam.ch\/wp-content\/uploads\/2022\/12\/bantam-logo.png","width":320,"height":71,"caption":"Bantam Camping AG"},"image":{"@id":"https:\/\/shop.bantam.ch\/de\/#\/schema\/logo\/image\/"}}]}},"_links":{"self":[{"href":"https:\/\/shop.bantam.ch\/de\/wp-json\/wp\/v2\/product\/150863","targetHints":{"allow":["GET"]}}],"collection":[{"href":"https:\/\/shop.bantam.ch\/de\/wp-json\/wp\/v2\/product"}],"about":[{"href":"https:\/\/shop.bantam.ch\/de\/wp-json\/wp\/v2\/types\/product"}],"wp:featuredmedia":[{"embeddable":true,"href":"https:\/\/shop.bantam.ch\/de\/wp-json\/wp\/v2\/media\/150856"}],"wp:attachment":[{"href":"https:\/\/shop.bantam.ch\/de\/wp-json\/wp\/v2\/media?parent=150863"}],"wp:term":[{"taxonomy":"product_featured_cat","embeddable":true,"href":"https:\/\/shop.bantam.ch\/de\/wp-json\/wp\/v2\/product_featured_cat?post=150863"},{"taxonomy":"product_brand","embeddable":true,"href":"https:\/\/shop.bantam.ch\/de\/wp-json\/wp\/v2\/product_brand?post=150863"},{"taxonomy":"product_cat","embeddable":true,"href":"https:\/\/shop.bantam.ch\/de\/wp-json\/wp\/v2\/product_cat?post=150863"},{"taxonomy":"product_tag","embeddable":true,"href":"https:\/\/shop.bantam.ch\/de\/wp-json\/wp\/v2\/product_tag?post=150863"}],"curies":[{"name":"wp","href":"https:\/\/api.w.org\/{rel}","templated":true}]}}