{"id":150844,"date":"2023-03-17T14:38:57","date_gmt":"2023-03-17T13:38:57","guid":{"rendered":"https:\/\/shop.bantam.ch\/produit\/happy-sun-vorderwand\/"},"modified":"2026-04-20T00:04:31","modified_gmt":"2026-04-19T22:04:31","slug":"happy-sun-vorderwand","status":"publish","type":"product","link":"https:\/\/shop.bantam.ch\/de\/produkt\/happy-sun-vorderwand\/","title":{"rendered":"Happy Sun Vorderwand"},"content":{"rendered":"<p class=\"MsoNormal\" style=\"margin-bottom: 0cm\"><span lang=\"FR\">Alle Wandteile sind passend zu den Markisenmodellen der Marken Thule\/Omnistor und Fiamma.<\/span><\/p>\n<p class=\"MsoNormal\" style=\"margin-bottom: 0cm\"><strong><span lang=\"FR\">Ausstattung<\/span><\/strong><span lang=\"FR\">:<\/span><\/p>\n<p class=\"MsoNormal\" style=\"margin-bottom: 0cm\"><span lang=\"FR\">\u2013 Die Vorderwandteile k\u00f6nnen \u00fcber Keder in die Kederschiene des Markisen-Ausfallprofils eingezogen werden.<br \/><\/span>\u2013 Die Seitenw\u00e4nde werden \u00fcber eine Spannstange zwischen Markisenkasten und Ausfallprofil gespannt.<br \/>\u2013 Alle Wandteile verf\u00fcgen am unteren Ende \u00fcber \u00d6sen, mit denen die Wandteile schr\u00e4g und nach individuellem Wunsch abgespannt werden k\u00f6nnen.<br \/>\u2013 Farbige Abspannleinen fallen auf.<br \/>\u2013 Das eingesetzte Mesh-Gewebe reduziert den Lichteinfall und die Zugluft und bietet dadurch ein sonnen- und windgesch\u00fctztes Pl\u00e4tzchen unter der Markise.<br \/>\u2013 Die Vorderwand ist hochrollbar.<br \/>\u2013 Die Vorderwand ist mit Steckkastenteilen zur Anbringung eines Sicherheitsgurtes (Option) ausgestattet.<\/p>\n<p class=\"MsoNormal\" style=\"margin-bottom: 0cm\"><strong><span lang=\"FR\">Material<\/span><\/strong><span lang=\"FR\">: Mesh-Gewebe (PVC-beschichtetes Polyester-Gittergewebe) beschichtet und komplett abwaschbar, der Spritzschutz ist aus beidseitig PVC-beschichtetem Polyestergewebe und ebenfalls komplett abwaschbar. Hochfrequenz-verschwei\u00dfte Abspann\u00f6sen, extrem rei\u00dffest. <strong>Gest\u00e4nge<\/strong>: jede Seitenwand ist zur Befestigung (Aufh\u00e4ngung) mit einer Stahl-Spannstange (25 x 1 mm) ausgestattet. <strong>Lieferumfang<\/strong>: Wandteil mit Abspannmaterial, Seitenw\u00e4nde mit Spannstange.<\/span><\/p>\n","protected":false},"excerpt":{"rendered":"<p>Alle Wandteile sind passend zu den Markisenmodellen der Marken Thule\/Omnistor und Fiamma. Ausstattung: \u2013 Die Vorderwandteile k\u00f6nnen \u00fcber Keder in die Kederschiene des Markisen-Ausfallprofils eingezogen werden.\u2013 Die Seitenw\u00e4nde werden \u00fcber eine Spannstange zwischen Markisenkasten und Ausfallprofil gespannt.\u2013 Alle Wandteile verf\u00fcgen am unteren Ende \u00fcber \u00d6sen, mit denen die Wandteile schr\u00e4g und nach individuellem Wunsch abgespannt [&hellip;]<\/p>\n","protected":false},"featured_media":150822,"template":"","meta":{"_acf_changed":false},"product_featured_cat":[],"product_brand":[3687],"product_cat":[4220],"product_tag":[],"class_list":{"0":"post-150844","1":"product","2":"type-product","3":"status-publish","4":"has-post-thumbnail","6":"product_brand-dwt-de","7":"product_cat-markisen-vorderwaende","9":"first","10":"instock","11":"taxable","12":"shipping-taxable","13":"purchasable","14":"product-type-variable"},"acf":[],"yoast_head":"<!-- This site is optimized with the Yoast SEO plugin v27.4 - https:\/\/yoast.com\/product\/yoast-seo-wordpress\/ -->\n<title>Happy Sun Vorderwand - Bantam Camping AG<\/title>\n<meta name=\"robots\" content=\"index, follow, max-snippet:-1, max-image-preview:large, max-video-preview:-1\" \/>\n<link rel=\"canonical\" href=\"https:\/\/shop.bantam.ch\/de\/produkt\/happy-sun-vorderwand\/\" \/>\n<meta property=\"og:locale\" content=\"de_DE\" \/>\n<meta property=\"og:type\" content=\"article\" \/>\n<meta property=\"og:title\" content=\"Happy Sun Vorderwand - Bantam Camping AG\" \/>\n<meta property=\"og:description\" content=\"Alle Wandteile sind passend zu den Markisenmodellen der Marken Thule\/Omnistor und Fiamma. Ausstattung: \u2013 Die Vorderwandteile k\u00f6nnen \u00fcber Keder in die Kederschiene des Markisen-Ausfallprofils eingezogen werden.\u2013 Die Seitenw\u00e4nde werden \u00fcber eine Spannstange zwischen Markisenkasten und Ausfallprofil gespannt.\u2013 Alle Wandteile verf\u00fcgen am unteren Ende \u00fcber \u00d6sen, mit denen die Wandteile schr\u00e4g und nach individuellem Wunsch abgespannt [&hellip;]\" \/>\n<meta property=\"og:url\" content=\"https:\/\/shop.bantam.ch\/de\/produkt\/happy-sun-vorderwand\/\" \/>\n<meta property=\"og:site_name\" content=\"Bantam Camping AG\" \/>\n<meta property=\"article:modified_time\" content=\"2026-04-19T22:04:31+00:00\" \/>\n<meta property=\"og:image\" content=\"https:\/\/shop.bantam.ch\/wp-content\/uploads\/2023\/03\/Happy-sun-d-s-50022001-aqv3KMYtReqcOj-1.jpg\" \/>\n\t<meta property=\"og:image:width\" content=\"2048\" \/>\n\t<meta property=\"og:image:height\" content=\"1365\" \/>\n\t<meta property=\"og:image:type\" content=\"image\/jpeg\" \/>\n<meta name=\"twitter:card\" content=\"summary_large_image\" \/>\n<meta name=\"twitter:label1\" content=\"Gesch\u00e4tzte Lesezeit\" \/>\n\t<meta name=\"twitter:data1\" content=\"1\u00a0Minute\" \/>\n<script type=\"application\/ld+json\" class=\"yoast-schema-graph\">{\"@context\":\"https:\\\/\\\/schema.org\",\"@graph\":[{\"@type\":\"WebPage\",\"@id\":\"https:\\\/\\\/shop.bantam.ch\\\/de\\\/produkt\\\/happy-sun-vorderwand\\\/\",\"url\":\"https:\\\/\\\/shop.bantam.ch\\\/de\\\/produkt\\\/happy-sun-vorderwand\\\/\",\"name\":\"Happy Sun Vorderwand - Bantam Camping AG\",\"isPartOf\":{\"@id\":\"https:\\\/\\\/shop.bantam.ch\\\/de\\\/#website\"},\"primaryImageOfPage\":{\"@id\":\"https:\\\/\\\/shop.bantam.ch\\\/de\\\/produkt\\\/happy-sun-vorderwand\\\/#primaryimage\"},\"image\":{\"@id\":\"https:\\\/\\\/shop.bantam.ch\\\/de\\\/produkt\\\/happy-sun-vorderwand\\\/#primaryimage\"},\"thumbnailUrl\":\"https:\\\/\\\/shop.bantam.ch\\\/wp-content\\\/uploads\\\/2023\\\/03\\\/Happy-sun-d-s-50022001-aqv3KMYtReqcOj-1.jpg\",\"datePublished\":\"2023-03-17T13:38:57+00:00\",\"dateModified\":\"2026-04-19T22:04:31+00:00\",\"breadcrumb\":{\"@id\":\"https:\\\/\\\/shop.bantam.ch\\\/de\\\/produkt\\\/happy-sun-vorderwand\\\/#breadcrumb\"},\"inLanguage\":\"de\",\"potentialAction\":[{\"@type\":\"ReadAction\",\"target\":[\"https:\\\/\\\/shop.bantam.ch\\\/de\\\/produkt\\\/happy-sun-vorderwand\\\/\"]}]},{\"@type\":\"ImageObject\",\"inLanguage\":\"de\",\"@id\":\"https:\\\/\\\/shop.bantam.ch\\\/de\\\/produkt\\\/happy-sun-vorderwand\\\/#primaryimage\",\"url\":\"https:\\\/\\\/shop.bantam.ch\\\/wp-content\\\/uploads\\\/2023\\\/03\\\/Happy-sun-d-s-50022001-aqv3KMYtReqcOj-1.jpg\",\"contentUrl\":\"https:\\\/\\\/shop.bantam.ch\\\/wp-content\\\/uploads\\\/2023\\\/03\\\/Happy-sun-d-s-50022001-aqv3KMYtReqcOj-1.jpg\",\"width\":2048,\"height\":1365},{\"@type\":\"BreadcrumbList\",\"@id\":\"https:\\\/\\\/shop.bantam.ch\\\/de\\\/produkt\\\/happy-sun-vorderwand\\\/#breadcrumb\",\"itemListElement\":[{\"@type\":\"ListItem\",\"position\":1,\"name\":\"Accueil\",\"item\":\"https:\\\/\\\/shop.bantam.ch\\\/de\\\/\"},{\"@type\":\"ListItem\",\"position\":2,\"name\":\"Shop\",\"item\":\"https:\\\/\\\/shop.bantam.ch\\\/de\\\/shop\\\/\"},{\"@type\":\"ListItem\",\"position\":3,\"name\":\"Happy Sun Vorderwand\"}]},{\"@type\":\"WebSite\",\"@id\":\"https:\\\/\\\/shop.bantam.ch\\\/de\\\/#website\",\"url\":\"https:\\\/\\\/shop.bantam.ch\\\/de\\\/\",\"name\":\"Bantam Camping AG\",\"description\":\"\",\"publisher\":{\"@id\":\"https:\\\/\\\/shop.bantam.ch\\\/de\\\/#organization\"},\"inLanguage\":\"de\"},{\"@type\":\"Organization\",\"@id\":\"https:\\\/\\\/shop.bantam.ch\\\/de\\\/#organization\",\"name\":\"Bantam Camping AG\",\"url\":\"https:\\\/\\\/shop.bantam.ch\\\/de\\\/\",\"logo\":{\"@type\":\"ImageObject\",\"inLanguage\":\"de\",\"@id\":\"https:\\\/\\\/shop.bantam.ch\\\/de\\\/#\\\/schema\\\/logo\\\/image\\\/\",\"url\":\"https:\\\/\\\/shop.bantam.ch\\\/wp-content\\\/uploads\\\/2022\\\/12\\\/bantam-logo.png\",\"contentUrl\":\"https:\\\/\\\/shop.bantam.ch\\\/wp-content\\\/uploads\\\/2022\\\/12\\\/bantam-logo.png\",\"width\":320,\"height\":71,\"caption\":\"Bantam Camping AG\"},\"image\":{\"@id\":\"https:\\\/\\\/shop.bantam.ch\\\/de\\\/#\\\/schema\\\/logo\\\/image\\\/\"}}]}<\/script>\n<!-- \/ Yoast SEO plugin. -->","yoast_head_json":{"title":"Happy Sun Vorderwand - Bantam Camping AG","robots":{"index":"index","follow":"follow","max-snippet":"max-snippet:-1","max-image-preview":"max-image-preview:large","max-video-preview":"max-video-preview:-1"},"canonical":"https:\/\/shop.bantam.ch\/de\/produkt\/happy-sun-vorderwand\/","og_locale":"de_DE","og_type":"article","og_title":"Happy Sun Vorderwand - Bantam Camping AG","og_description":"Alle Wandteile sind passend zu den Markisenmodellen der Marken Thule\/Omnistor und Fiamma. Ausstattung: \u2013 Die Vorderwandteile k\u00f6nnen \u00fcber Keder in die Kederschiene des Markisen-Ausfallprofils eingezogen werden.\u2013 Die Seitenw\u00e4nde werden \u00fcber eine Spannstange zwischen Markisenkasten und Ausfallprofil gespannt.\u2013 Alle Wandteile verf\u00fcgen am unteren Ende \u00fcber \u00d6sen, mit denen die Wandteile schr\u00e4g und nach individuellem Wunsch abgespannt [&hellip;]","og_url":"https:\/\/shop.bantam.ch\/de\/produkt\/happy-sun-vorderwand\/","og_site_name":"Bantam Camping AG","article_modified_time":"2026-04-19T22:04:31+00:00","og_image":[{"width":2048,"height":1365,"url":"https:\/\/shop.bantam.ch\/wp-content\/uploads\/2023\/03\/Happy-sun-d-s-50022001-aqv3KMYtReqcOj-1.jpg","type":"image\/jpeg"}],"twitter_card":"summary_large_image","twitter_misc":{"Gesch\u00e4tzte Lesezeit":"1\u00a0Minute"},"schema":{"@context":"https:\/\/schema.org","@graph":[{"@type":"WebPage","@id":"https:\/\/shop.bantam.ch\/de\/produkt\/happy-sun-vorderwand\/","url":"https:\/\/shop.bantam.ch\/de\/produkt\/happy-sun-vorderwand\/","name":"Happy Sun Vorderwand - Bantam Camping AG","isPartOf":{"@id":"https:\/\/shop.bantam.ch\/de\/#website"},"primaryImageOfPage":{"@id":"https:\/\/shop.bantam.ch\/de\/produkt\/happy-sun-vorderwand\/#primaryimage"},"image":{"@id":"https:\/\/shop.bantam.ch\/de\/produkt\/happy-sun-vorderwand\/#primaryimage"},"thumbnailUrl":"https:\/\/shop.bantam.ch\/wp-content\/uploads\/2023\/03\/Happy-sun-d-s-50022001-aqv3KMYtReqcOj-1.jpg","datePublished":"2023-03-17T13:38:57+00:00","dateModified":"2026-04-19T22:04:31+00:00","breadcrumb":{"@id":"https:\/\/shop.bantam.ch\/de\/produkt\/happy-sun-vorderwand\/#breadcrumb"},"inLanguage":"de","potentialAction":[{"@type":"ReadAction","target":["https:\/\/shop.bantam.ch\/de\/produkt\/happy-sun-vorderwand\/"]}]},{"@type":"ImageObject","inLanguage":"de","@id":"https:\/\/shop.bantam.ch\/de\/produkt\/happy-sun-vorderwand\/#primaryimage","url":"https:\/\/shop.bantam.ch\/wp-content\/uploads\/2023\/03\/Happy-sun-d-s-50022001-aqv3KMYtReqcOj-1.jpg","contentUrl":"https:\/\/shop.bantam.ch\/wp-content\/uploads\/2023\/03\/Happy-sun-d-s-50022001-aqv3KMYtReqcOj-1.jpg","width":2048,"height":1365},{"@type":"BreadcrumbList","@id":"https:\/\/shop.bantam.ch\/de\/produkt\/happy-sun-vorderwand\/#breadcrumb","itemListElement":[{"@type":"ListItem","position":1,"name":"Accueil","item":"https:\/\/shop.bantam.ch\/de\/"},{"@type":"ListItem","position":2,"name":"Shop","item":"https:\/\/shop.bantam.ch\/de\/shop\/"},{"@type":"ListItem","position":3,"name":"Happy Sun Vorderwand"}]},{"@type":"WebSite","@id":"https:\/\/shop.bantam.ch\/de\/#website","url":"https:\/\/shop.bantam.ch\/de\/","name":"Bantam Camping AG","description":"","publisher":{"@id":"https:\/\/shop.bantam.ch\/de\/#organization"},"inLanguage":"de"},{"@type":"Organization","@id":"https:\/\/shop.bantam.ch\/de\/#organization","name":"Bantam Camping AG","url":"https:\/\/shop.bantam.ch\/de\/","logo":{"@type":"ImageObject","inLanguage":"de","@id":"https:\/\/shop.bantam.ch\/de\/#\/schema\/logo\/image\/","url":"https:\/\/shop.bantam.ch\/wp-content\/uploads\/2022\/12\/bantam-logo.png","contentUrl":"https:\/\/shop.bantam.ch\/wp-content\/uploads\/2022\/12\/bantam-logo.png","width":320,"height":71,"caption":"Bantam Camping AG"},"image":{"@id":"https:\/\/shop.bantam.ch\/de\/#\/schema\/logo\/image\/"}}]}},"_links":{"self":[{"href":"https:\/\/shop.bantam.ch\/de\/wp-json\/wp\/v2\/product\/150844","targetHints":{"allow":["GET"]}}],"collection":[{"href":"https:\/\/shop.bantam.ch\/de\/wp-json\/wp\/v2\/product"}],"about":[{"href":"https:\/\/shop.bantam.ch\/de\/wp-json\/wp\/v2\/types\/product"}],"wp:featuredmedia":[{"embeddable":true,"href":"https:\/\/shop.bantam.ch\/de\/wp-json\/wp\/v2\/media\/150822"}],"wp:attachment":[{"href":"https:\/\/shop.bantam.ch\/de\/wp-json\/wp\/v2\/media?parent=150844"}],"wp:term":[{"taxonomy":"product_featured_cat","embeddable":true,"href":"https:\/\/shop.bantam.ch\/de\/wp-json\/wp\/v2\/product_featured_cat?post=150844"},{"taxonomy":"product_brand","embeddable":true,"href":"https:\/\/shop.bantam.ch\/de\/wp-json\/wp\/v2\/product_brand?post=150844"},{"taxonomy":"product_cat","embeddable":true,"href":"https:\/\/shop.bantam.ch\/de\/wp-json\/wp\/v2\/product_cat?post=150844"},{"taxonomy":"product_tag","embeddable":true,"href":"https:\/\/shop.bantam.ch\/de\/wp-json\/wp\/v2\/product_tag?post=150844"}],"curies":[{"name":"wp","href":"https:\/\/api.w.org\/{rel}","templated":true}]}}