{"id":150753,"date":"2023-03-17T14:35:04","date_gmt":"2023-03-17T13:35:04","guid":{"rendered":"https:\/\/shop.bantam.ch\/produit\/powerstation\/"},"modified":"2026-05-01T23:54:43","modified_gmt":"2026-05-01T21:54:43","slug":"powerstation","status":"publish","type":"product","link":"https:\/\/shop.bantam.ch\/de\/produkt\/powerstation\/","title":{"rendered":"Powerstation"},"content":{"rendered":"<p class=\"MsoNormal\"><strong>Batterien m\u00fcssen fachgerecht entsorgt werden!<\/strong><\/p>\n<p class=\"MsoNormal\">Wir weisen auf die Vorgehensweise bei der R\u00fccknahme von Altbatterien hin: Laut \u201eVerordnung der R\u00fccknahme und Entsorgung von Altbatterien\u201c<\/p>\n<ul type=\"disc\">\n<li class=\"MsoNormal\">d\u00fcrfen Akkus und Batterien auf keinen Fall mit dem normalen Restm\u00fcll entsorgt werden.<\/li>\n<li class=\"MsoNormal\">m\u00fcssen schadstoffhaltige Batterien an einen Vertreiber oder an von den \u00f6ffentlichen Entsorgungstr\u00e4gern daf\u00fcr eingerichtete R\u00fccknahmestellen zur\u00fcckgegeben werden.<\/li>\n<\/ul>\n<p class=\"MsoNormal\">Unz\u00e4hlige Anwendungsm\u00f6glichkeiten im Innen- und Au\u00dfenbereich. Ideal beim Camping, bei Outdoor-Aktivit\u00e4ten oder im Garten \u2013 immer dann, wenn Sie gerade keine Steckdose finden. Das kompakte Kraftwerk kann Ihre Ger\u00e4te wie Handys, Laptops, Bluetooth-Lautsprecher, K\u00fchlboxen etc. zuverl\u00e4ssig laden oder betreiben. Das Display versorgt Sie ausf\u00fchrlich mit allen Informationen \u00fcber Lade- oder verbleibende Entladezeit, Akkuzustand sowie aktuellen Verbrauch.<\/p>\n<p class=\"MsoNormal\">Tags\u00fcber haben Sie 3 M\u00f6glichkeiten, die Powerstation wieder aufzuladen: \u00fcber Steckdose, 12-V-Autosteckdose oder Solarzellen (Solarzellen nicht im Lieferumfang).<\/p>\n<ul type=\"disc\">\n<li class=\"MsoNormal\">Lithium-Ionen-Akku<\/li>\n<li class=\"MsoNormal\">Ausg\u00e4nge: 2 x AC 230V\/50Hz, 2 x DC 12V\/8A, 2 x USB 3.0 5V\/2A<\/li>\n<\/ul>\n<table class=\"MsoNormalTable\" width=\"712\" border=\"0\" cellspacing=\"0\" cellpadding=\"0\">\n<tbody>\n<tr>\n<td width=\"162\">\n<p class=\"MsoNormal\"><span data-mce-mark=\"1\">Typ<\/span><\/p>\n<\/td>\n<td width=\"183\">\n<p class=\"MsoNormal\"><span data-mce-mark=\"1\">PB PS 500<\/span><\/p>\n<\/td>\n<td width=\"183\">\n<p class=\"MsoNormal\"><span data-mce-mark=\"1\">PB PS 1000<\/span><\/p>\n<\/td>\n<td width=\"183\">\n<p class=\"MsoNormal\"><span data-mce-mark=\"1\">PB PS 1500<\/span><\/p>\n<\/td>\n<\/tr>\n<tr>\n<td width=\"162\">\n<p class=\"MsoNormal\"><span data-mce-mark=\"1\">Dauerleistung<\/span><\/p>\n<\/td>\n<td width=\"183\">\n<p class=\"MsoNormal\"><span data-mce-mark=\"1\">500 W<\/span><\/p>\n<\/td>\n<td width=\"183\">\n<p class=\"MsoNormal\"><span data-mce-mark=\"1\">1000 W<\/span><\/p>\n<\/td>\n<td width=\"183\">\n<p class=\"MsoNormal\"><span data-mce-mark=\"1\">1500 W<\/span><\/p>\n<\/td>\n<\/tr>\n<tr>\n<td width=\"162\">\n<p class=\"MsoNormal\"><span data-mce-mark=\"1\">Kapazit\u00e4t<\/span><\/p>\n<\/td>\n<td width=\"183\">\n<p class=\"MsoNormal\"><span data-mce-mark=\"1\">41 Ah<\/span><\/p>\n<\/td>\n<td width=\"183\">\n<p class=\"MsoNormal\"><span data-mce-mark=\"1\">83 Ah<\/span><\/p>\n<\/td>\n<td width=\"183\">\n<p class=\"MsoNormal\"><span data-mce-mark=\"1\">125 Ah<\/span><\/p>\n<\/td>\n<\/tr>\n<tr>\n<td width=\"162\">\n<p class=\"MsoNormal\"><span data-mce-mark=\"1\">Nennspannung<\/span><\/p>\n<\/td>\n<td width=\"183\">\n<p class=\"MsoNormal\"><span data-mce-mark=\"1\">12 V<\/span><\/p>\n<\/td>\n<td width=\"183\">\n<p class=\"MsoNormal\"><span data-mce-mark=\"1\">12 V<\/span><\/p>\n<\/td>\n<td width=\"183\">\n<p class=\"MsoNormal\"><span data-mce-mark=\"1\">12 V<\/span><\/p>\n<\/td>\n<\/tr>\n<tr>\n<td width=\"162\">\n<p class=\"MsoNormal\"><span data-mce-mark=\"1\">Breite<\/span><\/p>\n<\/td>\n<td width=\"183\">\n<p class=\"MsoNormal\"><span data-mce-mark=\"1\">206 mm<\/span><\/p>\n<\/td>\n<td width=\"183\">\n<p class=\"MsoNormal\"><span data-mce-mark=\"1\">352 mm<\/span><\/p>\n<\/td>\n<td width=\"183\">\n<p class=\"MsoNormal\"><span data-mce-mark=\"1\">352 mm<\/span><\/p>\n<\/td>\n<\/tr>\n<tr>\n<td width=\"162\">\n<p class=\"MsoNormal\"><span data-mce-mark=\"1\">H\u00f6he<\/span><\/p>\n<\/td>\n<td width=\"183\">\n<p class=\"MsoNormal\"><span data-mce-mark=\"1\">266 mm<\/span><\/p>\n<\/td>\n<td width=\"183\">\n<p class=\"MsoNormal\"><span data-mce-mark=\"1\">260 mm<\/span><\/p>\n<\/td>\n<td width=\"183\">\n<p class=\"MsoNormal\"><span data-mce-mark=\"1\">260 mm<\/span><\/p>\n<\/td>\n<\/tr>\n<tr>\n<td width=\"162\">\n<p class=\"MsoNormal\"><span data-mce-mark=\"1\">Tiefe<\/span><\/p>\n<\/td>\n<td width=\"183\">\n<p class=\"MsoNormal\"><span data-mce-mark=\"1\">149 mm<\/span><\/p>\n<\/td>\n<td width=\"183\">\n<p class=\"MsoNormal\"><span data-mce-mark=\"1\">187 mm<\/span><\/p>\n<\/td>\n<td width=\"183\">\n<p class=\"MsoNormal\"><span data-mce-mark=\"1\">187 mm<\/span><\/p>\n<\/td>\n<\/tr>\n<tr>\n<td width=\"162\">\n<p class=\"MsoNormal\"><span data-mce-mark=\"1\">Nettogewicht<\/span><\/p>\n<\/td>\n<td width=\"183\">\n<p class=\"MsoNormal\"><span data-mce-mark=\"1\">4,5 kg<\/span><\/p>\n<\/td>\n<td width=\"183\">\n<p class=\"MsoNormal\"><span data-mce-mark=\"1\">10,5 kg<\/span><\/p>\n<\/td>\n<td width=\"183\">\n<p class=\"MsoNormal\"><span data-mce-mark=\"1\">12,5 kg<\/span><\/p>\n<\/td>\n<\/tr>\n<tr>\n<td width=\"162\">\n<p class=\"MsoNormal\"><span data-mce-mark=\"1\">Packma\u00df<\/span><\/p>\n<\/td>\n<td width=\"183\">\n<p class=\"MsoNormal\"><span data-mce-mark=\"1\">26,6 x 20,6 x 14,9 cm<\/span><\/p>\n<\/td>\n<td width=\"183\">\n<p class=\"MsoNormal\"><span data-mce-mark=\"1\">35,2 x 26 x 18,7 cm<\/span><\/p>\n<\/td>\n<td width=\"183\">\n<p class=\"MsoNormal\"><span data-mce-mark=\"1\">51 x 42 x 28 cm<\/span><\/p>\n<\/td>\n<\/tr>\n<tr>\n<td width=\"162\">\n<p class=\"MsoNormal\"><span data-mce-mark=\"1\">Bruttogewicht<\/span><\/p>\n<\/td>\n<td width=\"183\">\n<p class=\"MsoNormal\"><span data-mce-mark=\"1\">5,5 kg<\/span><\/p>\n<\/td>\n<td width=\"183\">\n<p class=\"MsoNormal\"><span data-mce-mark=\"1\">11 kg<\/span><\/p>\n<\/td>\n<td width=\"183\">\n<p class=\"MsoNormal\"><span>13 kg<\/span><\/p>\n<\/td>\n<\/tr>\n<\/tbody>\n<\/table>\n","protected":false},"excerpt":{"rendered":"<p>Batterien m\u00fcssen fachgerecht entsorgt werden! Wir weisen auf die Vorgehensweise bei der R\u00fccknahme von Altbatterien hin: Laut \u201eVerordnung der R\u00fccknahme und Entsorgung von Altbatterien\u201c d\u00fcrfen Akkus und Batterien auf keinen Fall mit dem normalen Restm\u00fcll entsorgt werden. m\u00fcssen schadstoffhaltige Batterien an einen Vertreiber oder an von den \u00f6ffentlichen Entsorgungstr\u00e4gern daf\u00fcr eingerichtete R\u00fccknahmestellen zur\u00fcckgegeben werden. Unz\u00e4hlige [&hellip;]<\/p>\n","protected":false},"featured_media":150728,"template":"","meta":{"_acf_changed":false},"product_featured_cat":[],"product_brand":[3703],"product_cat":[4948],"product_tag":[],"class_list":{"0":"post-150753","1":"product","2":"type-product","3":"status-publish","4":"has-post-thumbnail","6":"product_brand-powerboozt-de","7":"product_cat-powerbanks","9":"first","10":"instock","11":"sale","12":"taxable","13":"shipping-taxable","14":"purchasable","15":"product-type-variable"},"acf":[],"yoast_head":"<!-- This site is optimized with the Yoast SEO plugin v27.5 - https:\/\/yoast.com\/product\/yoast-seo-wordpress\/ -->\n<title>Powerstation - Bantam<\/title>\n<meta name=\"robots\" content=\"index, follow, max-snippet:-1, max-image-preview:large, max-video-preview:-1\" \/>\n<link rel=\"canonical\" href=\"https:\/\/shop.bantam.ch\/de\/produkt\/powerstation\/\" \/>\n<meta property=\"og:locale\" content=\"de_DE\" \/>\n<meta property=\"og:type\" content=\"article\" \/>\n<meta property=\"og:title\" content=\"Powerstation - Bantam\" \/>\n<meta property=\"og:description\" content=\"Batterien m\u00fcssen fachgerecht entsorgt werden! Wir weisen auf die Vorgehensweise bei der R\u00fccknahme von Altbatterien hin: Laut \u201eVerordnung der R\u00fccknahme und Entsorgung von Altbatterien\u201c d\u00fcrfen Akkus und Batterien auf keinen Fall mit dem normalen Restm\u00fcll entsorgt werden. m\u00fcssen schadstoffhaltige Batterien an einen Vertreiber oder an von den \u00f6ffentlichen Entsorgungstr\u00e4gern daf\u00fcr eingerichtete R\u00fccknahmestellen zur\u00fcckgegeben werden. Unz\u00e4hlige [&hellip;]\" \/>\n<meta property=\"og:url\" content=\"https:\/\/shop.bantam.ch\/de\/produkt\/powerstation\/\" \/>\n<meta property=\"og:site_name\" content=\"Bantam\" \/>\n<meta property=\"article:modified_time\" content=\"2026-05-01T21:54:43+00:00\" \/>\n<meta property=\"og:image\" content=\"https:\/\/shop.bantam.ch\/wp-content\/uploads\/2023\/03\/323_350_3-1.jpg\" \/>\n\t<meta property=\"og:image:width\" content=\"88\" \/>\n\t<meta property=\"og:image:height\" content=\"110\" \/>\n\t<meta property=\"og:image:type\" content=\"image\/jpeg\" \/>\n<meta name=\"twitter:card\" content=\"summary_large_image\" \/>\n<meta name=\"twitter:label1\" content=\"Gesch\u00e4tzte Lesezeit\" \/>\n\t<meta name=\"twitter:data1\" content=\"1\u00a0Minute\" \/>\n<script type=\"application\/ld+json\" class=\"yoast-schema-graph\">{\"@context\":\"https:\\\/\\\/schema.org\",\"@graph\":[{\"@type\":\"WebPage\",\"@id\":\"https:\\\/\\\/shop.bantam.ch\\\/de\\\/produkt\\\/powerstation\\\/\",\"url\":\"https:\\\/\\\/shop.bantam.ch\\\/de\\\/produkt\\\/powerstation\\\/\",\"name\":\"Powerstation - Bantam\",\"isPartOf\":{\"@id\":\"https:\\\/\\\/shop.bantam.ch\\\/de\\\/#website\"},\"primaryImageOfPage\":{\"@id\":\"https:\\\/\\\/shop.bantam.ch\\\/de\\\/produkt\\\/powerstation\\\/#primaryimage\"},\"image\":{\"@id\":\"https:\\\/\\\/shop.bantam.ch\\\/de\\\/produkt\\\/powerstation\\\/#primaryimage\"},\"thumbnailUrl\":\"https:\\\/\\\/shop.bantam.ch\\\/wp-content\\\/uploads\\\/2023\\\/03\\\/323_350_3-1.jpg\",\"datePublished\":\"2023-03-17T13:35:04+00:00\",\"dateModified\":\"2026-05-01T21:54:43+00:00\",\"breadcrumb\":{\"@id\":\"https:\\\/\\\/shop.bantam.ch\\\/de\\\/produkt\\\/powerstation\\\/#breadcrumb\"},\"inLanguage\":\"de\",\"potentialAction\":[{\"@type\":\"ReadAction\",\"target\":[\"https:\\\/\\\/shop.bantam.ch\\\/de\\\/produkt\\\/powerstation\\\/\"]}]},{\"@type\":\"ImageObject\",\"inLanguage\":\"de\",\"@id\":\"https:\\\/\\\/shop.bantam.ch\\\/de\\\/produkt\\\/powerstation\\\/#primaryimage\",\"url\":\"https:\\\/\\\/shop.bantam.ch\\\/wp-content\\\/uploads\\\/2023\\\/03\\\/323_350_3-1.jpg\",\"contentUrl\":\"https:\\\/\\\/shop.bantam.ch\\\/wp-content\\\/uploads\\\/2023\\\/03\\\/323_350_3-1.jpg\",\"width\":88,\"height\":110},{\"@type\":\"BreadcrumbList\",\"@id\":\"https:\\\/\\\/shop.bantam.ch\\\/de\\\/produkt\\\/powerstation\\\/#breadcrumb\",\"itemListElement\":[{\"@type\":\"ListItem\",\"position\":1,\"name\":\"Accueil\",\"item\":\"https:\\\/\\\/shop.bantam.ch\\\/de\\\/\"},{\"@type\":\"ListItem\",\"position\":2,\"name\":\"Shop\",\"item\":\"https:\\\/\\\/shop.bantam.ch\\\/de\\\/shop\\\/\"},{\"@type\":\"ListItem\",\"position\":3,\"name\":\"Powerstation\"}]},{\"@type\":\"WebSite\",\"@id\":\"https:\\\/\\\/shop.bantam.ch\\\/de\\\/#website\",\"url\":\"https:\\\/\\\/shop.bantam.ch\\\/de\\\/\",\"name\":\"Bantam\",\"description\":\"\",\"publisher\":{\"@id\":\"https:\\\/\\\/shop.bantam.ch\\\/de\\\/#organization\"},\"inLanguage\":\"de\"},{\"@type\":\"Organization\",\"@id\":\"https:\\\/\\\/shop.bantam.ch\\\/de\\\/#organization\",\"name\":\"Bantam\",\"url\":\"https:\\\/\\\/shop.bantam.ch\\\/de\\\/\",\"logo\":{\"@type\":\"ImageObject\",\"inLanguage\":\"de\",\"@id\":\"https:\\\/\\\/shop.bantam.ch\\\/de\\\/#\\\/schema\\\/logo\\\/image\\\/\",\"url\":\"https:\\\/\\\/shop.bantam.ch\\\/wp-content\\\/uploads\\\/2022\\\/12\\\/bantam-logo.png\",\"contentUrl\":\"https:\\\/\\\/shop.bantam.ch\\\/wp-content\\\/uploads\\\/2022\\\/12\\\/bantam-logo.png\",\"width\":320,\"height\":71,\"caption\":\"Bantam\"},\"image\":{\"@id\":\"https:\\\/\\\/shop.bantam.ch\\\/de\\\/#\\\/schema\\\/logo\\\/image\\\/\"}}]}<\/script>\n<!-- \/ Yoast SEO plugin. -->","yoast_head_json":{"title":"Powerstation - Bantam","robots":{"index":"index","follow":"follow","max-snippet":"max-snippet:-1","max-image-preview":"max-image-preview:large","max-video-preview":"max-video-preview:-1"},"canonical":"https:\/\/shop.bantam.ch\/de\/produkt\/powerstation\/","og_locale":"de_DE","og_type":"article","og_title":"Powerstation - Bantam","og_description":"Batterien m\u00fcssen fachgerecht entsorgt werden! Wir weisen auf die Vorgehensweise bei der R\u00fccknahme von Altbatterien hin: Laut \u201eVerordnung der R\u00fccknahme und Entsorgung von Altbatterien\u201c d\u00fcrfen Akkus und Batterien auf keinen Fall mit dem normalen Restm\u00fcll entsorgt werden. m\u00fcssen schadstoffhaltige Batterien an einen Vertreiber oder an von den \u00f6ffentlichen Entsorgungstr\u00e4gern daf\u00fcr eingerichtete R\u00fccknahmestellen zur\u00fcckgegeben werden. Unz\u00e4hlige [&hellip;]","og_url":"https:\/\/shop.bantam.ch\/de\/produkt\/powerstation\/","og_site_name":"Bantam","article_modified_time":"2026-05-01T21:54:43+00:00","og_image":[{"width":88,"height":110,"url":"https:\/\/shop.bantam.ch\/wp-content\/uploads\/2023\/03\/323_350_3-1.jpg","type":"image\/jpeg"}],"twitter_card":"summary_large_image","twitter_misc":{"Gesch\u00e4tzte Lesezeit":"1\u00a0Minute"},"schema":{"@context":"https:\/\/schema.org","@graph":[{"@type":"WebPage","@id":"https:\/\/shop.bantam.ch\/de\/produkt\/powerstation\/","url":"https:\/\/shop.bantam.ch\/de\/produkt\/powerstation\/","name":"Powerstation - Bantam","isPartOf":{"@id":"https:\/\/shop.bantam.ch\/de\/#website"},"primaryImageOfPage":{"@id":"https:\/\/shop.bantam.ch\/de\/produkt\/powerstation\/#primaryimage"},"image":{"@id":"https:\/\/shop.bantam.ch\/de\/produkt\/powerstation\/#primaryimage"},"thumbnailUrl":"https:\/\/shop.bantam.ch\/wp-content\/uploads\/2023\/03\/323_350_3-1.jpg","datePublished":"2023-03-17T13:35:04+00:00","dateModified":"2026-05-01T21:54:43+00:00","breadcrumb":{"@id":"https:\/\/shop.bantam.ch\/de\/produkt\/powerstation\/#breadcrumb"},"inLanguage":"de","potentialAction":[{"@type":"ReadAction","target":["https:\/\/shop.bantam.ch\/de\/produkt\/powerstation\/"]}]},{"@type":"ImageObject","inLanguage":"de","@id":"https:\/\/shop.bantam.ch\/de\/produkt\/powerstation\/#primaryimage","url":"https:\/\/shop.bantam.ch\/wp-content\/uploads\/2023\/03\/323_350_3-1.jpg","contentUrl":"https:\/\/shop.bantam.ch\/wp-content\/uploads\/2023\/03\/323_350_3-1.jpg","width":88,"height":110},{"@type":"BreadcrumbList","@id":"https:\/\/shop.bantam.ch\/de\/produkt\/powerstation\/#breadcrumb","itemListElement":[{"@type":"ListItem","position":1,"name":"Accueil","item":"https:\/\/shop.bantam.ch\/de\/"},{"@type":"ListItem","position":2,"name":"Shop","item":"https:\/\/shop.bantam.ch\/de\/shop\/"},{"@type":"ListItem","position":3,"name":"Powerstation"}]},{"@type":"WebSite","@id":"https:\/\/shop.bantam.ch\/de\/#website","url":"https:\/\/shop.bantam.ch\/de\/","name":"Bantam","description":"","publisher":{"@id":"https:\/\/shop.bantam.ch\/de\/#organization"},"inLanguage":"de"},{"@type":"Organization","@id":"https:\/\/shop.bantam.ch\/de\/#organization","name":"Bantam","url":"https:\/\/shop.bantam.ch\/de\/","logo":{"@type":"ImageObject","inLanguage":"de","@id":"https:\/\/shop.bantam.ch\/de\/#\/schema\/logo\/image\/","url":"https:\/\/shop.bantam.ch\/wp-content\/uploads\/2022\/12\/bantam-logo.png","contentUrl":"https:\/\/shop.bantam.ch\/wp-content\/uploads\/2022\/12\/bantam-logo.png","width":320,"height":71,"caption":"Bantam"},"image":{"@id":"https:\/\/shop.bantam.ch\/de\/#\/schema\/logo\/image\/"}}]}},"_links":{"self":[{"href":"https:\/\/shop.bantam.ch\/de\/wp-json\/wp\/v2\/product\/150753","targetHints":{"allow":["GET"]}}],"collection":[{"href":"https:\/\/shop.bantam.ch\/de\/wp-json\/wp\/v2\/product"}],"about":[{"href":"https:\/\/shop.bantam.ch\/de\/wp-json\/wp\/v2\/types\/product"}],"wp:featuredmedia":[{"embeddable":true,"href":"https:\/\/shop.bantam.ch\/de\/wp-json\/wp\/v2\/media\/150728"}],"wp:attachment":[{"href":"https:\/\/shop.bantam.ch\/de\/wp-json\/wp\/v2\/media?parent=150753"}],"wp:term":[{"taxonomy":"product_featured_cat","embeddable":true,"href":"https:\/\/shop.bantam.ch\/de\/wp-json\/wp\/v2\/product_featured_cat?post=150753"},{"taxonomy":"product_brand","embeddable":true,"href":"https:\/\/shop.bantam.ch\/de\/wp-json\/wp\/v2\/product_brand?post=150753"},{"taxonomy":"product_cat","embeddable":true,"href":"https:\/\/shop.bantam.ch\/de\/wp-json\/wp\/v2\/product_cat?post=150753"},{"taxonomy":"product_tag","embeddable":true,"href":"https:\/\/shop.bantam.ch\/de\/wp-json\/wp\/v2\/product_tag?post=150753"}],"curies":[{"name":"wp","href":"https:\/\/api.w.org\/{rel}","templated":true}]}}