{"id":150712,"date":"2023-03-17T14:22:27","date_gmt":"2023-03-17T13:22:27","guid":{"rendered":"https:\/\/shop.bantam.ch\/produit\/vorzelt-ace-air-pro\/"},"modified":"2026-04-19T00:03:22","modified_gmt":"2026-04-18T22:03:22","slug":"vorzelt-ace-air-pro","status":"publish","type":"product","link":"https:\/\/shop.bantam.ch\/de\/produkt\/vorzelt-ace-air-pro\/","title":{"rendered":"Vorzelt Ace AIR Pro"},"content":{"rendered":"<p><strong>Perfekt aus jeder Perspektive Europas beliebtestes Vorzelt. <\/strong><\/p>\n<p>Das Ace AIR Pro bietet tollen Stil bei gleichzeitig voller Funktionalit\u00e4t &#8211; man wird Sie auf dem Campingplatz darum beneiden. Die geformten Frontteile sehen nicht nur hervorragend aus, sondern bieten zus\u00e4tzlichen Innenraum mit 300 cm Tiefe. Gro\u00dfe Panoramafenster und Oberlichter lassen tags\u00fcber jede Menge Licht herein und geben nachts einen sensationellen Blick auf den Sternenhimmel frei. Das Ace AIR Pro profitiert von unserem Dual-Pitch\u2122-Dachsystem mit doppelter Neigung, das bei hei\u00dfem Wetter Abk\u00fchlung verschafft. Wenn Gewicht eine Rolle spielt, k\u00f6nnen die Front- und Seitenw\u00e4nde entfernt werden, sodass nur das Dach durch die Kederschiene gef\u00fchrt werden muss, bevor die Front- und Seitenw\u00e4nde wieder angezippt werden. Die Seitenw\u00e4nde k\u00f6nnen auch durch einen unserer hochwertigen aufblasbaren Anbauten ersetzt werden. Wir bieten das Ace AIR Pro in Gr\u00f6\u00dfe 400 und 500 an. Diese k\u00f6nnen durch das neue Sonnensegel oder Side Wing erg\u00e4nzt werden.\u00a0<\/p>\n<p><strong>Ace AIR Pro Hauptmerkmale<\/strong><br \/>\u2022 Dual Keder (5,5 und 7 mm)<br \/>\u2022 Aufblasbar &#8211; Einpunkt-Aufblassystem<br \/>\u2022 Jeder Schlauch kann mit Absperrventilen getrennt werden<br \/>\u2022 \u201eF\u00fchlen Sie den Unterschied\u201c doppelt beschichtetes Weathershield\u00ae Pro-Polyester<br \/>\u2022 Flammhemmend und UV-stabil \u2022 Eine Wassers\u00e4ule von sensationellen 6000 mm<br \/>\u2022 Hei\u00dfluftgeklebte N\u00e4hte &#8211; f\u00fcr maximale Wetterbest\u00e4ndigkeit<br \/>\u2022 Seitlich einrollbare Vorderw\u00e4nde<br \/>\u2022 Abzippbare Seitenteile &#8211; zur Aufnahme eines optionalen Anbaus oder Wintergartens<br \/>\u2022 Kristallklare Fenster mit Vorh\u00e4ngen erm\u00f6glichen einen tollen Ausblick<br \/>\u2022 Quickpitch Abspannungssystem<br \/>\u2022 Sehr engmaschiges Fliegengitter an den Seitent\u00fcren &#8211; h\u00e4lt auch die kleinsten Insekten drau\u00dfen<br \/>\u2022 Gro\u00dfes Fliegengitter im rechten Seitenfenster<br \/>\u2022 Andruckpolster<br \/>\u2022 Weitere individuelle Anpassung m\u00f6glich dank reichhaltiger optionaler Ausstattung<\/p>\n","protected":false},"excerpt":{"rendered":"<p>Perfekt aus jeder Perspektive Europas beliebtestes Vorzelt. Das Ace AIR Pro bietet tollen Stil bei gleichzeitig voller Funktionalit\u00e4t &#8211; man wird Sie auf dem Campingplatz darum beneiden. Die geformten Frontteile sehen nicht nur hervorragend aus, sondern bieten zus\u00e4tzlichen Innenraum mit 300 cm Tiefe. Gro\u00dfe Panoramafenster und Oberlichter lassen tags\u00fcber jede Menge Licht herein und geben [&hellip;]<\/p>\n","protected":false},"featured_media":150704,"template":"","meta":{"_acf_changed":false},"product_featured_cat":[],"product_brand":[3029],"product_cat":[4248],"product_tag":[],"class_list":{"0":"post-150712","1":"product","2":"type-product","3":"status-publish","4":"has-post-thumbnail","6":"product_brand-dometic-de","7":"product_cat-vorzelte-zelte","9":"first","10":"instock","11":"taxable","12":"shipping-taxable","13":"purchasable","14":"product-type-variable"},"acf":[],"yoast_head":"<!-- This site is optimized with the Yoast SEO plugin v27.4 - https:\/\/yoast.com\/product\/yoast-seo-wordpress\/ -->\n<title>Vorzelt Ace AIR Pro - Bantam Camping AG<\/title>\n<meta name=\"robots\" content=\"index, follow, max-snippet:-1, max-image-preview:large, max-video-preview:-1\" \/>\n<link rel=\"canonical\" href=\"https:\/\/shop.bantam.ch\/de\/produkt\/vorzelt-ace-air-pro\/\" \/>\n<meta property=\"og:locale\" content=\"de_DE\" \/>\n<meta property=\"og:type\" content=\"article\" \/>\n<meta property=\"og:title\" content=\"Vorzelt Ace AIR Pro - Bantam Camping AG\" \/>\n<meta property=\"og:description\" content=\"Perfekt aus jeder Perspektive Europas beliebtestes Vorzelt. Das Ace AIR Pro bietet tollen Stil bei gleichzeitig voller Funktionalit\u00e4t &#8211; man wird Sie auf dem Campingplatz darum beneiden. Die geformten Frontteile sehen nicht nur hervorragend aus, sondern bieten zus\u00e4tzlichen Innenraum mit 300 cm Tiefe. Gro\u00dfe Panoramafenster und Oberlichter lassen tags\u00fcber jede Menge Licht herein und geben [&hellip;]\" \/>\n<meta property=\"og:url\" content=\"https:\/\/shop.bantam.ch\/de\/produkt\/vorzelt-ace-air-pro\/\" \/>\n<meta property=\"og:site_name\" content=\"Bantam Camping AG\" \/>\n<meta property=\"article:modified_time\" content=\"2026-04-18T22:03:22+00:00\" \/>\n<meta property=\"og:image\" content=\"https:\/\/shop.bantam.ch\/wp-content\/uploads\/2023\/03\/9120001124_Ace-AIR-Pro-400-S-1.jpg\" \/>\n\t<meta property=\"og:image:width\" content=\"1181\" \/>\n\t<meta property=\"og:image:height\" content=\"1181\" \/>\n\t<meta property=\"og:image:type\" content=\"image\/jpeg\" \/>\n<meta name=\"twitter:card\" content=\"summary_large_image\" \/>\n<meta name=\"twitter:label1\" content=\"Gesch\u00e4tzte Lesezeit\" \/>\n\t<meta name=\"twitter:data1\" content=\"1\u00a0Minute\" \/>\n<script type=\"application\/ld+json\" class=\"yoast-schema-graph\">{\"@context\":\"https:\\\/\\\/schema.org\",\"@graph\":[{\"@type\":\"WebPage\",\"@id\":\"https:\\\/\\\/shop.bantam.ch\\\/de\\\/produkt\\\/vorzelt-ace-air-pro\\\/\",\"url\":\"https:\\\/\\\/shop.bantam.ch\\\/de\\\/produkt\\\/vorzelt-ace-air-pro\\\/\",\"name\":\"Vorzelt Ace AIR Pro - Bantam Camping AG\",\"isPartOf\":{\"@id\":\"https:\\\/\\\/shop.bantam.ch\\\/de\\\/#website\"},\"primaryImageOfPage\":{\"@id\":\"https:\\\/\\\/shop.bantam.ch\\\/de\\\/produkt\\\/vorzelt-ace-air-pro\\\/#primaryimage\"},\"image\":{\"@id\":\"https:\\\/\\\/shop.bantam.ch\\\/de\\\/produkt\\\/vorzelt-ace-air-pro\\\/#primaryimage\"},\"thumbnailUrl\":\"https:\\\/\\\/shop.bantam.ch\\\/wp-content\\\/uploads\\\/2023\\\/03\\\/9120001124_Ace-AIR-Pro-400-S-1.jpg\",\"datePublished\":\"2023-03-17T13:22:27+00:00\",\"dateModified\":\"2026-04-18T22:03:22+00:00\",\"breadcrumb\":{\"@id\":\"https:\\\/\\\/shop.bantam.ch\\\/de\\\/produkt\\\/vorzelt-ace-air-pro\\\/#breadcrumb\"},\"inLanguage\":\"de\",\"potentialAction\":[{\"@type\":\"ReadAction\",\"target\":[\"https:\\\/\\\/shop.bantam.ch\\\/de\\\/produkt\\\/vorzelt-ace-air-pro\\\/\"]}]},{\"@type\":\"ImageObject\",\"inLanguage\":\"de\",\"@id\":\"https:\\\/\\\/shop.bantam.ch\\\/de\\\/produkt\\\/vorzelt-ace-air-pro\\\/#primaryimage\",\"url\":\"https:\\\/\\\/shop.bantam.ch\\\/wp-content\\\/uploads\\\/2023\\\/03\\\/9120001124_Ace-AIR-Pro-400-S-1.jpg\",\"contentUrl\":\"https:\\\/\\\/shop.bantam.ch\\\/wp-content\\\/uploads\\\/2023\\\/03\\\/9120001124_Ace-AIR-Pro-400-S-1.jpg\",\"width\":1181,\"height\":1181},{\"@type\":\"BreadcrumbList\",\"@id\":\"https:\\\/\\\/shop.bantam.ch\\\/de\\\/produkt\\\/vorzelt-ace-air-pro\\\/#breadcrumb\",\"itemListElement\":[{\"@type\":\"ListItem\",\"position\":1,\"name\":\"Accueil\",\"item\":\"https:\\\/\\\/shop.bantam.ch\\\/de\\\/\"},{\"@type\":\"ListItem\",\"position\":2,\"name\":\"Shop\",\"item\":\"https:\\\/\\\/shop.bantam.ch\\\/de\\\/shop\\\/\"},{\"@type\":\"ListItem\",\"position\":3,\"name\":\"Vorzelt Ace AIR Pro\"}]},{\"@type\":\"WebSite\",\"@id\":\"https:\\\/\\\/shop.bantam.ch\\\/de\\\/#website\",\"url\":\"https:\\\/\\\/shop.bantam.ch\\\/de\\\/\",\"name\":\"Bantam Camping AG\",\"description\":\"\",\"publisher\":{\"@id\":\"https:\\\/\\\/shop.bantam.ch\\\/de\\\/#organization\"},\"inLanguage\":\"de\"},{\"@type\":\"Organization\",\"@id\":\"https:\\\/\\\/shop.bantam.ch\\\/de\\\/#organization\",\"name\":\"Bantam Camping AG\",\"url\":\"https:\\\/\\\/shop.bantam.ch\\\/de\\\/\",\"logo\":{\"@type\":\"ImageObject\",\"inLanguage\":\"de\",\"@id\":\"https:\\\/\\\/shop.bantam.ch\\\/de\\\/#\\\/schema\\\/logo\\\/image\\\/\",\"url\":\"https:\\\/\\\/shop.bantam.ch\\\/wp-content\\\/uploads\\\/2022\\\/12\\\/bantam-logo.png\",\"contentUrl\":\"https:\\\/\\\/shop.bantam.ch\\\/wp-content\\\/uploads\\\/2022\\\/12\\\/bantam-logo.png\",\"width\":320,\"height\":71,\"caption\":\"Bantam Camping AG\"},\"image\":{\"@id\":\"https:\\\/\\\/shop.bantam.ch\\\/de\\\/#\\\/schema\\\/logo\\\/image\\\/\"}}]}<\/script>\n<!-- \/ Yoast SEO plugin. -->","yoast_head_json":{"title":"Vorzelt Ace AIR Pro - Bantam Camping AG","robots":{"index":"index","follow":"follow","max-snippet":"max-snippet:-1","max-image-preview":"max-image-preview:large","max-video-preview":"max-video-preview:-1"},"canonical":"https:\/\/shop.bantam.ch\/de\/produkt\/vorzelt-ace-air-pro\/","og_locale":"de_DE","og_type":"article","og_title":"Vorzelt Ace AIR Pro - Bantam Camping AG","og_description":"Perfekt aus jeder Perspektive Europas beliebtestes Vorzelt. Das Ace AIR Pro bietet tollen Stil bei gleichzeitig voller Funktionalit\u00e4t &#8211; man wird Sie auf dem Campingplatz darum beneiden. Die geformten Frontteile sehen nicht nur hervorragend aus, sondern bieten zus\u00e4tzlichen Innenraum mit 300 cm Tiefe. Gro\u00dfe Panoramafenster und Oberlichter lassen tags\u00fcber jede Menge Licht herein und geben [&hellip;]","og_url":"https:\/\/shop.bantam.ch\/de\/produkt\/vorzelt-ace-air-pro\/","og_site_name":"Bantam Camping AG","article_modified_time":"2026-04-18T22:03:22+00:00","og_image":[{"width":1181,"height":1181,"url":"https:\/\/shop.bantam.ch\/wp-content\/uploads\/2023\/03\/9120001124_Ace-AIR-Pro-400-S-1.jpg","type":"image\/jpeg"}],"twitter_card":"summary_large_image","twitter_misc":{"Gesch\u00e4tzte Lesezeit":"1\u00a0Minute"},"schema":{"@context":"https:\/\/schema.org","@graph":[{"@type":"WebPage","@id":"https:\/\/shop.bantam.ch\/de\/produkt\/vorzelt-ace-air-pro\/","url":"https:\/\/shop.bantam.ch\/de\/produkt\/vorzelt-ace-air-pro\/","name":"Vorzelt Ace AIR Pro - Bantam Camping AG","isPartOf":{"@id":"https:\/\/shop.bantam.ch\/de\/#website"},"primaryImageOfPage":{"@id":"https:\/\/shop.bantam.ch\/de\/produkt\/vorzelt-ace-air-pro\/#primaryimage"},"image":{"@id":"https:\/\/shop.bantam.ch\/de\/produkt\/vorzelt-ace-air-pro\/#primaryimage"},"thumbnailUrl":"https:\/\/shop.bantam.ch\/wp-content\/uploads\/2023\/03\/9120001124_Ace-AIR-Pro-400-S-1.jpg","datePublished":"2023-03-17T13:22:27+00:00","dateModified":"2026-04-18T22:03:22+00:00","breadcrumb":{"@id":"https:\/\/shop.bantam.ch\/de\/produkt\/vorzelt-ace-air-pro\/#breadcrumb"},"inLanguage":"de","potentialAction":[{"@type":"ReadAction","target":["https:\/\/shop.bantam.ch\/de\/produkt\/vorzelt-ace-air-pro\/"]}]},{"@type":"ImageObject","inLanguage":"de","@id":"https:\/\/shop.bantam.ch\/de\/produkt\/vorzelt-ace-air-pro\/#primaryimage","url":"https:\/\/shop.bantam.ch\/wp-content\/uploads\/2023\/03\/9120001124_Ace-AIR-Pro-400-S-1.jpg","contentUrl":"https:\/\/shop.bantam.ch\/wp-content\/uploads\/2023\/03\/9120001124_Ace-AIR-Pro-400-S-1.jpg","width":1181,"height":1181},{"@type":"BreadcrumbList","@id":"https:\/\/shop.bantam.ch\/de\/produkt\/vorzelt-ace-air-pro\/#breadcrumb","itemListElement":[{"@type":"ListItem","position":1,"name":"Accueil","item":"https:\/\/shop.bantam.ch\/de\/"},{"@type":"ListItem","position":2,"name":"Shop","item":"https:\/\/shop.bantam.ch\/de\/shop\/"},{"@type":"ListItem","position":3,"name":"Vorzelt Ace AIR Pro"}]},{"@type":"WebSite","@id":"https:\/\/shop.bantam.ch\/de\/#website","url":"https:\/\/shop.bantam.ch\/de\/","name":"Bantam Camping AG","description":"","publisher":{"@id":"https:\/\/shop.bantam.ch\/de\/#organization"},"inLanguage":"de"},{"@type":"Organization","@id":"https:\/\/shop.bantam.ch\/de\/#organization","name":"Bantam Camping AG","url":"https:\/\/shop.bantam.ch\/de\/","logo":{"@type":"ImageObject","inLanguage":"de","@id":"https:\/\/shop.bantam.ch\/de\/#\/schema\/logo\/image\/","url":"https:\/\/shop.bantam.ch\/wp-content\/uploads\/2022\/12\/bantam-logo.png","contentUrl":"https:\/\/shop.bantam.ch\/wp-content\/uploads\/2022\/12\/bantam-logo.png","width":320,"height":71,"caption":"Bantam Camping AG"},"image":{"@id":"https:\/\/shop.bantam.ch\/de\/#\/schema\/logo\/image\/"}}]}},"_links":{"self":[{"href":"https:\/\/shop.bantam.ch\/de\/wp-json\/wp\/v2\/product\/150712","targetHints":{"allow":["GET"]}}],"collection":[{"href":"https:\/\/shop.bantam.ch\/de\/wp-json\/wp\/v2\/product"}],"about":[{"href":"https:\/\/shop.bantam.ch\/de\/wp-json\/wp\/v2\/types\/product"}],"wp:featuredmedia":[{"embeddable":true,"href":"https:\/\/shop.bantam.ch\/de\/wp-json\/wp\/v2\/media\/150704"}],"wp:attachment":[{"href":"https:\/\/shop.bantam.ch\/de\/wp-json\/wp\/v2\/media?parent=150712"}],"wp:term":[{"taxonomy":"product_featured_cat","embeddable":true,"href":"https:\/\/shop.bantam.ch\/de\/wp-json\/wp\/v2\/product_featured_cat?post=150712"},{"taxonomy":"product_brand","embeddable":true,"href":"https:\/\/shop.bantam.ch\/de\/wp-json\/wp\/v2\/product_brand?post=150712"},{"taxonomy":"product_cat","embeddable":true,"href":"https:\/\/shop.bantam.ch\/de\/wp-json\/wp\/v2\/product_cat?post=150712"},{"taxonomy":"product_tag","embeddable":true,"href":"https:\/\/shop.bantam.ch\/de\/wp-json\/wp\/v2\/product_tag?post=150712"}],"curies":[{"name":"wp","href":"https:\/\/api.w.org\/{rel}","templated":true}]}}