{"id":138686,"date":"2023-03-01T20:19:26","date_gmt":"2023-03-01T19:19:26","guid":{"rendered":"https:\/\/shop.bantam.ch\/produit\/strassenkarte-salzburg-sued-tirol-osttirol\/"},"modified":"2026-05-10T22:05:27","modified_gmt":"2026-05-10T20:05:27","slug":"strassenkarte-salzburg-sued-tirol-osttirol","status":"publish","type":"product","link":"https:\/\/shop.bantam.ch\/de\/produkt\/strassenkarte-salzburg-sued-tirol-osttirol\/","title":{"rendered":"Strassenkarte Salzburg S\u00fcd Tirol &#8211; Osttirol"},"content":{"rendered":"<p>Diese \u00fcbersichtlichen Karten zeigen die ganzen L\u00e4nder oder Regionen im grossen Massstab mit allen St\u00e4dten, Orten und Strassen,\u00a0landschaftlich sch\u00f6nen Strecken und Sehensw\u00fcrdigkeiten. Das schnelle Auffinden der nummerierten Highlights wird durch die in der Karte eingetragenen Nummern sehr erleichtert.<\/p>\n<p>Die\u00a0Highlights werden in Foto und kurzem Text vorgestellt. Gleiche Nummerierung von Foto, Text und Karte zeigt die Vernetzung aller Elemente und f\u00fchrt zus\u00e4tzlich unterst\u00fctzt durch ein Suchgitter zu schnellem Aufsuchen. Die Highlights sind ausgew\u00e4hlt aus Kunst, Kultur, Landschaft, Lebensart und kulinarischen Gen\u00fcssen.<\/p>\n<p>Ein zus\u00e4tzliches Namensverzeichnis erleichtert das Aufsuchen der gr\u00f6ssten und wichtigsten Orte.<\/p>\n","protected":false},"excerpt":{"rendered":"<p>Diese \u00fcbersichtlichen Karten zeigen die ganzen L\u00e4nder oder Regionen im grossen Massstab mit allen St\u00e4dten, Orten und Strassen,\u00a0landschaftlich sch\u00f6nen Strecken und Sehensw\u00fcrdigkeiten. Das schnelle Auffinden der nummerierten Highlights wird durch die in der Karte eingetragenen Nummern sehr erleichtert. Die\u00a0Highlights werden in Foto und kurzem Text vorgestellt. Gleiche Nummerierung von Foto, Text und Karte zeigt die [&hellip;]<\/p>\n","protected":false},"featured_media":188901,"template":"","meta":{"_acf_changed":false},"product_featured_cat":[],"product_brand":[3033],"product_cat":[4352],"product_tag":[],"class_list":{"0":"post-138686","1":"product","2":"type-product","3":"status-publish","4":"has-post-thumbnail","6":"product_brand-standard-de","7":"product_cat-reisefuehrer","9":"first","10":"instock","11":"taxable","12":"shipping-taxable","13":"purchasable","14":"product-type-simple"},"acf":[],"yoast_head":"<!-- This site is optimized with the Yoast SEO plugin v27.5 - https:\/\/yoast.com\/product\/yoast-seo-wordpress\/ -->\n<title>Strassenkarte Salzburg S\u00fcd Tirol - Osttirol - Bantam<\/title>\n<meta name=\"robots\" content=\"index, follow, max-snippet:-1, max-image-preview:large, max-video-preview:-1\" \/>\n<link rel=\"canonical\" href=\"https:\/\/shop.bantam.ch\/de\/produkt\/strassenkarte-salzburg-sued-tirol-osttirol\/\" \/>\n<meta property=\"og:locale\" content=\"de_DE\" \/>\n<meta property=\"og:type\" content=\"article\" \/>\n<meta property=\"og:title\" content=\"Strassenkarte Salzburg S\u00fcd Tirol - Osttirol - Bantam\" \/>\n<meta property=\"og:description\" content=\"Diese \u00fcbersichtlichen Karten zeigen die ganzen L\u00e4nder oder Regionen im grossen Massstab mit allen St\u00e4dten, Orten und Strassen,\u00a0landschaftlich sch\u00f6nen Strecken und Sehensw\u00fcrdigkeiten. Das schnelle Auffinden der nummerierten Highlights wird durch die in der Karte eingetragenen Nummern sehr erleichtert. Die\u00a0Highlights werden in Foto und kurzem Text vorgestellt. Gleiche Nummerierung von Foto, Text und Karte zeigt die [&hellip;]\" \/>\n<meta property=\"og:url\" content=\"https:\/\/shop.bantam.ch\/de\/produkt\/strassenkarte-salzburg-sued-tirol-osttirol\/\" \/>\n<meta property=\"og:site_name\" content=\"Bantam\" \/>\n<meta property=\"article:modified_time\" content=\"2026-05-10T20:05:27+00:00\" \/>\n<meta property=\"og:image\" content=\"https:\/\/shop.bantam.ch\/wp-content\/uploads\/2023\/12\/p-strassenkarte-salzburg-tirol-3-259-01279-6-731789-oesterreich-reisekarten-1-150-000-.jpg\" \/>\n\t<meta property=\"og:image:width\" content=\"600\" \/>\n\t<meta property=\"og:image:height\" content=\"600\" \/>\n\t<meta property=\"og:image:type\" content=\"image\/jpeg\" \/>\n<meta name=\"twitter:card\" content=\"summary_large_image\" \/>\n<meta name=\"twitter:label1\" content=\"Gesch\u00e4tzte Lesezeit\" \/>\n\t<meta name=\"twitter:data1\" content=\"1\u00a0Minute\" \/>\n<script type=\"application\/ld+json\" class=\"yoast-schema-graph\">{\"@context\":\"https:\\\/\\\/schema.org\",\"@graph\":[{\"@type\":\"WebPage\",\"@id\":\"https:\\\/\\\/shop.bantam.ch\\\/de\\\/produkt\\\/strassenkarte-salzburg-sued-tirol-osttirol\\\/\",\"url\":\"https:\\\/\\\/shop.bantam.ch\\\/de\\\/produkt\\\/strassenkarte-salzburg-sued-tirol-osttirol\\\/\",\"name\":\"Strassenkarte Salzburg S\u00fcd Tirol - Osttirol - Bantam\",\"isPartOf\":{\"@id\":\"https:\\\/\\\/shop.bantam.ch\\\/de\\\/#website\"},\"primaryImageOfPage\":{\"@id\":\"https:\\\/\\\/shop.bantam.ch\\\/de\\\/produkt\\\/strassenkarte-salzburg-sued-tirol-osttirol\\\/#primaryimage\"},\"image\":{\"@id\":\"https:\\\/\\\/shop.bantam.ch\\\/de\\\/produkt\\\/strassenkarte-salzburg-sued-tirol-osttirol\\\/#primaryimage\"},\"thumbnailUrl\":\"https:\\\/\\\/shop.bantam.ch\\\/wp-content\\\/uploads\\\/2023\\\/12\\\/p-strassenkarte-salzburg-tirol-3-259-01279-6-731789-oesterreich-reisekarten-1-150-000-.jpg\",\"datePublished\":\"2023-03-01T19:19:26+00:00\",\"dateModified\":\"2026-05-10T20:05:27+00:00\",\"breadcrumb\":{\"@id\":\"https:\\\/\\\/shop.bantam.ch\\\/de\\\/produkt\\\/strassenkarte-salzburg-sued-tirol-osttirol\\\/#breadcrumb\"},\"inLanguage\":\"de\",\"potentialAction\":[{\"@type\":\"ReadAction\",\"target\":[\"https:\\\/\\\/shop.bantam.ch\\\/de\\\/produkt\\\/strassenkarte-salzburg-sued-tirol-osttirol\\\/\"]}]},{\"@type\":\"ImageObject\",\"inLanguage\":\"de\",\"@id\":\"https:\\\/\\\/shop.bantam.ch\\\/de\\\/produkt\\\/strassenkarte-salzburg-sued-tirol-osttirol\\\/#primaryimage\",\"url\":\"https:\\\/\\\/shop.bantam.ch\\\/wp-content\\\/uploads\\\/2023\\\/12\\\/p-strassenkarte-salzburg-tirol-3-259-01279-6-731789-oesterreich-reisekarten-1-150-000-.jpg\",\"contentUrl\":\"https:\\\/\\\/shop.bantam.ch\\\/wp-content\\\/uploads\\\/2023\\\/12\\\/p-strassenkarte-salzburg-tirol-3-259-01279-6-731789-oesterreich-reisekarten-1-150-000-.jpg\",\"width\":600,\"height\":600},{\"@type\":\"BreadcrumbList\",\"@id\":\"https:\\\/\\\/shop.bantam.ch\\\/de\\\/produkt\\\/strassenkarte-salzburg-sued-tirol-osttirol\\\/#breadcrumb\",\"itemListElement\":[{\"@type\":\"ListItem\",\"position\":1,\"name\":\"Accueil\",\"item\":\"https:\\\/\\\/shop.bantam.ch\\\/de\\\/\"},{\"@type\":\"ListItem\",\"position\":2,\"name\":\"Shop\",\"item\":\"https:\\\/\\\/shop.bantam.ch\\\/de\\\/shop\\\/\"},{\"@type\":\"ListItem\",\"position\":3,\"name\":\"Strassenkarte Salzburg S\u00fcd Tirol &#8211; Osttirol\"}]},{\"@type\":\"WebSite\",\"@id\":\"https:\\\/\\\/shop.bantam.ch\\\/de\\\/#website\",\"url\":\"https:\\\/\\\/shop.bantam.ch\\\/de\\\/\",\"name\":\"Bantam\",\"description\":\"\",\"publisher\":{\"@id\":\"https:\\\/\\\/shop.bantam.ch\\\/de\\\/#organization\"},\"inLanguage\":\"de\"},{\"@type\":\"Organization\",\"@id\":\"https:\\\/\\\/shop.bantam.ch\\\/de\\\/#organization\",\"name\":\"Bantam\",\"url\":\"https:\\\/\\\/shop.bantam.ch\\\/de\\\/\",\"logo\":{\"@type\":\"ImageObject\",\"inLanguage\":\"de\",\"@id\":\"https:\\\/\\\/shop.bantam.ch\\\/de\\\/#\\\/schema\\\/logo\\\/image\\\/\",\"url\":\"https:\\\/\\\/shop.bantam.ch\\\/wp-content\\\/uploads\\\/2022\\\/12\\\/bantam-logo.png\",\"contentUrl\":\"https:\\\/\\\/shop.bantam.ch\\\/wp-content\\\/uploads\\\/2022\\\/12\\\/bantam-logo.png\",\"width\":320,\"height\":71,\"caption\":\"Bantam\"},\"image\":{\"@id\":\"https:\\\/\\\/shop.bantam.ch\\\/de\\\/#\\\/schema\\\/logo\\\/image\\\/\"}}]}<\/script>\n<!-- \/ Yoast SEO plugin. -->","yoast_head_json":{"title":"Strassenkarte Salzburg S\u00fcd Tirol - Osttirol - Bantam","robots":{"index":"index","follow":"follow","max-snippet":"max-snippet:-1","max-image-preview":"max-image-preview:large","max-video-preview":"max-video-preview:-1"},"canonical":"https:\/\/shop.bantam.ch\/de\/produkt\/strassenkarte-salzburg-sued-tirol-osttirol\/","og_locale":"de_DE","og_type":"article","og_title":"Strassenkarte Salzburg S\u00fcd Tirol - Osttirol - Bantam","og_description":"Diese \u00fcbersichtlichen Karten zeigen die ganzen L\u00e4nder oder Regionen im grossen Massstab mit allen St\u00e4dten, Orten und Strassen,\u00a0landschaftlich sch\u00f6nen Strecken und Sehensw\u00fcrdigkeiten. Das schnelle Auffinden der nummerierten Highlights wird durch die in der Karte eingetragenen Nummern sehr erleichtert. Die\u00a0Highlights werden in Foto und kurzem Text vorgestellt. Gleiche Nummerierung von Foto, Text und Karte zeigt die [&hellip;]","og_url":"https:\/\/shop.bantam.ch\/de\/produkt\/strassenkarte-salzburg-sued-tirol-osttirol\/","og_site_name":"Bantam","article_modified_time":"2026-05-10T20:05:27+00:00","og_image":[{"width":600,"height":600,"url":"https:\/\/shop.bantam.ch\/wp-content\/uploads\/2023\/12\/p-strassenkarte-salzburg-tirol-3-259-01279-6-731789-oesterreich-reisekarten-1-150-000-.jpg","type":"image\/jpeg"}],"twitter_card":"summary_large_image","twitter_misc":{"Gesch\u00e4tzte Lesezeit":"1\u00a0Minute"},"schema":{"@context":"https:\/\/schema.org","@graph":[{"@type":"WebPage","@id":"https:\/\/shop.bantam.ch\/de\/produkt\/strassenkarte-salzburg-sued-tirol-osttirol\/","url":"https:\/\/shop.bantam.ch\/de\/produkt\/strassenkarte-salzburg-sued-tirol-osttirol\/","name":"Strassenkarte Salzburg S\u00fcd Tirol - Osttirol - Bantam","isPartOf":{"@id":"https:\/\/shop.bantam.ch\/de\/#website"},"primaryImageOfPage":{"@id":"https:\/\/shop.bantam.ch\/de\/produkt\/strassenkarte-salzburg-sued-tirol-osttirol\/#primaryimage"},"image":{"@id":"https:\/\/shop.bantam.ch\/de\/produkt\/strassenkarte-salzburg-sued-tirol-osttirol\/#primaryimage"},"thumbnailUrl":"https:\/\/shop.bantam.ch\/wp-content\/uploads\/2023\/12\/p-strassenkarte-salzburg-tirol-3-259-01279-6-731789-oesterreich-reisekarten-1-150-000-.jpg","datePublished":"2023-03-01T19:19:26+00:00","dateModified":"2026-05-10T20:05:27+00:00","breadcrumb":{"@id":"https:\/\/shop.bantam.ch\/de\/produkt\/strassenkarte-salzburg-sued-tirol-osttirol\/#breadcrumb"},"inLanguage":"de","potentialAction":[{"@type":"ReadAction","target":["https:\/\/shop.bantam.ch\/de\/produkt\/strassenkarte-salzburg-sued-tirol-osttirol\/"]}]},{"@type":"ImageObject","inLanguage":"de","@id":"https:\/\/shop.bantam.ch\/de\/produkt\/strassenkarte-salzburg-sued-tirol-osttirol\/#primaryimage","url":"https:\/\/shop.bantam.ch\/wp-content\/uploads\/2023\/12\/p-strassenkarte-salzburg-tirol-3-259-01279-6-731789-oesterreich-reisekarten-1-150-000-.jpg","contentUrl":"https:\/\/shop.bantam.ch\/wp-content\/uploads\/2023\/12\/p-strassenkarte-salzburg-tirol-3-259-01279-6-731789-oesterreich-reisekarten-1-150-000-.jpg","width":600,"height":600},{"@type":"BreadcrumbList","@id":"https:\/\/shop.bantam.ch\/de\/produkt\/strassenkarte-salzburg-sued-tirol-osttirol\/#breadcrumb","itemListElement":[{"@type":"ListItem","position":1,"name":"Accueil","item":"https:\/\/shop.bantam.ch\/de\/"},{"@type":"ListItem","position":2,"name":"Shop","item":"https:\/\/shop.bantam.ch\/de\/shop\/"},{"@type":"ListItem","position":3,"name":"Strassenkarte Salzburg S\u00fcd Tirol &#8211; Osttirol"}]},{"@type":"WebSite","@id":"https:\/\/shop.bantam.ch\/de\/#website","url":"https:\/\/shop.bantam.ch\/de\/","name":"Bantam","description":"","publisher":{"@id":"https:\/\/shop.bantam.ch\/de\/#organization"},"inLanguage":"de"},{"@type":"Organization","@id":"https:\/\/shop.bantam.ch\/de\/#organization","name":"Bantam","url":"https:\/\/shop.bantam.ch\/de\/","logo":{"@type":"ImageObject","inLanguage":"de","@id":"https:\/\/shop.bantam.ch\/de\/#\/schema\/logo\/image\/","url":"https:\/\/shop.bantam.ch\/wp-content\/uploads\/2022\/12\/bantam-logo.png","contentUrl":"https:\/\/shop.bantam.ch\/wp-content\/uploads\/2022\/12\/bantam-logo.png","width":320,"height":71,"caption":"Bantam"},"image":{"@id":"https:\/\/shop.bantam.ch\/de\/#\/schema\/logo\/image\/"}}]}},"_links":{"self":[{"href":"https:\/\/shop.bantam.ch\/de\/wp-json\/wp\/v2\/product\/138686","targetHints":{"allow":["GET"]}}],"collection":[{"href":"https:\/\/shop.bantam.ch\/de\/wp-json\/wp\/v2\/product"}],"about":[{"href":"https:\/\/shop.bantam.ch\/de\/wp-json\/wp\/v2\/types\/product"}],"wp:featuredmedia":[{"embeddable":true,"href":"https:\/\/shop.bantam.ch\/de\/wp-json\/wp\/v2\/media\/188901"}],"wp:attachment":[{"href":"https:\/\/shop.bantam.ch\/de\/wp-json\/wp\/v2\/media?parent=138686"}],"wp:term":[{"taxonomy":"product_featured_cat","embeddable":true,"href":"https:\/\/shop.bantam.ch\/de\/wp-json\/wp\/v2\/product_featured_cat?post=138686"},{"taxonomy":"product_brand","embeddable":true,"href":"https:\/\/shop.bantam.ch\/de\/wp-json\/wp\/v2\/product_brand?post=138686"},{"taxonomy":"product_cat","embeddable":true,"href":"https:\/\/shop.bantam.ch\/de\/wp-json\/wp\/v2\/product_cat?post=138686"},{"taxonomy":"product_tag","embeddable":true,"href":"https:\/\/shop.bantam.ch\/de\/wp-json\/wp\/v2\/product_tag?post=138686"}],"curies":[{"name":"wp","href":"https:\/\/api.w.org\/{rel}","templated":true}]}}