{"id":138668,"date":"2023-03-01T20:18:22","date_gmt":"2023-03-01T19:18:22","guid":{"rendered":"https:\/\/shop.bantam.ch\/produit\/regionalkarte-abruzzen-molise-laquila-pescara-campobasso\/"},"modified":"2026-04-18T22:07:11","modified_gmt":"2026-04-18T20:07:11","slug":"regionalkarte-abruzzen-molise-laquila-pescara-campobasso","status":"publish","type":"product","link":"https:\/\/shop.bantam.ch\/de\/produkt\/regionalkarte-abruzzen-molise-laquila-pescara-campobasso\/","title":{"rendered":"Regionalkarte Abruzzen, Molise (L&#8217;Aquila &#8211; Pescara &#8211; Campobasso)"},"content":{"rendered":"<p>Optimale Orientierung &#8211; die Regionalkarten helfen weiter. Mit den Regionalkarten von K\u00fcmmerly+Frey f\u00fchlen Sie sich auch in den Ferien wie zu Hause. Sie wissen immer, wo Sie sind und wie weit es bis zur n\u00e4chsten Sehensw\u00fcrdigkeit ist. Die Regionalkarten sind Lizenzausgaben namhafter kartografischer Verlage.\u00a0 Es gibt sie von folgenden L\u00e4ndern: Deutschland, \u00d6sterreich, Italien, Frankreich, Grossbritannien, Spanien\/Portugal, Norwegen, Schweden und D\u00e4nemark. Beachten Sie dazu die detaillierten Blattschnitte. Massstab 1: 200 000<\/p>\n","protected":false},"excerpt":{"rendered":"<p>Optimale Orientierung &#8211; die Regionalkarten helfen weiter. Mit den Regionalkarten von K\u00fcmmerly+Frey f\u00fchlen Sie sich auch in den Ferien wie zu Hause. Sie wissen immer, wo Sie sind und wie weit es bis zur n\u00e4chsten Sehensw\u00fcrdigkeit ist. Die Regionalkarten sind Lizenzausgaben namhafter kartografischer Verlage.\u00a0 Es gibt sie von folgenden L\u00e4ndern: Deutschland, \u00d6sterreich, Italien, Frankreich, Grossbritannien, [&hellip;]<\/p>\n","protected":false},"featured_media":188623,"template":"","meta":{"_acf_changed":false},"product_featured_cat":[],"product_brand":[3033],"product_cat":[4352],"product_tag":[],"class_list":{"0":"post-138668","1":"product","2":"type-product","3":"status-publish","4":"has-post-thumbnail","6":"product_brand-standard-de","7":"product_cat-reisefuehrer","9":"first","10":"instock","11":"taxable","12":"shipping-taxable","13":"purchasable","14":"product-type-simple"},"acf":[],"yoast_head":"<!-- This site is optimized with the Yoast SEO plugin v27.4 - https:\/\/yoast.com\/product\/yoast-seo-wordpress\/ -->\n<title>Regionalkarte Abruzzen, Molise (L&#039;Aquila - Pescara - Campobasso) - Bantam Camping AG<\/title>\n<meta name=\"robots\" content=\"index, follow, max-snippet:-1, max-image-preview:large, max-video-preview:-1\" \/>\n<link rel=\"canonical\" href=\"https:\/\/shop.bantam.ch\/de\/produkt\/regionalkarte-abruzzen-molise-laquila-pescara-campobasso\/\" \/>\n<meta property=\"og:locale\" content=\"de_DE\" \/>\n<meta property=\"og:type\" content=\"article\" \/>\n<meta property=\"og:title\" content=\"Regionalkarte Abruzzen, Molise (L&#039;Aquila - Pescara - Campobasso) - Bantam Camping AG\" \/>\n<meta property=\"og:description\" content=\"Optimale Orientierung &#8211; die Regionalkarten helfen weiter. Mit den Regionalkarten von K\u00fcmmerly+Frey f\u00fchlen Sie sich auch in den Ferien wie zu Hause. Sie wissen immer, wo Sie sind und wie weit es bis zur n\u00e4chsten Sehensw\u00fcrdigkeit ist. Die Regionalkarten sind Lizenzausgaben namhafter kartografischer Verlage.\u00a0 Es gibt sie von folgenden L\u00e4ndern: Deutschland, \u00d6sterreich, Italien, Frankreich, Grossbritannien, [&hellip;]\" \/>\n<meta property=\"og:url\" content=\"https:\/\/shop.bantam.ch\/de\/produkt\/regionalkarte-abruzzen-molise-laquila-pescara-campobasso\/\" \/>\n<meta property=\"og:site_name\" content=\"Bantam Camping AG\" \/>\n<meta property=\"article:modified_time\" content=\"2026-04-18T20:07:11+00:00\" \/>\n<meta property=\"og:image\" content=\"https:\/\/shop.bantam.ch\/wp-content\/uploads\/2023\/12\/49917018.jpg\" \/>\n\t<meta property=\"og:image:width\" content=\"166\" \/>\n\t<meta property=\"og:image:height\" content=\"320\" \/>\n\t<meta property=\"og:image:type\" content=\"image\/jpeg\" \/>\n<meta name=\"twitter:card\" content=\"summary_large_image\" \/>\n<script type=\"application\/ld+json\" class=\"yoast-schema-graph\">{\"@context\":\"https:\\\/\\\/schema.org\",\"@graph\":[{\"@type\":\"WebPage\",\"@id\":\"https:\\\/\\\/shop.bantam.ch\\\/de\\\/produkt\\\/regionalkarte-abruzzen-molise-laquila-pescara-campobasso\\\/\",\"url\":\"https:\\\/\\\/shop.bantam.ch\\\/de\\\/produkt\\\/regionalkarte-abruzzen-molise-laquila-pescara-campobasso\\\/\",\"name\":\"Regionalkarte Abruzzen, Molise (L'Aquila - Pescara - Campobasso) - Bantam Camping AG\",\"isPartOf\":{\"@id\":\"https:\\\/\\\/shop.bantam.ch\\\/de\\\/#website\"},\"primaryImageOfPage\":{\"@id\":\"https:\\\/\\\/shop.bantam.ch\\\/de\\\/produkt\\\/regionalkarte-abruzzen-molise-laquila-pescara-campobasso\\\/#primaryimage\"},\"image\":{\"@id\":\"https:\\\/\\\/shop.bantam.ch\\\/de\\\/produkt\\\/regionalkarte-abruzzen-molise-laquila-pescara-campobasso\\\/#primaryimage\"},\"thumbnailUrl\":\"https:\\\/\\\/shop.bantam.ch\\\/wp-content\\\/uploads\\\/2023\\\/12\\\/49917018.jpg\",\"datePublished\":\"2023-03-01T19:18:22+00:00\",\"dateModified\":\"2026-04-18T20:07:11+00:00\",\"breadcrumb\":{\"@id\":\"https:\\\/\\\/shop.bantam.ch\\\/de\\\/produkt\\\/regionalkarte-abruzzen-molise-laquila-pescara-campobasso\\\/#breadcrumb\"},\"inLanguage\":\"de\",\"potentialAction\":[{\"@type\":\"ReadAction\",\"target\":[\"https:\\\/\\\/shop.bantam.ch\\\/de\\\/produkt\\\/regionalkarte-abruzzen-molise-laquila-pescara-campobasso\\\/\"]}]},{\"@type\":\"ImageObject\",\"inLanguage\":\"de\",\"@id\":\"https:\\\/\\\/shop.bantam.ch\\\/de\\\/produkt\\\/regionalkarte-abruzzen-molise-laquila-pescara-campobasso\\\/#primaryimage\",\"url\":\"https:\\\/\\\/shop.bantam.ch\\\/wp-content\\\/uploads\\\/2023\\\/12\\\/49917018.jpg\",\"contentUrl\":\"https:\\\/\\\/shop.bantam.ch\\\/wp-content\\\/uploads\\\/2023\\\/12\\\/49917018.jpg\",\"width\":166,\"height\":320},{\"@type\":\"BreadcrumbList\",\"@id\":\"https:\\\/\\\/shop.bantam.ch\\\/de\\\/produkt\\\/regionalkarte-abruzzen-molise-laquila-pescara-campobasso\\\/#breadcrumb\",\"itemListElement\":[{\"@type\":\"ListItem\",\"position\":1,\"name\":\"Accueil\",\"item\":\"https:\\\/\\\/shop.bantam.ch\\\/de\\\/\"},{\"@type\":\"ListItem\",\"position\":2,\"name\":\"Shop\",\"item\":\"https:\\\/\\\/shop.bantam.ch\\\/de\\\/shop\\\/\"},{\"@type\":\"ListItem\",\"position\":3,\"name\":\"Regionalkarte Abruzzen, Molise (L&rsquo;Aquila &#8211; Pescara &#8211; Campobasso)\"}]},{\"@type\":\"WebSite\",\"@id\":\"https:\\\/\\\/shop.bantam.ch\\\/de\\\/#website\",\"url\":\"https:\\\/\\\/shop.bantam.ch\\\/de\\\/\",\"name\":\"Bantam Camping AG\",\"description\":\"\",\"publisher\":{\"@id\":\"https:\\\/\\\/shop.bantam.ch\\\/de\\\/#organization\"},\"inLanguage\":\"de\"},{\"@type\":\"Organization\",\"@id\":\"https:\\\/\\\/shop.bantam.ch\\\/de\\\/#organization\",\"name\":\"Bantam Camping AG\",\"url\":\"https:\\\/\\\/shop.bantam.ch\\\/de\\\/\",\"logo\":{\"@type\":\"ImageObject\",\"inLanguage\":\"de\",\"@id\":\"https:\\\/\\\/shop.bantam.ch\\\/de\\\/#\\\/schema\\\/logo\\\/image\\\/\",\"url\":\"https:\\\/\\\/shop.bantam.ch\\\/wp-content\\\/uploads\\\/2022\\\/12\\\/bantam-logo.png\",\"contentUrl\":\"https:\\\/\\\/shop.bantam.ch\\\/wp-content\\\/uploads\\\/2022\\\/12\\\/bantam-logo.png\",\"width\":320,\"height\":71,\"caption\":\"Bantam Camping AG\"},\"image\":{\"@id\":\"https:\\\/\\\/shop.bantam.ch\\\/de\\\/#\\\/schema\\\/logo\\\/image\\\/\"}}]}<\/script>\n<!-- \/ Yoast SEO plugin. -->","yoast_head_json":{"title":"Regionalkarte Abruzzen, Molise (L'Aquila - Pescara - Campobasso) - Bantam Camping AG","robots":{"index":"index","follow":"follow","max-snippet":"max-snippet:-1","max-image-preview":"max-image-preview:large","max-video-preview":"max-video-preview:-1"},"canonical":"https:\/\/shop.bantam.ch\/de\/produkt\/regionalkarte-abruzzen-molise-laquila-pescara-campobasso\/","og_locale":"de_DE","og_type":"article","og_title":"Regionalkarte Abruzzen, Molise (L'Aquila - Pescara - Campobasso) - Bantam Camping AG","og_description":"Optimale Orientierung &#8211; die Regionalkarten helfen weiter. Mit den Regionalkarten von K\u00fcmmerly+Frey f\u00fchlen Sie sich auch in den Ferien wie zu Hause. Sie wissen immer, wo Sie sind und wie weit es bis zur n\u00e4chsten Sehensw\u00fcrdigkeit ist. Die Regionalkarten sind Lizenzausgaben namhafter kartografischer Verlage.\u00a0 Es gibt sie von folgenden L\u00e4ndern: Deutschland, \u00d6sterreich, Italien, Frankreich, Grossbritannien, [&hellip;]","og_url":"https:\/\/shop.bantam.ch\/de\/produkt\/regionalkarte-abruzzen-molise-laquila-pescara-campobasso\/","og_site_name":"Bantam Camping AG","article_modified_time":"2026-04-18T20:07:11+00:00","og_image":[{"width":166,"height":320,"url":"https:\/\/shop.bantam.ch\/wp-content\/uploads\/2023\/12\/49917018.jpg","type":"image\/jpeg"}],"twitter_card":"summary_large_image","schema":{"@context":"https:\/\/schema.org","@graph":[{"@type":"WebPage","@id":"https:\/\/shop.bantam.ch\/de\/produkt\/regionalkarte-abruzzen-molise-laquila-pescara-campobasso\/","url":"https:\/\/shop.bantam.ch\/de\/produkt\/regionalkarte-abruzzen-molise-laquila-pescara-campobasso\/","name":"Regionalkarte Abruzzen, Molise (L'Aquila - Pescara - Campobasso) - Bantam Camping AG","isPartOf":{"@id":"https:\/\/shop.bantam.ch\/de\/#website"},"primaryImageOfPage":{"@id":"https:\/\/shop.bantam.ch\/de\/produkt\/regionalkarte-abruzzen-molise-laquila-pescara-campobasso\/#primaryimage"},"image":{"@id":"https:\/\/shop.bantam.ch\/de\/produkt\/regionalkarte-abruzzen-molise-laquila-pescara-campobasso\/#primaryimage"},"thumbnailUrl":"https:\/\/shop.bantam.ch\/wp-content\/uploads\/2023\/12\/49917018.jpg","datePublished":"2023-03-01T19:18:22+00:00","dateModified":"2026-04-18T20:07:11+00:00","breadcrumb":{"@id":"https:\/\/shop.bantam.ch\/de\/produkt\/regionalkarte-abruzzen-molise-laquila-pescara-campobasso\/#breadcrumb"},"inLanguage":"de","potentialAction":[{"@type":"ReadAction","target":["https:\/\/shop.bantam.ch\/de\/produkt\/regionalkarte-abruzzen-molise-laquila-pescara-campobasso\/"]}]},{"@type":"ImageObject","inLanguage":"de","@id":"https:\/\/shop.bantam.ch\/de\/produkt\/regionalkarte-abruzzen-molise-laquila-pescara-campobasso\/#primaryimage","url":"https:\/\/shop.bantam.ch\/wp-content\/uploads\/2023\/12\/49917018.jpg","contentUrl":"https:\/\/shop.bantam.ch\/wp-content\/uploads\/2023\/12\/49917018.jpg","width":166,"height":320},{"@type":"BreadcrumbList","@id":"https:\/\/shop.bantam.ch\/de\/produkt\/regionalkarte-abruzzen-molise-laquila-pescara-campobasso\/#breadcrumb","itemListElement":[{"@type":"ListItem","position":1,"name":"Accueil","item":"https:\/\/shop.bantam.ch\/de\/"},{"@type":"ListItem","position":2,"name":"Shop","item":"https:\/\/shop.bantam.ch\/de\/shop\/"},{"@type":"ListItem","position":3,"name":"Regionalkarte Abruzzen, Molise (L&rsquo;Aquila &#8211; Pescara &#8211; Campobasso)"}]},{"@type":"WebSite","@id":"https:\/\/shop.bantam.ch\/de\/#website","url":"https:\/\/shop.bantam.ch\/de\/","name":"Bantam Camping AG","description":"","publisher":{"@id":"https:\/\/shop.bantam.ch\/de\/#organization"},"inLanguage":"de"},{"@type":"Organization","@id":"https:\/\/shop.bantam.ch\/de\/#organization","name":"Bantam Camping AG","url":"https:\/\/shop.bantam.ch\/de\/","logo":{"@type":"ImageObject","inLanguage":"de","@id":"https:\/\/shop.bantam.ch\/de\/#\/schema\/logo\/image\/","url":"https:\/\/shop.bantam.ch\/wp-content\/uploads\/2022\/12\/bantam-logo.png","contentUrl":"https:\/\/shop.bantam.ch\/wp-content\/uploads\/2022\/12\/bantam-logo.png","width":320,"height":71,"caption":"Bantam Camping AG"},"image":{"@id":"https:\/\/shop.bantam.ch\/de\/#\/schema\/logo\/image\/"}}]}},"_links":{"self":[{"href":"https:\/\/shop.bantam.ch\/de\/wp-json\/wp\/v2\/product\/138668","targetHints":{"allow":["GET"]}}],"collection":[{"href":"https:\/\/shop.bantam.ch\/de\/wp-json\/wp\/v2\/product"}],"about":[{"href":"https:\/\/shop.bantam.ch\/de\/wp-json\/wp\/v2\/types\/product"}],"wp:featuredmedia":[{"embeddable":true,"href":"https:\/\/shop.bantam.ch\/de\/wp-json\/wp\/v2\/media\/188623"}],"wp:attachment":[{"href":"https:\/\/shop.bantam.ch\/de\/wp-json\/wp\/v2\/media?parent=138668"}],"wp:term":[{"taxonomy":"product_featured_cat","embeddable":true,"href":"https:\/\/shop.bantam.ch\/de\/wp-json\/wp\/v2\/product_featured_cat?post=138668"},{"taxonomy":"product_brand","embeddable":true,"href":"https:\/\/shop.bantam.ch\/de\/wp-json\/wp\/v2\/product_brand?post=138668"},{"taxonomy":"product_cat","embeddable":true,"href":"https:\/\/shop.bantam.ch\/de\/wp-json\/wp\/v2\/product_cat?post=138668"},{"taxonomy":"product_tag","embeddable":true,"href":"https:\/\/shop.bantam.ch\/de\/wp-json\/wp\/v2\/product_tag?post=138668"}],"curies":[{"name":"wp","href":"https:\/\/api.w.org\/{rel}","templated":true}]}}