{"id":138408,"date":"2023-03-01T20:03:25","date_gmt":"2023-03-01T19:03:25","guid":{"rendered":"https:\/\/shop.bantam.ch\/produit\/universal-dosenoeffner-schwarz\/"},"modified":"2026-04-18T22:04:00","modified_gmt":"2026-04-18T20:04:00","slug":"universal-dosenoeffner-schwarz","status":"publish","type":"product","link":"https:\/\/shop.bantam.ch\/de\/produkt\/universal-dosenoeffner-schwarz\/","title":{"rendered":"Universal-Dosen\u00f6ffner schwarz"},"content":{"rendered":"<p>Der Victorinox PET-Flaschen\u00f6ffner ist ein praktischer Flaschen\u00f6ffner f\u00fcr die K\u00fcche oder als Begleiter bei einem Picknick. Mit dem Flaschen\u00f6ffner l\u00e4sst sich jedes kalte Getr\u00e4nk \u00f6ffnen. Mit dem Flaschen\u00f6ffner l\u00e4sst sich auch eine Wasserflasche \u00f6ffnen. Dazu befestigen Sie einfach den Verschluss im Griff. Ganz gleich, wo Sie sich gerade befinden. Mit dem Victorinox PET-Flaschen\u00f6ffner wird das \u00d6ffnen von Flaschen zum Kinderspiel!<\/p>\n<p>Der Victorinox PET kann nicht auf Schraubverschl\u00fcssen verwendet werden, die gr\u00f6\u00dfer sind als die einer gew\u00f6hnlichen Wasser- oder Limonadenflasche.<\/p>\n","protected":false},"excerpt":{"rendered":"<p>Der Victorinox PET-Flaschen\u00f6ffner ist ein praktischer Flaschen\u00f6ffner f\u00fcr die K\u00fcche oder als Begleiter bei einem Picknick. Mit dem Flaschen\u00f6ffner l\u00e4sst sich jedes kalte Getr\u00e4nk \u00f6ffnen. Mit dem Flaschen\u00f6ffner l\u00e4sst sich auch eine Wasserflasche \u00f6ffnen. Dazu befestigen Sie einfach den Verschluss im Griff. Ganz gleich, wo Sie sich gerade befinden. Mit dem Victorinox PET-Flaschen\u00f6ffner wird das [&hellip;]<\/p>\n","protected":false},"featured_media":188877,"template":"","meta":{"_acf_changed":false},"product_featured_cat":[],"product_brand":[3525],"product_cat":[4338],"product_tag":[],"class_list":{"0":"post-138408","1":"product","2":"type-product","3":"status-publish","4":"has-post-thumbnail","6":"product_brand-victorinox-de","7":"product_cat-zubehoer-fuer-kochgeschirr","9":"first","10":"instock","11":"taxable","12":"shipping-taxable","13":"purchasable","14":"product-type-simple"},"acf":[],"yoast_head":"<!-- This site is optimized with the Yoast SEO plugin v27.4 - https:\/\/yoast.com\/product\/yoast-seo-wordpress\/ -->\n<title>Universal-Dosen\u00f6ffner schwarz - Bantam Camping AG<\/title>\n<meta name=\"robots\" content=\"index, follow, max-snippet:-1, max-image-preview:large, max-video-preview:-1\" \/>\n<link rel=\"canonical\" href=\"https:\/\/shop.bantam.ch\/de\/produkt\/universal-dosenoeffner-schwarz\/\" \/>\n<meta property=\"og:locale\" content=\"de_DE\" \/>\n<meta property=\"og:type\" content=\"article\" \/>\n<meta property=\"og:title\" content=\"Universal-Dosen\u00f6ffner schwarz - Bantam Camping AG\" \/>\n<meta property=\"og:description\" content=\"Der Victorinox PET-Flaschen\u00f6ffner ist ein praktischer Flaschen\u00f6ffner f\u00fcr die K\u00fcche oder als Begleiter bei einem Picknick. Mit dem Flaschen\u00f6ffner l\u00e4sst sich jedes kalte Getr\u00e4nk \u00f6ffnen. Mit dem Flaschen\u00f6ffner l\u00e4sst sich auch eine Wasserflasche \u00f6ffnen. Dazu befestigen Sie einfach den Verschluss im Griff. Ganz gleich, wo Sie sich gerade befinden. Mit dem Victorinox PET-Flaschen\u00f6ffner wird das [&hellip;]\" \/>\n<meta property=\"og:url\" content=\"https:\/\/shop.bantam.ch\/de\/produkt\/universal-dosenoeffner-schwarz\/\" \/>\n<meta property=\"og:site_name\" content=\"Bantam Camping AG\" \/>\n<meta property=\"article:modified_time\" content=\"2026-04-18T20:04:00+00:00\" \/>\n<meta property=\"og:image\" content=\"https:\/\/shop.bantam.ch\/wp-content\/uploads\/2023\/12\/VT7-6912-3_01_victorinox.jpg\" \/>\n\t<meta property=\"og:image:width\" content=\"652\" \/>\n\t<meta property=\"og:image:height\" content=\"434\" \/>\n\t<meta property=\"og:image:type\" content=\"image\/jpeg\" \/>\n<meta name=\"twitter:card\" content=\"summary_large_image\" \/>\n<script type=\"application\/ld+json\" class=\"yoast-schema-graph\">{\"@context\":\"https:\\\/\\\/schema.org\",\"@graph\":[{\"@type\":\"WebPage\",\"@id\":\"https:\\\/\\\/shop.bantam.ch\\\/de\\\/produkt\\\/universal-dosenoeffner-schwarz\\\/\",\"url\":\"https:\\\/\\\/shop.bantam.ch\\\/de\\\/produkt\\\/universal-dosenoeffner-schwarz\\\/\",\"name\":\"Universal-Dosen\u00f6ffner schwarz - Bantam Camping AG\",\"isPartOf\":{\"@id\":\"https:\\\/\\\/shop.bantam.ch\\\/de\\\/#website\"},\"primaryImageOfPage\":{\"@id\":\"https:\\\/\\\/shop.bantam.ch\\\/de\\\/produkt\\\/universal-dosenoeffner-schwarz\\\/#primaryimage\"},\"image\":{\"@id\":\"https:\\\/\\\/shop.bantam.ch\\\/de\\\/produkt\\\/universal-dosenoeffner-schwarz\\\/#primaryimage\"},\"thumbnailUrl\":\"https:\\\/\\\/shop.bantam.ch\\\/wp-content\\\/uploads\\\/2023\\\/12\\\/VT7-6912-3_01_victorinox.jpg\",\"datePublished\":\"2023-03-01T19:03:25+00:00\",\"dateModified\":\"2026-04-18T20:04:00+00:00\",\"breadcrumb\":{\"@id\":\"https:\\\/\\\/shop.bantam.ch\\\/de\\\/produkt\\\/universal-dosenoeffner-schwarz\\\/#breadcrumb\"},\"inLanguage\":\"de\",\"potentialAction\":[{\"@type\":\"ReadAction\",\"target\":[\"https:\\\/\\\/shop.bantam.ch\\\/de\\\/produkt\\\/universal-dosenoeffner-schwarz\\\/\"]}]},{\"@type\":\"ImageObject\",\"inLanguage\":\"de\",\"@id\":\"https:\\\/\\\/shop.bantam.ch\\\/de\\\/produkt\\\/universal-dosenoeffner-schwarz\\\/#primaryimage\",\"url\":\"https:\\\/\\\/shop.bantam.ch\\\/wp-content\\\/uploads\\\/2023\\\/12\\\/VT7-6912-3_01_victorinox.jpg\",\"contentUrl\":\"https:\\\/\\\/shop.bantam.ch\\\/wp-content\\\/uploads\\\/2023\\\/12\\\/VT7-6912-3_01_victorinox.jpg\",\"width\":652,\"height\":434},{\"@type\":\"BreadcrumbList\",\"@id\":\"https:\\\/\\\/shop.bantam.ch\\\/de\\\/produkt\\\/universal-dosenoeffner-schwarz\\\/#breadcrumb\",\"itemListElement\":[{\"@type\":\"ListItem\",\"position\":1,\"name\":\"Accueil\",\"item\":\"https:\\\/\\\/shop.bantam.ch\\\/de\\\/\"},{\"@type\":\"ListItem\",\"position\":2,\"name\":\"Shop\",\"item\":\"https:\\\/\\\/shop.bantam.ch\\\/de\\\/shop\\\/\"},{\"@type\":\"ListItem\",\"position\":3,\"name\":\"Universal-Dosen\u00f6ffner schwarz\"}]},{\"@type\":\"WebSite\",\"@id\":\"https:\\\/\\\/shop.bantam.ch\\\/de\\\/#website\",\"url\":\"https:\\\/\\\/shop.bantam.ch\\\/de\\\/\",\"name\":\"Bantam Camping AG\",\"description\":\"\",\"publisher\":{\"@id\":\"https:\\\/\\\/shop.bantam.ch\\\/de\\\/#organization\"},\"inLanguage\":\"de\"},{\"@type\":\"Organization\",\"@id\":\"https:\\\/\\\/shop.bantam.ch\\\/de\\\/#organization\",\"name\":\"Bantam Camping AG\",\"url\":\"https:\\\/\\\/shop.bantam.ch\\\/de\\\/\",\"logo\":{\"@type\":\"ImageObject\",\"inLanguage\":\"de\",\"@id\":\"https:\\\/\\\/shop.bantam.ch\\\/de\\\/#\\\/schema\\\/logo\\\/image\\\/\",\"url\":\"https:\\\/\\\/shop.bantam.ch\\\/wp-content\\\/uploads\\\/2022\\\/12\\\/bantam-logo.png\",\"contentUrl\":\"https:\\\/\\\/shop.bantam.ch\\\/wp-content\\\/uploads\\\/2022\\\/12\\\/bantam-logo.png\",\"width\":320,\"height\":71,\"caption\":\"Bantam Camping AG\"},\"image\":{\"@id\":\"https:\\\/\\\/shop.bantam.ch\\\/de\\\/#\\\/schema\\\/logo\\\/image\\\/\"}}]}<\/script>\n<!-- \/ Yoast SEO plugin. -->","yoast_head_json":{"title":"Universal-Dosen\u00f6ffner schwarz - Bantam Camping AG","robots":{"index":"index","follow":"follow","max-snippet":"max-snippet:-1","max-image-preview":"max-image-preview:large","max-video-preview":"max-video-preview:-1"},"canonical":"https:\/\/shop.bantam.ch\/de\/produkt\/universal-dosenoeffner-schwarz\/","og_locale":"de_DE","og_type":"article","og_title":"Universal-Dosen\u00f6ffner schwarz - Bantam Camping AG","og_description":"Der Victorinox PET-Flaschen\u00f6ffner ist ein praktischer Flaschen\u00f6ffner f\u00fcr die K\u00fcche oder als Begleiter bei einem Picknick. Mit dem Flaschen\u00f6ffner l\u00e4sst sich jedes kalte Getr\u00e4nk \u00f6ffnen. Mit dem Flaschen\u00f6ffner l\u00e4sst sich auch eine Wasserflasche \u00f6ffnen. Dazu befestigen Sie einfach den Verschluss im Griff. Ganz gleich, wo Sie sich gerade befinden. Mit dem Victorinox PET-Flaschen\u00f6ffner wird das [&hellip;]","og_url":"https:\/\/shop.bantam.ch\/de\/produkt\/universal-dosenoeffner-schwarz\/","og_site_name":"Bantam Camping AG","article_modified_time":"2026-04-18T20:04:00+00:00","og_image":[{"width":652,"height":434,"url":"https:\/\/shop.bantam.ch\/wp-content\/uploads\/2023\/12\/VT7-6912-3_01_victorinox.jpg","type":"image\/jpeg"}],"twitter_card":"summary_large_image","schema":{"@context":"https:\/\/schema.org","@graph":[{"@type":"WebPage","@id":"https:\/\/shop.bantam.ch\/de\/produkt\/universal-dosenoeffner-schwarz\/","url":"https:\/\/shop.bantam.ch\/de\/produkt\/universal-dosenoeffner-schwarz\/","name":"Universal-Dosen\u00f6ffner schwarz - Bantam Camping AG","isPartOf":{"@id":"https:\/\/shop.bantam.ch\/de\/#website"},"primaryImageOfPage":{"@id":"https:\/\/shop.bantam.ch\/de\/produkt\/universal-dosenoeffner-schwarz\/#primaryimage"},"image":{"@id":"https:\/\/shop.bantam.ch\/de\/produkt\/universal-dosenoeffner-schwarz\/#primaryimage"},"thumbnailUrl":"https:\/\/shop.bantam.ch\/wp-content\/uploads\/2023\/12\/VT7-6912-3_01_victorinox.jpg","datePublished":"2023-03-01T19:03:25+00:00","dateModified":"2026-04-18T20:04:00+00:00","breadcrumb":{"@id":"https:\/\/shop.bantam.ch\/de\/produkt\/universal-dosenoeffner-schwarz\/#breadcrumb"},"inLanguage":"de","potentialAction":[{"@type":"ReadAction","target":["https:\/\/shop.bantam.ch\/de\/produkt\/universal-dosenoeffner-schwarz\/"]}]},{"@type":"ImageObject","inLanguage":"de","@id":"https:\/\/shop.bantam.ch\/de\/produkt\/universal-dosenoeffner-schwarz\/#primaryimage","url":"https:\/\/shop.bantam.ch\/wp-content\/uploads\/2023\/12\/VT7-6912-3_01_victorinox.jpg","contentUrl":"https:\/\/shop.bantam.ch\/wp-content\/uploads\/2023\/12\/VT7-6912-3_01_victorinox.jpg","width":652,"height":434},{"@type":"BreadcrumbList","@id":"https:\/\/shop.bantam.ch\/de\/produkt\/universal-dosenoeffner-schwarz\/#breadcrumb","itemListElement":[{"@type":"ListItem","position":1,"name":"Accueil","item":"https:\/\/shop.bantam.ch\/de\/"},{"@type":"ListItem","position":2,"name":"Shop","item":"https:\/\/shop.bantam.ch\/de\/shop\/"},{"@type":"ListItem","position":3,"name":"Universal-Dosen\u00f6ffner schwarz"}]},{"@type":"WebSite","@id":"https:\/\/shop.bantam.ch\/de\/#website","url":"https:\/\/shop.bantam.ch\/de\/","name":"Bantam Camping AG","description":"","publisher":{"@id":"https:\/\/shop.bantam.ch\/de\/#organization"},"inLanguage":"de"},{"@type":"Organization","@id":"https:\/\/shop.bantam.ch\/de\/#organization","name":"Bantam Camping AG","url":"https:\/\/shop.bantam.ch\/de\/","logo":{"@type":"ImageObject","inLanguage":"de","@id":"https:\/\/shop.bantam.ch\/de\/#\/schema\/logo\/image\/","url":"https:\/\/shop.bantam.ch\/wp-content\/uploads\/2022\/12\/bantam-logo.png","contentUrl":"https:\/\/shop.bantam.ch\/wp-content\/uploads\/2022\/12\/bantam-logo.png","width":320,"height":71,"caption":"Bantam Camping AG"},"image":{"@id":"https:\/\/shop.bantam.ch\/de\/#\/schema\/logo\/image\/"}}]}},"_links":{"self":[{"href":"https:\/\/shop.bantam.ch\/de\/wp-json\/wp\/v2\/product\/138408","targetHints":{"allow":["GET"]}}],"collection":[{"href":"https:\/\/shop.bantam.ch\/de\/wp-json\/wp\/v2\/product"}],"about":[{"href":"https:\/\/shop.bantam.ch\/de\/wp-json\/wp\/v2\/types\/product"}],"wp:featuredmedia":[{"embeddable":true,"href":"https:\/\/shop.bantam.ch\/de\/wp-json\/wp\/v2\/media\/188877"}],"wp:attachment":[{"href":"https:\/\/shop.bantam.ch\/de\/wp-json\/wp\/v2\/media?parent=138408"}],"wp:term":[{"taxonomy":"product_featured_cat","embeddable":true,"href":"https:\/\/shop.bantam.ch\/de\/wp-json\/wp\/v2\/product_featured_cat?post=138408"},{"taxonomy":"product_brand","embeddable":true,"href":"https:\/\/shop.bantam.ch\/de\/wp-json\/wp\/v2\/product_brand?post=138408"},{"taxonomy":"product_cat","embeddable":true,"href":"https:\/\/shop.bantam.ch\/de\/wp-json\/wp\/v2\/product_cat?post=138408"},{"taxonomy":"product_tag","embeddable":true,"href":"https:\/\/shop.bantam.ch\/de\/wp-json\/wp\/v2\/product_tag?post=138408"}],"curies":[{"name":"wp","href":"https:\/\/api.w.org\/{rel}","templated":true}]}}