{"id":138222,"date":"2023-03-01T19:52:39","date_gmt":"2023-03-01T18:52:39","guid":{"rendered":"https:\/\/shop.bantam.ch\/produit\/solar-kit-moove\/"},"modified":"2026-04-18T22:02:17","modified_gmt":"2026-04-18T20:02:17","slug":"solar-kit-moove","status":"publish","type":"product","link":"https:\/\/shop.bantam.ch\/de\/produkt\/solar-kit-moove\/","title":{"rendered":"SOLAR-KIT Moove"},"content":{"rendered":"<p>Die MOOVE-Solarmodule sind mit der neuesten Technologie f\u00fcr monokristalline Zellen ausgestattet.<\/p>\n<p>Die in Frankreich entwickelten Solarmodule sind das ideale Set f\u00fcr Freizeitfahrzeuge mit integrierter Halterung. Mit ihrem exklusiven Design und ihrer professionellen Qualit\u00e4t sind sie f\u00fcr ihre hohe Leistung und Zuverl\u00e4ssigkeit bekannt.<\/p>\n<p>Das Solarmodul besteht aus :<\/p>\n<p>1 Monokristallines Solarpanel<\/p>\n<p>Aluminium-Befestigungslaschen, die in den Rahmen des Panels integriert sind.<\/p>\n<p>Maximale Leistung: 150W<\/p>\n","protected":false},"excerpt":{"rendered":"<p>Die MOOVE-Solarmodule sind mit der neuesten Technologie f\u00fcr monokristalline Zellen ausgestattet. Die in Frankreich entwickelten Solarmodule sind das ideale Set f\u00fcr Freizeitfahrzeuge mit integrierter Halterung. Mit ihrem exklusiven Design und ihrer professionellen Qualit\u00e4t sind sie f\u00fcr ihre hohe Leistung und Zuverl\u00e4ssigkeit bekannt. Das Solarmodul besteht aus : 1 Monokristallines Solarpanel Aluminium-Befestigungslaschen, die in den Rahmen [&hellip;]<\/p>\n","protected":false},"featured_media":187324,"template":"","meta":{"_acf_changed":false},"product_featured_cat":[],"product_brand":[3033],"product_cat":[4880],"product_tag":[],"class_list":{"0":"post-138222","1":"product","2":"type-product","3":"status-publish","4":"has-post-thumbnail","6":"product_brand-standard-de","7":"product_cat-solar-sets","9":"first","10":"instock","11":"taxable","12":"shipping-taxable","13":"purchasable","14":"product-type-simple"},"acf":[],"yoast_head":"<!-- This site is optimized with the Yoast SEO plugin v27.4 - https:\/\/yoast.com\/product\/yoast-seo-wordpress\/ -->\n<title>SOLAR-KIT Moove - Bantam Camping AG<\/title>\n<meta name=\"robots\" content=\"index, follow, max-snippet:-1, max-image-preview:large, max-video-preview:-1\" \/>\n<link rel=\"canonical\" href=\"https:\/\/shop.bantam.ch\/de\/produkt\/solar-kit-moove\/\" \/>\n<meta property=\"og:locale\" content=\"de_DE\" \/>\n<meta property=\"og:type\" content=\"article\" \/>\n<meta property=\"og:title\" content=\"SOLAR-KIT Moove - Bantam Camping AG\" \/>\n<meta property=\"og:description\" content=\"Die MOOVE-Solarmodule sind mit der neuesten Technologie f\u00fcr monokristalline Zellen ausgestattet. Die in Frankreich entwickelten Solarmodule sind das ideale Set f\u00fcr Freizeitfahrzeuge mit integrierter Halterung. Mit ihrem exklusiven Design und ihrer professionellen Qualit\u00e4t sind sie f\u00fcr ihre hohe Leistung und Zuverl\u00e4ssigkeit bekannt. Das Solarmodul besteht aus : 1 Monokristallines Solarpanel Aluminium-Befestigungslaschen, die in den Rahmen [&hellip;]\" \/>\n<meta property=\"og:url\" content=\"https:\/\/shop.bantam.ch\/de\/produkt\/solar-kit-moove\/\" \/>\n<meta property=\"og:site_name\" content=\"Bantam Camping AG\" \/>\n<meta property=\"article:modified_time\" content=\"2026-04-18T20:02:17+00:00\" \/>\n<meta property=\"og:image\" content=\"https:\/\/shop.bantam.ch\/wp-content\/uploads\/2023\/10\/kit-panneau-solaire-moove-100-w-s-mono.jpg\" \/>\n\t<meta property=\"og:image:width\" content=\"458\" \/>\n\t<meta property=\"og:image:height\" content=\"458\" \/>\n\t<meta property=\"og:image:type\" content=\"image\/jpeg\" \/>\n<meta name=\"twitter:card\" content=\"summary_large_image\" \/>\n<script type=\"application\/ld+json\" class=\"yoast-schema-graph\">{\"@context\":\"https:\\\/\\\/schema.org\",\"@graph\":[{\"@type\":\"WebPage\",\"@id\":\"https:\\\/\\\/shop.bantam.ch\\\/de\\\/produkt\\\/solar-kit-moove\\\/\",\"url\":\"https:\\\/\\\/shop.bantam.ch\\\/de\\\/produkt\\\/solar-kit-moove\\\/\",\"name\":\"SOLAR-KIT Moove - Bantam Camping AG\",\"isPartOf\":{\"@id\":\"https:\\\/\\\/shop.bantam.ch\\\/de\\\/#website\"},\"primaryImageOfPage\":{\"@id\":\"https:\\\/\\\/shop.bantam.ch\\\/de\\\/produkt\\\/solar-kit-moove\\\/#primaryimage\"},\"image\":{\"@id\":\"https:\\\/\\\/shop.bantam.ch\\\/de\\\/produkt\\\/solar-kit-moove\\\/#primaryimage\"},\"thumbnailUrl\":\"https:\\\/\\\/shop.bantam.ch\\\/wp-content\\\/uploads\\\/2023\\\/10\\\/kit-panneau-solaire-moove-100-w-s-mono.jpg\",\"datePublished\":\"2023-03-01T18:52:39+00:00\",\"dateModified\":\"2026-04-18T20:02:17+00:00\",\"breadcrumb\":{\"@id\":\"https:\\\/\\\/shop.bantam.ch\\\/de\\\/produkt\\\/solar-kit-moove\\\/#breadcrumb\"},\"inLanguage\":\"de\",\"potentialAction\":[{\"@type\":\"ReadAction\",\"target\":[\"https:\\\/\\\/shop.bantam.ch\\\/de\\\/produkt\\\/solar-kit-moove\\\/\"]}]},{\"@type\":\"ImageObject\",\"inLanguage\":\"de\",\"@id\":\"https:\\\/\\\/shop.bantam.ch\\\/de\\\/produkt\\\/solar-kit-moove\\\/#primaryimage\",\"url\":\"https:\\\/\\\/shop.bantam.ch\\\/wp-content\\\/uploads\\\/2023\\\/10\\\/kit-panneau-solaire-moove-100-w-s-mono.jpg\",\"contentUrl\":\"https:\\\/\\\/shop.bantam.ch\\\/wp-content\\\/uploads\\\/2023\\\/10\\\/kit-panneau-solaire-moove-100-w-s-mono.jpg\",\"width\":458,\"height\":458},{\"@type\":\"BreadcrumbList\",\"@id\":\"https:\\\/\\\/shop.bantam.ch\\\/de\\\/produkt\\\/solar-kit-moove\\\/#breadcrumb\",\"itemListElement\":[{\"@type\":\"ListItem\",\"position\":1,\"name\":\"Accueil\",\"item\":\"https:\\\/\\\/shop.bantam.ch\\\/de\\\/\"},{\"@type\":\"ListItem\",\"position\":2,\"name\":\"Shop\",\"item\":\"https:\\\/\\\/shop.bantam.ch\\\/de\\\/shop\\\/\"},{\"@type\":\"ListItem\",\"position\":3,\"name\":\"SOLAR-KIT Moove\"}]},{\"@type\":\"WebSite\",\"@id\":\"https:\\\/\\\/shop.bantam.ch\\\/de\\\/#website\",\"url\":\"https:\\\/\\\/shop.bantam.ch\\\/de\\\/\",\"name\":\"Bantam Camping AG\",\"description\":\"\",\"publisher\":{\"@id\":\"https:\\\/\\\/shop.bantam.ch\\\/de\\\/#organization\"},\"inLanguage\":\"de\"},{\"@type\":\"Organization\",\"@id\":\"https:\\\/\\\/shop.bantam.ch\\\/de\\\/#organization\",\"name\":\"Bantam Camping AG\",\"url\":\"https:\\\/\\\/shop.bantam.ch\\\/de\\\/\",\"logo\":{\"@type\":\"ImageObject\",\"inLanguage\":\"de\",\"@id\":\"https:\\\/\\\/shop.bantam.ch\\\/de\\\/#\\\/schema\\\/logo\\\/image\\\/\",\"url\":\"https:\\\/\\\/shop.bantam.ch\\\/wp-content\\\/uploads\\\/2022\\\/12\\\/bantam-logo.png\",\"contentUrl\":\"https:\\\/\\\/shop.bantam.ch\\\/wp-content\\\/uploads\\\/2022\\\/12\\\/bantam-logo.png\",\"width\":320,\"height\":71,\"caption\":\"Bantam Camping AG\"},\"image\":{\"@id\":\"https:\\\/\\\/shop.bantam.ch\\\/de\\\/#\\\/schema\\\/logo\\\/image\\\/\"}}]}<\/script>\n<!-- \/ Yoast SEO plugin. -->","yoast_head_json":{"title":"SOLAR-KIT Moove - Bantam Camping AG","robots":{"index":"index","follow":"follow","max-snippet":"max-snippet:-1","max-image-preview":"max-image-preview:large","max-video-preview":"max-video-preview:-1"},"canonical":"https:\/\/shop.bantam.ch\/de\/produkt\/solar-kit-moove\/","og_locale":"de_DE","og_type":"article","og_title":"SOLAR-KIT Moove - Bantam Camping AG","og_description":"Die MOOVE-Solarmodule sind mit der neuesten Technologie f\u00fcr monokristalline Zellen ausgestattet. Die in Frankreich entwickelten Solarmodule sind das ideale Set f\u00fcr Freizeitfahrzeuge mit integrierter Halterung. Mit ihrem exklusiven Design und ihrer professionellen Qualit\u00e4t sind sie f\u00fcr ihre hohe Leistung und Zuverl\u00e4ssigkeit bekannt. Das Solarmodul besteht aus : 1 Monokristallines Solarpanel Aluminium-Befestigungslaschen, die in den Rahmen [&hellip;]","og_url":"https:\/\/shop.bantam.ch\/de\/produkt\/solar-kit-moove\/","og_site_name":"Bantam Camping AG","article_modified_time":"2026-04-18T20:02:17+00:00","og_image":[{"width":458,"height":458,"url":"https:\/\/shop.bantam.ch\/wp-content\/uploads\/2023\/10\/kit-panneau-solaire-moove-100-w-s-mono.jpg","type":"image\/jpeg"}],"twitter_card":"summary_large_image","schema":{"@context":"https:\/\/schema.org","@graph":[{"@type":"WebPage","@id":"https:\/\/shop.bantam.ch\/de\/produkt\/solar-kit-moove\/","url":"https:\/\/shop.bantam.ch\/de\/produkt\/solar-kit-moove\/","name":"SOLAR-KIT Moove - Bantam Camping AG","isPartOf":{"@id":"https:\/\/shop.bantam.ch\/de\/#website"},"primaryImageOfPage":{"@id":"https:\/\/shop.bantam.ch\/de\/produkt\/solar-kit-moove\/#primaryimage"},"image":{"@id":"https:\/\/shop.bantam.ch\/de\/produkt\/solar-kit-moove\/#primaryimage"},"thumbnailUrl":"https:\/\/shop.bantam.ch\/wp-content\/uploads\/2023\/10\/kit-panneau-solaire-moove-100-w-s-mono.jpg","datePublished":"2023-03-01T18:52:39+00:00","dateModified":"2026-04-18T20:02:17+00:00","breadcrumb":{"@id":"https:\/\/shop.bantam.ch\/de\/produkt\/solar-kit-moove\/#breadcrumb"},"inLanguage":"de","potentialAction":[{"@type":"ReadAction","target":["https:\/\/shop.bantam.ch\/de\/produkt\/solar-kit-moove\/"]}]},{"@type":"ImageObject","inLanguage":"de","@id":"https:\/\/shop.bantam.ch\/de\/produkt\/solar-kit-moove\/#primaryimage","url":"https:\/\/shop.bantam.ch\/wp-content\/uploads\/2023\/10\/kit-panneau-solaire-moove-100-w-s-mono.jpg","contentUrl":"https:\/\/shop.bantam.ch\/wp-content\/uploads\/2023\/10\/kit-panneau-solaire-moove-100-w-s-mono.jpg","width":458,"height":458},{"@type":"BreadcrumbList","@id":"https:\/\/shop.bantam.ch\/de\/produkt\/solar-kit-moove\/#breadcrumb","itemListElement":[{"@type":"ListItem","position":1,"name":"Accueil","item":"https:\/\/shop.bantam.ch\/de\/"},{"@type":"ListItem","position":2,"name":"Shop","item":"https:\/\/shop.bantam.ch\/de\/shop\/"},{"@type":"ListItem","position":3,"name":"SOLAR-KIT Moove"}]},{"@type":"WebSite","@id":"https:\/\/shop.bantam.ch\/de\/#website","url":"https:\/\/shop.bantam.ch\/de\/","name":"Bantam Camping AG","description":"","publisher":{"@id":"https:\/\/shop.bantam.ch\/de\/#organization"},"inLanguage":"de"},{"@type":"Organization","@id":"https:\/\/shop.bantam.ch\/de\/#organization","name":"Bantam Camping AG","url":"https:\/\/shop.bantam.ch\/de\/","logo":{"@type":"ImageObject","inLanguage":"de","@id":"https:\/\/shop.bantam.ch\/de\/#\/schema\/logo\/image\/","url":"https:\/\/shop.bantam.ch\/wp-content\/uploads\/2022\/12\/bantam-logo.png","contentUrl":"https:\/\/shop.bantam.ch\/wp-content\/uploads\/2022\/12\/bantam-logo.png","width":320,"height":71,"caption":"Bantam Camping AG"},"image":{"@id":"https:\/\/shop.bantam.ch\/de\/#\/schema\/logo\/image\/"}}]}},"_links":{"self":[{"href":"https:\/\/shop.bantam.ch\/de\/wp-json\/wp\/v2\/product\/138222","targetHints":{"allow":["GET"]}}],"collection":[{"href":"https:\/\/shop.bantam.ch\/de\/wp-json\/wp\/v2\/product"}],"about":[{"href":"https:\/\/shop.bantam.ch\/de\/wp-json\/wp\/v2\/types\/product"}],"wp:featuredmedia":[{"embeddable":true,"href":"https:\/\/shop.bantam.ch\/de\/wp-json\/wp\/v2\/media\/187324"}],"wp:attachment":[{"href":"https:\/\/shop.bantam.ch\/de\/wp-json\/wp\/v2\/media?parent=138222"}],"wp:term":[{"taxonomy":"product_featured_cat","embeddable":true,"href":"https:\/\/shop.bantam.ch\/de\/wp-json\/wp\/v2\/product_featured_cat?post=138222"},{"taxonomy":"product_brand","embeddable":true,"href":"https:\/\/shop.bantam.ch\/de\/wp-json\/wp\/v2\/product_brand?post=138222"},{"taxonomy":"product_cat","embeddable":true,"href":"https:\/\/shop.bantam.ch\/de\/wp-json\/wp\/v2\/product_cat?post=138222"},{"taxonomy":"product_tag","embeddable":true,"href":"https:\/\/shop.bantam.ch\/de\/wp-json\/wp\/v2\/product_tag?post=138222"}],"curies":[{"name":"wp","href":"https:\/\/api.w.org\/{rel}","templated":true}]}}