{"id":138182,"date":"2023-03-01T19:50:32","date_gmt":"2023-03-01T18:50:32","guid":{"rendered":"https:\/\/shop.bantam.ch\/produit\/grande-air-pro-aufblasbar-vorzelt\/"},"modified":"2026-05-02T23:54:20","modified_gmt":"2026-05-02T21:54:20","slug":"grande-air-pro-aufblasbar-vorzelt","status":"publish","type":"product","link":"https:\/\/shop.bantam.ch\/de\/produkt\/grande-air-pro-aufblasbar-vorzelt\/","title":{"rendered":"Grande AIR Pro &#8211; aufblasbar Vorzelt"},"content":{"rendered":"<p><strong>Mehr Tiefe, zus\u00e4tzlicher Platz<\/strong><\/p>\n<p>Das Grande AIR Pro vereint alle Vorteile unserer beliebten Rally AIR-Modelle, den meistverkauften aufblasbaren Vorzelten in Europa, ist jedoch sensationelle drei Meter tief. Zusammen mit unserem Dual-Pitch-Dachsystem wird auf diese Weise sichergestellt, dass Sie das gesamte Vorzelt nutzen k\u00f6nnen. Das Grande AIR Pro 390 kommt so auf eine Nutzfl\u00e4che von erstaunlichen 11,7 m2 . F\u00fcr zus\u00e4tzliche Abk\u00fchlung und Luftzirkulation bei hei\u00dfen Temperaturen kann das Vorzelt mit optionalen Frontnetzw\u00e4nden ausgestattet werden; mit einem unserer aufblasbaren Pro-Anbauten l\u00e4sst sich noch mehr Platz schaffen. Ein zweites gro\u00dfes Netzelement hinter dem rechten Seitenfenster bringt Abk\u00fchlung bei hei\u00dfen Temperaturen. Auch hinter beiden seitlichen T\u00fcren befinden sich zweite Netzelemente. Unsere optionalen Frontnetzw\u00e4nde bringen zus\u00e4tzliche Bel\u00fcftung von vorn. Beide Seitenteile sind austauschbar, deshalb k\u00f6nnen auch die seitlichen T\u00fcren flexibel ausgetauscht werden. An einem oder beiden Seitenelementen kann ein optionaler Anbau oder Wintergarten angebracht werden.<\/p>\n<p><strong>Grande AIR Pro Hauptmerkmale <\/strong><\/p>\n<p>\u2022 Aufblasbar &#8211; Einpunkt-Aufblassystem<\/p>\n<p>\u2022 Jeder Schlauch kann mit Absperrventilen getrennt werden<\/p>\n<p>\u2022 \u201eF\u00fchlen Sie den Unterschied\u201c doppelt beschichtetes Weathershield\u00ae Pro-Polyester<\/p>\n<p>\u2022 Flammhemmend und UV-stabil<\/p>\n<p>\u2022 Eine Wassers\u00e4ule von sensationellen 6000 mm<\/p>\n<p>\u2022 Hei\u00dfluftgeklebte N\u00e4hte &#8211; f\u00fcr maximale Wetterbest\u00e4ndigkeit<\/p>\n<p>\u2022 Seitlich einrollbare Vorderw\u00e4nde<\/p>\n<p>\u2022 Abzippbare Seitenteile &#8211; zur Aufnahme eines optionalen Anbaus oder Wintergartens<\/p>\n<p>\u2022 Kristallklare Fenster mit Vorh\u00e4ngen erm\u00f6glichen einen tollen Ausblick<\/p>\n<p>\u2022 Quickpitch Abspannungssystem<\/p>\n<p>\u2022 Sehr engmaschiges Fliegengitter an den Seitent\u00fcren &#8211; h\u00e4lt auch die kleinsten Insekten drau\u00dfen<\/p>\n<p>\u2022 Gro\u00dfes Fliegengitter im rechten Seitenfenster<\/p>\n<p>\u2022 Andruckpolster<\/p>\n<p>\u2022 Inklusive hinterem Aufstellstangen-Set und Handpumpe<\/p>\n<p>\u2022 5.5 mm und 7 mm Keder vorhanden (Dual Keder)<\/p>\n<p>\u2022 Weitere individuelle Anpassung m\u00f6glich dank reichhaltiger optionaler Ausstattung<\/p>\n<p>\u00a0<\/p>\n<p>S = 235 -265 cm<\/p>\n<p>M = 265 &#8211; 295 cm<\/p>\n","protected":false},"excerpt":{"rendered":"<p>Mehr Tiefe, zus\u00e4tzlicher Platz Das Grande AIR Pro vereint alle Vorteile unserer beliebten Rally AIR-Modelle, den meistverkauften aufblasbaren Vorzelten in Europa, ist jedoch sensationelle drei Meter tief. Zusammen mit unserem Dual-Pitch-Dachsystem wird auf diese Weise sichergestellt, dass Sie das gesamte Vorzelt nutzen k\u00f6nnen. Das Grande AIR Pro 390 kommt so auf eine Nutzfl\u00e4che von erstaunlichen [&hellip;]<\/p>\n","protected":false},"featured_media":186405,"template":"","meta":{"_acf_changed":false},"product_featured_cat":[5307,5308],"product_brand":[3029],"product_cat":[4248],"product_tag":[],"class_list":{"0":"post-138182","1":"product","2":"type-product","3":"status-publish","4":"has-post-thumbnail","6":"product_featured_cat-auvents-etagniere-de","7":"product_featured_cat-sonderangebote-vorzelte-hindelbank-urdorf","8":"product_brand-dometic-de","9":"product_cat-vorzelte-zelte","11":"first","12":"instock","13":"sale","14":"taxable","15":"shipping-taxable","16":"purchasable","17":"product-type-variable"},"acf":[],"yoast_head":"<!-- This site is optimized with the Yoast SEO plugin v27.5 - https:\/\/yoast.com\/product\/yoast-seo-wordpress\/ -->\n<title>Grande AIR Pro - aufblasbar Vorzelt - Bantam<\/title>\n<meta name=\"robots\" content=\"index, follow, max-snippet:-1, max-image-preview:large, max-video-preview:-1\" \/>\n<link rel=\"canonical\" href=\"https:\/\/shop.bantam.ch\/de\/produkt\/grande-air-pro-aufblasbar-vorzelt\/\" \/>\n<meta property=\"og:locale\" content=\"de_DE\" \/>\n<meta property=\"og:type\" content=\"article\" \/>\n<meta property=\"og:title\" content=\"Grande AIR Pro - aufblasbar Vorzelt - Bantam\" \/>\n<meta property=\"og:description\" content=\"Mehr Tiefe, zus\u00e4tzlicher Platz Das Grande AIR Pro vereint alle Vorteile unserer beliebten Rally AIR-Modelle, den meistverkauften aufblasbaren Vorzelten in Europa, ist jedoch sensationelle drei Meter tief. Zusammen mit unserem Dual-Pitch-Dachsystem wird auf diese Weise sichergestellt, dass Sie das gesamte Vorzelt nutzen k\u00f6nnen. Das Grande AIR Pro 390 kommt so auf eine Nutzfl\u00e4che von erstaunlichen [&hellip;]\" \/>\n<meta property=\"og:url\" content=\"https:\/\/shop.bantam.ch\/de\/produkt\/grande-air-pro-aufblasbar-vorzelt\/\" \/>\n<meta property=\"og:site_name\" content=\"Bantam\" \/>\n<meta property=\"article:modified_time\" content=\"2026-05-02T21:54:20+00:00\" \/>\n<meta property=\"og:image\" content=\"https:\/\/shop.bantam.ch\/wp-content\/uploads\/2023\/08\/9120001122_7_Grande-Air-Pro_ok.jpg\" \/>\n\t<meta property=\"og:image:width\" content=\"600\" \/>\n\t<meta property=\"og:image:height\" content=\"600\" \/>\n\t<meta property=\"og:image:type\" content=\"image\/jpeg\" \/>\n<meta name=\"twitter:card\" content=\"summary_large_image\" \/>\n<meta name=\"twitter:label1\" content=\"Gesch\u00e4tzte Lesezeit\" \/>\n\t<meta name=\"twitter:data1\" content=\"1\u00a0Minute\" \/>\n<script type=\"application\/ld+json\" class=\"yoast-schema-graph\">{\"@context\":\"https:\\\/\\\/schema.org\",\"@graph\":[{\"@type\":\"WebPage\",\"@id\":\"https:\\\/\\\/shop.bantam.ch\\\/de\\\/produkt\\\/grande-air-pro-aufblasbar-vorzelt\\\/\",\"url\":\"https:\\\/\\\/shop.bantam.ch\\\/de\\\/produkt\\\/grande-air-pro-aufblasbar-vorzelt\\\/\",\"name\":\"Grande AIR Pro - aufblasbar Vorzelt - Bantam\",\"isPartOf\":{\"@id\":\"https:\\\/\\\/shop.bantam.ch\\\/de\\\/#website\"},\"primaryImageOfPage\":{\"@id\":\"https:\\\/\\\/shop.bantam.ch\\\/de\\\/produkt\\\/grande-air-pro-aufblasbar-vorzelt\\\/#primaryimage\"},\"image\":{\"@id\":\"https:\\\/\\\/shop.bantam.ch\\\/de\\\/produkt\\\/grande-air-pro-aufblasbar-vorzelt\\\/#primaryimage\"},\"thumbnailUrl\":\"https:\\\/\\\/shop.bantam.ch\\\/wp-content\\\/uploads\\\/2023\\\/08\\\/9120001122_7_Grande-Air-Pro_ok.jpg\",\"datePublished\":\"2023-03-01T18:50:32+00:00\",\"dateModified\":\"2026-05-02T21:54:20+00:00\",\"breadcrumb\":{\"@id\":\"https:\\\/\\\/shop.bantam.ch\\\/de\\\/produkt\\\/grande-air-pro-aufblasbar-vorzelt\\\/#breadcrumb\"},\"inLanguage\":\"de\",\"potentialAction\":[{\"@type\":\"ReadAction\",\"target\":[\"https:\\\/\\\/shop.bantam.ch\\\/de\\\/produkt\\\/grande-air-pro-aufblasbar-vorzelt\\\/\"]}]},{\"@type\":\"ImageObject\",\"inLanguage\":\"de\",\"@id\":\"https:\\\/\\\/shop.bantam.ch\\\/de\\\/produkt\\\/grande-air-pro-aufblasbar-vorzelt\\\/#primaryimage\",\"url\":\"https:\\\/\\\/shop.bantam.ch\\\/wp-content\\\/uploads\\\/2023\\\/08\\\/9120001122_7_Grande-Air-Pro_ok.jpg\",\"contentUrl\":\"https:\\\/\\\/shop.bantam.ch\\\/wp-content\\\/uploads\\\/2023\\\/08\\\/9120001122_7_Grande-Air-Pro_ok.jpg\",\"width\":600,\"height\":600},{\"@type\":\"BreadcrumbList\",\"@id\":\"https:\\\/\\\/shop.bantam.ch\\\/de\\\/produkt\\\/grande-air-pro-aufblasbar-vorzelt\\\/#breadcrumb\",\"itemListElement\":[{\"@type\":\"ListItem\",\"position\":1,\"name\":\"Accueil\",\"item\":\"https:\\\/\\\/shop.bantam.ch\\\/de\\\/\"},{\"@type\":\"ListItem\",\"position\":2,\"name\":\"Shop\",\"item\":\"https:\\\/\\\/shop.bantam.ch\\\/de\\\/shop\\\/\"},{\"@type\":\"ListItem\",\"position\":3,\"name\":\"Grande AIR Pro &#8211; aufblasbar Vorzelt\"}]},{\"@type\":\"WebSite\",\"@id\":\"https:\\\/\\\/shop.bantam.ch\\\/de\\\/#website\",\"url\":\"https:\\\/\\\/shop.bantam.ch\\\/de\\\/\",\"name\":\"Bantam\",\"description\":\"\",\"publisher\":{\"@id\":\"https:\\\/\\\/shop.bantam.ch\\\/de\\\/#organization\"},\"inLanguage\":\"de\"},{\"@type\":\"Organization\",\"@id\":\"https:\\\/\\\/shop.bantam.ch\\\/de\\\/#organization\",\"name\":\"Bantam\",\"url\":\"https:\\\/\\\/shop.bantam.ch\\\/de\\\/\",\"logo\":{\"@type\":\"ImageObject\",\"inLanguage\":\"de\",\"@id\":\"https:\\\/\\\/shop.bantam.ch\\\/de\\\/#\\\/schema\\\/logo\\\/image\\\/\",\"url\":\"https:\\\/\\\/shop.bantam.ch\\\/wp-content\\\/uploads\\\/2022\\\/12\\\/bantam-logo.png\",\"contentUrl\":\"https:\\\/\\\/shop.bantam.ch\\\/wp-content\\\/uploads\\\/2022\\\/12\\\/bantam-logo.png\",\"width\":320,\"height\":71,\"caption\":\"Bantam\"},\"image\":{\"@id\":\"https:\\\/\\\/shop.bantam.ch\\\/de\\\/#\\\/schema\\\/logo\\\/image\\\/\"}}]}<\/script>\n<!-- \/ Yoast SEO plugin. -->","yoast_head_json":{"title":"Grande AIR Pro - aufblasbar Vorzelt - Bantam","robots":{"index":"index","follow":"follow","max-snippet":"max-snippet:-1","max-image-preview":"max-image-preview:large","max-video-preview":"max-video-preview:-1"},"canonical":"https:\/\/shop.bantam.ch\/de\/produkt\/grande-air-pro-aufblasbar-vorzelt\/","og_locale":"de_DE","og_type":"article","og_title":"Grande AIR Pro - aufblasbar Vorzelt - Bantam","og_description":"Mehr Tiefe, zus\u00e4tzlicher Platz Das Grande AIR Pro vereint alle Vorteile unserer beliebten Rally AIR-Modelle, den meistverkauften aufblasbaren Vorzelten in Europa, ist jedoch sensationelle drei Meter tief. Zusammen mit unserem Dual-Pitch-Dachsystem wird auf diese Weise sichergestellt, dass Sie das gesamte Vorzelt nutzen k\u00f6nnen. Das Grande AIR Pro 390 kommt so auf eine Nutzfl\u00e4che von erstaunlichen [&hellip;]","og_url":"https:\/\/shop.bantam.ch\/de\/produkt\/grande-air-pro-aufblasbar-vorzelt\/","og_site_name":"Bantam","article_modified_time":"2026-05-02T21:54:20+00:00","og_image":[{"width":600,"height":600,"url":"https:\/\/shop.bantam.ch\/wp-content\/uploads\/2023\/08\/9120001122_7_Grande-Air-Pro_ok.jpg","type":"image\/jpeg"}],"twitter_card":"summary_large_image","twitter_misc":{"Gesch\u00e4tzte Lesezeit":"1\u00a0Minute"},"schema":{"@context":"https:\/\/schema.org","@graph":[{"@type":"WebPage","@id":"https:\/\/shop.bantam.ch\/de\/produkt\/grande-air-pro-aufblasbar-vorzelt\/","url":"https:\/\/shop.bantam.ch\/de\/produkt\/grande-air-pro-aufblasbar-vorzelt\/","name":"Grande AIR Pro - aufblasbar Vorzelt - Bantam","isPartOf":{"@id":"https:\/\/shop.bantam.ch\/de\/#website"},"primaryImageOfPage":{"@id":"https:\/\/shop.bantam.ch\/de\/produkt\/grande-air-pro-aufblasbar-vorzelt\/#primaryimage"},"image":{"@id":"https:\/\/shop.bantam.ch\/de\/produkt\/grande-air-pro-aufblasbar-vorzelt\/#primaryimage"},"thumbnailUrl":"https:\/\/shop.bantam.ch\/wp-content\/uploads\/2023\/08\/9120001122_7_Grande-Air-Pro_ok.jpg","datePublished":"2023-03-01T18:50:32+00:00","dateModified":"2026-05-02T21:54:20+00:00","breadcrumb":{"@id":"https:\/\/shop.bantam.ch\/de\/produkt\/grande-air-pro-aufblasbar-vorzelt\/#breadcrumb"},"inLanguage":"de","potentialAction":[{"@type":"ReadAction","target":["https:\/\/shop.bantam.ch\/de\/produkt\/grande-air-pro-aufblasbar-vorzelt\/"]}]},{"@type":"ImageObject","inLanguage":"de","@id":"https:\/\/shop.bantam.ch\/de\/produkt\/grande-air-pro-aufblasbar-vorzelt\/#primaryimage","url":"https:\/\/shop.bantam.ch\/wp-content\/uploads\/2023\/08\/9120001122_7_Grande-Air-Pro_ok.jpg","contentUrl":"https:\/\/shop.bantam.ch\/wp-content\/uploads\/2023\/08\/9120001122_7_Grande-Air-Pro_ok.jpg","width":600,"height":600},{"@type":"BreadcrumbList","@id":"https:\/\/shop.bantam.ch\/de\/produkt\/grande-air-pro-aufblasbar-vorzelt\/#breadcrumb","itemListElement":[{"@type":"ListItem","position":1,"name":"Accueil","item":"https:\/\/shop.bantam.ch\/de\/"},{"@type":"ListItem","position":2,"name":"Shop","item":"https:\/\/shop.bantam.ch\/de\/shop\/"},{"@type":"ListItem","position":3,"name":"Grande AIR Pro &#8211; aufblasbar Vorzelt"}]},{"@type":"WebSite","@id":"https:\/\/shop.bantam.ch\/de\/#website","url":"https:\/\/shop.bantam.ch\/de\/","name":"Bantam","description":"","publisher":{"@id":"https:\/\/shop.bantam.ch\/de\/#organization"},"inLanguage":"de"},{"@type":"Organization","@id":"https:\/\/shop.bantam.ch\/de\/#organization","name":"Bantam","url":"https:\/\/shop.bantam.ch\/de\/","logo":{"@type":"ImageObject","inLanguage":"de","@id":"https:\/\/shop.bantam.ch\/de\/#\/schema\/logo\/image\/","url":"https:\/\/shop.bantam.ch\/wp-content\/uploads\/2022\/12\/bantam-logo.png","contentUrl":"https:\/\/shop.bantam.ch\/wp-content\/uploads\/2022\/12\/bantam-logo.png","width":320,"height":71,"caption":"Bantam"},"image":{"@id":"https:\/\/shop.bantam.ch\/de\/#\/schema\/logo\/image\/"}}]}},"_links":{"self":[{"href":"https:\/\/shop.bantam.ch\/de\/wp-json\/wp\/v2\/product\/138182","targetHints":{"allow":["GET"]}}],"collection":[{"href":"https:\/\/shop.bantam.ch\/de\/wp-json\/wp\/v2\/product"}],"about":[{"href":"https:\/\/shop.bantam.ch\/de\/wp-json\/wp\/v2\/types\/product"}],"wp:featuredmedia":[{"embeddable":true,"href":"https:\/\/shop.bantam.ch\/de\/wp-json\/wp\/v2\/media\/186405"}],"wp:attachment":[{"href":"https:\/\/shop.bantam.ch\/de\/wp-json\/wp\/v2\/media?parent=138182"}],"wp:term":[{"taxonomy":"product_featured_cat","embeddable":true,"href":"https:\/\/shop.bantam.ch\/de\/wp-json\/wp\/v2\/product_featured_cat?post=138182"},{"taxonomy":"product_brand","embeddable":true,"href":"https:\/\/shop.bantam.ch\/de\/wp-json\/wp\/v2\/product_brand?post=138182"},{"taxonomy":"product_cat","embeddable":true,"href":"https:\/\/shop.bantam.ch\/de\/wp-json\/wp\/v2\/product_cat?post=138182"},{"taxonomy":"product_tag","embeddable":true,"href":"https:\/\/shop.bantam.ch\/de\/wp-json\/wp\/v2\/product_tag?post=138182"}],"curies":[{"name":"wp","href":"https:\/\/api.w.org\/{rel}","templated":true}]}}