{"id":138133,"date":"2023-03-01T19:47:56","date_gmt":"2023-03-01T18:47:56","guid":{"rendered":"https:\/\/shop.bantam.ch\/produit\/kit-filtradoc\/"},"modified":"2026-04-20T00:06:13","modified_gmt":"2026-04-19T22:06:13","slug":"kit-filtradoc","status":"publish","type":"product","link":"https:\/\/shop.bantam.ch\/de\/produkt\/kit-filtradoc\/","title":{"rendered":"KIT Filtradoc"},"content":{"rendered":"<h3>Produktinformationen<\/h3>\n<p><span>Klein und leistungsstark. Daf\u00fcr findet sich immer Platz.\u00a0\u00a0<\/span><\/p>\n<p>Geeignet zur Filtration an einer Entnahmestelle z.B. Kaltwasser in K\u00fcche oder im Bad.<\/p>\n<p><span>3 Filterstufen<\/span><br \/>Benefit: 3 Filter in einer sehr kompakten Kartusche<\/p>\n<p><span>1. Stufe<\/span>: Sediment-Filter f\u00fcr Sand, Rost und grobe Partikel<\/p>\n<p><span>2. Stufe<\/span>: Aktivkohle-Filter f\u00fcr Chlor, organische Verbindungen, Schwermetalle, Medikamenten-R\u00fcckst\u00e4nde und Microplastik<\/p>\n<p><span>3. Stufe<\/span>: Ultrafiltration \u2013 Membrane,\u00a0<span>99,9999%<\/span>\u00a0Reduktion von Bakterien, E.Coli-Bakterien, Legionellen<\/p>\n","protected":false},"excerpt":{"rendered":"<p>Produktinformationen Klein und leistungsstark. Daf\u00fcr findet sich immer Platz.\u00a0\u00a0 Geeignet zur Filtration an einer Entnahmestelle z.B. Kaltwasser in K\u00fcche oder im Bad. 3 FilterstufenBenefit: 3 Filter in einer sehr kompakten Kartusche 1. Stufe: Sediment-Filter f\u00fcr Sand, Rost und grobe Partikel 2. Stufe: Aktivkohle-Filter f\u00fcr Chlor, organische Verbindungen, Schwermetalle, Medikamenten-R\u00fcckst\u00e4nde und Microplastik 3. Stufe: Ultrafiltration \u2013 [&hellip;]<\/p>\n","protected":false},"featured_media":188731,"template":"","meta":{"_acf_changed":false},"product_featured_cat":[],"product_brand":[3699],"product_cat":[4114],"product_tag":[],"class_list":{"0":"post-138133","1":"product","2":"type-product","3":"status-publish","4":"has-post-thumbnail","6":"product_brand-carawater-de","7":"product_cat-frischwasser-installation","9":"first","10":"instock","11":"featured","12":"taxable","13":"shipping-taxable","14":"purchasable","15":"product-type-variable"},"acf":[],"yoast_head":"<!-- This site is optimized with the Yoast SEO plugin v27.4 - https:\/\/yoast.com\/product\/yoast-seo-wordpress\/ -->\n<title>KIT Filtradoc - Bantam Camping AG<\/title>\n<meta name=\"robots\" content=\"index, follow, max-snippet:-1, max-image-preview:large, max-video-preview:-1\" \/>\n<link rel=\"canonical\" href=\"https:\/\/shop.bantam.ch\/de\/produkt\/kit-filtradoc\/\" \/>\n<meta property=\"og:locale\" content=\"de_DE\" \/>\n<meta property=\"og:type\" content=\"article\" \/>\n<meta property=\"og:title\" content=\"KIT Filtradoc - Bantam Camping AG\" \/>\n<meta property=\"og:description\" content=\"Produktinformationen Klein und leistungsstark. Daf\u00fcr findet sich immer Platz.\u00a0\u00a0 Geeignet zur Filtration an einer Entnahmestelle z.B. Kaltwasser in K\u00fcche oder im Bad. 3 FilterstufenBenefit: 3 Filter in einer sehr kompakten Kartusche 1. Stufe: Sediment-Filter f\u00fcr Sand, Rost und grobe Partikel 2. Stufe: Aktivkohle-Filter f\u00fcr Chlor, organische Verbindungen, Schwermetalle, Medikamenten-R\u00fcckst\u00e4nde und Microplastik 3. Stufe: Ultrafiltration \u2013 [&hellip;]\" \/>\n<meta property=\"og:url\" content=\"https:\/\/shop.bantam.ch\/de\/produkt\/kit-filtradoc\/\" \/>\n<meta property=\"og:site_name\" content=\"Bantam Camping AG\" \/>\n<meta property=\"article:modified_time\" content=\"2026-04-19T22:06:13+00:00\" \/>\n<meta property=\"og:image\" content=\"https:\/\/shop.bantam.ch\/wp-content\/uploads\/2023\/12\/Filtradoc-S-1-scaled-1-scaled.jpg\" \/>\n\t<meta property=\"og:image:width\" content=\"2048\" \/>\n\t<meta property=\"og:image:height\" content=\"2048\" \/>\n\t<meta property=\"og:image:type\" content=\"image\/jpeg\" \/>\n<meta name=\"twitter:card\" content=\"summary_large_image\" \/>\n<script type=\"application\/ld+json\" class=\"yoast-schema-graph\">{\"@context\":\"https:\\\/\\\/schema.org\",\"@graph\":[{\"@type\":\"WebPage\",\"@id\":\"https:\\\/\\\/shop.bantam.ch\\\/de\\\/produkt\\\/kit-filtradoc\\\/\",\"url\":\"https:\\\/\\\/shop.bantam.ch\\\/de\\\/produkt\\\/kit-filtradoc\\\/\",\"name\":\"KIT Filtradoc - Bantam Camping AG\",\"isPartOf\":{\"@id\":\"https:\\\/\\\/shop.bantam.ch\\\/de\\\/#website\"},\"primaryImageOfPage\":{\"@id\":\"https:\\\/\\\/shop.bantam.ch\\\/de\\\/produkt\\\/kit-filtradoc\\\/#primaryimage\"},\"image\":{\"@id\":\"https:\\\/\\\/shop.bantam.ch\\\/de\\\/produkt\\\/kit-filtradoc\\\/#primaryimage\"},\"thumbnailUrl\":\"https:\\\/\\\/shop.bantam.ch\\\/wp-content\\\/uploads\\\/2023\\\/12\\\/Filtradoc-S-1-scaled-1-scaled.jpg\",\"datePublished\":\"2023-03-01T18:47:56+00:00\",\"dateModified\":\"2026-04-19T22:06:13+00:00\",\"breadcrumb\":{\"@id\":\"https:\\\/\\\/shop.bantam.ch\\\/de\\\/produkt\\\/kit-filtradoc\\\/#breadcrumb\"},\"inLanguage\":\"de\",\"potentialAction\":[{\"@type\":\"ReadAction\",\"target\":[\"https:\\\/\\\/shop.bantam.ch\\\/de\\\/produkt\\\/kit-filtradoc\\\/\"]}]},{\"@type\":\"ImageObject\",\"inLanguage\":\"de\",\"@id\":\"https:\\\/\\\/shop.bantam.ch\\\/de\\\/produkt\\\/kit-filtradoc\\\/#primaryimage\",\"url\":\"https:\\\/\\\/shop.bantam.ch\\\/wp-content\\\/uploads\\\/2023\\\/12\\\/Filtradoc-S-1-scaled-1-scaled.jpg\",\"contentUrl\":\"https:\\\/\\\/shop.bantam.ch\\\/wp-content\\\/uploads\\\/2023\\\/12\\\/Filtradoc-S-1-scaled-1-scaled.jpg\",\"width\":2048,\"height\":2048},{\"@type\":\"BreadcrumbList\",\"@id\":\"https:\\\/\\\/shop.bantam.ch\\\/de\\\/produkt\\\/kit-filtradoc\\\/#breadcrumb\",\"itemListElement\":[{\"@type\":\"ListItem\",\"position\":1,\"name\":\"Accueil\",\"item\":\"https:\\\/\\\/shop.bantam.ch\\\/de\\\/\"},{\"@type\":\"ListItem\",\"position\":2,\"name\":\"Shop\",\"item\":\"https:\\\/\\\/shop.bantam.ch\\\/de\\\/shop\\\/\"},{\"@type\":\"ListItem\",\"position\":3,\"name\":\"KIT Filtradoc\"}]},{\"@type\":\"WebSite\",\"@id\":\"https:\\\/\\\/shop.bantam.ch\\\/de\\\/#website\",\"url\":\"https:\\\/\\\/shop.bantam.ch\\\/de\\\/\",\"name\":\"Bantam Camping AG\",\"description\":\"\",\"publisher\":{\"@id\":\"https:\\\/\\\/shop.bantam.ch\\\/de\\\/#organization\"},\"inLanguage\":\"de\"},{\"@type\":\"Organization\",\"@id\":\"https:\\\/\\\/shop.bantam.ch\\\/de\\\/#organization\",\"name\":\"Bantam Camping AG\",\"url\":\"https:\\\/\\\/shop.bantam.ch\\\/de\\\/\",\"logo\":{\"@type\":\"ImageObject\",\"inLanguage\":\"de\",\"@id\":\"https:\\\/\\\/shop.bantam.ch\\\/de\\\/#\\\/schema\\\/logo\\\/image\\\/\",\"url\":\"https:\\\/\\\/shop.bantam.ch\\\/wp-content\\\/uploads\\\/2022\\\/12\\\/bantam-logo.png\",\"contentUrl\":\"https:\\\/\\\/shop.bantam.ch\\\/wp-content\\\/uploads\\\/2022\\\/12\\\/bantam-logo.png\",\"width\":320,\"height\":71,\"caption\":\"Bantam Camping AG\"},\"image\":{\"@id\":\"https:\\\/\\\/shop.bantam.ch\\\/de\\\/#\\\/schema\\\/logo\\\/image\\\/\"}}]}<\/script>\n<!-- \/ Yoast SEO plugin. -->","yoast_head_json":{"title":"KIT Filtradoc - Bantam Camping AG","robots":{"index":"index","follow":"follow","max-snippet":"max-snippet:-1","max-image-preview":"max-image-preview:large","max-video-preview":"max-video-preview:-1"},"canonical":"https:\/\/shop.bantam.ch\/de\/produkt\/kit-filtradoc\/","og_locale":"de_DE","og_type":"article","og_title":"KIT Filtradoc - Bantam Camping AG","og_description":"Produktinformationen Klein und leistungsstark. Daf\u00fcr findet sich immer Platz.\u00a0\u00a0 Geeignet zur Filtration an einer Entnahmestelle z.B. Kaltwasser in K\u00fcche oder im Bad. 3 FilterstufenBenefit: 3 Filter in einer sehr kompakten Kartusche 1. Stufe: Sediment-Filter f\u00fcr Sand, Rost und grobe Partikel 2. Stufe: Aktivkohle-Filter f\u00fcr Chlor, organische Verbindungen, Schwermetalle, Medikamenten-R\u00fcckst\u00e4nde und Microplastik 3. Stufe: Ultrafiltration \u2013 [&hellip;]","og_url":"https:\/\/shop.bantam.ch\/de\/produkt\/kit-filtradoc\/","og_site_name":"Bantam Camping AG","article_modified_time":"2026-04-19T22:06:13+00:00","og_image":[{"width":2048,"height":2048,"url":"https:\/\/shop.bantam.ch\/wp-content\/uploads\/2023\/12\/Filtradoc-S-1-scaled-1-scaled.jpg","type":"image\/jpeg"}],"twitter_card":"summary_large_image","schema":{"@context":"https:\/\/schema.org","@graph":[{"@type":"WebPage","@id":"https:\/\/shop.bantam.ch\/de\/produkt\/kit-filtradoc\/","url":"https:\/\/shop.bantam.ch\/de\/produkt\/kit-filtradoc\/","name":"KIT Filtradoc - Bantam Camping AG","isPartOf":{"@id":"https:\/\/shop.bantam.ch\/de\/#website"},"primaryImageOfPage":{"@id":"https:\/\/shop.bantam.ch\/de\/produkt\/kit-filtradoc\/#primaryimage"},"image":{"@id":"https:\/\/shop.bantam.ch\/de\/produkt\/kit-filtradoc\/#primaryimage"},"thumbnailUrl":"https:\/\/shop.bantam.ch\/wp-content\/uploads\/2023\/12\/Filtradoc-S-1-scaled-1-scaled.jpg","datePublished":"2023-03-01T18:47:56+00:00","dateModified":"2026-04-19T22:06:13+00:00","breadcrumb":{"@id":"https:\/\/shop.bantam.ch\/de\/produkt\/kit-filtradoc\/#breadcrumb"},"inLanguage":"de","potentialAction":[{"@type":"ReadAction","target":["https:\/\/shop.bantam.ch\/de\/produkt\/kit-filtradoc\/"]}]},{"@type":"ImageObject","inLanguage":"de","@id":"https:\/\/shop.bantam.ch\/de\/produkt\/kit-filtradoc\/#primaryimage","url":"https:\/\/shop.bantam.ch\/wp-content\/uploads\/2023\/12\/Filtradoc-S-1-scaled-1-scaled.jpg","contentUrl":"https:\/\/shop.bantam.ch\/wp-content\/uploads\/2023\/12\/Filtradoc-S-1-scaled-1-scaled.jpg","width":2048,"height":2048},{"@type":"BreadcrumbList","@id":"https:\/\/shop.bantam.ch\/de\/produkt\/kit-filtradoc\/#breadcrumb","itemListElement":[{"@type":"ListItem","position":1,"name":"Accueil","item":"https:\/\/shop.bantam.ch\/de\/"},{"@type":"ListItem","position":2,"name":"Shop","item":"https:\/\/shop.bantam.ch\/de\/shop\/"},{"@type":"ListItem","position":3,"name":"KIT Filtradoc"}]},{"@type":"WebSite","@id":"https:\/\/shop.bantam.ch\/de\/#website","url":"https:\/\/shop.bantam.ch\/de\/","name":"Bantam Camping AG","description":"","publisher":{"@id":"https:\/\/shop.bantam.ch\/de\/#organization"},"inLanguage":"de"},{"@type":"Organization","@id":"https:\/\/shop.bantam.ch\/de\/#organization","name":"Bantam Camping AG","url":"https:\/\/shop.bantam.ch\/de\/","logo":{"@type":"ImageObject","inLanguage":"de","@id":"https:\/\/shop.bantam.ch\/de\/#\/schema\/logo\/image\/","url":"https:\/\/shop.bantam.ch\/wp-content\/uploads\/2022\/12\/bantam-logo.png","contentUrl":"https:\/\/shop.bantam.ch\/wp-content\/uploads\/2022\/12\/bantam-logo.png","width":320,"height":71,"caption":"Bantam Camping AG"},"image":{"@id":"https:\/\/shop.bantam.ch\/de\/#\/schema\/logo\/image\/"}}]}},"_links":{"self":[{"href":"https:\/\/shop.bantam.ch\/de\/wp-json\/wp\/v2\/product\/138133","targetHints":{"allow":["GET"]}}],"collection":[{"href":"https:\/\/shop.bantam.ch\/de\/wp-json\/wp\/v2\/product"}],"about":[{"href":"https:\/\/shop.bantam.ch\/de\/wp-json\/wp\/v2\/types\/product"}],"wp:featuredmedia":[{"embeddable":true,"href":"https:\/\/shop.bantam.ch\/de\/wp-json\/wp\/v2\/media\/188731"}],"wp:attachment":[{"href":"https:\/\/shop.bantam.ch\/de\/wp-json\/wp\/v2\/media?parent=138133"}],"wp:term":[{"taxonomy":"product_featured_cat","embeddable":true,"href":"https:\/\/shop.bantam.ch\/de\/wp-json\/wp\/v2\/product_featured_cat?post=138133"},{"taxonomy":"product_brand","embeddable":true,"href":"https:\/\/shop.bantam.ch\/de\/wp-json\/wp\/v2\/product_brand?post=138133"},{"taxonomy":"product_cat","embeddable":true,"href":"https:\/\/shop.bantam.ch\/de\/wp-json\/wp\/v2\/product_cat?post=138133"},{"taxonomy":"product_tag","embeddable":true,"href":"https:\/\/shop.bantam.ch\/de\/wp-json\/wp\/v2\/product_tag?post=138133"}],"curies":[{"name":"wp","href":"https:\/\/api.w.org\/{rel}","templated":true}]}}