{"id":138100,"date":"2023-03-01T19:46:27","date_gmt":"2023-03-01T18:46:27","guid":{"rendered":"https:\/\/shop.bantam.ch\/produit\/faltstuhl-chateau-schwarz\/"},"modified":"2026-04-18T21:59:15","modified_gmt":"2026-04-18T19:59:15","slug":"faltstuhl-chateau-schwarz","status":"publish","type":"product","link":"https:\/\/shop.bantam.ch\/de\/produkt\/faltstuhl-chateau-schwarz\/","title":{"rendered":"Chateau Klappsessel 3D-Mesh"},"content":{"rendered":"<p>Neues Modell eines Campingstuhls mit dehnbarem Kissen. Das Gewebe besteht aus einem atmungsaktiven 3D-Mesh mit wasserdurchl\u00e4ssigem Polyestermouse. Schnell trocknend, bequem und pflegeleicht. Der neue ovale Aluminiumrahmen mit Epoxidbeschichtung l\u00e4sst sich leicht auf eine handliche Gr\u00f6\u00dfe zusammenfalten und in den Wohnwagen mitnehmen. Das verschiebbare Kissen reduziert die Falth\u00f6he um 3 cm. Der Stuhl hat ein robustes Aluminiumscharnier mit einer Tragf\u00e4higkeit von max. 140 kg. Die R\u00fcckenlehne ist in 7 Positionen verstellbar. Die Fu\u00dfst\u00fctze ist optional erh\u00e4ltlich.\u00a0Material: 100= Mesh Polyester.\u00a0Rahmen: D-Rahmen aus Alu mit Alu-Scharnier.\u00a0Erh\u00e4ltliche Farben: Schwarz, Anthrazit.\u00a0<\/p>\n<p>Ma\u00dfe: 51 x 42 x 48 x 110\/123 cm.<\/p>\n<p>Zusammengeklappt: 93 x 63 x 0 cm.<\/p>\n<p>Maximale Belastung: 140 kg<\/p>\n<p>Gewicht: 5,2 kg<\/p>\n","protected":false},"excerpt":{"rendered":"<p>Neues Modell eines Campingstuhls mit dehnbarem Kissen. Das Gewebe besteht aus einem atmungsaktiven 3D-Mesh mit wasserdurchl\u00e4ssigem Polyestermouse. Schnell trocknend, bequem und pflegeleicht. Der neue ovale Aluminiumrahmen mit Epoxidbeschichtung l\u00e4sst sich leicht auf eine handliche Gr\u00f6\u00dfe zusammenfalten und in den Wohnwagen mitnehmen. Das verschiebbare Kissen reduziert die Falth\u00f6he um 3 cm. Der Stuhl hat ein robustes [&hellip;]<\/p>\n","protected":false},"featured_media":150343,"template":"","meta":{"_acf_changed":false},"product_featured_cat":[],"product_brand":[3075],"product_cat":[4478],"product_tag":[],"class_list":{"0":"post-138100","1":"product","2":"type-product","3":"status-publish","4":"has-post-thumbnail","6":"product_brand-eurotrail-de","7":"product_cat-stuehle-hocker-liegen","9":"first","10":"instock","11":"taxable","12":"shipping-taxable","13":"purchasable","14":"product-type-simple"},"acf":[],"yoast_head":"<!-- This site is optimized with the Yoast SEO plugin v27.4 - https:\/\/yoast.com\/product\/yoast-seo-wordpress\/ -->\n<title>Chateau Klappsessel 3D-Mesh - Bantam Camping AG<\/title>\n<meta name=\"robots\" content=\"index, follow, max-snippet:-1, max-image-preview:large, max-video-preview:-1\" \/>\n<link rel=\"canonical\" href=\"https:\/\/shop.bantam.ch\/de\/produkt\/faltstuhl-chateau-schwarz\/\" \/>\n<meta property=\"og:locale\" content=\"de_DE\" \/>\n<meta property=\"og:type\" content=\"article\" \/>\n<meta property=\"og:title\" content=\"Chateau Klappsessel 3D-Mesh - Bantam Camping AG\" \/>\n<meta property=\"og:description\" content=\"Neues Modell eines Campingstuhls mit dehnbarem Kissen. Das Gewebe besteht aus einem atmungsaktiven 3D-Mesh mit wasserdurchl\u00e4ssigem Polyestermouse. Schnell trocknend, bequem und pflegeleicht. Der neue ovale Aluminiumrahmen mit Epoxidbeschichtung l\u00e4sst sich leicht auf eine handliche Gr\u00f6\u00dfe zusammenfalten und in den Wohnwagen mitnehmen. Das verschiebbare Kissen reduziert die Falth\u00f6he um 3 cm. Der Stuhl hat ein robustes [&hellip;]\" \/>\n<meta property=\"og:url\" content=\"https:\/\/shop.bantam.ch\/de\/produkt\/faltstuhl-chateau-schwarz\/\" \/>\n<meta property=\"og:site_name\" content=\"Bantam Camping AG\" \/>\n<meta property=\"article:modified_time\" content=\"2026-04-18T19:59:15+00:00\" \/>\n<meta property=\"og:image\" content=\"https:\/\/shop.bantam.ch\/wp-content\/uploads\/2023\/03\/76621018-chaise-ch-teau-ETCF1349_0100_1.jpg\" \/>\n\t<meta property=\"og:image:width\" content=\"1142\" \/>\n\t<meta property=\"og:image:height\" content=\"1772\" \/>\n\t<meta property=\"og:image:type\" content=\"image\/jpeg\" \/>\n<meta name=\"twitter:card\" content=\"summary_large_image\" \/>\n<meta name=\"twitter:label1\" content=\"Gesch\u00e4tzte Lesezeit\" \/>\n\t<meta name=\"twitter:data1\" content=\"1\u00a0Minute\" \/>\n<script type=\"application\/ld+json\" class=\"yoast-schema-graph\">{\"@context\":\"https:\\\/\\\/schema.org\",\"@graph\":[{\"@type\":\"WebPage\",\"@id\":\"https:\\\/\\\/shop.bantam.ch\\\/de\\\/produkt\\\/faltstuhl-chateau-schwarz\\\/\",\"url\":\"https:\\\/\\\/shop.bantam.ch\\\/de\\\/produkt\\\/faltstuhl-chateau-schwarz\\\/\",\"name\":\"Chateau Klappsessel 3D-Mesh - Bantam Camping AG\",\"isPartOf\":{\"@id\":\"https:\\\/\\\/shop.bantam.ch\\\/de\\\/#website\"},\"primaryImageOfPage\":{\"@id\":\"https:\\\/\\\/shop.bantam.ch\\\/de\\\/produkt\\\/faltstuhl-chateau-schwarz\\\/#primaryimage\"},\"image\":{\"@id\":\"https:\\\/\\\/shop.bantam.ch\\\/de\\\/produkt\\\/faltstuhl-chateau-schwarz\\\/#primaryimage\"},\"thumbnailUrl\":\"https:\\\/\\\/shop.bantam.ch\\\/wp-content\\\/uploads\\\/2023\\\/03\\\/76621018-chaise-ch-teau-ETCF1349_0100_1.jpg\",\"datePublished\":\"2023-03-01T18:46:27+00:00\",\"dateModified\":\"2026-04-18T19:59:15+00:00\",\"breadcrumb\":{\"@id\":\"https:\\\/\\\/shop.bantam.ch\\\/de\\\/produkt\\\/faltstuhl-chateau-schwarz\\\/#breadcrumb\"},\"inLanguage\":\"de\",\"potentialAction\":[{\"@type\":\"ReadAction\",\"target\":[\"https:\\\/\\\/shop.bantam.ch\\\/de\\\/produkt\\\/faltstuhl-chateau-schwarz\\\/\"]}]},{\"@type\":\"ImageObject\",\"inLanguage\":\"de\",\"@id\":\"https:\\\/\\\/shop.bantam.ch\\\/de\\\/produkt\\\/faltstuhl-chateau-schwarz\\\/#primaryimage\",\"url\":\"https:\\\/\\\/shop.bantam.ch\\\/wp-content\\\/uploads\\\/2023\\\/03\\\/76621018-chaise-ch-teau-ETCF1349_0100_1.jpg\",\"contentUrl\":\"https:\\\/\\\/shop.bantam.ch\\\/wp-content\\\/uploads\\\/2023\\\/03\\\/76621018-chaise-ch-teau-ETCF1349_0100_1.jpg\",\"width\":1142,\"height\":1772},{\"@type\":\"BreadcrumbList\",\"@id\":\"https:\\\/\\\/shop.bantam.ch\\\/de\\\/produkt\\\/faltstuhl-chateau-schwarz\\\/#breadcrumb\",\"itemListElement\":[{\"@type\":\"ListItem\",\"position\":1,\"name\":\"Accueil\",\"item\":\"https:\\\/\\\/shop.bantam.ch\\\/de\\\/\"},{\"@type\":\"ListItem\",\"position\":2,\"name\":\"Shop\",\"item\":\"https:\\\/\\\/shop.bantam.ch\\\/de\\\/shop\\\/\"},{\"@type\":\"ListItem\",\"position\":3,\"name\":\"Chateau Klappsessel 3D-Mesh\"}]},{\"@type\":\"WebSite\",\"@id\":\"https:\\\/\\\/shop.bantam.ch\\\/de\\\/#website\",\"url\":\"https:\\\/\\\/shop.bantam.ch\\\/de\\\/\",\"name\":\"Bantam Camping AG\",\"description\":\"\",\"publisher\":{\"@id\":\"https:\\\/\\\/shop.bantam.ch\\\/de\\\/#organization\"},\"inLanguage\":\"de\"},{\"@type\":\"Organization\",\"@id\":\"https:\\\/\\\/shop.bantam.ch\\\/de\\\/#organization\",\"name\":\"Bantam Camping AG\",\"url\":\"https:\\\/\\\/shop.bantam.ch\\\/de\\\/\",\"logo\":{\"@type\":\"ImageObject\",\"inLanguage\":\"de\",\"@id\":\"https:\\\/\\\/shop.bantam.ch\\\/de\\\/#\\\/schema\\\/logo\\\/image\\\/\",\"url\":\"https:\\\/\\\/shop.bantam.ch\\\/wp-content\\\/uploads\\\/2022\\\/12\\\/bantam-logo.png\",\"contentUrl\":\"https:\\\/\\\/shop.bantam.ch\\\/wp-content\\\/uploads\\\/2022\\\/12\\\/bantam-logo.png\",\"width\":320,\"height\":71,\"caption\":\"Bantam Camping AG\"},\"image\":{\"@id\":\"https:\\\/\\\/shop.bantam.ch\\\/de\\\/#\\\/schema\\\/logo\\\/image\\\/\"}}]}<\/script>\n<!-- \/ Yoast SEO plugin. -->","yoast_head_json":{"title":"Chateau Klappsessel 3D-Mesh - Bantam Camping AG","robots":{"index":"index","follow":"follow","max-snippet":"max-snippet:-1","max-image-preview":"max-image-preview:large","max-video-preview":"max-video-preview:-1"},"canonical":"https:\/\/shop.bantam.ch\/de\/produkt\/faltstuhl-chateau-schwarz\/","og_locale":"de_DE","og_type":"article","og_title":"Chateau Klappsessel 3D-Mesh - Bantam Camping AG","og_description":"Neues Modell eines Campingstuhls mit dehnbarem Kissen. Das Gewebe besteht aus einem atmungsaktiven 3D-Mesh mit wasserdurchl\u00e4ssigem Polyestermouse. Schnell trocknend, bequem und pflegeleicht. Der neue ovale Aluminiumrahmen mit Epoxidbeschichtung l\u00e4sst sich leicht auf eine handliche Gr\u00f6\u00dfe zusammenfalten und in den Wohnwagen mitnehmen. Das verschiebbare Kissen reduziert die Falth\u00f6he um 3 cm. Der Stuhl hat ein robustes [&hellip;]","og_url":"https:\/\/shop.bantam.ch\/de\/produkt\/faltstuhl-chateau-schwarz\/","og_site_name":"Bantam Camping AG","article_modified_time":"2026-04-18T19:59:15+00:00","og_image":[{"width":1142,"height":1772,"url":"https:\/\/shop.bantam.ch\/wp-content\/uploads\/2023\/03\/76621018-chaise-ch-teau-ETCF1349_0100_1.jpg","type":"image\/jpeg"}],"twitter_card":"summary_large_image","twitter_misc":{"Gesch\u00e4tzte Lesezeit":"1\u00a0Minute"},"schema":{"@context":"https:\/\/schema.org","@graph":[{"@type":"WebPage","@id":"https:\/\/shop.bantam.ch\/de\/produkt\/faltstuhl-chateau-schwarz\/","url":"https:\/\/shop.bantam.ch\/de\/produkt\/faltstuhl-chateau-schwarz\/","name":"Chateau Klappsessel 3D-Mesh - Bantam Camping AG","isPartOf":{"@id":"https:\/\/shop.bantam.ch\/de\/#website"},"primaryImageOfPage":{"@id":"https:\/\/shop.bantam.ch\/de\/produkt\/faltstuhl-chateau-schwarz\/#primaryimage"},"image":{"@id":"https:\/\/shop.bantam.ch\/de\/produkt\/faltstuhl-chateau-schwarz\/#primaryimage"},"thumbnailUrl":"https:\/\/shop.bantam.ch\/wp-content\/uploads\/2023\/03\/76621018-chaise-ch-teau-ETCF1349_0100_1.jpg","datePublished":"2023-03-01T18:46:27+00:00","dateModified":"2026-04-18T19:59:15+00:00","breadcrumb":{"@id":"https:\/\/shop.bantam.ch\/de\/produkt\/faltstuhl-chateau-schwarz\/#breadcrumb"},"inLanguage":"de","potentialAction":[{"@type":"ReadAction","target":["https:\/\/shop.bantam.ch\/de\/produkt\/faltstuhl-chateau-schwarz\/"]}]},{"@type":"ImageObject","inLanguage":"de","@id":"https:\/\/shop.bantam.ch\/de\/produkt\/faltstuhl-chateau-schwarz\/#primaryimage","url":"https:\/\/shop.bantam.ch\/wp-content\/uploads\/2023\/03\/76621018-chaise-ch-teau-ETCF1349_0100_1.jpg","contentUrl":"https:\/\/shop.bantam.ch\/wp-content\/uploads\/2023\/03\/76621018-chaise-ch-teau-ETCF1349_0100_1.jpg","width":1142,"height":1772},{"@type":"BreadcrumbList","@id":"https:\/\/shop.bantam.ch\/de\/produkt\/faltstuhl-chateau-schwarz\/#breadcrumb","itemListElement":[{"@type":"ListItem","position":1,"name":"Accueil","item":"https:\/\/shop.bantam.ch\/de\/"},{"@type":"ListItem","position":2,"name":"Shop","item":"https:\/\/shop.bantam.ch\/de\/shop\/"},{"@type":"ListItem","position":3,"name":"Chateau Klappsessel 3D-Mesh"}]},{"@type":"WebSite","@id":"https:\/\/shop.bantam.ch\/de\/#website","url":"https:\/\/shop.bantam.ch\/de\/","name":"Bantam Camping AG","description":"","publisher":{"@id":"https:\/\/shop.bantam.ch\/de\/#organization"},"inLanguage":"de"},{"@type":"Organization","@id":"https:\/\/shop.bantam.ch\/de\/#organization","name":"Bantam Camping AG","url":"https:\/\/shop.bantam.ch\/de\/","logo":{"@type":"ImageObject","inLanguage":"de","@id":"https:\/\/shop.bantam.ch\/de\/#\/schema\/logo\/image\/","url":"https:\/\/shop.bantam.ch\/wp-content\/uploads\/2022\/12\/bantam-logo.png","contentUrl":"https:\/\/shop.bantam.ch\/wp-content\/uploads\/2022\/12\/bantam-logo.png","width":320,"height":71,"caption":"Bantam Camping AG"},"image":{"@id":"https:\/\/shop.bantam.ch\/de\/#\/schema\/logo\/image\/"}}]}},"_links":{"self":[{"href":"https:\/\/shop.bantam.ch\/de\/wp-json\/wp\/v2\/product\/138100","targetHints":{"allow":["GET"]}}],"collection":[{"href":"https:\/\/shop.bantam.ch\/de\/wp-json\/wp\/v2\/product"}],"about":[{"href":"https:\/\/shop.bantam.ch\/de\/wp-json\/wp\/v2\/types\/product"}],"wp:featuredmedia":[{"embeddable":true,"href":"https:\/\/shop.bantam.ch\/de\/wp-json\/wp\/v2\/media\/150343"}],"wp:attachment":[{"href":"https:\/\/shop.bantam.ch\/de\/wp-json\/wp\/v2\/media?parent=138100"}],"wp:term":[{"taxonomy":"product_featured_cat","embeddable":true,"href":"https:\/\/shop.bantam.ch\/de\/wp-json\/wp\/v2\/product_featured_cat?post=138100"},{"taxonomy":"product_brand","embeddable":true,"href":"https:\/\/shop.bantam.ch\/de\/wp-json\/wp\/v2\/product_brand?post=138100"},{"taxonomy":"product_cat","embeddable":true,"href":"https:\/\/shop.bantam.ch\/de\/wp-json\/wp\/v2\/product_cat?post=138100"},{"taxonomy":"product_tag","embeddable":true,"href":"https:\/\/shop.bantam.ch\/de\/wp-json\/wp\/v2\/product_tag?post=138100"}],"curies":[{"name":"wp","href":"https:\/\/api.w.org\/{rel}","templated":true}]}}