{"id":138076,"date":"2023-03-01T19:45:16","date_gmt":"2023-03-01T18:45:16","guid":{"rendered":"https:\/\/shop.bantam.ch\/produit\/trio-power-pack-30-mbar\/"},"modified":"2026-04-17T21:57:08","modified_gmt":"2026-04-17T19:57:08","slug":"trio-power-pack-30-mbar","status":"publish","type":"product","link":"https:\/\/shop.bantam.ch\/de\/produkt\/trio-power-pack-30-mbar\/","title":{"rendered":"Trio Power Pack 30 mbar"},"content":{"rendered":"<p class=\"MsoNormal\" style=\"margin-top: 0cm;margin-right: 0cm;margin-bottom: 0cm;margin-left: 36.0pt;line-height: normal;background: white\">Das CADAC Trio Power Pak ist eine tragbare, leichte Gasversorgung f\u00fcr beispielsweise deinen Gasgrill oder -kocher. Ideal f\u00fcr Campingurlaub. In den Halter passen 3 Gaskartuschen von 227 Gramm. Daran kannst du ganz einfach dein Gasger\u00e4t anschlie\u00dfen. Das Trio Power Pak wiegt nur 1,2 kg und macht eine schwere Gasflasche \u00fcberfl\u00fcssig! Das Geh\u00e4use des Trio Power Pak hat eine abnehmbare R\u00fcckseite, sodass die Gaskartuschen einfach in das Ger\u00e4t eingeklickt werden k\u00f6nnen. Durch die Kombination der Gasversorgung der Kartuschen gefrieren die Kartuschen weniger schnell und das Ger\u00e4t kann auch bei niedrigeren Temperaturen eingesetzt werden.<\/p>\n<p class=\"MsoNormal\" style=\"margin-bottom: 0cm\"><span lang=\"FR\">\u00a0<\/span><\/p>\n<p class=\"MsoNormal\" style=\"margin-bottom: 0cm\"><span lang=\"FR\">Die 3 Kartuschen (nicht im Lieferumfang enthalten) versorgen das Ger\u00e4t gleichzeitig mit Gas. Das Trio Power Pak kann jedoch mit Kartuschen mit unterschiedlichen Gasmengen verwendet werden. Das Power Pak funktioniert auch mit weniger als 3 Gaskartuschen. Die Kartuschen k\u00f6nnen separat entnommen oder ausgetauscht werden. Es ist nicht erforderlich, die 3 Kartuschen gleichzeitig auszutauschen. Ein 105 cm Gasschlauch ist im Lieferumfang enthalten. Inklusive praktischer Aufbewahrungstasche. Ma\u00dfe: 17 x 22 x 26 cm (B x H* x T)<\/span><\/p>\n<p class=\"MsoNormal\" style=\"margin-bottom: 0cm\"><span lang=\"FR\">* Gesamth\u00f6he<\/span><\/p>\n<p class=\"MsoNormal\" style=\"margin-bottom: 0cm\">\u00a0<\/p>\n<p class=\"MsoNormal\" style=\"margin-bottom: 0cm\"><span lang=\"FR\">Leichte, tragbare Gasversorgung<\/span><\/p>\n<p class=\"MsoNormal\" style=\"margin-bottom: 0cm\"><span lang=\"FR\">Zur Verwendung mit 3x 227g-Bajonettkartuschen<\/span><\/p>\n<p class=\"MsoNormal\" style=\"margin-bottom: 0cm\"><span lang=\"FR\">Mit CADAC Quick Release Kupplung<\/span><\/p>\n<p class=\"MsoNormal\" style=\"margin-bottom: 0cm\"><span lang=\"FR\">Mit 105 cm Gasschlauch<\/span><\/p>\n<p class=\"MsoNormal\" style=\"margin-bottom: 0cm\"><span lang=\"FR\">Inklusive Aufbewahrungstasche<\/span><\/p>\n<p class=\"MsoNormal\" style=\"margin-bottom: 0cm\">\u00a0<\/p>\n<p class=\"MsoNormal\" style=\"margin-bottom: 0cm\"><span lang=\"FR\">2 Jahre Garantie<\/span><\/p>\n","protected":false},"excerpt":{"rendered":"<p>Das CADAC Trio Power Pak ist eine tragbare, leichte Gasversorgung f\u00fcr beispielsweise deinen Gasgrill oder -kocher. Ideal f\u00fcr Campingurlaub. In den Halter passen 3 Gaskartuschen von 227 Gramm. Daran kannst du ganz einfach dein Gasger\u00e4t anschlie\u00dfen. Das Trio Power Pak wiegt nur 1,2 kg und macht eine schwere Gasflasche \u00fcberfl\u00fcssig! Das Geh\u00e4use des Trio Power [&hellip;]<\/p>\n","protected":false},"featured_media":150315,"template":"","meta":{"_acf_changed":false},"product_featured_cat":[],"product_brand":[3669],"product_cat":[4340],"product_tag":[],"class_list":{"0":"post-138076","1":"product","2":"type-product","3":"status-publish","4":"has-post-thumbnail","6":"product_brand-cadac-de","7":"product_cat-grillzubehoer","9":"first","10":"instock","11":"taxable","12":"shipping-taxable","13":"purchasable","14":"product-type-simple"},"acf":[],"yoast_head":"<!-- This site is optimized with the Yoast SEO plugin v27.4 - https:\/\/yoast.com\/product\/yoast-seo-wordpress\/ -->\n<title>Trio Power Pack 30 mbar - Bantam Camping AG<\/title>\n<meta name=\"robots\" content=\"index, follow, max-snippet:-1, max-image-preview:large, max-video-preview:-1\" \/>\n<link rel=\"canonical\" href=\"https:\/\/shop.bantam.ch\/de\/produkt\/trio-power-pack-30-mbar\/\" \/>\n<meta property=\"og:locale\" content=\"de_DE\" \/>\n<meta property=\"og:type\" content=\"article\" \/>\n<meta property=\"og:title\" content=\"Trio Power Pack 30 mbar - Bantam Camping AG\" \/>\n<meta property=\"og:description\" content=\"Das CADAC Trio Power Pak ist eine tragbare, leichte Gasversorgung f\u00fcr beispielsweise deinen Gasgrill oder -kocher. Ideal f\u00fcr Campingurlaub. In den Halter passen 3 Gaskartuschen von 227 Gramm. Daran kannst du ganz einfach dein Gasger\u00e4t anschlie\u00dfen. Das Trio Power Pak wiegt nur 1,2 kg und macht eine schwere Gasflasche \u00fcberfl\u00fcssig! Das Geh\u00e4use des Trio Power [&hellip;]\" \/>\n<meta property=\"og:url\" content=\"https:\/\/shop.bantam.ch\/de\/produkt\/trio-power-pack-30-mbar\/\" \/>\n<meta property=\"og:site_name\" content=\"Bantam Camping AG\" \/>\n<meta property=\"article:modified_time\" content=\"2026-04-17T19:57:08+00:00\" \/>\n<meta property=\"og:image\" content=\"https:\/\/shop.bantam.ch\/wp-content\/uploads\/2023\/03\/78722008.png\" \/>\n\t<meta property=\"og:image:width\" content=\"800\" \/>\n\t<meta property=\"og:image:height\" content=\"800\" \/>\n\t<meta property=\"og:image:type\" content=\"image\/png\" \/>\n<meta name=\"twitter:card\" content=\"summary_large_image\" \/>\n<meta name=\"twitter:label1\" content=\"Gesch\u00e4tzte Lesezeit\" \/>\n\t<meta name=\"twitter:data1\" content=\"1\u00a0Minute\" \/>\n<script type=\"application\/ld+json\" class=\"yoast-schema-graph\">{\"@context\":\"https:\\\/\\\/schema.org\",\"@graph\":[{\"@type\":\"WebPage\",\"@id\":\"https:\\\/\\\/shop.bantam.ch\\\/de\\\/produkt\\\/trio-power-pack-30-mbar\\\/\",\"url\":\"https:\\\/\\\/shop.bantam.ch\\\/de\\\/produkt\\\/trio-power-pack-30-mbar\\\/\",\"name\":\"Trio Power Pack 30 mbar - Bantam Camping AG\",\"isPartOf\":{\"@id\":\"https:\\\/\\\/shop.bantam.ch\\\/de\\\/#website\"},\"primaryImageOfPage\":{\"@id\":\"https:\\\/\\\/shop.bantam.ch\\\/de\\\/produkt\\\/trio-power-pack-30-mbar\\\/#primaryimage\"},\"image\":{\"@id\":\"https:\\\/\\\/shop.bantam.ch\\\/de\\\/produkt\\\/trio-power-pack-30-mbar\\\/#primaryimage\"},\"thumbnailUrl\":\"https:\\\/\\\/shop.bantam.ch\\\/wp-content\\\/uploads\\\/2023\\\/03\\\/78722008.png\",\"datePublished\":\"2023-03-01T18:45:16+00:00\",\"dateModified\":\"2026-04-17T19:57:08+00:00\",\"breadcrumb\":{\"@id\":\"https:\\\/\\\/shop.bantam.ch\\\/de\\\/produkt\\\/trio-power-pack-30-mbar\\\/#breadcrumb\"},\"inLanguage\":\"de\",\"potentialAction\":[{\"@type\":\"ReadAction\",\"target\":[\"https:\\\/\\\/shop.bantam.ch\\\/de\\\/produkt\\\/trio-power-pack-30-mbar\\\/\"]}]},{\"@type\":\"ImageObject\",\"inLanguage\":\"de\",\"@id\":\"https:\\\/\\\/shop.bantam.ch\\\/de\\\/produkt\\\/trio-power-pack-30-mbar\\\/#primaryimage\",\"url\":\"https:\\\/\\\/shop.bantam.ch\\\/wp-content\\\/uploads\\\/2023\\\/03\\\/78722008.png\",\"contentUrl\":\"https:\\\/\\\/shop.bantam.ch\\\/wp-content\\\/uploads\\\/2023\\\/03\\\/78722008.png\",\"width\":800,\"height\":800},{\"@type\":\"BreadcrumbList\",\"@id\":\"https:\\\/\\\/shop.bantam.ch\\\/de\\\/produkt\\\/trio-power-pack-30-mbar\\\/#breadcrumb\",\"itemListElement\":[{\"@type\":\"ListItem\",\"position\":1,\"name\":\"Accueil\",\"item\":\"https:\\\/\\\/shop.bantam.ch\\\/de\\\/\"},{\"@type\":\"ListItem\",\"position\":2,\"name\":\"Shop\",\"item\":\"https:\\\/\\\/shop.bantam.ch\\\/de\\\/shop\\\/\"},{\"@type\":\"ListItem\",\"position\":3,\"name\":\"Trio Power Pack 30 mbar\"}]},{\"@type\":\"WebSite\",\"@id\":\"https:\\\/\\\/shop.bantam.ch\\\/de\\\/#website\",\"url\":\"https:\\\/\\\/shop.bantam.ch\\\/de\\\/\",\"name\":\"Bantam Camping AG\",\"description\":\"\",\"publisher\":{\"@id\":\"https:\\\/\\\/shop.bantam.ch\\\/de\\\/#organization\"},\"inLanguage\":\"de\"},{\"@type\":\"Organization\",\"@id\":\"https:\\\/\\\/shop.bantam.ch\\\/de\\\/#organization\",\"name\":\"Bantam Camping AG\",\"url\":\"https:\\\/\\\/shop.bantam.ch\\\/de\\\/\",\"logo\":{\"@type\":\"ImageObject\",\"inLanguage\":\"de\",\"@id\":\"https:\\\/\\\/shop.bantam.ch\\\/de\\\/#\\\/schema\\\/logo\\\/image\\\/\",\"url\":\"https:\\\/\\\/shop.bantam.ch\\\/wp-content\\\/uploads\\\/2022\\\/12\\\/bantam-logo.png\",\"contentUrl\":\"https:\\\/\\\/shop.bantam.ch\\\/wp-content\\\/uploads\\\/2022\\\/12\\\/bantam-logo.png\",\"width\":320,\"height\":71,\"caption\":\"Bantam Camping AG\"},\"image\":{\"@id\":\"https:\\\/\\\/shop.bantam.ch\\\/de\\\/#\\\/schema\\\/logo\\\/image\\\/\"}}]}<\/script>\n<!-- \/ Yoast SEO plugin. -->","yoast_head_json":{"title":"Trio Power Pack 30 mbar - Bantam Camping AG","robots":{"index":"index","follow":"follow","max-snippet":"max-snippet:-1","max-image-preview":"max-image-preview:large","max-video-preview":"max-video-preview:-1"},"canonical":"https:\/\/shop.bantam.ch\/de\/produkt\/trio-power-pack-30-mbar\/","og_locale":"de_DE","og_type":"article","og_title":"Trio Power Pack 30 mbar - Bantam Camping AG","og_description":"Das CADAC Trio Power Pak ist eine tragbare, leichte Gasversorgung f\u00fcr beispielsweise deinen Gasgrill oder -kocher. Ideal f\u00fcr Campingurlaub. In den Halter passen 3 Gaskartuschen von 227 Gramm. Daran kannst du ganz einfach dein Gasger\u00e4t anschlie\u00dfen. Das Trio Power Pak wiegt nur 1,2 kg und macht eine schwere Gasflasche \u00fcberfl\u00fcssig! Das Geh\u00e4use des Trio Power [&hellip;]","og_url":"https:\/\/shop.bantam.ch\/de\/produkt\/trio-power-pack-30-mbar\/","og_site_name":"Bantam Camping AG","article_modified_time":"2026-04-17T19:57:08+00:00","og_image":[{"width":800,"height":800,"url":"https:\/\/shop.bantam.ch\/wp-content\/uploads\/2023\/03\/78722008.png","type":"image\/png"}],"twitter_card":"summary_large_image","twitter_misc":{"Gesch\u00e4tzte Lesezeit":"1\u00a0Minute"},"schema":{"@context":"https:\/\/schema.org","@graph":[{"@type":"WebPage","@id":"https:\/\/shop.bantam.ch\/de\/produkt\/trio-power-pack-30-mbar\/","url":"https:\/\/shop.bantam.ch\/de\/produkt\/trio-power-pack-30-mbar\/","name":"Trio Power Pack 30 mbar - Bantam Camping AG","isPartOf":{"@id":"https:\/\/shop.bantam.ch\/de\/#website"},"primaryImageOfPage":{"@id":"https:\/\/shop.bantam.ch\/de\/produkt\/trio-power-pack-30-mbar\/#primaryimage"},"image":{"@id":"https:\/\/shop.bantam.ch\/de\/produkt\/trio-power-pack-30-mbar\/#primaryimage"},"thumbnailUrl":"https:\/\/shop.bantam.ch\/wp-content\/uploads\/2023\/03\/78722008.png","datePublished":"2023-03-01T18:45:16+00:00","dateModified":"2026-04-17T19:57:08+00:00","breadcrumb":{"@id":"https:\/\/shop.bantam.ch\/de\/produkt\/trio-power-pack-30-mbar\/#breadcrumb"},"inLanguage":"de","potentialAction":[{"@type":"ReadAction","target":["https:\/\/shop.bantam.ch\/de\/produkt\/trio-power-pack-30-mbar\/"]}]},{"@type":"ImageObject","inLanguage":"de","@id":"https:\/\/shop.bantam.ch\/de\/produkt\/trio-power-pack-30-mbar\/#primaryimage","url":"https:\/\/shop.bantam.ch\/wp-content\/uploads\/2023\/03\/78722008.png","contentUrl":"https:\/\/shop.bantam.ch\/wp-content\/uploads\/2023\/03\/78722008.png","width":800,"height":800},{"@type":"BreadcrumbList","@id":"https:\/\/shop.bantam.ch\/de\/produkt\/trio-power-pack-30-mbar\/#breadcrumb","itemListElement":[{"@type":"ListItem","position":1,"name":"Accueil","item":"https:\/\/shop.bantam.ch\/de\/"},{"@type":"ListItem","position":2,"name":"Shop","item":"https:\/\/shop.bantam.ch\/de\/shop\/"},{"@type":"ListItem","position":3,"name":"Trio Power Pack 30 mbar"}]},{"@type":"WebSite","@id":"https:\/\/shop.bantam.ch\/de\/#website","url":"https:\/\/shop.bantam.ch\/de\/","name":"Bantam Camping AG","description":"","publisher":{"@id":"https:\/\/shop.bantam.ch\/de\/#organization"},"inLanguage":"de"},{"@type":"Organization","@id":"https:\/\/shop.bantam.ch\/de\/#organization","name":"Bantam Camping AG","url":"https:\/\/shop.bantam.ch\/de\/","logo":{"@type":"ImageObject","inLanguage":"de","@id":"https:\/\/shop.bantam.ch\/de\/#\/schema\/logo\/image\/","url":"https:\/\/shop.bantam.ch\/wp-content\/uploads\/2022\/12\/bantam-logo.png","contentUrl":"https:\/\/shop.bantam.ch\/wp-content\/uploads\/2022\/12\/bantam-logo.png","width":320,"height":71,"caption":"Bantam Camping AG"},"image":{"@id":"https:\/\/shop.bantam.ch\/de\/#\/schema\/logo\/image\/"}}]}},"_links":{"self":[{"href":"https:\/\/shop.bantam.ch\/de\/wp-json\/wp\/v2\/product\/138076","targetHints":{"allow":["GET"]}}],"collection":[{"href":"https:\/\/shop.bantam.ch\/de\/wp-json\/wp\/v2\/product"}],"about":[{"href":"https:\/\/shop.bantam.ch\/de\/wp-json\/wp\/v2\/types\/product"}],"wp:featuredmedia":[{"embeddable":true,"href":"https:\/\/shop.bantam.ch\/de\/wp-json\/wp\/v2\/media\/150315"}],"wp:attachment":[{"href":"https:\/\/shop.bantam.ch\/de\/wp-json\/wp\/v2\/media?parent=138076"}],"wp:term":[{"taxonomy":"product_featured_cat","embeddable":true,"href":"https:\/\/shop.bantam.ch\/de\/wp-json\/wp\/v2\/product_featured_cat?post=138076"},{"taxonomy":"product_brand","embeddable":true,"href":"https:\/\/shop.bantam.ch\/de\/wp-json\/wp\/v2\/product_brand?post=138076"},{"taxonomy":"product_cat","embeddable":true,"href":"https:\/\/shop.bantam.ch\/de\/wp-json\/wp\/v2\/product_cat?post=138076"},{"taxonomy":"product_tag","embeddable":true,"href":"https:\/\/shop.bantam.ch\/de\/wp-json\/wp\/v2\/product_tag?post=138076"}],"curies":[{"name":"wp","href":"https:\/\/api.w.org\/{rel}","templated":true}]}}