{"id":137872,"date":"2023-03-01T19:40:58","date_gmt":"2023-03-01T18:40:58","guid":{"rendered":"https:\/\/shop.bantam.ch\/produit\/trondheim-stuhl\/"},"modified":"2026-04-19T22:09:57","modified_gmt":"2026-04-19T20:09:57","slug":"trondheim-stuhl","status":"publish","type":"product","link":"https:\/\/shop.bantam.ch\/de\/produkt\/trondheim-stuhl\/","title":{"rendered":"Campingstuhl Trondheim"},"content":{"rendered":"<p>Bequem gepolsterter Campingstuhl mit einem Aluminiumscharnier.\u00a0 Dank der h\u00f6heren R\u00fcckenlehne und der etwas breiteren Sitzfl\u00e4che ist der Stuhl viel bequemer als der Standard-Lehnstuhl. Die h\u00f6here Sitzh\u00f6he erleichtert das Hinsetzen und Aufstehen und reduziert au\u00dferdem die Druckstellen an den Unterschenkeln. Das Aluminiumscharnier sorgt f\u00fcr Stabilit\u00e4t und erleichtert das Zusammenklappen. Der Stuhl hat eine ergonomisch geformte R\u00fcckenlehne, die f\u00fcr optimalen Sitzkomfort in 7 Positionen verstellbar ist. Das Aluminiumscharnier bietet Stabilit\u00e4t in einer langen Lebensdauer.\u00a0Erh\u00e4ltlich in den Farben Grau und Marine.\u00a0Eine Fu\u00dfst\u00fctze ist optional erh\u00e4ltlich.\u00a0Material: 75% PVC, 25% Polyester.\u00a0Polsterung: wasserdurchl\u00e4ssiger Polyesterschaum.\u00a0Rahmen: D-f\u00f6rmiger Aluminiumrahmen mit Aluminiumscharnier.\u00a0Farben: Grau und Marine.\u00a0Ma\u00dfe zusammengeklappt: 110 x 63 x 9 cm.\u00a0Gewicht: 5,9 kg.\u00a0Tragf\u00e4higkeit: max. : 120 kg.<\/p>\n","protected":false},"excerpt":{"rendered":"<p>Bequem gepolsterter Campingstuhl mit einem Aluminiumscharnier.\u00a0 Dank der h\u00f6heren R\u00fcckenlehne und der etwas breiteren Sitzfl\u00e4che ist der Stuhl viel bequemer als der Standard-Lehnstuhl. Die h\u00f6here Sitzh\u00f6he erleichtert das Hinsetzen und Aufstehen und reduziert au\u00dferdem die Druckstellen an den Unterschenkeln. Das Aluminiumscharnier sorgt f\u00fcr Stabilit\u00e4t und erleichtert das Zusammenklappen. Der Stuhl hat eine ergonomisch geformte R\u00fcckenlehne, [&hellip;]<\/p>\n","protected":false},"featured_media":137868,"template":"","meta":{"_acf_changed":false},"product_featured_cat":[],"product_brand":[3075],"product_cat":[4478],"product_tag":[],"class_list":{"0":"post-137872","1":"product","2":"type-product","3":"status-publish","4":"has-post-thumbnail","6":"product_brand-eurotrail-de","7":"product_cat-stuehle-hocker-liegen","9":"first","10":"instock","11":"taxable","12":"shipping-taxable","13":"purchasable","14":"product-type-simple"},"acf":[],"yoast_head":"<!-- This site is optimized with the Yoast SEO plugin v27.4 - https:\/\/yoast.com\/product\/yoast-seo-wordpress\/ -->\n<title>Campingstuhl Trondheim - Bantam Camping AG<\/title>\n<meta name=\"robots\" content=\"index, follow, max-snippet:-1, max-image-preview:large, max-video-preview:-1\" \/>\n<link rel=\"canonical\" href=\"https:\/\/shop.bantam.ch\/de\/produkt\/trondheim-stuhl\/\" \/>\n<meta property=\"og:locale\" content=\"de_DE\" \/>\n<meta property=\"og:type\" content=\"article\" \/>\n<meta property=\"og:title\" content=\"Campingstuhl Trondheim - Bantam Camping AG\" \/>\n<meta property=\"og:description\" content=\"Bequem gepolsterter Campingstuhl mit einem Aluminiumscharnier.\u00a0 Dank der h\u00f6heren R\u00fcckenlehne und der etwas breiteren Sitzfl\u00e4che ist der Stuhl viel bequemer als der Standard-Lehnstuhl. Die h\u00f6here Sitzh\u00f6he erleichtert das Hinsetzen und Aufstehen und reduziert au\u00dferdem die Druckstellen an den Unterschenkeln. Das Aluminiumscharnier sorgt f\u00fcr Stabilit\u00e4t und erleichtert das Zusammenklappen. Der Stuhl hat eine ergonomisch geformte R\u00fcckenlehne, [&hellip;]\" \/>\n<meta property=\"og:url\" content=\"https:\/\/shop.bantam.ch\/de\/produkt\/trondheim-stuhl\/\" \/>\n<meta property=\"og:site_name\" content=\"Bantam Camping AG\" \/>\n<meta property=\"article:modified_time\" content=\"2026-04-19T20:09:57+00:00\" \/>\n<meta property=\"og:image\" content=\"https:\/\/shop.bantam.ch\/wp-content\/uploads\/2023\/03\/tondheim.jpg\" \/>\n\t<meta property=\"og:image:width\" content=\"581\" \/>\n\t<meta property=\"og:image:height\" content=\"634\" \/>\n\t<meta property=\"og:image:type\" content=\"image\/jpeg\" \/>\n<meta name=\"twitter:card\" content=\"summary_large_image\" \/>\n<meta name=\"twitter:label1\" content=\"Gesch\u00e4tzte Lesezeit\" \/>\n\t<meta name=\"twitter:data1\" content=\"1\u00a0Minute\" \/>\n<script type=\"application\/ld+json\" class=\"yoast-schema-graph\">{\"@context\":\"https:\\\/\\\/schema.org\",\"@graph\":[{\"@type\":\"WebPage\",\"@id\":\"https:\\\/\\\/shop.bantam.ch\\\/de\\\/produkt\\\/trondheim-stuhl\\\/\",\"url\":\"https:\\\/\\\/shop.bantam.ch\\\/de\\\/produkt\\\/trondheim-stuhl\\\/\",\"name\":\"Campingstuhl Trondheim - Bantam Camping AG\",\"isPartOf\":{\"@id\":\"https:\\\/\\\/shop.bantam.ch\\\/de\\\/#website\"},\"primaryImageOfPage\":{\"@id\":\"https:\\\/\\\/shop.bantam.ch\\\/de\\\/produkt\\\/trondheim-stuhl\\\/#primaryimage\"},\"image\":{\"@id\":\"https:\\\/\\\/shop.bantam.ch\\\/de\\\/produkt\\\/trondheim-stuhl\\\/#primaryimage\"},\"thumbnailUrl\":\"https:\\\/\\\/shop.bantam.ch\\\/wp-content\\\/uploads\\\/2023\\\/03\\\/tondheim.jpg\",\"datePublished\":\"2023-03-01T18:40:58+00:00\",\"dateModified\":\"2026-04-19T20:09:57+00:00\",\"breadcrumb\":{\"@id\":\"https:\\\/\\\/shop.bantam.ch\\\/de\\\/produkt\\\/trondheim-stuhl\\\/#breadcrumb\"},\"inLanguage\":\"de\",\"potentialAction\":[{\"@type\":\"ReadAction\",\"target\":[\"https:\\\/\\\/shop.bantam.ch\\\/de\\\/produkt\\\/trondheim-stuhl\\\/\"]}]},{\"@type\":\"ImageObject\",\"inLanguage\":\"de\",\"@id\":\"https:\\\/\\\/shop.bantam.ch\\\/de\\\/produkt\\\/trondheim-stuhl\\\/#primaryimage\",\"url\":\"https:\\\/\\\/shop.bantam.ch\\\/wp-content\\\/uploads\\\/2023\\\/03\\\/tondheim.jpg\",\"contentUrl\":\"https:\\\/\\\/shop.bantam.ch\\\/wp-content\\\/uploads\\\/2023\\\/03\\\/tondheim.jpg\",\"width\":581,\"height\":634},{\"@type\":\"BreadcrumbList\",\"@id\":\"https:\\\/\\\/shop.bantam.ch\\\/de\\\/produkt\\\/trondheim-stuhl\\\/#breadcrumb\",\"itemListElement\":[{\"@type\":\"ListItem\",\"position\":1,\"name\":\"Accueil\",\"item\":\"https:\\\/\\\/shop.bantam.ch\\\/de\\\/\"},{\"@type\":\"ListItem\",\"position\":2,\"name\":\"Shop\",\"item\":\"https:\\\/\\\/shop.bantam.ch\\\/de\\\/shop\\\/\"},{\"@type\":\"ListItem\",\"position\":3,\"name\":\"Campingstuhl Trondheim\"}]},{\"@type\":\"WebSite\",\"@id\":\"https:\\\/\\\/shop.bantam.ch\\\/de\\\/#website\",\"url\":\"https:\\\/\\\/shop.bantam.ch\\\/de\\\/\",\"name\":\"Bantam Camping AG\",\"description\":\"\",\"publisher\":{\"@id\":\"https:\\\/\\\/shop.bantam.ch\\\/de\\\/#organization\"},\"inLanguage\":\"de\"},{\"@type\":\"Organization\",\"@id\":\"https:\\\/\\\/shop.bantam.ch\\\/de\\\/#organization\",\"name\":\"Bantam Camping AG\",\"url\":\"https:\\\/\\\/shop.bantam.ch\\\/de\\\/\",\"logo\":{\"@type\":\"ImageObject\",\"inLanguage\":\"de\",\"@id\":\"https:\\\/\\\/shop.bantam.ch\\\/de\\\/#\\\/schema\\\/logo\\\/image\\\/\",\"url\":\"https:\\\/\\\/shop.bantam.ch\\\/wp-content\\\/uploads\\\/2022\\\/12\\\/bantam-logo.png\",\"contentUrl\":\"https:\\\/\\\/shop.bantam.ch\\\/wp-content\\\/uploads\\\/2022\\\/12\\\/bantam-logo.png\",\"width\":320,\"height\":71,\"caption\":\"Bantam Camping AG\"},\"image\":{\"@id\":\"https:\\\/\\\/shop.bantam.ch\\\/de\\\/#\\\/schema\\\/logo\\\/image\\\/\"}}]}<\/script>\n<!-- \/ Yoast SEO plugin. -->","yoast_head_json":{"title":"Campingstuhl Trondheim - Bantam Camping AG","robots":{"index":"index","follow":"follow","max-snippet":"max-snippet:-1","max-image-preview":"max-image-preview:large","max-video-preview":"max-video-preview:-1"},"canonical":"https:\/\/shop.bantam.ch\/de\/produkt\/trondheim-stuhl\/","og_locale":"de_DE","og_type":"article","og_title":"Campingstuhl Trondheim - Bantam Camping AG","og_description":"Bequem gepolsterter Campingstuhl mit einem Aluminiumscharnier.\u00a0 Dank der h\u00f6heren R\u00fcckenlehne und der etwas breiteren Sitzfl\u00e4che ist der Stuhl viel bequemer als der Standard-Lehnstuhl. Die h\u00f6here Sitzh\u00f6he erleichtert das Hinsetzen und Aufstehen und reduziert au\u00dferdem die Druckstellen an den Unterschenkeln. Das Aluminiumscharnier sorgt f\u00fcr Stabilit\u00e4t und erleichtert das Zusammenklappen. Der Stuhl hat eine ergonomisch geformte R\u00fcckenlehne, [&hellip;]","og_url":"https:\/\/shop.bantam.ch\/de\/produkt\/trondheim-stuhl\/","og_site_name":"Bantam Camping AG","article_modified_time":"2026-04-19T20:09:57+00:00","og_image":[{"width":581,"height":634,"url":"https:\/\/shop.bantam.ch\/wp-content\/uploads\/2023\/03\/tondheim.jpg","type":"image\/jpeg"}],"twitter_card":"summary_large_image","twitter_misc":{"Gesch\u00e4tzte Lesezeit":"1\u00a0Minute"},"schema":{"@context":"https:\/\/schema.org","@graph":[{"@type":"WebPage","@id":"https:\/\/shop.bantam.ch\/de\/produkt\/trondheim-stuhl\/","url":"https:\/\/shop.bantam.ch\/de\/produkt\/trondheim-stuhl\/","name":"Campingstuhl Trondheim - Bantam Camping AG","isPartOf":{"@id":"https:\/\/shop.bantam.ch\/de\/#website"},"primaryImageOfPage":{"@id":"https:\/\/shop.bantam.ch\/de\/produkt\/trondheim-stuhl\/#primaryimage"},"image":{"@id":"https:\/\/shop.bantam.ch\/de\/produkt\/trondheim-stuhl\/#primaryimage"},"thumbnailUrl":"https:\/\/shop.bantam.ch\/wp-content\/uploads\/2023\/03\/tondheim.jpg","datePublished":"2023-03-01T18:40:58+00:00","dateModified":"2026-04-19T20:09:57+00:00","breadcrumb":{"@id":"https:\/\/shop.bantam.ch\/de\/produkt\/trondheim-stuhl\/#breadcrumb"},"inLanguage":"de","potentialAction":[{"@type":"ReadAction","target":["https:\/\/shop.bantam.ch\/de\/produkt\/trondheim-stuhl\/"]}]},{"@type":"ImageObject","inLanguage":"de","@id":"https:\/\/shop.bantam.ch\/de\/produkt\/trondheim-stuhl\/#primaryimage","url":"https:\/\/shop.bantam.ch\/wp-content\/uploads\/2023\/03\/tondheim.jpg","contentUrl":"https:\/\/shop.bantam.ch\/wp-content\/uploads\/2023\/03\/tondheim.jpg","width":581,"height":634},{"@type":"BreadcrumbList","@id":"https:\/\/shop.bantam.ch\/de\/produkt\/trondheim-stuhl\/#breadcrumb","itemListElement":[{"@type":"ListItem","position":1,"name":"Accueil","item":"https:\/\/shop.bantam.ch\/de\/"},{"@type":"ListItem","position":2,"name":"Shop","item":"https:\/\/shop.bantam.ch\/de\/shop\/"},{"@type":"ListItem","position":3,"name":"Campingstuhl Trondheim"}]},{"@type":"WebSite","@id":"https:\/\/shop.bantam.ch\/de\/#website","url":"https:\/\/shop.bantam.ch\/de\/","name":"Bantam Camping AG","description":"","publisher":{"@id":"https:\/\/shop.bantam.ch\/de\/#organization"},"inLanguage":"de"},{"@type":"Organization","@id":"https:\/\/shop.bantam.ch\/de\/#organization","name":"Bantam Camping AG","url":"https:\/\/shop.bantam.ch\/de\/","logo":{"@type":"ImageObject","inLanguage":"de","@id":"https:\/\/shop.bantam.ch\/de\/#\/schema\/logo\/image\/","url":"https:\/\/shop.bantam.ch\/wp-content\/uploads\/2022\/12\/bantam-logo.png","contentUrl":"https:\/\/shop.bantam.ch\/wp-content\/uploads\/2022\/12\/bantam-logo.png","width":320,"height":71,"caption":"Bantam Camping AG"},"image":{"@id":"https:\/\/shop.bantam.ch\/de\/#\/schema\/logo\/image\/"}}]}},"_links":{"self":[{"href":"https:\/\/shop.bantam.ch\/de\/wp-json\/wp\/v2\/product\/137872","targetHints":{"allow":["GET"]}}],"collection":[{"href":"https:\/\/shop.bantam.ch\/de\/wp-json\/wp\/v2\/product"}],"about":[{"href":"https:\/\/shop.bantam.ch\/de\/wp-json\/wp\/v2\/types\/product"}],"wp:featuredmedia":[{"embeddable":true,"href":"https:\/\/shop.bantam.ch\/de\/wp-json\/wp\/v2\/media\/137868"}],"wp:attachment":[{"href":"https:\/\/shop.bantam.ch\/de\/wp-json\/wp\/v2\/media?parent=137872"}],"wp:term":[{"taxonomy":"product_featured_cat","embeddable":true,"href":"https:\/\/shop.bantam.ch\/de\/wp-json\/wp\/v2\/product_featured_cat?post=137872"},{"taxonomy":"product_brand","embeddable":true,"href":"https:\/\/shop.bantam.ch\/de\/wp-json\/wp\/v2\/product_brand?post=137872"},{"taxonomy":"product_cat","embeddable":true,"href":"https:\/\/shop.bantam.ch\/de\/wp-json\/wp\/v2\/product_cat?post=137872"},{"taxonomy":"product_tag","embeddable":true,"href":"https:\/\/shop.bantam.ch\/de\/wp-json\/wp\/v2\/product_tag?post=137872"}],"curies":[{"name":"wp","href":"https:\/\/api.w.org\/{rel}","templated":true}]}}