{"id":137550,"date":"2023-03-01T19:24:37","date_gmt":"2023-03-01T18:24:37","guid":{"rendered":"https:\/\/shop.bantam.ch\/produit\/gale-elektropumpe-12v\/"},"modified":"2026-04-18T22:05:41","modified_gmt":"2026-04-18T20:05:41","slug":"gale-elektropumpe-12v","status":"publish","type":"product","link":"https:\/\/shop.bantam.ch\/de\/produkt\/gale-elektropumpe-12v\/","title":{"rendered":"Gale Elektropumpe 12V"},"content":{"rendered":"<p><span>Diese elektrische 12-V-Pumpe wurde eigens f\u00fcr Vorzelte und Zelte von Kampa Dometic AIR entworfen. Sie brauchen Sie nur mit dem extralangen Kabel an eine 12-V-Energiequelle anzuschliessen und den passenden Druck (in PSI) auszuw\u00e4hlen.\u00a0<\/span><span class=\"specificationsComponent-label\">Nettogewicht<\/span><span>\u00a01.79\u00a0kg<\/span><\/p>\n<p><\/p>\n<ul>\n<li>Leistungsstarkes Aufblassystem<\/li>\n<li>Automatische Abschaltung<\/li>\n<li>6 Montaged\u00fcsen<\/li>\n<li>Die leistungsstarke Pumpe erledigt das Aufpumpen schnell und m\u00fchelos<\/li>\n<li>Kein zu starkes Aufpumpen durch automatische Abschaltung<\/li>\n<li>6 D\u00fcsen, passend f\u00fcr verschiedene Lufteinl\u00e4sse<\/li>\n<\/ul>\n","protected":false},"excerpt":{"rendered":"<p>Diese elektrische 12-V-Pumpe wurde eigens f\u00fcr Vorzelte und Zelte von Kampa Dometic AIR entworfen. Sie brauchen Sie nur mit dem extralangen Kabel an eine 12-V-Energiequelle anzuschliessen und den passenden Druck (in PSI) auszuw\u00e4hlen.\u00a0Nettogewicht\u00a01.79\u00a0kg Leistungsstarkes Aufblassystem Automatische Abschaltung 6 Montaged\u00fcsen Die leistungsstarke Pumpe erledigt das Aufpumpen schnell und m\u00fchelos Kein zu starkes Aufpumpen durch automatische Abschaltung [&hellip;]<\/p>\n","protected":false},"featured_media":137548,"template":"","meta":{"_acf_changed":false},"product_featured_cat":[],"product_brand":[3033],"product_cat":[3988],"product_tag":[],"class_list":{"0":"post-137550","1":"product","2":"type-product","3":"status-publish","4":"has-post-thumbnail","6":"product_brand-standard-de","7":"product_cat-zelte-vorzelte-zubehoer","9":"first","10":"instock","11":"taxable","12":"shipping-taxable","13":"purchasable","14":"product-type-simple"},"acf":[],"yoast_head":"<!-- This site is optimized with the Yoast SEO plugin v27.4 - https:\/\/yoast.com\/product\/yoast-seo-wordpress\/ -->\n<title>Gale Elektropumpe 12V - Bantam Camping AG<\/title>\n<meta name=\"robots\" content=\"index, follow, max-snippet:-1, max-image-preview:large, max-video-preview:-1\" \/>\n<link rel=\"canonical\" href=\"https:\/\/shop.bantam.ch\/de\/produkt\/gale-elektropumpe-12v\/\" \/>\n<meta property=\"og:locale\" content=\"de_DE\" \/>\n<meta property=\"og:type\" content=\"article\" \/>\n<meta property=\"og:title\" content=\"Gale Elektropumpe 12V - Bantam Camping AG\" \/>\n<meta property=\"og:description\" content=\"Diese elektrische 12-V-Pumpe wurde eigens f\u00fcr Vorzelte und Zelte von Kampa Dometic AIR entworfen. Sie brauchen Sie nur mit dem extralangen Kabel an eine 12-V-Energiequelle anzuschliessen und den passenden Druck (in PSI) auszuw\u00e4hlen.\u00a0Nettogewicht\u00a01.79\u00a0kg Leistungsstarkes Aufblassystem Automatische Abschaltung 6 Montaged\u00fcsen Die leistungsstarke Pumpe erledigt das Aufpumpen schnell und m\u00fchelos Kein zu starkes Aufpumpen durch automatische Abschaltung [&hellip;]\" \/>\n<meta property=\"og:url\" content=\"https:\/\/shop.bantam.ch\/de\/produkt\/gale-elektropumpe-12v\/\" \/>\n<meta property=\"og:site_name\" content=\"Bantam Camping AG\" \/>\n<meta property=\"article:modified_time\" content=\"2026-04-18T20:05:41+00:00\" \/>\n<meta property=\"og:image\" content=\"https:\/\/shop.bantam.ch\/wp-content\/uploads\/2023\/03\/15017052.jpg\" \/>\n\t<meta property=\"og:image:width\" content=\"1181\" \/>\n\t<meta property=\"og:image:height\" content=\"1181\" \/>\n\t<meta property=\"og:image:type\" content=\"image\/jpeg\" \/>\n<meta name=\"twitter:card\" content=\"summary_large_image\" \/>\n<script type=\"application\/ld+json\" class=\"yoast-schema-graph\">{\"@context\":\"https:\\\/\\\/schema.org\",\"@graph\":[{\"@type\":\"WebPage\",\"@id\":\"https:\\\/\\\/shop.bantam.ch\\\/de\\\/produkt\\\/gale-elektropumpe-12v\\\/\",\"url\":\"https:\\\/\\\/shop.bantam.ch\\\/de\\\/produkt\\\/gale-elektropumpe-12v\\\/\",\"name\":\"Gale Elektropumpe 12V - Bantam Camping AG\",\"isPartOf\":{\"@id\":\"https:\\\/\\\/shop.bantam.ch\\\/de\\\/#website\"},\"primaryImageOfPage\":{\"@id\":\"https:\\\/\\\/shop.bantam.ch\\\/de\\\/produkt\\\/gale-elektropumpe-12v\\\/#primaryimage\"},\"image\":{\"@id\":\"https:\\\/\\\/shop.bantam.ch\\\/de\\\/produkt\\\/gale-elektropumpe-12v\\\/#primaryimage\"},\"thumbnailUrl\":\"https:\\\/\\\/shop.bantam.ch\\\/wp-content\\\/uploads\\\/2023\\\/03\\\/15017052.jpg\",\"datePublished\":\"2023-03-01T18:24:37+00:00\",\"dateModified\":\"2026-04-18T20:05:41+00:00\",\"breadcrumb\":{\"@id\":\"https:\\\/\\\/shop.bantam.ch\\\/de\\\/produkt\\\/gale-elektropumpe-12v\\\/#breadcrumb\"},\"inLanguage\":\"de\",\"potentialAction\":[{\"@type\":\"ReadAction\",\"target\":[\"https:\\\/\\\/shop.bantam.ch\\\/de\\\/produkt\\\/gale-elektropumpe-12v\\\/\"]}]},{\"@type\":\"ImageObject\",\"inLanguage\":\"de\",\"@id\":\"https:\\\/\\\/shop.bantam.ch\\\/de\\\/produkt\\\/gale-elektropumpe-12v\\\/#primaryimage\",\"url\":\"https:\\\/\\\/shop.bantam.ch\\\/wp-content\\\/uploads\\\/2023\\\/03\\\/15017052.jpg\",\"contentUrl\":\"https:\\\/\\\/shop.bantam.ch\\\/wp-content\\\/uploads\\\/2023\\\/03\\\/15017052.jpg\",\"width\":1181,\"height\":1181},{\"@type\":\"BreadcrumbList\",\"@id\":\"https:\\\/\\\/shop.bantam.ch\\\/de\\\/produkt\\\/gale-elektropumpe-12v\\\/#breadcrumb\",\"itemListElement\":[{\"@type\":\"ListItem\",\"position\":1,\"name\":\"Accueil\",\"item\":\"https:\\\/\\\/shop.bantam.ch\\\/de\\\/\"},{\"@type\":\"ListItem\",\"position\":2,\"name\":\"Shop\",\"item\":\"https:\\\/\\\/shop.bantam.ch\\\/de\\\/shop\\\/\"},{\"@type\":\"ListItem\",\"position\":3,\"name\":\"Gale Elektropumpe 12V\"}]},{\"@type\":\"WebSite\",\"@id\":\"https:\\\/\\\/shop.bantam.ch\\\/de\\\/#website\",\"url\":\"https:\\\/\\\/shop.bantam.ch\\\/de\\\/\",\"name\":\"Bantam Camping AG\",\"description\":\"\",\"publisher\":{\"@id\":\"https:\\\/\\\/shop.bantam.ch\\\/de\\\/#organization\"},\"inLanguage\":\"de\"},{\"@type\":\"Organization\",\"@id\":\"https:\\\/\\\/shop.bantam.ch\\\/de\\\/#organization\",\"name\":\"Bantam Camping AG\",\"url\":\"https:\\\/\\\/shop.bantam.ch\\\/de\\\/\",\"logo\":{\"@type\":\"ImageObject\",\"inLanguage\":\"de\",\"@id\":\"https:\\\/\\\/shop.bantam.ch\\\/de\\\/#\\\/schema\\\/logo\\\/image\\\/\",\"url\":\"https:\\\/\\\/shop.bantam.ch\\\/wp-content\\\/uploads\\\/2022\\\/12\\\/bantam-logo.png\",\"contentUrl\":\"https:\\\/\\\/shop.bantam.ch\\\/wp-content\\\/uploads\\\/2022\\\/12\\\/bantam-logo.png\",\"width\":320,\"height\":71,\"caption\":\"Bantam Camping AG\"},\"image\":{\"@id\":\"https:\\\/\\\/shop.bantam.ch\\\/de\\\/#\\\/schema\\\/logo\\\/image\\\/\"}}]}<\/script>\n<!-- \/ Yoast SEO plugin. -->","yoast_head_json":{"title":"Gale Elektropumpe 12V - Bantam Camping AG","robots":{"index":"index","follow":"follow","max-snippet":"max-snippet:-1","max-image-preview":"max-image-preview:large","max-video-preview":"max-video-preview:-1"},"canonical":"https:\/\/shop.bantam.ch\/de\/produkt\/gale-elektropumpe-12v\/","og_locale":"de_DE","og_type":"article","og_title":"Gale Elektropumpe 12V - Bantam Camping AG","og_description":"Diese elektrische 12-V-Pumpe wurde eigens f\u00fcr Vorzelte und Zelte von Kampa Dometic AIR entworfen. Sie brauchen Sie nur mit dem extralangen Kabel an eine 12-V-Energiequelle anzuschliessen und den passenden Druck (in PSI) auszuw\u00e4hlen.\u00a0Nettogewicht\u00a01.79\u00a0kg Leistungsstarkes Aufblassystem Automatische Abschaltung 6 Montaged\u00fcsen Die leistungsstarke Pumpe erledigt das Aufpumpen schnell und m\u00fchelos Kein zu starkes Aufpumpen durch automatische Abschaltung [&hellip;]","og_url":"https:\/\/shop.bantam.ch\/de\/produkt\/gale-elektropumpe-12v\/","og_site_name":"Bantam Camping AG","article_modified_time":"2026-04-18T20:05:41+00:00","og_image":[{"width":1181,"height":1181,"url":"https:\/\/shop.bantam.ch\/wp-content\/uploads\/2023\/03\/15017052.jpg","type":"image\/jpeg"}],"twitter_card":"summary_large_image","schema":{"@context":"https:\/\/schema.org","@graph":[{"@type":"WebPage","@id":"https:\/\/shop.bantam.ch\/de\/produkt\/gale-elektropumpe-12v\/","url":"https:\/\/shop.bantam.ch\/de\/produkt\/gale-elektropumpe-12v\/","name":"Gale Elektropumpe 12V - Bantam Camping AG","isPartOf":{"@id":"https:\/\/shop.bantam.ch\/de\/#website"},"primaryImageOfPage":{"@id":"https:\/\/shop.bantam.ch\/de\/produkt\/gale-elektropumpe-12v\/#primaryimage"},"image":{"@id":"https:\/\/shop.bantam.ch\/de\/produkt\/gale-elektropumpe-12v\/#primaryimage"},"thumbnailUrl":"https:\/\/shop.bantam.ch\/wp-content\/uploads\/2023\/03\/15017052.jpg","datePublished":"2023-03-01T18:24:37+00:00","dateModified":"2026-04-18T20:05:41+00:00","breadcrumb":{"@id":"https:\/\/shop.bantam.ch\/de\/produkt\/gale-elektropumpe-12v\/#breadcrumb"},"inLanguage":"de","potentialAction":[{"@type":"ReadAction","target":["https:\/\/shop.bantam.ch\/de\/produkt\/gale-elektropumpe-12v\/"]}]},{"@type":"ImageObject","inLanguage":"de","@id":"https:\/\/shop.bantam.ch\/de\/produkt\/gale-elektropumpe-12v\/#primaryimage","url":"https:\/\/shop.bantam.ch\/wp-content\/uploads\/2023\/03\/15017052.jpg","contentUrl":"https:\/\/shop.bantam.ch\/wp-content\/uploads\/2023\/03\/15017052.jpg","width":1181,"height":1181},{"@type":"BreadcrumbList","@id":"https:\/\/shop.bantam.ch\/de\/produkt\/gale-elektropumpe-12v\/#breadcrumb","itemListElement":[{"@type":"ListItem","position":1,"name":"Accueil","item":"https:\/\/shop.bantam.ch\/de\/"},{"@type":"ListItem","position":2,"name":"Shop","item":"https:\/\/shop.bantam.ch\/de\/shop\/"},{"@type":"ListItem","position":3,"name":"Gale Elektropumpe 12V"}]},{"@type":"WebSite","@id":"https:\/\/shop.bantam.ch\/de\/#website","url":"https:\/\/shop.bantam.ch\/de\/","name":"Bantam Camping AG","description":"","publisher":{"@id":"https:\/\/shop.bantam.ch\/de\/#organization"},"inLanguage":"de"},{"@type":"Organization","@id":"https:\/\/shop.bantam.ch\/de\/#organization","name":"Bantam Camping AG","url":"https:\/\/shop.bantam.ch\/de\/","logo":{"@type":"ImageObject","inLanguage":"de","@id":"https:\/\/shop.bantam.ch\/de\/#\/schema\/logo\/image\/","url":"https:\/\/shop.bantam.ch\/wp-content\/uploads\/2022\/12\/bantam-logo.png","contentUrl":"https:\/\/shop.bantam.ch\/wp-content\/uploads\/2022\/12\/bantam-logo.png","width":320,"height":71,"caption":"Bantam Camping AG"},"image":{"@id":"https:\/\/shop.bantam.ch\/de\/#\/schema\/logo\/image\/"}}]}},"_links":{"self":[{"href":"https:\/\/shop.bantam.ch\/de\/wp-json\/wp\/v2\/product\/137550","targetHints":{"allow":["GET"]}}],"collection":[{"href":"https:\/\/shop.bantam.ch\/de\/wp-json\/wp\/v2\/product"}],"about":[{"href":"https:\/\/shop.bantam.ch\/de\/wp-json\/wp\/v2\/types\/product"}],"wp:featuredmedia":[{"embeddable":true,"href":"https:\/\/shop.bantam.ch\/de\/wp-json\/wp\/v2\/media\/137548"}],"wp:attachment":[{"href":"https:\/\/shop.bantam.ch\/de\/wp-json\/wp\/v2\/media?parent=137550"}],"wp:term":[{"taxonomy":"product_featured_cat","embeddable":true,"href":"https:\/\/shop.bantam.ch\/de\/wp-json\/wp\/v2\/product_featured_cat?post=137550"},{"taxonomy":"product_brand","embeddable":true,"href":"https:\/\/shop.bantam.ch\/de\/wp-json\/wp\/v2\/product_brand?post=137550"},{"taxonomy":"product_cat","embeddable":true,"href":"https:\/\/shop.bantam.ch\/de\/wp-json\/wp\/v2\/product_cat?post=137550"},{"taxonomy":"product_tag","embeddable":true,"href":"https:\/\/shop.bantam.ch\/de\/wp-json\/wp\/v2\/product_tag?post=137550"}],"curies":[{"name":"wp","href":"https:\/\/api.w.org\/{rel}","templated":true}]}}