{"id":137286,"date":"2023-03-01T19:10:55","date_gmt":"2023-03-01T18:10:55","guid":{"rendered":"https:\/\/shop.bantam.ch\/produit\/pendroy-6ac\/"},"modified":"2026-04-19T22:05:11","modified_gmt":"2026-04-19T20:05:11","slug":"pendroy-6ac","status":"publish","type":"product","link":"https:\/\/shop.bantam.ch\/de\/produkt\/pendroy-6ac\/","title":{"rendered":"PENDROY 6AC"},"content":{"rendered":"<p>Dieses aufblasbare 6 Personen Polyesterzelt bietet Komfort und Platz f\u00fcr gr\u00f6\u00dfere Familien. Zusammengefaltet passt es in eine kompakte Tragetasche. Beide Ambassador Haupt Schlafkabinen bieten zus\u00e4tzliche L\u00e4nge, Breite und H\u00f6he. Ger\u00e4umiger Wohnbereich. Ein regendichter Seiteneingang h\u00e4lt das Zelt an feuchten Tagen trocken. \u00dcberzelt: Outtex\u00ae 5000 (100% Polyester Tafetta) mit versiegelten N\u00e4hten. Wassers\u00e4ule: 5000 mm. Konstruktion: Aufblasbare Luftschl\u00e4uche. Die aufblasbare Gestell Konstruktion \u201ePower Air Tube System\u201c verspricht beste Leistung. Maximaler Druck: 7 psi\/0.5 bar. Gest\u00e4nge: Leichtmetall Gest\u00e4nge 9,5 mm. Innenzelt: Atmungsaktives 100% Polyester. Boden: Doppelt beschichtetes 100% Poly\u00e4thylen, 10.000 mm Wassers\u00e4ule. Packmass: 44 x 88 cm. Gewicht: 24.6<\/p>\n","protected":false},"excerpt":{"rendered":"<p>Dieses aufblasbare 6 Personen Polyesterzelt bietet Komfort und Platz f\u00fcr gr\u00f6\u00dfere Familien. Zusammengefaltet passt es in eine kompakte Tragetasche. Beide Ambassador Haupt Schlafkabinen bieten zus\u00e4tzliche L\u00e4nge, Breite und H\u00f6he. Ger\u00e4umiger Wohnbereich. Ein regendichter Seiteneingang h\u00e4lt das Zelt an feuchten Tagen trocken. \u00dcberzelt: Outtex\u00ae 5000 (100% Polyester Tafetta) mit versiegelten N\u00e4hten. Wassers\u00e4ule: 5000 mm. Konstruktion: Aufblasbare [&hellip;]<\/p>\n","protected":false},"featured_media":137284,"template":"","meta":{"_acf_changed":false},"product_featured_cat":[],"product_brand":[3033],"product_cat":[4242],"product_tag":[],"class_list":{"0":"post-137286","1":"product","2":"type-product","3":"status-publish","4":"has-post-thumbnail","6":"product_brand-standard-de","7":"product_cat-funktionszelte","9":"first","10":"instock","11":"taxable","12":"shipping-taxable","13":"purchasable","14":"product-type-simple"},"acf":[],"yoast_head":"<!-- This site is optimized with the Yoast SEO plugin v27.4 - https:\/\/yoast.com\/product\/yoast-seo-wordpress\/ -->\n<title>PENDROY 6AC - Bantam Camping AG<\/title>\n<meta name=\"robots\" content=\"index, follow, max-snippet:-1, max-image-preview:large, max-video-preview:-1\" \/>\n<link rel=\"canonical\" href=\"https:\/\/shop.bantam.ch\/de\/produkt\/pendroy-6ac\/\" \/>\n<meta property=\"og:locale\" content=\"de_DE\" \/>\n<meta property=\"og:type\" content=\"article\" \/>\n<meta property=\"og:title\" content=\"PENDROY 6AC - Bantam Camping AG\" \/>\n<meta property=\"og:description\" content=\"Dieses aufblasbare 6 Personen Polyesterzelt bietet Komfort und Platz f\u00fcr gr\u00f6\u00dfere Familien. Zusammengefaltet passt es in eine kompakte Tragetasche. Beide Ambassador Haupt Schlafkabinen bieten zus\u00e4tzliche L\u00e4nge, Breite und H\u00f6he. Ger\u00e4umiger Wohnbereich. Ein regendichter Seiteneingang h\u00e4lt das Zelt an feuchten Tagen trocken. \u00dcberzelt: Outtex\u00ae 5000 (100% Polyester Tafetta) mit versiegelten N\u00e4hten. Wassers\u00e4ule: 5000 mm. Konstruktion: Aufblasbare [&hellip;]\" \/>\n<meta property=\"og:url\" content=\"https:\/\/shop.bantam.ch\/de\/produkt\/pendroy-6ac\/\" \/>\n<meta property=\"og:site_name\" content=\"Bantam Camping AG\" \/>\n<meta property=\"article:modified_time\" content=\"2026-04-19T20:05:11+00:00\" \/>\n<meta property=\"og:image\" content=\"https:\/\/shop.bantam.ch\/wp-content\/uploads\/2023\/03\/15019012.jpg\" \/>\n\t<meta property=\"og:image:width\" content=\"1408\" \/>\n\t<meta property=\"og:image:height\" content=\"679\" \/>\n\t<meta property=\"og:image:type\" content=\"image\/jpeg\" \/>\n<meta name=\"twitter:card\" content=\"summary_large_image\" \/>\n<script type=\"application\/ld+json\" class=\"yoast-schema-graph\">{\"@context\":\"https:\\\/\\\/schema.org\",\"@graph\":[{\"@type\":\"WebPage\",\"@id\":\"https:\\\/\\\/shop.bantam.ch\\\/de\\\/produkt\\\/pendroy-6ac\\\/\",\"url\":\"https:\\\/\\\/shop.bantam.ch\\\/de\\\/produkt\\\/pendroy-6ac\\\/\",\"name\":\"PENDROY 6AC - Bantam Camping AG\",\"isPartOf\":{\"@id\":\"https:\\\/\\\/shop.bantam.ch\\\/de\\\/#website\"},\"primaryImageOfPage\":{\"@id\":\"https:\\\/\\\/shop.bantam.ch\\\/de\\\/produkt\\\/pendroy-6ac\\\/#primaryimage\"},\"image\":{\"@id\":\"https:\\\/\\\/shop.bantam.ch\\\/de\\\/produkt\\\/pendroy-6ac\\\/#primaryimage\"},\"thumbnailUrl\":\"https:\\\/\\\/shop.bantam.ch\\\/wp-content\\\/uploads\\\/2023\\\/03\\\/15019012.jpg\",\"datePublished\":\"2023-03-01T18:10:55+00:00\",\"dateModified\":\"2026-04-19T20:05:11+00:00\",\"breadcrumb\":{\"@id\":\"https:\\\/\\\/shop.bantam.ch\\\/de\\\/produkt\\\/pendroy-6ac\\\/#breadcrumb\"},\"inLanguage\":\"de\",\"potentialAction\":[{\"@type\":\"ReadAction\",\"target\":[\"https:\\\/\\\/shop.bantam.ch\\\/de\\\/produkt\\\/pendroy-6ac\\\/\"]}]},{\"@type\":\"ImageObject\",\"inLanguage\":\"de\",\"@id\":\"https:\\\/\\\/shop.bantam.ch\\\/de\\\/produkt\\\/pendroy-6ac\\\/#primaryimage\",\"url\":\"https:\\\/\\\/shop.bantam.ch\\\/wp-content\\\/uploads\\\/2023\\\/03\\\/15019012.jpg\",\"contentUrl\":\"https:\\\/\\\/shop.bantam.ch\\\/wp-content\\\/uploads\\\/2023\\\/03\\\/15019012.jpg\",\"width\":1408,\"height\":679},{\"@type\":\"BreadcrumbList\",\"@id\":\"https:\\\/\\\/shop.bantam.ch\\\/de\\\/produkt\\\/pendroy-6ac\\\/#breadcrumb\",\"itemListElement\":[{\"@type\":\"ListItem\",\"position\":1,\"name\":\"Accueil\",\"item\":\"https:\\\/\\\/shop.bantam.ch\\\/de\\\/\"},{\"@type\":\"ListItem\",\"position\":2,\"name\":\"Shop\",\"item\":\"https:\\\/\\\/shop.bantam.ch\\\/de\\\/shop\\\/\"},{\"@type\":\"ListItem\",\"position\":3,\"name\":\"PENDROY 6AC\"}]},{\"@type\":\"WebSite\",\"@id\":\"https:\\\/\\\/shop.bantam.ch\\\/de\\\/#website\",\"url\":\"https:\\\/\\\/shop.bantam.ch\\\/de\\\/\",\"name\":\"Bantam Camping AG\",\"description\":\"\",\"publisher\":{\"@id\":\"https:\\\/\\\/shop.bantam.ch\\\/de\\\/#organization\"},\"inLanguage\":\"de\"},{\"@type\":\"Organization\",\"@id\":\"https:\\\/\\\/shop.bantam.ch\\\/de\\\/#organization\",\"name\":\"Bantam Camping AG\",\"url\":\"https:\\\/\\\/shop.bantam.ch\\\/de\\\/\",\"logo\":{\"@type\":\"ImageObject\",\"inLanguage\":\"de\",\"@id\":\"https:\\\/\\\/shop.bantam.ch\\\/de\\\/#\\\/schema\\\/logo\\\/image\\\/\",\"url\":\"https:\\\/\\\/shop.bantam.ch\\\/wp-content\\\/uploads\\\/2022\\\/12\\\/bantam-logo.png\",\"contentUrl\":\"https:\\\/\\\/shop.bantam.ch\\\/wp-content\\\/uploads\\\/2022\\\/12\\\/bantam-logo.png\",\"width\":320,\"height\":71,\"caption\":\"Bantam Camping AG\"},\"image\":{\"@id\":\"https:\\\/\\\/shop.bantam.ch\\\/de\\\/#\\\/schema\\\/logo\\\/image\\\/\"}}]}<\/script>\n<!-- \/ Yoast SEO plugin. -->","yoast_head_json":{"title":"PENDROY 6AC - Bantam Camping AG","robots":{"index":"index","follow":"follow","max-snippet":"max-snippet:-1","max-image-preview":"max-image-preview:large","max-video-preview":"max-video-preview:-1"},"canonical":"https:\/\/shop.bantam.ch\/de\/produkt\/pendroy-6ac\/","og_locale":"de_DE","og_type":"article","og_title":"PENDROY 6AC - Bantam Camping AG","og_description":"Dieses aufblasbare 6 Personen Polyesterzelt bietet Komfort und Platz f\u00fcr gr\u00f6\u00dfere Familien. Zusammengefaltet passt es in eine kompakte Tragetasche. Beide Ambassador Haupt Schlafkabinen bieten zus\u00e4tzliche L\u00e4nge, Breite und H\u00f6he. Ger\u00e4umiger Wohnbereich. Ein regendichter Seiteneingang h\u00e4lt das Zelt an feuchten Tagen trocken. \u00dcberzelt: Outtex\u00ae 5000 (100% Polyester Tafetta) mit versiegelten N\u00e4hten. Wassers\u00e4ule: 5000 mm. Konstruktion: Aufblasbare [&hellip;]","og_url":"https:\/\/shop.bantam.ch\/de\/produkt\/pendroy-6ac\/","og_site_name":"Bantam Camping AG","article_modified_time":"2026-04-19T20:05:11+00:00","og_image":[{"width":1408,"height":679,"url":"https:\/\/shop.bantam.ch\/wp-content\/uploads\/2023\/03\/15019012.jpg","type":"image\/jpeg"}],"twitter_card":"summary_large_image","schema":{"@context":"https:\/\/schema.org","@graph":[{"@type":"WebPage","@id":"https:\/\/shop.bantam.ch\/de\/produkt\/pendroy-6ac\/","url":"https:\/\/shop.bantam.ch\/de\/produkt\/pendroy-6ac\/","name":"PENDROY 6AC - Bantam Camping AG","isPartOf":{"@id":"https:\/\/shop.bantam.ch\/de\/#website"},"primaryImageOfPage":{"@id":"https:\/\/shop.bantam.ch\/de\/produkt\/pendroy-6ac\/#primaryimage"},"image":{"@id":"https:\/\/shop.bantam.ch\/de\/produkt\/pendroy-6ac\/#primaryimage"},"thumbnailUrl":"https:\/\/shop.bantam.ch\/wp-content\/uploads\/2023\/03\/15019012.jpg","datePublished":"2023-03-01T18:10:55+00:00","dateModified":"2026-04-19T20:05:11+00:00","breadcrumb":{"@id":"https:\/\/shop.bantam.ch\/de\/produkt\/pendroy-6ac\/#breadcrumb"},"inLanguage":"de","potentialAction":[{"@type":"ReadAction","target":["https:\/\/shop.bantam.ch\/de\/produkt\/pendroy-6ac\/"]}]},{"@type":"ImageObject","inLanguage":"de","@id":"https:\/\/shop.bantam.ch\/de\/produkt\/pendroy-6ac\/#primaryimage","url":"https:\/\/shop.bantam.ch\/wp-content\/uploads\/2023\/03\/15019012.jpg","contentUrl":"https:\/\/shop.bantam.ch\/wp-content\/uploads\/2023\/03\/15019012.jpg","width":1408,"height":679},{"@type":"BreadcrumbList","@id":"https:\/\/shop.bantam.ch\/de\/produkt\/pendroy-6ac\/#breadcrumb","itemListElement":[{"@type":"ListItem","position":1,"name":"Accueil","item":"https:\/\/shop.bantam.ch\/de\/"},{"@type":"ListItem","position":2,"name":"Shop","item":"https:\/\/shop.bantam.ch\/de\/shop\/"},{"@type":"ListItem","position":3,"name":"PENDROY 6AC"}]},{"@type":"WebSite","@id":"https:\/\/shop.bantam.ch\/de\/#website","url":"https:\/\/shop.bantam.ch\/de\/","name":"Bantam Camping AG","description":"","publisher":{"@id":"https:\/\/shop.bantam.ch\/de\/#organization"},"inLanguage":"de"},{"@type":"Organization","@id":"https:\/\/shop.bantam.ch\/de\/#organization","name":"Bantam Camping AG","url":"https:\/\/shop.bantam.ch\/de\/","logo":{"@type":"ImageObject","inLanguage":"de","@id":"https:\/\/shop.bantam.ch\/de\/#\/schema\/logo\/image\/","url":"https:\/\/shop.bantam.ch\/wp-content\/uploads\/2022\/12\/bantam-logo.png","contentUrl":"https:\/\/shop.bantam.ch\/wp-content\/uploads\/2022\/12\/bantam-logo.png","width":320,"height":71,"caption":"Bantam Camping AG"},"image":{"@id":"https:\/\/shop.bantam.ch\/de\/#\/schema\/logo\/image\/"}}]}},"_links":{"self":[{"href":"https:\/\/shop.bantam.ch\/de\/wp-json\/wp\/v2\/product\/137286","targetHints":{"allow":["GET"]}}],"collection":[{"href":"https:\/\/shop.bantam.ch\/de\/wp-json\/wp\/v2\/product"}],"about":[{"href":"https:\/\/shop.bantam.ch\/de\/wp-json\/wp\/v2\/types\/product"}],"wp:featuredmedia":[{"embeddable":true,"href":"https:\/\/shop.bantam.ch\/de\/wp-json\/wp\/v2\/media\/137284"}],"wp:attachment":[{"href":"https:\/\/shop.bantam.ch\/de\/wp-json\/wp\/v2\/media?parent=137286"}],"wp:term":[{"taxonomy":"product_featured_cat","embeddable":true,"href":"https:\/\/shop.bantam.ch\/de\/wp-json\/wp\/v2\/product_featured_cat?post=137286"},{"taxonomy":"product_brand","embeddable":true,"href":"https:\/\/shop.bantam.ch\/de\/wp-json\/wp\/v2\/product_brand?post=137286"},{"taxonomy":"product_cat","embeddable":true,"href":"https:\/\/shop.bantam.ch\/de\/wp-json\/wp\/v2\/product_cat?post=137286"},{"taxonomy":"product_tag","embeddable":true,"href":"https:\/\/shop.bantam.ch\/de\/wp-json\/wp\/v2\/product_tag?post=137286"}],"curies":[{"name":"wp","href":"https:\/\/api.w.org\/{rel}","templated":true}]}}