{"id":137266,"date":"2023-03-01T19:10:27","date_gmt":"2023-03-01T18:10:27","guid":{"rendered":"https:\/\/shop.bantam.ch\/produit\/hayling-6-classic-air-pro\/"},"modified":"2026-04-19T22:05:10","modified_gmt":"2026-04-19T20:05:10","slug":"hayling-6-classic-air-pro","status":"publish","type":"product","link":"https:\/\/shop.bantam.ch\/de\/produkt\/hayling-6-classic-air-pro\/","title":{"rendered":"HAYLING 6 CLASSIC AIR PRO"},"content":{"rendered":"<p>Der Aufbau ist genauso einfach wie bei unseren anderen Luftrahmenzelte-Modellen mit den Heringen fixieren und die Luftschl\u00e4uche aufblasen &#8211; fertig. Weathershield\u2122 AirFlow Classic Material aus Baumwollmischgewebe. Aufblasbar &#8211; externe F\u00fcllpunkte. NEU &#8211; Sleep-Tite Abgedunkelter Schlafbereich. QuickPitch\u2122 Abspannsystem. Bel\u00fcftung Climate Control. Einhakbare Bodenplane. Zus\u00e4tzliche Stehh\u00f6he. Einhakbare Bodenplane f\u00fcr Vorraumbereich. Seitent\u00fcr mit Vordach und zweitem Netzelement. Seitlich einrollbare Vordert\u00fcr. Vordere, hintere und Schlafbereiche mit wettergesch\u00fctzter Bel\u00fcftung. Organiser an der Vorderwand des Innenzelts und Taschen in den Innenzelten. Innenzelte mit Rei\u00dfverschluss f\u00fcr gr\u00f6\u00dftm\u00f6gliche Privatsph\u00e4re. Aufh\u00e4ngung der Innenzelte farbig gekennzeichnet. Netzelemente in den Seitent\u00fcren. Zwei Kabeldurchf\u00fchrungen und Lampenaufh\u00e4ngung mit Kabelf\u00fchrung. Rei\u00dfverschl\u00fcsse besonders hochleistungsf\u00e4hig. NEU &#8211; Rollladen mit Rei\u00dfverschluss. Optional Fleece-Teppiche und Zeltunterlagen erh\u00e4ltlich. NEU &#8211; Kampa Pro Kleiderstange Ready &#8211; f\u00fcr knitterfreie Kleidung. SabreLink\u2122 Flex Ready. Optionales Vordach (Tiefe: 180 cm). NEU &#8211; Optionaler Netzvorraum.<\/p>\n","protected":false},"excerpt":{"rendered":"<p>Der Aufbau ist genauso einfach wie bei unseren anderen Luftrahmenzelte-Modellen mit den Heringen fixieren und die Luftschl\u00e4uche aufblasen &#8211; fertig. Weathershield\u2122 AirFlow Classic Material aus Baumwollmischgewebe. Aufblasbar &#8211; externe F\u00fcllpunkte. NEU &#8211; Sleep-Tite Abgedunkelter Schlafbereich. QuickPitch\u2122 Abspannsystem. Bel\u00fcftung Climate Control. Einhakbare Bodenplane. Zus\u00e4tzliche Stehh\u00f6he. Einhakbare Bodenplane f\u00fcr Vorraumbereich. Seitent\u00fcr mit Vordach und zweitem Netzelement. Seitlich [&hellip;]<\/p>\n","protected":false},"featured_media":137264,"template":"","meta":{"_acf_changed":false},"product_featured_cat":[],"product_brand":[3033],"product_cat":[4242],"product_tag":[],"class_list":{"0":"post-137266","1":"product","2":"type-product","3":"status-publish","4":"has-post-thumbnail","6":"product_brand-standard-de","7":"product_cat-funktionszelte","9":"first","10":"instock","11":"sale","12":"taxable","13":"shipping-taxable","14":"purchasable","15":"product-type-simple"},"acf":[],"yoast_head":"<!-- This site is optimized with the Yoast SEO plugin v27.4 - https:\/\/yoast.com\/product\/yoast-seo-wordpress\/ -->\n<title>HAYLING 6 CLASSIC AIR PRO - Bantam Camping AG<\/title>\n<meta name=\"robots\" content=\"index, follow, max-snippet:-1, max-image-preview:large, max-video-preview:-1\" \/>\n<link rel=\"canonical\" href=\"https:\/\/shop.bantam.ch\/de\/produkt\/hayling-6-classic-air-pro\/\" \/>\n<meta property=\"og:locale\" content=\"de_DE\" \/>\n<meta property=\"og:type\" content=\"article\" \/>\n<meta property=\"og:title\" content=\"HAYLING 6 CLASSIC AIR PRO - Bantam Camping AG\" \/>\n<meta property=\"og:description\" content=\"Der Aufbau ist genauso einfach wie bei unseren anderen Luftrahmenzelte-Modellen mit den Heringen fixieren und die Luftschl\u00e4uche aufblasen &#8211; fertig. Weathershield\u2122 AirFlow Classic Material aus Baumwollmischgewebe. Aufblasbar &#8211; externe F\u00fcllpunkte. NEU &#8211; Sleep-Tite Abgedunkelter Schlafbereich. QuickPitch\u2122 Abspannsystem. Bel\u00fcftung Climate Control. Einhakbare Bodenplane. Zus\u00e4tzliche Stehh\u00f6he. Einhakbare Bodenplane f\u00fcr Vorraumbereich. Seitent\u00fcr mit Vordach und zweitem Netzelement. Seitlich [&hellip;]\" \/>\n<meta property=\"og:url\" content=\"https:\/\/shop.bantam.ch\/de\/produkt\/hayling-6-classic-air-pro\/\" \/>\n<meta property=\"og:site_name\" content=\"Bantam Camping AG\" \/>\n<meta property=\"article:modified_time\" content=\"2026-04-19T20:05:10+00:00\" \/>\n<meta property=\"og:image\" content=\"https:\/\/shop.bantam.ch\/wp-content\/uploads\/2023\/03\/15019014-2.jpg\" \/>\n\t<meta property=\"og:image:width\" content=\"1509\" \/>\n\t<meta property=\"og:image:height\" content=\"695\" \/>\n\t<meta property=\"og:image:type\" content=\"image\/jpeg\" \/>\n<meta name=\"twitter:card\" content=\"summary_large_image\" \/>\n<meta name=\"twitter:label1\" content=\"Gesch\u00e4tzte Lesezeit\" \/>\n\t<meta name=\"twitter:data1\" content=\"1\u00a0Minute\" \/>\n<script type=\"application\/ld+json\" class=\"yoast-schema-graph\">{\"@context\":\"https:\\\/\\\/schema.org\",\"@graph\":[{\"@type\":\"WebPage\",\"@id\":\"https:\\\/\\\/shop.bantam.ch\\\/de\\\/produkt\\\/hayling-6-classic-air-pro\\\/\",\"url\":\"https:\\\/\\\/shop.bantam.ch\\\/de\\\/produkt\\\/hayling-6-classic-air-pro\\\/\",\"name\":\"HAYLING 6 CLASSIC AIR PRO - Bantam Camping AG\",\"isPartOf\":{\"@id\":\"https:\\\/\\\/shop.bantam.ch\\\/de\\\/#website\"},\"primaryImageOfPage\":{\"@id\":\"https:\\\/\\\/shop.bantam.ch\\\/de\\\/produkt\\\/hayling-6-classic-air-pro\\\/#primaryimage\"},\"image\":{\"@id\":\"https:\\\/\\\/shop.bantam.ch\\\/de\\\/produkt\\\/hayling-6-classic-air-pro\\\/#primaryimage\"},\"thumbnailUrl\":\"https:\\\/\\\/shop.bantam.ch\\\/wp-content\\\/uploads\\\/2023\\\/03\\\/15019014-2.jpg\",\"datePublished\":\"2023-03-01T18:10:27+00:00\",\"dateModified\":\"2026-04-19T20:05:10+00:00\",\"breadcrumb\":{\"@id\":\"https:\\\/\\\/shop.bantam.ch\\\/de\\\/produkt\\\/hayling-6-classic-air-pro\\\/#breadcrumb\"},\"inLanguage\":\"de\",\"potentialAction\":[{\"@type\":\"ReadAction\",\"target\":[\"https:\\\/\\\/shop.bantam.ch\\\/de\\\/produkt\\\/hayling-6-classic-air-pro\\\/\"]}]},{\"@type\":\"ImageObject\",\"inLanguage\":\"de\",\"@id\":\"https:\\\/\\\/shop.bantam.ch\\\/de\\\/produkt\\\/hayling-6-classic-air-pro\\\/#primaryimage\",\"url\":\"https:\\\/\\\/shop.bantam.ch\\\/wp-content\\\/uploads\\\/2023\\\/03\\\/15019014-2.jpg\",\"contentUrl\":\"https:\\\/\\\/shop.bantam.ch\\\/wp-content\\\/uploads\\\/2023\\\/03\\\/15019014-2.jpg\",\"width\":1509,\"height\":695},{\"@type\":\"BreadcrumbList\",\"@id\":\"https:\\\/\\\/shop.bantam.ch\\\/de\\\/produkt\\\/hayling-6-classic-air-pro\\\/#breadcrumb\",\"itemListElement\":[{\"@type\":\"ListItem\",\"position\":1,\"name\":\"Accueil\",\"item\":\"https:\\\/\\\/shop.bantam.ch\\\/de\\\/\"},{\"@type\":\"ListItem\",\"position\":2,\"name\":\"Shop\",\"item\":\"https:\\\/\\\/shop.bantam.ch\\\/de\\\/shop\\\/\"},{\"@type\":\"ListItem\",\"position\":3,\"name\":\"HAYLING 6 CLASSIC AIR PRO\"}]},{\"@type\":\"WebSite\",\"@id\":\"https:\\\/\\\/shop.bantam.ch\\\/de\\\/#website\",\"url\":\"https:\\\/\\\/shop.bantam.ch\\\/de\\\/\",\"name\":\"Bantam Camping AG\",\"description\":\"\",\"publisher\":{\"@id\":\"https:\\\/\\\/shop.bantam.ch\\\/de\\\/#organization\"},\"inLanguage\":\"de\"},{\"@type\":\"Organization\",\"@id\":\"https:\\\/\\\/shop.bantam.ch\\\/de\\\/#organization\",\"name\":\"Bantam Camping AG\",\"url\":\"https:\\\/\\\/shop.bantam.ch\\\/de\\\/\",\"logo\":{\"@type\":\"ImageObject\",\"inLanguage\":\"de\",\"@id\":\"https:\\\/\\\/shop.bantam.ch\\\/de\\\/#\\\/schema\\\/logo\\\/image\\\/\",\"url\":\"https:\\\/\\\/shop.bantam.ch\\\/wp-content\\\/uploads\\\/2022\\\/12\\\/bantam-logo.png\",\"contentUrl\":\"https:\\\/\\\/shop.bantam.ch\\\/wp-content\\\/uploads\\\/2022\\\/12\\\/bantam-logo.png\",\"width\":320,\"height\":71,\"caption\":\"Bantam Camping AG\"},\"image\":{\"@id\":\"https:\\\/\\\/shop.bantam.ch\\\/de\\\/#\\\/schema\\\/logo\\\/image\\\/\"}}]}<\/script>\n<!-- \/ Yoast SEO plugin. -->","yoast_head_json":{"title":"HAYLING 6 CLASSIC AIR PRO - Bantam Camping AG","robots":{"index":"index","follow":"follow","max-snippet":"max-snippet:-1","max-image-preview":"max-image-preview:large","max-video-preview":"max-video-preview:-1"},"canonical":"https:\/\/shop.bantam.ch\/de\/produkt\/hayling-6-classic-air-pro\/","og_locale":"de_DE","og_type":"article","og_title":"HAYLING 6 CLASSIC AIR PRO - Bantam Camping AG","og_description":"Der Aufbau ist genauso einfach wie bei unseren anderen Luftrahmenzelte-Modellen mit den Heringen fixieren und die Luftschl\u00e4uche aufblasen &#8211; fertig. Weathershield\u2122 AirFlow Classic Material aus Baumwollmischgewebe. Aufblasbar &#8211; externe F\u00fcllpunkte. NEU &#8211; Sleep-Tite Abgedunkelter Schlafbereich. QuickPitch\u2122 Abspannsystem. Bel\u00fcftung Climate Control. Einhakbare Bodenplane. Zus\u00e4tzliche Stehh\u00f6he. Einhakbare Bodenplane f\u00fcr Vorraumbereich. Seitent\u00fcr mit Vordach und zweitem Netzelement. Seitlich [&hellip;]","og_url":"https:\/\/shop.bantam.ch\/de\/produkt\/hayling-6-classic-air-pro\/","og_site_name":"Bantam Camping AG","article_modified_time":"2026-04-19T20:05:10+00:00","og_image":[{"width":1509,"height":695,"url":"https:\/\/shop.bantam.ch\/wp-content\/uploads\/2023\/03\/15019014-2.jpg","type":"image\/jpeg"}],"twitter_card":"summary_large_image","twitter_misc":{"Gesch\u00e4tzte Lesezeit":"1\u00a0Minute"},"schema":{"@context":"https:\/\/schema.org","@graph":[{"@type":"WebPage","@id":"https:\/\/shop.bantam.ch\/de\/produkt\/hayling-6-classic-air-pro\/","url":"https:\/\/shop.bantam.ch\/de\/produkt\/hayling-6-classic-air-pro\/","name":"HAYLING 6 CLASSIC AIR PRO - Bantam Camping AG","isPartOf":{"@id":"https:\/\/shop.bantam.ch\/de\/#website"},"primaryImageOfPage":{"@id":"https:\/\/shop.bantam.ch\/de\/produkt\/hayling-6-classic-air-pro\/#primaryimage"},"image":{"@id":"https:\/\/shop.bantam.ch\/de\/produkt\/hayling-6-classic-air-pro\/#primaryimage"},"thumbnailUrl":"https:\/\/shop.bantam.ch\/wp-content\/uploads\/2023\/03\/15019014-2.jpg","datePublished":"2023-03-01T18:10:27+00:00","dateModified":"2026-04-19T20:05:10+00:00","breadcrumb":{"@id":"https:\/\/shop.bantam.ch\/de\/produkt\/hayling-6-classic-air-pro\/#breadcrumb"},"inLanguage":"de","potentialAction":[{"@type":"ReadAction","target":["https:\/\/shop.bantam.ch\/de\/produkt\/hayling-6-classic-air-pro\/"]}]},{"@type":"ImageObject","inLanguage":"de","@id":"https:\/\/shop.bantam.ch\/de\/produkt\/hayling-6-classic-air-pro\/#primaryimage","url":"https:\/\/shop.bantam.ch\/wp-content\/uploads\/2023\/03\/15019014-2.jpg","contentUrl":"https:\/\/shop.bantam.ch\/wp-content\/uploads\/2023\/03\/15019014-2.jpg","width":1509,"height":695},{"@type":"BreadcrumbList","@id":"https:\/\/shop.bantam.ch\/de\/produkt\/hayling-6-classic-air-pro\/#breadcrumb","itemListElement":[{"@type":"ListItem","position":1,"name":"Accueil","item":"https:\/\/shop.bantam.ch\/de\/"},{"@type":"ListItem","position":2,"name":"Shop","item":"https:\/\/shop.bantam.ch\/de\/shop\/"},{"@type":"ListItem","position":3,"name":"HAYLING 6 CLASSIC AIR PRO"}]},{"@type":"WebSite","@id":"https:\/\/shop.bantam.ch\/de\/#website","url":"https:\/\/shop.bantam.ch\/de\/","name":"Bantam Camping AG","description":"","publisher":{"@id":"https:\/\/shop.bantam.ch\/de\/#organization"},"inLanguage":"de"},{"@type":"Organization","@id":"https:\/\/shop.bantam.ch\/de\/#organization","name":"Bantam Camping AG","url":"https:\/\/shop.bantam.ch\/de\/","logo":{"@type":"ImageObject","inLanguage":"de","@id":"https:\/\/shop.bantam.ch\/de\/#\/schema\/logo\/image\/","url":"https:\/\/shop.bantam.ch\/wp-content\/uploads\/2022\/12\/bantam-logo.png","contentUrl":"https:\/\/shop.bantam.ch\/wp-content\/uploads\/2022\/12\/bantam-logo.png","width":320,"height":71,"caption":"Bantam Camping AG"},"image":{"@id":"https:\/\/shop.bantam.ch\/de\/#\/schema\/logo\/image\/"}}]}},"_links":{"self":[{"href":"https:\/\/shop.bantam.ch\/de\/wp-json\/wp\/v2\/product\/137266","targetHints":{"allow":["GET"]}}],"collection":[{"href":"https:\/\/shop.bantam.ch\/de\/wp-json\/wp\/v2\/product"}],"about":[{"href":"https:\/\/shop.bantam.ch\/de\/wp-json\/wp\/v2\/types\/product"}],"wp:featuredmedia":[{"embeddable":true,"href":"https:\/\/shop.bantam.ch\/de\/wp-json\/wp\/v2\/media\/137264"}],"wp:attachment":[{"href":"https:\/\/shop.bantam.ch\/de\/wp-json\/wp\/v2\/media?parent=137266"}],"wp:term":[{"taxonomy":"product_featured_cat","embeddable":true,"href":"https:\/\/shop.bantam.ch\/de\/wp-json\/wp\/v2\/product_featured_cat?post=137266"},{"taxonomy":"product_brand","embeddable":true,"href":"https:\/\/shop.bantam.ch\/de\/wp-json\/wp\/v2\/product_brand?post=137266"},{"taxonomy":"product_cat","embeddable":true,"href":"https:\/\/shop.bantam.ch\/de\/wp-json\/wp\/v2\/product_cat?post=137266"},{"taxonomy":"product_tag","embeddable":true,"href":"https:\/\/shop.bantam.ch\/de\/wp-json\/wp\/v2\/product_tag?post=137266"}],"curies":[{"name":"wp","href":"https:\/\/api.w.org\/{rel}","templated":true}]}}