{"id":137166,"date":"2023-03-01T19:08:25","date_gmt":"2023-03-01T18:08:25","guid":{"rendered":"https:\/\/shop.bantam.ch\/produit\/batterie-eza-v2-smartconnect-2\/"},"modified":"2026-04-17T22:01:44","modified_gmt":"2026-04-17T20:01:44","slug":"batterie-eza-v2-smartconnect-2","status":"publish","type":"product","link":"https:\/\/shop.bantam.ch\/de\/produkt\/batterie-eza-v2-smartconnect-2\/","title":{"rendered":"Batterie EZA V2 SmartConnect"},"content":{"rendered":"<p>Die EZA-Batterie integriert sich in die urspr\u00fcngliche\u00a0Anlage und optimiert die Energiezufuhr\u00a0jeder Quelle (Solarpaneel, 230V, Wechselstromgenerator).\u00a0Ein 400W MPPT-Regulator\u00a0ist integriert. EZA bietet zahlreiche Anwendungsm\u00f6glichkeiten.<br \/>\nBeide Modelle k\u00f6nnen\u00a0gekoppelt werden (bis zu max. 4 Einheiten)\u00a0\u2013 so k\u00f6nnen Sie die Energiespeicherf\u00e4higkeiten<br \/>\nIhrer elektronischen Anlage um ein\u00a0Vielfaches erh\u00f6hen und Ihrem Verbrauch am\u00a0besten entsprechen. Dank des intergierten<br \/>\nBluetooth-Moduls k\u00f6nnen Sie Ihre EZA-Batterie\u00a0aus der Ferne steuern \u2013 ganz einfach per\u00a0Gratis-Anwendung f\u00fcr Android-Smartphone,\u00a0Tablet oder PC (nicht im Lieferumfang enthalten).\u00a0Ultrakompakte und leichte Batterie. Integriertes<br \/>\nBatterie\u00fcberwachungsmodul. BMS\u00a0mit automatischem Neustart, Schutz gegen\u00a0\u00dcberladen und \u00fcberm\u00e4\u00dfiges Entladen. Kopplung<br \/>\nund\/oder Parallelschaltung m\u00f6glich. Die\u00a0Lade- und Entladestr\u00f6me k\u00f6nnen mit Hilfe\u00a0eines Koppelgetriebes verdoppelt werden.<br \/>\nLebensdauer: bis zu mind. 2500 Ladezyklen.\u00a0130 Ah<\/p>\n","protected":false},"excerpt":{"rendered":"<p>Die EZA-Batterie integriert sich in die urspr\u00fcngliche\u00a0Anlage und optimiert die Energiezufuhr\u00a0jeder Quelle (Solarpaneel, 230V, Wechselstromgenerator).\u00a0Ein 400W MPPT-Regulator\u00a0ist integriert. EZA bietet zahlreiche Anwendungsm\u00f6glichkeiten. Beide Modelle k\u00f6nnen\u00a0gekoppelt werden (bis zu max. 4 Einheiten)\u00a0\u2013 so k\u00f6nnen Sie die Energiespeicherf\u00e4higkeiten Ihrer elektronischen Anlage um ein\u00a0Vielfaches erh\u00f6hen und Ihrem Verbrauch am\u00a0besten entsprechen. Dank des intergierten Bluetooth-Moduls k\u00f6nnen Sie Ihre EZA-Batterie\u00a0aus [&hellip;]<\/p>\n","protected":false},"featured_media":137164,"template":"","meta":{"_acf_changed":false},"product_featured_cat":[5324,5318],"product_brand":[3677],"product_cat":[4188],"product_tag":[],"class_list":{"0":"post-137166","1":"product","2":"type-product","3":"status-publish","4":"has-post-thumbnail","6":"product_featured_cat-batterie-etagnieres-de","7":"product_featured_cat-sonderangebote-lithium-batterien","8":"product_brand-eza-de","9":"product_cat-batterien","11":"first","12":"instock","13":"sale","14":"taxable","15":"shipping-taxable","16":"purchasable","17":"product-type-simple"},"acf":[],"yoast_head":"<!-- This site is optimized with the Yoast SEO plugin v27.4 - https:\/\/yoast.com\/product\/yoast-seo-wordpress\/ -->\n<title>Batterie EZA V2 SmartConnect - Bantam Camping AG<\/title>\n<meta name=\"robots\" content=\"index, follow, max-snippet:-1, max-image-preview:large, max-video-preview:-1\" \/>\n<link rel=\"canonical\" href=\"https:\/\/shop.bantam.ch\/de\/produkt\/batterie-eza-v2-smartconnect-2\/\" \/>\n<meta property=\"og:locale\" content=\"de_DE\" \/>\n<meta property=\"og:type\" content=\"article\" \/>\n<meta property=\"og:title\" content=\"Batterie EZA V2 SmartConnect - Bantam Camping AG\" \/>\n<meta property=\"og:description\" content=\"Die EZA-Batterie integriert sich in die urspr\u00fcngliche\u00a0Anlage und optimiert die Energiezufuhr\u00a0jeder Quelle (Solarpaneel, 230V, Wechselstromgenerator).\u00a0Ein 400W MPPT-Regulator\u00a0ist integriert. EZA bietet zahlreiche Anwendungsm\u00f6glichkeiten. Beide Modelle k\u00f6nnen\u00a0gekoppelt werden (bis zu max. 4 Einheiten)\u00a0\u2013 so k\u00f6nnen Sie die Energiespeicherf\u00e4higkeiten Ihrer elektronischen Anlage um ein\u00a0Vielfaches erh\u00f6hen und Ihrem Verbrauch am\u00a0besten entsprechen. Dank des intergierten Bluetooth-Moduls k\u00f6nnen Sie Ihre EZA-Batterie\u00a0aus [&hellip;]\" \/>\n<meta property=\"og:url\" content=\"https:\/\/shop.bantam.ch\/de\/produkt\/batterie-eza-v2-smartconnect-2\/\" \/>\n<meta property=\"og:site_name\" content=\"Bantam Camping AG\" \/>\n<meta property=\"article:modified_time\" content=\"2026-04-17T20:01:44+00:00\" \/>\n<meta property=\"og:image\" content=\"https:\/\/shop.bantam.ch\/wp-content\/uploads\/2023\/03\/77319031-1.jpg\" \/>\n\t<meta property=\"og:image:width\" content=\"516\" \/>\n\t<meta property=\"og:image:height\" content=\"452\" \/>\n\t<meta property=\"og:image:type\" content=\"image\/jpeg\" \/>\n<meta name=\"twitter:card\" content=\"summary_large_image\" \/>\n<meta name=\"twitter:label1\" content=\"Gesch\u00e4tzte Lesezeit\" \/>\n\t<meta name=\"twitter:data1\" content=\"1\u00a0Minute\" \/>\n<script type=\"application\/ld+json\" class=\"yoast-schema-graph\">{\"@context\":\"https:\\\/\\\/schema.org\",\"@graph\":[{\"@type\":\"WebPage\",\"@id\":\"https:\\\/\\\/shop.bantam.ch\\\/de\\\/produkt\\\/batterie-eza-v2-smartconnect-2\\\/\",\"url\":\"https:\\\/\\\/shop.bantam.ch\\\/de\\\/produkt\\\/batterie-eza-v2-smartconnect-2\\\/\",\"name\":\"Batterie EZA V2 SmartConnect - Bantam Camping AG\",\"isPartOf\":{\"@id\":\"https:\\\/\\\/shop.bantam.ch\\\/de\\\/#website\"},\"primaryImageOfPage\":{\"@id\":\"https:\\\/\\\/shop.bantam.ch\\\/de\\\/produkt\\\/batterie-eza-v2-smartconnect-2\\\/#primaryimage\"},\"image\":{\"@id\":\"https:\\\/\\\/shop.bantam.ch\\\/de\\\/produkt\\\/batterie-eza-v2-smartconnect-2\\\/#primaryimage\"},\"thumbnailUrl\":\"https:\\\/\\\/shop.bantam.ch\\\/wp-content\\\/uploads\\\/2023\\\/03\\\/77319031-1.jpg\",\"datePublished\":\"2023-03-01T18:08:25+00:00\",\"dateModified\":\"2026-04-17T20:01:44+00:00\",\"breadcrumb\":{\"@id\":\"https:\\\/\\\/shop.bantam.ch\\\/de\\\/produkt\\\/batterie-eza-v2-smartconnect-2\\\/#breadcrumb\"},\"inLanguage\":\"de\",\"potentialAction\":[{\"@type\":\"ReadAction\",\"target\":[\"https:\\\/\\\/shop.bantam.ch\\\/de\\\/produkt\\\/batterie-eza-v2-smartconnect-2\\\/\"]}]},{\"@type\":\"ImageObject\",\"inLanguage\":\"de\",\"@id\":\"https:\\\/\\\/shop.bantam.ch\\\/de\\\/produkt\\\/batterie-eza-v2-smartconnect-2\\\/#primaryimage\",\"url\":\"https:\\\/\\\/shop.bantam.ch\\\/wp-content\\\/uploads\\\/2023\\\/03\\\/77319031-1.jpg\",\"contentUrl\":\"https:\\\/\\\/shop.bantam.ch\\\/wp-content\\\/uploads\\\/2023\\\/03\\\/77319031-1.jpg\",\"width\":516,\"height\":452},{\"@type\":\"BreadcrumbList\",\"@id\":\"https:\\\/\\\/shop.bantam.ch\\\/de\\\/produkt\\\/batterie-eza-v2-smartconnect-2\\\/#breadcrumb\",\"itemListElement\":[{\"@type\":\"ListItem\",\"position\":1,\"name\":\"Accueil\",\"item\":\"https:\\\/\\\/shop.bantam.ch\\\/de\\\/\"},{\"@type\":\"ListItem\",\"position\":2,\"name\":\"Shop\",\"item\":\"https:\\\/\\\/shop.bantam.ch\\\/de\\\/shop\\\/\"},{\"@type\":\"ListItem\",\"position\":3,\"name\":\"Batterie EZA V2 SmartConnect\"}]},{\"@type\":\"WebSite\",\"@id\":\"https:\\\/\\\/shop.bantam.ch\\\/de\\\/#website\",\"url\":\"https:\\\/\\\/shop.bantam.ch\\\/de\\\/\",\"name\":\"Bantam Camping AG\",\"description\":\"\",\"publisher\":{\"@id\":\"https:\\\/\\\/shop.bantam.ch\\\/de\\\/#organization\"},\"inLanguage\":\"de\"},{\"@type\":\"Organization\",\"@id\":\"https:\\\/\\\/shop.bantam.ch\\\/de\\\/#organization\",\"name\":\"Bantam Camping AG\",\"url\":\"https:\\\/\\\/shop.bantam.ch\\\/de\\\/\",\"logo\":{\"@type\":\"ImageObject\",\"inLanguage\":\"de\",\"@id\":\"https:\\\/\\\/shop.bantam.ch\\\/de\\\/#\\\/schema\\\/logo\\\/image\\\/\",\"url\":\"https:\\\/\\\/shop.bantam.ch\\\/wp-content\\\/uploads\\\/2022\\\/12\\\/bantam-logo.png\",\"contentUrl\":\"https:\\\/\\\/shop.bantam.ch\\\/wp-content\\\/uploads\\\/2022\\\/12\\\/bantam-logo.png\",\"width\":320,\"height\":71,\"caption\":\"Bantam Camping AG\"},\"image\":{\"@id\":\"https:\\\/\\\/shop.bantam.ch\\\/de\\\/#\\\/schema\\\/logo\\\/image\\\/\"}}]}<\/script>\n<!-- \/ Yoast SEO plugin. -->","yoast_head_json":{"title":"Batterie EZA V2 SmartConnect - Bantam Camping AG","robots":{"index":"index","follow":"follow","max-snippet":"max-snippet:-1","max-image-preview":"max-image-preview:large","max-video-preview":"max-video-preview:-1"},"canonical":"https:\/\/shop.bantam.ch\/de\/produkt\/batterie-eza-v2-smartconnect-2\/","og_locale":"de_DE","og_type":"article","og_title":"Batterie EZA V2 SmartConnect - Bantam Camping AG","og_description":"Die EZA-Batterie integriert sich in die urspr\u00fcngliche\u00a0Anlage und optimiert die Energiezufuhr\u00a0jeder Quelle (Solarpaneel, 230V, Wechselstromgenerator).\u00a0Ein 400W MPPT-Regulator\u00a0ist integriert. EZA bietet zahlreiche Anwendungsm\u00f6glichkeiten. Beide Modelle k\u00f6nnen\u00a0gekoppelt werden (bis zu max. 4 Einheiten)\u00a0\u2013 so k\u00f6nnen Sie die Energiespeicherf\u00e4higkeiten Ihrer elektronischen Anlage um ein\u00a0Vielfaches erh\u00f6hen und Ihrem Verbrauch am\u00a0besten entsprechen. Dank des intergierten Bluetooth-Moduls k\u00f6nnen Sie Ihre EZA-Batterie\u00a0aus [&hellip;]","og_url":"https:\/\/shop.bantam.ch\/de\/produkt\/batterie-eza-v2-smartconnect-2\/","og_site_name":"Bantam Camping AG","article_modified_time":"2026-04-17T20:01:44+00:00","og_image":[{"width":516,"height":452,"url":"https:\/\/shop.bantam.ch\/wp-content\/uploads\/2023\/03\/77319031-1.jpg","type":"image\/jpeg"}],"twitter_card":"summary_large_image","twitter_misc":{"Gesch\u00e4tzte Lesezeit":"1\u00a0Minute"},"schema":{"@context":"https:\/\/schema.org","@graph":[{"@type":"WebPage","@id":"https:\/\/shop.bantam.ch\/de\/produkt\/batterie-eza-v2-smartconnect-2\/","url":"https:\/\/shop.bantam.ch\/de\/produkt\/batterie-eza-v2-smartconnect-2\/","name":"Batterie EZA V2 SmartConnect - Bantam Camping AG","isPartOf":{"@id":"https:\/\/shop.bantam.ch\/de\/#website"},"primaryImageOfPage":{"@id":"https:\/\/shop.bantam.ch\/de\/produkt\/batterie-eza-v2-smartconnect-2\/#primaryimage"},"image":{"@id":"https:\/\/shop.bantam.ch\/de\/produkt\/batterie-eza-v2-smartconnect-2\/#primaryimage"},"thumbnailUrl":"https:\/\/shop.bantam.ch\/wp-content\/uploads\/2023\/03\/77319031-1.jpg","datePublished":"2023-03-01T18:08:25+00:00","dateModified":"2026-04-17T20:01:44+00:00","breadcrumb":{"@id":"https:\/\/shop.bantam.ch\/de\/produkt\/batterie-eza-v2-smartconnect-2\/#breadcrumb"},"inLanguage":"de","potentialAction":[{"@type":"ReadAction","target":["https:\/\/shop.bantam.ch\/de\/produkt\/batterie-eza-v2-smartconnect-2\/"]}]},{"@type":"ImageObject","inLanguage":"de","@id":"https:\/\/shop.bantam.ch\/de\/produkt\/batterie-eza-v2-smartconnect-2\/#primaryimage","url":"https:\/\/shop.bantam.ch\/wp-content\/uploads\/2023\/03\/77319031-1.jpg","contentUrl":"https:\/\/shop.bantam.ch\/wp-content\/uploads\/2023\/03\/77319031-1.jpg","width":516,"height":452},{"@type":"BreadcrumbList","@id":"https:\/\/shop.bantam.ch\/de\/produkt\/batterie-eza-v2-smartconnect-2\/#breadcrumb","itemListElement":[{"@type":"ListItem","position":1,"name":"Accueil","item":"https:\/\/shop.bantam.ch\/de\/"},{"@type":"ListItem","position":2,"name":"Shop","item":"https:\/\/shop.bantam.ch\/de\/shop\/"},{"@type":"ListItem","position":3,"name":"Batterie EZA V2 SmartConnect"}]},{"@type":"WebSite","@id":"https:\/\/shop.bantam.ch\/de\/#website","url":"https:\/\/shop.bantam.ch\/de\/","name":"Bantam Camping AG","description":"","publisher":{"@id":"https:\/\/shop.bantam.ch\/de\/#organization"},"inLanguage":"de"},{"@type":"Organization","@id":"https:\/\/shop.bantam.ch\/de\/#organization","name":"Bantam Camping AG","url":"https:\/\/shop.bantam.ch\/de\/","logo":{"@type":"ImageObject","inLanguage":"de","@id":"https:\/\/shop.bantam.ch\/de\/#\/schema\/logo\/image\/","url":"https:\/\/shop.bantam.ch\/wp-content\/uploads\/2022\/12\/bantam-logo.png","contentUrl":"https:\/\/shop.bantam.ch\/wp-content\/uploads\/2022\/12\/bantam-logo.png","width":320,"height":71,"caption":"Bantam Camping AG"},"image":{"@id":"https:\/\/shop.bantam.ch\/de\/#\/schema\/logo\/image\/"}}]}},"_links":{"self":[{"href":"https:\/\/shop.bantam.ch\/de\/wp-json\/wp\/v2\/product\/137166","targetHints":{"allow":["GET"]}}],"collection":[{"href":"https:\/\/shop.bantam.ch\/de\/wp-json\/wp\/v2\/product"}],"about":[{"href":"https:\/\/shop.bantam.ch\/de\/wp-json\/wp\/v2\/types\/product"}],"wp:featuredmedia":[{"embeddable":true,"href":"https:\/\/shop.bantam.ch\/de\/wp-json\/wp\/v2\/media\/137164"}],"wp:attachment":[{"href":"https:\/\/shop.bantam.ch\/de\/wp-json\/wp\/v2\/media?parent=137166"}],"wp:term":[{"taxonomy":"product_featured_cat","embeddable":true,"href":"https:\/\/shop.bantam.ch\/de\/wp-json\/wp\/v2\/product_featured_cat?post=137166"},{"taxonomy":"product_brand","embeddable":true,"href":"https:\/\/shop.bantam.ch\/de\/wp-json\/wp\/v2\/product_brand?post=137166"},{"taxonomy":"product_cat","embeddable":true,"href":"https:\/\/shop.bantam.ch\/de\/wp-json\/wp\/v2\/product_cat?post=137166"},{"taxonomy":"product_tag","embeddable":true,"href":"https:\/\/shop.bantam.ch\/de\/wp-json\/wp\/v2\/product_tag?post=137166"}],"curies":[{"name":"wp","href":"https:\/\/api.w.org\/{rel}","templated":true}]}}