{"id":137130,"date":"2023-03-01T19:07:33","date_gmt":"2023-03-01T18:07:33","guid":{"rendered":"https:\/\/shop.bantam.ch\/produit\/reisemobil-vorzelte-motor-grande-air-pro-390-s-235-250-cm-390-x-300-cm-97-x-45-cm-29-kg\/"},"modified":"2026-04-18T22:02:48","modified_gmt":"2026-04-18T20:02:48","slug":"reisemobil-vorzelte-motor-grande-air-pro-390-s-235-250-cm-390-x-300-cm-97-x-45-cm-29-kg","status":"publish","type":"product","link":"https:\/\/shop.bantam.ch\/de\/produkt\/reisemobil-vorzelte-motor-grande-air-pro-390-s-235-250-cm-390-x-300-cm-97-x-45-cm-29-kg\/","title":{"rendered":"Reisemobil-Vorzelte &#8211; Motor Grande AIR Pro 390 S 235 &#8211; 250 cm 390 x 300 cm 97 x 45 cm 29 kg"},"content":{"rendered":"<p>Motor Grande AIR Pro mehr Tiefe, zus\u00e4tzlicher Platz Das Motor Grande AIR Pro, eine Produktneuheit in der Kollektion f\u00fcr 2020, vereint alle Vorteile unserer beliebten Rally AIR-Modelle, den meistverkauften aufblasbaren Vorzelten in Europa, ist jedoch sensationelle drei Meter tief. Zusammen mit unserem Dual-Pitch-Dachsystem wird auf diese Weise sichergestellt, dass Sie das gesamte Vorzelt nutzen k\u00f6nnen. Das Motor Grande AIR Pro 390 kommt so auf eine Nutzfl\u00e4che von erstaunlichen 11,7 m2 . F\u00fcr zus\u00e4tzliche Abk\u00fchlung und Luftzirkulation bei hei\u00dfen Temperaturen kann das Vorzelt mit optionalen Frontnetzw\u00e4nden ausgestattet werden; mit einem unserer aufblasbaren Pro-Anbauten l\u00e4sst sich noch mehr Platz schaffen. Ein zweites gro\u00dfes Netzelement hinter dem rechten Seitenfenster bringt Abk\u00fchlung bei hei\u00dfen Temperaturen. Auch hinter beiden seitlichen T\u00fcren befinden sich zweite Netzelemente. Unsere optionalen Frontnetzw\u00e4nde bringen zus\u00e4tzliche Bel\u00fcftung von vorn. Beide Seitenteile sind austauschbar, deshalb k\u00f6nnen auch die seitlichen T\u00fcren flexibel ausgetauscht werden. An einem oder beiden Seitenelementen kann ein optionaler Anbau oder Wintergarten angebracht werden.<\/p>\n<p>Motor Grande AIR Pro Hauptmerkmale<\/p>\n<p>\u2022 Aufblasbar &#8211; Einpunkt-Aufblassystem<\/p>\n<p>\u2022 Jeder Schlauch kann mit Absperrventilen getrennt werden<\/p>\n<p>\u2022 \u201eF\u00fchlen Sie den Unterschied\u201c doppelt beschichtetes Weathershield\u00ae Pro-Polyester<\/p>\n<p>\u2022 Flammhemmend und UV-stabil<\/p>\n<p>\u2022 Eine Wassers\u00e4ule von sensationellen 6000 mm<\/p>\n<p>\u2022 Hei\u00dfluftgeklebte N\u00e4hte &#8211; f\u00fcr maximale Wetterbest\u00e4ndigkeit<\/p>\n<p>\u2022 Seitlich einrollbare Vorderw\u00e4nde<\/p>\n<p>\u2022 Abzippbare Seitenteile &#8211; zur Aufnahme eines optionalen Anbaus oder Wintergartens<\/p>\n<p>\u2022 Kristallklare Fenster mit Vorh\u00e4ngen erm\u00f6glichen einen tollen Ausblick<\/p>\n<p>\u2022 Quickpitch Abspannungssystem<\/p>\n<p>\u2022 Sehr engmaschiges Fliegengitter an den Seitent\u00fcren &#8211; h\u00e4lt auch die kleinsten Insekten drau\u00dfen<\/p>\n<p>\u2022 Gro\u00dfes Fliegengitter im rechten Seitenfenster<\/p>\n<p>\u2022 Andruckpolster<\/p>\n<p>\u2022 Inklusive hinterem Aufstellstangen-Set und Handpumpe<\/p>\n<p>\u2022 4 mm und 6 mm Keder vorhanden<\/p>\n<p>\u2022 Weitere individuelle Anpassung m\u00f6glich dank reichhaltiger optionaler Ausstattung<\/p>\n","protected":false},"excerpt":{"rendered":"<p>Motor Grande AIR Pro mehr Tiefe, zus\u00e4tzlicher Platz Das Motor Grande AIR Pro, eine Produktneuheit in der Kollektion f\u00fcr 2020, vereint alle Vorteile unserer beliebten Rally AIR-Modelle, den meistverkauften aufblasbaren Vorzelten in Europa, ist jedoch sensationelle drei Meter tief. Zusammen mit unserem Dual-Pitch-Dachsystem wird auf diese Weise sichergestellt, dass Sie das gesamte Vorzelt nutzen k\u00f6nnen. [&hellip;]<\/p>\n","protected":false},"featured_media":137128,"template":"","meta":{"_acf_changed":false},"product_featured_cat":[],"product_brand":[3033],"product_cat":[4916],"product_tag":[],"class_list":{"0":"post-137130","1":"product","2":"type-product","3":"status-publish","4":"has-post-thumbnail","6":"product_brand-standard-de","7":"product_cat-wohnmobil-bus-vorzelte","9":"first","10":"instock","11":"taxable","12":"shipping-taxable","13":"purchasable","14":"product-type-simple"},"acf":[],"yoast_head":"<!-- This site is optimized with the Yoast SEO plugin v27.4 - https:\/\/yoast.com\/product\/yoast-seo-wordpress\/ -->\n<title>Reisemobil-Vorzelte - Motor Grande AIR Pro 390 S 235 - 250 cm 390 x 300 cm 97 x 45 cm 29 kg - Bantam Camping AG<\/title>\n<meta name=\"robots\" content=\"index, follow, max-snippet:-1, max-image-preview:large, max-video-preview:-1\" \/>\n<link rel=\"canonical\" href=\"https:\/\/shop.bantam.ch\/de\/produkt\/reisemobil-vorzelte-motor-grande-air-pro-390-s-235-250-cm-390-x-300-cm-97-x-45-cm-29-kg\/\" \/>\n<meta property=\"og:locale\" content=\"de_DE\" \/>\n<meta property=\"og:type\" content=\"article\" \/>\n<meta property=\"og:title\" content=\"Reisemobil-Vorzelte - Motor Grande AIR Pro 390 S 235 - 250 cm 390 x 300 cm 97 x 45 cm 29 kg - Bantam Camping AG\" \/>\n<meta property=\"og:description\" content=\"Motor Grande AIR Pro mehr Tiefe, zus\u00e4tzlicher Platz Das Motor Grande AIR Pro, eine Produktneuheit in der Kollektion f\u00fcr 2020, vereint alle Vorteile unserer beliebten Rally AIR-Modelle, den meistverkauften aufblasbaren Vorzelten in Europa, ist jedoch sensationelle drei Meter tief. Zusammen mit unserem Dual-Pitch-Dachsystem wird auf diese Weise sichergestellt, dass Sie das gesamte Vorzelt nutzen k\u00f6nnen. [&hellip;]\" \/>\n<meta property=\"og:url\" content=\"https:\/\/shop.bantam.ch\/de\/produkt\/reisemobil-vorzelte-motor-grande-air-pro-390-s-235-250-cm-390-x-300-cm-97-x-45-cm-29-kg\/\" \/>\n<meta property=\"og:site_name\" content=\"Bantam Camping AG\" \/>\n<meta property=\"article:modified_time\" content=\"2026-04-18T20:02:48+00:00\" \/>\n<meta property=\"og:image\" content=\"https:\/\/shop.bantam.ch\/wp-content\/uploads\/2023\/03\/15019015-3-scaled.jpg\" \/>\n\t<meta property=\"og:image:width\" content=\"834\" \/>\n\t<meta property=\"og:image:height\" content=\"1024\" \/>\n\t<meta property=\"og:image:type\" content=\"image\/jpeg\" \/>\n<meta name=\"twitter:card\" content=\"summary_large_image\" \/>\n<meta name=\"twitter:label1\" content=\"Gesch\u00e4tzte Lesezeit\" \/>\n\t<meta name=\"twitter:data1\" content=\"1\u00a0Minute\" \/>\n<script type=\"application\/ld+json\" class=\"yoast-schema-graph\">{\"@context\":\"https:\\\/\\\/schema.org\",\"@graph\":[{\"@type\":\"WebPage\",\"@id\":\"https:\\\/\\\/shop.bantam.ch\\\/de\\\/produkt\\\/reisemobil-vorzelte-motor-grande-air-pro-390-s-235-250-cm-390-x-300-cm-97-x-45-cm-29-kg\\\/\",\"url\":\"https:\\\/\\\/shop.bantam.ch\\\/de\\\/produkt\\\/reisemobil-vorzelte-motor-grande-air-pro-390-s-235-250-cm-390-x-300-cm-97-x-45-cm-29-kg\\\/\",\"name\":\"Reisemobil-Vorzelte - Motor Grande AIR Pro 390 S 235 - 250 cm 390 x 300 cm 97 x 45 cm 29 kg - Bantam Camping AG\",\"isPartOf\":{\"@id\":\"https:\\\/\\\/shop.bantam.ch\\\/de\\\/#website\"},\"primaryImageOfPage\":{\"@id\":\"https:\\\/\\\/shop.bantam.ch\\\/de\\\/produkt\\\/reisemobil-vorzelte-motor-grande-air-pro-390-s-235-250-cm-390-x-300-cm-97-x-45-cm-29-kg\\\/#primaryimage\"},\"image\":{\"@id\":\"https:\\\/\\\/shop.bantam.ch\\\/de\\\/produkt\\\/reisemobil-vorzelte-motor-grande-air-pro-390-s-235-250-cm-390-x-300-cm-97-x-45-cm-29-kg\\\/#primaryimage\"},\"thumbnailUrl\":\"https:\\\/\\\/shop.bantam.ch\\\/wp-content\\\/uploads\\\/2023\\\/03\\\/15019015-3-scaled.jpg\",\"datePublished\":\"2023-03-01T18:07:33+00:00\",\"dateModified\":\"2026-04-18T20:02:48+00:00\",\"breadcrumb\":{\"@id\":\"https:\\\/\\\/shop.bantam.ch\\\/de\\\/produkt\\\/reisemobil-vorzelte-motor-grande-air-pro-390-s-235-250-cm-390-x-300-cm-97-x-45-cm-29-kg\\\/#breadcrumb\"},\"inLanguage\":\"de\",\"potentialAction\":[{\"@type\":\"ReadAction\",\"target\":[\"https:\\\/\\\/shop.bantam.ch\\\/de\\\/produkt\\\/reisemobil-vorzelte-motor-grande-air-pro-390-s-235-250-cm-390-x-300-cm-97-x-45-cm-29-kg\\\/\"]}]},{\"@type\":\"ImageObject\",\"inLanguage\":\"de\",\"@id\":\"https:\\\/\\\/shop.bantam.ch\\\/de\\\/produkt\\\/reisemobil-vorzelte-motor-grande-air-pro-390-s-235-250-cm-390-x-300-cm-97-x-45-cm-29-kg\\\/#primaryimage\",\"url\":\"https:\\\/\\\/shop.bantam.ch\\\/wp-content\\\/uploads\\\/2023\\\/03\\\/15019015-3-scaled.jpg\",\"contentUrl\":\"https:\\\/\\\/shop.bantam.ch\\\/wp-content\\\/uploads\\\/2023\\\/03\\\/15019015-3-scaled.jpg\",\"width\":1669,\"height\":2048},{\"@type\":\"BreadcrumbList\",\"@id\":\"https:\\\/\\\/shop.bantam.ch\\\/de\\\/produkt\\\/reisemobil-vorzelte-motor-grande-air-pro-390-s-235-250-cm-390-x-300-cm-97-x-45-cm-29-kg\\\/#breadcrumb\",\"itemListElement\":[{\"@type\":\"ListItem\",\"position\":1,\"name\":\"Accueil\",\"item\":\"https:\\\/\\\/shop.bantam.ch\\\/de\\\/\"},{\"@type\":\"ListItem\",\"position\":2,\"name\":\"Shop\",\"item\":\"https:\\\/\\\/shop.bantam.ch\\\/de\\\/shop\\\/\"},{\"@type\":\"ListItem\",\"position\":3,\"name\":\"Reisemobil-Vorzelte &#8211; Motor Grande AIR Pro 390 S 235 &#8211; 250 cm 390 x 300 cm 97 x 45 cm 29 kg\"}]},{\"@type\":\"WebSite\",\"@id\":\"https:\\\/\\\/shop.bantam.ch\\\/de\\\/#website\",\"url\":\"https:\\\/\\\/shop.bantam.ch\\\/de\\\/\",\"name\":\"Bantam Camping AG\",\"description\":\"\",\"publisher\":{\"@id\":\"https:\\\/\\\/shop.bantam.ch\\\/de\\\/#organization\"},\"inLanguage\":\"de\"},{\"@type\":\"Organization\",\"@id\":\"https:\\\/\\\/shop.bantam.ch\\\/de\\\/#organization\",\"name\":\"Bantam Camping AG\",\"url\":\"https:\\\/\\\/shop.bantam.ch\\\/de\\\/\",\"logo\":{\"@type\":\"ImageObject\",\"inLanguage\":\"de\",\"@id\":\"https:\\\/\\\/shop.bantam.ch\\\/de\\\/#\\\/schema\\\/logo\\\/image\\\/\",\"url\":\"https:\\\/\\\/shop.bantam.ch\\\/wp-content\\\/uploads\\\/2022\\\/12\\\/bantam-logo.png\",\"contentUrl\":\"https:\\\/\\\/shop.bantam.ch\\\/wp-content\\\/uploads\\\/2022\\\/12\\\/bantam-logo.png\",\"width\":320,\"height\":71,\"caption\":\"Bantam Camping AG\"},\"image\":{\"@id\":\"https:\\\/\\\/shop.bantam.ch\\\/de\\\/#\\\/schema\\\/logo\\\/image\\\/\"}}]}<\/script>\n<!-- \/ Yoast SEO plugin. -->","yoast_head_json":{"title":"Reisemobil-Vorzelte - Motor Grande AIR Pro 390 S 235 - 250 cm 390 x 300 cm 97 x 45 cm 29 kg - Bantam Camping AG","robots":{"index":"index","follow":"follow","max-snippet":"max-snippet:-1","max-image-preview":"max-image-preview:large","max-video-preview":"max-video-preview:-1"},"canonical":"https:\/\/shop.bantam.ch\/de\/produkt\/reisemobil-vorzelte-motor-grande-air-pro-390-s-235-250-cm-390-x-300-cm-97-x-45-cm-29-kg\/","og_locale":"de_DE","og_type":"article","og_title":"Reisemobil-Vorzelte - Motor Grande AIR Pro 390 S 235 - 250 cm 390 x 300 cm 97 x 45 cm 29 kg - Bantam Camping AG","og_description":"Motor Grande AIR Pro mehr Tiefe, zus\u00e4tzlicher Platz Das Motor Grande AIR Pro, eine Produktneuheit in der Kollektion f\u00fcr 2020, vereint alle Vorteile unserer beliebten Rally AIR-Modelle, den meistverkauften aufblasbaren Vorzelten in Europa, ist jedoch sensationelle drei Meter tief. Zusammen mit unserem Dual-Pitch-Dachsystem wird auf diese Weise sichergestellt, dass Sie das gesamte Vorzelt nutzen k\u00f6nnen. [&hellip;]","og_url":"https:\/\/shop.bantam.ch\/de\/produkt\/reisemobil-vorzelte-motor-grande-air-pro-390-s-235-250-cm-390-x-300-cm-97-x-45-cm-29-kg\/","og_site_name":"Bantam Camping AG","article_modified_time":"2026-04-18T20:02:48+00:00","og_image":[{"url":"https:\/\/shop.bantam.ch\/wp-content\/uploads\/2023\/03\/15019015-3-scaled.jpg","width":834,"height":1024,"type":"image\/jpeg"}],"twitter_card":"summary_large_image","twitter_misc":{"Gesch\u00e4tzte Lesezeit":"1\u00a0Minute"},"schema":{"@context":"https:\/\/schema.org","@graph":[{"@type":"WebPage","@id":"https:\/\/shop.bantam.ch\/de\/produkt\/reisemobil-vorzelte-motor-grande-air-pro-390-s-235-250-cm-390-x-300-cm-97-x-45-cm-29-kg\/","url":"https:\/\/shop.bantam.ch\/de\/produkt\/reisemobil-vorzelte-motor-grande-air-pro-390-s-235-250-cm-390-x-300-cm-97-x-45-cm-29-kg\/","name":"Reisemobil-Vorzelte - Motor Grande AIR Pro 390 S 235 - 250 cm 390 x 300 cm 97 x 45 cm 29 kg - Bantam Camping AG","isPartOf":{"@id":"https:\/\/shop.bantam.ch\/de\/#website"},"primaryImageOfPage":{"@id":"https:\/\/shop.bantam.ch\/de\/produkt\/reisemobil-vorzelte-motor-grande-air-pro-390-s-235-250-cm-390-x-300-cm-97-x-45-cm-29-kg\/#primaryimage"},"image":{"@id":"https:\/\/shop.bantam.ch\/de\/produkt\/reisemobil-vorzelte-motor-grande-air-pro-390-s-235-250-cm-390-x-300-cm-97-x-45-cm-29-kg\/#primaryimage"},"thumbnailUrl":"https:\/\/shop.bantam.ch\/wp-content\/uploads\/2023\/03\/15019015-3-scaled.jpg","datePublished":"2023-03-01T18:07:33+00:00","dateModified":"2026-04-18T20:02:48+00:00","breadcrumb":{"@id":"https:\/\/shop.bantam.ch\/de\/produkt\/reisemobil-vorzelte-motor-grande-air-pro-390-s-235-250-cm-390-x-300-cm-97-x-45-cm-29-kg\/#breadcrumb"},"inLanguage":"de","potentialAction":[{"@type":"ReadAction","target":["https:\/\/shop.bantam.ch\/de\/produkt\/reisemobil-vorzelte-motor-grande-air-pro-390-s-235-250-cm-390-x-300-cm-97-x-45-cm-29-kg\/"]}]},{"@type":"ImageObject","inLanguage":"de","@id":"https:\/\/shop.bantam.ch\/de\/produkt\/reisemobil-vorzelte-motor-grande-air-pro-390-s-235-250-cm-390-x-300-cm-97-x-45-cm-29-kg\/#primaryimage","url":"https:\/\/shop.bantam.ch\/wp-content\/uploads\/2023\/03\/15019015-3-scaled.jpg","contentUrl":"https:\/\/shop.bantam.ch\/wp-content\/uploads\/2023\/03\/15019015-3-scaled.jpg","width":1669,"height":2048},{"@type":"BreadcrumbList","@id":"https:\/\/shop.bantam.ch\/de\/produkt\/reisemobil-vorzelte-motor-grande-air-pro-390-s-235-250-cm-390-x-300-cm-97-x-45-cm-29-kg\/#breadcrumb","itemListElement":[{"@type":"ListItem","position":1,"name":"Accueil","item":"https:\/\/shop.bantam.ch\/de\/"},{"@type":"ListItem","position":2,"name":"Shop","item":"https:\/\/shop.bantam.ch\/de\/shop\/"},{"@type":"ListItem","position":3,"name":"Reisemobil-Vorzelte &#8211; Motor Grande AIR Pro 390 S 235 &#8211; 250 cm 390 x 300 cm 97 x 45 cm 29 kg"}]},{"@type":"WebSite","@id":"https:\/\/shop.bantam.ch\/de\/#website","url":"https:\/\/shop.bantam.ch\/de\/","name":"Bantam Camping AG","description":"","publisher":{"@id":"https:\/\/shop.bantam.ch\/de\/#organization"},"inLanguage":"de"},{"@type":"Organization","@id":"https:\/\/shop.bantam.ch\/de\/#organization","name":"Bantam Camping AG","url":"https:\/\/shop.bantam.ch\/de\/","logo":{"@type":"ImageObject","inLanguage":"de","@id":"https:\/\/shop.bantam.ch\/de\/#\/schema\/logo\/image\/","url":"https:\/\/shop.bantam.ch\/wp-content\/uploads\/2022\/12\/bantam-logo.png","contentUrl":"https:\/\/shop.bantam.ch\/wp-content\/uploads\/2022\/12\/bantam-logo.png","width":320,"height":71,"caption":"Bantam Camping AG"},"image":{"@id":"https:\/\/shop.bantam.ch\/de\/#\/schema\/logo\/image\/"}}]}},"_links":{"self":[{"href":"https:\/\/shop.bantam.ch\/de\/wp-json\/wp\/v2\/product\/137130","targetHints":{"allow":["GET"]}}],"collection":[{"href":"https:\/\/shop.bantam.ch\/de\/wp-json\/wp\/v2\/product"}],"about":[{"href":"https:\/\/shop.bantam.ch\/de\/wp-json\/wp\/v2\/types\/product"}],"wp:featuredmedia":[{"embeddable":true,"href":"https:\/\/shop.bantam.ch\/de\/wp-json\/wp\/v2\/media\/137128"}],"wp:attachment":[{"href":"https:\/\/shop.bantam.ch\/de\/wp-json\/wp\/v2\/media?parent=137130"}],"wp:term":[{"taxonomy":"product_featured_cat","embeddable":true,"href":"https:\/\/shop.bantam.ch\/de\/wp-json\/wp\/v2\/product_featured_cat?post=137130"},{"taxonomy":"product_brand","embeddable":true,"href":"https:\/\/shop.bantam.ch\/de\/wp-json\/wp\/v2\/product_brand?post=137130"},{"taxonomy":"product_cat","embeddable":true,"href":"https:\/\/shop.bantam.ch\/de\/wp-json\/wp\/v2\/product_cat?post=137130"},{"taxonomy":"product_tag","embeddable":true,"href":"https:\/\/shop.bantam.ch\/de\/wp-json\/wp\/v2\/product_tag?post=137130"}],"curies":[{"name":"wp","href":"https:\/\/api.w.org\/{rel}","templated":true}]}}