{"id":136979,"date":"2023-03-01T19:04:16","date_gmt":"2023-03-01T18:04:16","guid":{"rendered":"https:\/\/shop.bantam.ch\/produit\/koch-buecher-omnia-kuchen-und-brot-backen-band-1\/"},"modified":"2026-05-11T21:58:52","modified_gmt":"2026-05-11T19:58:52","slug":"koch-buecher-omnia-kuchen-und-brot-backen-band-1","status":"publish","type":"product","link":"https:\/\/shop.bantam.ch\/de\/produkt\/koch-buecher-omnia-kuchen-und-brot-backen-band-1\/","title":{"rendered":"Koch-B\u00fccher Omnia &#8211; Kuchen und Brot backen Band 1"},"content":{"rendered":"<p><strong>K\u00d6STLICHE KUCHEN IM HANDUMDREHEN!<\/strong><\/p>\n<p>Selbstgemachter Kuchen ist kein aufw\u00e4ndiges Unterfangen. Unsere Rezepte sind schnell und unkompliziert und lassen sich damit leicht in den Ferienalltag integrieren.<\/p>\n<p>In diesem Backbuch findest du viele tolle Kuchen und Brot Rezepte speziell optimiert f\u00fcr den Camping Urlaub mit dem Omnia Backofen. Alle Rezepte lassen sich einfach zubereiten und sind dennoch sehr abwechslungsreich.<\/p>\n<p>Wir w\u00fcnschen dir gutes Gelingen und viel Freude mit unseren Kuchen- und Brotlieblingen!<\/p>\n","protected":false},"excerpt":{"rendered":"<p>K\u00d6STLICHE KUCHEN IM HANDUMDREHEN! Selbstgemachter Kuchen ist kein aufw\u00e4ndiges Unterfangen. Unsere Rezepte sind schnell und unkompliziert und lassen sich damit leicht in den Ferienalltag integrieren. In diesem Backbuch findest du viele tolle Kuchen und Brot Rezepte speziell optimiert f\u00fcr den Camping Urlaub mit dem Omnia Backofen. Alle Rezepte lassen sich einfach zubereiten und sind dennoch [&hellip;]<\/p>\n","protected":false},"featured_media":136977,"template":"","meta":{"_acf_changed":false},"product_featured_cat":[],"product_brand":[3293],"product_cat":[4348],"product_tag":[],"class_list":{"0":"post-136979","1":"product","2":"type-product","3":"status-publish","4":"has-post-thumbnail","6":"product_brand-omnia-de","7":"product_cat-kochbuecher","9":"first","10":"instock","11":"taxable","12":"shipping-taxable","13":"purchasable","14":"product-type-simple"},"acf":[],"yoast_head":"<!-- This site is optimized with the Yoast SEO plugin v27.5 - https:\/\/yoast.com\/product\/yoast-seo-wordpress\/ -->\n<title>Koch-B\u00fccher Omnia - Kuchen und Brot backen Band 1 - Bantam<\/title>\n<meta name=\"robots\" content=\"index, follow, max-snippet:-1, max-image-preview:large, max-video-preview:-1\" \/>\n<link rel=\"canonical\" href=\"https:\/\/shop.bantam.ch\/de\/produkt\/koch-buecher-omnia-kuchen-und-brot-backen-band-1\/\" \/>\n<meta property=\"og:locale\" content=\"de_DE\" \/>\n<meta property=\"og:type\" content=\"article\" \/>\n<meta property=\"og:title\" content=\"Koch-B\u00fccher Omnia - Kuchen und Brot backen Band 1 - Bantam\" \/>\n<meta property=\"og:description\" content=\"K\u00d6STLICHE KUCHEN IM HANDUMDREHEN! Selbstgemachter Kuchen ist kein aufw\u00e4ndiges Unterfangen. Unsere Rezepte sind schnell und unkompliziert und lassen sich damit leicht in den Ferienalltag integrieren. In diesem Backbuch findest du viele tolle Kuchen und Brot Rezepte speziell optimiert f\u00fcr den Camping Urlaub mit dem Omnia Backofen. Alle Rezepte lassen sich einfach zubereiten und sind dennoch [&hellip;]\" \/>\n<meta property=\"og:url\" content=\"https:\/\/shop.bantam.ch\/de\/produkt\/koch-buecher-omnia-kuchen-und-brot-backen-band-1\/\" \/>\n<meta property=\"og:site_name\" content=\"Bantam\" \/>\n<meta property=\"article:modified_time\" content=\"2026-05-11T19:58:52+00:00\" \/>\n<meta property=\"og:image\" content=\"https:\/\/shop.bantam.ch\/wp-content\/uploads\/2023\/03\/91120002_Buch_Band1_Kuchen_und_Brot_backen_im_Outdoor_Backofen-scaled.jpg\" \/>\n\t<meta property=\"og:image:width\" content=\"964\" \/>\n\t<meta property=\"og:image:height\" content=\"1024\" \/>\n\t<meta property=\"og:image:type\" content=\"image\/jpeg\" \/>\n<meta name=\"twitter:card\" content=\"summary_large_image\" \/>\n<script type=\"application\/ld+json\" class=\"yoast-schema-graph\">{\"@context\":\"https:\\\/\\\/schema.org\",\"@graph\":[{\"@type\":\"WebPage\",\"@id\":\"https:\\\/\\\/shop.bantam.ch\\\/de\\\/produkt\\\/koch-buecher-omnia-kuchen-und-brot-backen-band-1\\\/\",\"url\":\"https:\\\/\\\/shop.bantam.ch\\\/de\\\/produkt\\\/koch-buecher-omnia-kuchen-und-brot-backen-band-1\\\/\",\"name\":\"Koch-B\u00fccher Omnia - Kuchen und Brot backen Band 1 - Bantam\",\"isPartOf\":{\"@id\":\"https:\\\/\\\/shop.bantam.ch\\\/de\\\/#website\"},\"primaryImageOfPage\":{\"@id\":\"https:\\\/\\\/shop.bantam.ch\\\/de\\\/produkt\\\/koch-buecher-omnia-kuchen-und-brot-backen-band-1\\\/#primaryimage\"},\"image\":{\"@id\":\"https:\\\/\\\/shop.bantam.ch\\\/de\\\/produkt\\\/koch-buecher-omnia-kuchen-und-brot-backen-band-1\\\/#primaryimage\"},\"thumbnailUrl\":\"https:\\\/\\\/shop.bantam.ch\\\/wp-content\\\/uploads\\\/2023\\\/03\\\/91120002_Buch_Band1_Kuchen_und_Brot_backen_im_Outdoor_Backofen-scaled.jpg\",\"datePublished\":\"2023-03-01T18:04:16+00:00\",\"dateModified\":\"2026-05-11T19:58:52+00:00\",\"breadcrumb\":{\"@id\":\"https:\\\/\\\/shop.bantam.ch\\\/de\\\/produkt\\\/koch-buecher-omnia-kuchen-und-brot-backen-band-1\\\/#breadcrumb\"},\"inLanguage\":\"de\",\"potentialAction\":[{\"@type\":\"ReadAction\",\"target\":[\"https:\\\/\\\/shop.bantam.ch\\\/de\\\/produkt\\\/koch-buecher-omnia-kuchen-und-brot-backen-band-1\\\/\"]}]},{\"@type\":\"ImageObject\",\"inLanguage\":\"de\",\"@id\":\"https:\\\/\\\/shop.bantam.ch\\\/de\\\/produkt\\\/koch-buecher-omnia-kuchen-und-brot-backen-band-1\\\/#primaryimage\",\"url\":\"https:\\\/\\\/shop.bantam.ch\\\/wp-content\\\/uploads\\\/2023\\\/03\\\/91120002_Buch_Band1_Kuchen_und_Brot_backen_im_Outdoor_Backofen-scaled.jpg\",\"contentUrl\":\"https:\\\/\\\/shop.bantam.ch\\\/wp-content\\\/uploads\\\/2023\\\/03\\\/91120002_Buch_Band1_Kuchen_und_Brot_backen_im_Outdoor_Backofen-scaled.jpg\",\"width\":1928,\"height\":2048},{\"@type\":\"BreadcrumbList\",\"@id\":\"https:\\\/\\\/shop.bantam.ch\\\/de\\\/produkt\\\/koch-buecher-omnia-kuchen-und-brot-backen-band-1\\\/#breadcrumb\",\"itemListElement\":[{\"@type\":\"ListItem\",\"position\":1,\"name\":\"Accueil\",\"item\":\"https:\\\/\\\/shop.bantam.ch\\\/de\\\/\"},{\"@type\":\"ListItem\",\"position\":2,\"name\":\"Shop\",\"item\":\"https:\\\/\\\/shop.bantam.ch\\\/de\\\/shop\\\/\"},{\"@type\":\"ListItem\",\"position\":3,\"name\":\"Koch-B\u00fccher Omnia &#8211; Kuchen und Brot backen Band 1\"}]},{\"@type\":\"WebSite\",\"@id\":\"https:\\\/\\\/shop.bantam.ch\\\/de\\\/#website\",\"url\":\"https:\\\/\\\/shop.bantam.ch\\\/de\\\/\",\"name\":\"Bantam\",\"description\":\"\",\"publisher\":{\"@id\":\"https:\\\/\\\/shop.bantam.ch\\\/de\\\/#organization\"},\"inLanguage\":\"de\"},{\"@type\":\"Organization\",\"@id\":\"https:\\\/\\\/shop.bantam.ch\\\/de\\\/#organization\",\"name\":\"Bantam\",\"url\":\"https:\\\/\\\/shop.bantam.ch\\\/de\\\/\",\"logo\":{\"@type\":\"ImageObject\",\"inLanguage\":\"de\",\"@id\":\"https:\\\/\\\/shop.bantam.ch\\\/de\\\/#\\\/schema\\\/logo\\\/image\\\/\",\"url\":\"https:\\\/\\\/shop.bantam.ch\\\/wp-content\\\/uploads\\\/2022\\\/12\\\/bantam-logo.png\",\"contentUrl\":\"https:\\\/\\\/shop.bantam.ch\\\/wp-content\\\/uploads\\\/2022\\\/12\\\/bantam-logo.png\",\"width\":320,\"height\":71,\"caption\":\"Bantam\"},\"image\":{\"@id\":\"https:\\\/\\\/shop.bantam.ch\\\/de\\\/#\\\/schema\\\/logo\\\/image\\\/\"}}]}<\/script>\n<!-- \/ Yoast SEO plugin. -->","yoast_head_json":{"title":"Koch-B\u00fccher Omnia - Kuchen und Brot backen Band 1 - Bantam","robots":{"index":"index","follow":"follow","max-snippet":"max-snippet:-1","max-image-preview":"max-image-preview:large","max-video-preview":"max-video-preview:-1"},"canonical":"https:\/\/shop.bantam.ch\/de\/produkt\/koch-buecher-omnia-kuchen-und-brot-backen-band-1\/","og_locale":"de_DE","og_type":"article","og_title":"Koch-B\u00fccher Omnia - Kuchen und Brot backen Band 1 - Bantam","og_description":"K\u00d6STLICHE KUCHEN IM HANDUMDREHEN! Selbstgemachter Kuchen ist kein aufw\u00e4ndiges Unterfangen. Unsere Rezepte sind schnell und unkompliziert und lassen sich damit leicht in den Ferienalltag integrieren. In diesem Backbuch findest du viele tolle Kuchen und Brot Rezepte speziell optimiert f\u00fcr den Camping Urlaub mit dem Omnia Backofen. Alle Rezepte lassen sich einfach zubereiten und sind dennoch [&hellip;]","og_url":"https:\/\/shop.bantam.ch\/de\/produkt\/koch-buecher-omnia-kuchen-und-brot-backen-band-1\/","og_site_name":"Bantam","article_modified_time":"2026-05-11T19:58:52+00:00","og_image":[{"url":"https:\/\/shop.bantam.ch\/wp-content\/uploads\/2023\/03\/91120002_Buch_Band1_Kuchen_und_Brot_backen_im_Outdoor_Backofen-scaled.jpg","width":964,"height":1024,"type":"image\/jpeg"}],"twitter_card":"summary_large_image","schema":{"@context":"https:\/\/schema.org","@graph":[{"@type":"WebPage","@id":"https:\/\/shop.bantam.ch\/de\/produkt\/koch-buecher-omnia-kuchen-und-brot-backen-band-1\/","url":"https:\/\/shop.bantam.ch\/de\/produkt\/koch-buecher-omnia-kuchen-und-brot-backen-band-1\/","name":"Koch-B\u00fccher Omnia - Kuchen und Brot backen Band 1 - Bantam","isPartOf":{"@id":"https:\/\/shop.bantam.ch\/de\/#website"},"primaryImageOfPage":{"@id":"https:\/\/shop.bantam.ch\/de\/produkt\/koch-buecher-omnia-kuchen-und-brot-backen-band-1\/#primaryimage"},"image":{"@id":"https:\/\/shop.bantam.ch\/de\/produkt\/koch-buecher-omnia-kuchen-und-brot-backen-band-1\/#primaryimage"},"thumbnailUrl":"https:\/\/shop.bantam.ch\/wp-content\/uploads\/2023\/03\/91120002_Buch_Band1_Kuchen_und_Brot_backen_im_Outdoor_Backofen-scaled.jpg","datePublished":"2023-03-01T18:04:16+00:00","dateModified":"2026-05-11T19:58:52+00:00","breadcrumb":{"@id":"https:\/\/shop.bantam.ch\/de\/produkt\/koch-buecher-omnia-kuchen-und-brot-backen-band-1\/#breadcrumb"},"inLanguage":"de","potentialAction":[{"@type":"ReadAction","target":["https:\/\/shop.bantam.ch\/de\/produkt\/koch-buecher-omnia-kuchen-und-brot-backen-band-1\/"]}]},{"@type":"ImageObject","inLanguage":"de","@id":"https:\/\/shop.bantam.ch\/de\/produkt\/koch-buecher-omnia-kuchen-und-brot-backen-band-1\/#primaryimage","url":"https:\/\/shop.bantam.ch\/wp-content\/uploads\/2023\/03\/91120002_Buch_Band1_Kuchen_und_Brot_backen_im_Outdoor_Backofen-scaled.jpg","contentUrl":"https:\/\/shop.bantam.ch\/wp-content\/uploads\/2023\/03\/91120002_Buch_Band1_Kuchen_und_Brot_backen_im_Outdoor_Backofen-scaled.jpg","width":1928,"height":2048},{"@type":"BreadcrumbList","@id":"https:\/\/shop.bantam.ch\/de\/produkt\/koch-buecher-omnia-kuchen-und-brot-backen-band-1\/#breadcrumb","itemListElement":[{"@type":"ListItem","position":1,"name":"Accueil","item":"https:\/\/shop.bantam.ch\/de\/"},{"@type":"ListItem","position":2,"name":"Shop","item":"https:\/\/shop.bantam.ch\/de\/shop\/"},{"@type":"ListItem","position":3,"name":"Koch-B\u00fccher Omnia &#8211; Kuchen und Brot backen Band 1"}]},{"@type":"WebSite","@id":"https:\/\/shop.bantam.ch\/de\/#website","url":"https:\/\/shop.bantam.ch\/de\/","name":"Bantam","description":"","publisher":{"@id":"https:\/\/shop.bantam.ch\/de\/#organization"},"inLanguage":"de"},{"@type":"Organization","@id":"https:\/\/shop.bantam.ch\/de\/#organization","name":"Bantam","url":"https:\/\/shop.bantam.ch\/de\/","logo":{"@type":"ImageObject","inLanguage":"de","@id":"https:\/\/shop.bantam.ch\/de\/#\/schema\/logo\/image\/","url":"https:\/\/shop.bantam.ch\/wp-content\/uploads\/2022\/12\/bantam-logo.png","contentUrl":"https:\/\/shop.bantam.ch\/wp-content\/uploads\/2022\/12\/bantam-logo.png","width":320,"height":71,"caption":"Bantam"},"image":{"@id":"https:\/\/shop.bantam.ch\/de\/#\/schema\/logo\/image\/"}}]}},"_links":{"self":[{"href":"https:\/\/shop.bantam.ch\/de\/wp-json\/wp\/v2\/product\/136979","targetHints":{"allow":["GET"]}}],"collection":[{"href":"https:\/\/shop.bantam.ch\/de\/wp-json\/wp\/v2\/product"}],"about":[{"href":"https:\/\/shop.bantam.ch\/de\/wp-json\/wp\/v2\/types\/product"}],"wp:featuredmedia":[{"embeddable":true,"href":"https:\/\/shop.bantam.ch\/de\/wp-json\/wp\/v2\/media\/136977"}],"wp:attachment":[{"href":"https:\/\/shop.bantam.ch\/de\/wp-json\/wp\/v2\/media?parent=136979"}],"wp:term":[{"taxonomy":"product_featured_cat","embeddable":true,"href":"https:\/\/shop.bantam.ch\/de\/wp-json\/wp\/v2\/product_featured_cat?post=136979"},{"taxonomy":"product_brand","embeddable":true,"href":"https:\/\/shop.bantam.ch\/de\/wp-json\/wp\/v2\/product_brand?post=136979"},{"taxonomy":"product_cat","embeddable":true,"href":"https:\/\/shop.bantam.ch\/de\/wp-json\/wp\/v2\/product_cat?post=136979"},{"taxonomy":"product_tag","embeddable":true,"href":"https:\/\/shop.bantam.ch\/de\/wp-json\/wp\/v2\/product_tag?post=136979"}],"curies":[{"name":"wp","href":"https:\/\/api.w.org\/{rel}","templated":true}]}}