{"id":136964,"date":"2023-03-01T19:03:53","date_gmt":"2023-03-01T18:03:53","guid":{"rendered":"https:\/\/shop.bantam.ch\/produit\/schlafkabine-zu-easy-travel\/"},"modified":"2026-04-17T22:01:04","modified_gmt":"2026-04-17T20:01:04","slug":"schlafkabine-zu-easy-travel","status":"publish","type":"product","link":"https:\/\/shop.bantam.ch\/de\/produkt\/schlafkabine-zu-easy-travel\/","title":{"rendered":"Schlafkabine zu Easy Travel"},"content":{"rendered":"<p class=\"MsoNormal\"><span style=\"font-size: 12.0pt;line-height: 107%\" lang=\"DE-CH\">Das perfekte G\u00e4stezimmer. Mit der komfortablen Schlafkabine erweitern Sie Ihren Wohnraum im Handumdrehen um 2 komfortable Schlafpl\u00e4tze. Perfekt auch f\u00fcr Familien mit Kindern oder wenn sich f\u00fcrs lange Wochenende Besuch ank\u00fcndigt. Die Schlafkabine hat ein kleines Packma\u00df und sollte bei keiner Camping-Reise fehlen. Passend f\u00fcr\u00a0Easy Travel II, Travel Light.<\/span><\/p>\n","protected":false},"excerpt":{"rendered":"<p>Das perfekte G\u00e4stezimmer. Mit der komfortablen Schlafkabine erweitern Sie Ihren Wohnraum im Handumdrehen um 2 komfortable Schlafpl\u00e4tze. Perfekt auch f\u00fcr Familien mit Kindern oder wenn sich f\u00fcrs lange Wochenende Besuch ank\u00fcndigt. Die Schlafkabine hat ein kleines Packma\u00df und sollte bei keiner Camping-Reise fehlen. Passend f\u00fcr\u00a0Easy Travel II, Travel Light.<\/p>\n","protected":false},"featured_media":136962,"template":"","meta":{"_acf_changed":false},"product_featured_cat":[],"product_brand":[3033],"product_cat":[4262],"product_tag":[],"class_list":{"0":"post-136964","1":"product","2":"type-product","3":"status-publish","4":"has-post-thumbnail","6":"product_brand-standard-de","7":"product_cat-zeltteppiche-boeden","9":"first","10":"instock","11":"sale","12":"taxable","13":"shipping-taxable","14":"purchasable","15":"product-type-simple"},"acf":[],"yoast_head":"<!-- This site is optimized with the Yoast SEO plugin v27.4 - https:\/\/yoast.com\/product\/yoast-seo-wordpress\/ -->\n<title>Schlafkabine zu Easy Travel - Bantam Camping AG<\/title>\n<meta name=\"robots\" content=\"index, follow, max-snippet:-1, max-image-preview:large, max-video-preview:-1\" \/>\n<link rel=\"canonical\" href=\"https:\/\/shop.bantam.ch\/de\/produkt\/schlafkabine-zu-easy-travel\/\" \/>\n<meta property=\"og:locale\" content=\"de_DE\" \/>\n<meta property=\"og:type\" content=\"article\" \/>\n<meta property=\"og:title\" content=\"Schlafkabine zu Easy Travel - Bantam Camping AG\" \/>\n<meta property=\"og:description\" content=\"Das perfekte G\u00e4stezimmer. Mit der komfortablen Schlafkabine erweitern Sie Ihren Wohnraum im Handumdrehen um 2 komfortable Schlafpl\u00e4tze. Perfekt auch f\u00fcr Familien mit Kindern oder wenn sich f\u00fcrs lange Wochenende Besuch ank\u00fcndigt. Die Schlafkabine hat ein kleines Packma\u00df und sollte bei keiner Camping-Reise fehlen. Passend f\u00fcr\u00a0Easy Travel II, Travel Light.\" \/>\n<meta property=\"og:url\" content=\"https:\/\/shop.bantam.ch\/de\/produkt\/schlafkabine-zu-easy-travel\/\" \/>\n<meta property=\"og:site_name\" content=\"Bantam Camping AG\" \/>\n<meta property=\"article:modified_time\" content=\"2026-04-17T20:01:04+00:00\" \/>\n<meta property=\"og:image\" content=\"https:\/\/shop.bantam.ch\/wp-content\/uploads\/2023\/03\/kampafG8lMA41nc5HB.png\" \/>\n\t<meta property=\"og:image:width\" content=\"333\" \/>\n\t<meta property=\"og:image:height\" content=\"501\" \/>\n\t<meta property=\"og:image:type\" content=\"image\/png\" \/>\n<meta name=\"twitter:card\" content=\"summary_large_image\" \/>\n<script type=\"application\/ld+json\" class=\"yoast-schema-graph\">{\"@context\":\"https:\\\/\\\/schema.org\",\"@graph\":[{\"@type\":\"WebPage\",\"@id\":\"https:\\\/\\\/shop.bantam.ch\\\/de\\\/produkt\\\/schlafkabine-zu-easy-travel\\\/\",\"url\":\"https:\\\/\\\/shop.bantam.ch\\\/de\\\/produkt\\\/schlafkabine-zu-easy-travel\\\/\",\"name\":\"Schlafkabine zu Easy Travel - Bantam Camping AG\",\"isPartOf\":{\"@id\":\"https:\\\/\\\/shop.bantam.ch\\\/de\\\/#website\"},\"primaryImageOfPage\":{\"@id\":\"https:\\\/\\\/shop.bantam.ch\\\/de\\\/produkt\\\/schlafkabine-zu-easy-travel\\\/#primaryimage\"},\"image\":{\"@id\":\"https:\\\/\\\/shop.bantam.ch\\\/de\\\/produkt\\\/schlafkabine-zu-easy-travel\\\/#primaryimage\"},\"thumbnailUrl\":\"https:\\\/\\\/shop.bantam.ch\\\/wp-content\\\/uploads\\\/2023\\\/03\\\/kampafG8lMA41nc5HB.png\",\"datePublished\":\"2023-03-01T18:03:53+00:00\",\"dateModified\":\"2026-04-17T20:01:04+00:00\",\"breadcrumb\":{\"@id\":\"https:\\\/\\\/shop.bantam.ch\\\/de\\\/produkt\\\/schlafkabine-zu-easy-travel\\\/#breadcrumb\"},\"inLanguage\":\"de\",\"potentialAction\":[{\"@type\":\"ReadAction\",\"target\":[\"https:\\\/\\\/shop.bantam.ch\\\/de\\\/produkt\\\/schlafkabine-zu-easy-travel\\\/\"]}]},{\"@type\":\"ImageObject\",\"inLanguage\":\"de\",\"@id\":\"https:\\\/\\\/shop.bantam.ch\\\/de\\\/produkt\\\/schlafkabine-zu-easy-travel\\\/#primaryimage\",\"url\":\"https:\\\/\\\/shop.bantam.ch\\\/wp-content\\\/uploads\\\/2023\\\/03\\\/kampafG8lMA41nc5HB.png\",\"contentUrl\":\"https:\\\/\\\/shop.bantam.ch\\\/wp-content\\\/uploads\\\/2023\\\/03\\\/kampafG8lMA41nc5HB.png\",\"width\":333,\"height\":501},{\"@type\":\"BreadcrumbList\",\"@id\":\"https:\\\/\\\/shop.bantam.ch\\\/de\\\/produkt\\\/schlafkabine-zu-easy-travel\\\/#breadcrumb\",\"itemListElement\":[{\"@type\":\"ListItem\",\"position\":1,\"name\":\"Accueil\",\"item\":\"https:\\\/\\\/shop.bantam.ch\\\/de\\\/\"},{\"@type\":\"ListItem\",\"position\":2,\"name\":\"Shop\",\"item\":\"https:\\\/\\\/shop.bantam.ch\\\/de\\\/shop\\\/\"},{\"@type\":\"ListItem\",\"position\":3,\"name\":\"Schlafkabine zu Easy Travel\"}]},{\"@type\":\"WebSite\",\"@id\":\"https:\\\/\\\/shop.bantam.ch\\\/de\\\/#website\",\"url\":\"https:\\\/\\\/shop.bantam.ch\\\/de\\\/\",\"name\":\"Bantam Camping AG\",\"description\":\"\",\"publisher\":{\"@id\":\"https:\\\/\\\/shop.bantam.ch\\\/de\\\/#organization\"},\"inLanguage\":\"de\"},{\"@type\":\"Organization\",\"@id\":\"https:\\\/\\\/shop.bantam.ch\\\/de\\\/#organization\",\"name\":\"Bantam Camping AG\",\"url\":\"https:\\\/\\\/shop.bantam.ch\\\/de\\\/\",\"logo\":{\"@type\":\"ImageObject\",\"inLanguage\":\"de\",\"@id\":\"https:\\\/\\\/shop.bantam.ch\\\/de\\\/#\\\/schema\\\/logo\\\/image\\\/\",\"url\":\"https:\\\/\\\/shop.bantam.ch\\\/wp-content\\\/uploads\\\/2022\\\/12\\\/bantam-logo.png\",\"contentUrl\":\"https:\\\/\\\/shop.bantam.ch\\\/wp-content\\\/uploads\\\/2022\\\/12\\\/bantam-logo.png\",\"width\":320,\"height\":71,\"caption\":\"Bantam Camping AG\"},\"image\":{\"@id\":\"https:\\\/\\\/shop.bantam.ch\\\/de\\\/#\\\/schema\\\/logo\\\/image\\\/\"}}]}<\/script>\n<!-- \/ Yoast SEO plugin. -->","yoast_head_json":{"title":"Schlafkabine zu Easy Travel - Bantam Camping AG","robots":{"index":"index","follow":"follow","max-snippet":"max-snippet:-1","max-image-preview":"max-image-preview:large","max-video-preview":"max-video-preview:-1"},"canonical":"https:\/\/shop.bantam.ch\/de\/produkt\/schlafkabine-zu-easy-travel\/","og_locale":"de_DE","og_type":"article","og_title":"Schlafkabine zu Easy Travel - Bantam Camping AG","og_description":"Das perfekte G\u00e4stezimmer. Mit der komfortablen Schlafkabine erweitern Sie Ihren Wohnraum im Handumdrehen um 2 komfortable Schlafpl\u00e4tze. Perfekt auch f\u00fcr Familien mit Kindern oder wenn sich f\u00fcrs lange Wochenende Besuch ank\u00fcndigt. Die Schlafkabine hat ein kleines Packma\u00df und sollte bei keiner Camping-Reise fehlen. Passend f\u00fcr\u00a0Easy Travel II, Travel Light.","og_url":"https:\/\/shop.bantam.ch\/de\/produkt\/schlafkabine-zu-easy-travel\/","og_site_name":"Bantam Camping AG","article_modified_time":"2026-04-17T20:01:04+00:00","og_image":[{"width":333,"height":501,"url":"https:\/\/shop.bantam.ch\/wp-content\/uploads\/2023\/03\/kampafG8lMA41nc5HB.png","type":"image\/png"}],"twitter_card":"summary_large_image","schema":{"@context":"https:\/\/schema.org","@graph":[{"@type":"WebPage","@id":"https:\/\/shop.bantam.ch\/de\/produkt\/schlafkabine-zu-easy-travel\/","url":"https:\/\/shop.bantam.ch\/de\/produkt\/schlafkabine-zu-easy-travel\/","name":"Schlafkabine zu Easy Travel - Bantam Camping AG","isPartOf":{"@id":"https:\/\/shop.bantam.ch\/de\/#website"},"primaryImageOfPage":{"@id":"https:\/\/shop.bantam.ch\/de\/produkt\/schlafkabine-zu-easy-travel\/#primaryimage"},"image":{"@id":"https:\/\/shop.bantam.ch\/de\/produkt\/schlafkabine-zu-easy-travel\/#primaryimage"},"thumbnailUrl":"https:\/\/shop.bantam.ch\/wp-content\/uploads\/2023\/03\/kampafG8lMA41nc5HB.png","datePublished":"2023-03-01T18:03:53+00:00","dateModified":"2026-04-17T20:01:04+00:00","breadcrumb":{"@id":"https:\/\/shop.bantam.ch\/de\/produkt\/schlafkabine-zu-easy-travel\/#breadcrumb"},"inLanguage":"de","potentialAction":[{"@type":"ReadAction","target":["https:\/\/shop.bantam.ch\/de\/produkt\/schlafkabine-zu-easy-travel\/"]}]},{"@type":"ImageObject","inLanguage":"de","@id":"https:\/\/shop.bantam.ch\/de\/produkt\/schlafkabine-zu-easy-travel\/#primaryimage","url":"https:\/\/shop.bantam.ch\/wp-content\/uploads\/2023\/03\/kampafG8lMA41nc5HB.png","contentUrl":"https:\/\/shop.bantam.ch\/wp-content\/uploads\/2023\/03\/kampafG8lMA41nc5HB.png","width":333,"height":501},{"@type":"BreadcrumbList","@id":"https:\/\/shop.bantam.ch\/de\/produkt\/schlafkabine-zu-easy-travel\/#breadcrumb","itemListElement":[{"@type":"ListItem","position":1,"name":"Accueil","item":"https:\/\/shop.bantam.ch\/de\/"},{"@type":"ListItem","position":2,"name":"Shop","item":"https:\/\/shop.bantam.ch\/de\/shop\/"},{"@type":"ListItem","position":3,"name":"Schlafkabine zu Easy Travel"}]},{"@type":"WebSite","@id":"https:\/\/shop.bantam.ch\/de\/#website","url":"https:\/\/shop.bantam.ch\/de\/","name":"Bantam Camping AG","description":"","publisher":{"@id":"https:\/\/shop.bantam.ch\/de\/#organization"},"inLanguage":"de"},{"@type":"Organization","@id":"https:\/\/shop.bantam.ch\/de\/#organization","name":"Bantam Camping AG","url":"https:\/\/shop.bantam.ch\/de\/","logo":{"@type":"ImageObject","inLanguage":"de","@id":"https:\/\/shop.bantam.ch\/de\/#\/schema\/logo\/image\/","url":"https:\/\/shop.bantam.ch\/wp-content\/uploads\/2022\/12\/bantam-logo.png","contentUrl":"https:\/\/shop.bantam.ch\/wp-content\/uploads\/2022\/12\/bantam-logo.png","width":320,"height":71,"caption":"Bantam Camping AG"},"image":{"@id":"https:\/\/shop.bantam.ch\/de\/#\/schema\/logo\/image\/"}}]}},"_links":{"self":[{"href":"https:\/\/shop.bantam.ch\/de\/wp-json\/wp\/v2\/product\/136964","targetHints":{"allow":["GET"]}}],"collection":[{"href":"https:\/\/shop.bantam.ch\/de\/wp-json\/wp\/v2\/product"}],"about":[{"href":"https:\/\/shop.bantam.ch\/de\/wp-json\/wp\/v2\/types\/product"}],"wp:featuredmedia":[{"embeddable":true,"href":"https:\/\/shop.bantam.ch\/de\/wp-json\/wp\/v2\/media\/136962"}],"wp:attachment":[{"href":"https:\/\/shop.bantam.ch\/de\/wp-json\/wp\/v2\/media?parent=136964"}],"wp:term":[{"taxonomy":"product_featured_cat","embeddable":true,"href":"https:\/\/shop.bantam.ch\/de\/wp-json\/wp\/v2\/product_featured_cat?post=136964"},{"taxonomy":"product_brand","embeddable":true,"href":"https:\/\/shop.bantam.ch\/de\/wp-json\/wp\/v2\/product_brand?post=136964"},{"taxonomy":"product_cat","embeddable":true,"href":"https:\/\/shop.bantam.ch\/de\/wp-json\/wp\/v2\/product_cat?post=136964"},{"taxonomy":"product_tag","embeddable":true,"href":"https:\/\/shop.bantam.ch\/de\/wp-json\/wp\/v2\/product_tag?post=136964"}],"curies":[{"name":"wp","href":"https:\/\/api.w.org\/{rel}","templated":true}]}}