{"id":136925,"date":"2023-03-01T19:02:26","date_gmt":"2023-03-01T18:02:26","guid":{"rendered":"https:\/\/shop.bantam.ch\/produit\/space-iv\/"},"modified":"2026-05-02T21:58:40","modified_gmt":"2026-05-02T19:58:40","slug":"space-iv","status":"publish","type":"product","link":"https:\/\/shop.bantam.ch\/de\/produkt\/space-iv\/","title":{"rendered":"SPACE IV"},"content":{"rendered":"<p>Gr\u00f6\u00dftes der Space-Modelle f\u00fcr 3-4 Personen.<br \/>\n2 Eing\u00e4nge &#8211; Flachkan\u00e4le &#8211; Volumenerweiterung<br \/>\ndurch Einsatz von Multipoles<br \/>\n(Gest\u00e4nge mit unterschiedlichen Durchmessern)<br \/>\nhervorragende Kopffreiheit\/Raumaufteilung<br \/>\nzus\u00e4tzliche Netzfenster-Bel\u00fcftung<br \/>\nInnenzelt separat aufstellbar.<br \/>\nWassers\u00e4ule: Stoff 5000 mm.<br \/>\nBoden 10000 mm.<br \/>\nGewicht: 4 Kg.<\/p>\n","protected":false},"excerpt":{"rendered":"<p>Gr\u00f6\u00dftes der Space-Modelle f\u00fcr 3-4 Personen. 2 Eing\u00e4nge &#8211; Flachkan\u00e4le &#8211; Volumenerweiterung durch Einsatz von Multipoles (Gest\u00e4nge mit unterschiedlichen Durchmessern) hervorragende Kopffreiheit\/Raumaufteilung zus\u00e4tzliche Netzfenster-Bel\u00fcftung Innenzelt separat aufstellbar. Wassers\u00e4ule: Stoff 5000 mm. Boden 10000 mm. Gewicht: 4 Kg.<\/p>\n","protected":false},"featured_media":136923,"template":"","meta":{"_acf_changed":false},"product_featured_cat":[],"product_brand":[3723],"product_cat":[4242],"product_tag":[],"class_list":{"0":"post-136925","1":"product","2":"type-product","3":"status-publish","4":"has-post-thumbnail","6":"product_brand-vaude-de","7":"product_cat-funktionszelte","9":"first","10":"instock","11":"sale","12":"taxable","13":"shipping-taxable","14":"purchasable","15":"product-type-simple"},"acf":[],"yoast_head":"<!-- This site is optimized with the Yoast SEO plugin v27.5 - https:\/\/yoast.com\/product\/yoast-seo-wordpress\/ -->\n<title>SPACE IV - Bantam<\/title>\n<meta name=\"robots\" content=\"index, follow, max-snippet:-1, max-image-preview:large, max-video-preview:-1\" \/>\n<link rel=\"canonical\" href=\"https:\/\/shop.bantam.ch\/de\/produkt\/space-iv\/\" \/>\n<meta property=\"og:locale\" content=\"de_DE\" \/>\n<meta property=\"og:type\" content=\"article\" \/>\n<meta property=\"og:title\" content=\"SPACE IV - Bantam\" \/>\n<meta property=\"og:description\" content=\"Gr\u00f6\u00dftes der Space-Modelle f\u00fcr 3-4 Personen. 2 Eing\u00e4nge &#8211; Flachkan\u00e4le &#8211; Volumenerweiterung durch Einsatz von Multipoles (Gest\u00e4nge mit unterschiedlichen Durchmessern) hervorragende Kopffreiheit\/Raumaufteilung zus\u00e4tzliche Netzfenster-Bel\u00fcftung Innenzelt separat aufstellbar. Wassers\u00e4ule: Stoff 5000 mm. Boden 10000 mm. Gewicht: 4 Kg.\" \/>\n<meta property=\"og:url\" content=\"https:\/\/shop.bantam.ch\/de\/produkt\/space-iv\/\" \/>\n<meta property=\"og:site_name\" content=\"Bantam\" \/>\n<meta property=\"article:modified_time\" content=\"2026-05-02T19:58:40+00:00\" \/>\n<meta property=\"og:image\" content=\"https:\/\/shop.bantam.ch\/wp-content\/uploads\/2023\/03\/11011009.jpg\" \/>\n\t<meta property=\"og:image:width\" content=\"1000\" \/>\n\t<meta property=\"og:image:height\" content=\"610\" \/>\n\t<meta property=\"og:image:type\" content=\"image\/jpeg\" \/>\n<meta name=\"twitter:card\" content=\"summary_large_image\" \/>\n<script type=\"application\/ld+json\" class=\"yoast-schema-graph\">{\"@context\":\"https:\\\/\\\/schema.org\",\"@graph\":[{\"@type\":\"WebPage\",\"@id\":\"https:\\\/\\\/shop.bantam.ch\\\/de\\\/produkt\\\/space-iv\\\/\",\"url\":\"https:\\\/\\\/shop.bantam.ch\\\/de\\\/produkt\\\/space-iv\\\/\",\"name\":\"SPACE IV - Bantam\",\"isPartOf\":{\"@id\":\"https:\\\/\\\/shop.bantam.ch\\\/de\\\/#website\"},\"primaryImageOfPage\":{\"@id\":\"https:\\\/\\\/shop.bantam.ch\\\/de\\\/produkt\\\/space-iv\\\/#primaryimage\"},\"image\":{\"@id\":\"https:\\\/\\\/shop.bantam.ch\\\/de\\\/produkt\\\/space-iv\\\/#primaryimage\"},\"thumbnailUrl\":\"https:\\\/\\\/shop.bantam.ch\\\/wp-content\\\/uploads\\\/2023\\\/03\\\/11011009.jpg\",\"datePublished\":\"2023-03-01T18:02:26+00:00\",\"dateModified\":\"2026-05-02T19:58:40+00:00\",\"breadcrumb\":{\"@id\":\"https:\\\/\\\/shop.bantam.ch\\\/de\\\/produkt\\\/space-iv\\\/#breadcrumb\"},\"inLanguage\":\"de\",\"potentialAction\":[{\"@type\":\"ReadAction\",\"target\":[\"https:\\\/\\\/shop.bantam.ch\\\/de\\\/produkt\\\/space-iv\\\/\"]}]},{\"@type\":\"ImageObject\",\"inLanguage\":\"de\",\"@id\":\"https:\\\/\\\/shop.bantam.ch\\\/de\\\/produkt\\\/space-iv\\\/#primaryimage\",\"url\":\"https:\\\/\\\/shop.bantam.ch\\\/wp-content\\\/uploads\\\/2023\\\/03\\\/11011009.jpg\",\"contentUrl\":\"https:\\\/\\\/shop.bantam.ch\\\/wp-content\\\/uploads\\\/2023\\\/03\\\/11011009.jpg\",\"width\":1000,\"height\":610},{\"@type\":\"BreadcrumbList\",\"@id\":\"https:\\\/\\\/shop.bantam.ch\\\/de\\\/produkt\\\/space-iv\\\/#breadcrumb\",\"itemListElement\":[{\"@type\":\"ListItem\",\"position\":1,\"name\":\"Accueil\",\"item\":\"https:\\\/\\\/shop.bantam.ch\\\/de\\\/\"},{\"@type\":\"ListItem\",\"position\":2,\"name\":\"Shop\",\"item\":\"https:\\\/\\\/shop.bantam.ch\\\/de\\\/shop\\\/\"},{\"@type\":\"ListItem\",\"position\":3,\"name\":\"SPACE IV\"}]},{\"@type\":\"WebSite\",\"@id\":\"https:\\\/\\\/shop.bantam.ch\\\/de\\\/#website\",\"url\":\"https:\\\/\\\/shop.bantam.ch\\\/de\\\/\",\"name\":\"Bantam\",\"description\":\"\",\"publisher\":{\"@id\":\"https:\\\/\\\/shop.bantam.ch\\\/de\\\/#organization\"},\"inLanguage\":\"de\"},{\"@type\":\"Organization\",\"@id\":\"https:\\\/\\\/shop.bantam.ch\\\/de\\\/#organization\",\"name\":\"Bantam\",\"url\":\"https:\\\/\\\/shop.bantam.ch\\\/de\\\/\",\"logo\":{\"@type\":\"ImageObject\",\"inLanguage\":\"de\",\"@id\":\"https:\\\/\\\/shop.bantam.ch\\\/de\\\/#\\\/schema\\\/logo\\\/image\\\/\",\"url\":\"https:\\\/\\\/shop.bantam.ch\\\/wp-content\\\/uploads\\\/2022\\\/12\\\/bantam-logo.png\",\"contentUrl\":\"https:\\\/\\\/shop.bantam.ch\\\/wp-content\\\/uploads\\\/2022\\\/12\\\/bantam-logo.png\",\"width\":320,\"height\":71,\"caption\":\"Bantam\"},\"image\":{\"@id\":\"https:\\\/\\\/shop.bantam.ch\\\/de\\\/#\\\/schema\\\/logo\\\/image\\\/\"}}]}<\/script>\n<!-- \/ Yoast SEO plugin. -->","yoast_head_json":{"title":"SPACE IV - Bantam","robots":{"index":"index","follow":"follow","max-snippet":"max-snippet:-1","max-image-preview":"max-image-preview:large","max-video-preview":"max-video-preview:-1"},"canonical":"https:\/\/shop.bantam.ch\/de\/produkt\/space-iv\/","og_locale":"de_DE","og_type":"article","og_title":"SPACE IV - Bantam","og_description":"Gr\u00f6\u00dftes der Space-Modelle f\u00fcr 3-4 Personen. 2 Eing\u00e4nge &#8211; Flachkan\u00e4le &#8211; Volumenerweiterung durch Einsatz von Multipoles (Gest\u00e4nge mit unterschiedlichen Durchmessern) hervorragende Kopffreiheit\/Raumaufteilung zus\u00e4tzliche Netzfenster-Bel\u00fcftung Innenzelt separat aufstellbar. Wassers\u00e4ule: Stoff 5000 mm. Boden 10000 mm. Gewicht: 4 Kg.","og_url":"https:\/\/shop.bantam.ch\/de\/produkt\/space-iv\/","og_site_name":"Bantam","article_modified_time":"2026-05-02T19:58:40+00:00","og_image":[{"width":1000,"height":610,"url":"https:\/\/shop.bantam.ch\/wp-content\/uploads\/2023\/03\/11011009.jpg","type":"image\/jpeg"}],"twitter_card":"summary_large_image","schema":{"@context":"https:\/\/schema.org","@graph":[{"@type":"WebPage","@id":"https:\/\/shop.bantam.ch\/de\/produkt\/space-iv\/","url":"https:\/\/shop.bantam.ch\/de\/produkt\/space-iv\/","name":"SPACE IV - Bantam","isPartOf":{"@id":"https:\/\/shop.bantam.ch\/de\/#website"},"primaryImageOfPage":{"@id":"https:\/\/shop.bantam.ch\/de\/produkt\/space-iv\/#primaryimage"},"image":{"@id":"https:\/\/shop.bantam.ch\/de\/produkt\/space-iv\/#primaryimage"},"thumbnailUrl":"https:\/\/shop.bantam.ch\/wp-content\/uploads\/2023\/03\/11011009.jpg","datePublished":"2023-03-01T18:02:26+00:00","dateModified":"2026-05-02T19:58:40+00:00","breadcrumb":{"@id":"https:\/\/shop.bantam.ch\/de\/produkt\/space-iv\/#breadcrumb"},"inLanguage":"de","potentialAction":[{"@type":"ReadAction","target":["https:\/\/shop.bantam.ch\/de\/produkt\/space-iv\/"]}]},{"@type":"ImageObject","inLanguage":"de","@id":"https:\/\/shop.bantam.ch\/de\/produkt\/space-iv\/#primaryimage","url":"https:\/\/shop.bantam.ch\/wp-content\/uploads\/2023\/03\/11011009.jpg","contentUrl":"https:\/\/shop.bantam.ch\/wp-content\/uploads\/2023\/03\/11011009.jpg","width":1000,"height":610},{"@type":"BreadcrumbList","@id":"https:\/\/shop.bantam.ch\/de\/produkt\/space-iv\/#breadcrumb","itemListElement":[{"@type":"ListItem","position":1,"name":"Accueil","item":"https:\/\/shop.bantam.ch\/de\/"},{"@type":"ListItem","position":2,"name":"Shop","item":"https:\/\/shop.bantam.ch\/de\/shop\/"},{"@type":"ListItem","position":3,"name":"SPACE IV"}]},{"@type":"WebSite","@id":"https:\/\/shop.bantam.ch\/de\/#website","url":"https:\/\/shop.bantam.ch\/de\/","name":"Bantam","description":"","publisher":{"@id":"https:\/\/shop.bantam.ch\/de\/#organization"},"inLanguage":"de"},{"@type":"Organization","@id":"https:\/\/shop.bantam.ch\/de\/#organization","name":"Bantam","url":"https:\/\/shop.bantam.ch\/de\/","logo":{"@type":"ImageObject","inLanguage":"de","@id":"https:\/\/shop.bantam.ch\/de\/#\/schema\/logo\/image\/","url":"https:\/\/shop.bantam.ch\/wp-content\/uploads\/2022\/12\/bantam-logo.png","contentUrl":"https:\/\/shop.bantam.ch\/wp-content\/uploads\/2022\/12\/bantam-logo.png","width":320,"height":71,"caption":"Bantam"},"image":{"@id":"https:\/\/shop.bantam.ch\/de\/#\/schema\/logo\/image\/"}}]}},"_links":{"self":[{"href":"https:\/\/shop.bantam.ch\/de\/wp-json\/wp\/v2\/product\/136925","targetHints":{"allow":["GET"]}}],"collection":[{"href":"https:\/\/shop.bantam.ch\/de\/wp-json\/wp\/v2\/product"}],"about":[{"href":"https:\/\/shop.bantam.ch\/de\/wp-json\/wp\/v2\/types\/product"}],"wp:featuredmedia":[{"embeddable":true,"href":"https:\/\/shop.bantam.ch\/de\/wp-json\/wp\/v2\/media\/136923"}],"wp:attachment":[{"href":"https:\/\/shop.bantam.ch\/de\/wp-json\/wp\/v2\/media?parent=136925"}],"wp:term":[{"taxonomy":"product_featured_cat","embeddable":true,"href":"https:\/\/shop.bantam.ch\/de\/wp-json\/wp\/v2\/product_featured_cat?post=136925"},{"taxonomy":"product_brand","embeddable":true,"href":"https:\/\/shop.bantam.ch\/de\/wp-json\/wp\/v2\/product_brand?post=136925"},{"taxonomy":"product_cat","embeddable":true,"href":"https:\/\/shop.bantam.ch\/de\/wp-json\/wp\/v2\/product_cat?post=136925"},{"taxonomy":"product_tag","embeddable":true,"href":"https:\/\/shop.bantam.ch\/de\/wp-json\/wp\/v2\/product_tag?post=136925"}],"curies":[{"name":"wp","href":"https:\/\/api.w.org\/{rel}","templated":true}]}}