{"id":136921,"date":"2023-03-01T19:02:22","date_gmt":"2023-03-01T18:02:22","guid":{"rendered":"https:\/\/shop.bantam.ch\/produit\/tunnel-vision-air-rs\/"},"modified":"2026-04-20T22:02:46","modified_gmt":"2026-04-20T20:02:46","slug":"tunnel-vision-air-rs","status":"publish","type":"product","link":"https:\/\/shop.bantam.ch\/de\/produkt\/tunnel-vision-air-rs\/","title":{"rendered":"TUNNEL VISION AIR RS"},"content":{"rendered":"<p>Ger\u00e4umiges Tunnelzelt mit 3 Stangen, das sich sehr gut zum Camping mit Auto oder Fahrrad eignet.<br \/>\nDie Schlafkabine bietet Platz f\u00fcr 2 Erwachsene und 2 Kinder. Das Vestib\u00fcl ist 200cm hoch und hat<br \/>\ngro\u00dfe Fenster aus Mesh-Gewebe, die eine Panoramaaussicht und gute Ventilation<br \/>\ngew\u00e4hrleisten. 3 ArmaTech \u201eClearvu\u201c Fenster f\u00fcr Lichteinfall<br \/>\nbei schlechtem Wetter. 2 Gesch\u00fctzte Dachventilationen<br \/>\nf\u00fcr bessere (High\/Low) Bel\u00fcftung im Zelt. 2 Aufstellbare<br \/>\nL\u00fcftungsklappen an der unteren Au\u00dfenseite der Schlafkabine<br \/>\nAussenmaterial: 75D Ripstop Polyester \u201eStormShield\u201c,<br \/>\nmin. 5000mm. PU beschichtet, feuerresistent.<br \/>\nInnenzelt: 70D 190T Nylon Taffeta atmungsaktiv,<br \/>\nfeuerresistent. Bodenteppich: 210D Oxford Polyester,<br \/>\nmin. 6000mm. PU beschichtet, feuerresistent.<br \/>\nGest\u00e4nge: 14,5mm. Aluminium DAC frame<br \/>\ngr\u00fcn anodisiert. Farben, Aussen: Sand;<br \/>\nBoden: Holzkohle.<br \/>\nGewicht: 8,95 Kg.<\/p>\n","protected":false},"excerpt":{"rendered":"<p>Ger\u00e4umiges Tunnelzelt mit 3 Stangen, das sich sehr gut zum Camping mit Auto oder Fahrrad eignet. Die Schlafkabine bietet Platz f\u00fcr 2 Erwachsene und 2 Kinder. Das Vestib\u00fcl ist 200cm hoch und hat gro\u00dfe Fenster aus Mesh-Gewebe, die eine Panoramaaussicht und gute Ventilation gew\u00e4hrleisten. 3 ArmaTech \u201eClearvu\u201c Fenster f\u00fcr Lichteinfall bei schlechtem Wetter. 2 Gesch\u00fctzte [&hellip;]<\/p>\n","protected":false},"featured_media":136919,"template":"","meta":{"_acf_changed":false},"product_featured_cat":[],"product_brand":[3033],"product_cat":[4248],"product_tag":[],"class_list":{"0":"post-136921","1":"product","2":"type-product","3":"status-publish","4":"has-post-thumbnail","6":"product_brand-standard-de","7":"product_cat-vorzelte-zelte","9":"first","10":"instock","11":"taxable","12":"shipping-taxable","13":"purchasable","14":"product-type-simple"},"acf":[],"yoast_head":"<!-- This site is optimized with the Yoast SEO plugin v27.4 - https:\/\/yoast.com\/product\/yoast-seo-wordpress\/ -->\n<title>TUNNEL VISION AIR RS - Bantam Camping AG<\/title>\n<meta name=\"robots\" content=\"index, follow, max-snippet:-1, max-image-preview:large, max-video-preview:-1\" \/>\n<link rel=\"canonical\" href=\"https:\/\/shop.bantam.ch\/de\/produkt\/tunnel-vision-air-rs\/\" \/>\n<meta property=\"og:locale\" content=\"de_DE\" \/>\n<meta property=\"og:type\" content=\"article\" \/>\n<meta property=\"og:title\" content=\"TUNNEL VISION AIR RS - Bantam Camping AG\" \/>\n<meta property=\"og:description\" content=\"Ger\u00e4umiges Tunnelzelt mit 3 Stangen, das sich sehr gut zum Camping mit Auto oder Fahrrad eignet. Die Schlafkabine bietet Platz f\u00fcr 2 Erwachsene und 2 Kinder. Das Vestib\u00fcl ist 200cm hoch und hat gro\u00dfe Fenster aus Mesh-Gewebe, die eine Panoramaaussicht und gute Ventilation gew\u00e4hrleisten. 3 ArmaTech \u201eClearvu\u201c Fenster f\u00fcr Lichteinfall bei schlechtem Wetter. 2 Gesch\u00fctzte [&hellip;]\" \/>\n<meta property=\"og:url\" content=\"https:\/\/shop.bantam.ch\/de\/produkt\/tunnel-vision-air-rs\/\" \/>\n<meta property=\"og:site_name\" content=\"Bantam Camping AG\" \/>\n<meta property=\"article:modified_time\" content=\"2026-04-20T20:02:46+00:00\" \/>\n<meta property=\"og:image\" content=\"https:\/\/shop.bantam.ch\/wp-content\/uploads\/2023\/03\/74212003.jpg\" \/>\n\t<meta property=\"og:image:width\" content=\"1000\" \/>\n\t<meta property=\"og:image:height\" content=\"677\" \/>\n\t<meta property=\"og:image:type\" content=\"image\/jpeg\" \/>\n<meta name=\"twitter:card\" content=\"summary_large_image\" \/>\n<meta name=\"twitter:label1\" content=\"Gesch\u00e4tzte Lesezeit\" \/>\n\t<meta name=\"twitter:data1\" content=\"1\u00a0Minute\" \/>\n<script type=\"application\/ld+json\" class=\"yoast-schema-graph\">{\"@context\":\"https:\\\/\\\/schema.org\",\"@graph\":[{\"@type\":\"WebPage\",\"@id\":\"https:\\\/\\\/shop.bantam.ch\\\/de\\\/produkt\\\/tunnel-vision-air-rs\\\/\",\"url\":\"https:\\\/\\\/shop.bantam.ch\\\/de\\\/produkt\\\/tunnel-vision-air-rs\\\/\",\"name\":\"TUNNEL VISION AIR RS - Bantam Camping AG\",\"isPartOf\":{\"@id\":\"https:\\\/\\\/shop.bantam.ch\\\/de\\\/#website\"},\"primaryImageOfPage\":{\"@id\":\"https:\\\/\\\/shop.bantam.ch\\\/de\\\/produkt\\\/tunnel-vision-air-rs\\\/#primaryimage\"},\"image\":{\"@id\":\"https:\\\/\\\/shop.bantam.ch\\\/de\\\/produkt\\\/tunnel-vision-air-rs\\\/#primaryimage\"},\"thumbnailUrl\":\"https:\\\/\\\/shop.bantam.ch\\\/wp-content\\\/uploads\\\/2023\\\/03\\\/74212003.jpg\",\"datePublished\":\"2023-03-01T18:02:22+00:00\",\"dateModified\":\"2026-04-20T20:02:46+00:00\",\"breadcrumb\":{\"@id\":\"https:\\\/\\\/shop.bantam.ch\\\/de\\\/produkt\\\/tunnel-vision-air-rs\\\/#breadcrumb\"},\"inLanguage\":\"de\",\"potentialAction\":[{\"@type\":\"ReadAction\",\"target\":[\"https:\\\/\\\/shop.bantam.ch\\\/de\\\/produkt\\\/tunnel-vision-air-rs\\\/\"]}]},{\"@type\":\"ImageObject\",\"inLanguage\":\"de\",\"@id\":\"https:\\\/\\\/shop.bantam.ch\\\/de\\\/produkt\\\/tunnel-vision-air-rs\\\/#primaryimage\",\"url\":\"https:\\\/\\\/shop.bantam.ch\\\/wp-content\\\/uploads\\\/2023\\\/03\\\/74212003.jpg\",\"contentUrl\":\"https:\\\/\\\/shop.bantam.ch\\\/wp-content\\\/uploads\\\/2023\\\/03\\\/74212003.jpg\",\"width\":1000,\"height\":677},{\"@type\":\"BreadcrumbList\",\"@id\":\"https:\\\/\\\/shop.bantam.ch\\\/de\\\/produkt\\\/tunnel-vision-air-rs\\\/#breadcrumb\",\"itemListElement\":[{\"@type\":\"ListItem\",\"position\":1,\"name\":\"Accueil\",\"item\":\"https:\\\/\\\/shop.bantam.ch\\\/de\\\/\"},{\"@type\":\"ListItem\",\"position\":2,\"name\":\"Shop\",\"item\":\"https:\\\/\\\/shop.bantam.ch\\\/de\\\/shop\\\/\"},{\"@type\":\"ListItem\",\"position\":3,\"name\":\"TUNNEL VISION AIR RS\"}]},{\"@type\":\"WebSite\",\"@id\":\"https:\\\/\\\/shop.bantam.ch\\\/de\\\/#website\",\"url\":\"https:\\\/\\\/shop.bantam.ch\\\/de\\\/\",\"name\":\"Bantam Camping AG\",\"description\":\"\",\"publisher\":{\"@id\":\"https:\\\/\\\/shop.bantam.ch\\\/de\\\/#organization\"},\"inLanguage\":\"de\"},{\"@type\":\"Organization\",\"@id\":\"https:\\\/\\\/shop.bantam.ch\\\/de\\\/#organization\",\"name\":\"Bantam Camping AG\",\"url\":\"https:\\\/\\\/shop.bantam.ch\\\/de\\\/\",\"logo\":{\"@type\":\"ImageObject\",\"inLanguage\":\"de\",\"@id\":\"https:\\\/\\\/shop.bantam.ch\\\/de\\\/#\\\/schema\\\/logo\\\/image\\\/\",\"url\":\"https:\\\/\\\/shop.bantam.ch\\\/wp-content\\\/uploads\\\/2022\\\/12\\\/bantam-logo.png\",\"contentUrl\":\"https:\\\/\\\/shop.bantam.ch\\\/wp-content\\\/uploads\\\/2022\\\/12\\\/bantam-logo.png\",\"width\":320,\"height\":71,\"caption\":\"Bantam Camping AG\"},\"image\":{\"@id\":\"https:\\\/\\\/shop.bantam.ch\\\/de\\\/#\\\/schema\\\/logo\\\/image\\\/\"}}]}<\/script>\n<!-- \/ Yoast SEO plugin. -->","yoast_head_json":{"title":"TUNNEL VISION AIR RS - Bantam Camping AG","robots":{"index":"index","follow":"follow","max-snippet":"max-snippet:-1","max-image-preview":"max-image-preview:large","max-video-preview":"max-video-preview:-1"},"canonical":"https:\/\/shop.bantam.ch\/de\/produkt\/tunnel-vision-air-rs\/","og_locale":"de_DE","og_type":"article","og_title":"TUNNEL VISION AIR RS - Bantam Camping AG","og_description":"Ger\u00e4umiges Tunnelzelt mit 3 Stangen, das sich sehr gut zum Camping mit Auto oder Fahrrad eignet. Die Schlafkabine bietet Platz f\u00fcr 2 Erwachsene und 2 Kinder. Das Vestib\u00fcl ist 200cm hoch und hat gro\u00dfe Fenster aus Mesh-Gewebe, die eine Panoramaaussicht und gute Ventilation gew\u00e4hrleisten. 3 ArmaTech \u201eClearvu\u201c Fenster f\u00fcr Lichteinfall bei schlechtem Wetter. 2 Gesch\u00fctzte [&hellip;]","og_url":"https:\/\/shop.bantam.ch\/de\/produkt\/tunnel-vision-air-rs\/","og_site_name":"Bantam Camping AG","article_modified_time":"2026-04-20T20:02:46+00:00","og_image":[{"width":1000,"height":677,"url":"https:\/\/shop.bantam.ch\/wp-content\/uploads\/2023\/03\/74212003.jpg","type":"image\/jpeg"}],"twitter_card":"summary_large_image","twitter_misc":{"Gesch\u00e4tzte Lesezeit":"1\u00a0Minute"},"schema":{"@context":"https:\/\/schema.org","@graph":[{"@type":"WebPage","@id":"https:\/\/shop.bantam.ch\/de\/produkt\/tunnel-vision-air-rs\/","url":"https:\/\/shop.bantam.ch\/de\/produkt\/tunnel-vision-air-rs\/","name":"TUNNEL VISION AIR RS - Bantam Camping AG","isPartOf":{"@id":"https:\/\/shop.bantam.ch\/de\/#website"},"primaryImageOfPage":{"@id":"https:\/\/shop.bantam.ch\/de\/produkt\/tunnel-vision-air-rs\/#primaryimage"},"image":{"@id":"https:\/\/shop.bantam.ch\/de\/produkt\/tunnel-vision-air-rs\/#primaryimage"},"thumbnailUrl":"https:\/\/shop.bantam.ch\/wp-content\/uploads\/2023\/03\/74212003.jpg","datePublished":"2023-03-01T18:02:22+00:00","dateModified":"2026-04-20T20:02:46+00:00","breadcrumb":{"@id":"https:\/\/shop.bantam.ch\/de\/produkt\/tunnel-vision-air-rs\/#breadcrumb"},"inLanguage":"de","potentialAction":[{"@type":"ReadAction","target":["https:\/\/shop.bantam.ch\/de\/produkt\/tunnel-vision-air-rs\/"]}]},{"@type":"ImageObject","inLanguage":"de","@id":"https:\/\/shop.bantam.ch\/de\/produkt\/tunnel-vision-air-rs\/#primaryimage","url":"https:\/\/shop.bantam.ch\/wp-content\/uploads\/2023\/03\/74212003.jpg","contentUrl":"https:\/\/shop.bantam.ch\/wp-content\/uploads\/2023\/03\/74212003.jpg","width":1000,"height":677},{"@type":"BreadcrumbList","@id":"https:\/\/shop.bantam.ch\/de\/produkt\/tunnel-vision-air-rs\/#breadcrumb","itemListElement":[{"@type":"ListItem","position":1,"name":"Accueil","item":"https:\/\/shop.bantam.ch\/de\/"},{"@type":"ListItem","position":2,"name":"Shop","item":"https:\/\/shop.bantam.ch\/de\/shop\/"},{"@type":"ListItem","position":3,"name":"TUNNEL VISION AIR RS"}]},{"@type":"WebSite","@id":"https:\/\/shop.bantam.ch\/de\/#website","url":"https:\/\/shop.bantam.ch\/de\/","name":"Bantam Camping AG","description":"","publisher":{"@id":"https:\/\/shop.bantam.ch\/de\/#organization"},"inLanguage":"de"},{"@type":"Organization","@id":"https:\/\/shop.bantam.ch\/de\/#organization","name":"Bantam Camping AG","url":"https:\/\/shop.bantam.ch\/de\/","logo":{"@type":"ImageObject","inLanguage":"de","@id":"https:\/\/shop.bantam.ch\/de\/#\/schema\/logo\/image\/","url":"https:\/\/shop.bantam.ch\/wp-content\/uploads\/2022\/12\/bantam-logo.png","contentUrl":"https:\/\/shop.bantam.ch\/wp-content\/uploads\/2022\/12\/bantam-logo.png","width":320,"height":71,"caption":"Bantam Camping AG"},"image":{"@id":"https:\/\/shop.bantam.ch\/de\/#\/schema\/logo\/image\/"}}]}},"_links":{"self":[{"href":"https:\/\/shop.bantam.ch\/de\/wp-json\/wp\/v2\/product\/136921","targetHints":{"allow":["GET"]}}],"collection":[{"href":"https:\/\/shop.bantam.ch\/de\/wp-json\/wp\/v2\/product"}],"about":[{"href":"https:\/\/shop.bantam.ch\/de\/wp-json\/wp\/v2\/types\/product"}],"wp:featuredmedia":[{"embeddable":true,"href":"https:\/\/shop.bantam.ch\/de\/wp-json\/wp\/v2\/media\/136919"}],"wp:attachment":[{"href":"https:\/\/shop.bantam.ch\/de\/wp-json\/wp\/v2\/media?parent=136921"}],"wp:term":[{"taxonomy":"product_featured_cat","embeddable":true,"href":"https:\/\/shop.bantam.ch\/de\/wp-json\/wp\/v2\/product_featured_cat?post=136921"},{"taxonomy":"product_brand","embeddable":true,"href":"https:\/\/shop.bantam.ch\/de\/wp-json\/wp\/v2\/product_brand?post=136921"},{"taxonomy":"product_cat","embeddable":true,"href":"https:\/\/shop.bantam.ch\/de\/wp-json\/wp\/v2\/product_cat?post=136921"},{"taxonomy":"product_tag","embeddable":true,"href":"https:\/\/shop.bantam.ch\/de\/wp-json\/wp\/v2\/product_tag?post=136921"}],"curies":[{"name":"wp","href":"https:\/\/api.w.org\/{rel}","templated":true}]}}