{"id":136896,"date":"2023-03-01T19:01:51","date_gmt":"2023-03-01T18:01:51","guid":{"rendered":"https:\/\/shop.bantam.ch\/produit\/koch-buecher-omnia-fr-kuchen-und-brot-backen\/"},"modified":"2026-04-17T22:00:48","modified_gmt":"2026-04-17T20:00:48","slug":"koch-buecher-omnia-fr-kuchen-und-brot-backen","status":"publish","type":"product","link":"https:\/\/shop.bantam.ch\/de\/produkt\/koch-buecher-omnia-fr-kuchen-und-brot-backen\/","title":{"rendered":"Koch-B\u00fccher Omnia (FR) &#8211; Im Campingofen"},"content":{"rendered":"<p data-start=\"0\" data-end=\"228\">KOCHEN MIT VIER ZUTATEN \u2013 SCHNELL UND EINFACH IM OFEN<br data-start=\"53\" data-end=\"56\"><br \/>\nOMNIA Manchmal muss es beim Camping in der K\u00fcche schnell und unkompliziert gehen. Das gelingt am besten mit nur wenigen Zutaten und einfachen Rezepten f\u00fcr den OMNIA-Ofen.\u00a0Mit diesem OMNIA-Kochbuch zeigen wir, dass es nicht viel braucht, um ein leckeres und gesundes Gericht auf den Tisch zu bringen. Mit nur vier Hauptzutaten und einigen austauschbaren Basics wie Gew\u00fcrzen oder \u00d6l zum Braten bieten die Rezepte ideale Voraussetzungen f\u00fcr eine einfache und schnelle Mahlzeit beim Camping f\u00fcr die ganze Familie.<\/p>\n","protected":false},"excerpt":{"rendered":"<p>KOCHEN MIT VIER ZUTATEN \u2013 SCHNELL UND EINFACH IM OFEN OMNIA Manchmal muss es beim Camping in der K\u00fcche schnell und unkompliziert gehen. Das gelingt am besten mit nur wenigen Zutaten und einfachen Rezepten f\u00fcr den OMNIA-Ofen.\u00a0Mit diesem OMNIA-Kochbuch zeigen wir, dass es nicht viel braucht, um ein leckeres und gesundes Gericht auf den Tisch [&hellip;]<\/p>\n","protected":false},"featured_media":235727,"template":"","meta":{"_acf_changed":false},"product_featured_cat":[],"product_brand":[3293],"product_cat":[4348],"product_tag":[],"class_list":{"0":"post-136896","1":"product","2":"type-product","3":"status-publish","4":"has-post-thumbnail","6":"product_brand-omnia-de","7":"product_cat-kochbuecher","9":"first","10":"instock","11":"taxable","12":"shipping-taxable","13":"purchasable","14":"product-type-simple"},"acf":[],"yoast_head":"<!-- This site is optimized with the Yoast SEO plugin v27.4 - https:\/\/yoast.com\/product\/yoast-seo-wordpress\/ -->\n<title>Koch-B\u00fccher Omnia (FR) - Im Campingofen - Bantam Camping AG<\/title>\n<meta name=\"robots\" content=\"index, follow, max-snippet:-1, max-image-preview:large, max-video-preview:-1\" \/>\n<link rel=\"canonical\" href=\"https:\/\/shop.bantam.ch\/de\/produkt\/koch-buecher-omnia-fr-kuchen-und-brot-backen\/\" \/>\n<meta property=\"og:locale\" content=\"de_DE\" \/>\n<meta property=\"og:type\" content=\"article\" \/>\n<meta property=\"og:title\" content=\"Koch-B\u00fccher Omnia (FR) - Im Campingofen - Bantam Camping AG\" \/>\n<meta property=\"og:description\" content=\"KOCHEN MIT VIER ZUTATEN \u2013 SCHNELL UND EINFACH IM OFEN OMNIA Manchmal muss es beim Camping in der K\u00fcche schnell und unkompliziert gehen. Das gelingt am besten mit nur wenigen Zutaten und einfachen Rezepten f\u00fcr den OMNIA-Ofen.\u00a0Mit diesem OMNIA-Kochbuch zeigen wir, dass es nicht viel braucht, um ein leckeres und gesundes Gericht auf den Tisch [&hellip;]\" \/>\n<meta property=\"og:url\" content=\"https:\/\/shop.bantam.ch\/de\/produkt\/koch-buecher-omnia-fr-kuchen-und-brot-backen\/\" \/>\n<meta property=\"og:site_name\" content=\"Bantam Camping AG\" \/>\n<meta property=\"article:modified_time\" content=\"2026-04-17T20:00:48+00:00\" \/>\n<meta property=\"og:image\" content=\"https:\/\/shop.bantam.ch\/wp-content\/uploads\/2026\/04\/91120006.jpg\" \/>\n\t<meta property=\"og:image:width\" content=\"300\" \/>\n\t<meta property=\"og:image:height\" content=\"300\" \/>\n\t<meta property=\"og:image:type\" content=\"image\/jpeg\" \/>\n<meta name=\"twitter:card\" content=\"summary_large_image\" \/>\n<script type=\"application\/ld+json\" class=\"yoast-schema-graph\">{\"@context\":\"https:\\\/\\\/schema.org\",\"@graph\":[{\"@type\":\"WebPage\",\"@id\":\"https:\\\/\\\/shop.bantam.ch\\\/de\\\/produkt\\\/koch-buecher-omnia-fr-kuchen-und-brot-backen\\\/\",\"url\":\"https:\\\/\\\/shop.bantam.ch\\\/de\\\/produkt\\\/koch-buecher-omnia-fr-kuchen-und-brot-backen\\\/\",\"name\":\"Koch-B\u00fccher Omnia (FR) - Im Campingofen - Bantam Camping AG\",\"isPartOf\":{\"@id\":\"https:\\\/\\\/shop.bantam.ch\\\/de\\\/#website\"},\"primaryImageOfPage\":{\"@id\":\"https:\\\/\\\/shop.bantam.ch\\\/de\\\/produkt\\\/koch-buecher-omnia-fr-kuchen-und-brot-backen\\\/#primaryimage\"},\"image\":{\"@id\":\"https:\\\/\\\/shop.bantam.ch\\\/de\\\/produkt\\\/koch-buecher-omnia-fr-kuchen-und-brot-backen\\\/#primaryimage\"},\"thumbnailUrl\":\"https:\\\/\\\/shop.bantam.ch\\\/wp-content\\\/uploads\\\/2026\\\/04\\\/91120006.jpg\",\"datePublished\":\"2023-03-01T18:01:51+00:00\",\"dateModified\":\"2026-04-17T20:00:48+00:00\",\"breadcrumb\":{\"@id\":\"https:\\\/\\\/shop.bantam.ch\\\/de\\\/produkt\\\/koch-buecher-omnia-fr-kuchen-und-brot-backen\\\/#breadcrumb\"},\"inLanguage\":\"de\",\"potentialAction\":[{\"@type\":\"ReadAction\",\"target\":[\"https:\\\/\\\/shop.bantam.ch\\\/de\\\/produkt\\\/koch-buecher-omnia-fr-kuchen-und-brot-backen\\\/\"]}]},{\"@type\":\"ImageObject\",\"inLanguage\":\"de\",\"@id\":\"https:\\\/\\\/shop.bantam.ch\\\/de\\\/produkt\\\/koch-buecher-omnia-fr-kuchen-und-brot-backen\\\/#primaryimage\",\"url\":\"https:\\\/\\\/shop.bantam.ch\\\/wp-content\\\/uploads\\\/2026\\\/04\\\/91120006.jpg\",\"contentUrl\":\"https:\\\/\\\/shop.bantam.ch\\\/wp-content\\\/uploads\\\/2026\\\/04\\\/91120006.jpg\",\"width\":300,\"height\":300},{\"@type\":\"BreadcrumbList\",\"@id\":\"https:\\\/\\\/shop.bantam.ch\\\/de\\\/produkt\\\/koch-buecher-omnia-fr-kuchen-und-brot-backen\\\/#breadcrumb\",\"itemListElement\":[{\"@type\":\"ListItem\",\"position\":1,\"name\":\"Accueil\",\"item\":\"https:\\\/\\\/shop.bantam.ch\\\/de\\\/\"},{\"@type\":\"ListItem\",\"position\":2,\"name\":\"Shop\",\"item\":\"https:\\\/\\\/shop.bantam.ch\\\/de\\\/shop\\\/\"},{\"@type\":\"ListItem\",\"position\":3,\"name\":\"Koch-B\u00fccher Omnia (FR) &#8211; Im Campingofen\"}]},{\"@type\":\"WebSite\",\"@id\":\"https:\\\/\\\/shop.bantam.ch\\\/de\\\/#website\",\"url\":\"https:\\\/\\\/shop.bantam.ch\\\/de\\\/\",\"name\":\"Bantam Camping AG\",\"description\":\"\",\"publisher\":{\"@id\":\"https:\\\/\\\/shop.bantam.ch\\\/de\\\/#organization\"},\"inLanguage\":\"de\"},{\"@type\":\"Organization\",\"@id\":\"https:\\\/\\\/shop.bantam.ch\\\/de\\\/#organization\",\"name\":\"Bantam Camping AG\",\"url\":\"https:\\\/\\\/shop.bantam.ch\\\/de\\\/\",\"logo\":{\"@type\":\"ImageObject\",\"inLanguage\":\"de\",\"@id\":\"https:\\\/\\\/shop.bantam.ch\\\/de\\\/#\\\/schema\\\/logo\\\/image\\\/\",\"url\":\"https:\\\/\\\/shop.bantam.ch\\\/wp-content\\\/uploads\\\/2022\\\/12\\\/bantam-logo.png\",\"contentUrl\":\"https:\\\/\\\/shop.bantam.ch\\\/wp-content\\\/uploads\\\/2022\\\/12\\\/bantam-logo.png\",\"width\":320,\"height\":71,\"caption\":\"Bantam Camping AG\"},\"image\":{\"@id\":\"https:\\\/\\\/shop.bantam.ch\\\/de\\\/#\\\/schema\\\/logo\\\/image\\\/\"}}]}<\/script>\n<!-- \/ Yoast SEO plugin. -->","yoast_head_json":{"title":"Koch-B\u00fccher Omnia (FR) - Im Campingofen - Bantam Camping AG","robots":{"index":"index","follow":"follow","max-snippet":"max-snippet:-1","max-image-preview":"max-image-preview:large","max-video-preview":"max-video-preview:-1"},"canonical":"https:\/\/shop.bantam.ch\/de\/produkt\/koch-buecher-omnia-fr-kuchen-und-brot-backen\/","og_locale":"de_DE","og_type":"article","og_title":"Koch-B\u00fccher Omnia (FR) - Im Campingofen - Bantam Camping AG","og_description":"KOCHEN MIT VIER ZUTATEN \u2013 SCHNELL UND EINFACH IM OFEN OMNIA Manchmal muss es beim Camping in der K\u00fcche schnell und unkompliziert gehen. Das gelingt am besten mit nur wenigen Zutaten und einfachen Rezepten f\u00fcr den OMNIA-Ofen.\u00a0Mit diesem OMNIA-Kochbuch zeigen wir, dass es nicht viel braucht, um ein leckeres und gesundes Gericht auf den Tisch [&hellip;]","og_url":"https:\/\/shop.bantam.ch\/de\/produkt\/koch-buecher-omnia-fr-kuchen-und-brot-backen\/","og_site_name":"Bantam Camping AG","article_modified_time":"2026-04-17T20:00:48+00:00","og_image":[{"width":300,"height":300,"url":"https:\/\/shop.bantam.ch\/wp-content\/uploads\/2026\/04\/91120006.jpg","type":"image\/jpeg"}],"twitter_card":"summary_large_image","schema":{"@context":"https:\/\/schema.org","@graph":[{"@type":"WebPage","@id":"https:\/\/shop.bantam.ch\/de\/produkt\/koch-buecher-omnia-fr-kuchen-und-brot-backen\/","url":"https:\/\/shop.bantam.ch\/de\/produkt\/koch-buecher-omnia-fr-kuchen-und-brot-backen\/","name":"Koch-B\u00fccher Omnia (FR) - Im Campingofen - Bantam Camping AG","isPartOf":{"@id":"https:\/\/shop.bantam.ch\/de\/#website"},"primaryImageOfPage":{"@id":"https:\/\/shop.bantam.ch\/de\/produkt\/koch-buecher-omnia-fr-kuchen-und-brot-backen\/#primaryimage"},"image":{"@id":"https:\/\/shop.bantam.ch\/de\/produkt\/koch-buecher-omnia-fr-kuchen-und-brot-backen\/#primaryimage"},"thumbnailUrl":"https:\/\/shop.bantam.ch\/wp-content\/uploads\/2026\/04\/91120006.jpg","datePublished":"2023-03-01T18:01:51+00:00","dateModified":"2026-04-17T20:00:48+00:00","breadcrumb":{"@id":"https:\/\/shop.bantam.ch\/de\/produkt\/koch-buecher-omnia-fr-kuchen-und-brot-backen\/#breadcrumb"},"inLanguage":"de","potentialAction":[{"@type":"ReadAction","target":["https:\/\/shop.bantam.ch\/de\/produkt\/koch-buecher-omnia-fr-kuchen-und-brot-backen\/"]}]},{"@type":"ImageObject","inLanguage":"de","@id":"https:\/\/shop.bantam.ch\/de\/produkt\/koch-buecher-omnia-fr-kuchen-und-brot-backen\/#primaryimage","url":"https:\/\/shop.bantam.ch\/wp-content\/uploads\/2026\/04\/91120006.jpg","contentUrl":"https:\/\/shop.bantam.ch\/wp-content\/uploads\/2026\/04\/91120006.jpg","width":300,"height":300},{"@type":"BreadcrumbList","@id":"https:\/\/shop.bantam.ch\/de\/produkt\/koch-buecher-omnia-fr-kuchen-und-brot-backen\/#breadcrumb","itemListElement":[{"@type":"ListItem","position":1,"name":"Accueil","item":"https:\/\/shop.bantam.ch\/de\/"},{"@type":"ListItem","position":2,"name":"Shop","item":"https:\/\/shop.bantam.ch\/de\/shop\/"},{"@type":"ListItem","position":3,"name":"Koch-B\u00fccher Omnia (FR) &#8211; Im Campingofen"}]},{"@type":"WebSite","@id":"https:\/\/shop.bantam.ch\/de\/#website","url":"https:\/\/shop.bantam.ch\/de\/","name":"Bantam Camping AG","description":"","publisher":{"@id":"https:\/\/shop.bantam.ch\/de\/#organization"},"inLanguage":"de"},{"@type":"Organization","@id":"https:\/\/shop.bantam.ch\/de\/#organization","name":"Bantam Camping AG","url":"https:\/\/shop.bantam.ch\/de\/","logo":{"@type":"ImageObject","inLanguage":"de","@id":"https:\/\/shop.bantam.ch\/de\/#\/schema\/logo\/image\/","url":"https:\/\/shop.bantam.ch\/wp-content\/uploads\/2022\/12\/bantam-logo.png","contentUrl":"https:\/\/shop.bantam.ch\/wp-content\/uploads\/2022\/12\/bantam-logo.png","width":320,"height":71,"caption":"Bantam Camping AG"},"image":{"@id":"https:\/\/shop.bantam.ch\/de\/#\/schema\/logo\/image\/"}}]}},"_links":{"self":[{"href":"https:\/\/shop.bantam.ch\/de\/wp-json\/wp\/v2\/product\/136896","targetHints":{"allow":["GET"]}}],"collection":[{"href":"https:\/\/shop.bantam.ch\/de\/wp-json\/wp\/v2\/product"}],"about":[{"href":"https:\/\/shop.bantam.ch\/de\/wp-json\/wp\/v2\/types\/product"}],"wp:featuredmedia":[{"embeddable":true,"href":"https:\/\/shop.bantam.ch\/de\/wp-json\/wp\/v2\/media\/235727"}],"wp:attachment":[{"href":"https:\/\/shop.bantam.ch\/de\/wp-json\/wp\/v2\/media?parent=136896"}],"wp:term":[{"taxonomy":"product_featured_cat","embeddable":true,"href":"https:\/\/shop.bantam.ch\/de\/wp-json\/wp\/v2\/product_featured_cat?post=136896"},{"taxonomy":"product_brand","embeddable":true,"href":"https:\/\/shop.bantam.ch\/de\/wp-json\/wp\/v2\/product_brand?post=136896"},{"taxonomy":"product_cat","embeddable":true,"href":"https:\/\/shop.bantam.ch\/de\/wp-json\/wp\/v2\/product_cat?post=136896"},{"taxonomy":"product_tag","embeddable":true,"href":"https:\/\/shop.bantam.ch\/de\/wp-json\/wp\/v2\/product_tag?post=136896"}],"curies":[{"name":"wp","href":"https:\/\/api.w.org\/{rel}","templated":true}]}}