{"id":136888,"date":"2023-03-01T19:01:39","date_gmt":"2023-03-01T18:01:39","guid":{"rendered":"https:\/\/shop.bantam.ch\/produit\/tentation-2\/"},"modified":"2026-04-17T22:00:47","modified_gmt":"2026-04-17T20:00:47","slug":"tentation-2","status":"publish","type":"product","link":"https:\/\/shop.bantam.ch\/de\/produkt\/tentation-2\/","title":{"rendered":"TENTATION 2"},"content":{"rendered":"<p>Kompaktes Zelt mit zwei gro\u00dfen Fenstern und Moskitonetz beim Haupteingang. Leichtes Zelt, einfach zu montieren. Das praktische Festival oder Reise Zelt. Bodenbelag f\u00fcr den Wohnbereich. Das Innere des Zeltes ist mit einer wattierten T\u00fcr ausgestattet in der sich ger\u00e4umige Taschen befinden. Wasser abweisendes Material und abgedichtete Reisverschl\u00fcsse. Praktischer Packsack. Aussenzelt : nahtbandversiegeltes, PU-beschichtetes, flammhemmendes Polyester, 2000mm Wassers\u00e4ule. Boden : 120 g PE. Stahlheringe. Inklusive : Tragetasche mit Packbeuteln, Bodenplane im Voraum.<\/p>\n","protected":false},"excerpt":{"rendered":"<p>Kompaktes Zelt mit zwei gro\u00dfen Fenstern und Moskitonetz beim Haupteingang. Leichtes Zelt, einfach zu montieren. Das praktische Festival oder Reise Zelt. Bodenbelag f\u00fcr den Wohnbereich. Das Innere des Zeltes ist mit einer wattierten T\u00fcr ausgestattet in der sich ger\u00e4umige Taschen befinden. Wasser abweisendes Material und abgedichtete Reisverschl\u00fcsse. Praktischer Packsack. Aussenzelt : nahtbandversiegeltes, PU-beschichtetes, flammhemmendes Polyester, [&hellip;]<\/p>\n","protected":false},"featured_media":136886,"template":"","meta":{"_acf_changed":false},"product_featured_cat":[],"product_brand":[3721],"product_cat":[4242],"product_tag":[],"class_list":{"0":"post-136888","1":"product","2":"type-product","3":"status-publish","4":"has-post-thumbnail","6":"product_brand-nomad-de","7":"product_cat-funktionszelte","9":"first","10":"instock","11":"taxable","12":"shipping-taxable","13":"purchasable","14":"product-type-simple"},"acf":[],"yoast_head":"<!-- This site is optimized with the Yoast SEO plugin v27.4 - https:\/\/yoast.com\/product\/yoast-seo-wordpress\/ -->\n<title>TENTATION 2 - Bantam Camping AG<\/title>\n<meta name=\"robots\" content=\"index, follow, max-snippet:-1, max-image-preview:large, max-video-preview:-1\" \/>\n<link rel=\"canonical\" href=\"https:\/\/shop.bantam.ch\/de\/produkt\/tentation-2\/\" \/>\n<meta property=\"og:locale\" content=\"de_DE\" \/>\n<meta property=\"og:type\" content=\"article\" \/>\n<meta property=\"og:title\" content=\"TENTATION 2 - Bantam Camping AG\" \/>\n<meta property=\"og:description\" content=\"Kompaktes Zelt mit zwei gro\u00dfen Fenstern und Moskitonetz beim Haupteingang. Leichtes Zelt, einfach zu montieren. Das praktische Festival oder Reise Zelt. Bodenbelag f\u00fcr den Wohnbereich. Das Innere des Zeltes ist mit einer wattierten T\u00fcr ausgestattet in der sich ger\u00e4umige Taschen befinden. Wasser abweisendes Material und abgedichtete Reisverschl\u00fcsse. Praktischer Packsack. Aussenzelt : nahtbandversiegeltes, PU-beschichtetes, flammhemmendes Polyester, [&hellip;]\" \/>\n<meta property=\"og:url\" content=\"https:\/\/shop.bantam.ch\/de\/produkt\/tentation-2\/\" \/>\n<meta property=\"og:site_name\" content=\"Bantam Camping AG\" \/>\n<meta property=\"article:modified_time\" content=\"2026-04-17T20:00:47+00:00\" \/>\n<meta property=\"og:image\" content=\"https:\/\/shop.bantam.ch\/wp-content\/uploads\/2023\/03\/11018001.jpg\" \/>\n\t<meta property=\"og:image:width\" content=\"1000\" \/>\n\t<meta property=\"og:image:height\" content=\"506\" \/>\n\t<meta property=\"og:image:type\" content=\"image\/jpeg\" \/>\n<meta name=\"twitter:card\" content=\"summary_large_image\" \/>\n<script type=\"application\/ld+json\" class=\"yoast-schema-graph\">{\"@context\":\"https:\\\/\\\/schema.org\",\"@graph\":[{\"@type\":\"WebPage\",\"@id\":\"https:\\\/\\\/shop.bantam.ch\\\/de\\\/produkt\\\/tentation-2\\\/\",\"url\":\"https:\\\/\\\/shop.bantam.ch\\\/de\\\/produkt\\\/tentation-2\\\/\",\"name\":\"TENTATION 2 - Bantam Camping AG\",\"isPartOf\":{\"@id\":\"https:\\\/\\\/shop.bantam.ch\\\/de\\\/#website\"},\"primaryImageOfPage\":{\"@id\":\"https:\\\/\\\/shop.bantam.ch\\\/de\\\/produkt\\\/tentation-2\\\/#primaryimage\"},\"image\":{\"@id\":\"https:\\\/\\\/shop.bantam.ch\\\/de\\\/produkt\\\/tentation-2\\\/#primaryimage\"},\"thumbnailUrl\":\"https:\\\/\\\/shop.bantam.ch\\\/wp-content\\\/uploads\\\/2023\\\/03\\\/11018001.jpg\",\"datePublished\":\"2023-03-01T18:01:39+00:00\",\"dateModified\":\"2026-04-17T20:00:47+00:00\",\"breadcrumb\":{\"@id\":\"https:\\\/\\\/shop.bantam.ch\\\/de\\\/produkt\\\/tentation-2\\\/#breadcrumb\"},\"inLanguage\":\"de\",\"potentialAction\":[{\"@type\":\"ReadAction\",\"target\":[\"https:\\\/\\\/shop.bantam.ch\\\/de\\\/produkt\\\/tentation-2\\\/\"]}]},{\"@type\":\"ImageObject\",\"inLanguage\":\"de\",\"@id\":\"https:\\\/\\\/shop.bantam.ch\\\/de\\\/produkt\\\/tentation-2\\\/#primaryimage\",\"url\":\"https:\\\/\\\/shop.bantam.ch\\\/wp-content\\\/uploads\\\/2023\\\/03\\\/11018001.jpg\",\"contentUrl\":\"https:\\\/\\\/shop.bantam.ch\\\/wp-content\\\/uploads\\\/2023\\\/03\\\/11018001.jpg\",\"width\":1000,\"height\":506},{\"@type\":\"BreadcrumbList\",\"@id\":\"https:\\\/\\\/shop.bantam.ch\\\/de\\\/produkt\\\/tentation-2\\\/#breadcrumb\",\"itemListElement\":[{\"@type\":\"ListItem\",\"position\":1,\"name\":\"Accueil\",\"item\":\"https:\\\/\\\/shop.bantam.ch\\\/de\\\/\"},{\"@type\":\"ListItem\",\"position\":2,\"name\":\"Shop\",\"item\":\"https:\\\/\\\/shop.bantam.ch\\\/de\\\/shop\\\/\"},{\"@type\":\"ListItem\",\"position\":3,\"name\":\"TENTATION 2\"}]},{\"@type\":\"WebSite\",\"@id\":\"https:\\\/\\\/shop.bantam.ch\\\/de\\\/#website\",\"url\":\"https:\\\/\\\/shop.bantam.ch\\\/de\\\/\",\"name\":\"Bantam Camping AG\",\"description\":\"\",\"publisher\":{\"@id\":\"https:\\\/\\\/shop.bantam.ch\\\/de\\\/#organization\"},\"inLanguage\":\"de\"},{\"@type\":\"Organization\",\"@id\":\"https:\\\/\\\/shop.bantam.ch\\\/de\\\/#organization\",\"name\":\"Bantam Camping AG\",\"url\":\"https:\\\/\\\/shop.bantam.ch\\\/de\\\/\",\"logo\":{\"@type\":\"ImageObject\",\"inLanguage\":\"de\",\"@id\":\"https:\\\/\\\/shop.bantam.ch\\\/de\\\/#\\\/schema\\\/logo\\\/image\\\/\",\"url\":\"https:\\\/\\\/shop.bantam.ch\\\/wp-content\\\/uploads\\\/2022\\\/12\\\/bantam-logo.png\",\"contentUrl\":\"https:\\\/\\\/shop.bantam.ch\\\/wp-content\\\/uploads\\\/2022\\\/12\\\/bantam-logo.png\",\"width\":320,\"height\":71,\"caption\":\"Bantam Camping AG\"},\"image\":{\"@id\":\"https:\\\/\\\/shop.bantam.ch\\\/de\\\/#\\\/schema\\\/logo\\\/image\\\/\"}}]}<\/script>\n<!-- \/ Yoast SEO plugin. -->","yoast_head_json":{"title":"TENTATION 2 - Bantam Camping AG","robots":{"index":"index","follow":"follow","max-snippet":"max-snippet:-1","max-image-preview":"max-image-preview:large","max-video-preview":"max-video-preview:-1"},"canonical":"https:\/\/shop.bantam.ch\/de\/produkt\/tentation-2\/","og_locale":"de_DE","og_type":"article","og_title":"TENTATION 2 - Bantam Camping AG","og_description":"Kompaktes Zelt mit zwei gro\u00dfen Fenstern und Moskitonetz beim Haupteingang. Leichtes Zelt, einfach zu montieren. Das praktische Festival oder Reise Zelt. Bodenbelag f\u00fcr den Wohnbereich. Das Innere des Zeltes ist mit einer wattierten T\u00fcr ausgestattet in der sich ger\u00e4umige Taschen befinden. Wasser abweisendes Material und abgedichtete Reisverschl\u00fcsse. Praktischer Packsack. Aussenzelt : nahtbandversiegeltes, PU-beschichtetes, flammhemmendes Polyester, [&hellip;]","og_url":"https:\/\/shop.bantam.ch\/de\/produkt\/tentation-2\/","og_site_name":"Bantam Camping AG","article_modified_time":"2026-04-17T20:00:47+00:00","og_image":[{"width":1000,"height":506,"url":"https:\/\/shop.bantam.ch\/wp-content\/uploads\/2023\/03\/11018001.jpg","type":"image\/jpeg"}],"twitter_card":"summary_large_image","schema":{"@context":"https:\/\/schema.org","@graph":[{"@type":"WebPage","@id":"https:\/\/shop.bantam.ch\/de\/produkt\/tentation-2\/","url":"https:\/\/shop.bantam.ch\/de\/produkt\/tentation-2\/","name":"TENTATION 2 - Bantam Camping AG","isPartOf":{"@id":"https:\/\/shop.bantam.ch\/de\/#website"},"primaryImageOfPage":{"@id":"https:\/\/shop.bantam.ch\/de\/produkt\/tentation-2\/#primaryimage"},"image":{"@id":"https:\/\/shop.bantam.ch\/de\/produkt\/tentation-2\/#primaryimage"},"thumbnailUrl":"https:\/\/shop.bantam.ch\/wp-content\/uploads\/2023\/03\/11018001.jpg","datePublished":"2023-03-01T18:01:39+00:00","dateModified":"2026-04-17T20:00:47+00:00","breadcrumb":{"@id":"https:\/\/shop.bantam.ch\/de\/produkt\/tentation-2\/#breadcrumb"},"inLanguage":"de","potentialAction":[{"@type":"ReadAction","target":["https:\/\/shop.bantam.ch\/de\/produkt\/tentation-2\/"]}]},{"@type":"ImageObject","inLanguage":"de","@id":"https:\/\/shop.bantam.ch\/de\/produkt\/tentation-2\/#primaryimage","url":"https:\/\/shop.bantam.ch\/wp-content\/uploads\/2023\/03\/11018001.jpg","contentUrl":"https:\/\/shop.bantam.ch\/wp-content\/uploads\/2023\/03\/11018001.jpg","width":1000,"height":506},{"@type":"BreadcrumbList","@id":"https:\/\/shop.bantam.ch\/de\/produkt\/tentation-2\/#breadcrumb","itemListElement":[{"@type":"ListItem","position":1,"name":"Accueil","item":"https:\/\/shop.bantam.ch\/de\/"},{"@type":"ListItem","position":2,"name":"Shop","item":"https:\/\/shop.bantam.ch\/de\/shop\/"},{"@type":"ListItem","position":3,"name":"TENTATION 2"}]},{"@type":"WebSite","@id":"https:\/\/shop.bantam.ch\/de\/#website","url":"https:\/\/shop.bantam.ch\/de\/","name":"Bantam Camping AG","description":"","publisher":{"@id":"https:\/\/shop.bantam.ch\/de\/#organization"},"inLanguage":"de"},{"@type":"Organization","@id":"https:\/\/shop.bantam.ch\/de\/#organization","name":"Bantam Camping AG","url":"https:\/\/shop.bantam.ch\/de\/","logo":{"@type":"ImageObject","inLanguage":"de","@id":"https:\/\/shop.bantam.ch\/de\/#\/schema\/logo\/image\/","url":"https:\/\/shop.bantam.ch\/wp-content\/uploads\/2022\/12\/bantam-logo.png","contentUrl":"https:\/\/shop.bantam.ch\/wp-content\/uploads\/2022\/12\/bantam-logo.png","width":320,"height":71,"caption":"Bantam Camping AG"},"image":{"@id":"https:\/\/shop.bantam.ch\/de\/#\/schema\/logo\/image\/"}}]}},"_links":{"self":[{"href":"https:\/\/shop.bantam.ch\/de\/wp-json\/wp\/v2\/product\/136888","targetHints":{"allow":["GET"]}}],"collection":[{"href":"https:\/\/shop.bantam.ch\/de\/wp-json\/wp\/v2\/product"}],"about":[{"href":"https:\/\/shop.bantam.ch\/de\/wp-json\/wp\/v2\/types\/product"}],"wp:featuredmedia":[{"embeddable":true,"href":"https:\/\/shop.bantam.ch\/de\/wp-json\/wp\/v2\/media\/136886"}],"wp:attachment":[{"href":"https:\/\/shop.bantam.ch\/de\/wp-json\/wp\/v2\/media?parent=136888"}],"wp:term":[{"taxonomy":"product_featured_cat","embeddable":true,"href":"https:\/\/shop.bantam.ch\/de\/wp-json\/wp\/v2\/product_featured_cat?post=136888"},{"taxonomy":"product_brand","embeddable":true,"href":"https:\/\/shop.bantam.ch\/de\/wp-json\/wp\/v2\/product_brand?post=136888"},{"taxonomy":"product_cat","embeddable":true,"href":"https:\/\/shop.bantam.ch\/de\/wp-json\/wp\/v2\/product_cat?post=136888"},{"taxonomy":"product_tag","embeddable":true,"href":"https:\/\/shop.bantam.ch\/de\/wp-json\/wp\/v2\/product_tag?post=136888"}],"curies":[{"name":"wp","href":"https:\/\/api.w.org\/{rel}","templated":true}]}}