{"id":136832,"date":"2023-03-01T18:59:47","date_gmt":"2023-03-01T17:59:47","guid":{"rendered":"https:\/\/shop.bantam.ch\/produit\/bus-vorzelte-action-air-drive-away-vw-205-cm-180-210-cm-78-x-33-cm-1350-kg\/"},"modified":"2026-04-18T22:01:47","modified_gmt":"2026-04-18T20:01:47","slug":"bus-vorzelte-action-air-drive-away-vw-205-cm-180-210-cm-78-x-33-cm-1350-kg","status":"publish","type":"product","link":"https:\/\/shop.bantam.ch\/de\/produkt\/bus-vorzelte-action-air-drive-away-vw-205-cm-180-210-cm-78-x-33-cm-1350-kg\/","title":{"rendered":"Bus-Vorzelte Action AIR Drive-Away VW 205 cm 180 &#8211; 210 cm 78 x 33 cm 13,50 kg"},"content":{"rendered":"<p>Travel Pod Action AIR Wenn Ihnen die Zeit daf\u00fcr zu schade ist, Ihr Driveaway-Vorzelt immer wieder neu auf- und abzubauen, dann ist dieses Modell wie f\u00fcr Sie gemacht. Das Action AIR ist ein freistehendes Vorzelt, das Ihnen Ihren Stellplatz auf dem Campingplatz reserviert, w\u00e4hrend Sie mit Ihrem Fahrzeug die Gegend erkunden. Das Action AIR hat einen gro\u00dfen Wohnbereich und optional ein Innenzelt mit zwei Schlafpl\u00e4tzen. Das Vorzelt wird inklusive einer vollst\u00e4ndig wetterbest\u00e4ndigen, einhakbaren Bodenplane geliefert, die Sie bequem entfernen k\u00f6nnen, sollten auf Ihrem Campingplatz solche Planen nicht erlaubt sein. Ein gro\u00dfes Wetterschutzdach steht \u00fcber der Vordert\u00fcr zur Verf\u00fcgung &#8211; ideal bei schlechtem Wetter. Es gibt drei Versionen f\u00fcr Kastenwagen und Reisemobile mit unterschiedlicher H\u00f6he- VW, L und XL.<\/p>\n<p>Action AIR Hauptmerkmale<\/p>\n<p>\u2022 Aufblasbar &#8211; externes MehrpunktAufblassystem (7-8 psi)<\/p>\n<p>\u2022 Freistehendes Driveaway-Vorzelt<\/p>\n<p>\u2022 Weathershield\u2122 Material<\/p>\n<p>\u2022 Flammhemmend und UV-stabil<\/p>\n<p>\u2022 Eine Wassers\u00e4ule von sensationellen 6000 mm<\/p>\n<p>\u2022 Hei\u00dfluftgeklebte N\u00e4hte &#8211; f\u00fcr maximale Wetterbest\u00e4ndigkeit<\/p>\n<p>\u2022 Vordach f\u00fcr vorn &#8211; 80 cm tief<\/p>\n<p>\u2022 T\u00fcr in der r\u00fcckw\u00e4rtigen Schleuse<\/p>\n<p>\u2022 H\u00f6henverstellbare Schleuse an der R\u00fcckseite, die mit zahlreichen Fahrzeugtypen kompatibel ist<\/p>\n<p>\u2022 Vollst\u00e4ndig einhakbare Bodenplane \u2022 Vordert\u00fcr mit gro\u00dfem Rundbogenfenster<\/p>\n<p>\u2022 Fensterrolll\u00e4den mit praktischen Aufbewahrungstaschen<\/p>\n<p>\u2022 Gro\u00dfe r\u00fcckw\u00e4rtige T\u00fcr f\u00fcr den Zugang zum Kastenwagen durch die Schleuse<\/p>\n<p>\u2022 Optionales Innenzelt mit zwei Schlafpl\u00e4tzen<\/p>\n","protected":false},"excerpt":{"rendered":"<p>Travel Pod Action AIR Wenn Ihnen die Zeit daf\u00fcr zu schade ist, Ihr Driveaway-Vorzelt immer wieder neu auf- und abzubauen, dann ist dieses Modell wie f\u00fcr Sie gemacht. Das Action AIR ist ein freistehendes Vorzelt, das Ihnen Ihren Stellplatz auf dem Campingplatz reserviert, w\u00e4hrend Sie mit Ihrem Fahrzeug die Gegend erkunden. Das Action AIR hat [&hellip;]<\/p>\n","protected":false},"featured_media":136830,"template":"","meta":{"_acf_changed":false},"product_featured_cat":[],"product_brand":[3033],"product_cat":[4916],"product_tag":[],"class_list":{"0":"post-136832","1":"product","2":"type-product","3":"status-publish","4":"has-post-thumbnail","6":"product_brand-standard-de","7":"product_cat-wohnmobil-bus-vorzelte","9":"first","10":"instock","11":"taxable","12":"shipping-taxable","13":"purchasable","14":"product-type-simple"},"acf":[],"yoast_head":"<!-- This site is optimized with the Yoast SEO plugin v27.4 - https:\/\/yoast.com\/product\/yoast-seo-wordpress\/ -->\n<title>Bus-Vorzelte Action AIR Drive-Away VW 205 cm 180 - 210 cm 78 x 33 cm 13,50 kg - Bantam Camping AG<\/title>\n<meta name=\"robots\" content=\"index, follow, max-snippet:-1, max-image-preview:large, max-video-preview:-1\" \/>\n<link rel=\"canonical\" href=\"https:\/\/shop.bantam.ch\/de\/produkt\/bus-vorzelte-action-air-drive-away-vw-205-cm-180-210-cm-78-x-33-cm-1350-kg\/\" \/>\n<meta property=\"og:locale\" content=\"de_DE\" \/>\n<meta property=\"og:type\" content=\"article\" \/>\n<meta property=\"og:title\" content=\"Bus-Vorzelte Action AIR Drive-Away VW 205 cm 180 - 210 cm 78 x 33 cm 13,50 kg - Bantam Camping AG\" \/>\n<meta property=\"og:description\" content=\"Travel Pod Action AIR Wenn Ihnen die Zeit daf\u00fcr zu schade ist, Ihr Driveaway-Vorzelt immer wieder neu auf- und abzubauen, dann ist dieses Modell wie f\u00fcr Sie gemacht. Das Action AIR ist ein freistehendes Vorzelt, das Ihnen Ihren Stellplatz auf dem Campingplatz reserviert, w\u00e4hrend Sie mit Ihrem Fahrzeug die Gegend erkunden. Das Action AIR hat [&hellip;]\" \/>\n<meta property=\"og:url\" content=\"https:\/\/shop.bantam.ch\/de\/produkt\/bus-vorzelte-action-air-drive-away-vw-205-cm-180-210-cm-78-x-33-cm-1350-kg\/\" \/>\n<meta property=\"og:site_name\" content=\"Bantam Camping AG\" \/>\n<meta property=\"article:modified_time\" content=\"2026-04-18T20:01:47+00:00\" \/>\n<meta property=\"og:image\" content=\"https:\/\/shop.bantam.ch\/wp-content\/uploads\/2023\/03\/15019029.jpg\" \/>\n\t<meta property=\"og:image:width\" content=\"2034\" \/>\n\t<meta property=\"og:image:height\" content=\"1276\" \/>\n\t<meta property=\"og:image:type\" content=\"image\/jpeg\" \/>\n<meta name=\"twitter:card\" content=\"summary_large_image\" \/>\n<meta name=\"twitter:label1\" content=\"Gesch\u00e4tzte Lesezeit\" \/>\n\t<meta name=\"twitter:data1\" content=\"1\u00a0Minute\" \/>\n<script type=\"application\/ld+json\" class=\"yoast-schema-graph\">{\"@context\":\"https:\\\/\\\/schema.org\",\"@graph\":[{\"@type\":\"WebPage\",\"@id\":\"https:\\\/\\\/shop.bantam.ch\\\/de\\\/produkt\\\/bus-vorzelte-action-air-drive-away-vw-205-cm-180-210-cm-78-x-33-cm-1350-kg\\\/\",\"url\":\"https:\\\/\\\/shop.bantam.ch\\\/de\\\/produkt\\\/bus-vorzelte-action-air-drive-away-vw-205-cm-180-210-cm-78-x-33-cm-1350-kg\\\/\",\"name\":\"Bus-Vorzelte Action AIR Drive-Away VW 205 cm 180 - 210 cm 78 x 33 cm 13,50 kg - Bantam Camping AG\",\"isPartOf\":{\"@id\":\"https:\\\/\\\/shop.bantam.ch\\\/de\\\/#website\"},\"primaryImageOfPage\":{\"@id\":\"https:\\\/\\\/shop.bantam.ch\\\/de\\\/produkt\\\/bus-vorzelte-action-air-drive-away-vw-205-cm-180-210-cm-78-x-33-cm-1350-kg\\\/#primaryimage\"},\"image\":{\"@id\":\"https:\\\/\\\/shop.bantam.ch\\\/de\\\/produkt\\\/bus-vorzelte-action-air-drive-away-vw-205-cm-180-210-cm-78-x-33-cm-1350-kg\\\/#primaryimage\"},\"thumbnailUrl\":\"https:\\\/\\\/shop.bantam.ch\\\/wp-content\\\/uploads\\\/2023\\\/03\\\/15019029.jpg\",\"datePublished\":\"2023-03-01T17:59:47+00:00\",\"dateModified\":\"2026-04-18T20:01:47+00:00\",\"breadcrumb\":{\"@id\":\"https:\\\/\\\/shop.bantam.ch\\\/de\\\/produkt\\\/bus-vorzelte-action-air-drive-away-vw-205-cm-180-210-cm-78-x-33-cm-1350-kg\\\/#breadcrumb\"},\"inLanguage\":\"de\",\"potentialAction\":[{\"@type\":\"ReadAction\",\"target\":[\"https:\\\/\\\/shop.bantam.ch\\\/de\\\/produkt\\\/bus-vorzelte-action-air-drive-away-vw-205-cm-180-210-cm-78-x-33-cm-1350-kg\\\/\"]}]},{\"@type\":\"ImageObject\",\"inLanguage\":\"de\",\"@id\":\"https:\\\/\\\/shop.bantam.ch\\\/de\\\/produkt\\\/bus-vorzelte-action-air-drive-away-vw-205-cm-180-210-cm-78-x-33-cm-1350-kg\\\/#primaryimage\",\"url\":\"https:\\\/\\\/shop.bantam.ch\\\/wp-content\\\/uploads\\\/2023\\\/03\\\/15019029.jpg\",\"contentUrl\":\"https:\\\/\\\/shop.bantam.ch\\\/wp-content\\\/uploads\\\/2023\\\/03\\\/15019029.jpg\",\"width\":2034,\"height\":1276},{\"@type\":\"BreadcrumbList\",\"@id\":\"https:\\\/\\\/shop.bantam.ch\\\/de\\\/produkt\\\/bus-vorzelte-action-air-drive-away-vw-205-cm-180-210-cm-78-x-33-cm-1350-kg\\\/#breadcrumb\",\"itemListElement\":[{\"@type\":\"ListItem\",\"position\":1,\"name\":\"Accueil\",\"item\":\"https:\\\/\\\/shop.bantam.ch\\\/de\\\/\"},{\"@type\":\"ListItem\",\"position\":2,\"name\":\"Shop\",\"item\":\"https:\\\/\\\/shop.bantam.ch\\\/de\\\/shop\\\/\"},{\"@type\":\"ListItem\",\"position\":3,\"name\":\"Bus-Vorzelte Action AIR Drive-Away VW 205 cm 180 &#8211; 210 cm 78 x 33 cm 13,50 kg\"}]},{\"@type\":\"WebSite\",\"@id\":\"https:\\\/\\\/shop.bantam.ch\\\/de\\\/#website\",\"url\":\"https:\\\/\\\/shop.bantam.ch\\\/de\\\/\",\"name\":\"Bantam Camping AG\",\"description\":\"\",\"publisher\":{\"@id\":\"https:\\\/\\\/shop.bantam.ch\\\/de\\\/#organization\"},\"inLanguage\":\"de\"},{\"@type\":\"Organization\",\"@id\":\"https:\\\/\\\/shop.bantam.ch\\\/de\\\/#organization\",\"name\":\"Bantam Camping AG\",\"url\":\"https:\\\/\\\/shop.bantam.ch\\\/de\\\/\",\"logo\":{\"@type\":\"ImageObject\",\"inLanguage\":\"de\",\"@id\":\"https:\\\/\\\/shop.bantam.ch\\\/de\\\/#\\\/schema\\\/logo\\\/image\\\/\",\"url\":\"https:\\\/\\\/shop.bantam.ch\\\/wp-content\\\/uploads\\\/2022\\\/12\\\/bantam-logo.png\",\"contentUrl\":\"https:\\\/\\\/shop.bantam.ch\\\/wp-content\\\/uploads\\\/2022\\\/12\\\/bantam-logo.png\",\"width\":320,\"height\":71,\"caption\":\"Bantam Camping AG\"},\"image\":{\"@id\":\"https:\\\/\\\/shop.bantam.ch\\\/de\\\/#\\\/schema\\\/logo\\\/image\\\/\"}}]}<\/script>\n<!-- \/ Yoast SEO plugin. -->","yoast_head_json":{"title":"Bus-Vorzelte Action AIR Drive-Away VW 205 cm 180 - 210 cm 78 x 33 cm 13,50 kg - Bantam Camping AG","robots":{"index":"index","follow":"follow","max-snippet":"max-snippet:-1","max-image-preview":"max-image-preview:large","max-video-preview":"max-video-preview:-1"},"canonical":"https:\/\/shop.bantam.ch\/de\/produkt\/bus-vorzelte-action-air-drive-away-vw-205-cm-180-210-cm-78-x-33-cm-1350-kg\/","og_locale":"de_DE","og_type":"article","og_title":"Bus-Vorzelte Action AIR Drive-Away VW 205 cm 180 - 210 cm 78 x 33 cm 13,50 kg - Bantam Camping AG","og_description":"Travel Pod Action AIR Wenn Ihnen die Zeit daf\u00fcr zu schade ist, Ihr Driveaway-Vorzelt immer wieder neu auf- und abzubauen, dann ist dieses Modell wie f\u00fcr Sie gemacht. Das Action AIR ist ein freistehendes Vorzelt, das Ihnen Ihren Stellplatz auf dem Campingplatz reserviert, w\u00e4hrend Sie mit Ihrem Fahrzeug die Gegend erkunden. Das Action AIR hat [&hellip;]","og_url":"https:\/\/shop.bantam.ch\/de\/produkt\/bus-vorzelte-action-air-drive-away-vw-205-cm-180-210-cm-78-x-33-cm-1350-kg\/","og_site_name":"Bantam Camping AG","article_modified_time":"2026-04-18T20:01:47+00:00","og_image":[{"width":2034,"height":1276,"url":"https:\/\/shop.bantam.ch\/wp-content\/uploads\/2023\/03\/15019029.jpg","type":"image\/jpeg"}],"twitter_card":"summary_large_image","twitter_misc":{"Gesch\u00e4tzte Lesezeit":"1\u00a0Minute"},"schema":{"@context":"https:\/\/schema.org","@graph":[{"@type":"WebPage","@id":"https:\/\/shop.bantam.ch\/de\/produkt\/bus-vorzelte-action-air-drive-away-vw-205-cm-180-210-cm-78-x-33-cm-1350-kg\/","url":"https:\/\/shop.bantam.ch\/de\/produkt\/bus-vorzelte-action-air-drive-away-vw-205-cm-180-210-cm-78-x-33-cm-1350-kg\/","name":"Bus-Vorzelte Action AIR Drive-Away VW 205 cm 180 - 210 cm 78 x 33 cm 13,50 kg - Bantam Camping AG","isPartOf":{"@id":"https:\/\/shop.bantam.ch\/de\/#website"},"primaryImageOfPage":{"@id":"https:\/\/shop.bantam.ch\/de\/produkt\/bus-vorzelte-action-air-drive-away-vw-205-cm-180-210-cm-78-x-33-cm-1350-kg\/#primaryimage"},"image":{"@id":"https:\/\/shop.bantam.ch\/de\/produkt\/bus-vorzelte-action-air-drive-away-vw-205-cm-180-210-cm-78-x-33-cm-1350-kg\/#primaryimage"},"thumbnailUrl":"https:\/\/shop.bantam.ch\/wp-content\/uploads\/2023\/03\/15019029.jpg","datePublished":"2023-03-01T17:59:47+00:00","dateModified":"2026-04-18T20:01:47+00:00","breadcrumb":{"@id":"https:\/\/shop.bantam.ch\/de\/produkt\/bus-vorzelte-action-air-drive-away-vw-205-cm-180-210-cm-78-x-33-cm-1350-kg\/#breadcrumb"},"inLanguage":"de","potentialAction":[{"@type":"ReadAction","target":["https:\/\/shop.bantam.ch\/de\/produkt\/bus-vorzelte-action-air-drive-away-vw-205-cm-180-210-cm-78-x-33-cm-1350-kg\/"]}]},{"@type":"ImageObject","inLanguage":"de","@id":"https:\/\/shop.bantam.ch\/de\/produkt\/bus-vorzelte-action-air-drive-away-vw-205-cm-180-210-cm-78-x-33-cm-1350-kg\/#primaryimage","url":"https:\/\/shop.bantam.ch\/wp-content\/uploads\/2023\/03\/15019029.jpg","contentUrl":"https:\/\/shop.bantam.ch\/wp-content\/uploads\/2023\/03\/15019029.jpg","width":2034,"height":1276},{"@type":"BreadcrumbList","@id":"https:\/\/shop.bantam.ch\/de\/produkt\/bus-vorzelte-action-air-drive-away-vw-205-cm-180-210-cm-78-x-33-cm-1350-kg\/#breadcrumb","itemListElement":[{"@type":"ListItem","position":1,"name":"Accueil","item":"https:\/\/shop.bantam.ch\/de\/"},{"@type":"ListItem","position":2,"name":"Shop","item":"https:\/\/shop.bantam.ch\/de\/shop\/"},{"@type":"ListItem","position":3,"name":"Bus-Vorzelte Action AIR Drive-Away VW 205 cm 180 &#8211; 210 cm 78 x 33 cm 13,50 kg"}]},{"@type":"WebSite","@id":"https:\/\/shop.bantam.ch\/de\/#website","url":"https:\/\/shop.bantam.ch\/de\/","name":"Bantam Camping AG","description":"","publisher":{"@id":"https:\/\/shop.bantam.ch\/de\/#organization"},"inLanguage":"de"},{"@type":"Organization","@id":"https:\/\/shop.bantam.ch\/de\/#organization","name":"Bantam Camping AG","url":"https:\/\/shop.bantam.ch\/de\/","logo":{"@type":"ImageObject","inLanguage":"de","@id":"https:\/\/shop.bantam.ch\/de\/#\/schema\/logo\/image\/","url":"https:\/\/shop.bantam.ch\/wp-content\/uploads\/2022\/12\/bantam-logo.png","contentUrl":"https:\/\/shop.bantam.ch\/wp-content\/uploads\/2022\/12\/bantam-logo.png","width":320,"height":71,"caption":"Bantam Camping AG"},"image":{"@id":"https:\/\/shop.bantam.ch\/de\/#\/schema\/logo\/image\/"}}]}},"_links":{"self":[{"href":"https:\/\/shop.bantam.ch\/de\/wp-json\/wp\/v2\/product\/136832","targetHints":{"allow":["GET"]}}],"collection":[{"href":"https:\/\/shop.bantam.ch\/de\/wp-json\/wp\/v2\/product"}],"about":[{"href":"https:\/\/shop.bantam.ch\/de\/wp-json\/wp\/v2\/types\/product"}],"wp:featuredmedia":[{"embeddable":true,"href":"https:\/\/shop.bantam.ch\/de\/wp-json\/wp\/v2\/media\/136830"}],"wp:attachment":[{"href":"https:\/\/shop.bantam.ch\/de\/wp-json\/wp\/v2\/media?parent=136832"}],"wp:term":[{"taxonomy":"product_featured_cat","embeddable":true,"href":"https:\/\/shop.bantam.ch\/de\/wp-json\/wp\/v2\/product_featured_cat?post=136832"},{"taxonomy":"product_brand","embeddable":true,"href":"https:\/\/shop.bantam.ch\/de\/wp-json\/wp\/v2\/product_brand?post=136832"},{"taxonomy":"product_cat","embeddable":true,"href":"https:\/\/shop.bantam.ch\/de\/wp-json\/wp\/v2\/product_cat?post=136832"},{"taxonomy":"product_tag","embeddable":true,"href":"https:\/\/shop.bantam.ch\/de\/wp-json\/wp\/v2\/product_tag?post=136832"}],"curies":[{"name":"wp","href":"https:\/\/api.w.org\/{rel}","templated":true}]}}