{"id":136816,"date":"2023-03-01T18:59:22","date_gmt":"2023-03-01T17:59:22","guid":{"rendered":"https:\/\/shop.bantam.ch\/produit\/kabelrolle-4x-typ13-blau-schwarz-33m\/"},"modified":"2026-05-01T21:58:30","modified_gmt":"2026-05-01T19:58:30","slug":"kabelrolle-4x-typ13-blau-schwarz-33m","status":"publish","type":"product","link":"https:\/\/shop.bantam.ch\/de\/produkt\/kabelrolle-4x-typ13-blau-schwarz-33m\/","title":{"rendered":"Kabelrolle 4x Typ13, 33m"},"content":{"rendered":"<p class=\"MsoNoSpacing\"><span lang=\"DE-CH\">H05VV-F3G1.5,<br \/>\n33m, blau, mit Stecker: Typ 12<\/span><\/p>\n<p class=\"MsoNoSpacing\">Diese<br \/>\nmaxREEL-Kabeltrommel versorgt bis zu vier Ger\u00e4te mit Strom. Das gro\u00dfz\u00fcgig<br \/>\ndimensionierte Stromkabel \u00fcberzeugt, wenn es darum geht, gr\u00f6\u00dfere Entfernungen<br \/>\nzu \u00fcberbr\u00fccken oder den Einsatzort zu variieren. Das S+-Sicherheitszeichen<br \/>\ngarantiert ein hohes Ma\u00df an Sicherheit. Der Metallrahmen mit ergonomischem<br \/>\nGriff sorgt f\u00fcr einen sicheren Stand. In die Kabeltrommel ist ein Thermoschutz<br \/>\nintegriert, der sie vor \u00dcberhitzung sch\u00fctzt.<\/p>\n<p class=\"MsoNoSpacing\">&#8211;<br \/>\nGro\u00dfz\u00fcgig dimensioniertes Netzkabel<\/p>\n<p class=\"MsoNoSpacing\"><span lang=\"DE-CH\">&#8211;<br \/>\nStabilit\u00e4t und ergonomischer Griff.<\/span><\/p>\n<\/p>\n<p class=\"MsoNoSpacing\">&#8211; Hohe Sicherheit<\/p>\n","protected":false},"excerpt":{"rendered":"<p>H05VV-F3G1.5, 33m, blau, mit Stecker: Typ 12 Diese maxREEL-Kabeltrommel versorgt bis zu vier Ger\u00e4te mit Strom. Das gro\u00dfz\u00fcgig dimensionierte Stromkabel \u00fcberzeugt, wenn es darum geht, gr\u00f6\u00dfere Entfernungen zu \u00fcberbr\u00fccken oder den Einsatzort zu variieren. Das S+-Sicherheitszeichen garantiert ein hohes Ma\u00df an Sicherheit. Der Metallrahmen mit ergonomischem Griff sorgt f\u00fcr einen sicheren Stand. In die Kabeltrommel [&hellip;]<\/p>\n","protected":false},"featured_media":136814,"template":"","meta":{"_acf_changed":false},"product_featured_cat":[],"product_brand":[3671],"product_cat":[4872],"product_tag":[],"class_list":{"0":"post-136816","1":"product","2":"type-product","3":"status-publish","4":"has-post-thumbnail","6":"product_brand-max-hauri-de","7":"product_cat-kabeltrommeln","9":"first","10":"instock","11":"taxable","12":"shipping-taxable","13":"purchasable","14":"product-type-simple"},"acf":[],"yoast_head":"<!-- This site is optimized with the Yoast SEO plugin v27.5 - https:\/\/yoast.com\/product\/yoast-seo-wordpress\/ -->\n<title>Kabelrolle 4x Typ13, 33m - Bantam<\/title>\n<meta name=\"robots\" content=\"index, follow, max-snippet:-1, max-image-preview:large, max-video-preview:-1\" \/>\n<link rel=\"canonical\" href=\"https:\/\/shop.bantam.ch\/de\/produkt\/kabelrolle-4x-typ13-blau-schwarz-33m\/\" \/>\n<meta property=\"og:locale\" content=\"de_DE\" \/>\n<meta property=\"og:type\" content=\"article\" \/>\n<meta property=\"og:title\" content=\"Kabelrolle 4x Typ13, 33m - Bantam\" \/>\n<meta property=\"og:description\" content=\"H05VV-F3G1.5, 33m, blau, mit Stecker: Typ 12 Diese maxREEL-Kabeltrommel versorgt bis zu vier Ger\u00e4te mit Strom. Das gro\u00dfz\u00fcgig dimensionierte Stromkabel \u00fcberzeugt, wenn es darum geht, gr\u00f6\u00dfere Entfernungen zu \u00fcberbr\u00fccken oder den Einsatzort zu variieren. Das S+-Sicherheitszeichen garantiert ein hohes Ma\u00df an Sicherheit. Der Metallrahmen mit ergonomischem Griff sorgt f\u00fcr einen sicheren Stand. In die Kabeltrommel [&hellip;]\" \/>\n<meta property=\"og:url\" content=\"https:\/\/shop.bantam.ch\/de\/produkt\/kabelrolle-4x-typ13-blau-schwarz-33m\/\" \/>\n<meta property=\"og:site_name\" content=\"Bantam\" \/>\n<meta property=\"article:modified_time\" content=\"2026-05-01T19:58:30+00:00\" \/>\n<meta property=\"og:image\" content=\"https:\/\/shop.bantam.ch\/wp-content\/uploads\/2023\/03\/enrouleur_29CIdoKN04UHjk.jpg\" \/>\n\t<meta property=\"og:image:width\" content=\"1000\" \/>\n\t<meta property=\"og:image:height\" content=\"1000\" \/>\n\t<meta property=\"og:image:type\" content=\"image\/jpeg\" \/>\n<meta name=\"twitter:card\" content=\"summary_large_image\" \/>\n<script type=\"application\/ld+json\" class=\"yoast-schema-graph\">{\"@context\":\"https:\\\/\\\/schema.org\",\"@graph\":[{\"@type\":\"WebPage\",\"@id\":\"https:\\\/\\\/shop.bantam.ch\\\/de\\\/produkt\\\/kabelrolle-4x-typ13-blau-schwarz-33m\\\/\",\"url\":\"https:\\\/\\\/shop.bantam.ch\\\/de\\\/produkt\\\/kabelrolle-4x-typ13-blau-schwarz-33m\\\/\",\"name\":\"Kabelrolle 4x Typ13, 33m - Bantam\",\"isPartOf\":{\"@id\":\"https:\\\/\\\/shop.bantam.ch\\\/de\\\/#website\"},\"primaryImageOfPage\":{\"@id\":\"https:\\\/\\\/shop.bantam.ch\\\/de\\\/produkt\\\/kabelrolle-4x-typ13-blau-schwarz-33m\\\/#primaryimage\"},\"image\":{\"@id\":\"https:\\\/\\\/shop.bantam.ch\\\/de\\\/produkt\\\/kabelrolle-4x-typ13-blau-schwarz-33m\\\/#primaryimage\"},\"thumbnailUrl\":\"https:\\\/\\\/shop.bantam.ch\\\/wp-content\\\/uploads\\\/2023\\\/03\\\/enrouleur_29CIdoKN04UHjk.jpg\",\"datePublished\":\"2023-03-01T17:59:22+00:00\",\"dateModified\":\"2026-05-01T19:58:30+00:00\",\"breadcrumb\":{\"@id\":\"https:\\\/\\\/shop.bantam.ch\\\/de\\\/produkt\\\/kabelrolle-4x-typ13-blau-schwarz-33m\\\/#breadcrumb\"},\"inLanguage\":\"de\",\"potentialAction\":[{\"@type\":\"ReadAction\",\"target\":[\"https:\\\/\\\/shop.bantam.ch\\\/de\\\/produkt\\\/kabelrolle-4x-typ13-blau-schwarz-33m\\\/\"]}]},{\"@type\":\"ImageObject\",\"inLanguage\":\"de\",\"@id\":\"https:\\\/\\\/shop.bantam.ch\\\/de\\\/produkt\\\/kabelrolle-4x-typ13-blau-schwarz-33m\\\/#primaryimage\",\"url\":\"https:\\\/\\\/shop.bantam.ch\\\/wp-content\\\/uploads\\\/2023\\\/03\\\/enrouleur_29CIdoKN04UHjk.jpg\",\"contentUrl\":\"https:\\\/\\\/shop.bantam.ch\\\/wp-content\\\/uploads\\\/2023\\\/03\\\/enrouleur_29CIdoKN04UHjk.jpg\",\"width\":1000,\"height\":1000},{\"@type\":\"BreadcrumbList\",\"@id\":\"https:\\\/\\\/shop.bantam.ch\\\/de\\\/produkt\\\/kabelrolle-4x-typ13-blau-schwarz-33m\\\/#breadcrumb\",\"itemListElement\":[{\"@type\":\"ListItem\",\"position\":1,\"name\":\"Accueil\",\"item\":\"https:\\\/\\\/shop.bantam.ch\\\/de\\\/\"},{\"@type\":\"ListItem\",\"position\":2,\"name\":\"Shop\",\"item\":\"https:\\\/\\\/shop.bantam.ch\\\/de\\\/shop\\\/\"},{\"@type\":\"ListItem\",\"position\":3,\"name\":\"Kabelrolle 4x Typ13, 33m\"}]},{\"@type\":\"WebSite\",\"@id\":\"https:\\\/\\\/shop.bantam.ch\\\/de\\\/#website\",\"url\":\"https:\\\/\\\/shop.bantam.ch\\\/de\\\/\",\"name\":\"Bantam\",\"description\":\"\",\"publisher\":{\"@id\":\"https:\\\/\\\/shop.bantam.ch\\\/de\\\/#organization\"},\"inLanguage\":\"de\"},{\"@type\":\"Organization\",\"@id\":\"https:\\\/\\\/shop.bantam.ch\\\/de\\\/#organization\",\"name\":\"Bantam\",\"url\":\"https:\\\/\\\/shop.bantam.ch\\\/de\\\/\",\"logo\":{\"@type\":\"ImageObject\",\"inLanguage\":\"de\",\"@id\":\"https:\\\/\\\/shop.bantam.ch\\\/de\\\/#\\\/schema\\\/logo\\\/image\\\/\",\"url\":\"https:\\\/\\\/shop.bantam.ch\\\/wp-content\\\/uploads\\\/2022\\\/12\\\/bantam-logo.png\",\"contentUrl\":\"https:\\\/\\\/shop.bantam.ch\\\/wp-content\\\/uploads\\\/2022\\\/12\\\/bantam-logo.png\",\"width\":320,\"height\":71,\"caption\":\"Bantam\"},\"image\":{\"@id\":\"https:\\\/\\\/shop.bantam.ch\\\/de\\\/#\\\/schema\\\/logo\\\/image\\\/\"}}]}<\/script>\n<!-- \/ Yoast SEO plugin. -->","yoast_head_json":{"title":"Kabelrolle 4x Typ13, 33m - Bantam","robots":{"index":"index","follow":"follow","max-snippet":"max-snippet:-1","max-image-preview":"max-image-preview:large","max-video-preview":"max-video-preview:-1"},"canonical":"https:\/\/shop.bantam.ch\/de\/produkt\/kabelrolle-4x-typ13-blau-schwarz-33m\/","og_locale":"de_DE","og_type":"article","og_title":"Kabelrolle 4x Typ13, 33m - Bantam","og_description":"H05VV-F3G1.5, 33m, blau, mit Stecker: Typ 12 Diese maxREEL-Kabeltrommel versorgt bis zu vier Ger\u00e4te mit Strom. Das gro\u00dfz\u00fcgig dimensionierte Stromkabel \u00fcberzeugt, wenn es darum geht, gr\u00f6\u00dfere Entfernungen zu \u00fcberbr\u00fccken oder den Einsatzort zu variieren. Das S+-Sicherheitszeichen garantiert ein hohes Ma\u00df an Sicherheit. Der Metallrahmen mit ergonomischem Griff sorgt f\u00fcr einen sicheren Stand. In die Kabeltrommel [&hellip;]","og_url":"https:\/\/shop.bantam.ch\/de\/produkt\/kabelrolle-4x-typ13-blau-schwarz-33m\/","og_site_name":"Bantam","article_modified_time":"2026-05-01T19:58:30+00:00","og_image":[{"width":1000,"height":1000,"url":"https:\/\/shop.bantam.ch\/wp-content\/uploads\/2023\/03\/enrouleur_29CIdoKN04UHjk.jpg","type":"image\/jpeg"}],"twitter_card":"summary_large_image","schema":{"@context":"https:\/\/schema.org","@graph":[{"@type":"WebPage","@id":"https:\/\/shop.bantam.ch\/de\/produkt\/kabelrolle-4x-typ13-blau-schwarz-33m\/","url":"https:\/\/shop.bantam.ch\/de\/produkt\/kabelrolle-4x-typ13-blau-schwarz-33m\/","name":"Kabelrolle 4x Typ13, 33m - Bantam","isPartOf":{"@id":"https:\/\/shop.bantam.ch\/de\/#website"},"primaryImageOfPage":{"@id":"https:\/\/shop.bantam.ch\/de\/produkt\/kabelrolle-4x-typ13-blau-schwarz-33m\/#primaryimage"},"image":{"@id":"https:\/\/shop.bantam.ch\/de\/produkt\/kabelrolle-4x-typ13-blau-schwarz-33m\/#primaryimage"},"thumbnailUrl":"https:\/\/shop.bantam.ch\/wp-content\/uploads\/2023\/03\/enrouleur_29CIdoKN04UHjk.jpg","datePublished":"2023-03-01T17:59:22+00:00","dateModified":"2026-05-01T19:58:30+00:00","breadcrumb":{"@id":"https:\/\/shop.bantam.ch\/de\/produkt\/kabelrolle-4x-typ13-blau-schwarz-33m\/#breadcrumb"},"inLanguage":"de","potentialAction":[{"@type":"ReadAction","target":["https:\/\/shop.bantam.ch\/de\/produkt\/kabelrolle-4x-typ13-blau-schwarz-33m\/"]}]},{"@type":"ImageObject","inLanguage":"de","@id":"https:\/\/shop.bantam.ch\/de\/produkt\/kabelrolle-4x-typ13-blau-schwarz-33m\/#primaryimage","url":"https:\/\/shop.bantam.ch\/wp-content\/uploads\/2023\/03\/enrouleur_29CIdoKN04UHjk.jpg","contentUrl":"https:\/\/shop.bantam.ch\/wp-content\/uploads\/2023\/03\/enrouleur_29CIdoKN04UHjk.jpg","width":1000,"height":1000},{"@type":"BreadcrumbList","@id":"https:\/\/shop.bantam.ch\/de\/produkt\/kabelrolle-4x-typ13-blau-schwarz-33m\/#breadcrumb","itemListElement":[{"@type":"ListItem","position":1,"name":"Accueil","item":"https:\/\/shop.bantam.ch\/de\/"},{"@type":"ListItem","position":2,"name":"Shop","item":"https:\/\/shop.bantam.ch\/de\/shop\/"},{"@type":"ListItem","position":3,"name":"Kabelrolle 4x Typ13, 33m"}]},{"@type":"WebSite","@id":"https:\/\/shop.bantam.ch\/de\/#website","url":"https:\/\/shop.bantam.ch\/de\/","name":"Bantam","description":"","publisher":{"@id":"https:\/\/shop.bantam.ch\/de\/#organization"},"inLanguage":"de"},{"@type":"Organization","@id":"https:\/\/shop.bantam.ch\/de\/#organization","name":"Bantam","url":"https:\/\/shop.bantam.ch\/de\/","logo":{"@type":"ImageObject","inLanguage":"de","@id":"https:\/\/shop.bantam.ch\/de\/#\/schema\/logo\/image\/","url":"https:\/\/shop.bantam.ch\/wp-content\/uploads\/2022\/12\/bantam-logo.png","contentUrl":"https:\/\/shop.bantam.ch\/wp-content\/uploads\/2022\/12\/bantam-logo.png","width":320,"height":71,"caption":"Bantam"},"image":{"@id":"https:\/\/shop.bantam.ch\/de\/#\/schema\/logo\/image\/"}}]}},"_links":{"self":[{"href":"https:\/\/shop.bantam.ch\/de\/wp-json\/wp\/v2\/product\/136816","targetHints":{"allow":["GET"]}}],"collection":[{"href":"https:\/\/shop.bantam.ch\/de\/wp-json\/wp\/v2\/product"}],"about":[{"href":"https:\/\/shop.bantam.ch\/de\/wp-json\/wp\/v2\/types\/product"}],"wp:featuredmedia":[{"embeddable":true,"href":"https:\/\/shop.bantam.ch\/de\/wp-json\/wp\/v2\/media\/136814"}],"wp:attachment":[{"href":"https:\/\/shop.bantam.ch\/de\/wp-json\/wp\/v2\/media?parent=136816"}],"wp:term":[{"taxonomy":"product_featured_cat","embeddable":true,"href":"https:\/\/shop.bantam.ch\/de\/wp-json\/wp\/v2\/product_featured_cat?post=136816"},{"taxonomy":"product_brand","embeddable":true,"href":"https:\/\/shop.bantam.ch\/de\/wp-json\/wp\/v2\/product_brand?post=136816"},{"taxonomy":"product_cat","embeddable":true,"href":"https:\/\/shop.bantam.ch\/de\/wp-json\/wp\/v2\/product_cat?post=136816"},{"taxonomy":"product_tag","embeddable":true,"href":"https:\/\/shop.bantam.ch\/de\/wp-json\/wp\/v2\/product_tag?post=136816"}],"curies":[{"name":"wp","href":"https:\/\/api.w.org\/{rel}","templated":true}]}}