{"id":136752,"date":"2023-03-01T18:57:45","date_gmt":"2023-03-01T17:57:45","guid":{"rendered":"https:\/\/shop.bantam.ch\/produit\/bus-vorzelt-cross-air-drive-away-vw-180-210cm-300x300cm-65x32cm-1350kg\/"},"modified":"2026-04-18T22:01:23","modified_gmt":"2026-04-18T20:01:23","slug":"bus-vorzelt-cross-air-drive-away-vw-180-210cm-300x300cm-65x32cm-1350kg","status":"publish","type":"product","link":"https:\/\/shop.bantam.ch\/de\/produkt\/bus-vorzelt-cross-air-drive-away-vw-180-210cm-300x300cm-65x32cm-1350kg\/","title":{"rendered":"Bus Vorzelt &#8211; Cross AIR Drive-Away VW 180-210cm 300x300cm 65x32cm 13,50kg"},"content":{"rendered":"<p>Travel Pod Cross AIR mehr Tiefe, zus\u00e4tzlicher Platz Auch in seiner \u00fcberarbeiteten Version f\u00fcr 2020 bleibt unser beliebter Klassiker Cross AIR ein Verkaufsschlager in der Travel Pod-Kollektion. Durch den Kampa-Luftrahmen hat das Cross AIR einen stabilen und ger\u00e4umigen Wohnbereich, dank der neuen, steileren Seitenw\u00e4nde bietet es eine verbesserte Stehh\u00f6he und mehr nutzbaren Raum. Nach der \u00dcberarbeitung gibt es im Frontteil nun eine benutzerfreundlichere D-f\u00f6rmige T\u00fcr, die zur H\u00e4lfte oder komplett aufgerollt werden kann und mit einem gro\u00dfen Vordach ausgestattet ist, das Ihnen das trockene Betreten des Vorzelts bei schlechtem Wetter gestattet. Der Cross AIR ist mit einer einhakbaren Bodenplane ausgestattet, die bei Bedarf entfernt werden kann und gro\u00dfe Fenster mit Rolll\u00e4den f\u00fcr zus\u00e4tzliche Privatsph\u00e4re sowie Netzelemente zur besseren Bel\u00fcftung aufweist. An einer oder beiden Vorzeltseiten kann optional ein Innenzelt mit zwei Schlafpl\u00e4tzen angebaut werden.<\/p>\n<p>Cross AIR Hauptmerkmale<\/p>\n<p>\u2022 Aufblasbar &#8211; externes MehrpunktAufblassystem (7-8 psi)<\/p>\n<p>\u2022 Freistehendes Driveaway-Vorzelt<\/p>\n<p>\u2022 \u201eF\u00fchlen Sie den Unterschied\u201c Weathershield\u2122 HD hochstrapazierf\u00e4higes Material<\/p>\n<p>\u2022 Flammhemmend und UV-stabil<\/p>\n<p>\u2022 Eine Wassers\u00e4ule von sensationellen 6000 mm Hei\u00dfluftgeklebte N\u00e4hte &#8211; f\u00fcr maximale Wetterbest\u00e4ndigkeit<\/p>\n<p>\u2022 T\u00fcr in der r\u00fcckw\u00e4rtigen Schleuse<\/p>\n<p>\u2022 H\u00f6henverstellbare r\u00fcckw\u00e4rtige Schleuse,<\/p>\n<p>\u2022 passend f\u00fcr verschiedenste Fahrzeugtypen<\/p>\n<p>\u2022 Vollst\u00e4ndig einhakbare Bodenplane<\/p>\n<p>\u2022 Fensterrolll\u00e4den mit praktischen<\/p>\n<p>\u2022 Aufbewahrungstaschen<\/p>\n<p>\u2022 Gro\u00dfe r\u00fcckw\u00e4rtige T\u00fcr f\u00fcr den Zugang zum<\/p>\n<p>\u2022 Kastenwagen durch die Schleuse<\/p>\n<p>\u2022 Optionaler, aufblasbarer AIR Anbau f\u00fcr zwei<\/p>\n<p>\u2022 Schlafpl\u00e4tze, komplett mit Innenzelt<\/p>\n","protected":false},"excerpt":{"rendered":"<p>Travel Pod Cross AIR mehr Tiefe, zus\u00e4tzlicher Platz Auch in seiner \u00fcberarbeiteten Version f\u00fcr 2020 bleibt unser beliebter Klassiker Cross AIR ein Verkaufsschlager in der Travel Pod-Kollektion. Durch den Kampa-Luftrahmen hat das Cross AIR einen stabilen und ger\u00e4umigen Wohnbereich, dank der neuen, steileren Seitenw\u00e4nde bietet es eine verbesserte Stehh\u00f6he und mehr nutzbaren Raum. Nach der [&hellip;]<\/p>\n","protected":false},"featured_media":136750,"template":"","meta":{"_acf_changed":false},"product_featured_cat":[],"product_brand":[3033],"product_cat":[4916],"product_tag":[],"class_list":{"0":"post-136752","1":"product","2":"type-product","3":"status-publish","4":"has-post-thumbnail","6":"product_brand-standard-de","7":"product_cat-wohnmobil-bus-vorzelte","9":"first","10":"instock","11":"taxable","12":"shipping-taxable","13":"purchasable","14":"product-type-simple"},"acf":[],"yoast_head":"<!-- This site is optimized with the Yoast SEO plugin v27.4 - https:\/\/yoast.com\/product\/yoast-seo-wordpress\/ -->\n<title>Bus Vorzelt - Cross AIR Drive-Away VW 180-210cm 300x300cm 65x32cm 13,50kg - Bantam Camping AG<\/title>\n<meta name=\"robots\" content=\"index, follow, max-snippet:-1, max-image-preview:large, max-video-preview:-1\" \/>\n<link rel=\"canonical\" href=\"https:\/\/shop.bantam.ch\/de\/produkt\/bus-vorzelt-cross-air-drive-away-vw-180-210cm-300x300cm-65x32cm-1350kg\/\" \/>\n<meta property=\"og:locale\" content=\"de_DE\" \/>\n<meta property=\"og:type\" content=\"article\" \/>\n<meta property=\"og:title\" content=\"Bus Vorzelt - Cross AIR Drive-Away VW 180-210cm 300x300cm 65x32cm 13,50kg - Bantam Camping AG\" \/>\n<meta property=\"og:description\" content=\"Travel Pod Cross AIR mehr Tiefe, zus\u00e4tzlicher Platz Auch in seiner \u00fcberarbeiteten Version f\u00fcr 2020 bleibt unser beliebter Klassiker Cross AIR ein Verkaufsschlager in der Travel Pod-Kollektion. Durch den Kampa-Luftrahmen hat das Cross AIR einen stabilen und ger\u00e4umigen Wohnbereich, dank der neuen, steileren Seitenw\u00e4nde bietet es eine verbesserte Stehh\u00f6he und mehr nutzbaren Raum. Nach der [&hellip;]\" \/>\n<meta property=\"og:url\" content=\"https:\/\/shop.bantam.ch\/de\/produkt\/bus-vorzelt-cross-air-drive-away-vw-180-210cm-300x300cm-65x32cm-1350kg\/\" \/>\n<meta property=\"og:site_name\" content=\"Bantam Camping AG\" \/>\n<meta property=\"article:modified_time\" content=\"2026-04-18T20:01:23+00:00\" \/>\n<meta property=\"og:image\" content=\"https:\/\/shop.bantam.ch\/wp-content\/uploads\/2023\/03\/F_p24-38_Auvents_2019_Kundert_FR_Partie7_Page_1_Image_0007.jpg\" \/>\n\t<meta property=\"og:image:width\" content=\"1920\" \/>\n\t<meta property=\"og:image:height\" content=\"1280\" \/>\n\t<meta property=\"og:image:type\" content=\"image\/jpeg\" \/>\n<meta name=\"twitter:card\" content=\"summary_large_image\" \/>\n<meta name=\"twitter:label1\" content=\"Gesch\u00e4tzte Lesezeit\" \/>\n\t<meta name=\"twitter:data1\" content=\"1\u00a0Minute\" \/>\n<script type=\"application\/ld+json\" class=\"yoast-schema-graph\">{\"@context\":\"https:\\\/\\\/schema.org\",\"@graph\":[{\"@type\":\"WebPage\",\"@id\":\"https:\\\/\\\/shop.bantam.ch\\\/de\\\/produkt\\\/bus-vorzelt-cross-air-drive-away-vw-180-210cm-300x300cm-65x32cm-1350kg\\\/\",\"url\":\"https:\\\/\\\/shop.bantam.ch\\\/de\\\/produkt\\\/bus-vorzelt-cross-air-drive-away-vw-180-210cm-300x300cm-65x32cm-1350kg\\\/\",\"name\":\"Bus Vorzelt - Cross AIR Drive-Away VW 180-210cm 300x300cm 65x32cm 13,50kg - Bantam Camping AG\",\"isPartOf\":{\"@id\":\"https:\\\/\\\/shop.bantam.ch\\\/de\\\/#website\"},\"primaryImageOfPage\":{\"@id\":\"https:\\\/\\\/shop.bantam.ch\\\/de\\\/produkt\\\/bus-vorzelt-cross-air-drive-away-vw-180-210cm-300x300cm-65x32cm-1350kg\\\/#primaryimage\"},\"image\":{\"@id\":\"https:\\\/\\\/shop.bantam.ch\\\/de\\\/produkt\\\/bus-vorzelt-cross-air-drive-away-vw-180-210cm-300x300cm-65x32cm-1350kg\\\/#primaryimage\"},\"thumbnailUrl\":\"https:\\\/\\\/shop.bantam.ch\\\/wp-content\\\/uploads\\\/2023\\\/03\\\/F_p24-38_Auvents_2019_Kundert_FR_Partie7_Page_1_Image_0007.jpg\",\"datePublished\":\"2023-03-01T17:57:45+00:00\",\"dateModified\":\"2026-04-18T20:01:23+00:00\",\"breadcrumb\":{\"@id\":\"https:\\\/\\\/shop.bantam.ch\\\/de\\\/produkt\\\/bus-vorzelt-cross-air-drive-away-vw-180-210cm-300x300cm-65x32cm-1350kg\\\/#breadcrumb\"},\"inLanguage\":\"de\",\"potentialAction\":[{\"@type\":\"ReadAction\",\"target\":[\"https:\\\/\\\/shop.bantam.ch\\\/de\\\/produkt\\\/bus-vorzelt-cross-air-drive-away-vw-180-210cm-300x300cm-65x32cm-1350kg\\\/\"]}]},{\"@type\":\"ImageObject\",\"inLanguage\":\"de\",\"@id\":\"https:\\\/\\\/shop.bantam.ch\\\/de\\\/produkt\\\/bus-vorzelt-cross-air-drive-away-vw-180-210cm-300x300cm-65x32cm-1350kg\\\/#primaryimage\",\"url\":\"https:\\\/\\\/shop.bantam.ch\\\/wp-content\\\/uploads\\\/2023\\\/03\\\/F_p24-38_Auvents_2019_Kundert_FR_Partie7_Page_1_Image_0007.jpg\",\"contentUrl\":\"https:\\\/\\\/shop.bantam.ch\\\/wp-content\\\/uploads\\\/2023\\\/03\\\/F_p24-38_Auvents_2019_Kundert_FR_Partie7_Page_1_Image_0007.jpg\",\"width\":1920,\"height\":1280},{\"@type\":\"BreadcrumbList\",\"@id\":\"https:\\\/\\\/shop.bantam.ch\\\/de\\\/produkt\\\/bus-vorzelt-cross-air-drive-away-vw-180-210cm-300x300cm-65x32cm-1350kg\\\/#breadcrumb\",\"itemListElement\":[{\"@type\":\"ListItem\",\"position\":1,\"name\":\"Accueil\",\"item\":\"https:\\\/\\\/shop.bantam.ch\\\/de\\\/\"},{\"@type\":\"ListItem\",\"position\":2,\"name\":\"Shop\",\"item\":\"https:\\\/\\\/shop.bantam.ch\\\/de\\\/shop\\\/\"},{\"@type\":\"ListItem\",\"position\":3,\"name\":\"Bus Vorzelt &#8211; Cross AIR Drive-Away VW 180-210cm 300x300cm 65x32cm 13,50kg\"}]},{\"@type\":\"WebSite\",\"@id\":\"https:\\\/\\\/shop.bantam.ch\\\/de\\\/#website\",\"url\":\"https:\\\/\\\/shop.bantam.ch\\\/de\\\/\",\"name\":\"Bantam Camping AG\",\"description\":\"\",\"publisher\":{\"@id\":\"https:\\\/\\\/shop.bantam.ch\\\/de\\\/#organization\"},\"inLanguage\":\"de\"},{\"@type\":\"Organization\",\"@id\":\"https:\\\/\\\/shop.bantam.ch\\\/de\\\/#organization\",\"name\":\"Bantam Camping AG\",\"url\":\"https:\\\/\\\/shop.bantam.ch\\\/de\\\/\",\"logo\":{\"@type\":\"ImageObject\",\"inLanguage\":\"de\",\"@id\":\"https:\\\/\\\/shop.bantam.ch\\\/de\\\/#\\\/schema\\\/logo\\\/image\\\/\",\"url\":\"https:\\\/\\\/shop.bantam.ch\\\/wp-content\\\/uploads\\\/2022\\\/12\\\/bantam-logo.png\",\"contentUrl\":\"https:\\\/\\\/shop.bantam.ch\\\/wp-content\\\/uploads\\\/2022\\\/12\\\/bantam-logo.png\",\"width\":320,\"height\":71,\"caption\":\"Bantam Camping AG\"},\"image\":{\"@id\":\"https:\\\/\\\/shop.bantam.ch\\\/de\\\/#\\\/schema\\\/logo\\\/image\\\/\"}}]}<\/script>\n<!-- \/ Yoast SEO plugin. -->","yoast_head_json":{"title":"Bus Vorzelt - Cross AIR Drive-Away VW 180-210cm 300x300cm 65x32cm 13,50kg - Bantam Camping AG","robots":{"index":"index","follow":"follow","max-snippet":"max-snippet:-1","max-image-preview":"max-image-preview:large","max-video-preview":"max-video-preview:-1"},"canonical":"https:\/\/shop.bantam.ch\/de\/produkt\/bus-vorzelt-cross-air-drive-away-vw-180-210cm-300x300cm-65x32cm-1350kg\/","og_locale":"de_DE","og_type":"article","og_title":"Bus Vorzelt - Cross AIR Drive-Away VW 180-210cm 300x300cm 65x32cm 13,50kg - Bantam Camping AG","og_description":"Travel Pod Cross AIR mehr Tiefe, zus\u00e4tzlicher Platz Auch in seiner \u00fcberarbeiteten Version f\u00fcr 2020 bleibt unser beliebter Klassiker Cross AIR ein Verkaufsschlager in der Travel Pod-Kollektion. Durch den Kampa-Luftrahmen hat das Cross AIR einen stabilen und ger\u00e4umigen Wohnbereich, dank der neuen, steileren Seitenw\u00e4nde bietet es eine verbesserte Stehh\u00f6he und mehr nutzbaren Raum. Nach der [&hellip;]","og_url":"https:\/\/shop.bantam.ch\/de\/produkt\/bus-vorzelt-cross-air-drive-away-vw-180-210cm-300x300cm-65x32cm-1350kg\/","og_site_name":"Bantam Camping AG","article_modified_time":"2026-04-18T20:01:23+00:00","og_image":[{"width":1920,"height":1280,"url":"https:\/\/shop.bantam.ch\/wp-content\/uploads\/2023\/03\/F_p24-38_Auvents_2019_Kundert_FR_Partie7_Page_1_Image_0007.jpg","type":"image\/jpeg"}],"twitter_card":"summary_large_image","twitter_misc":{"Gesch\u00e4tzte Lesezeit":"1\u00a0Minute"},"schema":{"@context":"https:\/\/schema.org","@graph":[{"@type":"WebPage","@id":"https:\/\/shop.bantam.ch\/de\/produkt\/bus-vorzelt-cross-air-drive-away-vw-180-210cm-300x300cm-65x32cm-1350kg\/","url":"https:\/\/shop.bantam.ch\/de\/produkt\/bus-vorzelt-cross-air-drive-away-vw-180-210cm-300x300cm-65x32cm-1350kg\/","name":"Bus Vorzelt - Cross AIR Drive-Away VW 180-210cm 300x300cm 65x32cm 13,50kg - Bantam Camping AG","isPartOf":{"@id":"https:\/\/shop.bantam.ch\/de\/#website"},"primaryImageOfPage":{"@id":"https:\/\/shop.bantam.ch\/de\/produkt\/bus-vorzelt-cross-air-drive-away-vw-180-210cm-300x300cm-65x32cm-1350kg\/#primaryimage"},"image":{"@id":"https:\/\/shop.bantam.ch\/de\/produkt\/bus-vorzelt-cross-air-drive-away-vw-180-210cm-300x300cm-65x32cm-1350kg\/#primaryimage"},"thumbnailUrl":"https:\/\/shop.bantam.ch\/wp-content\/uploads\/2023\/03\/F_p24-38_Auvents_2019_Kundert_FR_Partie7_Page_1_Image_0007.jpg","datePublished":"2023-03-01T17:57:45+00:00","dateModified":"2026-04-18T20:01:23+00:00","breadcrumb":{"@id":"https:\/\/shop.bantam.ch\/de\/produkt\/bus-vorzelt-cross-air-drive-away-vw-180-210cm-300x300cm-65x32cm-1350kg\/#breadcrumb"},"inLanguage":"de","potentialAction":[{"@type":"ReadAction","target":["https:\/\/shop.bantam.ch\/de\/produkt\/bus-vorzelt-cross-air-drive-away-vw-180-210cm-300x300cm-65x32cm-1350kg\/"]}]},{"@type":"ImageObject","inLanguage":"de","@id":"https:\/\/shop.bantam.ch\/de\/produkt\/bus-vorzelt-cross-air-drive-away-vw-180-210cm-300x300cm-65x32cm-1350kg\/#primaryimage","url":"https:\/\/shop.bantam.ch\/wp-content\/uploads\/2023\/03\/F_p24-38_Auvents_2019_Kundert_FR_Partie7_Page_1_Image_0007.jpg","contentUrl":"https:\/\/shop.bantam.ch\/wp-content\/uploads\/2023\/03\/F_p24-38_Auvents_2019_Kundert_FR_Partie7_Page_1_Image_0007.jpg","width":1920,"height":1280},{"@type":"BreadcrumbList","@id":"https:\/\/shop.bantam.ch\/de\/produkt\/bus-vorzelt-cross-air-drive-away-vw-180-210cm-300x300cm-65x32cm-1350kg\/#breadcrumb","itemListElement":[{"@type":"ListItem","position":1,"name":"Accueil","item":"https:\/\/shop.bantam.ch\/de\/"},{"@type":"ListItem","position":2,"name":"Shop","item":"https:\/\/shop.bantam.ch\/de\/shop\/"},{"@type":"ListItem","position":3,"name":"Bus Vorzelt &#8211; Cross AIR Drive-Away VW 180-210cm 300x300cm 65x32cm 13,50kg"}]},{"@type":"WebSite","@id":"https:\/\/shop.bantam.ch\/de\/#website","url":"https:\/\/shop.bantam.ch\/de\/","name":"Bantam Camping AG","description":"","publisher":{"@id":"https:\/\/shop.bantam.ch\/de\/#organization"},"inLanguage":"de"},{"@type":"Organization","@id":"https:\/\/shop.bantam.ch\/de\/#organization","name":"Bantam Camping AG","url":"https:\/\/shop.bantam.ch\/de\/","logo":{"@type":"ImageObject","inLanguage":"de","@id":"https:\/\/shop.bantam.ch\/de\/#\/schema\/logo\/image\/","url":"https:\/\/shop.bantam.ch\/wp-content\/uploads\/2022\/12\/bantam-logo.png","contentUrl":"https:\/\/shop.bantam.ch\/wp-content\/uploads\/2022\/12\/bantam-logo.png","width":320,"height":71,"caption":"Bantam Camping AG"},"image":{"@id":"https:\/\/shop.bantam.ch\/de\/#\/schema\/logo\/image\/"}}]}},"_links":{"self":[{"href":"https:\/\/shop.bantam.ch\/de\/wp-json\/wp\/v2\/product\/136752","targetHints":{"allow":["GET"]}}],"collection":[{"href":"https:\/\/shop.bantam.ch\/de\/wp-json\/wp\/v2\/product"}],"about":[{"href":"https:\/\/shop.bantam.ch\/de\/wp-json\/wp\/v2\/types\/product"}],"wp:featuredmedia":[{"embeddable":true,"href":"https:\/\/shop.bantam.ch\/de\/wp-json\/wp\/v2\/media\/136750"}],"wp:attachment":[{"href":"https:\/\/shop.bantam.ch\/de\/wp-json\/wp\/v2\/media?parent=136752"}],"wp:term":[{"taxonomy":"product_featured_cat","embeddable":true,"href":"https:\/\/shop.bantam.ch\/de\/wp-json\/wp\/v2\/product_featured_cat?post=136752"},{"taxonomy":"product_brand","embeddable":true,"href":"https:\/\/shop.bantam.ch\/de\/wp-json\/wp\/v2\/product_brand?post=136752"},{"taxonomy":"product_cat","embeddable":true,"href":"https:\/\/shop.bantam.ch\/de\/wp-json\/wp\/v2\/product_cat?post=136752"},{"taxonomy":"product_tag","embeddable":true,"href":"https:\/\/shop.bantam.ch\/de\/wp-json\/wp\/v2\/product_tag?post=136752"}],"curies":[{"name":"wp","href":"https:\/\/api.w.org\/{rel}","templated":true}]}}