{"id":136702,"date":"2023-03-01T18:56:41","date_gmt":"2023-03-01T17:56:41","guid":{"rendered":"https:\/\/shop.bantam.ch\/produit\/batterie-ladegeraet-3-8a-6v-12v\/"},"modified":"2026-05-11T21:57:48","modified_gmt":"2026-05-11T19:57:48","slug":"batterie-ladegeraet-3-8a-6v-12v","status":"publish","type":"product","link":"https:\/\/shop.bantam.ch\/de\/produkt\/batterie-ladegeraet-3-8a-6v-12v\/","title":{"rendered":"Batterie Ladeger\u00e4t 3.8A 6V\/12V"},"content":{"rendered":"<p><span lang=\"DE-CH\">Das autonome und einfach zu bedienende Moove 12V-Batterieladeger\u00e4t passt sich dank der mitgelieferten Anschl\u00fcsse an mehrere Anwendungen an. Es l\u00e4dt, steuert und pflegt die 6 bis 12V-Batterien Ihrer Fahrzeuge (Wohnmobil, Auto, Motorrad) auch in Meeresumgebungen (wasserdicht).<\/span><\/p>\n<p><span lang=\"DE-CH\">Ideal zum Aufladen aller 6 bis12V Blei-, S\u00e4ure- oder Gelbatterien.<\/span><\/p>\n<p><span lang=\"DE-CH\">4 Lademodi: Automatikfunktion f\u00fcr Ladeerhaltung, Schnell- und Langsamladung sowie der Winterladung.<\/span><\/p>\n<p><span lang=\"DE-CH\">Technische Daten: Nettogewicht: 0,608 kg<\/span><\/p>\n<p><span lang=\"DE-CH\">Abmessungen: 245x80x55mm.<\/span><\/p>\n<p><span lang=\"DE-CH\">Eingang: 220-240VAC, 0,45A,<\/span><\/p>\n<p><span lang=\"DE-CH\">Intensit\u00e4t: 50-60Hz &#8211; 12V 1A \/ 4A Ausgang &#8211; 6V 4A Ausgang.<\/span><\/p>\n<p><span lang=\"DE-CH\">Betriebstemperatur: -20\u00b0C bis +50\u00b0C<\/span><\/p>\n<p><span lang=\"DE-CH\">Wasserdichtigkeit: IP 65.<\/span><\/p>\n<p><span lang=\"DE-CH\">Schutz: Verpolung, Kurzschluss, hohe Temperatur.<\/span><\/p>\n<p><span lang=\"DE-CH\">Lieferung mit Klemmen zum direkten Anschluss.<\/span><\/p>\n","protected":false},"excerpt":{"rendered":"<p>Das autonome und einfach zu bedienende Moove 12V-Batterieladeger\u00e4t passt sich dank der mitgelieferten Anschl\u00fcsse an mehrere Anwendungen an. Es l\u00e4dt, steuert und pflegt die 6 bis 12V-Batterien Ihrer Fahrzeuge (Wohnmobil, Auto, Motorrad) auch in Meeresumgebungen (wasserdicht). Ideal zum Aufladen aller 6 bis12V Blei-, S\u00e4ure- oder Gelbatterien. 4 Lademodi: Automatikfunktion f\u00fcr Ladeerhaltung, Schnell- und Langsamladung sowie [&hellip;]<\/p>\n","protected":false},"featured_media":136696,"template":"","meta":{"_acf_changed":false},"product_featured_cat":[],"product_brand":[3707],"product_cat":[4912],"product_tag":[],"class_list":{"0":"post-136702","1":"product","2":"type-product","3":"status-publish","4":"has-post-thumbnail","6":"product_brand-dunlop-de","7":"product_cat-ladegeraete","9":"first","10":"instock","11":"taxable","12":"shipping-taxable","13":"purchasable","14":"product-type-simple"},"acf":[],"yoast_head":"<!-- This site is optimized with the Yoast SEO plugin v27.5 - https:\/\/yoast.com\/product\/yoast-seo-wordpress\/ -->\n<title>Batterie Ladeger\u00e4t 3.8A 6V\/12V - Bantam<\/title>\n<meta name=\"robots\" content=\"index, follow, max-snippet:-1, max-image-preview:large, max-video-preview:-1\" \/>\n<link rel=\"canonical\" href=\"https:\/\/shop.bantam.ch\/de\/produkt\/batterie-ladegeraet-3-8a-6v-12v\/\" \/>\n<meta property=\"og:locale\" content=\"de_DE\" \/>\n<meta property=\"og:type\" content=\"article\" \/>\n<meta property=\"og:title\" content=\"Batterie Ladeger\u00e4t 3.8A 6V\/12V - Bantam\" \/>\n<meta property=\"og:description\" content=\"Das autonome und einfach zu bedienende Moove 12V-Batterieladeger\u00e4t passt sich dank der mitgelieferten Anschl\u00fcsse an mehrere Anwendungen an. Es l\u00e4dt, steuert und pflegt die 6 bis 12V-Batterien Ihrer Fahrzeuge (Wohnmobil, Auto, Motorrad) auch in Meeresumgebungen (wasserdicht). Ideal zum Aufladen aller 6 bis12V Blei-, S\u00e4ure- oder Gelbatterien. 4 Lademodi: Automatikfunktion f\u00fcr Ladeerhaltung, Schnell- und Langsamladung sowie [&hellip;]\" \/>\n<meta property=\"og:url\" content=\"https:\/\/shop.bantam.ch\/de\/produkt\/batterie-ladegeraet-3-8a-6v-12v\/\" \/>\n<meta property=\"og:site_name\" content=\"Bantam\" \/>\n<meta property=\"article:modified_time\" content=\"2026-05-11T19:57:48+00:00\" \/>\n<meta property=\"og:image\" content=\"https:\/\/shop.bantam.ch\/wp-content\/uploads\/2023\/03\/13022005.jpg\" \/>\n\t<meta property=\"og:image:width\" content=\"576\" \/>\n\t<meta property=\"og:image:height\" content=\"492\" \/>\n\t<meta property=\"og:image:type\" content=\"image\/jpeg\" \/>\n<meta name=\"twitter:card\" content=\"summary_large_image\" \/>\n<meta name=\"twitter:label1\" content=\"Gesch\u00e4tzte Lesezeit\" \/>\n\t<meta name=\"twitter:data1\" content=\"1\u00a0Minute\" \/>\n<script type=\"application\/ld+json\" class=\"yoast-schema-graph\">{\"@context\":\"https:\\\/\\\/schema.org\",\"@graph\":[{\"@type\":\"WebPage\",\"@id\":\"https:\\\/\\\/shop.bantam.ch\\\/de\\\/produkt\\\/batterie-ladegeraet-3-8a-6v-12v\\\/\",\"url\":\"https:\\\/\\\/shop.bantam.ch\\\/de\\\/produkt\\\/batterie-ladegeraet-3-8a-6v-12v\\\/\",\"name\":\"Batterie Ladeger\u00e4t 3.8A 6V\\\/12V - Bantam\",\"isPartOf\":{\"@id\":\"https:\\\/\\\/shop.bantam.ch\\\/de\\\/#website\"},\"primaryImageOfPage\":{\"@id\":\"https:\\\/\\\/shop.bantam.ch\\\/de\\\/produkt\\\/batterie-ladegeraet-3-8a-6v-12v\\\/#primaryimage\"},\"image\":{\"@id\":\"https:\\\/\\\/shop.bantam.ch\\\/de\\\/produkt\\\/batterie-ladegeraet-3-8a-6v-12v\\\/#primaryimage\"},\"thumbnailUrl\":\"https:\\\/\\\/shop.bantam.ch\\\/wp-content\\\/uploads\\\/2023\\\/03\\\/13022005.jpg\",\"datePublished\":\"2023-03-01T17:56:41+00:00\",\"dateModified\":\"2026-05-11T19:57:48+00:00\",\"breadcrumb\":{\"@id\":\"https:\\\/\\\/shop.bantam.ch\\\/de\\\/produkt\\\/batterie-ladegeraet-3-8a-6v-12v\\\/#breadcrumb\"},\"inLanguage\":\"de\",\"potentialAction\":[{\"@type\":\"ReadAction\",\"target\":[\"https:\\\/\\\/shop.bantam.ch\\\/de\\\/produkt\\\/batterie-ladegeraet-3-8a-6v-12v\\\/\"]}]},{\"@type\":\"ImageObject\",\"inLanguage\":\"de\",\"@id\":\"https:\\\/\\\/shop.bantam.ch\\\/de\\\/produkt\\\/batterie-ladegeraet-3-8a-6v-12v\\\/#primaryimage\",\"url\":\"https:\\\/\\\/shop.bantam.ch\\\/wp-content\\\/uploads\\\/2023\\\/03\\\/13022005.jpg\",\"contentUrl\":\"https:\\\/\\\/shop.bantam.ch\\\/wp-content\\\/uploads\\\/2023\\\/03\\\/13022005.jpg\",\"width\":576,\"height\":492},{\"@type\":\"BreadcrumbList\",\"@id\":\"https:\\\/\\\/shop.bantam.ch\\\/de\\\/produkt\\\/batterie-ladegeraet-3-8a-6v-12v\\\/#breadcrumb\",\"itemListElement\":[{\"@type\":\"ListItem\",\"position\":1,\"name\":\"Accueil\",\"item\":\"https:\\\/\\\/shop.bantam.ch\\\/de\\\/\"},{\"@type\":\"ListItem\",\"position\":2,\"name\":\"Shop\",\"item\":\"https:\\\/\\\/shop.bantam.ch\\\/de\\\/shop\\\/\"},{\"@type\":\"ListItem\",\"position\":3,\"name\":\"Batterie Ladeger\u00e4t 3.8A 6V\\\/12V\"}]},{\"@type\":\"WebSite\",\"@id\":\"https:\\\/\\\/shop.bantam.ch\\\/de\\\/#website\",\"url\":\"https:\\\/\\\/shop.bantam.ch\\\/de\\\/\",\"name\":\"Bantam\",\"description\":\"\",\"publisher\":{\"@id\":\"https:\\\/\\\/shop.bantam.ch\\\/de\\\/#organization\"},\"inLanguage\":\"de\"},{\"@type\":\"Organization\",\"@id\":\"https:\\\/\\\/shop.bantam.ch\\\/de\\\/#organization\",\"name\":\"Bantam\",\"url\":\"https:\\\/\\\/shop.bantam.ch\\\/de\\\/\",\"logo\":{\"@type\":\"ImageObject\",\"inLanguage\":\"de\",\"@id\":\"https:\\\/\\\/shop.bantam.ch\\\/de\\\/#\\\/schema\\\/logo\\\/image\\\/\",\"url\":\"https:\\\/\\\/shop.bantam.ch\\\/wp-content\\\/uploads\\\/2022\\\/12\\\/bantam-logo.png\",\"contentUrl\":\"https:\\\/\\\/shop.bantam.ch\\\/wp-content\\\/uploads\\\/2022\\\/12\\\/bantam-logo.png\",\"width\":320,\"height\":71,\"caption\":\"Bantam\"},\"image\":{\"@id\":\"https:\\\/\\\/shop.bantam.ch\\\/de\\\/#\\\/schema\\\/logo\\\/image\\\/\"}}]}<\/script>\n<!-- \/ Yoast SEO plugin. -->","yoast_head_json":{"title":"Batterie Ladeger\u00e4t 3.8A 6V\/12V - Bantam","robots":{"index":"index","follow":"follow","max-snippet":"max-snippet:-1","max-image-preview":"max-image-preview:large","max-video-preview":"max-video-preview:-1"},"canonical":"https:\/\/shop.bantam.ch\/de\/produkt\/batterie-ladegeraet-3-8a-6v-12v\/","og_locale":"de_DE","og_type":"article","og_title":"Batterie Ladeger\u00e4t 3.8A 6V\/12V - Bantam","og_description":"Das autonome und einfach zu bedienende Moove 12V-Batterieladeger\u00e4t passt sich dank der mitgelieferten Anschl\u00fcsse an mehrere Anwendungen an. Es l\u00e4dt, steuert und pflegt die 6 bis 12V-Batterien Ihrer Fahrzeuge (Wohnmobil, Auto, Motorrad) auch in Meeresumgebungen (wasserdicht). Ideal zum Aufladen aller 6 bis12V Blei-, S\u00e4ure- oder Gelbatterien. 4 Lademodi: Automatikfunktion f\u00fcr Ladeerhaltung, Schnell- und Langsamladung sowie [&hellip;]","og_url":"https:\/\/shop.bantam.ch\/de\/produkt\/batterie-ladegeraet-3-8a-6v-12v\/","og_site_name":"Bantam","article_modified_time":"2026-05-11T19:57:48+00:00","og_image":[{"width":576,"height":492,"url":"https:\/\/shop.bantam.ch\/wp-content\/uploads\/2023\/03\/13022005.jpg","type":"image\/jpeg"}],"twitter_card":"summary_large_image","twitter_misc":{"Gesch\u00e4tzte Lesezeit":"1\u00a0Minute"},"schema":{"@context":"https:\/\/schema.org","@graph":[{"@type":"WebPage","@id":"https:\/\/shop.bantam.ch\/de\/produkt\/batterie-ladegeraet-3-8a-6v-12v\/","url":"https:\/\/shop.bantam.ch\/de\/produkt\/batterie-ladegeraet-3-8a-6v-12v\/","name":"Batterie Ladeger\u00e4t 3.8A 6V\/12V - Bantam","isPartOf":{"@id":"https:\/\/shop.bantam.ch\/de\/#website"},"primaryImageOfPage":{"@id":"https:\/\/shop.bantam.ch\/de\/produkt\/batterie-ladegeraet-3-8a-6v-12v\/#primaryimage"},"image":{"@id":"https:\/\/shop.bantam.ch\/de\/produkt\/batterie-ladegeraet-3-8a-6v-12v\/#primaryimage"},"thumbnailUrl":"https:\/\/shop.bantam.ch\/wp-content\/uploads\/2023\/03\/13022005.jpg","datePublished":"2023-03-01T17:56:41+00:00","dateModified":"2026-05-11T19:57:48+00:00","breadcrumb":{"@id":"https:\/\/shop.bantam.ch\/de\/produkt\/batterie-ladegeraet-3-8a-6v-12v\/#breadcrumb"},"inLanguage":"de","potentialAction":[{"@type":"ReadAction","target":["https:\/\/shop.bantam.ch\/de\/produkt\/batterie-ladegeraet-3-8a-6v-12v\/"]}]},{"@type":"ImageObject","inLanguage":"de","@id":"https:\/\/shop.bantam.ch\/de\/produkt\/batterie-ladegeraet-3-8a-6v-12v\/#primaryimage","url":"https:\/\/shop.bantam.ch\/wp-content\/uploads\/2023\/03\/13022005.jpg","contentUrl":"https:\/\/shop.bantam.ch\/wp-content\/uploads\/2023\/03\/13022005.jpg","width":576,"height":492},{"@type":"BreadcrumbList","@id":"https:\/\/shop.bantam.ch\/de\/produkt\/batterie-ladegeraet-3-8a-6v-12v\/#breadcrumb","itemListElement":[{"@type":"ListItem","position":1,"name":"Accueil","item":"https:\/\/shop.bantam.ch\/de\/"},{"@type":"ListItem","position":2,"name":"Shop","item":"https:\/\/shop.bantam.ch\/de\/shop\/"},{"@type":"ListItem","position":3,"name":"Batterie Ladeger\u00e4t 3.8A 6V\/12V"}]},{"@type":"WebSite","@id":"https:\/\/shop.bantam.ch\/de\/#website","url":"https:\/\/shop.bantam.ch\/de\/","name":"Bantam","description":"","publisher":{"@id":"https:\/\/shop.bantam.ch\/de\/#organization"},"inLanguage":"de"},{"@type":"Organization","@id":"https:\/\/shop.bantam.ch\/de\/#organization","name":"Bantam","url":"https:\/\/shop.bantam.ch\/de\/","logo":{"@type":"ImageObject","inLanguage":"de","@id":"https:\/\/shop.bantam.ch\/de\/#\/schema\/logo\/image\/","url":"https:\/\/shop.bantam.ch\/wp-content\/uploads\/2022\/12\/bantam-logo.png","contentUrl":"https:\/\/shop.bantam.ch\/wp-content\/uploads\/2022\/12\/bantam-logo.png","width":320,"height":71,"caption":"Bantam"},"image":{"@id":"https:\/\/shop.bantam.ch\/de\/#\/schema\/logo\/image\/"}}]}},"_links":{"self":[{"href":"https:\/\/shop.bantam.ch\/de\/wp-json\/wp\/v2\/product\/136702","targetHints":{"allow":["GET"]}}],"collection":[{"href":"https:\/\/shop.bantam.ch\/de\/wp-json\/wp\/v2\/product"}],"about":[{"href":"https:\/\/shop.bantam.ch\/de\/wp-json\/wp\/v2\/types\/product"}],"wp:featuredmedia":[{"embeddable":true,"href":"https:\/\/shop.bantam.ch\/de\/wp-json\/wp\/v2\/media\/136696"}],"wp:attachment":[{"href":"https:\/\/shop.bantam.ch\/de\/wp-json\/wp\/v2\/media?parent=136702"}],"wp:term":[{"taxonomy":"product_featured_cat","embeddable":true,"href":"https:\/\/shop.bantam.ch\/de\/wp-json\/wp\/v2\/product_featured_cat?post=136702"},{"taxonomy":"product_brand","embeddable":true,"href":"https:\/\/shop.bantam.ch\/de\/wp-json\/wp\/v2\/product_brand?post=136702"},{"taxonomy":"product_cat","embeddable":true,"href":"https:\/\/shop.bantam.ch\/de\/wp-json\/wp\/v2\/product_cat?post=136702"},{"taxonomy":"product_tag","embeddable":true,"href":"https:\/\/shop.bantam.ch\/de\/wp-json\/wp\/v2\/product_tag?post=136702"}],"curies":[{"name":"wp","href":"https:\/\/api.w.org\/{rel}","templated":true}]}}