{"id":136543,"date":"2023-03-01T18:54:55","date_gmt":"2023-03-01T17:54:55","guid":{"rendered":"https:\/\/shop.bantam.ch\/produit\/premium-familienaufblastzelte-boracay-ftc-301-tc\/"},"modified":"2026-04-18T22:00:52","modified_gmt":"2026-04-18T20:00:52","slug":"premium-familienaufblastzelte-boracay-ftc-301-tc","status":"publish","type":"product","link":"https:\/\/shop.bantam.ch\/de\/produkt\/premium-familienaufblastzelte-boracay-ftc-301-tc\/","title":{"rendered":"Premium-Familienaufblastzelte BORACAY FTC 301 TC"},"content":{"rendered":"<p>Genie\u00dfen Sie die freie Natur mit einem Dometic Boracay FTC 301 TC. Unsere PremiumFamilienzelte verf\u00fcgen \u00fcber die neuesten Innovationen in Design und Funktion und bieten Komfort und Privatsph\u00e4re f\u00fcr Ihre Campingausfl\u00fcge. Die f\u00fcr Dometic einzigartigen Merkmale umfassen den praktischen hinteren Stauraum, einen robusten Luftrahmen und strapazierf\u00e4hige Stoffe h\u00f6chster Qualit\u00e4t. Alle wurden aufgrund ihrer Zuverl\u00e4ssigkeit ausgew\u00e4hlt und um Ihre Erfahrung bei der Erkundung der Natur zusammen mit Ihrer Familie zu verbessern.<\/p>\n<p>\u00a0<\/p>\n","protected":false},"excerpt":{"rendered":"<p>Genie\u00dfen Sie die freie Natur mit einem Dometic Boracay FTC 301 TC. Unsere PremiumFamilienzelte verf\u00fcgen \u00fcber die neuesten Innovationen in Design und Funktion und bieten Komfort und Privatsph\u00e4re f\u00fcr Ihre Campingausfl\u00fcge. Die f\u00fcr Dometic einzigartigen Merkmale umfassen den praktischen hinteren Stauraum, einen robusten Luftrahmen und strapazierf\u00e4hige Stoffe h\u00f6chster Qualit\u00e4t. Alle wurden aufgrund ihrer Zuverl\u00e4ssigkeit ausgew\u00e4hlt [&hellip;]<\/p>\n","protected":false},"featured_media":136541,"template":"","meta":{"_acf_changed":false},"product_featured_cat":[],"product_brand":[3029],"product_cat":[3980],"product_tag":[],"class_list":{"0":"post-136543","1":"product","2":"type-product","3":"status-publish","4":"has-post-thumbnail","6":"product_brand-dometic-de","7":"product_cat-vorzelte","9":"first","10":"instock","11":"taxable","12":"shipping-taxable","13":"purchasable","14":"product-type-simple"},"acf":[],"yoast_head":"<!-- This site is optimized with the Yoast SEO plugin v27.4 - https:\/\/yoast.com\/product\/yoast-seo-wordpress\/ -->\n<title>Premium-Familienaufblastzelte BORACAY FTC 301 TC - Bantam Camping AG<\/title>\n<meta name=\"robots\" content=\"index, follow, max-snippet:-1, max-image-preview:large, max-video-preview:-1\" \/>\n<link rel=\"canonical\" href=\"https:\/\/shop.bantam.ch\/de\/produkt\/premium-familienaufblastzelte-boracay-ftc-301-tc\/\" \/>\n<meta property=\"og:locale\" content=\"de_DE\" \/>\n<meta property=\"og:type\" content=\"article\" \/>\n<meta property=\"og:title\" content=\"Premium-Familienaufblastzelte BORACAY FTC 301 TC - Bantam Camping AG\" \/>\n<meta property=\"og:description\" content=\"Genie\u00dfen Sie die freie Natur mit einem Dometic Boracay FTC 301 TC. Unsere PremiumFamilienzelte verf\u00fcgen \u00fcber die neuesten Innovationen in Design und Funktion und bieten Komfort und Privatsph\u00e4re f\u00fcr Ihre Campingausfl\u00fcge. Die f\u00fcr Dometic einzigartigen Merkmale umfassen den praktischen hinteren Stauraum, einen robusten Luftrahmen und strapazierf\u00e4hige Stoffe h\u00f6chster Qualit\u00e4t. Alle wurden aufgrund ihrer Zuverl\u00e4ssigkeit ausgew\u00e4hlt [&hellip;]\" \/>\n<meta property=\"og:url\" content=\"https:\/\/shop.bantam.ch\/de\/produkt\/premium-familienaufblastzelte-boracay-ftc-301-tc\/\" \/>\n<meta property=\"og:site_name\" content=\"Bantam Camping AG\" \/>\n<meta property=\"article:modified_time\" content=\"2026-04-18T20:00:52+00:00\" \/>\n<meta property=\"og:image\" content=\"https:\/\/shop.bantam.ch\/wp-content\/uploads\/2023\/03\/15021040-tente.jpg\" \/>\n\t<meta property=\"og:image:width\" content=\"1181\" \/>\n\t<meta property=\"og:image:height\" content=\"1181\" \/>\n\t<meta property=\"og:image:type\" content=\"image\/jpeg\" \/>\n<meta name=\"twitter:card\" content=\"summary_large_image\" \/>\n<script type=\"application\/ld+json\" class=\"yoast-schema-graph\">{\"@context\":\"https:\\\/\\\/schema.org\",\"@graph\":[{\"@type\":\"WebPage\",\"@id\":\"https:\\\/\\\/shop.bantam.ch\\\/de\\\/produkt\\\/premium-familienaufblastzelte-boracay-ftc-301-tc\\\/\",\"url\":\"https:\\\/\\\/shop.bantam.ch\\\/de\\\/produkt\\\/premium-familienaufblastzelte-boracay-ftc-301-tc\\\/\",\"name\":\"Premium-Familienaufblastzelte BORACAY FTC 301 TC - Bantam Camping AG\",\"isPartOf\":{\"@id\":\"https:\\\/\\\/shop.bantam.ch\\\/de\\\/#website\"},\"primaryImageOfPage\":{\"@id\":\"https:\\\/\\\/shop.bantam.ch\\\/de\\\/produkt\\\/premium-familienaufblastzelte-boracay-ftc-301-tc\\\/#primaryimage\"},\"image\":{\"@id\":\"https:\\\/\\\/shop.bantam.ch\\\/de\\\/produkt\\\/premium-familienaufblastzelte-boracay-ftc-301-tc\\\/#primaryimage\"},\"thumbnailUrl\":\"https:\\\/\\\/shop.bantam.ch\\\/wp-content\\\/uploads\\\/2023\\\/03\\\/15021040-tente.jpg\",\"datePublished\":\"2023-03-01T17:54:55+00:00\",\"dateModified\":\"2026-04-18T20:00:52+00:00\",\"breadcrumb\":{\"@id\":\"https:\\\/\\\/shop.bantam.ch\\\/de\\\/produkt\\\/premium-familienaufblastzelte-boracay-ftc-301-tc\\\/#breadcrumb\"},\"inLanguage\":\"de\",\"potentialAction\":[{\"@type\":\"ReadAction\",\"target\":[\"https:\\\/\\\/shop.bantam.ch\\\/de\\\/produkt\\\/premium-familienaufblastzelte-boracay-ftc-301-tc\\\/\"]}]},{\"@type\":\"ImageObject\",\"inLanguage\":\"de\",\"@id\":\"https:\\\/\\\/shop.bantam.ch\\\/de\\\/produkt\\\/premium-familienaufblastzelte-boracay-ftc-301-tc\\\/#primaryimage\",\"url\":\"https:\\\/\\\/shop.bantam.ch\\\/wp-content\\\/uploads\\\/2023\\\/03\\\/15021040-tente.jpg\",\"contentUrl\":\"https:\\\/\\\/shop.bantam.ch\\\/wp-content\\\/uploads\\\/2023\\\/03\\\/15021040-tente.jpg\",\"width\":1181,\"height\":1181},{\"@type\":\"BreadcrumbList\",\"@id\":\"https:\\\/\\\/shop.bantam.ch\\\/de\\\/produkt\\\/premium-familienaufblastzelte-boracay-ftc-301-tc\\\/#breadcrumb\",\"itemListElement\":[{\"@type\":\"ListItem\",\"position\":1,\"name\":\"Accueil\",\"item\":\"https:\\\/\\\/shop.bantam.ch\\\/de\\\/\"},{\"@type\":\"ListItem\",\"position\":2,\"name\":\"Shop\",\"item\":\"https:\\\/\\\/shop.bantam.ch\\\/de\\\/shop\\\/\"},{\"@type\":\"ListItem\",\"position\":3,\"name\":\"Premium-Familienaufblastzelte BORACAY FTC 301 TC\"}]},{\"@type\":\"WebSite\",\"@id\":\"https:\\\/\\\/shop.bantam.ch\\\/de\\\/#website\",\"url\":\"https:\\\/\\\/shop.bantam.ch\\\/de\\\/\",\"name\":\"Bantam Camping AG\",\"description\":\"\",\"publisher\":{\"@id\":\"https:\\\/\\\/shop.bantam.ch\\\/de\\\/#organization\"},\"inLanguage\":\"de\"},{\"@type\":\"Organization\",\"@id\":\"https:\\\/\\\/shop.bantam.ch\\\/de\\\/#organization\",\"name\":\"Bantam Camping AG\",\"url\":\"https:\\\/\\\/shop.bantam.ch\\\/de\\\/\",\"logo\":{\"@type\":\"ImageObject\",\"inLanguage\":\"de\",\"@id\":\"https:\\\/\\\/shop.bantam.ch\\\/de\\\/#\\\/schema\\\/logo\\\/image\\\/\",\"url\":\"https:\\\/\\\/shop.bantam.ch\\\/wp-content\\\/uploads\\\/2022\\\/12\\\/bantam-logo.png\",\"contentUrl\":\"https:\\\/\\\/shop.bantam.ch\\\/wp-content\\\/uploads\\\/2022\\\/12\\\/bantam-logo.png\",\"width\":320,\"height\":71,\"caption\":\"Bantam Camping AG\"},\"image\":{\"@id\":\"https:\\\/\\\/shop.bantam.ch\\\/de\\\/#\\\/schema\\\/logo\\\/image\\\/\"}}]}<\/script>\n<!-- \/ Yoast SEO plugin. -->","yoast_head_json":{"title":"Premium-Familienaufblastzelte BORACAY FTC 301 TC - Bantam Camping AG","robots":{"index":"index","follow":"follow","max-snippet":"max-snippet:-1","max-image-preview":"max-image-preview:large","max-video-preview":"max-video-preview:-1"},"canonical":"https:\/\/shop.bantam.ch\/de\/produkt\/premium-familienaufblastzelte-boracay-ftc-301-tc\/","og_locale":"de_DE","og_type":"article","og_title":"Premium-Familienaufblastzelte BORACAY FTC 301 TC - Bantam Camping AG","og_description":"Genie\u00dfen Sie die freie Natur mit einem Dometic Boracay FTC 301 TC. Unsere PremiumFamilienzelte verf\u00fcgen \u00fcber die neuesten Innovationen in Design und Funktion und bieten Komfort und Privatsph\u00e4re f\u00fcr Ihre Campingausfl\u00fcge. Die f\u00fcr Dometic einzigartigen Merkmale umfassen den praktischen hinteren Stauraum, einen robusten Luftrahmen und strapazierf\u00e4hige Stoffe h\u00f6chster Qualit\u00e4t. Alle wurden aufgrund ihrer Zuverl\u00e4ssigkeit ausgew\u00e4hlt [&hellip;]","og_url":"https:\/\/shop.bantam.ch\/de\/produkt\/premium-familienaufblastzelte-boracay-ftc-301-tc\/","og_site_name":"Bantam Camping AG","article_modified_time":"2026-04-18T20:00:52+00:00","og_image":[{"width":1181,"height":1181,"url":"https:\/\/shop.bantam.ch\/wp-content\/uploads\/2023\/03\/15021040-tente.jpg","type":"image\/jpeg"}],"twitter_card":"summary_large_image","schema":{"@context":"https:\/\/schema.org","@graph":[{"@type":"WebPage","@id":"https:\/\/shop.bantam.ch\/de\/produkt\/premium-familienaufblastzelte-boracay-ftc-301-tc\/","url":"https:\/\/shop.bantam.ch\/de\/produkt\/premium-familienaufblastzelte-boracay-ftc-301-tc\/","name":"Premium-Familienaufblastzelte BORACAY FTC 301 TC - Bantam Camping AG","isPartOf":{"@id":"https:\/\/shop.bantam.ch\/de\/#website"},"primaryImageOfPage":{"@id":"https:\/\/shop.bantam.ch\/de\/produkt\/premium-familienaufblastzelte-boracay-ftc-301-tc\/#primaryimage"},"image":{"@id":"https:\/\/shop.bantam.ch\/de\/produkt\/premium-familienaufblastzelte-boracay-ftc-301-tc\/#primaryimage"},"thumbnailUrl":"https:\/\/shop.bantam.ch\/wp-content\/uploads\/2023\/03\/15021040-tente.jpg","datePublished":"2023-03-01T17:54:55+00:00","dateModified":"2026-04-18T20:00:52+00:00","breadcrumb":{"@id":"https:\/\/shop.bantam.ch\/de\/produkt\/premium-familienaufblastzelte-boracay-ftc-301-tc\/#breadcrumb"},"inLanguage":"de","potentialAction":[{"@type":"ReadAction","target":["https:\/\/shop.bantam.ch\/de\/produkt\/premium-familienaufblastzelte-boracay-ftc-301-tc\/"]}]},{"@type":"ImageObject","inLanguage":"de","@id":"https:\/\/shop.bantam.ch\/de\/produkt\/premium-familienaufblastzelte-boracay-ftc-301-tc\/#primaryimage","url":"https:\/\/shop.bantam.ch\/wp-content\/uploads\/2023\/03\/15021040-tente.jpg","contentUrl":"https:\/\/shop.bantam.ch\/wp-content\/uploads\/2023\/03\/15021040-tente.jpg","width":1181,"height":1181},{"@type":"BreadcrumbList","@id":"https:\/\/shop.bantam.ch\/de\/produkt\/premium-familienaufblastzelte-boracay-ftc-301-tc\/#breadcrumb","itemListElement":[{"@type":"ListItem","position":1,"name":"Accueil","item":"https:\/\/shop.bantam.ch\/de\/"},{"@type":"ListItem","position":2,"name":"Shop","item":"https:\/\/shop.bantam.ch\/de\/shop\/"},{"@type":"ListItem","position":3,"name":"Premium-Familienaufblastzelte BORACAY FTC 301 TC"}]},{"@type":"WebSite","@id":"https:\/\/shop.bantam.ch\/de\/#website","url":"https:\/\/shop.bantam.ch\/de\/","name":"Bantam Camping AG","description":"","publisher":{"@id":"https:\/\/shop.bantam.ch\/de\/#organization"},"inLanguage":"de"},{"@type":"Organization","@id":"https:\/\/shop.bantam.ch\/de\/#organization","name":"Bantam Camping AG","url":"https:\/\/shop.bantam.ch\/de\/","logo":{"@type":"ImageObject","inLanguage":"de","@id":"https:\/\/shop.bantam.ch\/de\/#\/schema\/logo\/image\/","url":"https:\/\/shop.bantam.ch\/wp-content\/uploads\/2022\/12\/bantam-logo.png","contentUrl":"https:\/\/shop.bantam.ch\/wp-content\/uploads\/2022\/12\/bantam-logo.png","width":320,"height":71,"caption":"Bantam Camping AG"},"image":{"@id":"https:\/\/shop.bantam.ch\/de\/#\/schema\/logo\/image\/"}}]}},"_links":{"self":[{"href":"https:\/\/shop.bantam.ch\/de\/wp-json\/wp\/v2\/product\/136543","targetHints":{"allow":["GET"]}}],"collection":[{"href":"https:\/\/shop.bantam.ch\/de\/wp-json\/wp\/v2\/product"}],"about":[{"href":"https:\/\/shop.bantam.ch\/de\/wp-json\/wp\/v2\/types\/product"}],"wp:featuredmedia":[{"embeddable":true,"href":"https:\/\/shop.bantam.ch\/de\/wp-json\/wp\/v2\/media\/136541"}],"wp:attachment":[{"href":"https:\/\/shop.bantam.ch\/de\/wp-json\/wp\/v2\/media?parent=136543"}],"wp:term":[{"taxonomy":"product_featured_cat","embeddable":true,"href":"https:\/\/shop.bantam.ch\/de\/wp-json\/wp\/v2\/product_featured_cat?post=136543"},{"taxonomy":"product_brand","embeddable":true,"href":"https:\/\/shop.bantam.ch\/de\/wp-json\/wp\/v2\/product_brand?post=136543"},{"taxonomy":"product_cat","embeddable":true,"href":"https:\/\/shop.bantam.ch\/de\/wp-json\/wp\/v2\/product_cat?post=136543"},{"taxonomy":"product_tag","embeddable":true,"href":"https:\/\/shop.bantam.ch\/de\/wp-json\/wp\/v2\/product_tag?post=136543"}],"curies":[{"name":"wp","href":"https:\/\/api.w.org\/{rel}","templated":true}]}}