{"id":136114,"date":"2024-03-30T09:45:47","date_gmt":"2024-03-30T08:45:47","guid":{"rendered":"https:\/\/shop.bantam.ch\/produit\/stuhl-kendal-anthrazit\/"},"modified":"2026-04-17T21:58:20","modified_gmt":"2026-04-17T19:58:20","slug":"stuhl-kendal-anthrazit","status":"publish","type":"product","link":"https:\/\/shop.bantam.ch\/de\/produkt\/stuhl-kendal-anthrazit\/","title":{"rendered":"Campingstuhl Kendal Anthrazit"},"content":{"rendered":"<p>Bequemer Campingstuhl mit verstellbarer hoher R\u00fcckenlehne. Hat ein bequem gepolstertes Air-Mesh-Material und ein robustes Alu-DGestell. 6x verstellbare R\u00fcckenlehne und ger\u00e4umige Sitzfl\u00e4che. Der Stuhl l\u00e4sst sich leicht zu einem kleinen Paket zusammenklappen. Eine Fussst\u00fctze ist optional erh\u00e4ltlich.\u00a0100% polyester Air Mesh-600 g textilene R\u00fcckseite,\u00a02 cm Schaumstoffpolsterung.\u00a0Alu D-frame.<\/p>\n<p>Belastung: 120 kg.<\/p>\n<p>Sitzh\u00f6he: 45 cm.<\/p>\n<p>Sitztiefe: 47 cm.<\/p>\n<p>Sitzbreite: 48 cm.<\/p>\n<p>R\u00fcckenlehne: 80 cm.<\/p>\n<p>Gefaltet: 101 x 60 x 11 cm.<\/p>\n<p>Gewicht: 4,6 kg<\/p>\n","protected":false},"excerpt":{"rendered":"<p>Bequemer Campingstuhl mit verstellbarer hoher R\u00fcckenlehne. Hat ein bequem gepolstertes Air-Mesh-Material und ein robustes Alu-DGestell. 6x verstellbare R\u00fcckenlehne und ger\u00e4umige Sitzfl\u00e4che. Der Stuhl l\u00e4sst sich leicht zu einem kleinen Paket zusammenklappen. Eine Fussst\u00fctze ist optional erh\u00e4ltlich.\u00a0100% polyester Air Mesh-600 g textilene R\u00fcckseite,\u00a02 cm Schaumstoffpolsterung.\u00a0Alu D-frame. Belastung: 120 kg. Sitzh\u00f6he: 45 cm. Sitztiefe: 47 cm. Sitzbreite: [&hellip;]<\/p>\n","protected":false},"featured_media":136108,"template":"","meta":{"_acf_changed":false},"product_featured_cat":[5299,5300],"product_brand":[3075],"product_cat":[4478],"product_tag":[],"class_list":{"0":"post-136114","1":"product","2":"type-product","3":"status-publish","4":"has-post-thumbnail","6":"product_featured_cat-bantampreis","7":"product_featured_cat-prix-bantam-etagniers-de","8":"product_brand-eurotrail-de","9":"product_cat-stuehle-hocker-liegen","11":"first","12":"instock","13":"taxable","14":"shipping-taxable","15":"purchasable","16":"product-type-simple"},"acf":[],"yoast_head":"<!-- This site is optimized with the Yoast SEO plugin v27.4 - https:\/\/yoast.com\/product\/yoast-seo-wordpress\/ -->\n<title>Campingstuhl Kendal Anthrazit - Bantam Camping AG<\/title>\n<meta name=\"robots\" content=\"index, follow, max-snippet:-1, max-image-preview:large, max-video-preview:-1\" \/>\n<link rel=\"canonical\" href=\"https:\/\/shop.bantam.ch\/de\/produkt\/stuhl-kendal-anthrazit\/\" \/>\n<meta property=\"og:locale\" content=\"de_DE\" \/>\n<meta property=\"og:type\" content=\"article\" \/>\n<meta property=\"og:title\" content=\"Campingstuhl Kendal Anthrazit - Bantam Camping AG\" \/>\n<meta property=\"og:description\" content=\"Bequemer Campingstuhl mit verstellbarer hoher R\u00fcckenlehne. Hat ein bequem gepolstertes Air-Mesh-Material und ein robustes Alu-DGestell. 6x verstellbare R\u00fcckenlehne und ger\u00e4umige Sitzfl\u00e4che. Der Stuhl l\u00e4sst sich leicht zu einem kleinen Paket zusammenklappen. Eine Fussst\u00fctze ist optional erh\u00e4ltlich.\u00a0100% polyester Air Mesh-600 g textilene R\u00fcckseite,\u00a02 cm Schaumstoffpolsterung.\u00a0Alu D-frame. Belastung: 120 kg. Sitzh\u00f6he: 45 cm. Sitztiefe: 47 cm. Sitzbreite: [&hellip;]\" \/>\n<meta property=\"og:url\" content=\"https:\/\/shop.bantam.ch\/de\/produkt\/stuhl-kendal-anthrazit\/\" \/>\n<meta property=\"og:site_name\" content=\"Bantam Camping AG\" \/>\n<meta property=\"article:modified_time\" content=\"2026-04-17T19:58:20+00:00\" \/>\n<meta property=\"og:image\" content=\"https:\/\/shop.bantam.ch\/wp-content\/uploads\/2023\/03\/76621001-ETCF1446-Kendal-21.jpg\" \/>\n\t<meta property=\"og:image:width\" content=\"1144\" \/>\n\t<meta property=\"og:image:height\" content=\"1772\" \/>\n\t<meta property=\"og:image:type\" content=\"image\/jpeg\" \/>\n<meta name=\"twitter:card\" content=\"summary_large_image\" \/>\n<script type=\"application\/ld+json\" class=\"yoast-schema-graph\">{\"@context\":\"https:\\\/\\\/schema.org\",\"@graph\":[{\"@type\":\"WebPage\",\"@id\":\"https:\\\/\\\/shop.bantam.ch\\\/de\\\/produkt\\\/stuhl-kendal-anthrazit\\\/\",\"url\":\"https:\\\/\\\/shop.bantam.ch\\\/de\\\/produkt\\\/stuhl-kendal-anthrazit\\\/\",\"name\":\"Campingstuhl Kendal Anthrazit - Bantam Camping AG\",\"isPartOf\":{\"@id\":\"https:\\\/\\\/shop.bantam.ch\\\/de\\\/#website\"},\"primaryImageOfPage\":{\"@id\":\"https:\\\/\\\/shop.bantam.ch\\\/de\\\/produkt\\\/stuhl-kendal-anthrazit\\\/#primaryimage\"},\"image\":{\"@id\":\"https:\\\/\\\/shop.bantam.ch\\\/de\\\/produkt\\\/stuhl-kendal-anthrazit\\\/#primaryimage\"},\"thumbnailUrl\":\"https:\\\/\\\/shop.bantam.ch\\\/wp-content\\\/uploads\\\/2023\\\/03\\\/76621001-ETCF1446-Kendal-21.jpg\",\"datePublished\":\"2024-03-30T08:45:47+00:00\",\"dateModified\":\"2026-04-17T19:58:20+00:00\",\"breadcrumb\":{\"@id\":\"https:\\\/\\\/shop.bantam.ch\\\/de\\\/produkt\\\/stuhl-kendal-anthrazit\\\/#breadcrumb\"},\"inLanguage\":\"de\",\"potentialAction\":[{\"@type\":\"ReadAction\",\"target\":[\"https:\\\/\\\/shop.bantam.ch\\\/de\\\/produkt\\\/stuhl-kendal-anthrazit\\\/\"]}]},{\"@type\":\"ImageObject\",\"inLanguage\":\"de\",\"@id\":\"https:\\\/\\\/shop.bantam.ch\\\/de\\\/produkt\\\/stuhl-kendal-anthrazit\\\/#primaryimage\",\"url\":\"https:\\\/\\\/shop.bantam.ch\\\/wp-content\\\/uploads\\\/2023\\\/03\\\/76621001-ETCF1446-Kendal-21.jpg\",\"contentUrl\":\"https:\\\/\\\/shop.bantam.ch\\\/wp-content\\\/uploads\\\/2023\\\/03\\\/76621001-ETCF1446-Kendal-21.jpg\",\"width\":1144,\"height\":1772},{\"@type\":\"BreadcrumbList\",\"@id\":\"https:\\\/\\\/shop.bantam.ch\\\/de\\\/produkt\\\/stuhl-kendal-anthrazit\\\/#breadcrumb\",\"itemListElement\":[{\"@type\":\"ListItem\",\"position\":1,\"name\":\"Accueil\",\"item\":\"https:\\\/\\\/shop.bantam.ch\\\/de\\\/\"},{\"@type\":\"ListItem\",\"position\":2,\"name\":\"Shop\",\"item\":\"https:\\\/\\\/shop.bantam.ch\\\/de\\\/shop\\\/\"},{\"@type\":\"ListItem\",\"position\":3,\"name\":\"Campingstuhl Kendal Anthrazit\"}]},{\"@type\":\"WebSite\",\"@id\":\"https:\\\/\\\/shop.bantam.ch\\\/de\\\/#website\",\"url\":\"https:\\\/\\\/shop.bantam.ch\\\/de\\\/\",\"name\":\"Bantam Camping AG\",\"description\":\"\",\"publisher\":{\"@id\":\"https:\\\/\\\/shop.bantam.ch\\\/de\\\/#organization\"},\"inLanguage\":\"de\"},{\"@type\":\"Organization\",\"@id\":\"https:\\\/\\\/shop.bantam.ch\\\/de\\\/#organization\",\"name\":\"Bantam Camping AG\",\"url\":\"https:\\\/\\\/shop.bantam.ch\\\/de\\\/\",\"logo\":{\"@type\":\"ImageObject\",\"inLanguage\":\"de\",\"@id\":\"https:\\\/\\\/shop.bantam.ch\\\/de\\\/#\\\/schema\\\/logo\\\/image\\\/\",\"url\":\"https:\\\/\\\/shop.bantam.ch\\\/wp-content\\\/uploads\\\/2022\\\/12\\\/bantam-logo.png\",\"contentUrl\":\"https:\\\/\\\/shop.bantam.ch\\\/wp-content\\\/uploads\\\/2022\\\/12\\\/bantam-logo.png\",\"width\":320,\"height\":71,\"caption\":\"Bantam Camping AG\"},\"image\":{\"@id\":\"https:\\\/\\\/shop.bantam.ch\\\/de\\\/#\\\/schema\\\/logo\\\/image\\\/\"}}]}<\/script>\n<!-- \/ Yoast SEO plugin. -->","yoast_head_json":{"title":"Campingstuhl Kendal Anthrazit - Bantam Camping AG","robots":{"index":"index","follow":"follow","max-snippet":"max-snippet:-1","max-image-preview":"max-image-preview:large","max-video-preview":"max-video-preview:-1"},"canonical":"https:\/\/shop.bantam.ch\/de\/produkt\/stuhl-kendal-anthrazit\/","og_locale":"de_DE","og_type":"article","og_title":"Campingstuhl Kendal Anthrazit - Bantam Camping AG","og_description":"Bequemer Campingstuhl mit verstellbarer hoher R\u00fcckenlehne. Hat ein bequem gepolstertes Air-Mesh-Material und ein robustes Alu-DGestell. 6x verstellbare R\u00fcckenlehne und ger\u00e4umige Sitzfl\u00e4che. Der Stuhl l\u00e4sst sich leicht zu einem kleinen Paket zusammenklappen. Eine Fussst\u00fctze ist optional erh\u00e4ltlich.\u00a0100% polyester Air Mesh-600 g textilene R\u00fcckseite,\u00a02 cm Schaumstoffpolsterung.\u00a0Alu D-frame. Belastung: 120 kg. Sitzh\u00f6he: 45 cm. Sitztiefe: 47 cm. Sitzbreite: [&hellip;]","og_url":"https:\/\/shop.bantam.ch\/de\/produkt\/stuhl-kendal-anthrazit\/","og_site_name":"Bantam Camping AG","article_modified_time":"2026-04-17T19:58:20+00:00","og_image":[{"width":1144,"height":1772,"url":"https:\/\/shop.bantam.ch\/wp-content\/uploads\/2023\/03\/76621001-ETCF1446-Kendal-21.jpg","type":"image\/jpeg"}],"twitter_card":"summary_large_image","schema":{"@context":"https:\/\/schema.org","@graph":[{"@type":"WebPage","@id":"https:\/\/shop.bantam.ch\/de\/produkt\/stuhl-kendal-anthrazit\/","url":"https:\/\/shop.bantam.ch\/de\/produkt\/stuhl-kendal-anthrazit\/","name":"Campingstuhl Kendal Anthrazit - Bantam Camping AG","isPartOf":{"@id":"https:\/\/shop.bantam.ch\/de\/#website"},"primaryImageOfPage":{"@id":"https:\/\/shop.bantam.ch\/de\/produkt\/stuhl-kendal-anthrazit\/#primaryimage"},"image":{"@id":"https:\/\/shop.bantam.ch\/de\/produkt\/stuhl-kendal-anthrazit\/#primaryimage"},"thumbnailUrl":"https:\/\/shop.bantam.ch\/wp-content\/uploads\/2023\/03\/76621001-ETCF1446-Kendal-21.jpg","datePublished":"2024-03-30T08:45:47+00:00","dateModified":"2026-04-17T19:58:20+00:00","breadcrumb":{"@id":"https:\/\/shop.bantam.ch\/de\/produkt\/stuhl-kendal-anthrazit\/#breadcrumb"},"inLanguage":"de","potentialAction":[{"@type":"ReadAction","target":["https:\/\/shop.bantam.ch\/de\/produkt\/stuhl-kendal-anthrazit\/"]}]},{"@type":"ImageObject","inLanguage":"de","@id":"https:\/\/shop.bantam.ch\/de\/produkt\/stuhl-kendal-anthrazit\/#primaryimage","url":"https:\/\/shop.bantam.ch\/wp-content\/uploads\/2023\/03\/76621001-ETCF1446-Kendal-21.jpg","contentUrl":"https:\/\/shop.bantam.ch\/wp-content\/uploads\/2023\/03\/76621001-ETCF1446-Kendal-21.jpg","width":1144,"height":1772},{"@type":"BreadcrumbList","@id":"https:\/\/shop.bantam.ch\/de\/produkt\/stuhl-kendal-anthrazit\/#breadcrumb","itemListElement":[{"@type":"ListItem","position":1,"name":"Accueil","item":"https:\/\/shop.bantam.ch\/de\/"},{"@type":"ListItem","position":2,"name":"Shop","item":"https:\/\/shop.bantam.ch\/de\/shop\/"},{"@type":"ListItem","position":3,"name":"Campingstuhl Kendal Anthrazit"}]},{"@type":"WebSite","@id":"https:\/\/shop.bantam.ch\/de\/#website","url":"https:\/\/shop.bantam.ch\/de\/","name":"Bantam Camping AG","description":"","publisher":{"@id":"https:\/\/shop.bantam.ch\/de\/#organization"},"inLanguage":"de"},{"@type":"Organization","@id":"https:\/\/shop.bantam.ch\/de\/#organization","name":"Bantam Camping AG","url":"https:\/\/shop.bantam.ch\/de\/","logo":{"@type":"ImageObject","inLanguage":"de","@id":"https:\/\/shop.bantam.ch\/de\/#\/schema\/logo\/image\/","url":"https:\/\/shop.bantam.ch\/wp-content\/uploads\/2022\/12\/bantam-logo.png","contentUrl":"https:\/\/shop.bantam.ch\/wp-content\/uploads\/2022\/12\/bantam-logo.png","width":320,"height":71,"caption":"Bantam Camping AG"},"image":{"@id":"https:\/\/shop.bantam.ch\/de\/#\/schema\/logo\/image\/"}}]}},"_links":{"self":[{"href":"https:\/\/shop.bantam.ch\/de\/wp-json\/wp\/v2\/product\/136114","targetHints":{"allow":["GET"]}}],"collection":[{"href":"https:\/\/shop.bantam.ch\/de\/wp-json\/wp\/v2\/product"}],"about":[{"href":"https:\/\/shop.bantam.ch\/de\/wp-json\/wp\/v2\/types\/product"}],"wp:featuredmedia":[{"embeddable":true,"href":"https:\/\/shop.bantam.ch\/de\/wp-json\/wp\/v2\/media\/136108"}],"wp:attachment":[{"href":"https:\/\/shop.bantam.ch\/de\/wp-json\/wp\/v2\/media?parent=136114"}],"wp:term":[{"taxonomy":"product_featured_cat","embeddable":true,"href":"https:\/\/shop.bantam.ch\/de\/wp-json\/wp\/v2\/product_featured_cat?post=136114"},{"taxonomy":"product_brand","embeddable":true,"href":"https:\/\/shop.bantam.ch\/de\/wp-json\/wp\/v2\/product_brand?post=136114"},{"taxonomy":"product_cat","embeddable":true,"href":"https:\/\/shop.bantam.ch\/de\/wp-json\/wp\/v2\/product_cat?post=136114"},{"taxonomy":"product_tag","embeddable":true,"href":"https:\/\/shop.bantam.ch\/de\/wp-json\/wp\/v2\/product_tag?post=136114"}],"curies":[{"name":"wp","href":"https:\/\/api.w.org\/{rel}","templated":true}]}}