{"id":136096,"date":"2023-03-01T18:45:29","date_gmt":"2023-03-01T17:45:29","guid":{"rendered":"https:\/\/shop.bantam.ch\/produit\/relaxsessel-tarente\/"},"modified":"2026-04-20T22:00:02","modified_gmt":"2026-04-20T20:00:02","slug":"relaxsessel-tarente","status":"publish","type":"product","link":"https:\/\/shop.bantam.ch\/de\/produkt\/relaxsessel-tarente\/","title":{"rendered":"Tarante 3D Relaxe Stuhl"},"content":{"rendered":"<p><span lang=\"DE\">Bequemer stufenloser Relaxstuhl, ideal f\u00fcr den Einsatz auf dem Campingplatz oder im Garten. Der Tarente Relax hat einen festen Fu\u00dft\u00fctze, der sich automatisch nach vorne bewegt, wenn die R\u00fcckenlehne in eine liegende Position gebracht wird. Der Stuhl wird mit einem h\u00f6henverstellbaren Kissen geliefert. Der Taranto ist mit einem offenzelligen 3-D Air Mesh Gewebe bedeckt; optimale Bel\u00fcftung, wasserdurchl\u00e4ssig und schnell trocknend.\u00a0<\/span>Material: Luftgeflecht aus 100% Polyester, 2 cm Schaumstoffpolsterung.\u00a0Rahmen: Stahlrohrrahmen \u00d8 19mm<\/p>\n<p>Gr\u00f6\u00dfe: 74 x 82 x 50\/110 cm<br \/>Gefaltet: 73x90x12cm<br \/>Gewicht: 9,5 kg.<br \/>Max. Belastung: 120 kg.<\/p>\n","protected":false},"excerpt":{"rendered":"<p>Bequemer stufenloser Relaxstuhl, ideal f\u00fcr den Einsatz auf dem Campingplatz oder im Garten. Der Tarente Relax hat einen festen Fu\u00dft\u00fctze, der sich automatisch nach vorne bewegt, wenn die R\u00fcckenlehne in eine liegende Position gebracht wird. Der Stuhl wird mit einem h\u00f6henverstellbaren Kissen geliefert. Der Taranto ist mit einem offenzelligen 3-D Air Mesh Gewebe bedeckt; optimale [&hellip;]<\/p>\n","protected":false},"featured_media":136092,"template":"","meta":{"_acf_changed":false},"product_featured_cat":[],"product_brand":[3075],"product_cat":[4478],"product_tag":[],"class_list":{"0":"post-136096","1":"product","2":"type-product","3":"status-publish","4":"has-post-thumbnail","6":"product_brand-eurotrail-de","7":"product_cat-stuehle-hocker-liegen","9":"first","10":"instock","11":"taxable","12":"shipping-taxable","13":"purchasable","14":"product-type-simple"},"acf":[],"yoast_head":"<!-- This site is optimized with the Yoast SEO plugin v27.4 - https:\/\/yoast.com\/product\/yoast-seo-wordpress\/ -->\n<title>Tarante 3D Relaxe Stuhl - Bantam Camping AG<\/title>\n<meta name=\"robots\" content=\"index, follow, max-snippet:-1, max-image-preview:large, max-video-preview:-1\" \/>\n<link rel=\"canonical\" href=\"https:\/\/shop.bantam.ch\/de\/produkt\/relaxsessel-tarente\/\" \/>\n<meta property=\"og:locale\" content=\"de_DE\" \/>\n<meta property=\"og:type\" content=\"article\" \/>\n<meta property=\"og:title\" content=\"Tarante 3D Relaxe Stuhl - Bantam Camping AG\" \/>\n<meta property=\"og:description\" content=\"Bequemer stufenloser Relaxstuhl, ideal f\u00fcr den Einsatz auf dem Campingplatz oder im Garten. Der Tarente Relax hat einen festen Fu\u00dft\u00fctze, der sich automatisch nach vorne bewegt, wenn die R\u00fcckenlehne in eine liegende Position gebracht wird. Der Stuhl wird mit einem h\u00f6henverstellbaren Kissen geliefert. Der Taranto ist mit einem offenzelligen 3-D Air Mesh Gewebe bedeckt; optimale [&hellip;]\" \/>\n<meta property=\"og:url\" content=\"https:\/\/shop.bantam.ch\/de\/produkt\/relaxsessel-tarente\/\" \/>\n<meta property=\"og:site_name\" content=\"Bantam Camping AG\" \/>\n<meta property=\"article:modified_time\" content=\"2026-04-20T20:00:02+00:00\" \/>\n<meta property=\"og:image\" content=\"https:\/\/shop.bantam.ch\/wp-content\/uploads\/2023\/03\/76621004-ETCF1466-Tarente-21-01.jpg\" \/>\n\t<meta property=\"og:image:width\" content=\"1337\" \/>\n\t<meta property=\"og:image:height\" content=\"1772\" \/>\n\t<meta property=\"og:image:type\" content=\"image\/jpeg\" \/>\n<meta name=\"twitter:card\" content=\"summary_large_image\" \/>\n<script type=\"application\/ld+json\" class=\"yoast-schema-graph\">{\"@context\":\"https:\\\/\\\/schema.org\",\"@graph\":[{\"@type\":\"WebPage\",\"@id\":\"https:\\\/\\\/shop.bantam.ch\\\/de\\\/produkt\\\/relaxsessel-tarente\\\/\",\"url\":\"https:\\\/\\\/shop.bantam.ch\\\/de\\\/produkt\\\/relaxsessel-tarente\\\/\",\"name\":\"Tarante 3D Relaxe Stuhl - Bantam Camping AG\",\"isPartOf\":{\"@id\":\"https:\\\/\\\/shop.bantam.ch\\\/de\\\/#website\"},\"primaryImageOfPage\":{\"@id\":\"https:\\\/\\\/shop.bantam.ch\\\/de\\\/produkt\\\/relaxsessel-tarente\\\/#primaryimage\"},\"image\":{\"@id\":\"https:\\\/\\\/shop.bantam.ch\\\/de\\\/produkt\\\/relaxsessel-tarente\\\/#primaryimage\"},\"thumbnailUrl\":\"https:\\\/\\\/shop.bantam.ch\\\/wp-content\\\/uploads\\\/2023\\\/03\\\/76621004-ETCF1466-Tarente-21-01.jpg\",\"datePublished\":\"2023-03-01T17:45:29+00:00\",\"dateModified\":\"2026-04-20T20:00:02+00:00\",\"breadcrumb\":{\"@id\":\"https:\\\/\\\/shop.bantam.ch\\\/de\\\/produkt\\\/relaxsessel-tarente\\\/#breadcrumb\"},\"inLanguage\":\"de\",\"potentialAction\":[{\"@type\":\"ReadAction\",\"target\":[\"https:\\\/\\\/shop.bantam.ch\\\/de\\\/produkt\\\/relaxsessel-tarente\\\/\"]}]},{\"@type\":\"ImageObject\",\"inLanguage\":\"de\",\"@id\":\"https:\\\/\\\/shop.bantam.ch\\\/de\\\/produkt\\\/relaxsessel-tarente\\\/#primaryimage\",\"url\":\"https:\\\/\\\/shop.bantam.ch\\\/wp-content\\\/uploads\\\/2023\\\/03\\\/76621004-ETCF1466-Tarente-21-01.jpg\",\"contentUrl\":\"https:\\\/\\\/shop.bantam.ch\\\/wp-content\\\/uploads\\\/2023\\\/03\\\/76621004-ETCF1466-Tarente-21-01.jpg\",\"width\":1337,\"height\":1772},{\"@type\":\"BreadcrumbList\",\"@id\":\"https:\\\/\\\/shop.bantam.ch\\\/de\\\/produkt\\\/relaxsessel-tarente\\\/#breadcrumb\",\"itemListElement\":[{\"@type\":\"ListItem\",\"position\":1,\"name\":\"Accueil\",\"item\":\"https:\\\/\\\/shop.bantam.ch\\\/de\\\/\"},{\"@type\":\"ListItem\",\"position\":2,\"name\":\"Shop\",\"item\":\"https:\\\/\\\/shop.bantam.ch\\\/de\\\/shop\\\/\"},{\"@type\":\"ListItem\",\"position\":3,\"name\":\"Tarante 3D Relaxe Stuhl\"}]},{\"@type\":\"WebSite\",\"@id\":\"https:\\\/\\\/shop.bantam.ch\\\/de\\\/#website\",\"url\":\"https:\\\/\\\/shop.bantam.ch\\\/de\\\/\",\"name\":\"Bantam Camping AG\",\"description\":\"\",\"publisher\":{\"@id\":\"https:\\\/\\\/shop.bantam.ch\\\/de\\\/#organization\"},\"inLanguage\":\"de\"},{\"@type\":\"Organization\",\"@id\":\"https:\\\/\\\/shop.bantam.ch\\\/de\\\/#organization\",\"name\":\"Bantam Camping AG\",\"url\":\"https:\\\/\\\/shop.bantam.ch\\\/de\\\/\",\"logo\":{\"@type\":\"ImageObject\",\"inLanguage\":\"de\",\"@id\":\"https:\\\/\\\/shop.bantam.ch\\\/de\\\/#\\\/schema\\\/logo\\\/image\\\/\",\"url\":\"https:\\\/\\\/shop.bantam.ch\\\/wp-content\\\/uploads\\\/2022\\\/12\\\/bantam-logo.png\",\"contentUrl\":\"https:\\\/\\\/shop.bantam.ch\\\/wp-content\\\/uploads\\\/2022\\\/12\\\/bantam-logo.png\",\"width\":320,\"height\":71,\"caption\":\"Bantam Camping AG\"},\"image\":{\"@id\":\"https:\\\/\\\/shop.bantam.ch\\\/de\\\/#\\\/schema\\\/logo\\\/image\\\/\"}}]}<\/script>\n<!-- \/ Yoast SEO plugin. -->","yoast_head_json":{"title":"Tarante 3D Relaxe Stuhl - Bantam Camping AG","robots":{"index":"index","follow":"follow","max-snippet":"max-snippet:-1","max-image-preview":"max-image-preview:large","max-video-preview":"max-video-preview:-1"},"canonical":"https:\/\/shop.bantam.ch\/de\/produkt\/relaxsessel-tarente\/","og_locale":"de_DE","og_type":"article","og_title":"Tarante 3D Relaxe Stuhl - Bantam Camping AG","og_description":"Bequemer stufenloser Relaxstuhl, ideal f\u00fcr den Einsatz auf dem Campingplatz oder im Garten. Der Tarente Relax hat einen festen Fu\u00dft\u00fctze, der sich automatisch nach vorne bewegt, wenn die R\u00fcckenlehne in eine liegende Position gebracht wird. Der Stuhl wird mit einem h\u00f6henverstellbaren Kissen geliefert. Der Taranto ist mit einem offenzelligen 3-D Air Mesh Gewebe bedeckt; optimale [&hellip;]","og_url":"https:\/\/shop.bantam.ch\/de\/produkt\/relaxsessel-tarente\/","og_site_name":"Bantam Camping AG","article_modified_time":"2026-04-20T20:00:02+00:00","og_image":[{"width":1337,"height":1772,"url":"https:\/\/shop.bantam.ch\/wp-content\/uploads\/2023\/03\/76621004-ETCF1466-Tarente-21-01.jpg","type":"image\/jpeg"}],"twitter_card":"summary_large_image","schema":{"@context":"https:\/\/schema.org","@graph":[{"@type":"WebPage","@id":"https:\/\/shop.bantam.ch\/de\/produkt\/relaxsessel-tarente\/","url":"https:\/\/shop.bantam.ch\/de\/produkt\/relaxsessel-tarente\/","name":"Tarante 3D Relaxe Stuhl - Bantam Camping AG","isPartOf":{"@id":"https:\/\/shop.bantam.ch\/de\/#website"},"primaryImageOfPage":{"@id":"https:\/\/shop.bantam.ch\/de\/produkt\/relaxsessel-tarente\/#primaryimage"},"image":{"@id":"https:\/\/shop.bantam.ch\/de\/produkt\/relaxsessel-tarente\/#primaryimage"},"thumbnailUrl":"https:\/\/shop.bantam.ch\/wp-content\/uploads\/2023\/03\/76621004-ETCF1466-Tarente-21-01.jpg","datePublished":"2023-03-01T17:45:29+00:00","dateModified":"2026-04-20T20:00:02+00:00","breadcrumb":{"@id":"https:\/\/shop.bantam.ch\/de\/produkt\/relaxsessel-tarente\/#breadcrumb"},"inLanguage":"de","potentialAction":[{"@type":"ReadAction","target":["https:\/\/shop.bantam.ch\/de\/produkt\/relaxsessel-tarente\/"]}]},{"@type":"ImageObject","inLanguage":"de","@id":"https:\/\/shop.bantam.ch\/de\/produkt\/relaxsessel-tarente\/#primaryimage","url":"https:\/\/shop.bantam.ch\/wp-content\/uploads\/2023\/03\/76621004-ETCF1466-Tarente-21-01.jpg","contentUrl":"https:\/\/shop.bantam.ch\/wp-content\/uploads\/2023\/03\/76621004-ETCF1466-Tarente-21-01.jpg","width":1337,"height":1772},{"@type":"BreadcrumbList","@id":"https:\/\/shop.bantam.ch\/de\/produkt\/relaxsessel-tarente\/#breadcrumb","itemListElement":[{"@type":"ListItem","position":1,"name":"Accueil","item":"https:\/\/shop.bantam.ch\/de\/"},{"@type":"ListItem","position":2,"name":"Shop","item":"https:\/\/shop.bantam.ch\/de\/shop\/"},{"@type":"ListItem","position":3,"name":"Tarante 3D Relaxe Stuhl"}]},{"@type":"WebSite","@id":"https:\/\/shop.bantam.ch\/de\/#website","url":"https:\/\/shop.bantam.ch\/de\/","name":"Bantam Camping AG","description":"","publisher":{"@id":"https:\/\/shop.bantam.ch\/de\/#organization"},"inLanguage":"de"},{"@type":"Organization","@id":"https:\/\/shop.bantam.ch\/de\/#organization","name":"Bantam Camping AG","url":"https:\/\/shop.bantam.ch\/de\/","logo":{"@type":"ImageObject","inLanguage":"de","@id":"https:\/\/shop.bantam.ch\/de\/#\/schema\/logo\/image\/","url":"https:\/\/shop.bantam.ch\/wp-content\/uploads\/2022\/12\/bantam-logo.png","contentUrl":"https:\/\/shop.bantam.ch\/wp-content\/uploads\/2022\/12\/bantam-logo.png","width":320,"height":71,"caption":"Bantam Camping AG"},"image":{"@id":"https:\/\/shop.bantam.ch\/de\/#\/schema\/logo\/image\/"}}]}},"_links":{"self":[{"href":"https:\/\/shop.bantam.ch\/de\/wp-json\/wp\/v2\/product\/136096","targetHints":{"allow":["GET"]}}],"collection":[{"href":"https:\/\/shop.bantam.ch\/de\/wp-json\/wp\/v2\/product"}],"about":[{"href":"https:\/\/shop.bantam.ch\/de\/wp-json\/wp\/v2\/types\/product"}],"wp:featuredmedia":[{"embeddable":true,"href":"https:\/\/shop.bantam.ch\/de\/wp-json\/wp\/v2\/media\/136092"}],"wp:attachment":[{"href":"https:\/\/shop.bantam.ch\/de\/wp-json\/wp\/v2\/media?parent=136096"}],"wp:term":[{"taxonomy":"product_featured_cat","embeddable":true,"href":"https:\/\/shop.bantam.ch\/de\/wp-json\/wp\/v2\/product_featured_cat?post=136096"},{"taxonomy":"product_brand","embeddable":true,"href":"https:\/\/shop.bantam.ch\/de\/wp-json\/wp\/v2\/product_brand?post=136096"},{"taxonomy":"product_cat","embeddable":true,"href":"https:\/\/shop.bantam.ch\/de\/wp-json\/wp\/v2\/product_cat?post=136096"},{"taxonomy":"product_tag","embeddable":true,"href":"https:\/\/shop.bantam.ch\/de\/wp-json\/wp\/v2\/product_tag?post=136096"}],"curies":[{"name":"wp","href":"https:\/\/api.w.org\/{rel}","templated":true}]}}