{"id":136050,"date":"2023-03-01T18:44:56","date_gmt":"2023-03-01T17:44:56","guid":{"rendered":"https:\/\/shop.bantam.ch\/produit\/vorzelt-zelt-pisa\/"},"modified":"2026-04-18T21:59:23","modified_gmt":"2026-04-18T19:59:23","slug":"vorzelt-zelt-pisa","status":"publish","type":"product","link":"https:\/\/shop.bantam.ch\/de\/produkt\/vorzelt-zelt-pisa\/","title":{"rendered":"Vorzelt \/ Zelt Pisa"},"content":{"rendered":"<p>Der Pisa ist ein Leichtgewicht-Teilvorzelt f\u00fcr die Befestigung am Autobus. (VW-T-5\/6) .<\/p>\n<p>Dieses BusVorzelt hat nur eine Bogenstange und ist deshalb einfach und schnell aufzubauen.\u00a0Die Vorderwand und die beiden Seitenw\u00e4nde k\u00f6nnen mit einem Rei\u00dfverschluss komplette\u00a0herausgenommen werden, damit Sie Ihr Vorzelt in ein Sonnensegel verwandeln\u00a0k\u00f6nnen. Alle Fenster mit Klarsichtfolien und Abdeckung. Das feste Vordach sch\u00fctzt vor\u00a0schlechtem Wetter und bietet Schatten Platz. Der Pisa ist eine Ideale Zelt f\u00fcr Wochenendreisen und Kurzurlaube. Einfache Befestigung am Autobus mit Dachstange und Schnalle (mit geliefert), mit Klettband am Dachrailing Autobus oder mit dem 7 mm Keder am Multirail.<\/p>\n<p>Im\u00a0Lieferumfang enthalten sind: Dachstange und Schnalle, Heringe, Abspannleinen, und\u00a0eine praktische Tragetasch.<\/p>\n<p>Anschlu\u00dfh\u00f6he bis 190-210cm.<\/p>\n<p>Gr\u00f6\u00dfe: 270x200cm Au\u00dfenstoff: 100% Polyester,<\/p>\n<p>Wassers\u00e4ule 3000mm, alle N\u00e4hte sind verklebt.<\/p>\n<p>Gest\u00e4nge: Dachstange und Vordachstange aus\u00a0 Fiberglas 12.7mm,<\/p>\n<p>mit Stahlst\u00e4nder,<\/p>\n<p>Stahl\u00a0 Schleusenstab.<\/p>\n<p>H\u00f6he: 200 cm<\/p>\n<p>Gewicht: 7,8 kg.<\/p>\n<p>Packmass: 75x\u00d825cm\u00a0<\/p>\n","protected":false},"excerpt":{"rendered":"<p>Der Pisa ist ein Leichtgewicht-Teilvorzelt f\u00fcr die Befestigung am Autobus. (VW-T-5\/6) . Dieses BusVorzelt hat nur eine Bogenstange und ist deshalb einfach und schnell aufzubauen.\u00a0Die Vorderwand und die beiden Seitenw\u00e4nde k\u00f6nnen mit einem Rei\u00dfverschluss komplette\u00a0herausgenommen werden, damit Sie Ihr Vorzelt in ein Sonnensegel verwandeln\u00a0k\u00f6nnen. Alle Fenster mit Klarsichtfolien und Abdeckung. Das feste Vordach sch\u00fctzt vor\u00a0schlechtem [&hellip;]<\/p>\n","protected":false},"featured_media":136046,"template":"","meta":{"_acf_changed":false},"product_featured_cat":[5301,5302],"product_brand":[3075],"product_cat":[4248],"product_tag":[],"class_list":{"0":"post-136050","1":"product","2":"type-product","3":"status-publish","4":"has-post-thumbnail","6":"product_featured_cat-promotions-etagnieres-fr","7":"product_featured_cat-sonderangebote-hindelbank-urdorf","8":"product_brand-eurotrail-de","9":"product_cat-vorzelte-zelte","11":"first","12":"instock","13":"sale","14":"taxable","15":"shipping-taxable","16":"purchasable","17":"product-type-simple"},"acf":[],"yoast_head":"<!-- This site is optimized with the Yoast SEO plugin v27.4 - https:\/\/yoast.com\/product\/yoast-seo-wordpress\/ -->\n<title>Vorzelt \/ Zelt Pisa - Bantam Camping AG<\/title>\n<meta name=\"robots\" content=\"index, follow, max-snippet:-1, max-image-preview:large, max-video-preview:-1\" \/>\n<link rel=\"canonical\" href=\"https:\/\/shop.bantam.ch\/de\/produkt\/vorzelt-zelt-pisa\/\" \/>\n<meta property=\"og:locale\" content=\"de_DE\" \/>\n<meta property=\"og:type\" content=\"article\" \/>\n<meta property=\"og:title\" content=\"Vorzelt \/ Zelt Pisa - Bantam Camping AG\" \/>\n<meta property=\"og:description\" content=\"Der Pisa ist ein Leichtgewicht-Teilvorzelt f\u00fcr die Befestigung am Autobus. (VW-T-5\/6) . Dieses BusVorzelt hat nur eine Bogenstange und ist deshalb einfach und schnell aufzubauen.\u00a0Die Vorderwand und die beiden Seitenw\u00e4nde k\u00f6nnen mit einem Rei\u00dfverschluss komplette\u00a0herausgenommen werden, damit Sie Ihr Vorzelt in ein Sonnensegel verwandeln\u00a0k\u00f6nnen. Alle Fenster mit Klarsichtfolien und Abdeckung. Das feste Vordach sch\u00fctzt vor\u00a0schlechtem [&hellip;]\" \/>\n<meta property=\"og:url\" content=\"https:\/\/shop.bantam.ch\/de\/produkt\/vorzelt-zelt-pisa\/\" \/>\n<meta property=\"og:site_name\" content=\"Bantam Camping AG\" \/>\n<meta property=\"article:modified_time\" content=\"2026-04-18T19:59:23+00:00\" \/>\n<meta property=\"og:image\" content=\"https:\/\/shop.bantam.ch\/wp-content\/uploads\/2023\/03\/76621012-VW-T-56-Pisa-ETCT0156_0401_5.jpg\" \/>\n\t<meta property=\"og:image:width\" content=\"1024\" \/>\n\t<meta property=\"og:image:height\" content=\"636\" \/>\n\t<meta property=\"og:image:type\" content=\"image\/jpeg\" \/>\n<meta name=\"twitter:card\" content=\"summary_large_image\" \/>\n<meta name=\"twitter:label1\" content=\"Gesch\u00e4tzte Lesezeit\" \/>\n\t<meta name=\"twitter:data1\" content=\"1\u00a0Minute\" \/>\n<script type=\"application\/ld+json\" class=\"yoast-schema-graph\">{\"@context\":\"https:\\\/\\\/schema.org\",\"@graph\":[{\"@type\":\"WebPage\",\"@id\":\"https:\\\/\\\/shop.bantam.ch\\\/de\\\/produkt\\\/vorzelt-zelt-pisa\\\/\",\"url\":\"https:\\\/\\\/shop.bantam.ch\\\/de\\\/produkt\\\/vorzelt-zelt-pisa\\\/\",\"name\":\"Vorzelt \\\/ Zelt Pisa - Bantam Camping AG\",\"isPartOf\":{\"@id\":\"https:\\\/\\\/shop.bantam.ch\\\/de\\\/#website\"},\"primaryImageOfPage\":{\"@id\":\"https:\\\/\\\/shop.bantam.ch\\\/de\\\/produkt\\\/vorzelt-zelt-pisa\\\/#primaryimage\"},\"image\":{\"@id\":\"https:\\\/\\\/shop.bantam.ch\\\/de\\\/produkt\\\/vorzelt-zelt-pisa\\\/#primaryimage\"},\"thumbnailUrl\":\"https:\\\/\\\/shop.bantam.ch\\\/wp-content\\\/uploads\\\/2023\\\/03\\\/76621012-VW-T-56-Pisa-ETCT0156_0401_5.jpg\",\"datePublished\":\"2023-03-01T17:44:56+00:00\",\"dateModified\":\"2026-04-18T19:59:23+00:00\",\"breadcrumb\":{\"@id\":\"https:\\\/\\\/shop.bantam.ch\\\/de\\\/produkt\\\/vorzelt-zelt-pisa\\\/#breadcrumb\"},\"inLanguage\":\"de\",\"potentialAction\":[{\"@type\":\"ReadAction\",\"target\":[\"https:\\\/\\\/shop.bantam.ch\\\/de\\\/produkt\\\/vorzelt-zelt-pisa\\\/\"]}]},{\"@type\":\"ImageObject\",\"inLanguage\":\"de\",\"@id\":\"https:\\\/\\\/shop.bantam.ch\\\/de\\\/produkt\\\/vorzelt-zelt-pisa\\\/#primaryimage\",\"url\":\"https:\\\/\\\/shop.bantam.ch\\\/wp-content\\\/uploads\\\/2023\\\/03\\\/76621012-VW-T-56-Pisa-ETCT0156_0401_5.jpg\",\"contentUrl\":\"https:\\\/\\\/shop.bantam.ch\\\/wp-content\\\/uploads\\\/2023\\\/03\\\/76621012-VW-T-56-Pisa-ETCT0156_0401_5.jpg\",\"width\":1772,\"height\":1100},{\"@type\":\"BreadcrumbList\",\"@id\":\"https:\\\/\\\/shop.bantam.ch\\\/de\\\/produkt\\\/vorzelt-zelt-pisa\\\/#breadcrumb\",\"itemListElement\":[{\"@type\":\"ListItem\",\"position\":1,\"name\":\"Accueil\",\"item\":\"https:\\\/\\\/shop.bantam.ch\\\/de\\\/\"},{\"@type\":\"ListItem\",\"position\":2,\"name\":\"Shop\",\"item\":\"https:\\\/\\\/shop.bantam.ch\\\/de\\\/shop\\\/\"},{\"@type\":\"ListItem\",\"position\":3,\"name\":\"Vorzelt \\\/ Zelt Pisa\"}]},{\"@type\":\"WebSite\",\"@id\":\"https:\\\/\\\/shop.bantam.ch\\\/de\\\/#website\",\"url\":\"https:\\\/\\\/shop.bantam.ch\\\/de\\\/\",\"name\":\"Bantam Camping AG\",\"description\":\"\",\"publisher\":{\"@id\":\"https:\\\/\\\/shop.bantam.ch\\\/de\\\/#organization\"},\"inLanguage\":\"de\"},{\"@type\":\"Organization\",\"@id\":\"https:\\\/\\\/shop.bantam.ch\\\/de\\\/#organization\",\"name\":\"Bantam Camping AG\",\"url\":\"https:\\\/\\\/shop.bantam.ch\\\/de\\\/\",\"logo\":{\"@type\":\"ImageObject\",\"inLanguage\":\"de\",\"@id\":\"https:\\\/\\\/shop.bantam.ch\\\/de\\\/#\\\/schema\\\/logo\\\/image\\\/\",\"url\":\"https:\\\/\\\/shop.bantam.ch\\\/wp-content\\\/uploads\\\/2022\\\/12\\\/bantam-logo.png\",\"contentUrl\":\"https:\\\/\\\/shop.bantam.ch\\\/wp-content\\\/uploads\\\/2022\\\/12\\\/bantam-logo.png\",\"width\":320,\"height\":71,\"caption\":\"Bantam Camping AG\"},\"image\":{\"@id\":\"https:\\\/\\\/shop.bantam.ch\\\/de\\\/#\\\/schema\\\/logo\\\/image\\\/\"}}]}<\/script>\n<!-- \/ Yoast SEO plugin. -->","yoast_head_json":{"title":"Vorzelt \/ Zelt Pisa - Bantam Camping AG","robots":{"index":"index","follow":"follow","max-snippet":"max-snippet:-1","max-image-preview":"max-image-preview:large","max-video-preview":"max-video-preview:-1"},"canonical":"https:\/\/shop.bantam.ch\/de\/produkt\/vorzelt-zelt-pisa\/","og_locale":"de_DE","og_type":"article","og_title":"Vorzelt \/ Zelt Pisa - Bantam Camping AG","og_description":"Der Pisa ist ein Leichtgewicht-Teilvorzelt f\u00fcr die Befestigung am Autobus. (VW-T-5\/6) . Dieses BusVorzelt hat nur eine Bogenstange und ist deshalb einfach und schnell aufzubauen.\u00a0Die Vorderwand und die beiden Seitenw\u00e4nde k\u00f6nnen mit einem Rei\u00dfverschluss komplette\u00a0herausgenommen werden, damit Sie Ihr Vorzelt in ein Sonnensegel verwandeln\u00a0k\u00f6nnen. Alle Fenster mit Klarsichtfolien und Abdeckung. Das feste Vordach sch\u00fctzt vor\u00a0schlechtem [&hellip;]","og_url":"https:\/\/shop.bantam.ch\/de\/produkt\/vorzelt-zelt-pisa\/","og_site_name":"Bantam Camping AG","article_modified_time":"2026-04-18T19:59:23+00:00","og_image":[{"url":"https:\/\/shop.bantam.ch\/wp-content\/uploads\/2023\/03\/76621012-VW-T-56-Pisa-ETCT0156_0401_5.jpg","width":1024,"height":636,"type":"image\/jpeg"}],"twitter_card":"summary_large_image","twitter_misc":{"Gesch\u00e4tzte Lesezeit":"1\u00a0Minute"},"schema":{"@context":"https:\/\/schema.org","@graph":[{"@type":"WebPage","@id":"https:\/\/shop.bantam.ch\/de\/produkt\/vorzelt-zelt-pisa\/","url":"https:\/\/shop.bantam.ch\/de\/produkt\/vorzelt-zelt-pisa\/","name":"Vorzelt \/ Zelt Pisa - Bantam Camping AG","isPartOf":{"@id":"https:\/\/shop.bantam.ch\/de\/#website"},"primaryImageOfPage":{"@id":"https:\/\/shop.bantam.ch\/de\/produkt\/vorzelt-zelt-pisa\/#primaryimage"},"image":{"@id":"https:\/\/shop.bantam.ch\/de\/produkt\/vorzelt-zelt-pisa\/#primaryimage"},"thumbnailUrl":"https:\/\/shop.bantam.ch\/wp-content\/uploads\/2023\/03\/76621012-VW-T-56-Pisa-ETCT0156_0401_5.jpg","datePublished":"2023-03-01T17:44:56+00:00","dateModified":"2026-04-18T19:59:23+00:00","breadcrumb":{"@id":"https:\/\/shop.bantam.ch\/de\/produkt\/vorzelt-zelt-pisa\/#breadcrumb"},"inLanguage":"de","potentialAction":[{"@type":"ReadAction","target":["https:\/\/shop.bantam.ch\/de\/produkt\/vorzelt-zelt-pisa\/"]}]},{"@type":"ImageObject","inLanguage":"de","@id":"https:\/\/shop.bantam.ch\/de\/produkt\/vorzelt-zelt-pisa\/#primaryimage","url":"https:\/\/shop.bantam.ch\/wp-content\/uploads\/2023\/03\/76621012-VW-T-56-Pisa-ETCT0156_0401_5.jpg","contentUrl":"https:\/\/shop.bantam.ch\/wp-content\/uploads\/2023\/03\/76621012-VW-T-56-Pisa-ETCT0156_0401_5.jpg","width":1772,"height":1100},{"@type":"BreadcrumbList","@id":"https:\/\/shop.bantam.ch\/de\/produkt\/vorzelt-zelt-pisa\/#breadcrumb","itemListElement":[{"@type":"ListItem","position":1,"name":"Accueil","item":"https:\/\/shop.bantam.ch\/de\/"},{"@type":"ListItem","position":2,"name":"Shop","item":"https:\/\/shop.bantam.ch\/de\/shop\/"},{"@type":"ListItem","position":3,"name":"Vorzelt \/ Zelt Pisa"}]},{"@type":"WebSite","@id":"https:\/\/shop.bantam.ch\/de\/#website","url":"https:\/\/shop.bantam.ch\/de\/","name":"Bantam Camping AG","description":"","publisher":{"@id":"https:\/\/shop.bantam.ch\/de\/#organization"},"inLanguage":"de"},{"@type":"Organization","@id":"https:\/\/shop.bantam.ch\/de\/#organization","name":"Bantam Camping AG","url":"https:\/\/shop.bantam.ch\/de\/","logo":{"@type":"ImageObject","inLanguage":"de","@id":"https:\/\/shop.bantam.ch\/de\/#\/schema\/logo\/image\/","url":"https:\/\/shop.bantam.ch\/wp-content\/uploads\/2022\/12\/bantam-logo.png","contentUrl":"https:\/\/shop.bantam.ch\/wp-content\/uploads\/2022\/12\/bantam-logo.png","width":320,"height":71,"caption":"Bantam Camping AG"},"image":{"@id":"https:\/\/shop.bantam.ch\/de\/#\/schema\/logo\/image\/"}}]}},"_links":{"self":[{"href":"https:\/\/shop.bantam.ch\/de\/wp-json\/wp\/v2\/product\/136050","targetHints":{"allow":["GET"]}}],"collection":[{"href":"https:\/\/shop.bantam.ch\/de\/wp-json\/wp\/v2\/product"}],"about":[{"href":"https:\/\/shop.bantam.ch\/de\/wp-json\/wp\/v2\/types\/product"}],"wp:featuredmedia":[{"embeddable":true,"href":"https:\/\/shop.bantam.ch\/de\/wp-json\/wp\/v2\/media\/136046"}],"wp:attachment":[{"href":"https:\/\/shop.bantam.ch\/de\/wp-json\/wp\/v2\/media?parent=136050"}],"wp:term":[{"taxonomy":"product_featured_cat","embeddable":true,"href":"https:\/\/shop.bantam.ch\/de\/wp-json\/wp\/v2\/product_featured_cat?post=136050"},{"taxonomy":"product_brand","embeddable":true,"href":"https:\/\/shop.bantam.ch\/de\/wp-json\/wp\/v2\/product_brand?post=136050"},{"taxonomy":"product_cat","embeddable":true,"href":"https:\/\/shop.bantam.ch\/de\/wp-json\/wp\/v2\/product_cat?post=136050"},{"taxonomy":"product_tag","embeddable":true,"href":"https:\/\/shop.bantam.ch\/de\/wp-json\/wp\/v2\/product_tag?post=136050"}],"curies":[{"name":"wp","href":"https:\/\/api.w.org\/{rel}","templated":true}]}}