{"id":135960,"date":"2024-05-09T18:43:50","date_gmt":"2024-05-09T16:43:50","guid":{"rendered":"https:\/\/shop.bantam.ch\/produit\/nova-forano-doppelter-campingschrank\/"},"modified":"2026-05-01T21:56:14","modified_gmt":"2026-05-01T19:56:14","slug":"nova-forano-doppelter-campingschrank","status":"publish","type":"product","link":"https:\/\/shop.bantam.ch\/de\/produkt\/nova-forano-doppelter-campingschrank\/","title":{"rendered":"Nova Forano doppelter Campingschrank"},"content":{"rendered":"<p class=\"MsoNormal\">Doppelter Campingschrank, schnell aufgebaut und mit viel Stauraum.<\/p>\n<p class=\"MsoNormal\">Verf\u00fcgt \u00fcber sechs Regale<\/p>\n<p class=\"MsoNormal\">Verstellbare F\u00fc\u00dfe<\/p>\n<p class=\"MsoNormal\">Widerstand: 25 kg<\/p>\n<p class=\"MsoNormal\">Abmessungen: 110 cm x 52 cm x 90 cm<\/p>\n<p class=\"MsoNormal\">Abmessungen der Verpackung: 56 cm x 111 cm x 11 cm<\/p>\n","protected":false},"excerpt":{"rendered":"<p>Doppelter Campingschrank, schnell aufgebaut und mit viel Stauraum. Verf\u00fcgt \u00fcber sechs Regale Verstellbare F\u00fc\u00dfe Widerstand: 25 kg Abmessungen: 110 cm x 52 cm x 90 cm Abmessungen der Verpackung: 56 cm x 111 cm x 11 cm<\/p>\n","protected":false},"featured_media":135958,"template":"","meta":{"_acf_changed":false},"product_featured_cat":[5299,5300],"product_brand":[3075],"product_cat":[4738],"product_tag":[],"class_list":{"0":"post-135960","1":"product","2":"type-product","3":"status-publish","4":"has-post-thumbnail","6":"product_featured_cat-bantampreis","7":"product_featured_cat-prix-bantam-etagniers-de","8":"product_brand-eurotrail-de","9":"product_cat-moebelbau","11":"first","12":"instock","13":"sale","14":"taxable","15":"shipping-taxable","16":"purchasable","17":"product-type-simple"},"acf":[],"yoast_head":"<!-- This site is optimized with the Yoast SEO plugin v27.5 - https:\/\/yoast.com\/product\/yoast-seo-wordpress\/ -->\n<title>Nova Forano doppelter Campingschrank - Bantam<\/title>\n<meta name=\"robots\" content=\"index, follow, max-snippet:-1, max-image-preview:large, max-video-preview:-1\" \/>\n<link rel=\"canonical\" href=\"https:\/\/shop.bantam.ch\/de\/produkt\/nova-forano-doppelter-campingschrank\/\" \/>\n<meta property=\"og:locale\" content=\"de_DE\" \/>\n<meta property=\"og:type\" content=\"article\" \/>\n<meta property=\"og:title\" content=\"Nova Forano doppelter Campingschrank - Bantam\" \/>\n<meta property=\"og:description\" content=\"Doppelter Campingschrank, schnell aufgebaut und mit viel Stauraum. Verf\u00fcgt \u00fcber sechs Regale Verstellbare F\u00fc\u00dfe Widerstand: 25 kg Abmessungen: 110 cm x 52 cm x 90 cm Abmessungen der Verpackung: 56 cm x 111 cm x 11 cm\" \/>\n<meta property=\"og:url\" content=\"https:\/\/shop.bantam.ch\/de\/produkt\/nova-forano-doppelter-campingschrank\/\" \/>\n<meta property=\"og:site_name\" content=\"Bantam\" \/>\n<meta property=\"article:modified_time\" content=\"2026-05-01T19:56:14+00:00\" \/>\n<meta property=\"og:image\" content=\"https:\/\/shop.bantam.ch\/wp-content\/uploads\/2023\/03\/76622005-ETCF2041-Nova-Forano-scaled.jpg\" \/>\n\t<meta property=\"og:image:width\" content=\"2048\" \/>\n\t<meta property=\"og:image:height\" content=\"1892\" \/>\n\t<meta property=\"og:image:type\" content=\"image\/jpeg\" \/>\n<meta name=\"twitter:card\" content=\"summary_large_image\" \/>\n<script type=\"application\/ld+json\" class=\"yoast-schema-graph\">{\"@context\":\"https:\\\/\\\/schema.org\",\"@graph\":[{\"@type\":\"WebPage\",\"@id\":\"https:\\\/\\\/shop.bantam.ch\\\/de\\\/produkt\\\/nova-forano-doppelter-campingschrank\\\/\",\"url\":\"https:\\\/\\\/shop.bantam.ch\\\/de\\\/produkt\\\/nova-forano-doppelter-campingschrank\\\/\",\"name\":\"Nova Forano doppelter Campingschrank - Bantam\",\"isPartOf\":{\"@id\":\"https:\\\/\\\/shop.bantam.ch\\\/de\\\/#website\"},\"primaryImageOfPage\":{\"@id\":\"https:\\\/\\\/shop.bantam.ch\\\/de\\\/produkt\\\/nova-forano-doppelter-campingschrank\\\/#primaryimage\"},\"image\":{\"@id\":\"https:\\\/\\\/shop.bantam.ch\\\/de\\\/produkt\\\/nova-forano-doppelter-campingschrank\\\/#primaryimage\"},\"thumbnailUrl\":\"https:\\\/\\\/shop.bantam.ch\\\/wp-content\\\/uploads\\\/2023\\\/03\\\/76622005-ETCF2041-Nova-Forano-scaled.jpg\",\"datePublished\":\"2024-05-09T16:43:50+00:00\",\"dateModified\":\"2026-05-01T19:56:14+00:00\",\"breadcrumb\":{\"@id\":\"https:\\\/\\\/shop.bantam.ch\\\/de\\\/produkt\\\/nova-forano-doppelter-campingschrank\\\/#breadcrumb\"},\"inLanguage\":\"de\",\"potentialAction\":[{\"@type\":\"ReadAction\",\"target\":[\"https:\\\/\\\/shop.bantam.ch\\\/de\\\/produkt\\\/nova-forano-doppelter-campingschrank\\\/\"]}]},{\"@type\":\"ImageObject\",\"inLanguage\":\"de\",\"@id\":\"https:\\\/\\\/shop.bantam.ch\\\/de\\\/produkt\\\/nova-forano-doppelter-campingschrank\\\/#primaryimage\",\"url\":\"https:\\\/\\\/shop.bantam.ch\\\/wp-content\\\/uploads\\\/2023\\\/03\\\/76622005-ETCF2041-Nova-Forano-scaled.jpg\",\"contentUrl\":\"https:\\\/\\\/shop.bantam.ch\\\/wp-content\\\/uploads\\\/2023\\\/03\\\/76622005-ETCF2041-Nova-Forano-scaled.jpg\",\"width\":2048,\"height\":1892},{\"@type\":\"BreadcrumbList\",\"@id\":\"https:\\\/\\\/shop.bantam.ch\\\/de\\\/produkt\\\/nova-forano-doppelter-campingschrank\\\/#breadcrumb\",\"itemListElement\":[{\"@type\":\"ListItem\",\"position\":1,\"name\":\"Accueil\",\"item\":\"https:\\\/\\\/shop.bantam.ch\\\/de\\\/\"},{\"@type\":\"ListItem\",\"position\":2,\"name\":\"Shop\",\"item\":\"https:\\\/\\\/shop.bantam.ch\\\/de\\\/shop\\\/\"},{\"@type\":\"ListItem\",\"position\":3,\"name\":\"Nova Forano doppelter Campingschrank\"}]},{\"@type\":\"WebSite\",\"@id\":\"https:\\\/\\\/shop.bantam.ch\\\/de\\\/#website\",\"url\":\"https:\\\/\\\/shop.bantam.ch\\\/de\\\/\",\"name\":\"Bantam\",\"description\":\"\",\"publisher\":{\"@id\":\"https:\\\/\\\/shop.bantam.ch\\\/de\\\/#organization\"},\"inLanguage\":\"de\"},{\"@type\":\"Organization\",\"@id\":\"https:\\\/\\\/shop.bantam.ch\\\/de\\\/#organization\",\"name\":\"Bantam\",\"url\":\"https:\\\/\\\/shop.bantam.ch\\\/de\\\/\",\"logo\":{\"@type\":\"ImageObject\",\"inLanguage\":\"de\",\"@id\":\"https:\\\/\\\/shop.bantam.ch\\\/de\\\/#\\\/schema\\\/logo\\\/image\\\/\",\"url\":\"https:\\\/\\\/shop.bantam.ch\\\/wp-content\\\/uploads\\\/2022\\\/12\\\/bantam-logo.png\",\"contentUrl\":\"https:\\\/\\\/shop.bantam.ch\\\/wp-content\\\/uploads\\\/2022\\\/12\\\/bantam-logo.png\",\"width\":320,\"height\":71,\"caption\":\"Bantam\"},\"image\":{\"@id\":\"https:\\\/\\\/shop.bantam.ch\\\/de\\\/#\\\/schema\\\/logo\\\/image\\\/\"}}]}<\/script>\n<!-- \/ Yoast SEO plugin. -->","yoast_head_json":{"title":"Nova Forano doppelter Campingschrank - Bantam","robots":{"index":"index","follow":"follow","max-snippet":"max-snippet:-1","max-image-preview":"max-image-preview:large","max-video-preview":"max-video-preview:-1"},"canonical":"https:\/\/shop.bantam.ch\/de\/produkt\/nova-forano-doppelter-campingschrank\/","og_locale":"de_DE","og_type":"article","og_title":"Nova Forano doppelter Campingschrank - Bantam","og_description":"Doppelter Campingschrank, schnell aufgebaut und mit viel Stauraum. Verf\u00fcgt \u00fcber sechs Regale Verstellbare F\u00fc\u00dfe Widerstand: 25 kg Abmessungen: 110 cm x 52 cm x 90 cm Abmessungen der Verpackung: 56 cm x 111 cm x 11 cm","og_url":"https:\/\/shop.bantam.ch\/de\/produkt\/nova-forano-doppelter-campingschrank\/","og_site_name":"Bantam","article_modified_time":"2026-05-01T19:56:14+00:00","og_image":[{"width":2048,"height":1892,"url":"https:\/\/shop.bantam.ch\/wp-content\/uploads\/2023\/03\/76622005-ETCF2041-Nova-Forano-scaled.jpg","type":"image\/jpeg"}],"twitter_card":"summary_large_image","schema":{"@context":"https:\/\/schema.org","@graph":[{"@type":"WebPage","@id":"https:\/\/shop.bantam.ch\/de\/produkt\/nova-forano-doppelter-campingschrank\/","url":"https:\/\/shop.bantam.ch\/de\/produkt\/nova-forano-doppelter-campingschrank\/","name":"Nova Forano doppelter Campingschrank - Bantam","isPartOf":{"@id":"https:\/\/shop.bantam.ch\/de\/#website"},"primaryImageOfPage":{"@id":"https:\/\/shop.bantam.ch\/de\/produkt\/nova-forano-doppelter-campingschrank\/#primaryimage"},"image":{"@id":"https:\/\/shop.bantam.ch\/de\/produkt\/nova-forano-doppelter-campingschrank\/#primaryimage"},"thumbnailUrl":"https:\/\/shop.bantam.ch\/wp-content\/uploads\/2023\/03\/76622005-ETCF2041-Nova-Forano-scaled.jpg","datePublished":"2024-05-09T16:43:50+00:00","dateModified":"2026-05-01T19:56:14+00:00","breadcrumb":{"@id":"https:\/\/shop.bantam.ch\/de\/produkt\/nova-forano-doppelter-campingschrank\/#breadcrumb"},"inLanguage":"de","potentialAction":[{"@type":"ReadAction","target":["https:\/\/shop.bantam.ch\/de\/produkt\/nova-forano-doppelter-campingschrank\/"]}]},{"@type":"ImageObject","inLanguage":"de","@id":"https:\/\/shop.bantam.ch\/de\/produkt\/nova-forano-doppelter-campingschrank\/#primaryimage","url":"https:\/\/shop.bantam.ch\/wp-content\/uploads\/2023\/03\/76622005-ETCF2041-Nova-Forano-scaled.jpg","contentUrl":"https:\/\/shop.bantam.ch\/wp-content\/uploads\/2023\/03\/76622005-ETCF2041-Nova-Forano-scaled.jpg","width":2048,"height":1892},{"@type":"BreadcrumbList","@id":"https:\/\/shop.bantam.ch\/de\/produkt\/nova-forano-doppelter-campingschrank\/#breadcrumb","itemListElement":[{"@type":"ListItem","position":1,"name":"Accueil","item":"https:\/\/shop.bantam.ch\/de\/"},{"@type":"ListItem","position":2,"name":"Shop","item":"https:\/\/shop.bantam.ch\/de\/shop\/"},{"@type":"ListItem","position":3,"name":"Nova Forano doppelter Campingschrank"}]},{"@type":"WebSite","@id":"https:\/\/shop.bantam.ch\/de\/#website","url":"https:\/\/shop.bantam.ch\/de\/","name":"Bantam","description":"","publisher":{"@id":"https:\/\/shop.bantam.ch\/de\/#organization"},"inLanguage":"de"},{"@type":"Organization","@id":"https:\/\/shop.bantam.ch\/de\/#organization","name":"Bantam","url":"https:\/\/shop.bantam.ch\/de\/","logo":{"@type":"ImageObject","inLanguage":"de","@id":"https:\/\/shop.bantam.ch\/de\/#\/schema\/logo\/image\/","url":"https:\/\/shop.bantam.ch\/wp-content\/uploads\/2022\/12\/bantam-logo.png","contentUrl":"https:\/\/shop.bantam.ch\/wp-content\/uploads\/2022\/12\/bantam-logo.png","width":320,"height":71,"caption":"Bantam"},"image":{"@id":"https:\/\/shop.bantam.ch\/de\/#\/schema\/logo\/image\/"}}]}},"_links":{"self":[{"href":"https:\/\/shop.bantam.ch\/de\/wp-json\/wp\/v2\/product\/135960","targetHints":{"allow":["GET"]}}],"collection":[{"href":"https:\/\/shop.bantam.ch\/de\/wp-json\/wp\/v2\/product"}],"about":[{"href":"https:\/\/shop.bantam.ch\/de\/wp-json\/wp\/v2\/types\/product"}],"wp:featuredmedia":[{"embeddable":true,"href":"https:\/\/shop.bantam.ch\/de\/wp-json\/wp\/v2\/media\/135958"}],"wp:attachment":[{"href":"https:\/\/shop.bantam.ch\/de\/wp-json\/wp\/v2\/media?parent=135960"}],"wp:term":[{"taxonomy":"product_featured_cat","embeddable":true,"href":"https:\/\/shop.bantam.ch\/de\/wp-json\/wp\/v2\/product_featured_cat?post=135960"},{"taxonomy":"product_brand","embeddable":true,"href":"https:\/\/shop.bantam.ch\/de\/wp-json\/wp\/v2\/product_brand?post=135960"},{"taxonomy":"product_cat","embeddable":true,"href":"https:\/\/shop.bantam.ch\/de\/wp-json\/wp\/v2\/product_cat?post=135960"},{"taxonomy":"product_tag","embeddable":true,"href":"https:\/\/shop.bantam.ch\/de\/wp-json\/wp\/v2\/product_tag?post=135960"}],"curies":[{"name":"wp","href":"https:\/\/api.w.org\/{rel}","templated":true}]}}