{"id":135887,"date":"2023-03-01T18:42:24","date_gmt":"2023-03-01T17:42:24","guid":{"rendered":"https:\/\/shop.bantam.ch\/produit\/antenne-4g-kuma\/"},"modified":"2026-04-20T21:59:25","modified_gmt":"2026-04-20T19:59:25","slug":"antenne-4g-kuma","status":"publish","type":"product","link":"https:\/\/shop.bantam.ch\/de\/produkt\/antenne-4g-kuma\/","title":{"rendered":"Antenne 4G Kuma"},"content":{"rendered":"<p>Genie\u00dfen Sie eine 4G-Verbindung in und um Ihr Reisemobil. Die 4G-Box ist im Taschenformat und ben\u00f6tigt keine Installation oder Stromversorgung. Legen Sie einfach eine beliebige 4G-Mobilfunk-SIM-Karte ein (nicht im Lieferumfang enthalten), und schon k\u00f6nnen Sie ein Wi-FiSignal an Ihre Smartphones, Tablets oder Laptops weiterleiten. Die 28dBi Omnidirektionale Antenne verst\u00e4rkt den 4G-Empfang. Die Antenne ist wasserdicht und kann au\u00dferhalb des Fahrzeugs angebracht oder einfach durch ein offenes Fenster gef\u00fchrt werden. Ihr Netzwerk ist durch ein Passwort gesichert und erlaubt die Verbindung von bis zu 5 mobilen Ger\u00e4ten gleichzeitig. Die 4G-Box zeigt die St\u00e4rke des empfangenen Signals an und zeigt Ihnen die verbrauchten und verbleibenden Daten auf der SIM-Karte an. Das KUMA KU60 Mobile 4G Router System folgt Ihnen auf Ihren Reisen um die Welt.<\/p>\n","protected":false},"excerpt":{"rendered":"<p>Genie\u00dfen Sie eine 4G-Verbindung in und um Ihr Reisemobil. Die 4G-Box ist im Taschenformat und ben\u00f6tigt keine Installation oder Stromversorgung. Legen Sie einfach eine beliebige 4G-Mobilfunk-SIM-Karte ein (nicht im Lieferumfang enthalten), und schon k\u00f6nnen Sie ein Wi-FiSignal an Ihre Smartphones, Tablets oder Laptops weiterleiten. Die 28dBi Omnidirektionale Antenne verst\u00e4rkt den 4G-Empfang. Die Antenne ist wasserdicht [&hellip;]<\/p>\n","protected":false},"featured_media":135885,"template":"","meta":{"_acf_changed":false},"product_featured_cat":[],"product_brand":[3673],"product_cat":[4990],"product_tag":[],"class_list":{"0":"post-135887","1":"product","2":"type-product","3":"status-publish","4":"has-post-thumbnail","6":"product_brand-kuma-de","7":"product_cat-antennen","9":"first","10":"instock","11":"sale","12":"taxable","13":"shipping-taxable","14":"purchasable","15":"product-type-simple"},"acf":[],"yoast_head":"<!-- This site is optimized with the Yoast SEO plugin v27.4 - https:\/\/yoast.com\/product\/yoast-seo-wordpress\/ -->\n<title>Antenne 4G Kuma - Bantam Camping AG<\/title>\n<meta name=\"robots\" content=\"index, follow, max-snippet:-1, max-image-preview:large, max-video-preview:-1\" \/>\n<link rel=\"canonical\" href=\"https:\/\/shop.bantam.ch\/de\/produkt\/antenne-4g-kuma\/\" \/>\n<meta property=\"og:locale\" content=\"de_DE\" \/>\n<meta property=\"og:type\" content=\"article\" \/>\n<meta property=\"og:title\" content=\"Antenne 4G Kuma - Bantam Camping AG\" \/>\n<meta property=\"og:description\" content=\"Genie\u00dfen Sie eine 4G-Verbindung in und um Ihr Reisemobil. Die 4G-Box ist im Taschenformat und ben\u00f6tigt keine Installation oder Stromversorgung. Legen Sie einfach eine beliebige 4G-Mobilfunk-SIM-Karte ein (nicht im Lieferumfang enthalten), und schon k\u00f6nnen Sie ein Wi-FiSignal an Ihre Smartphones, Tablets oder Laptops weiterleiten. Die 28dBi Omnidirektionale Antenne verst\u00e4rkt den 4G-Empfang. Die Antenne ist wasserdicht [&hellip;]\" \/>\n<meta property=\"og:url\" content=\"https:\/\/shop.bantam.ch\/de\/produkt\/antenne-4g-kuma\/\" \/>\n<meta property=\"og:site_name\" content=\"Bantam Camping AG\" \/>\n<meta property=\"article:modified_time\" content=\"2026-04-20T19:59:25+00:00\" \/>\n<meta property=\"og:image\" content=\"https:\/\/shop.bantam.ch\/wp-content\/uploads\/2023\/03\/77321036-452903-PA.jpg\" \/>\n\t<meta property=\"og:image:width\" content=\"1181\" \/>\n\t<meta property=\"og:image:height\" content=\"885\" \/>\n\t<meta property=\"og:image:type\" content=\"image\/jpeg\" \/>\n<meta name=\"twitter:card\" content=\"summary_large_image\" \/>\n<meta name=\"twitter:label1\" content=\"Gesch\u00e4tzte Lesezeit\" \/>\n\t<meta name=\"twitter:data1\" content=\"1\u00a0Minute\" \/>\n<script type=\"application\/ld+json\" class=\"yoast-schema-graph\">{\"@context\":\"https:\\\/\\\/schema.org\",\"@graph\":[{\"@type\":\"WebPage\",\"@id\":\"https:\\\/\\\/shop.bantam.ch\\\/de\\\/produkt\\\/antenne-4g-kuma\\\/\",\"url\":\"https:\\\/\\\/shop.bantam.ch\\\/de\\\/produkt\\\/antenne-4g-kuma\\\/\",\"name\":\"Antenne 4G Kuma - Bantam Camping AG\",\"isPartOf\":{\"@id\":\"https:\\\/\\\/shop.bantam.ch\\\/de\\\/#website\"},\"primaryImageOfPage\":{\"@id\":\"https:\\\/\\\/shop.bantam.ch\\\/de\\\/produkt\\\/antenne-4g-kuma\\\/#primaryimage\"},\"image\":{\"@id\":\"https:\\\/\\\/shop.bantam.ch\\\/de\\\/produkt\\\/antenne-4g-kuma\\\/#primaryimage\"},\"thumbnailUrl\":\"https:\\\/\\\/shop.bantam.ch\\\/wp-content\\\/uploads\\\/2023\\\/03\\\/77321036-452903-PA.jpg\",\"datePublished\":\"2023-03-01T17:42:24+00:00\",\"dateModified\":\"2026-04-20T19:59:25+00:00\",\"breadcrumb\":{\"@id\":\"https:\\\/\\\/shop.bantam.ch\\\/de\\\/produkt\\\/antenne-4g-kuma\\\/#breadcrumb\"},\"inLanguage\":\"de\",\"potentialAction\":[{\"@type\":\"ReadAction\",\"target\":[\"https:\\\/\\\/shop.bantam.ch\\\/de\\\/produkt\\\/antenne-4g-kuma\\\/\"]}]},{\"@type\":\"ImageObject\",\"inLanguage\":\"de\",\"@id\":\"https:\\\/\\\/shop.bantam.ch\\\/de\\\/produkt\\\/antenne-4g-kuma\\\/#primaryimage\",\"url\":\"https:\\\/\\\/shop.bantam.ch\\\/wp-content\\\/uploads\\\/2023\\\/03\\\/77321036-452903-PA.jpg\",\"contentUrl\":\"https:\\\/\\\/shop.bantam.ch\\\/wp-content\\\/uploads\\\/2023\\\/03\\\/77321036-452903-PA.jpg\",\"width\":1181,\"height\":885},{\"@type\":\"BreadcrumbList\",\"@id\":\"https:\\\/\\\/shop.bantam.ch\\\/de\\\/produkt\\\/antenne-4g-kuma\\\/#breadcrumb\",\"itemListElement\":[{\"@type\":\"ListItem\",\"position\":1,\"name\":\"Accueil\",\"item\":\"https:\\\/\\\/shop.bantam.ch\\\/de\\\/\"},{\"@type\":\"ListItem\",\"position\":2,\"name\":\"Shop\",\"item\":\"https:\\\/\\\/shop.bantam.ch\\\/de\\\/shop\\\/\"},{\"@type\":\"ListItem\",\"position\":3,\"name\":\"Antenne 4G Kuma\"}]},{\"@type\":\"WebSite\",\"@id\":\"https:\\\/\\\/shop.bantam.ch\\\/de\\\/#website\",\"url\":\"https:\\\/\\\/shop.bantam.ch\\\/de\\\/\",\"name\":\"Bantam Camping AG\",\"description\":\"\",\"publisher\":{\"@id\":\"https:\\\/\\\/shop.bantam.ch\\\/de\\\/#organization\"},\"inLanguage\":\"de\"},{\"@type\":\"Organization\",\"@id\":\"https:\\\/\\\/shop.bantam.ch\\\/de\\\/#organization\",\"name\":\"Bantam Camping AG\",\"url\":\"https:\\\/\\\/shop.bantam.ch\\\/de\\\/\",\"logo\":{\"@type\":\"ImageObject\",\"inLanguage\":\"de\",\"@id\":\"https:\\\/\\\/shop.bantam.ch\\\/de\\\/#\\\/schema\\\/logo\\\/image\\\/\",\"url\":\"https:\\\/\\\/shop.bantam.ch\\\/wp-content\\\/uploads\\\/2022\\\/12\\\/bantam-logo.png\",\"contentUrl\":\"https:\\\/\\\/shop.bantam.ch\\\/wp-content\\\/uploads\\\/2022\\\/12\\\/bantam-logo.png\",\"width\":320,\"height\":71,\"caption\":\"Bantam Camping AG\"},\"image\":{\"@id\":\"https:\\\/\\\/shop.bantam.ch\\\/de\\\/#\\\/schema\\\/logo\\\/image\\\/\"}}]}<\/script>\n<!-- \/ Yoast SEO plugin. -->","yoast_head_json":{"title":"Antenne 4G Kuma - Bantam Camping AG","robots":{"index":"index","follow":"follow","max-snippet":"max-snippet:-1","max-image-preview":"max-image-preview:large","max-video-preview":"max-video-preview:-1"},"canonical":"https:\/\/shop.bantam.ch\/de\/produkt\/antenne-4g-kuma\/","og_locale":"de_DE","og_type":"article","og_title":"Antenne 4G Kuma - Bantam Camping AG","og_description":"Genie\u00dfen Sie eine 4G-Verbindung in und um Ihr Reisemobil. Die 4G-Box ist im Taschenformat und ben\u00f6tigt keine Installation oder Stromversorgung. Legen Sie einfach eine beliebige 4G-Mobilfunk-SIM-Karte ein (nicht im Lieferumfang enthalten), und schon k\u00f6nnen Sie ein Wi-FiSignal an Ihre Smartphones, Tablets oder Laptops weiterleiten. Die 28dBi Omnidirektionale Antenne verst\u00e4rkt den 4G-Empfang. Die Antenne ist wasserdicht [&hellip;]","og_url":"https:\/\/shop.bantam.ch\/de\/produkt\/antenne-4g-kuma\/","og_site_name":"Bantam Camping AG","article_modified_time":"2026-04-20T19:59:25+00:00","og_image":[{"width":1181,"height":885,"url":"https:\/\/shop.bantam.ch\/wp-content\/uploads\/2023\/03\/77321036-452903-PA.jpg","type":"image\/jpeg"}],"twitter_card":"summary_large_image","twitter_misc":{"Gesch\u00e4tzte Lesezeit":"1\u00a0Minute"},"schema":{"@context":"https:\/\/schema.org","@graph":[{"@type":"WebPage","@id":"https:\/\/shop.bantam.ch\/de\/produkt\/antenne-4g-kuma\/","url":"https:\/\/shop.bantam.ch\/de\/produkt\/antenne-4g-kuma\/","name":"Antenne 4G Kuma - Bantam Camping AG","isPartOf":{"@id":"https:\/\/shop.bantam.ch\/de\/#website"},"primaryImageOfPage":{"@id":"https:\/\/shop.bantam.ch\/de\/produkt\/antenne-4g-kuma\/#primaryimage"},"image":{"@id":"https:\/\/shop.bantam.ch\/de\/produkt\/antenne-4g-kuma\/#primaryimage"},"thumbnailUrl":"https:\/\/shop.bantam.ch\/wp-content\/uploads\/2023\/03\/77321036-452903-PA.jpg","datePublished":"2023-03-01T17:42:24+00:00","dateModified":"2026-04-20T19:59:25+00:00","breadcrumb":{"@id":"https:\/\/shop.bantam.ch\/de\/produkt\/antenne-4g-kuma\/#breadcrumb"},"inLanguage":"de","potentialAction":[{"@type":"ReadAction","target":["https:\/\/shop.bantam.ch\/de\/produkt\/antenne-4g-kuma\/"]}]},{"@type":"ImageObject","inLanguage":"de","@id":"https:\/\/shop.bantam.ch\/de\/produkt\/antenne-4g-kuma\/#primaryimage","url":"https:\/\/shop.bantam.ch\/wp-content\/uploads\/2023\/03\/77321036-452903-PA.jpg","contentUrl":"https:\/\/shop.bantam.ch\/wp-content\/uploads\/2023\/03\/77321036-452903-PA.jpg","width":1181,"height":885},{"@type":"BreadcrumbList","@id":"https:\/\/shop.bantam.ch\/de\/produkt\/antenne-4g-kuma\/#breadcrumb","itemListElement":[{"@type":"ListItem","position":1,"name":"Accueil","item":"https:\/\/shop.bantam.ch\/de\/"},{"@type":"ListItem","position":2,"name":"Shop","item":"https:\/\/shop.bantam.ch\/de\/shop\/"},{"@type":"ListItem","position":3,"name":"Antenne 4G Kuma"}]},{"@type":"WebSite","@id":"https:\/\/shop.bantam.ch\/de\/#website","url":"https:\/\/shop.bantam.ch\/de\/","name":"Bantam Camping AG","description":"","publisher":{"@id":"https:\/\/shop.bantam.ch\/de\/#organization"},"inLanguage":"de"},{"@type":"Organization","@id":"https:\/\/shop.bantam.ch\/de\/#organization","name":"Bantam Camping AG","url":"https:\/\/shop.bantam.ch\/de\/","logo":{"@type":"ImageObject","inLanguage":"de","@id":"https:\/\/shop.bantam.ch\/de\/#\/schema\/logo\/image\/","url":"https:\/\/shop.bantam.ch\/wp-content\/uploads\/2022\/12\/bantam-logo.png","contentUrl":"https:\/\/shop.bantam.ch\/wp-content\/uploads\/2022\/12\/bantam-logo.png","width":320,"height":71,"caption":"Bantam Camping AG"},"image":{"@id":"https:\/\/shop.bantam.ch\/de\/#\/schema\/logo\/image\/"}}]}},"_links":{"self":[{"href":"https:\/\/shop.bantam.ch\/de\/wp-json\/wp\/v2\/product\/135887","targetHints":{"allow":["GET"]}}],"collection":[{"href":"https:\/\/shop.bantam.ch\/de\/wp-json\/wp\/v2\/product"}],"about":[{"href":"https:\/\/shop.bantam.ch\/de\/wp-json\/wp\/v2\/types\/product"}],"wp:featuredmedia":[{"embeddable":true,"href":"https:\/\/shop.bantam.ch\/de\/wp-json\/wp\/v2\/media\/135885"}],"wp:attachment":[{"href":"https:\/\/shop.bantam.ch\/de\/wp-json\/wp\/v2\/media?parent=135887"}],"wp:term":[{"taxonomy":"product_featured_cat","embeddable":true,"href":"https:\/\/shop.bantam.ch\/de\/wp-json\/wp\/v2\/product_featured_cat?post=135887"},{"taxonomy":"product_brand","embeddable":true,"href":"https:\/\/shop.bantam.ch\/de\/wp-json\/wp\/v2\/product_brand?post=135887"},{"taxonomy":"product_cat","embeddable":true,"href":"https:\/\/shop.bantam.ch\/de\/wp-json\/wp\/v2\/product_cat?post=135887"},{"taxonomy":"product_tag","embeddable":true,"href":"https:\/\/shop.bantam.ch\/de\/wp-json\/wp\/v2\/product_tag?post=135887"}],"curies":[{"name":"wp","href":"https:\/\/api.w.org\/{rel}","templated":true}]}}