{"id":135828,"date":"2023-03-01T18:41:22","date_gmt":"2023-03-01T17:41:22","guid":{"rendered":"https:\/\/shop.bantam.ch\/produit\/uebergangsstecker-italien-typ13-3-polig-weiss\/"},"modified":"2026-05-01T21:55:53","modified_gmt":"2026-05-01T19:55:53","slug":"uebergangsstecker-italien-typ13-3-polig-weiss","status":"publish","type":"product","link":"https:\/\/shop.bantam.ch\/de\/produkt\/uebergangsstecker-italien-typ13-3-polig-weiss\/","title":{"rendered":"Reiseadapter &#8211; stecker Italien &#8211; Typ13 &#8211; 3 Polig &#8211; Weiss"},"content":{"rendered":"<p class=\"MsoNoSpacing\"><span lang=\"DE-CH\">Dieser<br \/>\nReiseadapter ist die optimale L\u00f6sung f\u00fcr Reisende, die das schweizerische oder<br \/>\ndas europ\u00e4ische Steckersystem verwenden und nach Italien reisen. Der<br \/>\nL\u00e4nderadapter bietet Reisenden einen zuverl\u00e4ssigen und einfachen Anschluss f\u00fcr<br \/>\nGer\u00e4te mit Typ 13-Stecker f\u00fcr Typ L-Steckdosen.<\/span><\/p>\n<p class=\"MsoNoSpacing\"><span lang=\"DE-CH\">&#8211;<br \/>\nZuverl\u00e4ssige und sichere Nutzung von Elektroger\u00e4ten auf Reisen.<\/span><\/p>\n<p class=\"MsoNoSpacing\"><span lang=\"DE-CH\">&#8211;<br \/>\nAdapter f\u00fcr m\u00e4nnliche Stecker, Stecker vom Typ 13.<\/span><\/p>\n<\/p>\n<p class=\"MsoNoSpacing\"><span lang=\"DE-CH\">&#8211;<br \/>\nTyp-L-Ausgangsstecker mit Verwendung in Italien<\/span><\/p>\n","protected":false},"excerpt":{"rendered":"<p>Dieser Reiseadapter ist die optimale L\u00f6sung f\u00fcr Reisende, die das schweizerische oder das europ\u00e4ische Steckersystem verwenden und nach Italien reisen. Der L\u00e4nderadapter bietet Reisenden einen zuverl\u00e4ssigen und einfachen Anschluss f\u00fcr Ger\u00e4te mit Typ 13-Stecker f\u00fcr Typ L-Steckdosen. &#8211; Zuverl\u00e4ssige und sichere Nutzung von Elektroger\u00e4ten auf Reisen. &#8211; Adapter f\u00fcr m\u00e4nnliche Stecker, Stecker vom Typ 13. [&hellip;]<\/p>\n","protected":false},"featured_media":135826,"template":"","meta":{"_acf_changed":false},"product_featured_cat":[],"product_brand":[3671],"product_cat":[4436],"product_tag":[],"class_list":{"0":"post-135828","1":"product","2":"type-product","3":"status-publish","4":"has-post-thumbnail","6":"product_brand-max-hauri-de","7":"product_cat-reiseadapter-powerbanks","9":"first","10":"instock","11":"taxable","12":"shipping-taxable","13":"purchasable","14":"product-type-simple"},"acf":[],"yoast_head":"<!-- This site is optimized with the Yoast SEO plugin v27.5 - https:\/\/yoast.com\/product\/yoast-seo-wordpress\/ -->\n<title>Reiseadapter - stecker Italien - Typ13 - 3 Polig - Weiss - Bantam<\/title>\n<meta name=\"robots\" content=\"index, follow, max-snippet:-1, max-image-preview:large, max-video-preview:-1\" \/>\n<link rel=\"canonical\" href=\"https:\/\/shop.bantam.ch\/de\/produkt\/uebergangsstecker-italien-typ13-3-polig-weiss\/\" \/>\n<meta property=\"og:locale\" content=\"de_DE\" \/>\n<meta property=\"og:type\" content=\"article\" \/>\n<meta property=\"og:title\" content=\"Reiseadapter - stecker Italien - Typ13 - 3 Polig - Weiss - Bantam\" \/>\n<meta property=\"og:description\" content=\"Dieser Reiseadapter ist die optimale L\u00f6sung f\u00fcr Reisende, die das schweizerische oder das europ\u00e4ische Steckersystem verwenden und nach Italien reisen. Der L\u00e4nderadapter bietet Reisenden einen zuverl\u00e4ssigen und einfachen Anschluss f\u00fcr Ger\u00e4te mit Typ 13-Stecker f\u00fcr Typ L-Steckdosen. &#8211; Zuverl\u00e4ssige und sichere Nutzung von Elektroger\u00e4ten auf Reisen. &#8211; Adapter f\u00fcr m\u00e4nnliche Stecker, Stecker vom Typ 13. [&hellip;]\" \/>\n<meta property=\"og:url\" content=\"https:\/\/shop.bantam.ch\/de\/produkt\/uebergangsstecker-italien-typ13-3-polig-weiss\/\" \/>\n<meta property=\"og:site_name\" content=\"Bantam\" \/>\n<meta property=\"article:modified_time\" content=\"2026-05-01T19:55:53+00:00\" \/>\n<meta property=\"og:image\" content=\"https:\/\/shop.bantam.ch\/wp-content\/uploads\/2023\/03\/MaxHauri-116663-30062386-01.jpg\" \/>\n\t<meta property=\"og:image:width\" content=\"600\" \/>\n\t<meta property=\"og:image:height\" content=\"336\" \/>\n\t<meta property=\"og:image:type\" content=\"image\/jpeg\" \/>\n<meta name=\"twitter:card\" content=\"summary_large_image\" \/>\n<script type=\"application\/ld+json\" class=\"yoast-schema-graph\">{\"@context\":\"https:\\\/\\\/schema.org\",\"@graph\":[{\"@type\":\"WebPage\",\"@id\":\"https:\\\/\\\/shop.bantam.ch\\\/de\\\/produkt\\\/uebergangsstecker-italien-typ13-3-polig-weiss\\\/\",\"url\":\"https:\\\/\\\/shop.bantam.ch\\\/de\\\/produkt\\\/uebergangsstecker-italien-typ13-3-polig-weiss\\\/\",\"name\":\"Reiseadapter - stecker Italien - Typ13 - 3 Polig - Weiss - Bantam\",\"isPartOf\":{\"@id\":\"https:\\\/\\\/shop.bantam.ch\\\/de\\\/#website\"},\"primaryImageOfPage\":{\"@id\":\"https:\\\/\\\/shop.bantam.ch\\\/de\\\/produkt\\\/uebergangsstecker-italien-typ13-3-polig-weiss\\\/#primaryimage\"},\"image\":{\"@id\":\"https:\\\/\\\/shop.bantam.ch\\\/de\\\/produkt\\\/uebergangsstecker-italien-typ13-3-polig-weiss\\\/#primaryimage\"},\"thumbnailUrl\":\"https:\\\/\\\/shop.bantam.ch\\\/wp-content\\\/uploads\\\/2023\\\/03\\\/MaxHauri-116663-30062386-01.jpg\",\"datePublished\":\"2023-03-01T17:41:22+00:00\",\"dateModified\":\"2026-05-01T19:55:53+00:00\",\"breadcrumb\":{\"@id\":\"https:\\\/\\\/shop.bantam.ch\\\/de\\\/produkt\\\/uebergangsstecker-italien-typ13-3-polig-weiss\\\/#breadcrumb\"},\"inLanguage\":\"de\",\"potentialAction\":[{\"@type\":\"ReadAction\",\"target\":[\"https:\\\/\\\/shop.bantam.ch\\\/de\\\/produkt\\\/uebergangsstecker-italien-typ13-3-polig-weiss\\\/\"]}]},{\"@type\":\"ImageObject\",\"inLanguage\":\"de\",\"@id\":\"https:\\\/\\\/shop.bantam.ch\\\/de\\\/produkt\\\/uebergangsstecker-italien-typ13-3-polig-weiss\\\/#primaryimage\",\"url\":\"https:\\\/\\\/shop.bantam.ch\\\/wp-content\\\/uploads\\\/2023\\\/03\\\/MaxHauri-116663-30062386-01.jpg\",\"contentUrl\":\"https:\\\/\\\/shop.bantam.ch\\\/wp-content\\\/uploads\\\/2023\\\/03\\\/MaxHauri-116663-30062386-01.jpg\",\"width\":600,\"height\":336},{\"@type\":\"BreadcrumbList\",\"@id\":\"https:\\\/\\\/shop.bantam.ch\\\/de\\\/produkt\\\/uebergangsstecker-italien-typ13-3-polig-weiss\\\/#breadcrumb\",\"itemListElement\":[{\"@type\":\"ListItem\",\"position\":1,\"name\":\"Accueil\",\"item\":\"https:\\\/\\\/shop.bantam.ch\\\/de\\\/\"},{\"@type\":\"ListItem\",\"position\":2,\"name\":\"Shop\",\"item\":\"https:\\\/\\\/shop.bantam.ch\\\/de\\\/shop\\\/\"},{\"@type\":\"ListItem\",\"position\":3,\"name\":\"Reiseadapter &#8211; stecker Italien &#8211; Typ13 &#8211; 3 Polig &#8211; Weiss\"}]},{\"@type\":\"WebSite\",\"@id\":\"https:\\\/\\\/shop.bantam.ch\\\/de\\\/#website\",\"url\":\"https:\\\/\\\/shop.bantam.ch\\\/de\\\/\",\"name\":\"Bantam\",\"description\":\"\",\"publisher\":{\"@id\":\"https:\\\/\\\/shop.bantam.ch\\\/de\\\/#organization\"},\"inLanguage\":\"de\"},{\"@type\":\"Organization\",\"@id\":\"https:\\\/\\\/shop.bantam.ch\\\/de\\\/#organization\",\"name\":\"Bantam\",\"url\":\"https:\\\/\\\/shop.bantam.ch\\\/de\\\/\",\"logo\":{\"@type\":\"ImageObject\",\"inLanguage\":\"de\",\"@id\":\"https:\\\/\\\/shop.bantam.ch\\\/de\\\/#\\\/schema\\\/logo\\\/image\\\/\",\"url\":\"https:\\\/\\\/shop.bantam.ch\\\/wp-content\\\/uploads\\\/2022\\\/12\\\/bantam-logo.png\",\"contentUrl\":\"https:\\\/\\\/shop.bantam.ch\\\/wp-content\\\/uploads\\\/2022\\\/12\\\/bantam-logo.png\",\"width\":320,\"height\":71,\"caption\":\"Bantam\"},\"image\":{\"@id\":\"https:\\\/\\\/shop.bantam.ch\\\/de\\\/#\\\/schema\\\/logo\\\/image\\\/\"}}]}<\/script>\n<!-- \/ Yoast SEO plugin. -->","yoast_head_json":{"title":"Reiseadapter - stecker Italien - Typ13 - 3 Polig - Weiss - Bantam","robots":{"index":"index","follow":"follow","max-snippet":"max-snippet:-1","max-image-preview":"max-image-preview:large","max-video-preview":"max-video-preview:-1"},"canonical":"https:\/\/shop.bantam.ch\/de\/produkt\/uebergangsstecker-italien-typ13-3-polig-weiss\/","og_locale":"de_DE","og_type":"article","og_title":"Reiseadapter - stecker Italien - Typ13 - 3 Polig - Weiss - Bantam","og_description":"Dieser Reiseadapter ist die optimale L\u00f6sung f\u00fcr Reisende, die das schweizerische oder das europ\u00e4ische Steckersystem verwenden und nach Italien reisen. Der L\u00e4nderadapter bietet Reisenden einen zuverl\u00e4ssigen und einfachen Anschluss f\u00fcr Ger\u00e4te mit Typ 13-Stecker f\u00fcr Typ L-Steckdosen. &#8211; Zuverl\u00e4ssige und sichere Nutzung von Elektroger\u00e4ten auf Reisen. &#8211; Adapter f\u00fcr m\u00e4nnliche Stecker, Stecker vom Typ 13. [&hellip;]","og_url":"https:\/\/shop.bantam.ch\/de\/produkt\/uebergangsstecker-italien-typ13-3-polig-weiss\/","og_site_name":"Bantam","article_modified_time":"2026-05-01T19:55:53+00:00","og_image":[{"width":600,"height":336,"url":"https:\/\/shop.bantam.ch\/wp-content\/uploads\/2023\/03\/MaxHauri-116663-30062386-01.jpg","type":"image\/jpeg"}],"twitter_card":"summary_large_image","schema":{"@context":"https:\/\/schema.org","@graph":[{"@type":"WebPage","@id":"https:\/\/shop.bantam.ch\/de\/produkt\/uebergangsstecker-italien-typ13-3-polig-weiss\/","url":"https:\/\/shop.bantam.ch\/de\/produkt\/uebergangsstecker-italien-typ13-3-polig-weiss\/","name":"Reiseadapter - stecker Italien - Typ13 - 3 Polig - Weiss - Bantam","isPartOf":{"@id":"https:\/\/shop.bantam.ch\/de\/#website"},"primaryImageOfPage":{"@id":"https:\/\/shop.bantam.ch\/de\/produkt\/uebergangsstecker-italien-typ13-3-polig-weiss\/#primaryimage"},"image":{"@id":"https:\/\/shop.bantam.ch\/de\/produkt\/uebergangsstecker-italien-typ13-3-polig-weiss\/#primaryimage"},"thumbnailUrl":"https:\/\/shop.bantam.ch\/wp-content\/uploads\/2023\/03\/MaxHauri-116663-30062386-01.jpg","datePublished":"2023-03-01T17:41:22+00:00","dateModified":"2026-05-01T19:55:53+00:00","breadcrumb":{"@id":"https:\/\/shop.bantam.ch\/de\/produkt\/uebergangsstecker-italien-typ13-3-polig-weiss\/#breadcrumb"},"inLanguage":"de","potentialAction":[{"@type":"ReadAction","target":["https:\/\/shop.bantam.ch\/de\/produkt\/uebergangsstecker-italien-typ13-3-polig-weiss\/"]}]},{"@type":"ImageObject","inLanguage":"de","@id":"https:\/\/shop.bantam.ch\/de\/produkt\/uebergangsstecker-italien-typ13-3-polig-weiss\/#primaryimage","url":"https:\/\/shop.bantam.ch\/wp-content\/uploads\/2023\/03\/MaxHauri-116663-30062386-01.jpg","contentUrl":"https:\/\/shop.bantam.ch\/wp-content\/uploads\/2023\/03\/MaxHauri-116663-30062386-01.jpg","width":600,"height":336},{"@type":"BreadcrumbList","@id":"https:\/\/shop.bantam.ch\/de\/produkt\/uebergangsstecker-italien-typ13-3-polig-weiss\/#breadcrumb","itemListElement":[{"@type":"ListItem","position":1,"name":"Accueil","item":"https:\/\/shop.bantam.ch\/de\/"},{"@type":"ListItem","position":2,"name":"Shop","item":"https:\/\/shop.bantam.ch\/de\/shop\/"},{"@type":"ListItem","position":3,"name":"Reiseadapter &#8211; stecker Italien &#8211; Typ13 &#8211; 3 Polig &#8211; Weiss"}]},{"@type":"WebSite","@id":"https:\/\/shop.bantam.ch\/de\/#website","url":"https:\/\/shop.bantam.ch\/de\/","name":"Bantam","description":"","publisher":{"@id":"https:\/\/shop.bantam.ch\/de\/#organization"},"inLanguage":"de"},{"@type":"Organization","@id":"https:\/\/shop.bantam.ch\/de\/#organization","name":"Bantam","url":"https:\/\/shop.bantam.ch\/de\/","logo":{"@type":"ImageObject","inLanguage":"de","@id":"https:\/\/shop.bantam.ch\/de\/#\/schema\/logo\/image\/","url":"https:\/\/shop.bantam.ch\/wp-content\/uploads\/2022\/12\/bantam-logo.png","contentUrl":"https:\/\/shop.bantam.ch\/wp-content\/uploads\/2022\/12\/bantam-logo.png","width":320,"height":71,"caption":"Bantam"},"image":{"@id":"https:\/\/shop.bantam.ch\/de\/#\/schema\/logo\/image\/"}}]}},"_links":{"self":[{"href":"https:\/\/shop.bantam.ch\/de\/wp-json\/wp\/v2\/product\/135828","targetHints":{"allow":["GET"]}}],"collection":[{"href":"https:\/\/shop.bantam.ch\/de\/wp-json\/wp\/v2\/product"}],"about":[{"href":"https:\/\/shop.bantam.ch\/de\/wp-json\/wp\/v2\/types\/product"}],"wp:featuredmedia":[{"embeddable":true,"href":"https:\/\/shop.bantam.ch\/de\/wp-json\/wp\/v2\/media\/135826"}],"wp:attachment":[{"href":"https:\/\/shop.bantam.ch\/de\/wp-json\/wp\/v2\/media?parent=135828"}],"wp:term":[{"taxonomy":"product_featured_cat","embeddable":true,"href":"https:\/\/shop.bantam.ch\/de\/wp-json\/wp\/v2\/product_featured_cat?post=135828"},{"taxonomy":"product_brand","embeddable":true,"href":"https:\/\/shop.bantam.ch\/de\/wp-json\/wp\/v2\/product_brand?post=135828"},{"taxonomy":"product_cat","embeddable":true,"href":"https:\/\/shop.bantam.ch\/de\/wp-json\/wp\/v2\/product_cat?post=135828"},{"taxonomy":"product_tag","embeddable":true,"href":"https:\/\/shop.bantam.ch\/de\/wp-json\/wp\/v2\/product_tag?post=135828"}],"curies":[{"name":"wp","href":"https:\/\/api.w.org\/{rel}","templated":true}]}}