{"id":135824,"date":"2023-03-01T18:41:17","date_gmt":"2023-03-01T17:41:17","guid":{"rendered":"https:\/\/shop.bantam.ch\/produit\/citi-chef-40-freestanding-grill\/"},"modified":"2026-04-17T21:57:36","modified_gmt":"2026-04-17T19:57:36","slug":"citi-chef-40-freestanding-grill","status":"publish","type":"product","link":"https:\/\/shop.bantam.ch\/de\/produkt\/citi-chef-40-freestanding-grill\/","title":{"rendered":"Citi Chef 40 Freestanding Grill"},"content":{"rendered":"<p>Citi Chef 40 FS mit haltbaren BambusStandbeinen. Der Grill ist dank der herausnehmbaren, emaillierten Fettauffangschale leicht zu reinigen. Die Fettauffangschale kann auch in der Sp\u00fclmaschine gereinigt werden. Die schwarzen Seitentische sind abnehmbar und haben Aufbewahrungshaken, um die Grillzange stehts griffbereit zu haben. Auf der Ablage zwischen den Beinen ist Platz f\u00fcr die Gasversorgung. Der Citi Chef 40 FS wird inklusive Topfst\u00e4nder, Grillrost und Deckel mit Thermometer geliefert. Der GreenGrill-Keramikbeschichtete Grillrost hat eine integrierte Deflektorplatte. So wird das Grillrost \u00fcber die gesamte Oberfl\u00e4che erhitzt und du erh\u00e4ltst ein optimales Grillergebnis.<\/p>\n","protected":false},"excerpt":{"rendered":"<p>Citi Chef 40 FS mit haltbaren BambusStandbeinen. Der Grill ist dank der herausnehmbaren, emaillierten Fettauffangschale leicht zu reinigen. Die Fettauffangschale kann auch in der Sp\u00fclmaschine gereinigt werden. Die schwarzen Seitentische sind abnehmbar und haben Aufbewahrungshaken, um die Grillzange stehts griffbereit zu haben. Auf der Ablage zwischen den Beinen ist Platz f\u00fcr die Gasversorgung. Der Citi [&hellip;]<\/p>\n","protected":false},"featured_media":135822,"template":"","meta":{"_acf_changed":false},"product_featured_cat":[5301,5302],"product_brand":[3669],"product_cat":[4340],"product_tag":[],"class_list":{"0":"post-135824","1":"product","2":"type-product","3":"status-publish","4":"has-post-thumbnail","6":"product_featured_cat-promotions-etagnieres-fr","7":"product_featured_cat-sonderangebote-hindelbank-urdorf","8":"product_brand-cadac-de","9":"product_cat-grillzubehoer","11":"first","12":"instock","13":"sale","14":"taxable","15":"shipping-taxable","16":"purchasable","17":"product-type-simple"},"acf":[],"yoast_head":"<!-- This site is optimized with the Yoast SEO plugin v27.4 - https:\/\/yoast.com\/product\/yoast-seo-wordpress\/ -->\n<title>Citi Chef 40 Freestanding Grill - Bantam Camping AG<\/title>\n<meta name=\"robots\" content=\"index, follow, max-snippet:-1, max-image-preview:large, max-video-preview:-1\" \/>\n<link rel=\"canonical\" href=\"https:\/\/shop.bantam.ch\/de\/produkt\/citi-chef-40-freestanding-grill\/\" \/>\n<meta property=\"og:locale\" content=\"de_DE\" \/>\n<meta property=\"og:type\" content=\"article\" \/>\n<meta property=\"og:title\" content=\"Citi Chef 40 Freestanding Grill - Bantam Camping AG\" \/>\n<meta property=\"og:description\" content=\"Citi Chef 40 FS mit haltbaren BambusStandbeinen. Der Grill ist dank der herausnehmbaren, emaillierten Fettauffangschale leicht zu reinigen. Die Fettauffangschale kann auch in der Sp\u00fclmaschine gereinigt werden. Die schwarzen Seitentische sind abnehmbar und haben Aufbewahrungshaken, um die Grillzange stehts griffbereit zu haben. Auf der Ablage zwischen den Beinen ist Platz f\u00fcr die Gasversorgung. Der Citi [&hellip;]\" \/>\n<meta property=\"og:url\" content=\"https:\/\/shop.bantam.ch\/de\/produkt\/citi-chef-40-freestanding-grill\/\" \/>\n<meta property=\"og:site_name\" content=\"Bantam Camping AG\" \/>\n<meta property=\"article:modified_time\" content=\"2026-04-17T19:57:36+00:00\" \/>\n<meta property=\"og:image\" content=\"https:\/\/shop.bantam.ch\/wp-content\/uploads\/2023\/03\/78721001-5615-20-16-Citi-Chef-40-FS-Flint-Grey_3.jpg\" \/>\n\t<meta property=\"og:image:width\" content=\"1417\" \/>\n\t<meta property=\"og:image:height\" content=\"1856\" \/>\n\t<meta property=\"og:image:type\" content=\"image\/jpeg\" \/>\n<meta name=\"twitter:card\" content=\"summary_large_image\" \/>\n<script type=\"application\/ld+json\" class=\"yoast-schema-graph\">{\"@context\":\"https:\\\/\\\/schema.org\",\"@graph\":[{\"@type\":\"WebPage\",\"@id\":\"https:\\\/\\\/shop.bantam.ch\\\/de\\\/produkt\\\/citi-chef-40-freestanding-grill\\\/\",\"url\":\"https:\\\/\\\/shop.bantam.ch\\\/de\\\/produkt\\\/citi-chef-40-freestanding-grill\\\/\",\"name\":\"Citi Chef 40 Freestanding Grill - Bantam Camping AG\",\"isPartOf\":{\"@id\":\"https:\\\/\\\/shop.bantam.ch\\\/de\\\/#website\"},\"primaryImageOfPage\":{\"@id\":\"https:\\\/\\\/shop.bantam.ch\\\/de\\\/produkt\\\/citi-chef-40-freestanding-grill\\\/#primaryimage\"},\"image\":{\"@id\":\"https:\\\/\\\/shop.bantam.ch\\\/de\\\/produkt\\\/citi-chef-40-freestanding-grill\\\/#primaryimage\"},\"thumbnailUrl\":\"https:\\\/\\\/shop.bantam.ch\\\/wp-content\\\/uploads\\\/2023\\\/03\\\/78721001-5615-20-16-Citi-Chef-40-FS-Flint-Grey_3.jpg\",\"datePublished\":\"2023-03-01T17:41:17+00:00\",\"dateModified\":\"2026-04-17T19:57:36+00:00\",\"breadcrumb\":{\"@id\":\"https:\\\/\\\/shop.bantam.ch\\\/de\\\/produkt\\\/citi-chef-40-freestanding-grill\\\/#breadcrumb\"},\"inLanguage\":\"de\",\"potentialAction\":[{\"@type\":\"ReadAction\",\"target\":[\"https:\\\/\\\/shop.bantam.ch\\\/de\\\/produkt\\\/citi-chef-40-freestanding-grill\\\/\"]}]},{\"@type\":\"ImageObject\",\"inLanguage\":\"de\",\"@id\":\"https:\\\/\\\/shop.bantam.ch\\\/de\\\/produkt\\\/citi-chef-40-freestanding-grill\\\/#primaryimage\",\"url\":\"https:\\\/\\\/shop.bantam.ch\\\/wp-content\\\/uploads\\\/2023\\\/03\\\/78721001-5615-20-16-Citi-Chef-40-FS-Flint-Grey_3.jpg\",\"contentUrl\":\"https:\\\/\\\/shop.bantam.ch\\\/wp-content\\\/uploads\\\/2023\\\/03\\\/78721001-5615-20-16-Citi-Chef-40-FS-Flint-Grey_3.jpg\",\"width\":1417,\"height\":1856},{\"@type\":\"BreadcrumbList\",\"@id\":\"https:\\\/\\\/shop.bantam.ch\\\/de\\\/produkt\\\/citi-chef-40-freestanding-grill\\\/#breadcrumb\",\"itemListElement\":[{\"@type\":\"ListItem\",\"position\":1,\"name\":\"Accueil\",\"item\":\"https:\\\/\\\/shop.bantam.ch\\\/de\\\/\"},{\"@type\":\"ListItem\",\"position\":2,\"name\":\"Shop\",\"item\":\"https:\\\/\\\/shop.bantam.ch\\\/de\\\/shop\\\/\"},{\"@type\":\"ListItem\",\"position\":3,\"name\":\"Citi Chef 40 Freestanding Grill\"}]},{\"@type\":\"WebSite\",\"@id\":\"https:\\\/\\\/shop.bantam.ch\\\/de\\\/#website\",\"url\":\"https:\\\/\\\/shop.bantam.ch\\\/de\\\/\",\"name\":\"Bantam Camping AG\",\"description\":\"\",\"publisher\":{\"@id\":\"https:\\\/\\\/shop.bantam.ch\\\/de\\\/#organization\"},\"inLanguage\":\"de\"},{\"@type\":\"Organization\",\"@id\":\"https:\\\/\\\/shop.bantam.ch\\\/de\\\/#organization\",\"name\":\"Bantam Camping AG\",\"url\":\"https:\\\/\\\/shop.bantam.ch\\\/de\\\/\",\"logo\":{\"@type\":\"ImageObject\",\"inLanguage\":\"de\",\"@id\":\"https:\\\/\\\/shop.bantam.ch\\\/de\\\/#\\\/schema\\\/logo\\\/image\\\/\",\"url\":\"https:\\\/\\\/shop.bantam.ch\\\/wp-content\\\/uploads\\\/2022\\\/12\\\/bantam-logo.png\",\"contentUrl\":\"https:\\\/\\\/shop.bantam.ch\\\/wp-content\\\/uploads\\\/2022\\\/12\\\/bantam-logo.png\",\"width\":320,\"height\":71,\"caption\":\"Bantam Camping AG\"},\"image\":{\"@id\":\"https:\\\/\\\/shop.bantam.ch\\\/de\\\/#\\\/schema\\\/logo\\\/image\\\/\"}}]}<\/script>\n<!-- \/ Yoast SEO plugin. -->","yoast_head_json":{"title":"Citi Chef 40 Freestanding Grill - Bantam Camping AG","robots":{"index":"index","follow":"follow","max-snippet":"max-snippet:-1","max-image-preview":"max-image-preview:large","max-video-preview":"max-video-preview:-1"},"canonical":"https:\/\/shop.bantam.ch\/de\/produkt\/citi-chef-40-freestanding-grill\/","og_locale":"de_DE","og_type":"article","og_title":"Citi Chef 40 Freestanding Grill - Bantam Camping AG","og_description":"Citi Chef 40 FS mit haltbaren BambusStandbeinen. Der Grill ist dank der herausnehmbaren, emaillierten Fettauffangschale leicht zu reinigen. Die Fettauffangschale kann auch in der Sp\u00fclmaschine gereinigt werden. Die schwarzen Seitentische sind abnehmbar und haben Aufbewahrungshaken, um die Grillzange stehts griffbereit zu haben. Auf der Ablage zwischen den Beinen ist Platz f\u00fcr die Gasversorgung. Der Citi [&hellip;]","og_url":"https:\/\/shop.bantam.ch\/de\/produkt\/citi-chef-40-freestanding-grill\/","og_site_name":"Bantam Camping AG","article_modified_time":"2026-04-17T19:57:36+00:00","og_image":[{"width":1417,"height":1856,"url":"https:\/\/shop.bantam.ch\/wp-content\/uploads\/2023\/03\/78721001-5615-20-16-Citi-Chef-40-FS-Flint-Grey_3.jpg","type":"image\/jpeg"}],"twitter_card":"summary_large_image","schema":{"@context":"https:\/\/schema.org","@graph":[{"@type":"WebPage","@id":"https:\/\/shop.bantam.ch\/de\/produkt\/citi-chef-40-freestanding-grill\/","url":"https:\/\/shop.bantam.ch\/de\/produkt\/citi-chef-40-freestanding-grill\/","name":"Citi Chef 40 Freestanding Grill - Bantam Camping AG","isPartOf":{"@id":"https:\/\/shop.bantam.ch\/de\/#website"},"primaryImageOfPage":{"@id":"https:\/\/shop.bantam.ch\/de\/produkt\/citi-chef-40-freestanding-grill\/#primaryimage"},"image":{"@id":"https:\/\/shop.bantam.ch\/de\/produkt\/citi-chef-40-freestanding-grill\/#primaryimage"},"thumbnailUrl":"https:\/\/shop.bantam.ch\/wp-content\/uploads\/2023\/03\/78721001-5615-20-16-Citi-Chef-40-FS-Flint-Grey_3.jpg","datePublished":"2023-03-01T17:41:17+00:00","dateModified":"2026-04-17T19:57:36+00:00","breadcrumb":{"@id":"https:\/\/shop.bantam.ch\/de\/produkt\/citi-chef-40-freestanding-grill\/#breadcrumb"},"inLanguage":"de","potentialAction":[{"@type":"ReadAction","target":["https:\/\/shop.bantam.ch\/de\/produkt\/citi-chef-40-freestanding-grill\/"]}]},{"@type":"ImageObject","inLanguage":"de","@id":"https:\/\/shop.bantam.ch\/de\/produkt\/citi-chef-40-freestanding-grill\/#primaryimage","url":"https:\/\/shop.bantam.ch\/wp-content\/uploads\/2023\/03\/78721001-5615-20-16-Citi-Chef-40-FS-Flint-Grey_3.jpg","contentUrl":"https:\/\/shop.bantam.ch\/wp-content\/uploads\/2023\/03\/78721001-5615-20-16-Citi-Chef-40-FS-Flint-Grey_3.jpg","width":1417,"height":1856},{"@type":"BreadcrumbList","@id":"https:\/\/shop.bantam.ch\/de\/produkt\/citi-chef-40-freestanding-grill\/#breadcrumb","itemListElement":[{"@type":"ListItem","position":1,"name":"Accueil","item":"https:\/\/shop.bantam.ch\/de\/"},{"@type":"ListItem","position":2,"name":"Shop","item":"https:\/\/shop.bantam.ch\/de\/shop\/"},{"@type":"ListItem","position":3,"name":"Citi Chef 40 Freestanding Grill"}]},{"@type":"WebSite","@id":"https:\/\/shop.bantam.ch\/de\/#website","url":"https:\/\/shop.bantam.ch\/de\/","name":"Bantam Camping AG","description":"","publisher":{"@id":"https:\/\/shop.bantam.ch\/de\/#organization"},"inLanguage":"de"},{"@type":"Organization","@id":"https:\/\/shop.bantam.ch\/de\/#organization","name":"Bantam Camping AG","url":"https:\/\/shop.bantam.ch\/de\/","logo":{"@type":"ImageObject","inLanguage":"de","@id":"https:\/\/shop.bantam.ch\/de\/#\/schema\/logo\/image\/","url":"https:\/\/shop.bantam.ch\/wp-content\/uploads\/2022\/12\/bantam-logo.png","contentUrl":"https:\/\/shop.bantam.ch\/wp-content\/uploads\/2022\/12\/bantam-logo.png","width":320,"height":71,"caption":"Bantam Camping AG"},"image":{"@id":"https:\/\/shop.bantam.ch\/de\/#\/schema\/logo\/image\/"}}]}},"_links":{"self":[{"href":"https:\/\/shop.bantam.ch\/de\/wp-json\/wp\/v2\/product\/135824","targetHints":{"allow":["GET"]}}],"collection":[{"href":"https:\/\/shop.bantam.ch\/de\/wp-json\/wp\/v2\/product"}],"about":[{"href":"https:\/\/shop.bantam.ch\/de\/wp-json\/wp\/v2\/types\/product"}],"wp:featuredmedia":[{"embeddable":true,"href":"https:\/\/shop.bantam.ch\/de\/wp-json\/wp\/v2\/media\/135822"}],"wp:attachment":[{"href":"https:\/\/shop.bantam.ch\/de\/wp-json\/wp\/v2\/media?parent=135824"}],"wp:term":[{"taxonomy":"product_featured_cat","embeddable":true,"href":"https:\/\/shop.bantam.ch\/de\/wp-json\/wp\/v2\/product_featured_cat?post=135824"},{"taxonomy":"product_brand","embeddable":true,"href":"https:\/\/shop.bantam.ch\/de\/wp-json\/wp\/v2\/product_brand?post=135824"},{"taxonomy":"product_cat","embeddable":true,"href":"https:\/\/shop.bantam.ch\/de\/wp-json\/wp\/v2\/product_cat?post=135824"},{"taxonomy":"product_tag","embeddable":true,"href":"https:\/\/shop.bantam.ch\/de\/wp-json\/wp\/v2\/product_tag?post=135824"}],"curies":[{"name":"wp","href":"https:\/\/api.w.org\/{rel}","templated":true}]}}