{"id":135744,"date":"2023-03-01T18:39:37","date_gmt":"2023-03-01T17:39:37","guid":{"rendered":"https:\/\/shop.bantam.ch\/produit\/safari-chef-30-compact-lite\/"},"modified":"2026-04-18T21:58:25","modified_gmt":"2026-04-18T19:58:25","slug":"safari-chef-30-compact-lite","status":"publish","type":"product","link":"https:\/\/shop.bantam.ch\/de\/produkt\/safari-chef-30-compact-lite\/","title":{"rendered":"Safari Chef 30 Compact Lite"},"content":{"rendered":"<p data-start=\"0\" data-end=\"209\"><span data-start=\"0\" data-end=\"207\">Ultrakompakter Gasgrill (\u00f8 30 cm), leichtes Gewicht (3,8 kg), 4 Kochfl\u00e4chen, automatische Z\u00fcndung, Aufbewahrungstasche, Topfst\u00e4nder, BBQ-Grillrost, glatte Grillplatte und Deckel\/Pfanne, 2 Jahre Garantie.<\/span><\/p>\n<p data-start=\"211\" data-end=\"1132\">Der neue Safari Chef 30 Compact ist ein ultrakompakter und leichter Gasgrill. Er wird direkt mit einer 227-g-Gaskartusche betrieben. Einfach die Gaskartusche in das Ger\u00e4t einsetzen, einklicken \u2013 und schon kann das Kochen oder Grillen beginnen. Dank seines kompakten Formats ist er \u00e4u\u00dferst vielseitig einsetzbar, da er verschiedene Kochfl\u00e4chen bietet: einen Topfst\u00e4nder, eine Grillplatte, einen Grillrost und eine Pfanne (Deckel). Auf dem Topfst\u00e4nder lassen sich problemlos Suppen oder Nudeln zubereiten. Der Grillrost und die Grillplatte sind mit der GreenGrill-Antihaftbeschichtung von CADAC versehen und eignen sich perfekt zum Braten und Grillen von Fleisch, Fisch und Gem\u00fcse. Der Deckel kann auch als Pfanne verwendet werden, was ihn besonders multifunktional macht. Die Auffangschale sammelt Bratr\u00fcckst\u00e4nde, wenn der Grillrost verwendet wird, und dient gleichzeitig als Windschutz, damit die Flamme nicht erlischt.<\/p>\n<p class=\"MsoNormal\">\n<p data-start=\"1134\" data-end=\"1316\" data-is-last-node=\"\" data-is-only-node=\"\"><span data-start=\"1134\" data-end=\"1146\">Hinweis:<\/span> Der Unterschied zwischen dem <span data-start=\"1176\" data-end=\"1202\">Safari Chef 30 Compact<\/span> und dem <span data-start=\"1211\" data-end=\"1242\" data-is-only-node=\"\">Safari Chef 30 Compact Lite<\/span> besteht in der Grillplatte\/Plancha (nicht in der Lite-Version enthalten).<\/p>\n","protected":false},"excerpt":{"rendered":"<p>Ultrakompakter Gasgrill (\u00f8 30 cm), leichtes Gewicht (3,8 kg), 4 Kochfl\u00e4chen, automatische Z\u00fcndung, Aufbewahrungstasche, Topfst\u00e4nder, BBQ-Grillrost, glatte Grillplatte und Deckel\/Pfanne, 2 Jahre Garantie. Der neue Safari Chef 30 Compact ist ein ultrakompakter und leichter Gasgrill. Er wird direkt mit einer 227-g-Gaskartusche betrieben. Einfach die Gaskartusche in das Ger\u00e4t einsetzen, einklicken \u2013 und schon kann das [&hellip;]<\/p>\n","protected":false},"featured_media":135736,"template":"","meta":{"_acf_changed":false},"product_featured_cat":[],"product_brand":[3669],"product_cat":[4340],"product_tag":[],"class_list":{"0":"post-135744","1":"product","2":"type-product","3":"status-publish","4":"has-post-thumbnail","6":"product_brand-cadac-de","7":"product_cat-grillzubehoer","9":"first","10":"instock","11":"taxable","12":"shipping-taxable","13":"purchasable","14":"product-type-simple"},"acf":[],"yoast_head":"<!-- This site is optimized with the Yoast SEO plugin v27.4 - https:\/\/yoast.com\/product\/yoast-seo-wordpress\/ -->\n<title>Safari Chef 30 Compact Lite - Bantam Camping AG<\/title>\n<meta name=\"robots\" content=\"index, follow, max-snippet:-1, max-image-preview:large, max-video-preview:-1\" \/>\n<link rel=\"canonical\" href=\"https:\/\/shop.bantam.ch\/de\/produkt\/safari-chef-30-compact-lite\/\" \/>\n<meta property=\"og:locale\" content=\"de_DE\" \/>\n<meta property=\"og:type\" content=\"article\" \/>\n<meta property=\"og:title\" content=\"Safari Chef 30 Compact Lite - Bantam Camping AG\" \/>\n<meta property=\"og:description\" content=\"Ultrakompakter Gasgrill (\u00f8 30 cm), leichtes Gewicht (3,8 kg), 4 Kochfl\u00e4chen, automatische Z\u00fcndung, Aufbewahrungstasche, Topfst\u00e4nder, BBQ-Grillrost, glatte Grillplatte und Deckel\/Pfanne, 2 Jahre Garantie. Der neue Safari Chef 30 Compact ist ein ultrakompakter und leichter Gasgrill. Er wird direkt mit einer 227-g-Gaskartusche betrieben. Einfach die Gaskartusche in das Ger\u00e4t einsetzen, einklicken \u2013 und schon kann das [&hellip;]\" \/>\n<meta property=\"og:url\" content=\"https:\/\/shop.bantam.ch\/de\/produkt\/safari-chef-30-compact-lite\/\" \/>\n<meta property=\"og:site_name\" content=\"Bantam Camping AG\" \/>\n<meta property=\"article:modified_time\" content=\"2026-04-18T19:58:25+00:00\" \/>\n<meta property=\"og:image\" content=\"https:\/\/shop.bantam.ch\/wp-content\/uploads\/2023\/03\/78722003-et-78722004-6525L1-10-Safari-Chef-30-Compact-1.png\" \/>\n\t<meta property=\"og:image:width\" content=\"1449\" \/>\n\t<meta property=\"og:image:height\" content=\"1261\" \/>\n\t<meta property=\"og:image:type\" content=\"image\/png\" \/>\n<meta name=\"twitter:card\" content=\"summary_large_image\" \/>\n<meta name=\"twitter:label1\" content=\"Gesch\u00e4tzte Lesezeit\" \/>\n\t<meta name=\"twitter:data1\" content=\"1\u00a0Minute\" \/>\n<script type=\"application\/ld+json\" class=\"yoast-schema-graph\">{\"@context\":\"https:\\\/\\\/schema.org\",\"@graph\":[{\"@type\":\"WebPage\",\"@id\":\"https:\\\/\\\/shop.bantam.ch\\\/de\\\/produkt\\\/safari-chef-30-compact-lite\\\/\",\"url\":\"https:\\\/\\\/shop.bantam.ch\\\/de\\\/produkt\\\/safari-chef-30-compact-lite\\\/\",\"name\":\"Safari Chef 30 Compact Lite - Bantam Camping AG\",\"isPartOf\":{\"@id\":\"https:\\\/\\\/shop.bantam.ch\\\/de\\\/#website\"},\"primaryImageOfPage\":{\"@id\":\"https:\\\/\\\/shop.bantam.ch\\\/de\\\/produkt\\\/safari-chef-30-compact-lite\\\/#primaryimage\"},\"image\":{\"@id\":\"https:\\\/\\\/shop.bantam.ch\\\/de\\\/produkt\\\/safari-chef-30-compact-lite\\\/#primaryimage\"},\"thumbnailUrl\":\"https:\\\/\\\/shop.bantam.ch\\\/wp-content\\\/uploads\\\/2023\\\/03\\\/78722003-et-78722004-6525L1-10-Safari-Chef-30-Compact-1.png\",\"datePublished\":\"2023-03-01T17:39:37+00:00\",\"dateModified\":\"2026-04-18T19:58:25+00:00\",\"breadcrumb\":{\"@id\":\"https:\\\/\\\/shop.bantam.ch\\\/de\\\/produkt\\\/safari-chef-30-compact-lite\\\/#breadcrumb\"},\"inLanguage\":\"de\",\"potentialAction\":[{\"@type\":\"ReadAction\",\"target\":[\"https:\\\/\\\/shop.bantam.ch\\\/de\\\/produkt\\\/safari-chef-30-compact-lite\\\/\"]}]},{\"@type\":\"ImageObject\",\"inLanguage\":\"de\",\"@id\":\"https:\\\/\\\/shop.bantam.ch\\\/de\\\/produkt\\\/safari-chef-30-compact-lite\\\/#primaryimage\",\"url\":\"https:\\\/\\\/shop.bantam.ch\\\/wp-content\\\/uploads\\\/2023\\\/03\\\/78722003-et-78722004-6525L1-10-Safari-Chef-30-Compact-1.png\",\"contentUrl\":\"https:\\\/\\\/shop.bantam.ch\\\/wp-content\\\/uploads\\\/2023\\\/03\\\/78722003-et-78722004-6525L1-10-Safari-Chef-30-Compact-1.png\",\"width\":1449,\"height\":1261},{\"@type\":\"BreadcrumbList\",\"@id\":\"https:\\\/\\\/shop.bantam.ch\\\/de\\\/produkt\\\/safari-chef-30-compact-lite\\\/#breadcrumb\",\"itemListElement\":[{\"@type\":\"ListItem\",\"position\":1,\"name\":\"Accueil\",\"item\":\"https:\\\/\\\/shop.bantam.ch\\\/de\\\/\"},{\"@type\":\"ListItem\",\"position\":2,\"name\":\"Shop\",\"item\":\"https:\\\/\\\/shop.bantam.ch\\\/de\\\/shop\\\/\"},{\"@type\":\"ListItem\",\"position\":3,\"name\":\"Safari Chef 30 Compact Lite\"}]},{\"@type\":\"WebSite\",\"@id\":\"https:\\\/\\\/shop.bantam.ch\\\/de\\\/#website\",\"url\":\"https:\\\/\\\/shop.bantam.ch\\\/de\\\/\",\"name\":\"Bantam Camping AG\",\"description\":\"\",\"publisher\":{\"@id\":\"https:\\\/\\\/shop.bantam.ch\\\/de\\\/#organization\"},\"inLanguage\":\"de\"},{\"@type\":\"Organization\",\"@id\":\"https:\\\/\\\/shop.bantam.ch\\\/de\\\/#organization\",\"name\":\"Bantam Camping AG\",\"url\":\"https:\\\/\\\/shop.bantam.ch\\\/de\\\/\",\"logo\":{\"@type\":\"ImageObject\",\"inLanguage\":\"de\",\"@id\":\"https:\\\/\\\/shop.bantam.ch\\\/de\\\/#\\\/schema\\\/logo\\\/image\\\/\",\"url\":\"https:\\\/\\\/shop.bantam.ch\\\/wp-content\\\/uploads\\\/2022\\\/12\\\/bantam-logo.png\",\"contentUrl\":\"https:\\\/\\\/shop.bantam.ch\\\/wp-content\\\/uploads\\\/2022\\\/12\\\/bantam-logo.png\",\"width\":320,\"height\":71,\"caption\":\"Bantam Camping AG\"},\"image\":{\"@id\":\"https:\\\/\\\/shop.bantam.ch\\\/de\\\/#\\\/schema\\\/logo\\\/image\\\/\"}}]}<\/script>\n<!-- \/ Yoast SEO plugin. -->","yoast_head_json":{"title":"Safari Chef 30 Compact Lite - Bantam Camping AG","robots":{"index":"index","follow":"follow","max-snippet":"max-snippet:-1","max-image-preview":"max-image-preview:large","max-video-preview":"max-video-preview:-1"},"canonical":"https:\/\/shop.bantam.ch\/de\/produkt\/safari-chef-30-compact-lite\/","og_locale":"de_DE","og_type":"article","og_title":"Safari Chef 30 Compact Lite - Bantam Camping AG","og_description":"Ultrakompakter Gasgrill (\u00f8 30 cm), leichtes Gewicht (3,8 kg), 4 Kochfl\u00e4chen, automatische Z\u00fcndung, Aufbewahrungstasche, Topfst\u00e4nder, BBQ-Grillrost, glatte Grillplatte und Deckel\/Pfanne, 2 Jahre Garantie. Der neue Safari Chef 30 Compact ist ein ultrakompakter und leichter Gasgrill. Er wird direkt mit einer 227-g-Gaskartusche betrieben. Einfach die Gaskartusche in das Ger\u00e4t einsetzen, einklicken \u2013 und schon kann das [&hellip;]","og_url":"https:\/\/shop.bantam.ch\/de\/produkt\/safari-chef-30-compact-lite\/","og_site_name":"Bantam Camping AG","article_modified_time":"2026-04-18T19:58:25+00:00","og_image":[{"width":1449,"height":1261,"url":"https:\/\/shop.bantam.ch\/wp-content\/uploads\/2023\/03\/78722003-et-78722004-6525L1-10-Safari-Chef-30-Compact-1.png","type":"image\/png"}],"twitter_card":"summary_large_image","twitter_misc":{"Gesch\u00e4tzte Lesezeit":"1\u00a0Minute"},"schema":{"@context":"https:\/\/schema.org","@graph":[{"@type":"WebPage","@id":"https:\/\/shop.bantam.ch\/de\/produkt\/safari-chef-30-compact-lite\/","url":"https:\/\/shop.bantam.ch\/de\/produkt\/safari-chef-30-compact-lite\/","name":"Safari Chef 30 Compact Lite - Bantam Camping AG","isPartOf":{"@id":"https:\/\/shop.bantam.ch\/de\/#website"},"primaryImageOfPage":{"@id":"https:\/\/shop.bantam.ch\/de\/produkt\/safari-chef-30-compact-lite\/#primaryimage"},"image":{"@id":"https:\/\/shop.bantam.ch\/de\/produkt\/safari-chef-30-compact-lite\/#primaryimage"},"thumbnailUrl":"https:\/\/shop.bantam.ch\/wp-content\/uploads\/2023\/03\/78722003-et-78722004-6525L1-10-Safari-Chef-30-Compact-1.png","datePublished":"2023-03-01T17:39:37+00:00","dateModified":"2026-04-18T19:58:25+00:00","breadcrumb":{"@id":"https:\/\/shop.bantam.ch\/de\/produkt\/safari-chef-30-compact-lite\/#breadcrumb"},"inLanguage":"de","potentialAction":[{"@type":"ReadAction","target":["https:\/\/shop.bantam.ch\/de\/produkt\/safari-chef-30-compact-lite\/"]}]},{"@type":"ImageObject","inLanguage":"de","@id":"https:\/\/shop.bantam.ch\/de\/produkt\/safari-chef-30-compact-lite\/#primaryimage","url":"https:\/\/shop.bantam.ch\/wp-content\/uploads\/2023\/03\/78722003-et-78722004-6525L1-10-Safari-Chef-30-Compact-1.png","contentUrl":"https:\/\/shop.bantam.ch\/wp-content\/uploads\/2023\/03\/78722003-et-78722004-6525L1-10-Safari-Chef-30-Compact-1.png","width":1449,"height":1261},{"@type":"BreadcrumbList","@id":"https:\/\/shop.bantam.ch\/de\/produkt\/safari-chef-30-compact-lite\/#breadcrumb","itemListElement":[{"@type":"ListItem","position":1,"name":"Accueil","item":"https:\/\/shop.bantam.ch\/de\/"},{"@type":"ListItem","position":2,"name":"Shop","item":"https:\/\/shop.bantam.ch\/de\/shop\/"},{"@type":"ListItem","position":3,"name":"Safari Chef 30 Compact Lite"}]},{"@type":"WebSite","@id":"https:\/\/shop.bantam.ch\/de\/#website","url":"https:\/\/shop.bantam.ch\/de\/","name":"Bantam Camping AG","description":"","publisher":{"@id":"https:\/\/shop.bantam.ch\/de\/#organization"},"inLanguage":"de"},{"@type":"Organization","@id":"https:\/\/shop.bantam.ch\/de\/#organization","name":"Bantam Camping AG","url":"https:\/\/shop.bantam.ch\/de\/","logo":{"@type":"ImageObject","inLanguage":"de","@id":"https:\/\/shop.bantam.ch\/de\/#\/schema\/logo\/image\/","url":"https:\/\/shop.bantam.ch\/wp-content\/uploads\/2022\/12\/bantam-logo.png","contentUrl":"https:\/\/shop.bantam.ch\/wp-content\/uploads\/2022\/12\/bantam-logo.png","width":320,"height":71,"caption":"Bantam Camping AG"},"image":{"@id":"https:\/\/shop.bantam.ch\/de\/#\/schema\/logo\/image\/"}}]}},"_links":{"self":[{"href":"https:\/\/shop.bantam.ch\/de\/wp-json\/wp\/v2\/product\/135744","targetHints":{"allow":["GET"]}}],"collection":[{"href":"https:\/\/shop.bantam.ch\/de\/wp-json\/wp\/v2\/product"}],"about":[{"href":"https:\/\/shop.bantam.ch\/de\/wp-json\/wp\/v2\/types\/product"}],"wp:featuredmedia":[{"embeddable":true,"href":"https:\/\/shop.bantam.ch\/de\/wp-json\/wp\/v2\/media\/135736"}],"wp:attachment":[{"href":"https:\/\/shop.bantam.ch\/de\/wp-json\/wp\/v2\/media?parent=135744"}],"wp:term":[{"taxonomy":"product_featured_cat","embeddable":true,"href":"https:\/\/shop.bantam.ch\/de\/wp-json\/wp\/v2\/product_featured_cat?post=135744"},{"taxonomy":"product_brand","embeddable":true,"href":"https:\/\/shop.bantam.ch\/de\/wp-json\/wp\/v2\/product_brand?post=135744"},{"taxonomy":"product_cat","embeddable":true,"href":"https:\/\/shop.bantam.ch\/de\/wp-json\/wp\/v2\/product_cat?post=135744"},{"taxonomy":"product_tag","embeddable":true,"href":"https:\/\/shop.bantam.ch\/de\/wp-json\/wp\/v2\/product_tag?post=135744"}],"curies":[{"name":"wp","href":"https:\/\/api.w.org\/{rel}","templated":true}]}}