{"id":133941,"date":"2024-06-28T17:27:51","date_gmt":"2024-06-28T15:27:51","guid":{"rendered":"https:\/\/shop.bantam.ch\/produit\/beistelltisch-urban-outdoor-carnaby\/"},"modified":"2026-05-03T21:56:03","modified_gmt":"2026-05-03T19:56:03","slug":"beistelltisch-urban-outdoor-carnaby","status":"publish","type":"product","link":"https:\/\/shop.bantam.ch\/de\/produkt\/beistelltisch-urban-outdoor-carnaby\/","title":{"rendered":"Beistelltisch Bo-Camp Urban Outdoor Carnaby"},"content":{"rendered":"<p>Ein kompakter und trendiger Beistelltisch aus der Industrial Kollektion. Der Tisch ist kompakt porTisch durch die klappbaren Stahlbeine. Die Stahlplatte dieses Tischs ist abnehmbar und kann auch als Serviertablett verwendet werden. Nicht nur sehr praktisch, sondern auch dekorativ f\u00fcr drinnen und drau\u00dfen, zu Hause oder auf Reisen.<\/p>\n<ul>\n<li>Hitzebest\u00e4ndige und wasserfeste Tischplatte<\/li>\n<li>Stahl-Tischplatte mit klappbaren Stahlbeinen<\/li>\n<li>Tischplatte ist abnehmbar<\/li>\n<li>4 Teleskopisch verstellbare Tischbeine<\/li>\n<\/ul>\n","protected":false},"excerpt":{"rendered":"<p>Ein kompakter und trendiger Beistelltisch aus der Industrial Kollektion. Der Tisch ist kompakt porTisch durch die klappbaren Stahlbeine. Die Stahlplatte dieses Tischs ist abnehmbar und kann auch als Serviertablett verwendet werden. Nicht nur sehr praktisch, sondern auch dekorativ f\u00fcr drinnen und drau\u00dfen, zu Hause oder auf Reisen. Hitzebest\u00e4ndige und wasserfeste Tischplatte Stahl-Tischplatte mit klappbaren Stahlbeinen [&hellip;]<\/p>\n","protected":false},"featured_media":133927,"template":"","meta":{"_acf_changed":false},"product_featured_cat":[],"product_brand":[3431],"product_cat":[4054],"product_tag":[],"class_list":{"0":"post-133941","1":"product","2":"type-product","3":"status-publish","4":"has-post-thumbnail","6":"product_brand-bo-camp-de","7":"product_cat-campingtische","9":"first","10":"instock","11":"taxable","12":"shipping-taxable","13":"purchasable","14":"product-type-simple"},"acf":[],"yoast_head":"<!-- This site is optimized with the Yoast SEO plugin v27.5 - https:\/\/yoast.com\/product\/yoast-seo-wordpress\/ -->\n<title>Beistelltisch Bo-Camp Urban Outdoor Carnaby - Bantam<\/title>\n<meta name=\"robots\" content=\"index, follow, max-snippet:-1, max-image-preview:large, max-video-preview:-1\" \/>\n<link rel=\"canonical\" href=\"https:\/\/shop.bantam.ch\/de\/produkt\/beistelltisch-urban-outdoor-carnaby\/\" \/>\n<meta property=\"og:locale\" content=\"de_DE\" \/>\n<meta property=\"og:type\" content=\"article\" \/>\n<meta property=\"og:title\" content=\"Beistelltisch Bo-Camp Urban Outdoor Carnaby - Bantam\" \/>\n<meta property=\"og:description\" content=\"Ein kompakter und trendiger Beistelltisch aus der Industrial Kollektion. Der Tisch ist kompakt porTisch durch die klappbaren Stahlbeine. Die Stahlplatte dieses Tischs ist abnehmbar und kann auch als Serviertablett verwendet werden. Nicht nur sehr praktisch, sondern auch dekorativ f\u00fcr drinnen und drau\u00dfen, zu Hause oder auf Reisen. Hitzebest\u00e4ndige und wasserfeste Tischplatte Stahl-Tischplatte mit klappbaren Stahlbeinen [&hellip;]\" \/>\n<meta property=\"og:url\" content=\"https:\/\/shop.bantam.ch\/de\/produkt\/beistelltisch-urban-outdoor-carnaby\/\" \/>\n<meta property=\"og:site_name\" content=\"Bantam\" \/>\n<meta property=\"article:modified_time\" content=\"2026-05-03T19:56:03+00:00\" \/>\n<meta property=\"og:image\" content=\"https:\/\/shop.bantam.ch\/wp-content\/uploads\/2023\/03\/9961349100-scaled.jpg\" \/>\n\t<meta property=\"og:image:width\" content=\"2220\" \/>\n\t<meta property=\"og:image:height\" content=\"2800\" \/>\n\t<meta property=\"og:image:type\" content=\"image\/jpeg\" \/>\n<meta name=\"twitter:card\" content=\"summary_large_image\" \/>\n<script type=\"application\/ld+json\" class=\"yoast-schema-graph\">{\"@context\":\"https:\\\/\\\/schema.org\",\"@graph\":[{\"@type\":\"WebPage\",\"@id\":\"https:\\\/\\\/shop.bantam.ch\\\/de\\\/produkt\\\/beistelltisch-urban-outdoor-carnaby\\\/\",\"url\":\"https:\\\/\\\/shop.bantam.ch\\\/de\\\/produkt\\\/beistelltisch-urban-outdoor-carnaby\\\/\",\"name\":\"Beistelltisch Bo-Camp Urban Outdoor Carnaby - Bantam\",\"isPartOf\":{\"@id\":\"https:\\\/\\\/shop.bantam.ch\\\/de\\\/#website\"},\"primaryImageOfPage\":{\"@id\":\"https:\\\/\\\/shop.bantam.ch\\\/de\\\/produkt\\\/beistelltisch-urban-outdoor-carnaby\\\/#primaryimage\"},\"image\":{\"@id\":\"https:\\\/\\\/shop.bantam.ch\\\/de\\\/produkt\\\/beistelltisch-urban-outdoor-carnaby\\\/#primaryimage\"},\"thumbnailUrl\":\"https:\\\/\\\/shop.bantam.ch\\\/wp-content\\\/uploads\\\/2023\\\/03\\\/9961349100-scaled.jpg\",\"datePublished\":\"2024-06-28T15:27:51+00:00\",\"dateModified\":\"2026-05-03T19:56:03+00:00\",\"breadcrumb\":{\"@id\":\"https:\\\/\\\/shop.bantam.ch\\\/de\\\/produkt\\\/beistelltisch-urban-outdoor-carnaby\\\/#breadcrumb\"},\"inLanguage\":\"de\",\"potentialAction\":[{\"@type\":\"ReadAction\",\"target\":[\"https:\\\/\\\/shop.bantam.ch\\\/de\\\/produkt\\\/beistelltisch-urban-outdoor-carnaby\\\/\"]}]},{\"@type\":\"ImageObject\",\"inLanguage\":\"de\",\"@id\":\"https:\\\/\\\/shop.bantam.ch\\\/de\\\/produkt\\\/beistelltisch-urban-outdoor-carnaby\\\/#primaryimage\",\"url\":\"https:\\\/\\\/shop.bantam.ch\\\/wp-content\\\/uploads\\\/2023\\\/03\\\/9961349100-scaled.jpg\",\"contentUrl\":\"https:\\\/\\\/shop.bantam.ch\\\/wp-content\\\/uploads\\\/2023\\\/03\\\/9961349100-scaled.jpg\",\"width\":1624,\"height\":2048},{\"@type\":\"BreadcrumbList\",\"@id\":\"https:\\\/\\\/shop.bantam.ch\\\/de\\\/produkt\\\/beistelltisch-urban-outdoor-carnaby\\\/#breadcrumb\",\"itemListElement\":[{\"@type\":\"ListItem\",\"position\":1,\"name\":\"Accueil\",\"item\":\"https:\\\/\\\/shop.bantam.ch\\\/de\\\/\"},{\"@type\":\"ListItem\",\"position\":2,\"name\":\"Shop\",\"item\":\"https:\\\/\\\/shop.bantam.ch\\\/de\\\/shop\\\/\"},{\"@type\":\"ListItem\",\"position\":3,\"name\":\"Beistelltisch Bo-Camp Urban Outdoor Carnaby\"}]},{\"@type\":\"WebSite\",\"@id\":\"https:\\\/\\\/shop.bantam.ch\\\/de\\\/#website\",\"url\":\"https:\\\/\\\/shop.bantam.ch\\\/de\\\/\",\"name\":\"Bantam\",\"description\":\"\",\"publisher\":{\"@id\":\"https:\\\/\\\/shop.bantam.ch\\\/de\\\/#organization\"},\"inLanguage\":\"de\"},{\"@type\":\"Organization\",\"@id\":\"https:\\\/\\\/shop.bantam.ch\\\/de\\\/#organization\",\"name\":\"Bantam\",\"url\":\"https:\\\/\\\/shop.bantam.ch\\\/de\\\/\",\"logo\":{\"@type\":\"ImageObject\",\"inLanguage\":\"de\",\"@id\":\"https:\\\/\\\/shop.bantam.ch\\\/de\\\/#\\\/schema\\\/logo\\\/image\\\/\",\"url\":\"https:\\\/\\\/shop.bantam.ch\\\/wp-content\\\/uploads\\\/2022\\\/12\\\/bantam-logo.png\",\"contentUrl\":\"https:\\\/\\\/shop.bantam.ch\\\/wp-content\\\/uploads\\\/2022\\\/12\\\/bantam-logo.png\",\"width\":320,\"height\":71,\"caption\":\"Bantam\"},\"image\":{\"@id\":\"https:\\\/\\\/shop.bantam.ch\\\/de\\\/#\\\/schema\\\/logo\\\/image\\\/\"}}]}<\/script>\n<!-- \/ Yoast SEO plugin. -->","yoast_head_json":{"title":"Beistelltisch Bo-Camp Urban Outdoor Carnaby - Bantam","robots":{"index":"index","follow":"follow","max-snippet":"max-snippet:-1","max-image-preview":"max-image-preview:large","max-video-preview":"max-video-preview:-1"},"canonical":"https:\/\/shop.bantam.ch\/de\/produkt\/beistelltisch-urban-outdoor-carnaby\/","og_locale":"de_DE","og_type":"article","og_title":"Beistelltisch Bo-Camp Urban Outdoor Carnaby - Bantam","og_description":"Ein kompakter und trendiger Beistelltisch aus der Industrial Kollektion. Der Tisch ist kompakt porTisch durch die klappbaren Stahlbeine. Die Stahlplatte dieses Tischs ist abnehmbar und kann auch als Serviertablett verwendet werden. Nicht nur sehr praktisch, sondern auch dekorativ f\u00fcr drinnen und drau\u00dfen, zu Hause oder auf Reisen. Hitzebest\u00e4ndige und wasserfeste Tischplatte Stahl-Tischplatte mit klappbaren Stahlbeinen [&hellip;]","og_url":"https:\/\/shop.bantam.ch\/de\/produkt\/beistelltisch-urban-outdoor-carnaby\/","og_site_name":"Bantam","article_modified_time":"2026-05-03T19:56:03+00:00","og_image":[{"width":2220,"height":2800,"url":"https:\/\/shop.bantam.ch\/wp-content\/uploads\/2023\/03\/9961349100-scaled.jpg","type":"image\/jpeg"}],"twitter_card":"summary_large_image","schema":{"@context":"https:\/\/schema.org","@graph":[{"@type":"WebPage","@id":"https:\/\/shop.bantam.ch\/de\/produkt\/beistelltisch-urban-outdoor-carnaby\/","url":"https:\/\/shop.bantam.ch\/de\/produkt\/beistelltisch-urban-outdoor-carnaby\/","name":"Beistelltisch Bo-Camp Urban Outdoor Carnaby - Bantam","isPartOf":{"@id":"https:\/\/shop.bantam.ch\/de\/#website"},"primaryImageOfPage":{"@id":"https:\/\/shop.bantam.ch\/de\/produkt\/beistelltisch-urban-outdoor-carnaby\/#primaryimage"},"image":{"@id":"https:\/\/shop.bantam.ch\/de\/produkt\/beistelltisch-urban-outdoor-carnaby\/#primaryimage"},"thumbnailUrl":"https:\/\/shop.bantam.ch\/wp-content\/uploads\/2023\/03\/9961349100-scaled.jpg","datePublished":"2024-06-28T15:27:51+00:00","dateModified":"2026-05-03T19:56:03+00:00","breadcrumb":{"@id":"https:\/\/shop.bantam.ch\/de\/produkt\/beistelltisch-urban-outdoor-carnaby\/#breadcrumb"},"inLanguage":"de","potentialAction":[{"@type":"ReadAction","target":["https:\/\/shop.bantam.ch\/de\/produkt\/beistelltisch-urban-outdoor-carnaby\/"]}]},{"@type":"ImageObject","inLanguage":"de","@id":"https:\/\/shop.bantam.ch\/de\/produkt\/beistelltisch-urban-outdoor-carnaby\/#primaryimage","url":"https:\/\/shop.bantam.ch\/wp-content\/uploads\/2023\/03\/9961349100-scaled.jpg","contentUrl":"https:\/\/shop.bantam.ch\/wp-content\/uploads\/2023\/03\/9961349100-scaled.jpg","width":1624,"height":2048},{"@type":"BreadcrumbList","@id":"https:\/\/shop.bantam.ch\/de\/produkt\/beistelltisch-urban-outdoor-carnaby\/#breadcrumb","itemListElement":[{"@type":"ListItem","position":1,"name":"Accueil","item":"https:\/\/shop.bantam.ch\/de\/"},{"@type":"ListItem","position":2,"name":"Shop","item":"https:\/\/shop.bantam.ch\/de\/shop\/"},{"@type":"ListItem","position":3,"name":"Beistelltisch Bo-Camp Urban Outdoor Carnaby"}]},{"@type":"WebSite","@id":"https:\/\/shop.bantam.ch\/de\/#website","url":"https:\/\/shop.bantam.ch\/de\/","name":"Bantam","description":"","publisher":{"@id":"https:\/\/shop.bantam.ch\/de\/#organization"},"inLanguage":"de"},{"@type":"Organization","@id":"https:\/\/shop.bantam.ch\/de\/#organization","name":"Bantam","url":"https:\/\/shop.bantam.ch\/de\/","logo":{"@type":"ImageObject","inLanguage":"de","@id":"https:\/\/shop.bantam.ch\/de\/#\/schema\/logo\/image\/","url":"https:\/\/shop.bantam.ch\/wp-content\/uploads\/2022\/12\/bantam-logo.png","contentUrl":"https:\/\/shop.bantam.ch\/wp-content\/uploads\/2022\/12\/bantam-logo.png","width":320,"height":71,"caption":"Bantam"},"image":{"@id":"https:\/\/shop.bantam.ch\/de\/#\/schema\/logo\/image\/"}}]}},"_links":{"self":[{"href":"https:\/\/shop.bantam.ch\/de\/wp-json\/wp\/v2\/product\/133941","targetHints":{"allow":["GET"]}}],"collection":[{"href":"https:\/\/shop.bantam.ch\/de\/wp-json\/wp\/v2\/product"}],"about":[{"href":"https:\/\/shop.bantam.ch\/de\/wp-json\/wp\/v2\/types\/product"}],"wp:featuredmedia":[{"embeddable":true,"href":"https:\/\/shop.bantam.ch\/de\/wp-json\/wp\/v2\/media\/133927"}],"wp:attachment":[{"href":"https:\/\/shop.bantam.ch\/de\/wp-json\/wp\/v2\/media?parent=133941"}],"wp:term":[{"taxonomy":"product_featured_cat","embeddable":true,"href":"https:\/\/shop.bantam.ch\/de\/wp-json\/wp\/v2\/product_featured_cat?post=133941"},{"taxonomy":"product_brand","embeddable":true,"href":"https:\/\/shop.bantam.ch\/de\/wp-json\/wp\/v2\/product_brand?post=133941"},{"taxonomy":"product_cat","embeddable":true,"href":"https:\/\/shop.bantam.ch\/de\/wp-json\/wp\/v2\/product_cat?post=133941"},{"taxonomy":"product_tag","embeddable":true,"href":"https:\/\/shop.bantam.ch\/de\/wp-json\/wp\/v2\/product_tag?post=133941"}],"curies":[{"name":"wp","href":"https:\/\/api.w.org\/{rel}","templated":true}]}}