{"id":133781,"date":"2023-03-01T17:25:51","date_gmt":"2023-03-01T16:25:51","guid":{"rendered":"https:\/\/shop.bantam.ch\/produit\/power-station-delta-2-tragbar\/"},"modified":"2026-05-11T21:54:57","modified_gmt":"2026-05-11T19:54:57","slug":"power-station-delta-2-tragbar","status":"publish","type":"product","link":"https:\/\/shop.bantam.ch\/de\/produkt\/power-station-delta-2-tragbar\/","title":{"rendered":"Power Station ECOFLOW Delta 2 tragbar"},"content":{"rendered":"<p>1 &#8211; 3 kWh erweiterbare Kapazit\u00e4t, passend zu Ihren Anforderungen. Verdoppeln Sie Ihre Kapazit\u00e4t mit der DELTA 2-Zusatzakku auf 2.048 Wh oder nutzen Sie die DELTA Max-Zusatzakku, um 3.040 Wh zu erreichen. Ideal als Notstromversorgung f\u00fcr Haushaltsger\u00e4te. Gigantische AC-Ausgangsleistung. Die 1.800 W AC-Ausgangsleistung reichen f\u00fcr mehr als 90 % Ihrer Haushaltsger\u00e4te. Sie k\u00f6nnen auch bis zu 13 Ger\u00e4te gleichzeitig anschlie\u00dfen. Im Gegensatz zu anderen Marken kann DELTA 2 dank der X-Boost-Technologie eine \u00dcberlastung durch Ger\u00e4te bis zu 2.400 W verhindern. 7-mal schnellere AC-Ladung. Dank X-Stream-Technologie l\u00e4dt DELTA 2 7-mal schneller als vergleichbare Konkurrenzprodukte. Mit AC-Ladung betr\u00e4gt die Ladezeit von 0 auf 80 % nur 50 Minuten und von 0 auf 100 % nur 80 Minuten. Gr\u00fcne Energie ohne Verzicht. Schlie\u00dfen Sie tragbare Solarpanele an und laden Sie ortsunabh\u00e4ngig bis zu 500 W Leistung in nur 3 Stunden. Bis zu 6-mal l\u00e4ngere Lebensdauer. Sie k\u00f6nnen 10 Jahre lang t\u00e4glich benutzt werden, bis sie 80 % ihrer urspr\u00fcnglichen Kapazit\u00e4t erreicht haben. Das liegt an der LiFePO4-Batteriechemie, die mehr als 3000 Zyklen erm\u00f6glicht. Alles unter Kontrolle von \u00fcberall.\u00a0<\/p>\n","protected":false},"excerpt":{"rendered":"<p>1 &#8211; 3 kWh erweiterbare Kapazit\u00e4t, passend zu Ihren Anforderungen. Verdoppeln Sie Ihre Kapazit\u00e4t mit der DELTA 2-Zusatzakku auf 2.048 Wh oder nutzen Sie die DELTA Max-Zusatzakku, um 3.040 Wh zu erreichen. Ideal als Notstromversorgung f\u00fcr Haushaltsger\u00e4te. Gigantische AC-Ausgangsleistung. Die 1.800 W AC-Ausgangsleistung reichen f\u00fcr mehr als 90 % Ihrer Haushaltsger\u00e4te. Sie k\u00f6nnen auch bis [&hellip;]<\/p>\n","protected":false},"featured_media":133773,"template":"","meta":{"_acf_changed":false},"product_featured_cat":[],"product_brand":[3629],"product_cat":[5130],"product_tag":[],"class_list":{"0":"post-133781","1":"product","2":"type-product","3":"status-publish","4":"has-post-thumbnail","6":"product_brand-ecoflow-de","7":"product_cat-powerstationen","9":"first","10":"instock","11":"taxable","12":"shipping-taxable","13":"purchasable","14":"product-type-simple"},"acf":[],"yoast_head":"<!-- This site is optimized with the Yoast SEO plugin v27.5 - https:\/\/yoast.com\/product\/yoast-seo-wordpress\/ -->\n<title>Power Station ECOFLOW Delta 2 tragbar - Bantam<\/title>\n<meta name=\"robots\" content=\"index, follow, max-snippet:-1, max-image-preview:large, max-video-preview:-1\" \/>\n<link rel=\"canonical\" href=\"https:\/\/shop.bantam.ch\/de\/produkt\/power-station-delta-2-tragbar\/\" \/>\n<meta property=\"og:locale\" content=\"de_DE\" \/>\n<meta property=\"og:type\" content=\"article\" \/>\n<meta property=\"og:title\" content=\"Power Station ECOFLOW Delta 2 tragbar - Bantam\" \/>\n<meta property=\"og:description\" content=\"1 &#8211; 3 kWh erweiterbare Kapazit\u00e4t, passend zu Ihren Anforderungen. Verdoppeln Sie Ihre Kapazit\u00e4t mit der DELTA 2-Zusatzakku auf 2.048 Wh oder nutzen Sie die DELTA Max-Zusatzakku, um 3.040 Wh zu erreichen. Ideal als Notstromversorgung f\u00fcr Haushaltsger\u00e4te. Gigantische AC-Ausgangsleistung. Die 1.800 W AC-Ausgangsleistung reichen f\u00fcr mehr als 90 % Ihrer Haushaltsger\u00e4te. Sie k\u00f6nnen auch bis [&hellip;]\" \/>\n<meta property=\"og:url\" content=\"https:\/\/shop.bantam.ch\/de\/produkt\/power-station-delta-2-tragbar\/\" \/>\n<meta property=\"og:site_name\" content=\"Bantam\" \/>\n<meta property=\"article:modified_time\" content=\"2026-05-11T19:54:57+00:00\" \/>\n<meta property=\"og:image\" content=\"https:\/\/shop.bantam.ch\/wp-content\/uploads\/2023\/03\/9970853100.jpg\" \/>\n\t<meta property=\"og:image:width\" content=\"1024\" \/>\n\t<meta property=\"og:image:height\" content=\"1024\" \/>\n\t<meta property=\"og:image:type\" content=\"image\/jpeg\" \/>\n<meta name=\"twitter:card\" content=\"summary_large_image\" \/>\n<meta name=\"twitter:label1\" content=\"Gesch\u00e4tzte Lesezeit\" \/>\n\t<meta name=\"twitter:data1\" content=\"1\u00a0Minute\" \/>\n<script type=\"application\/ld+json\" class=\"yoast-schema-graph\">{\"@context\":\"https:\\\/\\\/schema.org\",\"@graph\":[{\"@type\":\"WebPage\",\"@id\":\"https:\\\/\\\/shop.bantam.ch\\\/de\\\/produkt\\\/power-station-delta-2-tragbar\\\/\",\"url\":\"https:\\\/\\\/shop.bantam.ch\\\/de\\\/produkt\\\/power-station-delta-2-tragbar\\\/\",\"name\":\"Power Station ECOFLOW Delta 2 tragbar - Bantam\",\"isPartOf\":{\"@id\":\"https:\\\/\\\/shop.bantam.ch\\\/de\\\/#website\"},\"primaryImageOfPage\":{\"@id\":\"https:\\\/\\\/shop.bantam.ch\\\/de\\\/produkt\\\/power-station-delta-2-tragbar\\\/#primaryimage\"},\"image\":{\"@id\":\"https:\\\/\\\/shop.bantam.ch\\\/de\\\/produkt\\\/power-station-delta-2-tragbar\\\/#primaryimage\"},\"thumbnailUrl\":\"https:\\\/\\\/shop.bantam.ch\\\/wp-content\\\/uploads\\\/2023\\\/03\\\/9970853100.jpg\",\"datePublished\":\"2023-03-01T16:25:51+00:00\",\"dateModified\":\"2026-05-11T19:54:57+00:00\",\"breadcrumb\":{\"@id\":\"https:\\\/\\\/shop.bantam.ch\\\/de\\\/produkt\\\/power-station-delta-2-tragbar\\\/#breadcrumb\"},\"inLanguage\":\"de\",\"potentialAction\":[{\"@type\":\"ReadAction\",\"target\":[\"https:\\\/\\\/shop.bantam.ch\\\/de\\\/produkt\\\/power-station-delta-2-tragbar\\\/\"]}]},{\"@type\":\"ImageObject\",\"inLanguage\":\"de\",\"@id\":\"https:\\\/\\\/shop.bantam.ch\\\/de\\\/produkt\\\/power-station-delta-2-tragbar\\\/#primaryimage\",\"url\":\"https:\\\/\\\/shop.bantam.ch\\\/wp-content\\\/uploads\\\/2023\\\/03\\\/9970853100.jpg\",\"contentUrl\":\"https:\\\/\\\/shop.bantam.ch\\\/wp-content\\\/uploads\\\/2023\\\/03\\\/9970853100.jpg\",\"width\":1024,\"height\":1024},{\"@type\":\"BreadcrumbList\",\"@id\":\"https:\\\/\\\/shop.bantam.ch\\\/de\\\/produkt\\\/power-station-delta-2-tragbar\\\/#breadcrumb\",\"itemListElement\":[{\"@type\":\"ListItem\",\"position\":1,\"name\":\"Accueil\",\"item\":\"https:\\\/\\\/shop.bantam.ch\\\/de\\\/\"},{\"@type\":\"ListItem\",\"position\":2,\"name\":\"Shop\",\"item\":\"https:\\\/\\\/shop.bantam.ch\\\/de\\\/shop\\\/\"},{\"@type\":\"ListItem\",\"position\":3,\"name\":\"Power Station ECOFLOW Delta 2 tragbar\"}]},{\"@type\":\"WebSite\",\"@id\":\"https:\\\/\\\/shop.bantam.ch\\\/de\\\/#website\",\"url\":\"https:\\\/\\\/shop.bantam.ch\\\/de\\\/\",\"name\":\"Bantam\",\"description\":\"\",\"publisher\":{\"@id\":\"https:\\\/\\\/shop.bantam.ch\\\/de\\\/#organization\"},\"inLanguage\":\"de\"},{\"@type\":\"Organization\",\"@id\":\"https:\\\/\\\/shop.bantam.ch\\\/de\\\/#organization\",\"name\":\"Bantam\",\"url\":\"https:\\\/\\\/shop.bantam.ch\\\/de\\\/\",\"logo\":{\"@type\":\"ImageObject\",\"inLanguage\":\"de\",\"@id\":\"https:\\\/\\\/shop.bantam.ch\\\/de\\\/#\\\/schema\\\/logo\\\/image\\\/\",\"url\":\"https:\\\/\\\/shop.bantam.ch\\\/wp-content\\\/uploads\\\/2022\\\/12\\\/bantam-logo.png\",\"contentUrl\":\"https:\\\/\\\/shop.bantam.ch\\\/wp-content\\\/uploads\\\/2022\\\/12\\\/bantam-logo.png\",\"width\":320,\"height\":71,\"caption\":\"Bantam\"},\"image\":{\"@id\":\"https:\\\/\\\/shop.bantam.ch\\\/de\\\/#\\\/schema\\\/logo\\\/image\\\/\"}}]}<\/script>\n<!-- \/ Yoast SEO plugin. -->","yoast_head_json":{"title":"Power Station ECOFLOW Delta 2 tragbar - Bantam","robots":{"index":"index","follow":"follow","max-snippet":"max-snippet:-1","max-image-preview":"max-image-preview:large","max-video-preview":"max-video-preview:-1"},"canonical":"https:\/\/shop.bantam.ch\/de\/produkt\/power-station-delta-2-tragbar\/","og_locale":"de_DE","og_type":"article","og_title":"Power Station ECOFLOW Delta 2 tragbar - Bantam","og_description":"1 &#8211; 3 kWh erweiterbare Kapazit\u00e4t, passend zu Ihren Anforderungen. Verdoppeln Sie Ihre Kapazit\u00e4t mit der DELTA 2-Zusatzakku auf 2.048 Wh oder nutzen Sie die DELTA Max-Zusatzakku, um 3.040 Wh zu erreichen. Ideal als Notstromversorgung f\u00fcr Haushaltsger\u00e4te. Gigantische AC-Ausgangsleistung. Die 1.800 W AC-Ausgangsleistung reichen f\u00fcr mehr als 90 % Ihrer Haushaltsger\u00e4te. Sie k\u00f6nnen auch bis [&hellip;]","og_url":"https:\/\/shop.bantam.ch\/de\/produkt\/power-station-delta-2-tragbar\/","og_site_name":"Bantam","article_modified_time":"2026-05-11T19:54:57+00:00","og_image":[{"width":1024,"height":1024,"url":"https:\/\/shop.bantam.ch\/wp-content\/uploads\/2023\/03\/9970853100.jpg","type":"image\/jpeg"}],"twitter_card":"summary_large_image","twitter_misc":{"Gesch\u00e4tzte Lesezeit":"1\u00a0Minute"},"schema":{"@context":"https:\/\/schema.org","@graph":[{"@type":"WebPage","@id":"https:\/\/shop.bantam.ch\/de\/produkt\/power-station-delta-2-tragbar\/","url":"https:\/\/shop.bantam.ch\/de\/produkt\/power-station-delta-2-tragbar\/","name":"Power Station ECOFLOW Delta 2 tragbar - Bantam","isPartOf":{"@id":"https:\/\/shop.bantam.ch\/de\/#website"},"primaryImageOfPage":{"@id":"https:\/\/shop.bantam.ch\/de\/produkt\/power-station-delta-2-tragbar\/#primaryimage"},"image":{"@id":"https:\/\/shop.bantam.ch\/de\/produkt\/power-station-delta-2-tragbar\/#primaryimage"},"thumbnailUrl":"https:\/\/shop.bantam.ch\/wp-content\/uploads\/2023\/03\/9970853100.jpg","datePublished":"2023-03-01T16:25:51+00:00","dateModified":"2026-05-11T19:54:57+00:00","breadcrumb":{"@id":"https:\/\/shop.bantam.ch\/de\/produkt\/power-station-delta-2-tragbar\/#breadcrumb"},"inLanguage":"de","potentialAction":[{"@type":"ReadAction","target":["https:\/\/shop.bantam.ch\/de\/produkt\/power-station-delta-2-tragbar\/"]}]},{"@type":"ImageObject","inLanguage":"de","@id":"https:\/\/shop.bantam.ch\/de\/produkt\/power-station-delta-2-tragbar\/#primaryimage","url":"https:\/\/shop.bantam.ch\/wp-content\/uploads\/2023\/03\/9970853100.jpg","contentUrl":"https:\/\/shop.bantam.ch\/wp-content\/uploads\/2023\/03\/9970853100.jpg","width":1024,"height":1024},{"@type":"BreadcrumbList","@id":"https:\/\/shop.bantam.ch\/de\/produkt\/power-station-delta-2-tragbar\/#breadcrumb","itemListElement":[{"@type":"ListItem","position":1,"name":"Accueil","item":"https:\/\/shop.bantam.ch\/de\/"},{"@type":"ListItem","position":2,"name":"Shop","item":"https:\/\/shop.bantam.ch\/de\/shop\/"},{"@type":"ListItem","position":3,"name":"Power Station ECOFLOW Delta 2 tragbar"}]},{"@type":"WebSite","@id":"https:\/\/shop.bantam.ch\/de\/#website","url":"https:\/\/shop.bantam.ch\/de\/","name":"Bantam","description":"","publisher":{"@id":"https:\/\/shop.bantam.ch\/de\/#organization"},"inLanguage":"de"},{"@type":"Organization","@id":"https:\/\/shop.bantam.ch\/de\/#organization","name":"Bantam","url":"https:\/\/shop.bantam.ch\/de\/","logo":{"@type":"ImageObject","inLanguage":"de","@id":"https:\/\/shop.bantam.ch\/de\/#\/schema\/logo\/image\/","url":"https:\/\/shop.bantam.ch\/wp-content\/uploads\/2022\/12\/bantam-logo.png","contentUrl":"https:\/\/shop.bantam.ch\/wp-content\/uploads\/2022\/12\/bantam-logo.png","width":320,"height":71,"caption":"Bantam"},"image":{"@id":"https:\/\/shop.bantam.ch\/de\/#\/schema\/logo\/image\/"}}]}},"_links":{"self":[{"href":"https:\/\/shop.bantam.ch\/de\/wp-json\/wp\/v2\/product\/133781","targetHints":{"allow":["GET"]}}],"collection":[{"href":"https:\/\/shop.bantam.ch\/de\/wp-json\/wp\/v2\/product"}],"about":[{"href":"https:\/\/shop.bantam.ch\/de\/wp-json\/wp\/v2\/types\/product"}],"wp:featuredmedia":[{"embeddable":true,"href":"https:\/\/shop.bantam.ch\/de\/wp-json\/wp\/v2\/media\/133773"}],"wp:attachment":[{"href":"https:\/\/shop.bantam.ch\/de\/wp-json\/wp\/v2\/media?parent=133781"}],"wp:term":[{"taxonomy":"product_featured_cat","embeddable":true,"href":"https:\/\/shop.bantam.ch\/de\/wp-json\/wp\/v2\/product_featured_cat?post=133781"},{"taxonomy":"product_brand","embeddable":true,"href":"https:\/\/shop.bantam.ch\/de\/wp-json\/wp\/v2\/product_brand?post=133781"},{"taxonomy":"product_cat","embeddable":true,"href":"https:\/\/shop.bantam.ch\/de\/wp-json\/wp\/v2\/product_cat?post=133781"},{"taxonomy":"product_tag","embeddable":true,"href":"https:\/\/shop.bantam.ch\/de\/wp-json\/wp\/v2\/product_tag?post=133781"}],"curies":[{"name":"wp","href":"https:\/\/api.w.org\/{rel}","templated":true}]}}