{"id":133771,"date":"2023-03-01T17:25:45","date_gmt":"2023-03-01T16:25:45","guid":{"rendered":"https:\/\/shop.bantam.ch\/produit\/belueftungssystem-acc-3100\/"},"modified":"2026-05-05T21:54:39","modified_gmt":"2026-05-05T19:54:39","slug":"belueftungssystem-acc-3100","status":"publish","type":"product","link":"https:\/\/shop.bantam.ch\/de\/produkt\/belueftungssystem-acc-3100\/","title":{"rendered":"Bel\u00fcftungssystem DOMETIC ACC 3100"},"content":{"rendered":"<p>Saubere und gesunde Luft, jederzeit: Die Dachbel\u00fcfungsanlage Dometic ACC sorgt f\u00fcr einen kraftvollen Luftaustausch im Innenraum, selbst wenn alle Fenster und T\u00fcren geschlossen sind. Das intelligente W\u00e4rmer\u00fcckgewinnungssystem stellt sicher, dass es auch bei k\u00fchlen Au\u00dfentemperaturen drinnen sch\u00f6n\u00a0warm bleibt \u2013 und im Sommer angenehm k\u00fchl. Moderne Sensortechnik sp\u00fcrt potenzielle Gesundheitsrisiken auf, wie z.B. schlechte Luft im Schlafbereich. Sobald die programmierten Grenzwerte \u00fcberschritten werden, macht sich Ihr Bel\u00fcftungssystem an die Arbeit. So k\u00f6nnen Sie jederzeit saubere und gesunde Luft atmen.<\/p>\n<ul>\n<li>Au\u00dfenma\u00dfe: 54,26 x 55,3 x 12,7 cm<\/li>\n<li>Innenma\u00dfe: 51,76 x 51,76 x 4,6 cm<\/li>\n<\/ul>\n<p>Produktvorteile auf einen Blick<\/p>\n<ul>\n<li>Effektiver Luftaustausch, auch wenn alle Fenster und T\u00fcren geschlossen sind<\/li>\n<li>Patentiertes W\u00e4rmer\u00fcckgewinnungssystem reduziert den Energieverbrauch<\/li>\n<li>Intelligente Sensorsteuerung \u00fcberwacht und verbessert die Luftqualit\u00e4t im Fahrzeug<\/li>\n<li>Empfindlicher Differenzialdrucksensor sorgt f\u00fcr einen ger\u00e4uschlosen und zugfreien Luftaustausch<\/li>\n<li>Bel\u00fcftung w\u00e4hrend der Lagerzeit verhindert Schimmelbildung<\/li>\n<li>Einfacher Einbau \u2013 passt in Standard-Dachausschnitte von 400 x 400 mm<\/li>\n<\/ul>\n","protected":false},"excerpt":{"rendered":"<p>Saubere und gesunde Luft, jederzeit: Die Dachbel\u00fcfungsanlage Dometic ACC sorgt f\u00fcr einen kraftvollen Luftaustausch im Innenraum, selbst wenn alle Fenster und T\u00fcren geschlossen sind. Das intelligente W\u00e4rmer\u00fcckgewinnungssystem stellt sicher, dass es auch bei k\u00fchlen Au\u00dfentemperaturen drinnen sch\u00f6n\u00a0warm bleibt \u2013 und im Sommer angenehm k\u00fchl. Moderne Sensortechnik sp\u00fcrt potenzielle Gesundheitsrisiken auf, wie z.B. schlechte Luft im [&hellip;]<\/p>\n","protected":false},"featured_media":133769,"template":"","meta":{"_acf_changed":false},"product_featured_cat":[],"product_brand":[3029],"product_cat":[4090],"product_tag":[],"class_list":{"0":"post-133771","1":"product","2":"type-product","3":"status-publish","4":"has-post-thumbnail","6":"product_brand-dometic-de","7":"product_cat-klimaanlagen","9":"first","10":"instock","11":"taxable","12":"shipping-taxable","13":"purchasable","14":"product-type-simple"},"acf":[],"yoast_head":"<!-- This site is optimized with the Yoast SEO plugin v27.5 - https:\/\/yoast.com\/product\/yoast-seo-wordpress\/ -->\n<title>Bel\u00fcftungssystem DOMETIC ACC 3100 - Bantam<\/title>\n<meta name=\"robots\" content=\"index, follow, max-snippet:-1, max-image-preview:large, max-video-preview:-1\" \/>\n<link rel=\"canonical\" href=\"https:\/\/shop.bantam.ch\/de\/produkt\/belueftungssystem-acc-3100\/\" \/>\n<meta property=\"og:locale\" content=\"de_DE\" \/>\n<meta property=\"og:type\" content=\"article\" \/>\n<meta property=\"og:title\" content=\"Bel\u00fcftungssystem DOMETIC ACC 3100 - Bantam\" \/>\n<meta property=\"og:description\" content=\"Saubere und gesunde Luft, jederzeit: Die Dachbel\u00fcfungsanlage Dometic ACC sorgt f\u00fcr einen kraftvollen Luftaustausch im Innenraum, selbst wenn alle Fenster und T\u00fcren geschlossen sind. Das intelligente W\u00e4rmer\u00fcckgewinnungssystem stellt sicher, dass es auch bei k\u00fchlen Au\u00dfentemperaturen drinnen sch\u00f6n\u00a0warm bleibt \u2013 und im Sommer angenehm k\u00fchl. Moderne Sensortechnik sp\u00fcrt potenzielle Gesundheitsrisiken auf, wie z.B. schlechte Luft im [&hellip;]\" \/>\n<meta property=\"og:url\" content=\"https:\/\/shop.bantam.ch\/de\/produkt\/belueftungssystem-acc-3100\/\" \/>\n<meta property=\"og:site_name\" content=\"Bantam\" \/>\n<meta property=\"article:modified_time\" content=\"2026-05-05T19:54:39+00:00\" \/>\n<meta property=\"og:image\" content=\"https:\/\/shop.bantam.ch\/wp-content\/uploads\/2023\/03\/9961592100.jpg\" \/>\n\t<meta property=\"og:image:width\" content=\"1000\" \/>\n\t<meta property=\"og:image:height\" content=\"587\" \/>\n\t<meta property=\"og:image:type\" content=\"image\/jpeg\" \/>\n<meta name=\"twitter:card\" content=\"summary_large_image\" \/>\n<meta name=\"twitter:label1\" content=\"Gesch\u00e4tzte Lesezeit\" \/>\n\t<meta name=\"twitter:data1\" content=\"1\u00a0Minute\" \/>\n<script type=\"application\/ld+json\" class=\"yoast-schema-graph\">{\"@context\":\"https:\\\/\\\/schema.org\",\"@graph\":[{\"@type\":\"WebPage\",\"@id\":\"https:\\\/\\\/shop.bantam.ch\\\/de\\\/produkt\\\/belueftungssystem-acc-3100\\\/\",\"url\":\"https:\\\/\\\/shop.bantam.ch\\\/de\\\/produkt\\\/belueftungssystem-acc-3100\\\/\",\"name\":\"Bel\u00fcftungssystem DOMETIC ACC 3100 - Bantam\",\"isPartOf\":{\"@id\":\"https:\\\/\\\/shop.bantam.ch\\\/de\\\/#website\"},\"primaryImageOfPage\":{\"@id\":\"https:\\\/\\\/shop.bantam.ch\\\/de\\\/produkt\\\/belueftungssystem-acc-3100\\\/#primaryimage\"},\"image\":{\"@id\":\"https:\\\/\\\/shop.bantam.ch\\\/de\\\/produkt\\\/belueftungssystem-acc-3100\\\/#primaryimage\"},\"thumbnailUrl\":\"https:\\\/\\\/shop.bantam.ch\\\/wp-content\\\/uploads\\\/2023\\\/03\\\/9961592100.jpg\",\"datePublished\":\"2023-03-01T16:25:45+00:00\",\"dateModified\":\"2026-05-05T19:54:39+00:00\",\"breadcrumb\":{\"@id\":\"https:\\\/\\\/shop.bantam.ch\\\/de\\\/produkt\\\/belueftungssystem-acc-3100\\\/#breadcrumb\"},\"inLanguage\":\"de\",\"potentialAction\":[{\"@type\":\"ReadAction\",\"target\":[\"https:\\\/\\\/shop.bantam.ch\\\/de\\\/produkt\\\/belueftungssystem-acc-3100\\\/\"]}]},{\"@type\":\"ImageObject\",\"inLanguage\":\"de\",\"@id\":\"https:\\\/\\\/shop.bantam.ch\\\/de\\\/produkt\\\/belueftungssystem-acc-3100\\\/#primaryimage\",\"url\":\"https:\\\/\\\/shop.bantam.ch\\\/wp-content\\\/uploads\\\/2023\\\/03\\\/9961592100.jpg\",\"contentUrl\":\"https:\\\/\\\/shop.bantam.ch\\\/wp-content\\\/uploads\\\/2023\\\/03\\\/9961592100.jpg\",\"width\":1000,\"height\":587},{\"@type\":\"BreadcrumbList\",\"@id\":\"https:\\\/\\\/shop.bantam.ch\\\/de\\\/produkt\\\/belueftungssystem-acc-3100\\\/#breadcrumb\",\"itemListElement\":[{\"@type\":\"ListItem\",\"position\":1,\"name\":\"Accueil\",\"item\":\"https:\\\/\\\/shop.bantam.ch\\\/de\\\/\"},{\"@type\":\"ListItem\",\"position\":2,\"name\":\"Shop\",\"item\":\"https:\\\/\\\/shop.bantam.ch\\\/de\\\/shop\\\/\"},{\"@type\":\"ListItem\",\"position\":3,\"name\":\"Bel\u00fcftungssystem DOMETIC ACC 3100\"}]},{\"@type\":\"WebSite\",\"@id\":\"https:\\\/\\\/shop.bantam.ch\\\/de\\\/#website\",\"url\":\"https:\\\/\\\/shop.bantam.ch\\\/de\\\/\",\"name\":\"Bantam\",\"description\":\"\",\"publisher\":{\"@id\":\"https:\\\/\\\/shop.bantam.ch\\\/de\\\/#organization\"},\"inLanguage\":\"de\"},{\"@type\":\"Organization\",\"@id\":\"https:\\\/\\\/shop.bantam.ch\\\/de\\\/#organization\",\"name\":\"Bantam\",\"url\":\"https:\\\/\\\/shop.bantam.ch\\\/de\\\/\",\"logo\":{\"@type\":\"ImageObject\",\"inLanguage\":\"de\",\"@id\":\"https:\\\/\\\/shop.bantam.ch\\\/de\\\/#\\\/schema\\\/logo\\\/image\\\/\",\"url\":\"https:\\\/\\\/shop.bantam.ch\\\/wp-content\\\/uploads\\\/2022\\\/12\\\/bantam-logo.png\",\"contentUrl\":\"https:\\\/\\\/shop.bantam.ch\\\/wp-content\\\/uploads\\\/2022\\\/12\\\/bantam-logo.png\",\"width\":320,\"height\":71,\"caption\":\"Bantam\"},\"image\":{\"@id\":\"https:\\\/\\\/shop.bantam.ch\\\/de\\\/#\\\/schema\\\/logo\\\/image\\\/\"}}]}<\/script>\n<!-- \/ Yoast SEO plugin. -->","yoast_head_json":{"title":"Bel\u00fcftungssystem DOMETIC ACC 3100 - Bantam","robots":{"index":"index","follow":"follow","max-snippet":"max-snippet:-1","max-image-preview":"max-image-preview:large","max-video-preview":"max-video-preview:-1"},"canonical":"https:\/\/shop.bantam.ch\/de\/produkt\/belueftungssystem-acc-3100\/","og_locale":"de_DE","og_type":"article","og_title":"Bel\u00fcftungssystem DOMETIC ACC 3100 - Bantam","og_description":"Saubere und gesunde Luft, jederzeit: Die Dachbel\u00fcfungsanlage Dometic ACC sorgt f\u00fcr einen kraftvollen Luftaustausch im Innenraum, selbst wenn alle Fenster und T\u00fcren geschlossen sind. Das intelligente W\u00e4rmer\u00fcckgewinnungssystem stellt sicher, dass es auch bei k\u00fchlen Au\u00dfentemperaturen drinnen sch\u00f6n\u00a0warm bleibt \u2013 und im Sommer angenehm k\u00fchl. Moderne Sensortechnik sp\u00fcrt potenzielle Gesundheitsrisiken auf, wie z.B. schlechte Luft im [&hellip;]","og_url":"https:\/\/shop.bantam.ch\/de\/produkt\/belueftungssystem-acc-3100\/","og_site_name":"Bantam","article_modified_time":"2026-05-05T19:54:39+00:00","og_image":[{"width":1000,"height":587,"url":"https:\/\/shop.bantam.ch\/wp-content\/uploads\/2023\/03\/9961592100.jpg","type":"image\/jpeg"}],"twitter_card":"summary_large_image","twitter_misc":{"Gesch\u00e4tzte Lesezeit":"1\u00a0Minute"},"schema":{"@context":"https:\/\/schema.org","@graph":[{"@type":"WebPage","@id":"https:\/\/shop.bantam.ch\/de\/produkt\/belueftungssystem-acc-3100\/","url":"https:\/\/shop.bantam.ch\/de\/produkt\/belueftungssystem-acc-3100\/","name":"Bel\u00fcftungssystem DOMETIC ACC 3100 - Bantam","isPartOf":{"@id":"https:\/\/shop.bantam.ch\/de\/#website"},"primaryImageOfPage":{"@id":"https:\/\/shop.bantam.ch\/de\/produkt\/belueftungssystem-acc-3100\/#primaryimage"},"image":{"@id":"https:\/\/shop.bantam.ch\/de\/produkt\/belueftungssystem-acc-3100\/#primaryimage"},"thumbnailUrl":"https:\/\/shop.bantam.ch\/wp-content\/uploads\/2023\/03\/9961592100.jpg","datePublished":"2023-03-01T16:25:45+00:00","dateModified":"2026-05-05T19:54:39+00:00","breadcrumb":{"@id":"https:\/\/shop.bantam.ch\/de\/produkt\/belueftungssystem-acc-3100\/#breadcrumb"},"inLanguage":"de","potentialAction":[{"@type":"ReadAction","target":["https:\/\/shop.bantam.ch\/de\/produkt\/belueftungssystem-acc-3100\/"]}]},{"@type":"ImageObject","inLanguage":"de","@id":"https:\/\/shop.bantam.ch\/de\/produkt\/belueftungssystem-acc-3100\/#primaryimage","url":"https:\/\/shop.bantam.ch\/wp-content\/uploads\/2023\/03\/9961592100.jpg","contentUrl":"https:\/\/shop.bantam.ch\/wp-content\/uploads\/2023\/03\/9961592100.jpg","width":1000,"height":587},{"@type":"BreadcrumbList","@id":"https:\/\/shop.bantam.ch\/de\/produkt\/belueftungssystem-acc-3100\/#breadcrumb","itemListElement":[{"@type":"ListItem","position":1,"name":"Accueil","item":"https:\/\/shop.bantam.ch\/de\/"},{"@type":"ListItem","position":2,"name":"Shop","item":"https:\/\/shop.bantam.ch\/de\/shop\/"},{"@type":"ListItem","position":3,"name":"Bel\u00fcftungssystem DOMETIC ACC 3100"}]},{"@type":"WebSite","@id":"https:\/\/shop.bantam.ch\/de\/#website","url":"https:\/\/shop.bantam.ch\/de\/","name":"Bantam","description":"","publisher":{"@id":"https:\/\/shop.bantam.ch\/de\/#organization"},"inLanguage":"de"},{"@type":"Organization","@id":"https:\/\/shop.bantam.ch\/de\/#organization","name":"Bantam","url":"https:\/\/shop.bantam.ch\/de\/","logo":{"@type":"ImageObject","inLanguage":"de","@id":"https:\/\/shop.bantam.ch\/de\/#\/schema\/logo\/image\/","url":"https:\/\/shop.bantam.ch\/wp-content\/uploads\/2022\/12\/bantam-logo.png","contentUrl":"https:\/\/shop.bantam.ch\/wp-content\/uploads\/2022\/12\/bantam-logo.png","width":320,"height":71,"caption":"Bantam"},"image":{"@id":"https:\/\/shop.bantam.ch\/de\/#\/schema\/logo\/image\/"}}]}},"_links":{"self":[{"href":"https:\/\/shop.bantam.ch\/de\/wp-json\/wp\/v2\/product\/133771","targetHints":{"allow":["GET"]}}],"collection":[{"href":"https:\/\/shop.bantam.ch\/de\/wp-json\/wp\/v2\/product"}],"about":[{"href":"https:\/\/shop.bantam.ch\/de\/wp-json\/wp\/v2\/types\/product"}],"wp:featuredmedia":[{"embeddable":true,"href":"https:\/\/shop.bantam.ch\/de\/wp-json\/wp\/v2\/media\/133769"}],"wp:attachment":[{"href":"https:\/\/shop.bantam.ch\/de\/wp-json\/wp\/v2\/media?parent=133771"}],"wp:term":[{"taxonomy":"product_featured_cat","embeddable":true,"href":"https:\/\/shop.bantam.ch\/de\/wp-json\/wp\/v2\/product_featured_cat?post=133771"},{"taxonomy":"product_brand","embeddable":true,"href":"https:\/\/shop.bantam.ch\/de\/wp-json\/wp\/v2\/product_brand?post=133771"},{"taxonomy":"product_cat","embeddable":true,"href":"https:\/\/shop.bantam.ch\/de\/wp-json\/wp\/v2\/product_cat?post=133771"},{"taxonomy":"product_tag","embeddable":true,"href":"https:\/\/shop.bantam.ch\/de\/wp-json\/wp\/v2\/product_tag?post=133771"}],"curies":[{"name":"wp","href":"https:\/\/api.w.org\/{rel}","templated":true}]}}