{"id":133609,"date":"2023-03-01T17:23:18","date_gmt":"2023-03-01T16:23:18","guid":{"rendered":"https:\/\/shop.bantam.ch\/produit\/solaranlage-high-power-solarset-2-x-120-w-easy-mount2-inkl-solarregler-300-w\/"},"modified":"2026-04-17T23:55:51","modified_gmt":"2026-04-17T21:55:51","slug":"solaranlage-high-power-solarset-2-x-120-w-easy-mount2-inkl-solarregler-300-w","status":"publish","type":"product","link":"https:\/\/shop.bantam.ch\/de\/produkt\/solaranlage-high-power-solarset-2-x-120-w-easy-mount2-inkl-solarregler-300-w\/","title":{"rendered":"Solaranlage High Power Solarset 2 x 120 W Easy Mount2 inkl. Solarregler 300 W"},"content":{"rendered":"<p>Solarset Easy Mount2 120 W<\/p>\n<ul>\n<li>2 x High Power Monokristallin Modul<\/li>\n<li>Aluhalter<\/li>\n<li>Vollfl\u00e4chige Klebefl\u00e4che<\/li>\n<li>25 Jahre Leistungsgarantie (Modul)<\/li>\n<li>Ma\u00dfe (B x H x T) 540 x 40 x 1150 mm<\/li>\n<li>Gewicht ca. 6,9 kg<\/li>\n<\/ul>\n<p>Solarregeler 330:<\/p>\n<ul>\n<li>12V \/ 330 WP<\/li>\n<li>Ladeprogrammumschaltung S\u00e4ure\/Gel\/AGM\/LifeP04<\/li>\n<li>Anschluss: Fernanzeige, Starterbatterie, AES-Steuerung EBL<\/li>\n<li>Optional: EBL Kabelsatz<\/li>\n<\/ul>\n<p>Lieferumfang:<br \/>Inklusive 2x Solarmodul 120 Watt monokristallin<br \/>Easy Mount2 Aluhalter (vormontiert)<br \/>Solarregler 300 Watt<br \/>Klebeset mit Aktivator und Klebeanleitung<br \/>Kabelsatz f\u00fcr Innen und au\u00dfen (UV best\u00e4ndig)<br \/>Dachdurchf\u00fchrung mit gro\u00dfer Klebefl\u00e4che<br \/>Montageanleitung<\/p>\n","protected":false},"excerpt":{"rendered":"<p>Solarset Easy Mount2 120 W 2 x High Power Monokristallin Modul Aluhalter Vollfl\u00e4chige Klebefl\u00e4che 25 Jahre Leistungsgarantie (Modul) Ma\u00dfe (B x H x T) 540 x 40 x 1150 mm Gewicht ca. 6,9 kg Solarregeler 330: 12V \/ 330 WP Ladeprogrammumschaltung S\u00e4ure\/Gel\/AGM\/LifeP04 Anschluss: Fernanzeige, Starterbatterie, AES-Steuerung EBL Optional: EBL Kabelsatz Lieferumfang:Inklusive 2x Solarmodul 120 Watt [&hellip;]<\/p>\n","protected":false},"featured_media":133587,"template":"","meta":{"_acf_changed":false},"product_featured_cat":[],"product_brand":[3077],"product_cat":[4880],"product_tag":[],"class_list":{"0":"post-133609","1":"product","2":"type-product","3":"status-publish","4":"has-post-thumbnail","6":"product_brand-alden-de","7":"product_cat-solar-sets","9":"first","10":"outofstock","11":"taxable","12":"shipping-taxable","13":"product-type-variable"},"acf":[],"yoast_head":"<!-- This site is optimized with the Yoast SEO plugin v27.4 - https:\/\/yoast.com\/product\/yoast-seo-wordpress\/ -->\n<title>Solaranlage High Power Solarset 2 x 120 W Easy Mount2 inkl. Solarregler 300 W - Bantam Camping AG<\/title>\n<meta name=\"robots\" content=\"index, follow, max-snippet:-1, max-image-preview:large, max-video-preview:-1\" \/>\n<link rel=\"canonical\" href=\"https:\/\/shop.bantam.ch\/de\/produkt\/solaranlage-high-power-solarset-2-x-120-w-easy-mount2-inkl-solarregler-300-w\/\" \/>\n<meta property=\"og:locale\" content=\"de_DE\" \/>\n<meta property=\"og:type\" content=\"article\" \/>\n<meta property=\"og:title\" content=\"Solaranlage High Power Solarset 2 x 120 W Easy Mount2 inkl. Solarregler 300 W - Bantam Camping AG\" \/>\n<meta property=\"og:description\" content=\"Solarset Easy Mount2 120 W 2 x High Power Monokristallin Modul Aluhalter Vollfl\u00e4chige Klebefl\u00e4che 25 Jahre Leistungsgarantie (Modul) Ma\u00dfe (B x H x T) 540 x 40 x 1150 mm Gewicht ca. 6,9 kg Solarregeler 330: 12V \/ 330 WP Ladeprogrammumschaltung S\u00e4ure\/Gel\/AGM\/LifeP04 Anschluss: Fernanzeige, Starterbatterie, AES-Steuerung EBL Optional: EBL Kabelsatz Lieferumfang:Inklusive 2x Solarmodul 120 Watt [&hellip;]\" \/>\n<meta property=\"og:url\" content=\"https:\/\/shop.bantam.ch\/de\/produkt\/solaranlage-high-power-solarset-2-x-120-w-easy-mount2-inkl-solarregler-300-w\/\" \/>\n<meta property=\"og:site_name\" content=\"Bantam Camping AG\" \/>\n<meta property=\"article:modified_time\" content=\"2026-04-17T21:55:51+00:00\" \/>\n<meta property=\"og:image\" content=\"https:\/\/shop.bantam.ch\/wp-content\/uploads\/2023\/03\/9970806100.png\" \/>\n\t<meta property=\"og:image:width\" content=\"479\" \/>\n\t<meta property=\"og:image:height\" content=\"1024\" \/>\n\t<meta property=\"og:image:type\" content=\"image\/png\" \/>\n<meta name=\"twitter:card\" content=\"summary_large_image\" \/>\n<script type=\"application\/ld+json\" class=\"yoast-schema-graph\">{\"@context\":\"https:\\\/\\\/schema.org\",\"@graph\":[{\"@type\":\"WebPage\",\"@id\":\"https:\\\/\\\/shop.bantam.ch\\\/de\\\/produkt\\\/solaranlage-high-power-solarset-2-x-120-w-easy-mount2-inkl-solarregler-300-w\\\/\",\"url\":\"https:\\\/\\\/shop.bantam.ch\\\/de\\\/produkt\\\/solaranlage-high-power-solarset-2-x-120-w-easy-mount2-inkl-solarregler-300-w\\\/\",\"name\":\"Solaranlage High Power Solarset 2 x 120 W Easy Mount2 inkl. Solarregler 300 W - Bantam Camping AG\",\"isPartOf\":{\"@id\":\"https:\\\/\\\/shop.bantam.ch\\\/de\\\/#website\"},\"primaryImageOfPage\":{\"@id\":\"https:\\\/\\\/shop.bantam.ch\\\/de\\\/produkt\\\/solaranlage-high-power-solarset-2-x-120-w-easy-mount2-inkl-solarregler-300-w\\\/#primaryimage\"},\"image\":{\"@id\":\"https:\\\/\\\/shop.bantam.ch\\\/de\\\/produkt\\\/solaranlage-high-power-solarset-2-x-120-w-easy-mount2-inkl-solarregler-300-w\\\/#primaryimage\"},\"thumbnailUrl\":\"https:\\\/\\\/shop.bantam.ch\\\/wp-content\\\/uploads\\\/2023\\\/03\\\/9970806100-scaled.png\",\"datePublished\":\"2023-03-01T16:23:18+00:00\",\"dateModified\":\"2026-04-17T21:55:51+00:00\",\"breadcrumb\":{\"@id\":\"https:\\\/\\\/shop.bantam.ch\\\/de\\\/produkt\\\/solaranlage-high-power-solarset-2-x-120-w-easy-mount2-inkl-solarregler-300-w\\\/#breadcrumb\"},\"inLanguage\":\"de\",\"potentialAction\":[{\"@type\":\"ReadAction\",\"target\":[\"https:\\\/\\\/shop.bantam.ch\\\/de\\\/produkt\\\/solaranlage-high-power-solarset-2-x-120-w-easy-mount2-inkl-solarregler-300-w\\\/\"]}]},{\"@type\":\"ImageObject\",\"inLanguage\":\"de\",\"@id\":\"https:\\\/\\\/shop.bantam.ch\\\/de\\\/produkt\\\/solaranlage-high-power-solarset-2-x-120-w-easy-mount2-inkl-solarregler-300-w\\\/#primaryimage\",\"url\":\"https:\\\/\\\/shop.bantam.ch\\\/wp-content\\\/uploads\\\/2023\\\/03\\\/9970806100-scaled.png\",\"contentUrl\":\"https:\\\/\\\/shop.bantam.ch\\\/wp-content\\\/uploads\\\/2023\\\/03\\\/9970806100-scaled.png\",\"width\":958,\"height\":2048},{\"@type\":\"BreadcrumbList\",\"@id\":\"https:\\\/\\\/shop.bantam.ch\\\/de\\\/produkt\\\/solaranlage-high-power-solarset-2-x-120-w-easy-mount2-inkl-solarregler-300-w\\\/#breadcrumb\",\"itemListElement\":[{\"@type\":\"ListItem\",\"position\":1,\"name\":\"Accueil\",\"item\":\"https:\\\/\\\/shop.bantam.ch\\\/de\\\/\"},{\"@type\":\"ListItem\",\"position\":2,\"name\":\"Shop\",\"item\":\"https:\\\/\\\/shop.bantam.ch\\\/de\\\/shop\\\/\"},{\"@type\":\"ListItem\",\"position\":3,\"name\":\"Solaranlage High Power Solarset 2 x 120 W Easy Mount2 inkl. Solarregler 300 W\"}]},{\"@type\":\"WebSite\",\"@id\":\"https:\\\/\\\/shop.bantam.ch\\\/de\\\/#website\",\"url\":\"https:\\\/\\\/shop.bantam.ch\\\/de\\\/\",\"name\":\"Bantam Camping AG\",\"description\":\"\",\"publisher\":{\"@id\":\"https:\\\/\\\/shop.bantam.ch\\\/de\\\/#organization\"},\"inLanguage\":\"de\"},{\"@type\":\"Organization\",\"@id\":\"https:\\\/\\\/shop.bantam.ch\\\/de\\\/#organization\",\"name\":\"Bantam Camping AG\",\"url\":\"https:\\\/\\\/shop.bantam.ch\\\/de\\\/\",\"logo\":{\"@type\":\"ImageObject\",\"inLanguage\":\"de\",\"@id\":\"https:\\\/\\\/shop.bantam.ch\\\/de\\\/#\\\/schema\\\/logo\\\/image\\\/\",\"url\":\"https:\\\/\\\/shop.bantam.ch\\\/wp-content\\\/uploads\\\/2022\\\/12\\\/bantam-logo.png\",\"contentUrl\":\"https:\\\/\\\/shop.bantam.ch\\\/wp-content\\\/uploads\\\/2022\\\/12\\\/bantam-logo.png\",\"width\":320,\"height\":71,\"caption\":\"Bantam Camping AG\"},\"image\":{\"@id\":\"https:\\\/\\\/shop.bantam.ch\\\/de\\\/#\\\/schema\\\/logo\\\/image\\\/\"}}]}<\/script>\n<!-- \/ Yoast SEO plugin. -->","yoast_head_json":{"title":"Solaranlage High Power Solarset 2 x 120 W Easy Mount2 inkl. Solarregler 300 W - Bantam Camping AG","robots":{"index":"index","follow":"follow","max-snippet":"max-snippet:-1","max-image-preview":"max-image-preview:large","max-video-preview":"max-video-preview:-1"},"canonical":"https:\/\/shop.bantam.ch\/de\/produkt\/solaranlage-high-power-solarset-2-x-120-w-easy-mount2-inkl-solarregler-300-w\/","og_locale":"de_DE","og_type":"article","og_title":"Solaranlage High Power Solarset 2 x 120 W Easy Mount2 inkl. Solarregler 300 W - Bantam Camping AG","og_description":"Solarset Easy Mount2 120 W 2 x High Power Monokristallin Modul Aluhalter Vollfl\u00e4chige Klebefl\u00e4che 25 Jahre Leistungsgarantie (Modul) Ma\u00dfe (B x H x T) 540 x 40 x 1150 mm Gewicht ca. 6,9 kg Solarregeler 330: 12V \/ 330 WP Ladeprogrammumschaltung S\u00e4ure\/Gel\/AGM\/LifeP04 Anschluss: Fernanzeige, Starterbatterie, AES-Steuerung EBL Optional: EBL Kabelsatz Lieferumfang:Inklusive 2x Solarmodul 120 Watt [&hellip;]","og_url":"https:\/\/shop.bantam.ch\/de\/produkt\/solaranlage-high-power-solarset-2-x-120-w-easy-mount2-inkl-solarregler-300-w\/","og_site_name":"Bantam Camping AG","article_modified_time":"2026-04-17T21:55:51+00:00","og_image":[{"url":"https:\/\/shop.bantam.ch\/wp-content\/uploads\/2023\/03\/9970806100.png","width":479,"height":1024,"type":"image\/png"}],"twitter_card":"summary_large_image","schema":{"@context":"https:\/\/schema.org","@graph":[{"@type":"WebPage","@id":"https:\/\/shop.bantam.ch\/de\/produkt\/solaranlage-high-power-solarset-2-x-120-w-easy-mount2-inkl-solarregler-300-w\/","url":"https:\/\/shop.bantam.ch\/de\/produkt\/solaranlage-high-power-solarset-2-x-120-w-easy-mount2-inkl-solarregler-300-w\/","name":"Solaranlage High Power Solarset 2 x 120 W Easy Mount2 inkl. Solarregler 300 W - Bantam Camping AG","isPartOf":{"@id":"https:\/\/shop.bantam.ch\/de\/#website"},"primaryImageOfPage":{"@id":"https:\/\/shop.bantam.ch\/de\/produkt\/solaranlage-high-power-solarset-2-x-120-w-easy-mount2-inkl-solarregler-300-w\/#primaryimage"},"image":{"@id":"https:\/\/shop.bantam.ch\/de\/produkt\/solaranlage-high-power-solarset-2-x-120-w-easy-mount2-inkl-solarregler-300-w\/#primaryimage"},"thumbnailUrl":"https:\/\/shop.bantam.ch\/wp-content\/uploads\/2023\/03\/9970806100-scaled.png","datePublished":"2023-03-01T16:23:18+00:00","dateModified":"2026-04-17T21:55:51+00:00","breadcrumb":{"@id":"https:\/\/shop.bantam.ch\/de\/produkt\/solaranlage-high-power-solarset-2-x-120-w-easy-mount2-inkl-solarregler-300-w\/#breadcrumb"},"inLanguage":"de","potentialAction":[{"@type":"ReadAction","target":["https:\/\/shop.bantam.ch\/de\/produkt\/solaranlage-high-power-solarset-2-x-120-w-easy-mount2-inkl-solarregler-300-w\/"]}]},{"@type":"ImageObject","inLanguage":"de","@id":"https:\/\/shop.bantam.ch\/de\/produkt\/solaranlage-high-power-solarset-2-x-120-w-easy-mount2-inkl-solarregler-300-w\/#primaryimage","url":"https:\/\/shop.bantam.ch\/wp-content\/uploads\/2023\/03\/9970806100-scaled.png","contentUrl":"https:\/\/shop.bantam.ch\/wp-content\/uploads\/2023\/03\/9970806100-scaled.png","width":958,"height":2048},{"@type":"BreadcrumbList","@id":"https:\/\/shop.bantam.ch\/de\/produkt\/solaranlage-high-power-solarset-2-x-120-w-easy-mount2-inkl-solarregler-300-w\/#breadcrumb","itemListElement":[{"@type":"ListItem","position":1,"name":"Accueil","item":"https:\/\/shop.bantam.ch\/de\/"},{"@type":"ListItem","position":2,"name":"Shop","item":"https:\/\/shop.bantam.ch\/de\/shop\/"},{"@type":"ListItem","position":3,"name":"Solaranlage High Power Solarset 2 x 120 W Easy Mount2 inkl. Solarregler 300 W"}]},{"@type":"WebSite","@id":"https:\/\/shop.bantam.ch\/de\/#website","url":"https:\/\/shop.bantam.ch\/de\/","name":"Bantam Camping AG","description":"","publisher":{"@id":"https:\/\/shop.bantam.ch\/de\/#organization"},"inLanguage":"de"},{"@type":"Organization","@id":"https:\/\/shop.bantam.ch\/de\/#organization","name":"Bantam Camping AG","url":"https:\/\/shop.bantam.ch\/de\/","logo":{"@type":"ImageObject","inLanguage":"de","@id":"https:\/\/shop.bantam.ch\/de\/#\/schema\/logo\/image\/","url":"https:\/\/shop.bantam.ch\/wp-content\/uploads\/2022\/12\/bantam-logo.png","contentUrl":"https:\/\/shop.bantam.ch\/wp-content\/uploads\/2022\/12\/bantam-logo.png","width":320,"height":71,"caption":"Bantam Camping AG"},"image":{"@id":"https:\/\/shop.bantam.ch\/de\/#\/schema\/logo\/image\/"}}]}},"_links":{"self":[{"href":"https:\/\/shop.bantam.ch\/de\/wp-json\/wp\/v2\/product\/133609","targetHints":{"allow":["GET"]}}],"collection":[{"href":"https:\/\/shop.bantam.ch\/de\/wp-json\/wp\/v2\/product"}],"about":[{"href":"https:\/\/shop.bantam.ch\/de\/wp-json\/wp\/v2\/types\/product"}],"wp:featuredmedia":[{"embeddable":true,"href":"https:\/\/shop.bantam.ch\/de\/wp-json\/wp\/v2\/media\/133587"}],"wp:attachment":[{"href":"https:\/\/shop.bantam.ch\/de\/wp-json\/wp\/v2\/media?parent=133609"}],"wp:term":[{"taxonomy":"product_featured_cat","embeddable":true,"href":"https:\/\/shop.bantam.ch\/de\/wp-json\/wp\/v2\/product_featured_cat?post=133609"},{"taxonomy":"product_brand","embeddable":true,"href":"https:\/\/shop.bantam.ch\/de\/wp-json\/wp\/v2\/product_brand?post=133609"},{"taxonomy":"product_cat","embeddable":true,"href":"https:\/\/shop.bantam.ch\/de\/wp-json\/wp\/v2\/product_cat?post=133609"},{"taxonomy":"product_tag","embeddable":true,"href":"https:\/\/shop.bantam.ch\/de\/wp-json\/wp\/v2\/product_tag?post=133609"}],"curies":[{"name":"wp","href":"https:\/\/api.w.org\/{rel}","templated":true}]}}