{"id":133303,"date":"2023-03-01T17:18:53","date_gmt":"2023-03-01T16:18:53","guid":{"rendered":"https:\/\/shop.bantam.ch\/produit\/mobiles-internet-paket\/"},"modified":"2026-05-11T21:54:26","modified_gmt":"2026-05-11T19:54:26","slug":"mobiles-internet-paket","status":"publish","type":"product","link":"https:\/\/shop.bantam.ch\/de\/produkt\/mobiles-internet-paket\/","title":{"rendered":"Mobiles Internet Paket Alden Router 4G \/ CAT6 Antenne LTE \/ WiFi 2 SIM 2,4 GHz \/ 5 G"},"content":{"rendered":"<p>Mit einem der Leistungsst\u00e4rksten LTE \/ Wifi CAT 6 Router (bis 300 MBit\/s) und der kompakten 5G\/4G\/WIFI Hochleistungs MIMO-Antenne k\u00f6nnen sie die Welt des Internets unterwegs auf ihren Reisen in vollem Umfang genie\u00dfen. Das ALDEN I-Net CAMP Set ist perfekt f\u00fcr den Empfang auf allen g\u00e4ngigen Mobilger\u00e4ten und Smart-TVs im Wohnmobil und Caravan geeignet. Durch den Cat 6 Router, der Geschwindigkeiten von bis zu 300 Mbps erreicht (gegen\u00fcber 150 Mbps \u00fcblicher Cat 4 Router), wird ein Maximum an Empfangsleistung erzielt. Auch vorhandene Wifi Signale wie auf Campingpl\u00e4tzen lassen sich verst\u00e4rkt im Innenraum komfortabel nutzen. 2 SIM-Karten Slots erm\u00f6glichen die Verwendung verschiedener Netze im In- und Ausland. Mittels einer \u00fcbersichtlichen Web App l\u00e4sst sich das System leicht und komfortabel einrichten und bedienen.<br \/>ALDEN I-NET 151 Router<br \/>CAT6 bis zu 300 Mbps 4G<\/p>\n<p>Anschl\u00fcsse:<\/p>\n<ul>\n<li>2x LAN \/ Ethernet<\/li>\n<li>WAN<\/li>\n<li>2x SIM<\/li>\n<li>Spannung: 9-30 Volt<\/li>\n<li>Ma\u00dfe: 100 x 86 x 30 mm<\/li>\n<li>Gewicht: 254 g<\/li>\n<\/ul>\n<p>LTE \/ Wifi Antenne<\/p>\n<ul>\n<li>Abdeckung 2G\/3G \/ 4G\/5G<\/li>\n<li>LTE-MiMo 2&#215;2,<\/li>\n<li>WiFi MiMo 2&#215;2<\/li>\n<li>Ma\u00dfe (L x B): 150 x 44 mm<\/li>\n<li>Gewicht: 284 g<\/li>\n<\/ul>\n","protected":false},"excerpt":{"rendered":"<p>Mit einem der Leistungsst\u00e4rksten LTE \/ Wifi CAT 6 Router (bis 300 MBit\/s) und der kompakten 5G\/4G\/WIFI Hochleistungs MIMO-Antenne k\u00f6nnen sie die Welt des Internets unterwegs auf ihren Reisen in vollem Umfang genie\u00dfen. Das ALDEN I-Net CAMP Set ist perfekt f\u00fcr den Empfang auf allen g\u00e4ngigen Mobilger\u00e4ten und Smart-TVs im Wohnmobil und Caravan geeignet. Durch [&hellip;]<\/p>\n","protected":false},"featured_media":133301,"template":"","meta":{"_acf_changed":false},"product_featured_cat":[],"product_brand":[3077],"product_cat":[5152],"product_tag":[],"class_list":{"0":"post-133303","1":"product","2":"type-product","3":"status-publish","4":"has-post-thumbnail","6":"product_brand-alden-de","7":"product_cat-wlan-lte-antennen","9":"first","10":"instock","11":"taxable","12":"shipping-taxable","13":"purchasable","14":"product-type-simple"},"acf":[],"yoast_head":"<!-- This site is optimized with the Yoast SEO plugin v27.5 - https:\/\/yoast.com\/product\/yoast-seo-wordpress\/ -->\n<title>Mobiles Internet Paket Alden Router 4G \/ CAT6 Antenne LTE \/ WiFi 2 SIM 2,4 GHz \/ 5 G - Bantam<\/title>\n<meta name=\"robots\" content=\"index, follow, max-snippet:-1, max-image-preview:large, max-video-preview:-1\" \/>\n<link rel=\"canonical\" href=\"https:\/\/shop.bantam.ch\/de\/produkt\/mobiles-internet-paket\/\" \/>\n<meta property=\"og:locale\" content=\"de_DE\" \/>\n<meta property=\"og:type\" content=\"article\" \/>\n<meta property=\"og:title\" content=\"Mobiles Internet Paket Alden Router 4G \/ CAT6 Antenne LTE \/ WiFi 2 SIM 2,4 GHz \/ 5 G - Bantam\" \/>\n<meta property=\"og:description\" content=\"Mit einem der Leistungsst\u00e4rksten LTE \/ Wifi CAT 6 Router (bis 300 MBit\/s) und der kompakten 5G\/4G\/WIFI Hochleistungs MIMO-Antenne k\u00f6nnen sie die Welt des Internets unterwegs auf ihren Reisen in vollem Umfang genie\u00dfen. Das ALDEN I-Net CAMP Set ist perfekt f\u00fcr den Empfang auf allen g\u00e4ngigen Mobilger\u00e4ten und Smart-TVs im Wohnmobil und Caravan geeignet. Durch [&hellip;]\" \/>\n<meta property=\"og:url\" content=\"https:\/\/shop.bantam.ch\/de\/produkt\/mobiles-internet-paket\/\" \/>\n<meta property=\"og:site_name\" content=\"Bantam\" \/>\n<meta property=\"article:modified_time\" content=\"2026-05-11T19:54:26+00:00\" \/>\n<meta property=\"og:image\" content=\"https:\/\/shop.bantam.ch\/wp-content\/uploads\/2023\/03\/9961344100.jpg\" \/>\n\t<meta property=\"og:image:width\" content=\"1000\" \/>\n\t<meta property=\"og:image:height\" content=\"997\" \/>\n\t<meta property=\"og:image:type\" content=\"image\/jpeg\" \/>\n<meta name=\"twitter:card\" content=\"summary_large_image\" \/>\n<meta name=\"twitter:label1\" content=\"Gesch\u00e4tzte Lesezeit\" \/>\n\t<meta name=\"twitter:data1\" content=\"1\u00a0Minute\" \/>\n<script type=\"application\/ld+json\" class=\"yoast-schema-graph\">{\"@context\":\"https:\\\/\\\/schema.org\",\"@graph\":[{\"@type\":\"WebPage\",\"@id\":\"https:\\\/\\\/shop.bantam.ch\\\/de\\\/produkt\\\/mobiles-internet-paket\\\/\",\"url\":\"https:\\\/\\\/shop.bantam.ch\\\/de\\\/produkt\\\/mobiles-internet-paket\\\/\",\"name\":\"Mobiles Internet Paket Alden Router 4G \\\/ CAT6 Antenne LTE \\\/ WiFi 2 SIM 2,4 GHz \\\/ 5 G - Bantam\",\"isPartOf\":{\"@id\":\"https:\\\/\\\/shop.bantam.ch\\\/de\\\/#website\"},\"primaryImageOfPage\":{\"@id\":\"https:\\\/\\\/shop.bantam.ch\\\/de\\\/produkt\\\/mobiles-internet-paket\\\/#primaryimage\"},\"image\":{\"@id\":\"https:\\\/\\\/shop.bantam.ch\\\/de\\\/produkt\\\/mobiles-internet-paket\\\/#primaryimage\"},\"thumbnailUrl\":\"https:\\\/\\\/shop.bantam.ch\\\/wp-content\\\/uploads\\\/2023\\\/03\\\/9961344100.jpg\",\"datePublished\":\"2023-03-01T16:18:53+00:00\",\"dateModified\":\"2026-05-11T19:54:26+00:00\",\"breadcrumb\":{\"@id\":\"https:\\\/\\\/shop.bantam.ch\\\/de\\\/produkt\\\/mobiles-internet-paket\\\/#breadcrumb\"},\"inLanguage\":\"de\",\"potentialAction\":[{\"@type\":\"ReadAction\",\"target\":[\"https:\\\/\\\/shop.bantam.ch\\\/de\\\/produkt\\\/mobiles-internet-paket\\\/\"]}]},{\"@type\":\"ImageObject\",\"inLanguage\":\"de\",\"@id\":\"https:\\\/\\\/shop.bantam.ch\\\/de\\\/produkt\\\/mobiles-internet-paket\\\/#primaryimage\",\"url\":\"https:\\\/\\\/shop.bantam.ch\\\/wp-content\\\/uploads\\\/2023\\\/03\\\/9961344100.jpg\",\"contentUrl\":\"https:\\\/\\\/shop.bantam.ch\\\/wp-content\\\/uploads\\\/2023\\\/03\\\/9961344100.jpg\",\"width\":1000,\"height\":997},{\"@type\":\"BreadcrumbList\",\"@id\":\"https:\\\/\\\/shop.bantam.ch\\\/de\\\/produkt\\\/mobiles-internet-paket\\\/#breadcrumb\",\"itemListElement\":[{\"@type\":\"ListItem\",\"position\":1,\"name\":\"Accueil\",\"item\":\"https:\\\/\\\/shop.bantam.ch\\\/de\\\/\"},{\"@type\":\"ListItem\",\"position\":2,\"name\":\"Shop\",\"item\":\"https:\\\/\\\/shop.bantam.ch\\\/de\\\/shop\\\/\"},{\"@type\":\"ListItem\",\"position\":3,\"name\":\"Mobiles Internet Paket Alden Router 4G \\\/ CAT6 Antenne LTE \\\/ WiFi 2 SIM 2,4 GHz \\\/ 5 G\"}]},{\"@type\":\"WebSite\",\"@id\":\"https:\\\/\\\/shop.bantam.ch\\\/de\\\/#website\",\"url\":\"https:\\\/\\\/shop.bantam.ch\\\/de\\\/\",\"name\":\"Bantam\",\"description\":\"\",\"publisher\":{\"@id\":\"https:\\\/\\\/shop.bantam.ch\\\/de\\\/#organization\"},\"inLanguage\":\"de\"},{\"@type\":\"Organization\",\"@id\":\"https:\\\/\\\/shop.bantam.ch\\\/de\\\/#organization\",\"name\":\"Bantam\",\"url\":\"https:\\\/\\\/shop.bantam.ch\\\/de\\\/\",\"logo\":{\"@type\":\"ImageObject\",\"inLanguage\":\"de\",\"@id\":\"https:\\\/\\\/shop.bantam.ch\\\/de\\\/#\\\/schema\\\/logo\\\/image\\\/\",\"url\":\"https:\\\/\\\/shop.bantam.ch\\\/wp-content\\\/uploads\\\/2022\\\/12\\\/bantam-logo.png\",\"contentUrl\":\"https:\\\/\\\/shop.bantam.ch\\\/wp-content\\\/uploads\\\/2022\\\/12\\\/bantam-logo.png\",\"width\":320,\"height\":71,\"caption\":\"Bantam\"},\"image\":{\"@id\":\"https:\\\/\\\/shop.bantam.ch\\\/de\\\/#\\\/schema\\\/logo\\\/image\\\/\"}}]}<\/script>\n<!-- \/ Yoast SEO plugin. -->","yoast_head_json":{"title":"Mobiles Internet Paket Alden Router 4G \/ CAT6 Antenne LTE \/ WiFi 2 SIM 2,4 GHz \/ 5 G - Bantam","robots":{"index":"index","follow":"follow","max-snippet":"max-snippet:-1","max-image-preview":"max-image-preview:large","max-video-preview":"max-video-preview:-1"},"canonical":"https:\/\/shop.bantam.ch\/de\/produkt\/mobiles-internet-paket\/","og_locale":"de_DE","og_type":"article","og_title":"Mobiles Internet Paket Alden Router 4G \/ CAT6 Antenne LTE \/ WiFi 2 SIM 2,4 GHz \/ 5 G - Bantam","og_description":"Mit einem der Leistungsst\u00e4rksten LTE \/ Wifi CAT 6 Router (bis 300 MBit\/s) und der kompakten 5G\/4G\/WIFI Hochleistungs MIMO-Antenne k\u00f6nnen sie die Welt des Internets unterwegs auf ihren Reisen in vollem Umfang genie\u00dfen. Das ALDEN I-Net CAMP Set ist perfekt f\u00fcr den Empfang auf allen g\u00e4ngigen Mobilger\u00e4ten und Smart-TVs im Wohnmobil und Caravan geeignet. Durch [&hellip;]","og_url":"https:\/\/shop.bantam.ch\/de\/produkt\/mobiles-internet-paket\/","og_site_name":"Bantam","article_modified_time":"2026-05-11T19:54:26+00:00","og_image":[{"width":1000,"height":997,"url":"https:\/\/shop.bantam.ch\/wp-content\/uploads\/2023\/03\/9961344100.jpg","type":"image\/jpeg"}],"twitter_card":"summary_large_image","twitter_misc":{"Gesch\u00e4tzte Lesezeit":"1\u00a0Minute"},"schema":{"@context":"https:\/\/schema.org","@graph":[{"@type":"WebPage","@id":"https:\/\/shop.bantam.ch\/de\/produkt\/mobiles-internet-paket\/","url":"https:\/\/shop.bantam.ch\/de\/produkt\/mobiles-internet-paket\/","name":"Mobiles Internet Paket Alden Router 4G \/ CAT6 Antenne LTE \/ WiFi 2 SIM 2,4 GHz \/ 5 G - Bantam","isPartOf":{"@id":"https:\/\/shop.bantam.ch\/de\/#website"},"primaryImageOfPage":{"@id":"https:\/\/shop.bantam.ch\/de\/produkt\/mobiles-internet-paket\/#primaryimage"},"image":{"@id":"https:\/\/shop.bantam.ch\/de\/produkt\/mobiles-internet-paket\/#primaryimage"},"thumbnailUrl":"https:\/\/shop.bantam.ch\/wp-content\/uploads\/2023\/03\/9961344100.jpg","datePublished":"2023-03-01T16:18:53+00:00","dateModified":"2026-05-11T19:54:26+00:00","breadcrumb":{"@id":"https:\/\/shop.bantam.ch\/de\/produkt\/mobiles-internet-paket\/#breadcrumb"},"inLanguage":"de","potentialAction":[{"@type":"ReadAction","target":["https:\/\/shop.bantam.ch\/de\/produkt\/mobiles-internet-paket\/"]}]},{"@type":"ImageObject","inLanguage":"de","@id":"https:\/\/shop.bantam.ch\/de\/produkt\/mobiles-internet-paket\/#primaryimage","url":"https:\/\/shop.bantam.ch\/wp-content\/uploads\/2023\/03\/9961344100.jpg","contentUrl":"https:\/\/shop.bantam.ch\/wp-content\/uploads\/2023\/03\/9961344100.jpg","width":1000,"height":997},{"@type":"BreadcrumbList","@id":"https:\/\/shop.bantam.ch\/de\/produkt\/mobiles-internet-paket\/#breadcrumb","itemListElement":[{"@type":"ListItem","position":1,"name":"Accueil","item":"https:\/\/shop.bantam.ch\/de\/"},{"@type":"ListItem","position":2,"name":"Shop","item":"https:\/\/shop.bantam.ch\/de\/shop\/"},{"@type":"ListItem","position":3,"name":"Mobiles Internet Paket Alden Router 4G \/ CAT6 Antenne LTE \/ WiFi 2 SIM 2,4 GHz \/ 5 G"}]},{"@type":"WebSite","@id":"https:\/\/shop.bantam.ch\/de\/#website","url":"https:\/\/shop.bantam.ch\/de\/","name":"Bantam","description":"","publisher":{"@id":"https:\/\/shop.bantam.ch\/de\/#organization"},"inLanguage":"de"},{"@type":"Organization","@id":"https:\/\/shop.bantam.ch\/de\/#organization","name":"Bantam","url":"https:\/\/shop.bantam.ch\/de\/","logo":{"@type":"ImageObject","inLanguage":"de","@id":"https:\/\/shop.bantam.ch\/de\/#\/schema\/logo\/image\/","url":"https:\/\/shop.bantam.ch\/wp-content\/uploads\/2022\/12\/bantam-logo.png","contentUrl":"https:\/\/shop.bantam.ch\/wp-content\/uploads\/2022\/12\/bantam-logo.png","width":320,"height":71,"caption":"Bantam"},"image":{"@id":"https:\/\/shop.bantam.ch\/de\/#\/schema\/logo\/image\/"}}]}},"_links":{"self":[{"href":"https:\/\/shop.bantam.ch\/de\/wp-json\/wp\/v2\/product\/133303","targetHints":{"allow":["GET"]}}],"collection":[{"href":"https:\/\/shop.bantam.ch\/de\/wp-json\/wp\/v2\/product"}],"about":[{"href":"https:\/\/shop.bantam.ch\/de\/wp-json\/wp\/v2\/types\/product"}],"wp:featuredmedia":[{"embeddable":true,"href":"https:\/\/shop.bantam.ch\/de\/wp-json\/wp\/v2\/media\/133301"}],"wp:attachment":[{"href":"https:\/\/shop.bantam.ch\/de\/wp-json\/wp\/v2\/media?parent=133303"}],"wp:term":[{"taxonomy":"product_featured_cat","embeddable":true,"href":"https:\/\/shop.bantam.ch\/de\/wp-json\/wp\/v2\/product_featured_cat?post=133303"},{"taxonomy":"product_brand","embeddable":true,"href":"https:\/\/shop.bantam.ch\/de\/wp-json\/wp\/v2\/product_brand?post=133303"},{"taxonomy":"product_cat","embeddable":true,"href":"https:\/\/shop.bantam.ch\/de\/wp-json\/wp\/v2\/product_cat?post=133303"},{"taxonomy":"product_tag","embeddable":true,"href":"https:\/\/shop.bantam.ch\/de\/wp-json\/wp\/v2\/product_tag?post=133303"}],"curies":[{"name":"wp","href":"https:\/\/api.w.org\/{rel}","templated":true}]}}