{"id":133125,"date":"2023-03-01T17:15:38","date_gmt":"2023-03-01T16:15:38","guid":{"rendered":"https:\/\/shop.bantam.ch\/produit\/ventiladapter-und-schnellkupplung-push-and-connect-weissgelb-2\/"},"modified":"2026-04-18T23:57:35","modified_gmt":"2026-04-18T21:57:35","slug":"ventiladapter-und-schnellkupplung-push-and-connect-weissgelb-2","status":"publish","type":"product","link":"https:\/\/shop.bantam.ch\/de\/produkt\/ventiladapter-und-schnellkupplung-push-and-connect-weissgelb-2\/","title":{"rendered":"Ventiladapter und Schnellkupplung Push-and-Connect Wei\u00dfGELB"},"content":{"rendered":"<p>LILIE-Push-and-Connect<\/p>\n<ul>\n<li>Schnelle, einfache und sichere Verbindung von Schl\u00e4uchen und Schlauchsystemen inklusive AbsperrfunktionAusgekl\u00fcgelter Absperrmechanismus mit Federn und Kupplungen aus Edelstahl und mehreren O-Ringen f\u00fcr sichere F\u00fchrung und Funktion. Dadurch langfristig hohe und zuverl\u00e4ssige Abdichtung bei hohem Durchfluss. Sichere Schnellkupplungsventile die mit einem Handgriff m\u00fchelos dicht verbinden oder schnell trennen. Optimiertes Str\u00f6mungsverhalten. In verschiedenen Ausf\u00fchrungen erh\u00e4ltlich.\u00a0Hoher Innen-\u00d8, Ideal abgestimmt auf LILIE TWSWG, Einfache und schnelle Montage, langfristig hohe und sichere Abdichtung bei hohem Durchfluss, Anschluss f\u00fcr Schl\u00e4uche mit Innen-\u00d8 von 10 mm bzw. 12mm, Druckbest\u00e4ndig und dicht bis 5 bar.<\/li>\n<li>Zeitsparend<\/li>\n<li>Sicher<\/li>\n<li>Dicht<\/li>\n<li>Kupplngsteil selbstsperrend<\/li>\n<li>Lichte Weite \u00d8 10 mm<\/li>\n<li>Optimiertes Str\u00f6mungsverhalten<\/li>\n<li>Ideal abgestimmt auf LILIE-Schl\u00e4uche, -Verbinder und -Federbandschellen<\/li>\n<li>Schnelle Montage<\/li>\n<li>Hoher Durchfluss<\/li>\n<li>Druckbest\u00e4ndig bis 5bar<\/li>\n<li>Vormontage einfach m\u00f6glich<span><br \/><\/span><\/li>\n<\/ul>\n","protected":false},"excerpt":{"rendered":"<p>LILIE-Push-and-Connect Schnelle, einfache und sichere Verbindung von Schl\u00e4uchen und Schlauchsystemen inklusive AbsperrfunktionAusgekl\u00fcgelter Absperrmechanismus mit Federn und Kupplungen aus Edelstahl und mehreren O-Ringen f\u00fcr sichere F\u00fchrung und Funktion. Dadurch langfristig hohe und zuverl\u00e4ssige Abdichtung bei hohem Durchfluss. Sichere Schnellkupplungsventile die mit einem Handgriff m\u00fchelos dicht verbinden oder schnell trennen. Optimiertes Str\u00f6mungsverhalten. In verschiedenen Ausf\u00fchrungen erh\u00e4ltlich.\u00a0Hoher Innen-\u00d8, [&hellip;]<\/p>\n","protected":false},"featured_media":133115,"template":"","meta":{"_acf_changed":false},"product_featured_cat":[],"product_brand":[3109],"product_cat":[4622],"product_tag":[],"class_list":{"0":"post-133125","1":"product","2":"type-product","3":"status-publish","4":"has-post-thumbnail","6":"product_brand-lilie-de","7":"product_cat-schlauchverbinder","9":"first","10":"instock","11":"taxable","12":"shipping-taxable","13":"purchasable","14":"product-type-variable"},"acf":[],"yoast_head":"<!-- This site is optimized with the Yoast SEO plugin v27.4 - https:\/\/yoast.com\/product\/yoast-seo-wordpress\/ -->\n<title>Ventiladapter und Schnellkupplung Push-and-Connect Wei\u00dfGELB - Bantam Camping AG<\/title>\n<meta name=\"robots\" content=\"index, follow, max-snippet:-1, max-image-preview:large, max-video-preview:-1\" \/>\n<link rel=\"canonical\" href=\"https:\/\/shop.bantam.ch\/de\/produkt\/ventiladapter-und-schnellkupplung-push-and-connect-weissgelb-2\/\" \/>\n<meta property=\"og:locale\" content=\"de_DE\" \/>\n<meta property=\"og:type\" content=\"article\" \/>\n<meta property=\"og:title\" content=\"Ventiladapter und Schnellkupplung Push-and-Connect Wei\u00dfGELB - Bantam Camping AG\" \/>\n<meta property=\"og:description\" content=\"LILIE-Push-and-Connect Schnelle, einfache und sichere Verbindung von Schl\u00e4uchen und Schlauchsystemen inklusive AbsperrfunktionAusgekl\u00fcgelter Absperrmechanismus mit Federn und Kupplungen aus Edelstahl und mehreren O-Ringen f\u00fcr sichere F\u00fchrung und Funktion. Dadurch langfristig hohe und zuverl\u00e4ssige Abdichtung bei hohem Durchfluss. Sichere Schnellkupplungsventile die mit einem Handgriff m\u00fchelos dicht verbinden oder schnell trennen. Optimiertes Str\u00f6mungsverhalten. In verschiedenen Ausf\u00fchrungen erh\u00e4ltlich.\u00a0Hoher Innen-\u00d8, [&hellip;]\" \/>\n<meta property=\"og:url\" content=\"https:\/\/shop.bantam.ch\/de\/produkt\/ventiladapter-und-schnellkupplung-push-and-connect-weissgelb-2\/\" \/>\n<meta property=\"og:site_name\" content=\"Bantam Camping AG\" \/>\n<meta property=\"article:modified_time\" content=\"2026-04-18T21:57:35+00:00\" \/>\n<meta property=\"og:image\" content=\"https:\/\/shop.bantam.ch\/wp-content\/uploads\/2023\/03\/9957866100.jpg\" \/>\n\t<meta property=\"og:image:width\" content=\"1000\" \/>\n\t<meta property=\"og:image:height\" content=\"341\" \/>\n\t<meta property=\"og:image:type\" content=\"image\/jpeg\" \/>\n<meta name=\"twitter:card\" content=\"summary_large_image\" \/>\n<meta name=\"twitter:label1\" content=\"Gesch\u00e4tzte Lesezeit\" \/>\n\t<meta name=\"twitter:data1\" content=\"1\u00a0Minute\" \/>\n<script type=\"application\/ld+json\" class=\"yoast-schema-graph\">{\"@context\":\"https:\\\/\\\/schema.org\",\"@graph\":[{\"@type\":\"WebPage\",\"@id\":\"https:\\\/\\\/shop.bantam.ch\\\/de\\\/produkt\\\/ventiladapter-und-schnellkupplung-push-and-connect-weissgelb-2\\\/\",\"url\":\"https:\\\/\\\/shop.bantam.ch\\\/de\\\/produkt\\\/ventiladapter-und-schnellkupplung-push-and-connect-weissgelb-2\\\/\",\"name\":\"Ventiladapter und Schnellkupplung Push-and-Connect Wei\u00dfGELB - Bantam Camping AG\",\"isPartOf\":{\"@id\":\"https:\\\/\\\/shop.bantam.ch\\\/de\\\/#website\"},\"primaryImageOfPage\":{\"@id\":\"https:\\\/\\\/shop.bantam.ch\\\/de\\\/produkt\\\/ventiladapter-und-schnellkupplung-push-and-connect-weissgelb-2\\\/#primaryimage\"},\"image\":{\"@id\":\"https:\\\/\\\/shop.bantam.ch\\\/de\\\/produkt\\\/ventiladapter-und-schnellkupplung-push-and-connect-weissgelb-2\\\/#primaryimage\"},\"thumbnailUrl\":\"https:\\\/\\\/shop.bantam.ch\\\/wp-content\\\/uploads\\\/2023\\\/03\\\/9957866100.jpg\",\"datePublished\":\"2023-03-01T16:15:38+00:00\",\"dateModified\":\"2026-04-18T21:57:35+00:00\",\"breadcrumb\":{\"@id\":\"https:\\\/\\\/shop.bantam.ch\\\/de\\\/produkt\\\/ventiladapter-und-schnellkupplung-push-and-connect-weissgelb-2\\\/#breadcrumb\"},\"inLanguage\":\"de\",\"potentialAction\":[{\"@type\":\"ReadAction\",\"target\":[\"https:\\\/\\\/shop.bantam.ch\\\/de\\\/produkt\\\/ventiladapter-und-schnellkupplung-push-and-connect-weissgelb-2\\\/\"]}]},{\"@type\":\"ImageObject\",\"inLanguage\":\"de\",\"@id\":\"https:\\\/\\\/shop.bantam.ch\\\/de\\\/produkt\\\/ventiladapter-und-schnellkupplung-push-and-connect-weissgelb-2\\\/#primaryimage\",\"url\":\"https:\\\/\\\/shop.bantam.ch\\\/wp-content\\\/uploads\\\/2023\\\/03\\\/9957866100.jpg\",\"contentUrl\":\"https:\\\/\\\/shop.bantam.ch\\\/wp-content\\\/uploads\\\/2023\\\/03\\\/9957866100.jpg\",\"width\":1000,\"height\":341},{\"@type\":\"BreadcrumbList\",\"@id\":\"https:\\\/\\\/shop.bantam.ch\\\/de\\\/produkt\\\/ventiladapter-und-schnellkupplung-push-and-connect-weissgelb-2\\\/#breadcrumb\",\"itemListElement\":[{\"@type\":\"ListItem\",\"position\":1,\"name\":\"Accueil\",\"item\":\"https:\\\/\\\/shop.bantam.ch\\\/de\\\/\"},{\"@type\":\"ListItem\",\"position\":2,\"name\":\"Shop\",\"item\":\"https:\\\/\\\/shop.bantam.ch\\\/de\\\/shop\\\/\"},{\"@type\":\"ListItem\",\"position\":3,\"name\":\"Ventiladapter und Schnellkupplung Push-and-Connect Wei\u00dfGELB\"}]},{\"@type\":\"WebSite\",\"@id\":\"https:\\\/\\\/shop.bantam.ch\\\/de\\\/#website\",\"url\":\"https:\\\/\\\/shop.bantam.ch\\\/de\\\/\",\"name\":\"Bantam Camping AG\",\"description\":\"\",\"publisher\":{\"@id\":\"https:\\\/\\\/shop.bantam.ch\\\/de\\\/#organization\"},\"inLanguage\":\"de\"},{\"@type\":\"Organization\",\"@id\":\"https:\\\/\\\/shop.bantam.ch\\\/de\\\/#organization\",\"name\":\"Bantam Camping AG\",\"url\":\"https:\\\/\\\/shop.bantam.ch\\\/de\\\/\",\"logo\":{\"@type\":\"ImageObject\",\"inLanguage\":\"de\",\"@id\":\"https:\\\/\\\/shop.bantam.ch\\\/de\\\/#\\\/schema\\\/logo\\\/image\\\/\",\"url\":\"https:\\\/\\\/shop.bantam.ch\\\/wp-content\\\/uploads\\\/2022\\\/12\\\/bantam-logo.png\",\"contentUrl\":\"https:\\\/\\\/shop.bantam.ch\\\/wp-content\\\/uploads\\\/2022\\\/12\\\/bantam-logo.png\",\"width\":320,\"height\":71,\"caption\":\"Bantam Camping AG\"},\"image\":{\"@id\":\"https:\\\/\\\/shop.bantam.ch\\\/de\\\/#\\\/schema\\\/logo\\\/image\\\/\"}}]}<\/script>\n<!-- \/ Yoast SEO plugin. -->","yoast_head_json":{"title":"Ventiladapter und Schnellkupplung Push-and-Connect Wei\u00dfGELB - Bantam Camping AG","robots":{"index":"index","follow":"follow","max-snippet":"max-snippet:-1","max-image-preview":"max-image-preview:large","max-video-preview":"max-video-preview:-1"},"canonical":"https:\/\/shop.bantam.ch\/de\/produkt\/ventiladapter-und-schnellkupplung-push-and-connect-weissgelb-2\/","og_locale":"de_DE","og_type":"article","og_title":"Ventiladapter und Schnellkupplung Push-and-Connect Wei\u00dfGELB - Bantam Camping AG","og_description":"LILIE-Push-and-Connect Schnelle, einfache und sichere Verbindung von Schl\u00e4uchen und Schlauchsystemen inklusive AbsperrfunktionAusgekl\u00fcgelter Absperrmechanismus mit Federn und Kupplungen aus Edelstahl und mehreren O-Ringen f\u00fcr sichere F\u00fchrung und Funktion. Dadurch langfristig hohe und zuverl\u00e4ssige Abdichtung bei hohem Durchfluss. Sichere Schnellkupplungsventile die mit einem Handgriff m\u00fchelos dicht verbinden oder schnell trennen. Optimiertes Str\u00f6mungsverhalten. In verschiedenen Ausf\u00fchrungen erh\u00e4ltlich.\u00a0Hoher Innen-\u00d8, [&hellip;]","og_url":"https:\/\/shop.bantam.ch\/de\/produkt\/ventiladapter-und-schnellkupplung-push-and-connect-weissgelb-2\/","og_site_name":"Bantam Camping AG","article_modified_time":"2026-04-18T21:57:35+00:00","og_image":[{"width":1000,"height":341,"url":"https:\/\/shop.bantam.ch\/wp-content\/uploads\/2023\/03\/9957866100.jpg","type":"image\/jpeg"}],"twitter_card":"summary_large_image","twitter_misc":{"Gesch\u00e4tzte Lesezeit":"1\u00a0Minute"},"schema":{"@context":"https:\/\/schema.org","@graph":[{"@type":"WebPage","@id":"https:\/\/shop.bantam.ch\/de\/produkt\/ventiladapter-und-schnellkupplung-push-and-connect-weissgelb-2\/","url":"https:\/\/shop.bantam.ch\/de\/produkt\/ventiladapter-und-schnellkupplung-push-and-connect-weissgelb-2\/","name":"Ventiladapter und Schnellkupplung Push-and-Connect Wei\u00dfGELB - Bantam Camping AG","isPartOf":{"@id":"https:\/\/shop.bantam.ch\/de\/#website"},"primaryImageOfPage":{"@id":"https:\/\/shop.bantam.ch\/de\/produkt\/ventiladapter-und-schnellkupplung-push-and-connect-weissgelb-2\/#primaryimage"},"image":{"@id":"https:\/\/shop.bantam.ch\/de\/produkt\/ventiladapter-und-schnellkupplung-push-and-connect-weissgelb-2\/#primaryimage"},"thumbnailUrl":"https:\/\/shop.bantam.ch\/wp-content\/uploads\/2023\/03\/9957866100.jpg","datePublished":"2023-03-01T16:15:38+00:00","dateModified":"2026-04-18T21:57:35+00:00","breadcrumb":{"@id":"https:\/\/shop.bantam.ch\/de\/produkt\/ventiladapter-und-schnellkupplung-push-and-connect-weissgelb-2\/#breadcrumb"},"inLanguage":"de","potentialAction":[{"@type":"ReadAction","target":["https:\/\/shop.bantam.ch\/de\/produkt\/ventiladapter-und-schnellkupplung-push-and-connect-weissgelb-2\/"]}]},{"@type":"ImageObject","inLanguage":"de","@id":"https:\/\/shop.bantam.ch\/de\/produkt\/ventiladapter-und-schnellkupplung-push-and-connect-weissgelb-2\/#primaryimage","url":"https:\/\/shop.bantam.ch\/wp-content\/uploads\/2023\/03\/9957866100.jpg","contentUrl":"https:\/\/shop.bantam.ch\/wp-content\/uploads\/2023\/03\/9957866100.jpg","width":1000,"height":341},{"@type":"BreadcrumbList","@id":"https:\/\/shop.bantam.ch\/de\/produkt\/ventiladapter-und-schnellkupplung-push-and-connect-weissgelb-2\/#breadcrumb","itemListElement":[{"@type":"ListItem","position":1,"name":"Accueil","item":"https:\/\/shop.bantam.ch\/de\/"},{"@type":"ListItem","position":2,"name":"Shop","item":"https:\/\/shop.bantam.ch\/de\/shop\/"},{"@type":"ListItem","position":3,"name":"Ventiladapter und Schnellkupplung Push-and-Connect Wei\u00dfGELB"}]},{"@type":"WebSite","@id":"https:\/\/shop.bantam.ch\/de\/#website","url":"https:\/\/shop.bantam.ch\/de\/","name":"Bantam Camping AG","description":"","publisher":{"@id":"https:\/\/shop.bantam.ch\/de\/#organization"},"inLanguage":"de"},{"@type":"Organization","@id":"https:\/\/shop.bantam.ch\/de\/#organization","name":"Bantam Camping AG","url":"https:\/\/shop.bantam.ch\/de\/","logo":{"@type":"ImageObject","inLanguage":"de","@id":"https:\/\/shop.bantam.ch\/de\/#\/schema\/logo\/image\/","url":"https:\/\/shop.bantam.ch\/wp-content\/uploads\/2022\/12\/bantam-logo.png","contentUrl":"https:\/\/shop.bantam.ch\/wp-content\/uploads\/2022\/12\/bantam-logo.png","width":320,"height":71,"caption":"Bantam Camping AG"},"image":{"@id":"https:\/\/shop.bantam.ch\/de\/#\/schema\/logo\/image\/"}}]}},"_links":{"self":[{"href":"https:\/\/shop.bantam.ch\/de\/wp-json\/wp\/v2\/product\/133125","targetHints":{"allow":["GET"]}}],"collection":[{"href":"https:\/\/shop.bantam.ch\/de\/wp-json\/wp\/v2\/product"}],"about":[{"href":"https:\/\/shop.bantam.ch\/de\/wp-json\/wp\/v2\/types\/product"}],"wp:featuredmedia":[{"embeddable":true,"href":"https:\/\/shop.bantam.ch\/de\/wp-json\/wp\/v2\/media\/133115"}],"wp:attachment":[{"href":"https:\/\/shop.bantam.ch\/de\/wp-json\/wp\/v2\/media?parent=133125"}],"wp:term":[{"taxonomy":"product_featured_cat","embeddable":true,"href":"https:\/\/shop.bantam.ch\/de\/wp-json\/wp\/v2\/product_featured_cat?post=133125"},{"taxonomy":"product_brand","embeddable":true,"href":"https:\/\/shop.bantam.ch\/de\/wp-json\/wp\/v2\/product_brand?post=133125"},{"taxonomy":"product_cat","embeddable":true,"href":"https:\/\/shop.bantam.ch\/de\/wp-json\/wp\/v2\/product_cat?post=133125"},{"taxonomy":"product_tag","embeddable":true,"href":"https:\/\/shop.bantam.ch\/de\/wp-json\/wp\/v2\/product_tag?post=133125"}],"curies":[{"name":"wp","href":"https:\/\/api.w.org\/{rel}","templated":true}]}}