{"id":133033,"date":"2023-03-01T17:14:04","date_gmt":"2023-03-01T16:14:04","guid":{"rendered":"https:\/\/shop.bantam.ch\/produit\/spiegelmonitor-safety-csm4300sd-2-11-cm\/"},"modified":"2026-04-20T21:57:50","modified_gmt":"2026-04-20T19:57:50","slug":"spiegelmonitor-safety-csm4300sd-2-11-cm","status":"publish","type":"product","link":"https:\/\/shop.bantam.ch\/de\/produkt\/spiegelmonitor-safety-csm4300sd-2-11-cm\/","title":{"rendered":"Spiegelmonitor Caratec Safety CSM4300SD.2 11 cm _4,3 Zoll_"},"content":{"rendered":"<p>Mit dem Caratec Spiegelmonitor wird Rangieren ganz einfach. Das Bild der R\u00fcckfahrkamera liegt genau im intuitiven Blickfeld. Die per Fernbedienung einstellbaren Leitlinien helfen zus\u00e4tzlich, Abst\u00e4nde zu Hindernissen richtig einzusch\u00e4tzen und so teure Besch\u00e4digungen am Wohnmobil zu vermeiden.\u00a0Der integrierte 10,9 cm (4,3&#8243;) Monitor verf\u00fcgt \u00fcber eine sehr hohe maximale Helligkeit, sodass er hervorragend ablesbar ist. Zudem sind unerw\u00fcnschte Reflexionen z.B. durch Sonneneinstrahlung an der Position des Spiegels erheblich geringer als bei \u00fcblichen Monitoren.Der Monitor schaltet automatisch beim Einlegen des R\u00fcckw\u00e4rtsgangs ein, w\u00e4hrend der Fahrt ist er bequem \u00fcber den Schalter unterhalb der Spiegelfl\u00e4che einschaltbar. Die Helligkeit regelt sich automatisch und ist zus\u00e4tzlich einstellbar.\u00a0Das spezielle 4 mm dicke Spiegelglas mit &#8222;Third Surface Reflector Technology&#8220; wird auch in der Automobil Erstausr\u00fcstung verwendet und sorgt f\u00fcr beste Sicht, sowohl als Spiegel als auch im Monitorbetrieb.\u00a0Die Montage ist durch den fahrzeugspezifischen Halter und Leitungssatz ganz einfach. Eine Fernbedienung z.B. zum Einstellen der Einparklinien geh\u00f6rt zum Lieferumfang.\u00a0Kameraeingang 1: 4 pol. Mini-DIN Kupplung, passend f\u00fcr Kameras CS&#8230;L oder die Leitung MCA29004. Mit dem optionalen Adapter CSZ102M auch f\u00fcr Kamera mit Cinch-Anschluss verwendbar.\u00a0Kameraeingang 2: Cinchkupplung f\u00fcr universelle Verwendung\u00a0<br \/>Mit E-Pr\u00fcfzeichen f\u00fcr Elektronik (ECE R10) und R\u00fcckspiegel (ECE R46).<span><br \/><\/span><\/p>\n","protected":false},"excerpt":{"rendered":"<p>Mit dem Caratec Spiegelmonitor wird Rangieren ganz einfach. Das Bild der R\u00fcckfahrkamera liegt genau im intuitiven Blickfeld. Die per Fernbedienung einstellbaren Leitlinien helfen zus\u00e4tzlich, Abst\u00e4nde zu Hindernissen richtig einzusch\u00e4tzen und so teure Besch\u00e4digungen am Wohnmobil zu vermeiden.\u00a0Der integrierte 10,9 cm (4,3&#8243;) Monitor verf\u00fcgt \u00fcber eine sehr hohe maximale Helligkeit, sodass er hervorragend ablesbar ist. Zudem [&hellip;]<\/p>\n","protected":false},"featured_media":133031,"template":"","meta":{"_acf_changed":false},"product_featured_cat":[],"product_brand":[3071],"product_cat":[5000],"product_tag":[],"class_list":{"0":"post-133033","1":"product","2":"type-product","3":"status-publish","4":"has-post-thumbnail","6":"product_brand-caratec-de","7":"product_cat-monitore","9":"first","10":"instock","11":"taxable","12":"shipping-taxable","13":"purchasable","14":"product-type-simple"},"acf":[],"yoast_head":"<!-- This site is optimized with the Yoast SEO plugin v27.4 - https:\/\/yoast.com\/product\/yoast-seo-wordpress\/ -->\n<title>Spiegelmonitor Caratec Safety CSM4300SD.2 11 cm _4,3 Zoll_ - Bantam Camping AG<\/title>\n<meta name=\"robots\" content=\"index, follow, max-snippet:-1, max-image-preview:large, max-video-preview:-1\" \/>\n<link rel=\"canonical\" href=\"https:\/\/shop.bantam.ch\/de\/produkt\/spiegelmonitor-safety-csm4300sd-2-11-cm\/\" \/>\n<meta property=\"og:locale\" content=\"de_DE\" \/>\n<meta property=\"og:type\" content=\"article\" \/>\n<meta property=\"og:title\" content=\"Spiegelmonitor Caratec Safety CSM4300SD.2 11 cm _4,3 Zoll_ - Bantam Camping AG\" \/>\n<meta property=\"og:description\" content=\"Mit dem Caratec Spiegelmonitor wird Rangieren ganz einfach. Das Bild der R\u00fcckfahrkamera liegt genau im intuitiven Blickfeld. Die per Fernbedienung einstellbaren Leitlinien helfen zus\u00e4tzlich, Abst\u00e4nde zu Hindernissen richtig einzusch\u00e4tzen und so teure Besch\u00e4digungen am Wohnmobil zu vermeiden.\u00a0Der integrierte 10,9 cm (4,3&#8243;) Monitor verf\u00fcgt \u00fcber eine sehr hohe maximale Helligkeit, sodass er hervorragend ablesbar ist. Zudem [&hellip;]\" \/>\n<meta property=\"og:url\" content=\"https:\/\/shop.bantam.ch\/de\/produkt\/spiegelmonitor-safety-csm4300sd-2-11-cm\/\" \/>\n<meta property=\"og:site_name\" content=\"Bantam Camping AG\" \/>\n<meta property=\"article:modified_time\" content=\"2026-04-20T19:57:50+00:00\" \/>\n<meta property=\"og:image\" content=\"https:\/\/shop.bantam.ch\/wp-content\/uploads\/2023\/03\/9961925100.jpg\" \/>\n\t<meta property=\"og:image:width\" content=\"500\" \/>\n\t<meta property=\"og:image:height\" content=\"500\" \/>\n\t<meta property=\"og:image:type\" content=\"image\/jpeg\" \/>\n<meta name=\"twitter:card\" content=\"summary_large_image\" \/>\n<meta name=\"twitter:label1\" content=\"Gesch\u00e4tzte Lesezeit\" \/>\n\t<meta name=\"twitter:data1\" content=\"1\u00a0Minute\" \/>\n<script type=\"application\/ld+json\" class=\"yoast-schema-graph\">{\"@context\":\"https:\\\/\\\/schema.org\",\"@graph\":[{\"@type\":\"WebPage\",\"@id\":\"https:\\\/\\\/shop.bantam.ch\\\/de\\\/produkt\\\/spiegelmonitor-safety-csm4300sd-2-11-cm\\\/\",\"url\":\"https:\\\/\\\/shop.bantam.ch\\\/de\\\/produkt\\\/spiegelmonitor-safety-csm4300sd-2-11-cm\\\/\",\"name\":\"Spiegelmonitor Caratec Safety CSM4300SD.2 11 cm _4,3 Zoll_ - Bantam Camping AG\",\"isPartOf\":{\"@id\":\"https:\\\/\\\/shop.bantam.ch\\\/de\\\/#website\"},\"primaryImageOfPage\":{\"@id\":\"https:\\\/\\\/shop.bantam.ch\\\/de\\\/produkt\\\/spiegelmonitor-safety-csm4300sd-2-11-cm\\\/#primaryimage\"},\"image\":{\"@id\":\"https:\\\/\\\/shop.bantam.ch\\\/de\\\/produkt\\\/spiegelmonitor-safety-csm4300sd-2-11-cm\\\/#primaryimage\"},\"thumbnailUrl\":\"https:\\\/\\\/shop.bantam.ch\\\/wp-content\\\/uploads\\\/2023\\\/03\\\/9961925100.jpg\",\"datePublished\":\"2023-03-01T16:14:04+00:00\",\"dateModified\":\"2026-04-20T19:57:50+00:00\",\"breadcrumb\":{\"@id\":\"https:\\\/\\\/shop.bantam.ch\\\/de\\\/produkt\\\/spiegelmonitor-safety-csm4300sd-2-11-cm\\\/#breadcrumb\"},\"inLanguage\":\"de\",\"potentialAction\":[{\"@type\":\"ReadAction\",\"target\":[\"https:\\\/\\\/shop.bantam.ch\\\/de\\\/produkt\\\/spiegelmonitor-safety-csm4300sd-2-11-cm\\\/\"]}]},{\"@type\":\"ImageObject\",\"inLanguage\":\"de\",\"@id\":\"https:\\\/\\\/shop.bantam.ch\\\/de\\\/produkt\\\/spiegelmonitor-safety-csm4300sd-2-11-cm\\\/#primaryimage\",\"url\":\"https:\\\/\\\/shop.bantam.ch\\\/wp-content\\\/uploads\\\/2023\\\/03\\\/9961925100.jpg\",\"contentUrl\":\"https:\\\/\\\/shop.bantam.ch\\\/wp-content\\\/uploads\\\/2023\\\/03\\\/9961925100.jpg\",\"width\":500,\"height\":500},{\"@type\":\"BreadcrumbList\",\"@id\":\"https:\\\/\\\/shop.bantam.ch\\\/de\\\/produkt\\\/spiegelmonitor-safety-csm4300sd-2-11-cm\\\/#breadcrumb\",\"itemListElement\":[{\"@type\":\"ListItem\",\"position\":1,\"name\":\"Accueil\",\"item\":\"https:\\\/\\\/shop.bantam.ch\\\/de\\\/\"},{\"@type\":\"ListItem\",\"position\":2,\"name\":\"Shop\",\"item\":\"https:\\\/\\\/shop.bantam.ch\\\/de\\\/shop\\\/\"},{\"@type\":\"ListItem\",\"position\":3,\"name\":\"Spiegelmonitor Caratec Safety CSM4300SD.2 11 cm _4,3 Zoll_\"}]},{\"@type\":\"WebSite\",\"@id\":\"https:\\\/\\\/shop.bantam.ch\\\/de\\\/#website\",\"url\":\"https:\\\/\\\/shop.bantam.ch\\\/de\\\/\",\"name\":\"Bantam Camping AG\",\"description\":\"\",\"publisher\":{\"@id\":\"https:\\\/\\\/shop.bantam.ch\\\/de\\\/#organization\"},\"inLanguage\":\"de\"},{\"@type\":\"Organization\",\"@id\":\"https:\\\/\\\/shop.bantam.ch\\\/de\\\/#organization\",\"name\":\"Bantam Camping AG\",\"url\":\"https:\\\/\\\/shop.bantam.ch\\\/de\\\/\",\"logo\":{\"@type\":\"ImageObject\",\"inLanguage\":\"de\",\"@id\":\"https:\\\/\\\/shop.bantam.ch\\\/de\\\/#\\\/schema\\\/logo\\\/image\\\/\",\"url\":\"https:\\\/\\\/shop.bantam.ch\\\/wp-content\\\/uploads\\\/2022\\\/12\\\/bantam-logo.png\",\"contentUrl\":\"https:\\\/\\\/shop.bantam.ch\\\/wp-content\\\/uploads\\\/2022\\\/12\\\/bantam-logo.png\",\"width\":320,\"height\":71,\"caption\":\"Bantam Camping AG\"},\"image\":{\"@id\":\"https:\\\/\\\/shop.bantam.ch\\\/de\\\/#\\\/schema\\\/logo\\\/image\\\/\"}}]}<\/script>\n<!-- \/ Yoast SEO plugin. -->","yoast_head_json":{"title":"Spiegelmonitor Caratec Safety CSM4300SD.2 11 cm _4,3 Zoll_ - Bantam Camping AG","robots":{"index":"index","follow":"follow","max-snippet":"max-snippet:-1","max-image-preview":"max-image-preview:large","max-video-preview":"max-video-preview:-1"},"canonical":"https:\/\/shop.bantam.ch\/de\/produkt\/spiegelmonitor-safety-csm4300sd-2-11-cm\/","og_locale":"de_DE","og_type":"article","og_title":"Spiegelmonitor Caratec Safety CSM4300SD.2 11 cm _4,3 Zoll_ - Bantam Camping AG","og_description":"Mit dem Caratec Spiegelmonitor wird Rangieren ganz einfach. Das Bild der R\u00fcckfahrkamera liegt genau im intuitiven Blickfeld. Die per Fernbedienung einstellbaren Leitlinien helfen zus\u00e4tzlich, Abst\u00e4nde zu Hindernissen richtig einzusch\u00e4tzen und so teure Besch\u00e4digungen am Wohnmobil zu vermeiden.\u00a0Der integrierte 10,9 cm (4,3&#8243;) Monitor verf\u00fcgt \u00fcber eine sehr hohe maximale Helligkeit, sodass er hervorragend ablesbar ist. Zudem [&hellip;]","og_url":"https:\/\/shop.bantam.ch\/de\/produkt\/spiegelmonitor-safety-csm4300sd-2-11-cm\/","og_site_name":"Bantam Camping AG","article_modified_time":"2026-04-20T19:57:50+00:00","og_image":[{"width":500,"height":500,"url":"https:\/\/shop.bantam.ch\/wp-content\/uploads\/2023\/03\/9961925100.jpg","type":"image\/jpeg"}],"twitter_card":"summary_large_image","twitter_misc":{"Gesch\u00e4tzte Lesezeit":"1\u00a0Minute"},"schema":{"@context":"https:\/\/schema.org","@graph":[{"@type":"WebPage","@id":"https:\/\/shop.bantam.ch\/de\/produkt\/spiegelmonitor-safety-csm4300sd-2-11-cm\/","url":"https:\/\/shop.bantam.ch\/de\/produkt\/spiegelmonitor-safety-csm4300sd-2-11-cm\/","name":"Spiegelmonitor Caratec Safety CSM4300SD.2 11 cm _4,3 Zoll_ - Bantam Camping AG","isPartOf":{"@id":"https:\/\/shop.bantam.ch\/de\/#website"},"primaryImageOfPage":{"@id":"https:\/\/shop.bantam.ch\/de\/produkt\/spiegelmonitor-safety-csm4300sd-2-11-cm\/#primaryimage"},"image":{"@id":"https:\/\/shop.bantam.ch\/de\/produkt\/spiegelmonitor-safety-csm4300sd-2-11-cm\/#primaryimage"},"thumbnailUrl":"https:\/\/shop.bantam.ch\/wp-content\/uploads\/2023\/03\/9961925100.jpg","datePublished":"2023-03-01T16:14:04+00:00","dateModified":"2026-04-20T19:57:50+00:00","breadcrumb":{"@id":"https:\/\/shop.bantam.ch\/de\/produkt\/spiegelmonitor-safety-csm4300sd-2-11-cm\/#breadcrumb"},"inLanguage":"de","potentialAction":[{"@type":"ReadAction","target":["https:\/\/shop.bantam.ch\/de\/produkt\/spiegelmonitor-safety-csm4300sd-2-11-cm\/"]}]},{"@type":"ImageObject","inLanguage":"de","@id":"https:\/\/shop.bantam.ch\/de\/produkt\/spiegelmonitor-safety-csm4300sd-2-11-cm\/#primaryimage","url":"https:\/\/shop.bantam.ch\/wp-content\/uploads\/2023\/03\/9961925100.jpg","contentUrl":"https:\/\/shop.bantam.ch\/wp-content\/uploads\/2023\/03\/9961925100.jpg","width":500,"height":500},{"@type":"BreadcrumbList","@id":"https:\/\/shop.bantam.ch\/de\/produkt\/spiegelmonitor-safety-csm4300sd-2-11-cm\/#breadcrumb","itemListElement":[{"@type":"ListItem","position":1,"name":"Accueil","item":"https:\/\/shop.bantam.ch\/de\/"},{"@type":"ListItem","position":2,"name":"Shop","item":"https:\/\/shop.bantam.ch\/de\/shop\/"},{"@type":"ListItem","position":3,"name":"Spiegelmonitor Caratec Safety CSM4300SD.2 11 cm _4,3 Zoll_"}]},{"@type":"WebSite","@id":"https:\/\/shop.bantam.ch\/de\/#website","url":"https:\/\/shop.bantam.ch\/de\/","name":"Bantam Camping AG","description":"","publisher":{"@id":"https:\/\/shop.bantam.ch\/de\/#organization"},"inLanguage":"de"},{"@type":"Organization","@id":"https:\/\/shop.bantam.ch\/de\/#organization","name":"Bantam Camping AG","url":"https:\/\/shop.bantam.ch\/de\/","logo":{"@type":"ImageObject","inLanguage":"de","@id":"https:\/\/shop.bantam.ch\/de\/#\/schema\/logo\/image\/","url":"https:\/\/shop.bantam.ch\/wp-content\/uploads\/2022\/12\/bantam-logo.png","contentUrl":"https:\/\/shop.bantam.ch\/wp-content\/uploads\/2022\/12\/bantam-logo.png","width":320,"height":71,"caption":"Bantam Camping AG"},"image":{"@id":"https:\/\/shop.bantam.ch\/de\/#\/schema\/logo\/image\/"}}]}},"_links":{"self":[{"href":"https:\/\/shop.bantam.ch\/de\/wp-json\/wp\/v2\/product\/133033","targetHints":{"allow":["GET"]}}],"collection":[{"href":"https:\/\/shop.bantam.ch\/de\/wp-json\/wp\/v2\/product"}],"about":[{"href":"https:\/\/shop.bantam.ch\/de\/wp-json\/wp\/v2\/types\/product"}],"wp:featuredmedia":[{"embeddable":true,"href":"https:\/\/shop.bantam.ch\/de\/wp-json\/wp\/v2\/media\/133031"}],"wp:attachment":[{"href":"https:\/\/shop.bantam.ch\/de\/wp-json\/wp\/v2\/media?parent=133033"}],"wp:term":[{"taxonomy":"product_featured_cat","embeddable":true,"href":"https:\/\/shop.bantam.ch\/de\/wp-json\/wp\/v2\/product_featured_cat?post=133033"},{"taxonomy":"product_brand","embeddable":true,"href":"https:\/\/shop.bantam.ch\/de\/wp-json\/wp\/v2\/product_brand?post=133033"},{"taxonomy":"product_cat","embeddable":true,"href":"https:\/\/shop.bantam.ch\/de\/wp-json\/wp\/v2\/product_cat?post=133033"},{"taxonomy":"product_tag","embeddable":true,"href":"https:\/\/shop.bantam.ch\/de\/wp-json\/wp\/v2\/product_tag?post=133033"}],"curies":[{"name":"wp","href":"https:\/\/api.w.org\/{rel}","templated":true}]}}