{"id":133029,"date":"2023-03-01T17:13:58","date_gmt":"2023-03-01T16:13:58","guid":{"rendered":"https:\/\/shop.bantam.ch\/produit\/tv-wandhalter-flex-cfw200s-mit-2-drehpuntken\/"},"modified":"2026-04-18T21:57:13","modified_gmt":"2026-04-18T19:57:13","slug":"tv-wandhalter-flex-cfw200s-mit-2-drehpuntken","status":"publish","type":"product","link":"https:\/\/shop.bantam.ch\/de\/produkt\/tv-wandhalter-flex-cfw200s-mit-2-drehpuntken\/","title":{"rendered":"Wandhalter Caratec Flex CFW200S mit 2 Drehpunkten Farbe schwarz"},"content":{"rendered":"<p>Bew\u00e4hrte Caratec Halterl\u00f6sung Caratec Flex CFW200AS aus Stahl in besonders kompakter Form mit zwei Drehpunkten. Die Arretiervorrichtung sorgt daf\u00fcr, dass das TV-Ger\u00e4t w\u00e4hrend der Fahrt sicher befestigt ist.\u00a0F\u00fcr die Stahlhalter CFW200, CFW300, CFW301S und CFW305 gibt es Hebel als Zubeh\u00f6r, die sich auf der entgegengesetzten Seite montieren lassen. Damit haben Sie die Entriegelung immer auf der richtigen und leicht zug\u00e4nglichen Seite.<\/p>\n","protected":false},"excerpt":{"rendered":"<p>Bew\u00e4hrte Caratec Halterl\u00f6sung Caratec Flex CFW200AS aus Stahl in besonders kompakter Form mit zwei Drehpunkten. Die Arretiervorrichtung sorgt daf\u00fcr, dass das TV-Ger\u00e4t w\u00e4hrend der Fahrt sicher befestigt ist.\u00a0F\u00fcr die Stahlhalter CFW200, CFW300, CFW301S und CFW305 gibt es Hebel als Zubeh\u00f6r, die sich auf der entgegengesetzten Seite montieren lassen. Damit haben Sie die Entriegelung immer auf [&hellip;]<\/p>\n","protected":false},"featured_media":133027,"template":"","meta":{"_acf_changed":false},"product_featured_cat":[],"product_brand":[3071],"product_cat":[4986],"product_tag":[],"class_list":{"0":"post-133029","1":"product","2":"type-product","3":"status-publish","4":"has-post-thumbnail","6":"product_brand-caratec-de","7":"product_cat-tv-halterungen","9":"first","10":"instock","11":"taxable","12":"shipping-taxable","13":"purchasable","14":"product-type-simple"},"acf":[],"yoast_head":"<!-- This site is optimized with the Yoast SEO plugin v27.4 - https:\/\/yoast.com\/product\/yoast-seo-wordpress\/ -->\n<title>Wandhalter Caratec Flex CFW200S mit 2 Drehpunkten Farbe schwarz - Bantam Camping AG<\/title>\n<meta name=\"robots\" content=\"index, follow, max-snippet:-1, max-image-preview:large, max-video-preview:-1\" \/>\n<link rel=\"canonical\" href=\"https:\/\/shop.bantam.ch\/de\/produkt\/tv-wandhalter-flex-cfw200s-mit-2-drehpuntken\/\" \/>\n<meta property=\"og:locale\" content=\"de_DE\" \/>\n<meta property=\"og:type\" content=\"article\" \/>\n<meta property=\"og:title\" content=\"Wandhalter Caratec Flex CFW200S mit 2 Drehpunkten Farbe schwarz - Bantam Camping AG\" \/>\n<meta property=\"og:description\" content=\"Bew\u00e4hrte Caratec Halterl\u00f6sung Caratec Flex CFW200AS aus Stahl in besonders kompakter Form mit zwei Drehpunkten. Die Arretiervorrichtung sorgt daf\u00fcr, dass das TV-Ger\u00e4t w\u00e4hrend der Fahrt sicher befestigt ist.\u00a0F\u00fcr die Stahlhalter CFW200, CFW300, CFW301S und CFW305 gibt es Hebel als Zubeh\u00f6r, die sich auf der entgegengesetzten Seite montieren lassen. Damit haben Sie die Entriegelung immer auf [&hellip;]\" \/>\n<meta property=\"og:url\" content=\"https:\/\/shop.bantam.ch\/de\/produkt\/tv-wandhalter-flex-cfw200s-mit-2-drehpuntken\/\" \/>\n<meta property=\"og:site_name\" content=\"Bantam Camping AG\" \/>\n<meta property=\"article:modified_time\" content=\"2026-04-18T19:57:13+00:00\" \/>\n<meta property=\"og:image\" content=\"https:\/\/shop.bantam.ch\/wp-content\/uploads\/2023\/03\/9961923100.jpg\" \/>\n\t<meta property=\"og:image:width\" content=\"1000\" \/>\n\t<meta property=\"og:image:height\" content=\"589\" \/>\n\t<meta property=\"og:image:type\" content=\"image\/jpeg\" \/>\n<meta name=\"twitter:card\" content=\"summary_large_image\" \/>\n<script type=\"application\/ld+json\" class=\"yoast-schema-graph\">{\"@context\":\"https:\\\/\\\/schema.org\",\"@graph\":[{\"@type\":\"WebPage\",\"@id\":\"https:\\\/\\\/shop.bantam.ch\\\/de\\\/produkt\\\/tv-wandhalter-flex-cfw200s-mit-2-drehpuntken\\\/\",\"url\":\"https:\\\/\\\/shop.bantam.ch\\\/de\\\/produkt\\\/tv-wandhalter-flex-cfw200s-mit-2-drehpuntken\\\/\",\"name\":\"Wandhalter Caratec Flex CFW200S mit 2 Drehpunkten Farbe schwarz - Bantam Camping AG\",\"isPartOf\":{\"@id\":\"https:\\\/\\\/shop.bantam.ch\\\/de\\\/#website\"},\"primaryImageOfPage\":{\"@id\":\"https:\\\/\\\/shop.bantam.ch\\\/de\\\/produkt\\\/tv-wandhalter-flex-cfw200s-mit-2-drehpuntken\\\/#primaryimage\"},\"image\":{\"@id\":\"https:\\\/\\\/shop.bantam.ch\\\/de\\\/produkt\\\/tv-wandhalter-flex-cfw200s-mit-2-drehpuntken\\\/#primaryimage\"},\"thumbnailUrl\":\"https:\\\/\\\/shop.bantam.ch\\\/wp-content\\\/uploads\\\/2023\\\/03\\\/9961923100.jpg\",\"datePublished\":\"2023-03-01T16:13:58+00:00\",\"dateModified\":\"2026-04-18T19:57:13+00:00\",\"breadcrumb\":{\"@id\":\"https:\\\/\\\/shop.bantam.ch\\\/de\\\/produkt\\\/tv-wandhalter-flex-cfw200s-mit-2-drehpuntken\\\/#breadcrumb\"},\"inLanguage\":\"de\",\"potentialAction\":[{\"@type\":\"ReadAction\",\"target\":[\"https:\\\/\\\/shop.bantam.ch\\\/de\\\/produkt\\\/tv-wandhalter-flex-cfw200s-mit-2-drehpuntken\\\/\"]}]},{\"@type\":\"ImageObject\",\"inLanguage\":\"de\",\"@id\":\"https:\\\/\\\/shop.bantam.ch\\\/de\\\/produkt\\\/tv-wandhalter-flex-cfw200s-mit-2-drehpuntken\\\/#primaryimage\",\"url\":\"https:\\\/\\\/shop.bantam.ch\\\/wp-content\\\/uploads\\\/2023\\\/03\\\/9961923100.jpg\",\"contentUrl\":\"https:\\\/\\\/shop.bantam.ch\\\/wp-content\\\/uploads\\\/2023\\\/03\\\/9961923100.jpg\",\"width\":1000,\"height\":589},{\"@type\":\"BreadcrumbList\",\"@id\":\"https:\\\/\\\/shop.bantam.ch\\\/de\\\/produkt\\\/tv-wandhalter-flex-cfw200s-mit-2-drehpuntken\\\/#breadcrumb\",\"itemListElement\":[{\"@type\":\"ListItem\",\"position\":1,\"name\":\"Accueil\",\"item\":\"https:\\\/\\\/shop.bantam.ch\\\/de\\\/\"},{\"@type\":\"ListItem\",\"position\":2,\"name\":\"Shop\",\"item\":\"https:\\\/\\\/shop.bantam.ch\\\/de\\\/shop\\\/\"},{\"@type\":\"ListItem\",\"position\":3,\"name\":\"Wandhalter Caratec Flex CFW200S mit 2 Drehpunkten Farbe schwarz\"}]},{\"@type\":\"WebSite\",\"@id\":\"https:\\\/\\\/shop.bantam.ch\\\/de\\\/#website\",\"url\":\"https:\\\/\\\/shop.bantam.ch\\\/de\\\/\",\"name\":\"Bantam Camping AG\",\"description\":\"\",\"publisher\":{\"@id\":\"https:\\\/\\\/shop.bantam.ch\\\/de\\\/#organization\"},\"inLanguage\":\"de\"},{\"@type\":\"Organization\",\"@id\":\"https:\\\/\\\/shop.bantam.ch\\\/de\\\/#organization\",\"name\":\"Bantam Camping AG\",\"url\":\"https:\\\/\\\/shop.bantam.ch\\\/de\\\/\",\"logo\":{\"@type\":\"ImageObject\",\"inLanguage\":\"de\",\"@id\":\"https:\\\/\\\/shop.bantam.ch\\\/de\\\/#\\\/schema\\\/logo\\\/image\\\/\",\"url\":\"https:\\\/\\\/shop.bantam.ch\\\/wp-content\\\/uploads\\\/2022\\\/12\\\/bantam-logo.png\",\"contentUrl\":\"https:\\\/\\\/shop.bantam.ch\\\/wp-content\\\/uploads\\\/2022\\\/12\\\/bantam-logo.png\",\"width\":320,\"height\":71,\"caption\":\"Bantam Camping AG\"},\"image\":{\"@id\":\"https:\\\/\\\/shop.bantam.ch\\\/de\\\/#\\\/schema\\\/logo\\\/image\\\/\"}}]}<\/script>\n<!-- \/ Yoast SEO plugin. -->","yoast_head_json":{"title":"Wandhalter Caratec Flex CFW200S mit 2 Drehpunkten Farbe schwarz - Bantam Camping AG","robots":{"index":"index","follow":"follow","max-snippet":"max-snippet:-1","max-image-preview":"max-image-preview:large","max-video-preview":"max-video-preview:-1"},"canonical":"https:\/\/shop.bantam.ch\/de\/produkt\/tv-wandhalter-flex-cfw200s-mit-2-drehpuntken\/","og_locale":"de_DE","og_type":"article","og_title":"Wandhalter Caratec Flex CFW200S mit 2 Drehpunkten Farbe schwarz - Bantam Camping AG","og_description":"Bew\u00e4hrte Caratec Halterl\u00f6sung Caratec Flex CFW200AS aus Stahl in besonders kompakter Form mit zwei Drehpunkten. Die Arretiervorrichtung sorgt daf\u00fcr, dass das TV-Ger\u00e4t w\u00e4hrend der Fahrt sicher befestigt ist.\u00a0F\u00fcr die Stahlhalter CFW200, CFW300, CFW301S und CFW305 gibt es Hebel als Zubeh\u00f6r, die sich auf der entgegengesetzten Seite montieren lassen. Damit haben Sie die Entriegelung immer auf [&hellip;]","og_url":"https:\/\/shop.bantam.ch\/de\/produkt\/tv-wandhalter-flex-cfw200s-mit-2-drehpuntken\/","og_site_name":"Bantam Camping AG","article_modified_time":"2026-04-18T19:57:13+00:00","og_image":[{"width":1000,"height":589,"url":"https:\/\/shop.bantam.ch\/wp-content\/uploads\/2023\/03\/9961923100.jpg","type":"image\/jpeg"}],"twitter_card":"summary_large_image","schema":{"@context":"https:\/\/schema.org","@graph":[{"@type":"WebPage","@id":"https:\/\/shop.bantam.ch\/de\/produkt\/tv-wandhalter-flex-cfw200s-mit-2-drehpuntken\/","url":"https:\/\/shop.bantam.ch\/de\/produkt\/tv-wandhalter-flex-cfw200s-mit-2-drehpuntken\/","name":"Wandhalter Caratec Flex CFW200S mit 2 Drehpunkten Farbe schwarz - Bantam Camping AG","isPartOf":{"@id":"https:\/\/shop.bantam.ch\/de\/#website"},"primaryImageOfPage":{"@id":"https:\/\/shop.bantam.ch\/de\/produkt\/tv-wandhalter-flex-cfw200s-mit-2-drehpuntken\/#primaryimage"},"image":{"@id":"https:\/\/shop.bantam.ch\/de\/produkt\/tv-wandhalter-flex-cfw200s-mit-2-drehpuntken\/#primaryimage"},"thumbnailUrl":"https:\/\/shop.bantam.ch\/wp-content\/uploads\/2023\/03\/9961923100.jpg","datePublished":"2023-03-01T16:13:58+00:00","dateModified":"2026-04-18T19:57:13+00:00","breadcrumb":{"@id":"https:\/\/shop.bantam.ch\/de\/produkt\/tv-wandhalter-flex-cfw200s-mit-2-drehpuntken\/#breadcrumb"},"inLanguage":"de","potentialAction":[{"@type":"ReadAction","target":["https:\/\/shop.bantam.ch\/de\/produkt\/tv-wandhalter-flex-cfw200s-mit-2-drehpuntken\/"]}]},{"@type":"ImageObject","inLanguage":"de","@id":"https:\/\/shop.bantam.ch\/de\/produkt\/tv-wandhalter-flex-cfw200s-mit-2-drehpuntken\/#primaryimage","url":"https:\/\/shop.bantam.ch\/wp-content\/uploads\/2023\/03\/9961923100.jpg","contentUrl":"https:\/\/shop.bantam.ch\/wp-content\/uploads\/2023\/03\/9961923100.jpg","width":1000,"height":589},{"@type":"BreadcrumbList","@id":"https:\/\/shop.bantam.ch\/de\/produkt\/tv-wandhalter-flex-cfw200s-mit-2-drehpuntken\/#breadcrumb","itemListElement":[{"@type":"ListItem","position":1,"name":"Accueil","item":"https:\/\/shop.bantam.ch\/de\/"},{"@type":"ListItem","position":2,"name":"Shop","item":"https:\/\/shop.bantam.ch\/de\/shop\/"},{"@type":"ListItem","position":3,"name":"Wandhalter Caratec Flex CFW200S mit 2 Drehpunkten Farbe schwarz"}]},{"@type":"WebSite","@id":"https:\/\/shop.bantam.ch\/de\/#website","url":"https:\/\/shop.bantam.ch\/de\/","name":"Bantam Camping AG","description":"","publisher":{"@id":"https:\/\/shop.bantam.ch\/de\/#organization"},"inLanguage":"de"},{"@type":"Organization","@id":"https:\/\/shop.bantam.ch\/de\/#organization","name":"Bantam Camping AG","url":"https:\/\/shop.bantam.ch\/de\/","logo":{"@type":"ImageObject","inLanguage":"de","@id":"https:\/\/shop.bantam.ch\/de\/#\/schema\/logo\/image\/","url":"https:\/\/shop.bantam.ch\/wp-content\/uploads\/2022\/12\/bantam-logo.png","contentUrl":"https:\/\/shop.bantam.ch\/wp-content\/uploads\/2022\/12\/bantam-logo.png","width":320,"height":71,"caption":"Bantam Camping AG"},"image":{"@id":"https:\/\/shop.bantam.ch\/de\/#\/schema\/logo\/image\/"}}]}},"_links":{"self":[{"href":"https:\/\/shop.bantam.ch\/de\/wp-json\/wp\/v2\/product\/133029","targetHints":{"allow":["GET"]}}],"collection":[{"href":"https:\/\/shop.bantam.ch\/de\/wp-json\/wp\/v2\/product"}],"about":[{"href":"https:\/\/shop.bantam.ch\/de\/wp-json\/wp\/v2\/types\/product"}],"wp:featuredmedia":[{"embeddable":true,"href":"https:\/\/shop.bantam.ch\/de\/wp-json\/wp\/v2\/media\/133027"}],"wp:attachment":[{"href":"https:\/\/shop.bantam.ch\/de\/wp-json\/wp\/v2\/media?parent=133029"}],"wp:term":[{"taxonomy":"product_featured_cat","embeddable":true,"href":"https:\/\/shop.bantam.ch\/de\/wp-json\/wp\/v2\/product_featured_cat?post=133029"},{"taxonomy":"product_brand","embeddable":true,"href":"https:\/\/shop.bantam.ch\/de\/wp-json\/wp\/v2\/product_brand?post=133029"},{"taxonomy":"product_cat","embeddable":true,"href":"https:\/\/shop.bantam.ch\/de\/wp-json\/wp\/v2\/product_cat?post=133029"},{"taxonomy":"product_tag","embeddable":true,"href":"https:\/\/shop.bantam.ch\/de\/wp-json\/wp\/v2\/product_tag?post=133029"}],"curies":[{"name":"wp","href":"https:\/\/api.w.org\/{rel}","templated":true}]}}