{"id":133021,"date":"2023-03-01T17:13:47","date_gmt":"2023-03-01T16:13:47","guid":{"rendered":"https:\/\/shop.bantam.ch\/produit\/halterung-flex-cfa100h-fuer-tv-halter-auszug-fuer-fernsehschrank\/"},"modified":"2026-05-11T21:54:12","modified_gmt":"2026-05-11T19:54:12","slug":"halterung-flex-cfa100h-fuer-tv-halter-auszug-fuer-fernsehschrank","status":"publish","type":"product","link":"https:\/\/shop.bantam.ch\/de\/produkt\/halterung-flex-cfa100h-fuer-tv-halter-auszug-fuer-fernsehschrank\/","title":{"rendered":"Halterung Caratec Flex CFA100H TV-Halter Auszug f\u00fcr Fernsehschrank Farbe schwarz"},"content":{"rendered":"<p>Der horizontale Auszug CFA100H l\u00e4sst sich liegend oder h\u00e4ngend montieren und sich mit einer Federstahl-Lasche leicht entriegeln. Der Auszug arretiert automatisch, wenn der Auszug zusammengeschoben ist. Durch den Werkstoff Aluminium ist er extrem leicht uns ben\u00f6tigt auch wenig Platz beim Einbau.\u00a0Die Neigung des TV-Ger\u00e4tes (max. 125 Grad) l\u00e4sst sich durch die Winkelung der Halterplatte einstellen. Der TV l\u00e4sst sich auf dem Auszug um 360 Grad drehen, so dass er bei vielen Reisemobilen vom Fahrersitz genauso wie vom Heckbett aus betrachtet werden kann.<span><br \/><\/span><\/p>\n","protected":false},"excerpt":{"rendered":"<p>Der horizontale Auszug CFA100H l\u00e4sst sich liegend oder h\u00e4ngend montieren und sich mit einer Federstahl-Lasche leicht entriegeln. Der Auszug arretiert automatisch, wenn der Auszug zusammengeschoben ist. Durch den Werkstoff Aluminium ist er extrem leicht uns ben\u00f6tigt auch wenig Platz beim Einbau.\u00a0Die Neigung des TV-Ger\u00e4tes (max. 125 Grad) l\u00e4sst sich durch die Winkelung der Halterplatte einstellen. [&hellip;]<\/p>\n","protected":false},"featured_media":133019,"template":"","meta":{"_acf_changed":false},"product_featured_cat":[],"product_brand":[3071],"product_cat":[4986],"product_tag":[],"class_list":{"0":"post-133021","1":"product","2":"type-product","3":"status-publish","4":"has-post-thumbnail","6":"product_brand-caratec-de","7":"product_cat-tv-halterungen","9":"first","10":"instock","11":"taxable","12":"shipping-taxable","13":"purchasable","14":"product-type-simple"},"acf":[],"yoast_head":"<!-- This site is optimized with the Yoast SEO plugin v27.5 - https:\/\/yoast.com\/product\/yoast-seo-wordpress\/ -->\n<title>Halterung Caratec Flex CFA100H TV-Halter Auszug f\u00fcr Fernsehschrank Farbe schwarz - Bantam<\/title>\n<meta name=\"robots\" content=\"index, follow, max-snippet:-1, max-image-preview:large, max-video-preview:-1\" \/>\n<link rel=\"canonical\" href=\"https:\/\/shop.bantam.ch\/de\/produkt\/halterung-flex-cfa100h-fuer-tv-halter-auszug-fuer-fernsehschrank\/\" \/>\n<meta property=\"og:locale\" content=\"de_DE\" \/>\n<meta property=\"og:type\" content=\"article\" \/>\n<meta property=\"og:title\" content=\"Halterung Caratec Flex CFA100H TV-Halter Auszug f\u00fcr Fernsehschrank Farbe schwarz - Bantam\" \/>\n<meta property=\"og:description\" content=\"Der horizontale Auszug CFA100H l\u00e4sst sich liegend oder h\u00e4ngend montieren und sich mit einer Federstahl-Lasche leicht entriegeln. Der Auszug arretiert automatisch, wenn der Auszug zusammengeschoben ist. Durch den Werkstoff Aluminium ist er extrem leicht uns ben\u00f6tigt auch wenig Platz beim Einbau.\u00a0Die Neigung des TV-Ger\u00e4tes (max. 125 Grad) l\u00e4sst sich durch die Winkelung der Halterplatte einstellen. [&hellip;]\" \/>\n<meta property=\"og:url\" content=\"https:\/\/shop.bantam.ch\/de\/produkt\/halterung-flex-cfa100h-fuer-tv-halter-auszug-fuer-fernsehschrank\/\" \/>\n<meta property=\"og:site_name\" content=\"Bantam\" \/>\n<meta property=\"article:modified_time\" content=\"2026-05-11T19:54:12+00:00\" \/>\n<meta property=\"og:image\" content=\"https:\/\/shop.bantam.ch\/wp-content\/uploads\/2023\/03\/9961921100.jpg\" \/>\n\t<meta property=\"og:image:width\" content=\"1000\" \/>\n\t<meta property=\"og:image:height\" content=\"483\" \/>\n\t<meta property=\"og:image:type\" content=\"image\/jpeg\" \/>\n<meta name=\"twitter:card\" content=\"summary_large_image\" \/>\n<script type=\"application\/ld+json\" class=\"yoast-schema-graph\">{\"@context\":\"https:\\\/\\\/schema.org\",\"@graph\":[{\"@type\":\"WebPage\",\"@id\":\"https:\\\/\\\/shop.bantam.ch\\\/de\\\/produkt\\\/halterung-flex-cfa100h-fuer-tv-halter-auszug-fuer-fernsehschrank\\\/\",\"url\":\"https:\\\/\\\/shop.bantam.ch\\\/de\\\/produkt\\\/halterung-flex-cfa100h-fuer-tv-halter-auszug-fuer-fernsehschrank\\\/\",\"name\":\"Halterung Caratec Flex CFA100H TV-Halter Auszug f\u00fcr Fernsehschrank Farbe schwarz - Bantam\",\"isPartOf\":{\"@id\":\"https:\\\/\\\/shop.bantam.ch\\\/de\\\/#website\"},\"primaryImageOfPage\":{\"@id\":\"https:\\\/\\\/shop.bantam.ch\\\/de\\\/produkt\\\/halterung-flex-cfa100h-fuer-tv-halter-auszug-fuer-fernsehschrank\\\/#primaryimage\"},\"image\":{\"@id\":\"https:\\\/\\\/shop.bantam.ch\\\/de\\\/produkt\\\/halterung-flex-cfa100h-fuer-tv-halter-auszug-fuer-fernsehschrank\\\/#primaryimage\"},\"thumbnailUrl\":\"https:\\\/\\\/shop.bantam.ch\\\/wp-content\\\/uploads\\\/2023\\\/03\\\/9961921100.jpg\",\"datePublished\":\"2023-03-01T16:13:47+00:00\",\"dateModified\":\"2026-05-11T19:54:12+00:00\",\"breadcrumb\":{\"@id\":\"https:\\\/\\\/shop.bantam.ch\\\/de\\\/produkt\\\/halterung-flex-cfa100h-fuer-tv-halter-auszug-fuer-fernsehschrank\\\/#breadcrumb\"},\"inLanguage\":\"de\",\"potentialAction\":[{\"@type\":\"ReadAction\",\"target\":[\"https:\\\/\\\/shop.bantam.ch\\\/de\\\/produkt\\\/halterung-flex-cfa100h-fuer-tv-halter-auszug-fuer-fernsehschrank\\\/\"]}]},{\"@type\":\"ImageObject\",\"inLanguage\":\"de\",\"@id\":\"https:\\\/\\\/shop.bantam.ch\\\/de\\\/produkt\\\/halterung-flex-cfa100h-fuer-tv-halter-auszug-fuer-fernsehschrank\\\/#primaryimage\",\"url\":\"https:\\\/\\\/shop.bantam.ch\\\/wp-content\\\/uploads\\\/2023\\\/03\\\/9961921100.jpg\",\"contentUrl\":\"https:\\\/\\\/shop.bantam.ch\\\/wp-content\\\/uploads\\\/2023\\\/03\\\/9961921100.jpg\",\"width\":1000,\"height\":483},{\"@type\":\"BreadcrumbList\",\"@id\":\"https:\\\/\\\/shop.bantam.ch\\\/de\\\/produkt\\\/halterung-flex-cfa100h-fuer-tv-halter-auszug-fuer-fernsehschrank\\\/#breadcrumb\",\"itemListElement\":[{\"@type\":\"ListItem\",\"position\":1,\"name\":\"Accueil\",\"item\":\"https:\\\/\\\/shop.bantam.ch\\\/de\\\/\"},{\"@type\":\"ListItem\",\"position\":2,\"name\":\"Shop\",\"item\":\"https:\\\/\\\/shop.bantam.ch\\\/de\\\/shop\\\/\"},{\"@type\":\"ListItem\",\"position\":3,\"name\":\"Halterung Caratec Flex CFA100H TV-Halter Auszug f\u00fcr Fernsehschrank Farbe schwarz\"}]},{\"@type\":\"WebSite\",\"@id\":\"https:\\\/\\\/shop.bantam.ch\\\/de\\\/#website\",\"url\":\"https:\\\/\\\/shop.bantam.ch\\\/de\\\/\",\"name\":\"Bantam\",\"description\":\"\",\"publisher\":{\"@id\":\"https:\\\/\\\/shop.bantam.ch\\\/de\\\/#organization\"},\"inLanguage\":\"de\"},{\"@type\":\"Organization\",\"@id\":\"https:\\\/\\\/shop.bantam.ch\\\/de\\\/#organization\",\"name\":\"Bantam\",\"url\":\"https:\\\/\\\/shop.bantam.ch\\\/de\\\/\",\"logo\":{\"@type\":\"ImageObject\",\"inLanguage\":\"de\",\"@id\":\"https:\\\/\\\/shop.bantam.ch\\\/de\\\/#\\\/schema\\\/logo\\\/image\\\/\",\"url\":\"https:\\\/\\\/shop.bantam.ch\\\/wp-content\\\/uploads\\\/2022\\\/12\\\/bantam-logo.png\",\"contentUrl\":\"https:\\\/\\\/shop.bantam.ch\\\/wp-content\\\/uploads\\\/2022\\\/12\\\/bantam-logo.png\",\"width\":320,\"height\":71,\"caption\":\"Bantam\"},\"image\":{\"@id\":\"https:\\\/\\\/shop.bantam.ch\\\/de\\\/#\\\/schema\\\/logo\\\/image\\\/\"}}]}<\/script>\n<!-- \/ Yoast SEO plugin. -->","yoast_head_json":{"title":"Halterung Caratec Flex CFA100H TV-Halter Auszug f\u00fcr Fernsehschrank Farbe schwarz - Bantam","robots":{"index":"index","follow":"follow","max-snippet":"max-snippet:-1","max-image-preview":"max-image-preview:large","max-video-preview":"max-video-preview:-1"},"canonical":"https:\/\/shop.bantam.ch\/de\/produkt\/halterung-flex-cfa100h-fuer-tv-halter-auszug-fuer-fernsehschrank\/","og_locale":"de_DE","og_type":"article","og_title":"Halterung Caratec Flex CFA100H TV-Halter Auszug f\u00fcr Fernsehschrank Farbe schwarz - Bantam","og_description":"Der horizontale Auszug CFA100H l\u00e4sst sich liegend oder h\u00e4ngend montieren und sich mit einer Federstahl-Lasche leicht entriegeln. Der Auszug arretiert automatisch, wenn der Auszug zusammengeschoben ist. Durch den Werkstoff Aluminium ist er extrem leicht uns ben\u00f6tigt auch wenig Platz beim Einbau.\u00a0Die Neigung des TV-Ger\u00e4tes (max. 125 Grad) l\u00e4sst sich durch die Winkelung der Halterplatte einstellen. [&hellip;]","og_url":"https:\/\/shop.bantam.ch\/de\/produkt\/halterung-flex-cfa100h-fuer-tv-halter-auszug-fuer-fernsehschrank\/","og_site_name":"Bantam","article_modified_time":"2026-05-11T19:54:12+00:00","og_image":[{"width":1000,"height":483,"url":"https:\/\/shop.bantam.ch\/wp-content\/uploads\/2023\/03\/9961921100.jpg","type":"image\/jpeg"}],"twitter_card":"summary_large_image","schema":{"@context":"https:\/\/schema.org","@graph":[{"@type":"WebPage","@id":"https:\/\/shop.bantam.ch\/de\/produkt\/halterung-flex-cfa100h-fuer-tv-halter-auszug-fuer-fernsehschrank\/","url":"https:\/\/shop.bantam.ch\/de\/produkt\/halterung-flex-cfa100h-fuer-tv-halter-auszug-fuer-fernsehschrank\/","name":"Halterung Caratec Flex CFA100H TV-Halter Auszug f\u00fcr Fernsehschrank Farbe schwarz - Bantam","isPartOf":{"@id":"https:\/\/shop.bantam.ch\/de\/#website"},"primaryImageOfPage":{"@id":"https:\/\/shop.bantam.ch\/de\/produkt\/halterung-flex-cfa100h-fuer-tv-halter-auszug-fuer-fernsehschrank\/#primaryimage"},"image":{"@id":"https:\/\/shop.bantam.ch\/de\/produkt\/halterung-flex-cfa100h-fuer-tv-halter-auszug-fuer-fernsehschrank\/#primaryimage"},"thumbnailUrl":"https:\/\/shop.bantam.ch\/wp-content\/uploads\/2023\/03\/9961921100.jpg","datePublished":"2023-03-01T16:13:47+00:00","dateModified":"2026-05-11T19:54:12+00:00","breadcrumb":{"@id":"https:\/\/shop.bantam.ch\/de\/produkt\/halterung-flex-cfa100h-fuer-tv-halter-auszug-fuer-fernsehschrank\/#breadcrumb"},"inLanguage":"de","potentialAction":[{"@type":"ReadAction","target":["https:\/\/shop.bantam.ch\/de\/produkt\/halterung-flex-cfa100h-fuer-tv-halter-auszug-fuer-fernsehschrank\/"]}]},{"@type":"ImageObject","inLanguage":"de","@id":"https:\/\/shop.bantam.ch\/de\/produkt\/halterung-flex-cfa100h-fuer-tv-halter-auszug-fuer-fernsehschrank\/#primaryimage","url":"https:\/\/shop.bantam.ch\/wp-content\/uploads\/2023\/03\/9961921100.jpg","contentUrl":"https:\/\/shop.bantam.ch\/wp-content\/uploads\/2023\/03\/9961921100.jpg","width":1000,"height":483},{"@type":"BreadcrumbList","@id":"https:\/\/shop.bantam.ch\/de\/produkt\/halterung-flex-cfa100h-fuer-tv-halter-auszug-fuer-fernsehschrank\/#breadcrumb","itemListElement":[{"@type":"ListItem","position":1,"name":"Accueil","item":"https:\/\/shop.bantam.ch\/de\/"},{"@type":"ListItem","position":2,"name":"Shop","item":"https:\/\/shop.bantam.ch\/de\/shop\/"},{"@type":"ListItem","position":3,"name":"Halterung Caratec Flex CFA100H TV-Halter Auszug f\u00fcr Fernsehschrank Farbe schwarz"}]},{"@type":"WebSite","@id":"https:\/\/shop.bantam.ch\/de\/#website","url":"https:\/\/shop.bantam.ch\/de\/","name":"Bantam","description":"","publisher":{"@id":"https:\/\/shop.bantam.ch\/de\/#organization"},"inLanguage":"de"},{"@type":"Organization","@id":"https:\/\/shop.bantam.ch\/de\/#organization","name":"Bantam","url":"https:\/\/shop.bantam.ch\/de\/","logo":{"@type":"ImageObject","inLanguage":"de","@id":"https:\/\/shop.bantam.ch\/de\/#\/schema\/logo\/image\/","url":"https:\/\/shop.bantam.ch\/wp-content\/uploads\/2022\/12\/bantam-logo.png","contentUrl":"https:\/\/shop.bantam.ch\/wp-content\/uploads\/2022\/12\/bantam-logo.png","width":320,"height":71,"caption":"Bantam"},"image":{"@id":"https:\/\/shop.bantam.ch\/de\/#\/schema\/logo\/image\/"}}]}},"_links":{"self":[{"href":"https:\/\/shop.bantam.ch\/de\/wp-json\/wp\/v2\/product\/133021","targetHints":{"allow":["GET"]}}],"collection":[{"href":"https:\/\/shop.bantam.ch\/de\/wp-json\/wp\/v2\/product"}],"about":[{"href":"https:\/\/shop.bantam.ch\/de\/wp-json\/wp\/v2\/types\/product"}],"wp:featuredmedia":[{"embeddable":true,"href":"https:\/\/shop.bantam.ch\/de\/wp-json\/wp\/v2\/media\/133019"}],"wp:attachment":[{"href":"https:\/\/shop.bantam.ch\/de\/wp-json\/wp\/v2\/media?parent=133021"}],"wp:term":[{"taxonomy":"product_featured_cat","embeddable":true,"href":"https:\/\/shop.bantam.ch\/de\/wp-json\/wp\/v2\/product_featured_cat?post=133021"},{"taxonomy":"product_brand","embeddable":true,"href":"https:\/\/shop.bantam.ch\/de\/wp-json\/wp\/v2\/product_brand?post=133021"},{"taxonomy":"product_cat","embeddable":true,"href":"https:\/\/shop.bantam.ch\/de\/wp-json\/wp\/v2\/product_cat?post=133021"},{"taxonomy":"product_tag","embeddable":true,"href":"https:\/\/shop.bantam.ch\/de\/wp-json\/wp\/v2\/product_tag?post=133021"}],"curies":[{"name":"wp","href":"https:\/\/api.w.org\/{rel}","templated":true}]}}